{"id":218117,"date":"2025-04-11T00:00:00","date_gmt":"2025-04-10T22:00:00","guid":{"rendered":"https:\/\/wpguerssen-test.odoo.rgbconsulting.com\/product\/singing-for-the-good-times\/"},"modified":"2025-04-11T13:17:52","modified_gmt":"2025-04-11T11:17:52","slug":"singing-for-the-good-times","status":"publish","type":"product","link":"https:\/\/wpguerssen-test.odoo.rgbconsulting.com\/es\/producto\/singing-for-the-good-times\/","title":{"rendered":"Singing For The Good Times"},"content":{"rendered":"<p>Martha High, que cant\u00f3 en el escenario con James Brown durante 30 a\u00f1os y fue su vocalista femenina m\u00e1s antigua, vuelve a ser el centro de atenci\u00f3n para un nuevo \u00e1lbum en solitario.<br \/>\u00abSinging For The Good Times\u00bb se lanzar\u00e1 el 22 de de junio en Blind Faith Records. Es un salto en solitario de High, ahora de 71 a\u00f1os, que recorre el mundo regularmente como la cantante principal de la banda de Maceo Parker, otro ac\u00f3lito de toda la vida del Padrino del Soul. Singing For The Good Times, grabado completamente en anal\u00f3gico para mayor autenticidad, contiene 11 pistas originales, escritas, producidas y arregladas por el soulman italiano Luca Sapio y su equipo.<\/p>\n","protected":false},"excerpt":{"rendered":"<p>Martha High, que cant\u00f3 en el escenario con James Brown durante 30 a\u00f1os y fue su vocalista femenina m\u00e1s antigua, vuelve a ser el centro de atenci\u00f3n para un nuevo<a class=\"read\" href=\"https:\/\/wpguerssen-test.odoo.rgbconsulting.com\/es\/producto\/singing-for-the-good-times\/\"> (...)<\/a>","protected":false},"featured_media":218750,"template":"","meta":{"_acf_changed":false},"product_brand":[],"product_cat":[21649],"product_tag":[24185,24190],"class_list":{"0":"post-218117","1":"product","2":"type-product","3":"status-publish","4":"has-post-thumbnail","6":"product_cat-soul-rnb-es","7":"product_tag-de-nuevo-en-existencia","8":"product_tag-sales-es","9":"pa_artist-high-martha-es","10":"pa_format-lp-es","11":"pa_gender-soul-rnb","12":"pa_label-blind-faith","13":"pa_location-north-america-es","14":"pa_other-filters-vinyl-only-es","16":"first","17":"instock","18":"taxable","19":"shipping-taxable","20":"purchasable","21":"product-type-simple"},"acf":[],"yoast_head":"<!-- This site is optimized with the Yoast SEO plugin v24.9 - https:\/\/yoast.com\/wordpress\/plugins\/seo\/ -->\n<title>HIGH, Martha - Singing For The Good Times -  (LP) | Guerssen<\/title>\n<meta name=\"description\" content=\"Martha High, who sang on stage with James Brown for 30 years and was his longest-running female vocalist, is stepping back into the spotlight for a new solo album.It&#039;s a welcome solo flight for High, now 71, who tours the world regularly as the lead singer with the band of Maceo Parker, another longtime acolyte of the Godfather of Soul. Singing For The Good Times, recorded completely in analog for added authenticity, contains 11 original tracks, written, produced and arranged by Italian soul man Luca Sapio and his crew.\" \/>\n<meta name=\"robots\" content=\"index, follow, max-snippet:-1, max-image-preview:large, max-video-preview:-1\" \/>\n<link rel=\"canonical\" href=\"https:\/\/wpguerssen-test.odoo.rgbconsulting.com\/es\/producto\/singing-for-the-good-times\/\" \/>\n<meta property=\"og:locale\" content=\"es_ES\" \/>\n<meta property=\"og:type\" content=\"article\" \/>\n<meta property=\"og:title\" content=\"HIGH, Martha - Singing For The Good Times -  (LP) | Guerssen\" \/>\n<meta property=\"og:description\" content=\"Martha High, who sang on stage with James Brown for 30 years and was his longest-running female vocalist, is stepping back into the spotlight for a new solo album.It&#039;s a welcome solo flight for High, now 71, who tours the world regularly as the lead singer with the band of Maceo Parker, another longtime acolyte of the Godfather of Soul. Singing For The Good Times, recorded completely in analog for added authenticity, contains 11 original tracks, written, produced and arranged by Italian soul man Luca Sapio and his crew.\" \/>\n<meta property=\"og:url\" content=\"https:\/\/wpguerssen-test.odoo.rgbconsulting.com\/es\/producto\/singing-for-the-good-times\/\" \/>\n<meta property=\"og:site_name\" content=\"Guerssen records\" \/>\n<meta property=\"article:modified_time\" content=\"2025-04-11T11:17:52+00:00\" \/>\n<meta property=\"og:image\" content=\"https:\/\/wpguerssen-test.odoo.rgbconsulting.com\/wp-content\/uploads\/2022\/09\/41872.jpg\" \/>\n\t<meta property=\"og:image:width\" content=\"1200\" \/>\n\t<meta property=\"og:image:height\" content=\"1145\" \/>\n\t<meta property=\"og:image:type\" content=\"image\/jpeg\" \/>\n<meta name=\"twitter:card\" content=\"summary_large_image\" \/>\n<meta name=\"twitter:title\" content=\"HIGH, Martha - Singing For The Good Times -  (LP) | Guerssen\" \/>\n<meta name=\"twitter:label1\" content=\"Tiempo de lectura\" \/>\n\t<meta name=\"twitter:data1\" content=\"1 minuto\" \/>\n<script type=\"application\/ld+json\" class=\"yoast-schema-graph\">{\"@context\":\"https:\/\/schema.org\",\"@graph\":[{\"@type\":\"WebPage\",\"@id\":\"https:\/\/wpguerssen-test.odoo.rgbconsulting.com\/es\/producto\/singing-for-the-good-times\/\",\"url\":\"https:\/\/wpguerssen-test.odoo.rgbconsulting.com\/es\/producto\/singing-for-the-good-times\/\",\"name\":\"HIGH, Martha - Singing For The Good Times - (LP) | Guerssen\",\"isPartOf\":{\"@id\":\"https:\/\/wpguerssen-test.odoo.rgbconsulting.com\/es\/#website\"},\"primaryImageOfPage\":{\"@id\":\"https:\/\/wpguerssen-test.odoo.rgbconsulting.com\/es\/producto\/singing-for-the-good-times\/#primaryimage\"},\"image\":{\"@id\":\"https:\/\/wpguerssen-test.odoo.rgbconsulting.com\/es\/producto\/singing-for-the-good-times\/#primaryimage\"},\"thumbnailUrl\":\"https:\/\/wpguerssen-test.odoo.rgbconsulting.com\/wp-content\/uploads\/2022\/09\/41872.jpg\",\"datePublished\":\"2025-04-10T22:00:00+00:00\",\"dateModified\":\"2025-04-11T11:17:52+00:00\",\"description\":\"Martha High, who sang on stage with James Brown for 30 years and was his longest-running female vocalist, is stepping back into the spotlight for a new solo album.It's a welcome solo flight for High, now 71, who tours the world regularly as the lead singer with the band of Maceo Parker, another longtime acolyte of the Godfather of Soul. Singing For The Good Times, recorded completely in analog for added authenticity, contains 11 original tracks, written, produced and arranged by Italian soul man Luca Sapio and his crew.\",\"breadcrumb\":{\"@id\":\"https:\/\/wpguerssen-test.odoo.rgbconsulting.com\/es\/producto\/singing-for-the-good-times\/#breadcrumb\"},\"inLanguage\":\"es\",\"potentialAction\":[{\"@type\":\"ReadAction\",\"target\":[\"https:\/\/wpguerssen-test.odoo.rgbconsulting.com\/es\/producto\/singing-for-the-good-times\/\"]}]},{\"@type\":\"ImageObject\",\"inLanguage\":\"es\",\"@id\":\"https:\/\/wpguerssen-test.odoo.rgbconsulting.com\/es\/producto\/singing-for-the-good-times\/#primaryimage\",\"url\":\"https:\/\/wpguerssen-test.odoo.rgbconsulting.com\/wp-content\/uploads\/2022\/09\/41872.jpg\",\"contentUrl\":\"https:\/\/wpguerssen-test.odoo.rgbconsulting.com\/wp-content\/uploads\/2022\/09\/41872.jpg\",\"width\":1200,\"height\":1145,\"caption\":\"Martha - Singing For The Good Times - BLIND FAITH (LP) | Guerssen\"},{\"@type\":\"BreadcrumbList\",\"@id\":\"https:\/\/wpguerssen-test.odoo.rgbconsulting.com\/es\/producto\/singing-for-the-good-times\/#breadcrumb\",\"itemListElement\":[{\"@type\":\"ListItem\",\"position\":1,\"name\":\"Inicio\",\"item\":\"https:\/\/wpguerssen-test.odoo.rgbconsulting.com\/es\/\"},{\"@type\":\"ListItem\",\"position\":2,\"name\":\"Shop\",\"item\":\"https:\/\/wpguerssen-test.odoo.rgbconsulting.com\/shop\/\"},{\"@type\":\"ListItem\",\"position\":3,\"name\":\"Singing For The Good Times\"}]},{\"@type\":\"WebSite\",\"@id\":\"https:\/\/wpguerssen-test.odoo.rgbconsulting.com\/es\/#website\",\"url\":\"https:\/\/wpguerssen-test.odoo.rgbconsulting.com\/es\/\",\"name\":\"Guerssen records\",\"description\":\"psychedelia - progressive - folk - garage \",\"publisher\":{\"@id\":\"https:\/\/wpguerssen-test.odoo.rgbconsulting.com\/es\/#organization\"},\"potentialAction\":[{\"@type\":\"SearchAction\",\"target\":{\"@type\":\"EntryPoint\",\"urlTemplate\":\"https:\/\/wpguerssen-test.odoo.rgbconsulting.com\/es\/?s={search_term_string}\"},\"query-input\":{\"@type\":\"PropertyValueSpecification\",\"valueRequired\":true,\"valueName\":\"search_term_string\"}}],\"inLanguage\":\"es\"},{\"@type\":\"Organization\",\"@id\":\"https:\/\/wpguerssen-test.odoo.rgbconsulting.com\/es\/#organization\",\"name\":\"Guerssen records\",\"url\":\"https:\/\/wpguerssen-test.odoo.rgbconsulting.com\/es\/\",\"logo\":{\"@type\":\"ImageObject\",\"inLanguage\":\"es\",\"@id\":\"https:\/\/wpguerssen-test.odoo.rgbconsulting.com\/es\/#\/schema\/logo\/image\/\",\"url\":\"https:\/\/wpguerssen-test.odoo.rgbconsulting.com\/wp-content\/uploads\/2022\/04\/Logo_Guerssen_trans_100.png\",\"contentUrl\":\"https:\/\/wpguerssen-test.odoo.rgbconsulting.com\/wp-content\/uploads\/2022\/04\/Logo_Guerssen_trans_100.png\",\"width\":122,\"height\":100,\"caption\":\"Guerssen records\"},\"image\":{\"@id\":\"https:\/\/wpguerssen-test.odoo.rgbconsulting.com\/es\/#\/schema\/logo\/image\/\"}}]}<\/script>\n<!-- \/ Yoast SEO plugin. -->","yoast_head_json":{"title":"HIGH, Martha - Singing For The Good Times -  (LP) | Guerssen","description":"Martha High, who sang on stage with James Brown for 30 years and was his longest-running female vocalist, is stepping back into the spotlight for a new solo album.It's a welcome solo flight for High, now 71, who tours the world regularly as the lead singer with the band of Maceo Parker, another longtime acolyte of the Godfather of Soul. Singing For The Good Times, recorded completely in analog for added authenticity, contains 11 original tracks, written, produced and arranged by Italian soul man Luca Sapio and his crew.","robots":{"index":"index","follow":"follow","max-snippet":"max-snippet:-1","max-image-preview":"max-image-preview:large","max-video-preview":"max-video-preview:-1"},"canonical":"https:\/\/wpguerssen-test.odoo.rgbconsulting.com\/es\/producto\/singing-for-the-good-times\/","og_locale":"es_ES","og_type":"article","og_title":"HIGH, Martha - Singing For The Good Times -  (LP) | Guerssen","og_description":"Martha High, who sang on stage with James Brown for 30 years and was his longest-running female vocalist, is stepping back into the spotlight for a new solo album.It's a welcome solo flight for High, now 71, who tours the world regularly as the lead singer with the band of Maceo Parker, another longtime acolyte of the Godfather of Soul. Singing For The Good Times, recorded completely in analog for added authenticity, contains 11 original tracks, written, produced and arranged by Italian soul man Luca Sapio and his crew.","og_url":"https:\/\/wpguerssen-test.odoo.rgbconsulting.com\/es\/producto\/singing-for-the-good-times\/","og_site_name":"Guerssen records","article_modified_time":"2025-04-11T11:17:52+00:00","og_image":[{"width":1200,"height":1145,"url":"https:\/\/wpguerssen-test.odoo.rgbconsulting.com\/wp-content\/uploads\/2022\/09\/41872.jpg","type":"image\/jpeg"}],"twitter_card":"summary_large_image","twitter_title":"HIGH, Martha - Singing For The Good Times -  (LP) | Guerssen","twitter_misc":{"Tiempo de lectura":"1 minuto"},"schema":{"@context":"https:\/\/schema.org","@graph":[{"@type":"WebPage","@id":"https:\/\/wpguerssen-test.odoo.rgbconsulting.com\/es\/producto\/singing-for-the-good-times\/","url":"https:\/\/wpguerssen-test.odoo.rgbconsulting.com\/es\/producto\/singing-for-the-good-times\/","name":"HIGH, Martha - Singing For The Good Times - (LP) | Guerssen","isPartOf":{"@id":"https:\/\/wpguerssen-test.odoo.rgbconsulting.com\/es\/#website"},"primaryImageOfPage":{"@id":"https:\/\/wpguerssen-test.odoo.rgbconsulting.com\/es\/producto\/singing-for-the-good-times\/#primaryimage"},"image":{"@id":"https:\/\/wpguerssen-test.odoo.rgbconsulting.com\/es\/producto\/singing-for-the-good-times\/#primaryimage"},"thumbnailUrl":"https:\/\/wpguerssen-test.odoo.rgbconsulting.com\/wp-content\/uploads\/2022\/09\/41872.jpg","datePublished":"2025-04-10T22:00:00+00:00","dateModified":"2025-04-11T11:17:52+00:00","description":"Martha High, who sang on stage with James Brown for 30 years and was his longest-running female vocalist, is stepping back into the spotlight for a new solo album.It's a welcome solo flight for High, now 71, who tours the world regularly as the lead singer with the band of Maceo Parker, another longtime acolyte of the Godfather of Soul. Singing For The Good Times, recorded completely in analog for added authenticity, contains 11 original tracks, written, produced and arranged by Italian soul man Luca Sapio and his crew.","breadcrumb":{"@id":"https:\/\/wpguerssen-test.odoo.rgbconsulting.com\/es\/producto\/singing-for-the-good-times\/#breadcrumb"},"inLanguage":"es","potentialAction":[{"@type":"ReadAction","target":["https:\/\/wpguerssen-test.odoo.rgbconsulting.com\/es\/producto\/singing-for-the-good-times\/"]}]},{"@type":"ImageObject","inLanguage":"es","@id":"https:\/\/wpguerssen-test.odoo.rgbconsulting.com\/es\/producto\/singing-for-the-good-times\/#primaryimage","url":"https:\/\/wpguerssen-test.odoo.rgbconsulting.com\/wp-content\/uploads\/2022\/09\/41872.jpg","contentUrl":"https:\/\/wpguerssen-test.odoo.rgbconsulting.com\/wp-content\/uploads\/2022\/09\/41872.jpg","width":1200,"height":1145,"caption":"Martha - Singing For The Good Times - BLIND FAITH (LP) | Guerssen"},{"@type":"BreadcrumbList","@id":"https:\/\/wpguerssen-test.odoo.rgbconsulting.com\/es\/producto\/singing-for-the-good-times\/#breadcrumb","itemListElement":[{"@type":"ListItem","position":1,"name":"Inicio","item":"https:\/\/wpguerssen-test.odoo.rgbconsulting.com\/es\/"},{"@type":"ListItem","position":2,"name":"Shop","item":"https:\/\/wpguerssen-test.odoo.rgbconsulting.com\/shop\/"},{"@type":"ListItem","position":3,"name":"Singing For The Good Times"}]},{"@type":"WebSite","@id":"https:\/\/wpguerssen-test.odoo.rgbconsulting.com\/es\/#website","url":"https:\/\/wpguerssen-test.odoo.rgbconsulting.com\/es\/","name":"Guerssen records","description":"psychedelia - progressive - folk - garage ","publisher":{"@id":"https:\/\/wpguerssen-test.odoo.rgbconsulting.com\/es\/#organization"},"potentialAction":[{"@type":"SearchAction","target":{"@type":"EntryPoint","urlTemplate":"https:\/\/wpguerssen-test.odoo.rgbconsulting.com\/es\/?s={search_term_string}"},"query-input":{"@type":"PropertyValueSpecification","valueRequired":true,"valueName":"search_term_string"}}],"inLanguage":"es"},{"@type":"Organization","@id":"https:\/\/wpguerssen-test.odoo.rgbconsulting.com\/es\/#organization","name":"Guerssen records","url":"https:\/\/wpguerssen-test.odoo.rgbconsulting.com\/es\/","logo":{"@type":"ImageObject","inLanguage":"es","@id":"https:\/\/wpguerssen-test.odoo.rgbconsulting.com\/es\/#\/schema\/logo\/image\/","url":"https:\/\/wpguerssen-test.odoo.rgbconsulting.com\/wp-content\/uploads\/2022\/04\/Logo_Guerssen_trans_100.png","contentUrl":"https:\/\/wpguerssen-test.odoo.rgbconsulting.com\/wp-content\/uploads\/2022\/04\/Logo_Guerssen_trans_100.png","width":122,"height":100,"caption":"Guerssen records"},"image":{"@id":"https:\/\/wpguerssen-test.odoo.rgbconsulting.com\/es\/#\/schema\/logo\/image\/"}}]}},"_links":{"self":[{"href":"https:\/\/wpguerssen-test.odoo.rgbconsulting.com\/es\/wp-json\/wp\/v2\/product\/218117","targetHints":{"allow":["GET"]}}],"collection":[{"href":"https:\/\/wpguerssen-test.odoo.rgbconsulting.com\/es\/wp-json\/wp\/v2\/product"}],"about":[{"href":"https:\/\/wpguerssen-test.odoo.rgbconsulting.com\/es\/wp-json\/wp\/v2\/types\/product"}],"wp:featuredmedia":[{"embeddable":true,"href":"https:\/\/wpguerssen-test.odoo.rgbconsulting.com\/es\/wp-json\/wp\/v2\/media\/218750"}],"wp:attachment":[{"href":"https:\/\/wpguerssen-test.odoo.rgbconsulting.com\/es\/wp-json\/wp\/v2\/media?parent=218117"}],"wp:term":[{"taxonomy":"product_brand","embeddable":true,"href":"https:\/\/wpguerssen-test.odoo.rgbconsulting.com\/es\/wp-json\/wp\/v2\/product_brand?post=218117"},{"taxonomy":"product_cat","embeddable":true,"href":"https:\/\/wpguerssen-test.odoo.rgbconsulting.com\/es\/wp-json\/wp\/v2\/product_cat?post=218117"},{"taxonomy":"product_tag","embeddable":true,"href":"https:\/\/wpguerssen-test.odoo.rgbconsulting.com\/es\/wp-json\/wp\/v2\/product_tag?post=218117"}],"curies":[{"name":"wp","href":"https:\/\/api.w.org\/{rel}","templated":true}]}}