{"id":218644,"date":"2022-10-17T00:00:00","date_gmt":"2022-10-16T22:00:00","guid":{"rendered":"https:\/\/wpguerssen-test.odoo.rgbconsulting.com\/product\/chicken-blues\/"},"modified":"2024-02-21T12:44:56","modified_gmt":"2024-02-21T11:44:56","slug":"chicken-blues","status":"publish","type":"product","link":"https:\/\/wpguerssen-test.odoo.rgbconsulting.com\/es\/producto\/chicken-blues\/","title":{"rendered":"Chicken Blues"},"content":{"rendered":"<p>Shots in the Dark se form\u00f3 en Roma en 1999, ofreciendo canciones originales en sonidos fundacionales: Ska, Rock Steady, Early Reggae, Soul y R&#038;B.<br \/>Compartieron escenario con The Skatalites, Laurel Aitken, Derrick Morgan, Johnny Clarke, The Selecter, New York Ska Jazz Ensemble, The Trojans, Banda Bassotti, Bad Manners, The Aggrolites, etc. y acompa\u00f1aron en directo como backing band de artistas. como Roy &#8216;Mr. Symarip&#8217; Ellis, Gaz Mayall o Dr. Ring-Ding.<br \/>El nuevo \u00e1lbum de Shots In The Dark contiene oficialmente 9 canciones originales, pero puedes descargar el \u00e1lbum completo m\u00e1s dos pistas adicionales que incluyen la reinterpretaci\u00f3n de una melod\u00eda tomada de una pelicula er\u00f3tica italiana de los a\u00f1os 70.<br \/>El disco es el resultado de un largo e intenso trabajo en el estudio de grabaci\u00f3n y, aunque fiel a la tradici\u00f3n de Foundation Ska, saca a relucir una nueva vertiente de la banda: la b\u00fasqueda de los or\u00edgenes de la m\u00fasica negra, donde los estilos se encuentran y se abrazan.<\/p>\n","protected":false},"excerpt":{"rendered":"<p>Shots in the Dark se form\u00f3 en Roma en 1999, ofreciendo canciones originales en sonidos fundacionales: Ska, Rock Steady, Early Reggae, Soul y R&#038;B.<br \/>Compartieron<a class=\"read\" href=\"https:\/\/wpguerssen-test.odoo.rgbconsulting.com\/es\/producto\/chicken-blues\/\"> (...)<\/a>","protected":false},"featured_media":218606,"template":"","meta":{"_acf_changed":false},"product_brand":[],"product_cat":[21666],"product_tag":[],"class_list":{"0":"post-218644","1":"product","2":"type-product","3":"status-publish","4":"has-post-thumbnail","6":"product_cat-reggae-ska-dub-es","7":"pa_artist-shots-in-the-dark","8":"pa_format-lp-es","9":"pa_gender-reggae-ska-dub","10":"pa_label-liquidator","11":"pa_location-europe-es","12":"pa_other-filters-vinyl-only-es","14":"first","15":"instock","16":"taxable","17":"shipping-taxable","18":"purchasable","19":"product-type-simple"},"acf":[],"yoast_head":"<!-- This site is optimized with the Yoast SEO plugin v24.9 - https:\/\/yoast.com\/wordpress\/plugins\/seo\/ -->\n<title>SHOTS IN THE DARK - Chicken Blues -  (LP) | Guerssen<\/title>\n<meta name=\"description\" content=\"Shots in the Dark were formed in Rome in 1999, offering original songs into foundational sounds: Ska, Rock Steady, Early Reggae, Soul and R&amp;B.They shared stage with the likes of The Skatalites, Laurel Aitken, Derrick Morgan, Johnny Clarke, The Selecter, New York Ska Jazz Ensemble, The Trojans, Banda Bassotti, Bad Manners, The Aggrolites, etc. and accompanied live as backing band of artists such as Roy &#039;Mr. Symarip&#039; Ellis, Gaz Mayall or Dr. Ring-Ding.Shots In The Dark new album officially contains 9 original songs, but you can download the full album plus two bonus tracks including the reinterpretation of a tune taken from an Italian 70s erotic movie soundtrack.The disc is the result of a long and intense work in the recording studio and, although faithful to the tradition of Foundation Ska, it brings out a new aspect of the band: the search for the origins of black music, where solo styles meet and embrace each other. apparently far away, where Ska, Blues, Soul and R&amp;B are &#039;shaken, not stirred&#039; with the grace with which a tropical drink is prepared and with the experience of those who have always loved this music.\" \/>\n<meta name=\"robots\" content=\"index, follow, max-snippet:-1, max-image-preview:large, max-video-preview:-1\" \/>\n<link rel=\"canonical\" href=\"https:\/\/wpguerssen-test.odoo.rgbconsulting.com\/es\/producto\/chicken-blues\/\" \/>\n<meta property=\"og:locale\" content=\"es_ES\" \/>\n<meta property=\"og:type\" content=\"article\" \/>\n<meta property=\"og:title\" content=\"SHOTS IN THE DARK - Chicken Blues -  (LP) | Guerssen\" \/>\n<meta property=\"og:description\" content=\"Shots in the Dark were formed in Rome in 1999, offering original songs into foundational sounds: Ska, Rock Steady, Early Reggae, Soul and R&amp;B.They shared stage with the likes of The Skatalites, Laurel Aitken, Derrick Morgan, Johnny Clarke, The Selecter, New York Ska Jazz Ensemble, The Trojans, Banda Bassotti, Bad Manners, The Aggrolites, etc. and accompanied live as backing band of artists such as Roy &#039;Mr. Symarip&#039; Ellis, Gaz Mayall or Dr. Ring-Ding.Shots In The Dark new album officially contains 9 original songs, but you can download the full album plus two bonus tracks including the reinterpretation of a tune taken from an Italian 70s erotic movie soundtrack.The disc is the result of a long and intense work in the recording studio and, although faithful to the tradition of Foundation Ska, it brings out a new aspect of the band: the search for the origins of black music, where solo styles meet and embrace each other. apparently far away, where Ska, Blues, Soul and R&amp;B are &#039;shaken, not stirred&#039; with the grace with which a tropical drink is prepared and with the experience of those who have always loved this music.\" \/>\n<meta property=\"og:url\" content=\"https:\/\/wpguerssen-test.odoo.rgbconsulting.com\/es\/producto\/chicken-blues\/\" \/>\n<meta property=\"og:site_name\" content=\"Guerssen records\" \/>\n<meta property=\"article:modified_time\" content=\"2024-02-21T11:44:56+00:00\" \/>\n<meta property=\"og:image\" content=\"https:\/\/wpguerssen-test.odoo.rgbconsulting.com\/wp-content\/uploads\/2022\/09\/41956.jpg\" \/>\n\t<meta property=\"og:image:width\" content=\"800\" \/>\n\t<meta property=\"og:image:height\" content=\"800\" \/>\n\t<meta property=\"og:image:type\" content=\"image\/jpeg\" \/>\n<meta name=\"twitter:card\" content=\"summary_large_image\" \/>\n<meta name=\"twitter:title\" content=\"SHOTS IN THE DARK - Chicken Blues -  (LP) | Guerssen\" \/>\n<meta name=\"twitter:label1\" content=\"Tiempo de lectura\" \/>\n\t<meta name=\"twitter:data1\" content=\"1 minuto\" \/>\n<script type=\"application\/ld+json\" class=\"yoast-schema-graph\">{\"@context\":\"https:\/\/schema.org\",\"@graph\":[{\"@type\":\"WebPage\",\"@id\":\"https:\/\/wpguerssen-test.odoo.rgbconsulting.com\/es\/producto\/chicken-blues\/\",\"url\":\"https:\/\/wpguerssen-test.odoo.rgbconsulting.com\/es\/producto\/chicken-blues\/\",\"name\":\"SHOTS IN THE DARK - Chicken Blues - (LP) | Guerssen\",\"isPartOf\":{\"@id\":\"https:\/\/wpguerssen-test.odoo.rgbconsulting.com\/es\/#website\"},\"primaryImageOfPage\":{\"@id\":\"https:\/\/wpguerssen-test.odoo.rgbconsulting.com\/es\/producto\/chicken-blues\/#primaryimage\"},\"image\":{\"@id\":\"https:\/\/wpguerssen-test.odoo.rgbconsulting.com\/es\/producto\/chicken-blues\/#primaryimage\"},\"thumbnailUrl\":\"https:\/\/wpguerssen-test.odoo.rgbconsulting.com\/wp-content\/uploads\/2022\/09\/41956.jpg\",\"datePublished\":\"2022-10-16T22:00:00+00:00\",\"dateModified\":\"2024-02-21T11:44:56+00:00\",\"description\":\"Shots in the Dark were formed in Rome in 1999, offering original songs into foundational sounds: Ska, Rock Steady, Early Reggae, Soul and R&B.They shared stage with the likes of The Skatalites, Laurel Aitken, Derrick Morgan, Johnny Clarke, The Selecter, New York Ska Jazz Ensemble, The Trojans, Banda Bassotti, Bad Manners, The Aggrolites, etc. and accompanied live as backing band of artists such as Roy 'Mr. Symarip' Ellis, Gaz Mayall or Dr. Ring-Ding.Shots In The Dark new album officially contains 9 original songs, but you can download the full album plus two bonus tracks including the reinterpretation of a tune taken from an Italian 70s erotic movie soundtrack.The disc is the result of a long and intense work in the recording studio and, although faithful to the tradition of Foundation Ska, it brings out a new aspect of the band: the search for the origins of black music, where solo styles meet and embrace each other. apparently far away, where Ska, Blues, Soul and R&B are 'shaken, not stirred' with the grace with which a tropical drink is prepared and with the experience of those who have always loved this music.\",\"breadcrumb\":{\"@id\":\"https:\/\/wpguerssen-test.odoo.rgbconsulting.com\/es\/producto\/chicken-blues\/#breadcrumb\"},\"inLanguage\":\"es\",\"potentialAction\":[{\"@type\":\"ReadAction\",\"target\":[\"https:\/\/wpguerssen-test.odoo.rgbconsulting.com\/es\/producto\/chicken-blues\/\"]}]},{\"@type\":\"ImageObject\",\"inLanguage\":\"es\",\"@id\":\"https:\/\/wpguerssen-test.odoo.rgbconsulting.com\/es\/producto\/chicken-blues\/#primaryimage\",\"url\":\"https:\/\/wpguerssen-test.odoo.rgbconsulting.com\/wp-content\/uploads\/2022\/09\/41956.jpg\",\"contentUrl\":\"https:\/\/wpguerssen-test.odoo.rgbconsulting.com\/wp-content\/uploads\/2022\/09\/41956.jpg\",\"width\":800,\"height\":800},{\"@type\":\"BreadcrumbList\",\"@id\":\"https:\/\/wpguerssen-test.odoo.rgbconsulting.com\/es\/producto\/chicken-blues\/#breadcrumb\",\"itemListElement\":[{\"@type\":\"ListItem\",\"position\":1,\"name\":\"Inicio\",\"item\":\"https:\/\/wpguerssen-test.odoo.rgbconsulting.com\/es\/\"},{\"@type\":\"ListItem\",\"position\":2,\"name\":\"Shop\",\"item\":\"https:\/\/wpguerssen-test.odoo.rgbconsulting.com\/shop\/\"},{\"@type\":\"ListItem\",\"position\":3,\"name\":\"Chicken Blues\"}]},{\"@type\":\"WebSite\",\"@id\":\"https:\/\/wpguerssen-test.odoo.rgbconsulting.com\/es\/#website\",\"url\":\"https:\/\/wpguerssen-test.odoo.rgbconsulting.com\/es\/\",\"name\":\"Guerssen records\",\"description\":\"psychedelia - progressive - folk - garage \",\"publisher\":{\"@id\":\"https:\/\/wpguerssen-test.odoo.rgbconsulting.com\/es\/#organization\"},\"potentialAction\":[{\"@type\":\"SearchAction\",\"target\":{\"@type\":\"EntryPoint\",\"urlTemplate\":\"https:\/\/wpguerssen-test.odoo.rgbconsulting.com\/es\/?s={search_term_string}\"},\"query-input\":{\"@type\":\"PropertyValueSpecification\",\"valueRequired\":true,\"valueName\":\"search_term_string\"}}],\"inLanguage\":\"es\"},{\"@type\":\"Organization\",\"@id\":\"https:\/\/wpguerssen-test.odoo.rgbconsulting.com\/es\/#organization\",\"name\":\"Guerssen records\",\"url\":\"https:\/\/wpguerssen-test.odoo.rgbconsulting.com\/es\/\",\"logo\":{\"@type\":\"ImageObject\",\"inLanguage\":\"es\",\"@id\":\"https:\/\/wpguerssen-test.odoo.rgbconsulting.com\/es\/#\/schema\/logo\/image\/\",\"url\":\"https:\/\/wpguerssen-test.odoo.rgbconsulting.com\/wp-content\/uploads\/2022\/04\/Logo_Guerssen_trans_100.png\",\"contentUrl\":\"https:\/\/wpguerssen-test.odoo.rgbconsulting.com\/wp-content\/uploads\/2022\/04\/Logo_Guerssen_trans_100.png\",\"width\":122,\"height\":100,\"caption\":\"Guerssen records\"},\"image\":{\"@id\":\"https:\/\/wpguerssen-test.odoo.rgbconsulting.com\/es\/#\/schema\/logo\/image\/\"}}]}<\/script>\n<!-- \/ Yoast SEO plugin. -->","yoast_head_json":{"title":"SHOTS IN THE DARK - Chicken Blues -  (LP) | Guerssen","description":"Shots in the Dark were formed in Rome in 1999, offering original songs into foundational sounds: Ska, Rock Steady, Early Reggae, Soul and R&B.They shared stage with the likes of The Skatalites, Laurel Aitken, Derrick Morgan, Johnny Clarke, The Selecter, New York Ska Jazz Ensemble, The Trojans, Banda Bassotti, Bad Manners, The Aggrolites, etc. and accompanied live as backing band of artists such as Roy 'Mr. Symarip' Ellis, Gaz Mayall or Dr. Ring-Ding.Shots In The Dark new album officially contains 9 original songs, but you can download the full album plus two bonus tracks including the reinterpretation of a tune taken from an Italian 70s erotic movie soundtrack.The disc is the result of a long and intense work in the recording studio and, although faithful to the tradition of Foundation Ska, it brings out a new aspect of the band: the search for the origins of black music, where solo styles meet and embrace each other. apparently far away, where Ska, Blues, Soul and R&B are 'shaken, not stirred' with the grace with which a tropical drink is prepared and with the experience of those who have always loved this music.","robots":{"index":"index","follow":"follow","max-snippet":"max-snippet:-1","max-image-preview":"max-image-preview:large","max-video-preview":"max-video-preview:-1"},"canonical":"https:\/\/wpguerssen-test.odoo.rgbconsulting.com\/es\/producto\/chicken-blues\/","og_locale":"es_ES","og_type":"article","og_title":"SHOTS IN THE DARK - Chicken Blues -  (LP) | Guerssen","og_description":"Shots in the Dark were formed in Rome in 1999, offering original songs into foundational sounds: Ska, Rock Steady, Early Reggae, Soul and R&B.They shared stage with the likes of The Skatalites, Laurel Aitken, Derrick Morgan, Johnny Clarke, The Selecter, New York Ska Jazz Ensemble, The Trojans, Banda Bassotti, Bad Manners, The Aggrolites, etc. and accompanied live as backing band of artists such as Roy 'Mr. Symarip' Ellis, Gaz Mayall or Dr. Ring-Ding.Shots In The Dark new album officially contains 9 original songs, but you can download the full album plus two bonus tracks including the reinterpretation of a tune taken from an Italian 70s erotic movie soundtrack.The disc is the result of a long and intense work in the recording studio and, although faithful to the tradition of Foundation Ska, it brings out a new aspect of the band: the search for the origins of black music, where solo styles meet and embrace each other. apparently far away, where Ska, Blues, Soul and R&B are 'shaken, not stirred' with the grace with which a tropical drink is prepared and with the experience of those who have always loved this music.","og_url":"https:\/\/wpguerssen-test.odoo.rgbconsulting.com\/es\/producto\/chicken-blues\/","og_site_name":"Guerssen records","article_modified_time":"2024-02-21T11:44:56+00:00","og_image":[{"width":800,"height":800,"url":"https:\/\/wpguerssen-test.odoo.rgbconsulting.com\/wp-content\/uploads\/2022\/09\/41956.jpg","type":"image\/jpeg"}],"twitter_card":"summary_large_image","twitter_title":"SHOTS IN THE DARK - Chicken Blues -  (LP) | Guerssen","twitter_misc":{"Tiempo de lectura":"1 minuto"},"schema":{"@context":"https:\/\/schema.org","@graph":[{"@type":"WebPage","@id":"https:\/\/wpguerssen-test.odoo.rgbconsulting.com\/es\/producto\/chicken-blues\/","url":"https:\/\/wpguerssen-test.odoo.rgbconsulting.com\/es\/producto\/chicken-blues\/","name":"SHOTS IN THE DARK - Chicken Blues - (LP) | Guerssen","isPartOf":{"@id":"https:\/\/wpguerssen-test.odoo.rgbconsulting.com\/es\/#website"},"primaryImageOfPage":{"@id":"https:\/\/wpguerssen-test.odoo.rgbconsulting.com\/es\/producto\/chicken-blues\/#primaryimage"},"image":{"@id":"https:\/\/wpguerssen-test.odoo.rgbconsulting.com\/es\/producto\/chicken-blues\/#primaryimage"},"thumbnailUrl":"https:\/\/wpguerssen-test.odoo.rgbconsulting.com\/wp-content\/uploads\/2022\/09\/41956.jpg","datePublished":"2022-10-16T22:00:00+00:00","dateModified":"2024-02-21T11:44:56+00:00","description":"Shots in the Dark were formed in Rome in 1999, offering original songs into foundational sounds: Ska, Rock Steady, Early Reggae, Soul and R&B.They shared stage with the likes of The Skatalites, Laurel Aitken, Derrick Morgan, Johnny Clarke, The Selecter, New York Ska Jazz Ensemble, The Trojans, Banda Bassotti, Bad Manners, The Aggrolites, etc. and accompanied live as backing band of artists such as Roy 'Mr. Symarip' Ellis, Gaz Mayall or Dr. Ring-Ding.Shots In The Dark new album officially contains 9 original songs, but you can download the full album plus two bonus tracks including the reinterpretation of a tune taken from an Italian 70s erotic movie soundtrack.The disc is the result of a long and intense work in the recording studio and, although faithful to the tradition of Foundation Ska, it brings out a new aspect of the band: the search for the origins of black music, where solo styles meet and embrace each other. apparently far away, where Ska, Blues, Soul and R&B are 'shaken, not stirred' with the grace with which a tropical drink is prepared and with the experience of those who have always loved this music.","breadcrumb":{"@id":"https:\/\/wpguerssen-test.odoo.rgbconsulting.com\/es\/producto\/chicken-blues\/#breadcrumb"},"inLanguage":"es","potentialAction":[{"@type":"ReadAction","target":["https:\/\/wpguerssen-test.odoo.rgbconsulting.com\/es\/producto\/chicken-blues\/"]}]},{"@type":"ImageObject","inLanguage":"es","@id":"https:\/\/wpguerssen-test.odoo.rgbconsulting.com\/es\/producto\/chicken-blues\/#primaryimage","url":"https:\/\/wpguerssen-test.odoo.rgbconsulting.com\/wp-content\/uploads\/2022\/09\/41956.jpg","contentUrl":"https:\/\/wpguerssen-test.odoo.rgbconsulting.com\/wp-content\/uploads\/2022\/09\/41956.jpg","width":800,"height":800},{"@type":"BreadcrumbList","@id":"https:\/\/wpguerssen-test.odoo.rgbconsulting.com\/es\/producto\/chicken-blues\/#breadcrumb","itemListElement":[{"@type":"ListItem","position":1,"name":"Inicio","item":"https:\/\/wpguerssen-test.odoo.rgbconsulting.com\/es\/"},{"@type":"ListItem","position":2,"name":"Shop","item":"https:\/\/wpguerssen-test.odoo.rgbconsulting.com\/shop\/"},{"@type":"ListItem","position":3,"name":"Chicken Blues"}]},{"@type":"WebSite","@id":"https:\/\/wpguerssen-test.odoo.rgbconsulting.com\/es\/#website","url":"https:\/\/wpguerssen-test.odoo.rgbconsulting.com\/es\/","name":"Guerssen records","description":"psychedelia - progressive - folk - garage ","publisher":{"@id":"https:\/\/wpguerssen-test.odoo.rgbconsulting.com\/es\/#organization"},"potentialAction":[{"@type":"SearchAction","target":{"@type":"EntryPoint","urlTemplate":"https:\/\/wpguerssen-test.odoo.rgbconsulting.com\/es\/?s={search_term_string}"},"query-input":{"@type":"PropertyValueSpecification","valueRequired":true,"valueName":"search_term_string"}}],"inLanguage":"es"},{"@type":"Organization","@id":"https:\/\/wpguerssen-test.odoo.rgbconsulting.com\/es\/#organization","name":"Guerssen records","url":"https:\/\/wpguerssen-test.odoo.rgbconsulting.com\/es\/","logo":{"@type":"ImageObject","inLanguage":"es","@id":"https:\/\/wpguerssen-test.odoo.rgbconsulting.com\/es\/#\/schema\/logo\/image\/","url":"https:\/\/wpguerssen-test.odoo.rgbconsulting.com\/wp-content\/uploads\/2022\/04\/Logo_Guerssen_trans_100.png","contentUrl":"https:\/\/wpguerssen-test.odoo.rgbconsulting.com\/wp-content\/uploads\/2022\/04\/Logo_Guerssen_trans_100.png","width":122,"height":100,"caption":"Guerssen records"},"image":{"@id":"https:\/\/wpguerssen-test.odoo.rgbconsulting.com\/es\/#\/schema\/logo\/image\/"}}]}},"_links":{"self":[{"href":"https:\/\/wpguerssen-test.odoo.rgbconsulting.com\/es\/wp-json\/wp\/v2\/product\/218644","targetHints":{"allow":["GET"]}}],"collection":[{"href":"https:\/\/wpguerssen-test.odoo.rgbconsulting.com\/es\/wp-json\/wp\/v2\/product"}],"about":[{"href":"https:\/\/wpguerssen-test.odoo.rgbconsulting.com\/es\/wp-json\/wp\/v2\/types\/product"}],"wp:featuredmedia":[{"embeddable":true,"href":"https:\/\/wpguerssen-test.odoo.rgbconsulting.com\/es\/wp-json\/wp\/v2\/media\/218606"}],"wp:attachment":[{"href":"https:\/\/wpguerssen-test.odoo.rgbconsulting.com\/es\/wp-json\/wp\/v2\/media?parent=218644"}],"wp:term":[{"taxonomy":"product_brand","embeddable":true,"href":"https:\/\/wpguerssen-test.odoo.rgbconsulting.com\/es\/wp-json\/wp\/v2\/product_brand?post=218644"},{"taxonomy":"product_cat","embeddable":true,"href":"https:\/\/wpguerssen-test.odoo.rgbconsulting.com\/es\/wp-json\/wp\/v2\/product_cat?post=218644"},{"taxonomy":"product_tag","embeddable":true,"href":"https:\/\/wpguerssen-test.odoo.rgbconsulting.com\/es\/wp-json\/wp\/v2\/product_tag?post=218644"}],"curies":[{"name":"wp","href":"https:\/\/api.w.org\/{rel}","templated":true}]}}