{"id":218807,"date":"2022-10-13T00:00:00","date_gmt":"2022-10-12T22:00:00","guid":{"rendered":"https:\/\/wpguerssen-test.odoo.rgbconsulting.com\/product\/beat-club-bremen-germany-january-19-1972\/"},"modified":"2024-11-25T15:16:07","modified_gmt":"2024-11-25T14:16:07","slug":"beat-club-bremen-germany-january-19-1972","status":"publish","type":"product","link":"https:\/\/wpguerssen-test.odoo.rgbconsulting.com\/es\/producto\/beat-club-bremen-germany-january-19-1972\/","title":{"rendered":"Beat Club Bremen Germany January 19 1972"},"content":{"rendered":"<p>Actuaci\u00f3n en vivo hist\u00f3rica y exclusiva del todopoderoso cantante de soul de Chicago. Para 1972, el programa de televisi\u00f3n alem\u00e1n Beat Club permit\u00eda que los artistas famosos se estiraran y tocaran m\u00e1s que solo uno o dos \u00e9xitos habituales. En este caso, Mayfield grab\u00f3 una hora de m\u00fasica en un estudio de televisi\u00f3n para que los productores la seleccionaran. La mayor parte de esta actuaci\u00f3n se perdi\u00f3 en los archivos de alguien durante muchos a\u00f1os. El concierto es de principios de 1972 y es anterior a su obra maestra \u00abSuperfly\u00bb. Tambi\u00e9n encontrar\u00e1s varias pistas de sus dos aclamados \u00e1lbumes en solitario anteriores: \u00abCurtis\u00bb y \u00abRoots\u00bb. \u00a1Una actuaci\u00f3n asombrosa que no te perder\u00edas!<\/p>\n","protected":false},"excerpt":{"rendered":"<p>Actuaci\u00f3n en vivo hist\u00f3rica y exclusiva del todopoderoso cantante de soul de Chicago. Para 1972, el programa de televisi\u00f3n alem\u00e1n Beat Club permit\u00eda que los artistas<a class=\"read\" href=\"https:\/\/wpguerssen-test.odoo.rgbconsulting.com\/es\/producto\/beat-club-bremen-germany-january-19-1972\/\"> (...)<\/a>","protected":false},"featured_media":250736,"template":"","meta":{"_acf_changed":false},"product_brand":[],"product_cat":[21649],"product_tag":[24190],"class_list":{"0":"post-218807","1":"product","2":"type-product","3":"status-publish","4":"has-post-thumbnail","6":"product_cat-soul-rnb-es","7":"product_tag-sales-es","8":"pa_artist-mayfield-curtis-es","9":"pa_format-2lp-es","10":"pa_gender-soul-rnb","11":"pa_label-whp","12":"pa_location-north-america-es","13":"pa_other-filters-vinyl-only-es","15":"first","16":"instock","17":"taxable","18":"shipping-taxable","19":"purchasable","20":"product-type-simple"},"acf":[],"yoast_head":"<!-- This site is optimized with the Yoast SEO plugin v24.9 - https:\/\/yoast.com\/wordpress\/plugins\/seo\/ -->\n<title>MAYFIELD, Curtis - Beat Club Bremen Germany January 19 1972 -  (2LP) | Guerssen<\/title>\n<meta name=\"description\" content=\"Historical and exclusive live performance from the almighty Chicago soul singer. By 1972 the German TV show Beat Club would let famous artists stretch out and play more than just the usual one or two hits. In this case Mayfield recorded an hour of music in a TV studio for the producers to select from. Most of this performance was lost in someone&#039;s vault for many years. The concert is from early 1972 and predates his masterpiece &quot;Superfly&quot;. You&#039;ll find several tracks from his two earlier acclaimed solo albums as well: &quot;Curtis&quot; and &quot;Roots.&quot; An astonishing performance you wouldn&#039;t miss!\" \/>\n<meta name=\"robots\" content=\"index, follow, max-snippet:-1, max-image-preview:large, max-video-preview:-1\" \/>\n<link rel=\"canonical\" href=\"https:\/\/wpguerssen-test.odoo.rgbconsulting.com\/es\/producto\/beat-club-bremen-germany-january-19-1972\/\" \/>\n<meta property=\"og:locale\" content=\"es_ES\" \/>\n<meta property=\"og:type\" content=\"article\" \/>\n<meta property=\"og:title\" content=\"MAYFIELD, Curtis - Beat Club Bremen Germany January 19 1972 -  (2LP) | Guerssen\" \/>\n<meta property=\"og:description\" content=\"Historical and exclusive live performance from the almighty Chicago soul singer. By 1972 the German TV show Beat Club would let famous artists stretch out and play more than just the usual one or two hits. In this case Mayfield recorded an hour of music in a TV studio for the producers to select from. Most of this performance was lost in someone&#039;s vault for many years. The concert is from early 1972 and predates his masterpiece &quot;Superfly&quot;. You&#039;ll find several tracks from his two earlier acclaimed solo albums as well: &quot;Curtis&quot; and &quot;Roots.&quot; An astonishing performance you wouldn&#039;t miss!\" \/>\n<meta property=\"og:url\" content=\"https:\/\/wpguerssen-test.odoo.rgbconsulting.com\/es\/producto\/beat-club-bremen-germany-january-19-1972\/\" \/>\n<meta property=\"og:site_name\" content=\"Guerssen records\" \/>\n<meta property=\"article:modified_time\" content=\"2024-11-25T14:16:07+00:00\" \/>\n<meta property=\"og:image\" content=\"https:\/\/wpguerssen-test.odoo.rgbconsulting.com\/wp-content\/uploads\/2024\/02\/41983.jpg\" \/>\n\t<meta property=\"og:image:width\" content=\"1000\" \/>\n\t<meta property=\"og:image:height\" content=\"1000\" \/>\n\t<meta property=\"og:image:type\" content=\"image\/jpeg\" \/>\n<meta name=\"twitter:card\" content=\"summary_large_image\" \/>\n<meta name=\"twitter:title\" content=\"MAYFIELD, Curtis - Beat Club Bremen Germany January 19 1972 -  (2LP) | Guerssen\" \/>\n<meta name=\"twitter:label1\" content=\"Tiempo de lectura\" \/>\n\t<meta name=\"twitter:data1\" content=\"1 minuto\" \/>\n<script type=\"application\/ld+json\" class=\"yoast-schema-graph\">{\"@context\":\"https:\/\/schema.org\",\"@graph\":[{\"@type\":\"WebPage\",\"@id\":\"https:\/\/wpguerssen-test.odoo.rgbconsulting.com\/es\/producto\/beat-club-bremen-germany-january-19-1972\/\",\"url\":\"https:\/\/wpguerssen-test.odoo.rgbconsulting.com\/es\/producto\/beat-club-bremen-germany-january-19-1972\/\",\"name\":\"MAYFIELD, Curtis - Beat Club Bremen Germany January 19 1972 - (2LP) | Guerssen\",\"isPartOf\":{\"@id\":\"https:\/\/wpguerssen-test.odoo.rgbconsulting.com\/es\/#website\"},\"primaryImageOfPage\":{\"@id\":\"https:\/\/wpguerssen-test.odoo.rgbconsulting.com\/es\/producto\/beat-club-bremen-germany-january-19-1972\/#primaryimage\"},\"image\":{\"@id\":\"https:\/\/wpguerssen-test.odoo.rgbconsulting.com\/es\/producto\/beat-club-bremen-germany-january-19-1972\/#primaryimage\"},\"thumbnailUrl\":\"https:\/\/wpguerssen-test.odoo.rgbconsulting.com\/wp-content\/uploads\/2024\/02\/41983.jpg\",\"datePublished\":\"2022-10-12T22:00:00+00:00\",\"dateModified\":\"2024-11-25T14:16:07+00:00\",\"description\":\"Historical and exclusive live performance from the almighty Chicago soul singer. By 1972 the German TV show Beat Club would let famous artists stretch out and play more than just the usual one or two hits. In this case Mayfield recorded an hour of music in a TV studio for the producers to select from. Most of this performance was lost in someone's vault for many years. The concert is from early 1972 and predates his masterpiece \\\"Superfly\\\". You'll find several tracks from his two earlier acclaimed solo albums as well: \\\"Curtis\\\" and \\\"Roots.\\\" An astonishing performance you wouldn't miss!\",\"breadcrumb\":{\"@id\":\"https:\/\/wpguerssen-test.odoo.rgbconsulting.com\/es\/producto\/beat-club-bremen-germany-january-19-1972\/#breadcrumb\"},\"inLanguage\":\"es\",\"potentialAction\":[{\"@type\":\"ReadAction\",\"target\":[\"https:\/\/wpguerssen-test.odoo.rgbconsulting.com\/es\/producto\/beat-club-bremen-germany-january-19-1972\/\"]}]},{\"@type\":\"ImageObject\",\"inLanguage\":\"es\",\"@id\":\"https:\/\/wpguerssen-test.odoo.rgbconsulting.com\/es\/producto\/beat-club-bremen-germany-january-19-1972\/#primaryimage\",\"url\":\"https:\/\/wpguerssen-test.odoo.rgbconsulting.com\/wp-content\/uploads\/2024\/02\/41983.jpg\",\"contentUrl\":\"https:\/\/wpguerssen-test.odoo.rgbconsulting.com\/wp-content\/uploads\/2024\/02\/41983.jpg\",\"width\":1000,\"height\":1000,\"caption\":\"Curtis - Beat Club Bremen Germany January 19 1972 - WHP (2LP) | Guerssen\"},{\"@type\":\"BreadcrumbList\",\"@id\":\"https:\/\/wpguerssen-test.odoo.rgbconsulting.com\/es\/producto\/beat-club-bremen-germany-january-19-1972\/#breadcrumb\",\"itemListElement\":[{\"@type\":\"ListItem\",\"position\":1,\"name\":\"Inicio\",\"item\":\"https:\/\/wpguerssen-test.odoo.rgbconsulting.com\/es\/\"},{\"@type\":\"ListItem\",\"position\":2,\"name\":\"Shop\",\"item\":\"https:\/\/wpguerssen-test.odoo.rgbconsulting.com\/shop\/\"},{\"@type\":\"ListItem\",\"position\":3,\"name\":\"Beat Club Bremen Germany January 19 1972\"}]},{\"@type\":\"WebSite\",\"@id\":\"https:\/\/wpguerssen-test.odoo.rgbconsulting.com\/es\/#website\",\"url\":\"https:\/\/wpguerssen-test.odoo.rgbconsulting.com\/es\/\",\"name\":\"Guerssen records\",\"description\":\"psychedelia - progressive - folk - garage \",\"publisher\":{\"@id\":\"https:\/\/wpguerssen-test.odoo.rgbconsulting.com\/es\/#organization\"},\"potentialAction\":[{\"@type\":\"SearchAction\",\"target\":{\"@type\":\"EntryPoint\",\"urlTemplate\":\"https:\/\/wpguerssen-test.odoo.rgbconsulting.com\/es\/?s={search_term_string}\"},\"query-input\":{\"@type\":\"PropertyValueSpecification\",\"valueRequired\":true,\"valueName\":\"search_term_string\"}}],\"inLanguage\":\"es\"},{\"@type\":\"Organization\",\"@id\":\"https:\/\/wpguerssen-test.odoo.rgbconsulting.com\/es\/#organization\",\"name\":\"Guerssen records\",\"url\":\"https:\/\/wpguerssen-test.odoo.rgbconsulting.com\/es\/\",\"logo\":{\"@type\":\"ImageObject\",\"inLanguage\":\"es\",\"@id\":\"https:\/\/wpguerssen-test.odoo.rgbconsulting.com\/es\/#\/schema\/logo\/image\/\",\"url\":\"https:\/\/wpguerssen-test.odoo.rgbconsulting.com\/wp-content\/uploads\/2022\/04\/Logo_Guerssen_trans_100.png\",\"contentUrl\":\"https:\/\/wpguerssen-test.odoo.rgbconsulting.com\/wp-content\/uploads\/2022\/04\/Logo_Guerssen_trans_100.png\",\"width\":122,\"height\":100,\"caption\":\"Guerssen records\"},\"image\":{\"@id\":\"https:\/\/wpguerssen-test.odoo.rgbconsulting.com\/es\/#\/schema\/logo\/image\/\"}}]}<\/script>\n<!-- \/ Yoast SEO plugin. -->","yoast_head_json":{"title":"MAYFIELD, Curtis - Beat Club Bremen Germany January 19 1972 -  (2LP) | Guerssen","description":"Historical and exclusive live performance from the almighty Chicago soul singer. By 1972 the German TV show Beat Club would let famous artists stretch out and play more than just the usual one or two hits. In this case Mayfield recorded an hour of music in a TV studio for the producers to select from. Most of this performance was lost in someone's vault for many years. The concert is from early 1972 and predates his masterpiece \"Superfly\". You'll find several tracks from his two earlier acclaimed solo albums as well: \"Curtis\" and \"Roots.\" An astonishing performance you wouldn't miss!","robots":{"index":"index","follow":"follow","max-snippet":"max-snippet:-1","max-image-preview":"max-image-preview:large","max-video-preview":"max-video-preview:-1"},"canonical":"https:\/\/wpguerssen-test.odoo.rgbconsulting.com\/es\/producto\/beat-club-bremen-germany-january-19-1972\/","og_locale":"es_ES","og_type":"article","og_title":"MAYFIELD, Curtis - Beat Club Bremen Germany January 19 1972 -  (2LP) | Guerssen","og_description":"Historical and exclusive live performance from the almighty Chicago soul singer. By 1972 the German TV show Beat Club would let famous artists stretch out and play more than just the usual one or two hits. In this case Mayfield recorded an hour of music in a TV studio for the producers to select from. Most of this performance was lost in someone's vault for many years. The concert is from early 1972 and predates his masterpiece \"Superfly\". You'll find several tracks from his two earlier acclaimed solo albums as well: \"Curtis\" and \"Roots.\" An astonishing performance you wouldn't miss!","og_url":"https:\/\/wpguerssen-test.odoo.rgbconsulting.com\/es\/producto\/beat-club-bremen-germany-january-19-1972\/","og_site_name":"Guerssen records","article_modified_time":"2024-11-25T14:16:07+00:00","og_image":[{"width":1000,"height":1000,"url":"https:\/\/wpguerssen-test.odoo.rgbconsulting.com\/wp-content\/uploads\/2024\/02\/41983.jpg","type":"image\/jpeg"}],"twitter_card":"summary_large_image","twitter_title":"MAYFIELD, Curtis - Beat Club Bremen Germany January 19 1972 -  (2LP) | Guerssen","twitter_misc":{"Tiempo de lectura":"1 minuto"},"schema":{"@context":"https:\/\/schema.org","@graph":[{"@type":"WebPage","@id":"https:\/\/wpguerssen-test.odoo.rgbconsulting.com\/es\/producto\/beat-club-bremen-germany-january-19-1972\/","url":"https:\/\/wpguerssen-test.odoo.rgbconsulting.com\/es\/producto\/beat-club-bremen-germany-january-19-1972\/","name":"MAYFIELD, Curtis - Beat Club Bremen Germany January 19 1972 - (2LP) | Guerssen","isPartOf":{"@id":"https:\/\/wpguerssen-test.odoo.rgbconsulting.com\/es\/#website"},"primaryImageOfPage":{"@id":"https:\/\/wpguerssen-test.odoo.rgbconsulting.com\/es\/producto\/beat-club-bremen-germany-january-19-1972\/#primaryimage"},"image":{"@id":"https:\/\/wpguerssen-test.odoo.rgbconsulting.com\/es\/producto\/beat-club-bremen-germany-january-19-1972\/#primaryimage"},"thumbnailUrl":"https:\/\/wpguerssen-test.odoo.rgbconsulting.com\/wp-content\/uploads\/2024\/02\/41983.jpg","datePublished":"2022-10-12T22:00:00+00:00","dateModified":"2024-11-25T14:16:07+00:00","description":"Historical and exclusive live performance from the almighty Chicago soul singer. By 1972 the German TV show Beat Club would let famous artists stretch out and play more than just the usual one or two hits. In this case Mayfield recorded an hour of music in a TV studio for the producers to select from. Most of this performance was lost in someone's vault for many years. The concert is from early 1972 and predates his masterpiece \"Superfly\". You'll find several tracks from his two earlier acclaimed solo albums as well: \"Curtis\" and \"Roots.\" An astonishing performance you wouldn't miss!","breadcrumb":{"@id":"https:\/\/wpguerssen-test.odoo.rgbconsulting.com\/es\/producto\/beat-club-bremen-germany-january-19-1972\/#breadcrumb"},"inLanguage":"es","potentialAction":[{"@type":"ReadAction","target":["https:\/\/wpguerssen-test.odoo.rgbconsulting.com\/es\/producto\/beat-club-bremen-germany-january-19-1972\/"]}]},{"@type":"ImageObject","inLanguage":"es","@id":"https:\/\/wpguerssen-test.odoo.rgbconsulting.com\/es\/producto\/beat-club-bremen-germany-january-19-1972\/#primaryimage","url":"https:\/\/wpguerssen-test.odoo.rgbconsulting.com\/wp-content\/uploads\/2024\/02\/41983.jpg","contentUrl":"https:\/\/wpguerssen-test.odoo.rgbconsulting.com\/wp-content\/uploads\/2024\/02\/41983.jpg","width":1000,"height":1000,"caption":"Curtis - Beat Club Bremen Germany January 19 1972 - WHP (2LP) | Guerssen"},{"@type":"BreadcrumbList","@id":"https:\/\/wpguerssen-test.odoo.rgbconsulting.com\/es\/producto\/beat-club-bremen-germany-january-19-1972\/#breadcrumb","itemListElement":[{"@type":"ListItem","position":1,"name":"Inicio","item":"https:\/\/wpguerssen-test.odoo.rgbconsulting.com\/es\/"},{"@type":"ListItem","position":2,"name":"Shop","item":"https:\/\/wpguerssen-test.odoo.rgbconsulting.com\/shop\/"},{"@type":"ListItem","position":3,"name":"Beat Club Bremen Germany January 19 1972"}]},{"@type":"WebSite","@id":"https:\/\/wpguerssen-test.odoo.rgbconsulting.com\/es\/#website","url":"https:\/\/wpguerssen-test.odoo.rgbconsulting.com\/es\/","name":"Guerssen records","description":"psychedelia - progressive - folk - garage ","publisher":{"@id":"https:\/\/wpguerssen-test.odoo.rgbconsulting.com\/es\/#organization"},"potentialAction":[{"@type":"SearchAction","target":{"@type":"EntryPoint","urlTemplate":"https:\/\/wpguerssen-test.odoo.rgbconsulting.com\/es\/?s={search_term_string}"},"query-input":{"@type":"PropertyValueSpecification","valueRequired":true,"valueName":"search_term_string"}}],"inLanguage":"es"},{"@type":"Organization","@id":"https:\/\/wpguerssen-test.odoo.rgbconsulting.com\/es\/#organization","name":"Guerssen records","url":"https:\/\/wpguerssen-test.odoo.rgbconsulting.com\/es\/","logo":{"@type":"ImageObject","inLanguage":"es","@id":"https:\/\/wpguerssen-test.odoo.rgbconsulting.com\/es\/#\/schema\/logo\/image\/","url":"https:\/\/wpguerssen-test.odoo.rgbconsulting.com\/wp-content\/uploads\/2022\/04\/Logo_Guerssen_trans_100.png","contentUrl":"https:\/\/wpguerssen-test.odoo.rgbconsulting.com\/wp-content\/uploads\/2022\/04\/Logo_Guerssen_trans_100.png","width":122,"height":100,"caption":"Guerssen records"},"image":{"@id":"https:\/\/wpguerssen-test.odoo.rgbconsulting.com\/es\/#\/schema\/logo\/image\/"}}]}},"_links":{"self":[{"href":"https:\/\/wpguerssen-test.odoo.rgbconsulting.com\/es\/wp-json\/wp\/v2\/product\/218807","targetHints":{"allow":["GET"]}}],"collection":[{"href":"https:\/\/wpguerssen-test.odoo.rgbconsulting.com\/es\/wp-json\/wp\/v2\/product"}],"about":[{"href":"https:\/\/wpguerssen-test.odoo.rgbconsulting.com\/es\/wp-json\/wp\/v2\/types\/product"}],"wp:featuredmedia":[{"embeddable":true,"href":"https:\/\/wpguerssen-test.odoo.rgbconsulting.com\/es\/wp-json\/wp\/v2\/media\/250736"}],"wp:attachment":[{"href":"https:\/\/wpguerssen-test.odoo.rgbconsulting.com\/es\/wp-json\/wp\/v2\/media?parent=218807"}],"wp:term":[{"taxonomy":"product_brand","embeddable":true,"href":"https:\/\/wpguerssen-test.odoo.rgbconsulting.com\/es\/wp-json\/wp\/v2\/product_brand?post=218807"},{"taxonomy":"product_cat","embeddable":true,"href":"https:\/\/wpguerssen-test.odoo.rgbconsulting.com\/es\/wp-json\/wp\/v2\/product_cat?post=218807"},{"taxonomy":"product_tag","embeddable":true,"href":"https:\/\/wpguerssen-test.odoo.rgbconsulting.com\/es\/wp-json\/wp\/v2\/product_tag?post=218807"}],"curies":[{"name":"wp","href":"https:\/\/api.w.org\/{rel}","templated":true}]}}