{"id":218896,"date":"2022-12-07T00:00:00","date_gmt":"2022-12-06T23:00:00","guid":{"rendered":"https:\/\/wpguerssen-test.odoo.rgbconsulting.com\/product\/sequences-2\/"},"modified":"2024-12-09T17:42:47","modified_gmt":"2024-12-09T16:42:47","slug":"sequences-2","status":"publish","type":"product","link":"https:\/\/wpguerssen-test.odoo.rgbconsulting.com\/es\/producto\/sequences-2\/","title":{"rendered":"Sequences"},"content":{"rendered":"<p>Despu\u00e9s del lanzamiento de su primer \u00e1lbum aclamado por la cr\u00edtica, <<Bluestaeb &#038; S. Fidelity Present Underground Canopy>> (MENACE &#8211; 2020), Underground Canopy (UC) pudo tomarse un tiempo para crear nuevas composiciones con un enfoque fresco. A lo largo de este per\u00edodo forzado de introspecci\u00f3n, la banda parisina experiment\u00f3 con c\u00f3digos musicales m\u00e1s refinados y sonidos coloridos.<br \/>Tras las nuevas incorporaciones de Rapha\u00ebl Henry en la bater\u00eda y Christopher Johnson en la guitarra el\u00e9ctrica, la UC pudo grabar y filmar una interpretaci\u00f3n en vivo de cuatro piezas originales a finales de 2020, gracias a una invitaci\u00f3n del programa art\u00edstico del Centre des Arts d&#8217;Enghien-les-Bains y SENSE. Estos videos musicales, cada uno filmado en una sola toma por Romain Lalire, capturan las digresiones musicales de UC que se alejan de sus improvisaciones principalmente hip-hop y groove y se adentran en un nuevo territorio.<br \/>El nuevo EP resultante, <<S\u00e9quences: Live Session>>, celebra la est\u00e9tica cinematogr\u00e1fica y la suspensi\u00f3n del tiempo. Se erige como un testimonio audiovisual de la progresi\u00f3n continua de la banda. En esta era marcada por la incertidumbre pero llena de esperanza, \u00bfqu\u00e9 vendr\u00e1 despu\u00e9s?<\/p>\n","protected":false},"excerpt":{"rendered":"<p>Despu\u00e9s del lanzamiento de su primer \u00e1lbum aclamado por la cr\u00edtica, <<Bluestaeb &#038; S. Fidelity Present Underground Canopy>> (MENACE &#8211; 2020), Underground<a class=\"read\" href=\"https:\/\/wpguerssen-test.odoo.rgbconsulting.com\/es\/producto\/sequences-2\/\"> (...)<\/a>","protected":false},"featured_media":218852,"template":"","meta":{"_acf_changed":false},"product_brand":[],"product_cat":[23227,23266],"product_tag":[],"class_list":{"0":"post-218896","1":"product","2":"type-product","3":"status-publish","4":"has-post-thumbnail","6":"product_cat-jazz-es","7":"product_cat-electronic-es","8":"pa_artist-underground-canopy","9":"pa_format-lp-es","10":"pa_gender-electronic-jazz","11":"pa_label-menace","12":"pa_location-europe-es","13":"pa_other-filters-vinyl-only-es","15":"first","16":"instock","17":"taxable","18":"shipping-taxable","19":"purchasable","20":"product-type-simple"},"acf":[],"yoast_head":"<!-- This site is optimized with the Yoast SEO plugin v24.9 - https:\/\/yoast.com\/wordpress\/plugins\/seo\/ -->\n<title>UNDERGROUND CANOPY - Sequences -  (LP) | Guerssen<\/title>\n<meta name=\"description\" content=\"After the release of their critically acclaimed first album &lt;&lt; Bluestaeb &amp; S. Fidelity Present Underground Canopy &gt;&gt; (MENACE - 2020), Underground Canopy (UC) was able to take time, due to the unforeseen period of doubt in 2020, to craft new compositions with a fresh approach. Throughout this forced period of introspection, the Parisian band experimented with more refined musical codes and colorful sounds.Following the new additions of Rapha\u00ebl Henry on drums and Christopher Johnson on electric guitar, UC was able to record and film a live rendition of four original pieces at the end of 2020, thanks to an invitation by the Centre des Arts d&#039;Enghien-les-Bains&#039;s artistic program and SENSE. These music videos, each filmed in one shot by Romain Lalire, capture UC&#039;s musical digressions away from their mainly hip-hop and groove-infused jams and into new territory.The resulting new EP &lt;&gt; celebrates cinematic aesthetics and the suspension of time. It stands as an audiovisual testimonial to the band&#039;s continued progression. In this era marked by uncertainty but full of hope, what will come next?\" \/>\n<meta name=\"robots\" content=\"index, follow, max-snippet:-1, max-image-preview:large, max-video-preview:-1\" \/>\n<link rel=\"canonical\" href=\"https:\/\/wpguerssen-test.odoo.rgbconsulting.com\/es\/producto\/sequences-2\/\" \/>\n<meta property=\"og:locale\" content=\"es_ES\" \/>\n<meta property=\"og:type\" content=\"article\" \/>\n<meta property=\"og:title\" content=\"UNDERGROUND CANOPY - Sequences -  (LP) | Guerssen\" \/>\n<meta property=\"og:description\" content=\"After the release of their critically acclaimed first album &lt;&lt; Bluestaeb &amp; S. Fidelity Present Underground Canopy &gt;&gt; (MENACE - 2020), Underground Canopy (UC) was able to take time, due to the unforeseen period of doubt in 2020, to craft new compositions with a fresh approach. Throughout this forced period of introspection, the Parisian band experimented with more refined musical codes and colorful sounds.Following the new additions of Rapha\u00ebl Henry on drums and Christopher Johnson on electric guitar, UC was able to record and film a live rendition of four original pieces at the end of 2020, thanks to an invitation by the Centre des Arts d&#039;Enghien-les-Bains&#039;s artistic program and SENSE. These music videos, each filmed in one shot by Romain Lalire, capture UC&#039;s musical digressions away from their mainly hip-hop and groove-infused jams and into new territory.The resulting new EP &lt;&gt; celebrates cinematic aesthetics and the suspension of time. It stands as an audiovisual testimonial to the band&#039;s continued progression. In this era marked by uncertainty but full of hope, what will come next?\" \/>\n<meta property=\"og:url\" content=\"https:\/\/wpguerssen-test.odoo.rgbconsulting.com\/es\/producto\/sequences-2\/\" \/>\n<meta property=\"og:site_name\" content=\"Guerssen records\" \/>\n<meta property=\"article:modified_time\" content=\"2024-12-09T16:42:47+00:00\" \/>\n<meta property=\"og:image\" content=\"https:\/\/wpguerssen-test.odoo.rgbconsulting.com\/wp-content\/uploads\/2022\/10\/41993.jpg\" \/>\n\t<meta property=\"og:image:width\" content=\"1000\" \/>\n\t<meta property=\"og:image:height\" content=\"1000\" \/>\n\t<meta property=\"og:image:type\" content=\"image\/jpeg\" \/>\n<meta name=\"twitter:card\" content=\"summary_large_image\" \/>\n<meta name=\"twitter:title\" content=\"UNDERGROUND CANOPY - Sequences -  (LP) | Guerssen\" \/>\n<meta name=\"twitter:label1\" content=\"Tiempo de lectura\" \/>\n\t<meta name=\"twitter:data1\" content=\"1 minuto\" \/>\n<script type=\"application\/ld+json\" class=\"yoast-schema-graph\">{\"@context\":\"https:\/\/schema.org\",\"@graph\":[{\"@type\":\"WebPage\",\"@id\":\"https:\/\/wpguerssen-test.odoo.rgbconsulting.com\/es\/producto\/sequences-2\/\",\"url\":\"https:\/\/wpguerssen-test.odoo.rgbconsulting.com\/es\/producto\/sequences-2\/\",\"name\":\"UNDERGROUND CANOPY - Sequences - (LP) | Guerssen\",\"isPartOf\":{\"@id\":\"https:\/\/wpguerssen-test.odoo.rgbconsulting.com\/es\/#website\"},\"primaryImageOfPage\":{\"@id\":\"https:\/\/wpguerssen-test.odoo.rgbconsulting.com\/es\/producto\/sequences-2\/#primaryimage\"},\"image\":{\"@id\":\"https:\/\/wpguerssen-test.odoo.rgbconsulting.com\/es\/producto\/sequences-2\/#primaryimage\"},\"thumbnailUrl\":\"https:\/\/wpguerssen-test.odoo.rgbconsulting.com\/wp-content\/uploads\/2022\/10\/41993.jpg\",\"datePublished\":\"2022-12-06T23:00:00+00:00\",\"dateModified\":\"2024-12-09T16:42:47+00:00\",\"description\":\"After the release of their critically acclaimed first album &lt;< Bluestaeb & S. Fidelity Present Underground Canopy >> (MENACE - 2020), Underground Canopy (UC) was able to take time, due to the unforeseen period of doubt in 2020, to craft new compositions with a fresh approach. Throughout this forced period of introspection, the Parisian band experimented with more refined musical codes and colorful sounds.Following the new additions of Rapha\u00ebl Henry on drums and Christopher Johnson on electric guitar, UC was able to record and film a live rendition of four original pieces at the end of 2020, thanks to an invitation by the Centre des Arts d'Enghien-les-Bains's artistic program and SENSE. These music videos, each filmed in one shot by Romain Lalire, capture UC's musical digressions away from their mainly hip-hop and groove-infused jams and into new territory.The resulting new EP &lt;> celebrates cinematic aesthetics and the suspension of time. It stands as an audiovisual testimonial to the band's continued progression. In this era marked by uncertainty but full of hope, what will come next?\",\"breadcrumb\":{\"@id\":\"https:\/\/wpguerssen-test.odoo.rgbconsulting.com\/es\/producto\/sequences-2\/#breadcrumb\"},\"inLanguage\":\"es\",\"potentialAction\":[{\"@type\":\"ReadAction\",\"target\":[\"https:\/\/wpguerssen-test.odoo.rgbconsulting.com\/es\/producto\/sequences-2\/\"]}]},{\"@type\":\"ImageObject\",\"inLanguage\":\"es\",\"@id\":\"https:\/\/wpguerssen-test.odoo.rgbconsulting.com\/es\/producto\/sequences-2\/#primaryimage\",\"url\":\"https:\/\/wpguerssen-test.odoo.rgbconsulting.com\/wp-content\/uploads\/2022\/10\/41993.jpg\",\"contentUrl\":\"https:\/\/wpguerssen-test.odoo.rgbconsulting.com\/wp-content\/uploads\/2022\/10\/41993.jpg\",\"width\":1000,\"height\":1000},{\"@type\":\"BreadcrumbList\",\"@id\":\"https:\/\/wpguerssen-test.odoo.rgbconsulting.com\/es\/producto\/sequences-2\/#breadcrumb\",\"itemListElement\":[{\"@type\":\"ListItem\",\"position\":1,\"name\":\"Inicio\",\"item\":\"https:\/\/wpguerssen-test.odoo.rgbconsulting.com\/es\/\"},{\"@type\":\"ListItem\",\"position\":2,\"name\":\"Shop\",\"item\":\"https:\/\/wpguerssen-test.odoo.rgbconsulting.com\/shop\/\"},{\"@type\":\"ListItem\",\"position\":3,\"name\":\"Sequences\"}]},{\"@type\":\"WebSite\",\"@id\":\"https:\/\/wpguerssen-test.odoo.rgbconsulting.com\/es\/#website\",\"url\":\"https:\/\/wpguerssen-test.odoo.rgbconsulting.com\/es\/\",\"name\":\"Guerssen records\",\"description\":\"psychedelia - progressive - folk - garage \",\"publisher\":{\"@id\":\"https:\/\/wpguerssen-test.odoo.rgbconsulting.com\/es\/#organization\"},\"potentialAction\":[{\"@type\":\"SearchAction\",\"target\":{\"@type\":\"EntryPoint\",\"urlTemplate\":\"https:\/\/wpguerssen-test.odoo.rgbconsulting.com\/es\/?s={search_term_string}\"},\"query-input\":{\"@type\":\"PropertyValueSpecification\",\"valueRequired\":true,\"valueName\":\"search_term_string\"}}],\"inLanguage\":\"es\"},{\"@type\":\"Organization\",\"@id\":\"https:\/\/wpguerssen-test.odoo.rgbconsulting.com\/es\/#organization\",\"name\":\"Guerssen records\",\"url\":\"https:\/\/wpguerssen-test.odoo.rgbconsulting.com\/es\/\",\"logo\":{\"@type\":\"ImageObject\",\"inLanguage\":\"es\",\"@id\":\"https:\/\/wpguerssen-test.odoo.rgbconsulting.com\/es\/#\/schema\/logo\/image\/\",\"url\":\"https:\/\/wpguerssen-test.odoo.rgbconsulting.com\/wp-content\/uploads\/2022\/04\/Logo_Guerssen_trans_100.png\",\"contentUrl\":\"https:\/\/wpguerssen-test.odoo.rgbconsulting.com\/wp-content\/uploads\/2022\/04\/Logo_Guerssen_trans_100.png\",\"width\":122,\"height\":100,\"caption\":\"Guerssen records\"},\"image\":{\"@id\":\"https:\/\/wpguerssen-test.odoo.rgbconsulting.com\/es\/#\/schema\/logo\/image\/\"}}]}<\/script>\n<!-- \/ Yoast SEO plugin. -->","yoast_head_json":{"title":"UNDERGROUND CANOPY - Sequences -  (LP) | Guerssen","description":"After the release of their critically acclaimed first album &lt;< Bluestaeb & S. Fidelity Present Underground Canopy >> (MENACE - 2020), Underground Canopy (UC) was able to take time, due to the unforeseen period of doubt in 2020, to craft new compositions with a fresh approach. Throughout this forced period of introspection, the Parisian band experimented with more refined musical codes and colorful sounds.Following the new additions of Rapha\u00ebl Henry on drums and Christopher Johnson on electric guitar, UC was able to record and film a live rendition of four original pieces at the end of 2020, thanks to an invitation by the Centre des Arts d'Enghien-les-Bains's artistic program and SENSE. These music videos, each filmed in one shot by Romain Lalire, capture UC's musical digressions away from their mainly hip-hop and groove-infused jams and into new territory.The resulting new EP &lt;> celebrates cinematic aesthetics and the suspension of time. It stands as an audiovisual testimonial to the band's continued progression. In this era marked by uncertainty but full of hope, what will come next?","robots":{"index":"index","follow":"follow","max-snippet":"max-snippet:-1","max-image-preview":"max-image-preview:large","max-video-preview":"max-video-preview:-1"},"canonical":"https:\/\/wpguerssen-test.odoo.rgbconsulting.com\/es\/producto\/sequences-2\/","og_locale":"es_ES","og_type":"article","og_title":"UNDERGROUND CANOPY - Sequences -  (LP) | Guerssen","og_description":"After the release of their critically acclaimed first album &lt;< Bluestaeb & S. Fidelity Present Underground Canopy >> (MENACE - 2020), Underground Canopy (UC) was able to take time, due to the unforeseen period of doubt in 2020, to craft new compositions with a fresh approach. Throughout this forced period of introspection, the Parisian band experimented with more refined musical codes and colorful sounds.Following the new additions of Rapha\u00ebl Henry on drums and Christopher Johnson on electric guitar, UC was able to record and film a live rendition of four original pieces at the end of 2020, thanks to an invitation by the Centre des Arts d'Enghien-les-Bains's artistic program and SENSE. These music videos, each filmed in one shot by Romain Lalire, capture UC's musical digressions away from their mainly hip-hop and groove-infused jams and into new territory.The resulting new EP &lt;> celebrates cinematic aesthetics and the suspension of time. It stands as an audiovisual testimonial to the band's continued progression. In this era marked by uncertainty but full of hope, what will come next?","og_url":"https:\/\/wpguerssen-test.odoo.rgbconsulting.com\/es\/producto\/sequences-2\/","og_site_name":"Guerssen records","article_modified_time":"2024-12-09T16:42:47+00:00","og_image":[{"width":1000,"height":1000,"url":"https:\/\/wpguerssen-test.odoo.rgbconsulting.com\/wp-content\/uploads\/2022\/10\/41993.jpg","type":"image\/jpeg"}],"twitter_card":"summary_large_image","twitter_title":"UNDERGROUND CANOPY - Sequences -  (LP) | Guerssen","twitter_misc":{"Tiempo de lectura":"1 minuto"},"schema":{"@context":"https:\/\/schema.org","@graph":[{"@type":"WebPage","@id":"https:\/\/wpguerssen-test.odoo.rgbconsulting.com\/es\/producto\/sequences-2\/","url":"https:\/\/wpguerssen-test.odoo.rgbconsulting.com\/es\/producto\/sequences-2\/","name":"UNDERGROUND CANOPY - Sequences - (LP) | Guerssen","isPartOf":{"@id":"https:\/\/wpguerssen-test.odoo.rgbconsulting.com\/es\/#website"},"primaryImageOfPage":{"@id":"https:\/\/wpguerssen-test.odoo.rgbconsulting.com\/es\/producto\/sequences-2\/#primaryimage"},"image":{"@id":"https:\/\/wpguerssen-test.odoo.rgbconsulting.com\/es\/producto\/sequences-2\/#primaryimage"},"thumbnailUrl":"https:\/\/wpguerssen-test.odoo.rgbconsulting.com\/wp-content\/uploads\/2022\/10\/41993.jpg","datePublished":"2022-12-06T23:00:00+00:00","dateModified":"2024-12-09T16:42:47+00:00","description":"After the release of their critically acclaimed first album &lt;< Bluestaeb & S. Fidelity Present Underground Canopy >> (MENACE - 2020), Underground Canopy (UC) was able to take time, due to the unforeseen period of doubt in 2020, to craft new compositions with a fresh approach. Throughout this forced period of introspection, the Parisian band experimented with more refined musical codes and colorful sounds.Following the new additions of Rapha\u00ebl Henry on drums and Christopher Johnson on electric guitar, UC was able to record and film a live rendition of four original pieces at the end of 2020, thanks to an invitation by the Centre des Arts d'Enghien-les-Bains's artistic program and SENSE. These music videos, each filmed in one shot by Romain Lalire, capture UC's musical digressions away from their mainly hip-hop and groove-infused jams and into new territory.The resulting new EP &lt;> celebrates cinematic aesthetics and the suspension of time. It stands as an audiovisual testimonial to the band's continued progression. In this era marked by uncertainty but full of hope, what will come next?","breadcrumb":{"@id":"https:\/\/wpguerssen-test.odoo.rgbconsulting.com\/es\/producto\/sequences-2\/#breadcrumb"},"inLanguage":"es","potentialAction":[{"@type":"ReadAction","target":["https:\/\/wpguerssen-test.odoo.rgbconsulting.com\/es\/producto\/sequences-2\/"]}]},{"@type":"ImageObject","inLanguage":"es","@id":"https:\/\/wpguerssen-test.odoo.rgbconsulting.com\/es\/producto\/sequences-2\/#primaryimage","url":"https:\/\/wpguerssen-test.odoo.rgbconsulting.com\/wp-content\/uploads\/2022\/10\/41993.jpg","contentUrl":"https:\/\/wpguerssen-test.odoo.rgbconsulting.com\/wp-content\/uploads\/2022\/10\/41993.jpg","width":1000,"height":1000},{"@type":"BreadcrumbList","@id":"https:\/\/wpguerssen-test.odoo.rgbconsulting.com\/es\/producto\/sequences-2\/#breadcrumb","itemListElement":[{"@type":"ListItem","position":1,"name":"Inicio","item":"https:\/\/wpguerssen-test.odoo.rgbconsulting.com\/es\/"},{"@type":"ListItem","position":2,"name":"Shop","item":"https:\/\/wpguerssen-test.odoo.rgbconsulting.com\/shop\/"},{"@type":"ListItem","position":3,"name":"Sequences"}]},{"@type":"WebSite","@id":"https:\/\/wpguerssen-test.odoo.rgbconsulting.com\/es\/#website","url":"https:\/\/wpguerssen-test.odoo.rgbconsulting.com\/es\/","name":"Guerssen records","description":"psychedelia - progressive - folk - garage ","publisher":{"@id":"https:\/\/wpguerssen-test.odoo.rgbconsulting.com\/es\/#organization"},"potentialAction":[{"@type":"SearchAction","target":{"@type":"EntryPoint","urlTemplate":"https:\/\/wpguerssen-test.odoo.rgbconsulting.com\/es\/?s={search_term_string}"},"query-input":{"@type":"PropertyValueSpecification","valueRequired":true,"valueName":"search_term_string"}}],"inLanguage":"es"},{"@type":"Organization","@id":"https:\/\/wpguerssen-test.odoo.rgbconsulting.com\/es\/#organization","name":"Guerssen records","url":"https:\/\/wpguerssen-test.odoo.rgbconsulting.com\/es\/","logo":{"@type":"ImageObject","inLanguage":"es","@id":"https:\/\/wpguerssen-test.odoo.rgbconsulting.com\/es\/#\/schema\/logo\/image\/","url":"https:\/\/wpguerssen-test.odoo.rgbconsulting.com\/wp-content\/uploads\/2022\/04\/Logo_Guerssen_trans_100.png","contentUrl":"https:\/\/wpguerssen-test.odoo.rgbconsulting.com\/wp-content\/uploads\/2022\/04\/Logo_Guerssen_trans_100.png","width":122,"height":100,"caption":"Guerssen records"},"image":{"@id":"https:\/\/wpguerssen-test.odoo.rgbconsulting.com\/es\/#\/schema\/logo\/image\/"}}]}},"_links":{"self":[{"href":"https:\/\/wpguerssen-test.odoo.rgbconsulting.com\/es\/wp-json\/wp\/v2\/product\/218896","targetHints":{"allow":["GET"]}}],"collection":[{"href":"https:\/\/wpguerssen-test.odoo.rgbconsulting.com\/es\/wp-json\/wp\/v2\/product"}],"about":[{"href":"https:\/\/wpguerssen-test.odoo.rgbconsulting.com\/es\/wp-json\/wp\/v2\/types\/product"}],"wp:featuredmedia":[{"embeddable":true,"href":"https:\/\/wpguerssen-test.odoo.rgbconsulting.com\/es\/wp-json\/wp\/v2\/media\/218852"}],"wp:attachment":[{"href":"https:\/\/wpguerssen-test.odoo.rgbconsulting.com\/es\/wp-json\/wp\/v2\/media?parent=218896"}],"wp:term":[{"taxonomy":"product_brand","embeddable":true,"href":"https:\/\/wpguerssen-test.odoo.rgbconsulting.com\/es\/wp-json\/wp\/v2\/product_brand?post=218896"},{"taxonomy":"product_cat","embeddable":true,"href":"https:\/\/wpguerssen-test.odoo.rgbconsulting.com\/es\/wp-json\/wp\/v2\/product_cat?post=218896"},{"taxonomy":"product_tag","embeddable":true,"href":"https:\/\/wpguerssen-test.odoo.rgbconsulting.com\/es\/wp-json\/wp\/v2\/product_tag?post=218896"}],"curies":[{"name":"wp","href":"https:\/\/api.w.org\/{rel}","templated":true}]}}