{"id":218899,"date":"2022-10-07T00:00:00","date_gmt":"2022-10-06T22:00:00","guid":{"rendered":"https:\/\/wpguerssen-test.odoo.rgbconsulting.com\/product\/allison-the-south-funk-boulevard-band\/"},"modified":"2024-05-08T09:24:21","modified_gmt":"2024-05-08T07:24:21","slug":"allison-the-south-funk-boulevard-band","status":"publish","type":"product","link":"https:\/\/wpguerssen-test.odoo.rgbconsulting.com\/es\/producto\/allison-the-south-funk-boulevard-band\/","title":{"rendered":"Allison &#038; The South Funk Boulevard Band"},"content":{"rendered":"<p>Superfly Records se enorgullece en presentar una hermosa reedici\u00f3n japonesa de 1978 Lost Soul Beauty, lanzado originalmente en el sello Crazy Cajun con sede en Texas por los ex miembros de T. S. U. Toronadoes, Allison (Leroy) Lewis y Nelson L. Mills III. El disco tambi\u00e9n presenta a la esposa de Mills y cantante de la casa, Gloria Edwards. Este es el menos conocido de los 2 \u00e1lbumes de South Funk Boulevard con cortes cl\u00e1sicos de Crossover Soul. Por algunas razones misteriosas, muy pocas copias originales de este disco llegaron a las tiendas de discos. Primera reimpresi\u00f3n de esta belleza, prensada y fabricada en Jap\u00f3n (con obi) y estrictamente limitada a 1000 copias.<\/p>\n","protected":false},"excerpt":{"rendered":"<p>Superfly Records se enorgullece en presentar una hermosa reedici\u00f3n japonesa de 1978 Lost Soul Beauty, lanzado originalmente en el sello Crazy Cajun con sede en Texas<a class=\"read\" href=\"https:\/\/wpguerssen-test.odoo.rgbconsulting.com\/es\/producto\/allison-the-south-funk-boulevard-band\/\"> (...)<\/a>","protected":false},"featured_media":218861,"template":"","meta":{"_acf_changed":false},"product_brand":[],"product_cat":[21649],"product_tag":[],"class_list":{"0":"post-218899","1":"product","2":"type-product","3":"status-publish","4":"has-post-thumbnail","6":"product_cat-soul-rnb-es","7":"pa_artist-allison-the-south-funk-boulevard-band","8":"pa_format-lp-es","9":"pa_gender-soul-rnb","10":"pa_label-superfly","11":"pa_location-north-america-es","12":"pa_other-filters-vinyl-only-es","14":"first","15":"instock","16":"taxable","17":"shipping-taxable","18":"purchasable","19":"product-type-simple"},"acf":[],"yoast_head":"<!-- This site is optimized with the Yoast SEO plugin v24.9 - https:\/\/yoast.com\/wordpress\/plugins\/seo\/ -->\n<title>ALLISON &amp; THE SOUTH FUNK BOULEVARD BAND - Allison &amp; The South Funk Boulevard Band -  (LP) | Guerssen<\/title>\n<meta name=\"description\" content=\"Superfly Records proudly presents a beautiful Japanese reissue of 1978 lost Soul beauty originally released on the Texas based Crazy Cajun label by former T. S. U. Toronadoes members Allison (Leroy) Lewis and Nelson L. Mills III. The record also features Mills wife and in-house singer Gloria Edwards. This is the lesser known of the 2 South Funk Boulevard albums with classic Crossover Soul cuts all through. For some mysterious reasons, very few original copies of this record made it to record stores. Very first repress of this beauty, pressed and manufactured in Japan (with obi) and strictly limited to 1000 copies.\" \/>\n<meta name=\"robots\" content=\"index, follow, max-snippet:-1, max-image-preview:large, max-video-preview:-1\" \/>\n<link rel=\"canonical\" href=\"https:\/\/wpguerssen-test.odoo.rgbconsulting.com\/es\/producto\/allison-the-south-funk-boulevard-band\/\" \/>\n<meta property=\"og:locale\" content=\"es_ES\" \/>\n<meta property=\"og:type\" content=\"article\" \/>\n<meta property=\"og:title\" content=\"ALLISON &amp; THE SOUTH FUNK BOULEVARD BAND - Allison &amp; The South Funk Boulevard Band -  (LP) | Guerssen\" \/>\n<meta property=\"og:description\" content=\"Superfly Records proudly presents a beautiful Japanese reissue of 1978 lost Soul beauty originally released on the Texas based Crazy Cajun label by former T. S. U. Toronadoes members Allison (Leroy) Lewis and Nelson L. Mills III. The record also features Mills wife and in-house singer Gloria Edwards. This is the lesser known of the 2 South Funk Boulevard albums with classic Crossover Soul cuts all through. For some mysterious reasons, very few original copies of this record made it to record stores. Very first repress of this beauty, pressed and manufactured in Japan (with obi) and strictly limited to 1000 copies.\" \/>\n<meta property=\"og:url\" content=\"https:\/\/wpguerssen-test.odoo.rgbconsulting.com\/es\/producto\/allison-the-south-funk-boulevard-band\/\" \/>\n<meta property=\"og:site_name\" content=\"Guerssen records\" \/>\n<meta property=\"article:modified_time\" content=\"2024-05-08T07:24:21+00:00\" \/>\n<meta property=\"og:image\" content=\"https:\/\/wpguerssen-test.odoo.rgbconsulting.com\/wp-content\/uploads\/2022\/10\/42005.jpg\" \/>\n\t<meta property=\"og:image:width\" content=\"1724\" \/>\n\t<meta property=\"og:image:height\" content=\"1722\" \/>\n\t<meta property=\"og:image:type\" content=\"image\/jpeg\" \/>\n<meta name=\"twitter:card\" content=\"summary_large_image\" \/>\n<meta name=\"twitter:title\" content=\"ALLISON &amp; THE SOUTH FUNK BOULEVARD BAND - Allison &amp; The South Funk Boulevard Band -  (LP) | Guerssen\" \/>\n<meta name=\"twitter:label1\" content=\"Tiempo de lectura\" \/>\n\t<meta name=\"twitter:data1\" content=\"1 minuto\" \/>\n<script type=\"application\/ld+json\" class=\"yoast-schema-graph\">{\"@context\":\"https:\/\/schema.org\",\"@graph\":[{\"@type\":\"WebPage\",\"@id\":\"https:\/\/wpguerssen-test.odoo.rgbconsulting.com\/es\/producto\/allison-the-south-funk-boulevard-band\/\",\"url\":\"https:\/\/wpguerssen-test.odoo.rgbconsulting.com\/es\/producto\/allison-the-south-funk-boulevard-band\/\",\"name\":\"ALLISON & THE SOUTH FUNK BOULEVARD BAND - Allison & The South Funk Boulevard Band - (LP) | Guerssen\",\"isPartOf\":{\"@id\":\"https:\/\/wpguerssen-test.odoo.rgbconsulting.com\/es\/#website\"},\"primaryImageOfPage\":{\"@id\":\"https:\/\/wpguerssen-test.odoo.rgbconsulting.com\/es\/producto\/allison-the-south-funk-boulevard-band\/#primaryimage\"},\"image\":{\"@id\":\"https:\/\/wpguerssen-test.odoo.rgbconsulting.com\/es\/producto\/allison-the-south-funk-boulevard-band\/#primaryimage\"},\"thumbnailUrl\":\"https:\/\/wpguerssen-test.odoo.rgbconsulting.com\/wp-content\/uploads\/2022\/10\/42005.jpg\",\"datePublished\":\"2022-10-06T22:00:00+00:00\",\"dateModified\":\"2024-05-08T07:24:21+00:00\",\"description\":\"Superfly Records proudly presents a beautiful Japanese reissue of 1978 lost Soul beauty originally released on the Texas based Crazy Cajun label by former T. S. U. Toronadoes members Allison (Leroy) Lewis and Nelson L. Mills III. The record also features Mills wife and in-house singer Gloria Edwards. This is the lesser known of the 2 South Funk Boulevard albums with classic Crossover Soul cuts all through. For some mysterious reasons, very few original copies of this record made it to record stores. Very first repress of this beauty, pressed and manufactured in Japan (with obi) and strictly limited to 1000 copies.\",\"breadcrumb\":{\"@id\":\"https:\/\/wpguerssen-test.odoo.rgbconsulting.com\/es\/producto\/allison-the-south-funk-boulevard-band\/#breadcrumb\"},\"inLanguage\":\"es\",\"potentialAction\":[{\"@type\":\"ReadAction\",\"target\":[\"https:\/\/wpguerssen-test.odoo.rgbconsulting.com\/es\/producto\/allison-the-south-funk-boulevard-band\/\"]}]},{\"@type\":\"ImageObject\",\"inLanguage\":\"es\",\"@id\":\"https:\/\/wpguerssen-test.odoo.rgbconsulting.com\/es\/producto\/allison-the-south-funk-boulevard-band\/#primaryimage\",\"url\":\"https:\/\/wpguerssen-test.odoo.rgbconsulting.com\/wp-content\/uploads\/2022\/10\/42005.jpg\",\"contentUrl\":\"https:\/\/wpguerssen-test.odoo.rgbconsulting.com\/wp-content\/uploads\/2022\/10\/42005.jpg\",\"width\":1724,\"height\":1722},{\"@type\":\"BreadcrumbList\",\"@id\":\"https:\/\/wpguerssen-test.odoo.rgbconsulting.com\/es\/producto\/allison-the-south-funk-boulevard-band\/#breadcrumb\",\"itemListElement\":[{\"@type\":\"ListItem\",\"position\":1,\"name\":\"Inicio\",\"item\":\"https:\/\/wpguerssen-test.odoo.rgbconsulting.com\/es\/\"},{\"@type\":\"ListItem\",\"position\":2,\"name\":\"Shop\",\"item\":\"https:\/\/wpguerssen-test.odoo.rgbconsulting.com\/shop\/\"},{\"@type\":\"ListItem\",\"position\":3,\"name\":\"Allison &#038; The South Funk Boulevard Band\"}]},{\"@type\":\"WebSite\",\"@id\":\"https:\/\/wpguerssen-test.odoo.rgbconsulting.com\/es\/#website\",\"url\":\"https:\/\/wpguerssen-test.odoo.rgbconsulting.com\/es\/\",\"name\":\"Guerssen records\",\"description\":\"psychedelia - progressive - folk - garage \",\"publisher\":{\"@id\":\"https:\/\/wpguerssen-test.odoo.rgbconsulting.com\/es\/#organization\"},\"potentialAction\":[{\"@type\":\"SearchAction\",\"target\":{\"@type\":\"EntryPoint\",\"urlTemplate\":\"https:\/\/wpguerssen-test.odoo.rgbconsulting.com\/es\/?s={search_term_string}\"},\"query-input\":{\"@type\":\"PropertyValueSpecification\",\"valueRequired\":true,\"valueName\":\"search_term_string\"}}],\"inLanguage\":\"es\"},{\"@type\":\"Organization\",\"@id\":\"https:\/\/wpguerssen-test.odoo.rgbconsulting.com\/es\/#organization\",\"name\":\"Guerssen records\",\"url\":\"https:\/\/wpguerssen-test.odoo.rgbconsulting.com\/es\/\",\"logo\":{\"@type\":\"ImageObject\",\"inLanguage\":\"es\",\"@id\":\"https:\/\/wpguerssen-test.odoo.rgbconsulting.com\/es\/#\/schema\/logo\/image\/\",\"url\":\"https:\/\/wpguerssen-test.odoo.rgbconsulting.com\/wp-content\/uploads\/2022\/04\/Logo_Guerssen_trans_100.png\",\"contentUrl\":\"https:\/\/wpguerssen-test.odoo.rgbconsulting.com\/wp-content\/uploads\/2022\/04\/Logo_Guerssen_trans_100.png\",\"width\":122,\"height\":100,\"caption\":\"Guerssen records\"},\"image\":{\"@id\":\"https:\/\/wpguerssen-test.odoo.rgbconsulting.com\/es\/#\/schema\/logo\/image\/\"}}]}<\/script>\n<!-- \/ Yoast SEO plugin. -->","yoast_head_json":{"title":"ALLISON & THE SOUTH FUNK BOULEVARD BAND - Allison & The South Funk Boulevard Band -  (LP) | Guerssen","description":"Superfly Records proudly presents a beautiful Japanese reissue of 1978 lost Soul beauty originally released on the Texas based Crazy Cajun label by former T. S. U. Toronadoes members Allison (Leroy) Lewis and Nelson L. Mills III. The record also features Mills wife and in-house singer Gloria Edwards. This is the lesser known of the 2 South Funk Boulevard albums with classic Crossover Soul cuts all through. For some mysterious reasons, very few original copies of this record made it to record stores. Very first repress of this beauty, pressed and manufactured in Japan (with obi) and strictly limited to 1000 copies.","robots":{"index":"index","follow":"follow","max-snippet":"max-snippet:-1","max-image-preview":"max-image-preview:large","max-video-preview":"max-video-preview:-1"},"canonical":"https:\/\/wpguerssen-test.odoo.rgbconsulting.com\/es\/producto\/allison-the-south-funk-boulevard-band\/","og_locale":"es_ES","og_type":"article","og_title":"ALLISON & THE SOUTH FUNK BOULEVARD BAND - Allison & The South Funk Boulevard Band -  (LP) | Guerssen","og_description":"Superfly Records proudly presents a beautiful Japanese reissue of 1978 lost Soul beauty originally released on the Texas based Crazy Cajun label by former T. S. U. Toronadoes members Allison (Leroy) Lewis and Nelson L. Mills III. The record also features Mills wife and in-house singer Gloria Edwards. This is the lesser known of the 2 South Funk Boulevard albums with classic Crossover Soul cuts all through. For some mysterious reasons, very few original copies of this record made it to record stores. Very first repress of this beauty, pressed and manufactured in Japan (with obi) and strictly limited to 1000 copies.","og_url":"https:\/\/wpguerssen-test.odoo.rgbconsulting.com\/es\/producto\/allison-the-south-funk-boulevard-band\/","og_site_name":"Guerssen records","article_modified_time":"2024-05-08T07:24:21+00:00","og_image":[{"width":1724,"height":1722,"url":"https:\/\/wpguerssen-test.odoo.rgbconsulting.com\/wp-content\/uploads\/2022\/10\/42005.jpg","type":"image\/jpeg"}],"twitter_card":"summary_large_image","twitter_title":"ALLISON & THE SOUTH FUNK BOULEVARD BAND - Allison & The South Funk Boulevard Band -  (LP) | Guerssen","twitter_misc":{"Tiempo de lectura":"1 minuto"},"schema":{"@context":"https:\/\/schema.org","@graph":[{"@type":"WebPage","@id":"https:\/\/wpguerssen-test.odoo.rgbconsulting.com\/es\/producto\/allison-the-south-funk-boulevard-band\/","url":"https:\/\/wpguerssen-test.odoo.rgbconsulting.com\/es\/producto\/allison-the-south-funk-boulevard-band\/","name":"ALLISON & THE SOUTH FUNK BOULEVARD BAND - Allison & The South Funk Boulevard Band - (LP) | Guerssen","isPartOf":{"@id":"https:\/\/wpguerssen-test.odoo.rgbconsulting.com\/es\/#website"},"primaryImageOfPage":{"@id":"https:\/\/wpguerssen-test.odoo.rgbconsulting.com\/es\/producto\/allison-the-south-funk-boulevard-band\/#primaryimage"},"image":{"@id":"https:\/\/wpguerssen-test.odoo.rgbconsulting.com\/es\/producto\/allison-the-south-funk-boulevard-band\/#primaryimage"},"thumbnailUrl":"https:\/\/wpguerssen-test.odoo.rgbconsulting.com\/wp-content\/uploads\/2022\/10\/42005.jpg","datePublished":"2022-10-06T22:00:00+00:00","dateModified":"2024-05-08T07:24:21+00:00","description":"Superfly Records proudly presents a beautiful Japanese reissue of 1978 lost Soul beauty originally released on the Texas based Crazy Cajun label by former T. S. U. Toronadoes members Allison (Leroy) Lewis and Nelson L. Mills III. The record also features Mills wife and in-house singer Gloria Edwards. This is the lesser known of the 2 South Funk Boulevard albums with classic Crossover Soul cuts all through. For some mysterious reasons, very few original copies of this record made it to record stores. Very first repress of this beauty, pressed and manufactured in Japan (with obi) and strictly limited to 1000 copies.","breadcrumb":{"@id":"https:\/\/wpguerssen-test.odoo.rgbconsulting.com\/es\/producto\/allison-the-south-funk-boulevard-band\/#breadcrumb"},"inLanguage":"es","potentialAction":[{"@type":"ReadAction","target":["https:\/\/wpguerssen-test.odoo.rgbconsulting.com\/es\/producto\/allison-the-south-funk-boulevard-band\/"]}]},{"@type":"ImageObject","inLanguage":"es","@id":"https:\/\/wpguerssen-test.odoo.rgbconsulting.com\/es\/producto\/allison-the-south-funk-boulevard-band\/#primaryimage","url":"https:\/\/wpguerssen-test.odoo.rgbconsulting.com\/wp-content\/uploads\/2022\/10\/42005.jpg","contentUrl":"https:\/\/wpguerssen-test.odoo.rgbconsulting.com\/wp-content\/uploads\/2022\/10\/42005.jpg","width":1724,"height":1722},{"@type":"BreadcrumbList","@id":"https:\/\/wpguerssen-test.odoo.rgbconsulting.com\/es\/producto\/allison-the-south-funk-boulevard-band\/#breadcrumb","itemListElement":[{"@type":"ListItem","position":1,"name":"Inicio","item":"https:\/\/wpguerssen-test.odoo.rgbconsulting.com\/es\/"},{"@type":"ListItem","position":2,"name":"Shop","item":"https:\/\/wpguerssen-test.odoo.rgbconsulting.com\/shop\/"},{"@type":"ListItem","position":3,"name":"Allison &#038; The South Funk Boulevard Band"}]},{"@type":"WebSite","@id":"https:\/\/wpguerssen-test.odoo.rgbconsulting.com\/es\/#website","url":"https:\/\/wpguerssen-test.odoo.rgbconsulting.com\/es\/","name":"Guerssen records","description":"psychedelia - progressive - folk - garage ","publisher":{"@id":"https:\/\/wpguerssen-test.odoo.rgbconsulting.com\/es\/#organization"},"potentialAction":[{"@type":"SearchAction","target":{"@type":"EntryPoint","urlTemplate":"https:\/\/wpguerssen-test.odoo.rgbconsulting.com\/es\/?s={search_term_string}"},"query-input":{"@type":"PropertyValueSpecification","valueRequired":true,"valueName":"search_term_string"}}],"inLanguage":"es"},{"@type":"Organization","@id":"https:\/\/wpguerssen-test.odoo.rgbconsulting.com\/es\/#organization","name":"Guerssen records","url":"https:\/\/wpguerssen-test.odoo.rgbconsulting.com\/es\/","logo":{"@type":"ImageObject","inLanguage":"es","@id":"https:\/\/wpguerssen-test.odoo.rgbconsulting.com\/es\/#\/schema\/logo\/image\/","url":"https:\/\/wpguerssen-test.odoo.rgbconsulting.com\/wp-content\/uploads\/2022\/04\/Logo_Guerssen_trans_100.png","contentUrl":"https:\/\/wpguerssen-test.odoo.rgbconsulting.com\/wp-content\/uploads\/2022\/04\/Logo_Guerssen_trans_100.png","width":122,"height":100,"caption":"Guerssen records"},"image":{"@id":"https:\/\/wpguerssen-test.odoo.rgbconsulting.com\/es\/#\/schema\/logo\/image\/"}}]}},"_links":{"self":[{"href":"https:\/\/wpguerssen-test.odoo.rgbconsulting.com\/es\/wp-json\/wp\/v2\/product\/218899","targetHints":{"allow":["GET"]}}],"collection":[{"href":"https:\/\/wpguerssen-test.odoo.rgbconsulting.com\/es\/wp-json\/wp\/v2\/product"}],"about":[{"href":"https:\/\/wpguerssen-test.odoo.rgbconsulting.com\/es\/wp-json\/wp\/v2\/types\/product"}],"wp:featuredmedia":[{"embeddable":true,"href":"https:\/\/wpguerssen-test.odoo.rgbconsulting.com\/es\/wp-json\/wp\/v2\/media\/218861"}],"wp:attachment":[{"href":"https:\/\/wpguerssen-test.odoo.rgbconsulting.com\/es\/wp-json\/wp\/v2\/media?parent=218899"}],"wp:term":[{"taxonomy":"product_brand","embeddable":true,"href":"https:\/\/wpguerssen-test.odoo.rgbconsulting.com\/es\/wp-json\/wp\/v2\/product_brand?post=218899"},{"taxonomy":"product_cat","embeddable":true,"href":"https:\/\/wpguerssen-test.odoo.rgbconsulting.com\/es\/wp-json\/wp\/v2\/product_cat?post=218899"},{"taxonomy":"product_tag","embeddable":true,"href":"https:\/\/wpguerssen-test.odoo.rgbconsulting.com\/es\/wp-json\/wp\/v2\/product_tag?post=218899"}],"curies":[{"name":"wp","href":"https:\/\/api.w.org\/{rel}","templated":true}]}}