{"id":218900,"date":"2022-10-07T00:00:00","date_gmt":"2022-10-06T22:00:00","guid":{"rendered":"https:\/\/wpguerssen-test.odoo.rgbconsulting.com\/product\/someone-stole-your-love-im-yours\/"},"modified":"2024-02-21T12:48:23","modified_gmt":"2024-02-21T11:48:23","slug":"someone-stole-your-love-im-yours","status":"publish","type":"product","link":"https:\/\/wpguerssen-test.odoo.rgbconsulting.com\/es\/producto\/someone-stole-your-love-im-yours\/","title":{"rendered":"Someone Stole Your Love \/ I&#8217;m Yours"},"content":{"rendered":"<p>Superfly Records presenta, 12 a\u00f1os despu\u00e9s de relanzar el \u00e1lbum completo, una fant\u00e1stica doble cara de Island Soul de Frankie &#8216;Zhivago&#8217; Young, con sede en Nassau. El estelar &#8216;Someone Stole Your Love&#8217; ha alcanzado el estatus de culto en el circuito de coleccionistas de Soul 45, mientras que &#8216;I&#8217;m Yours&#8217;, otro punto culminante del \u00e1lbum, \u00a1nunca antes hab\u00eda estado en un 7! \u00a1Reedici\u00f3n de portada de imagen de alta calidad fabricada en Jap\u00f3n y limitada a 500 copias!<\/p>\n","protected":false},"excerpt":{"rendered":"<p>Superfly Records presenta, 12 a\u00f1os despu\u00e9s de relanzar el \u00e1lbum completo, una fant\u00e1stica doble cara de Island Soul de Frankie &#8216;Zhivago&#8217; Young, con<a class=\"read\" href=\"https:\/\/wpguerssen-test.odoo.rgbconsulting.com\/es\/producto\/someone-stole-your-love-im-yours\/\"> (...)<\/a>","protected":false},"featured_media":218864,"template":"","meta":{"_acf_changed":false},"product_brand":[],"product_cat":[21649],"product_tag":[],"class_list":{"0":"post-218900","1":"product","2":"type-product","3":"status-publish","4":"has-post-thumbnail","6":"product_cat-soul-rnb-es","7":"pa_artist-zhivago-frankie","8":"pa_format-7-es","9":"pa_gender-soul-rnb","10":"pa_label-superfly","11":"pa_location-north-america-es","12":"pa_other-filters-vinyl-only-es","14":"first","15":"instock","16":"taxable","17":"shipping-taxable","18":"purchasable","19":"product-type-simple"},"acf":[],"yoast_head":"<!-- This site is optimized with the Yoast SEO plugin v24.9 - https:\/\/yoast.com\/wordpress\/plugins\/seo\/ -->\n<title>ZHIVAGO, Frankie - Someone Stole Your Love \/ I&#039;m Yours -  (7&quot;) | Guerssen<\/title>\n<meta name=\"description\" content=\"Superfly Records presents, 12 years after re-releasing the full album, a fantastic Island Soul double sider from Nassau-based Frankie &#039;Zhivago&#039; Young. The stellar &#039;Someone Stole Your Love&#039; has reached cult status in Soul 45s collector&#039;s circuit, while &#039;I&#039;m Yours&#039;, another highlight of the album, has never been on a 7&#039;&#039; before! Top quality picture sleeve reissue manufactured in Japan and limited to 500 copies!\" \/>\n<meta name=\"robots\" content=\"index, follow, max-snippet:-1, max-image-preview:large, max-video-preview:-1\" \/>\n<link rel=\"canonical\" href=\"https:\/\/wpguerssen-test.odoo.rgbconsulting.com\/es\/producto\/someone-stole-your-love-im-yours\/\" \/>\n<meta property=\"og:locale\" content=\"es_ES\" \/>\n<meta property=\"og:type\" content=\"article\" \/>\n<meta property=\"og:title\" content=\"ZHIVAGO, Frankie - Someone Stole Your Love \/ I&#039;m Yours -  (7&quot;) | Guerssen\" \/>\n<meta property=\"og:description\" content=\"Superfly Records presents, 12 years after re-releasing the full album, a fantastic Island Soul double sider from Nassau-based Frankie &#039;Zhivago&#039; Young. The stellar &#039;Someone Stole Your Love&#039; has reached cult status in Soul 45s collector&#039;s circuit, while &#039;I&#039;m Yours&#039;, another highlight of the album, has never been on a 7&#039;&#039; before! Top quality picture sleeve reissue manufactured in Japan and limited to 500 copies!\" \/>\n<meta property=\"og:url\" content=\"https:\/\/wpguerssen-test.odoo.rgbconsulting.com\/es\/producto\/someone-stole-your-love-im-yours\/\" \/>\n<meta property=\"og:site_name\" content=\"Guerssen records\" \/>\n<meta property=\"article:modified_time\" content=\"2024-02-21T11:48:23+00:00\" \/>\n<meta property=\"og:image\" content=\"https:\/\/wpguerssen-test.odoo.rgbconsulting.com\/wp-content\/uploads\/2022\/10\/42006.jpg\" \/>\n\t<meta property=\"og:image:width\" content=\"480\" \/>\n\t<meta property=\"og:image:height\" content=\"480\" \/>\n\t<meta property=\"og:image:type\" content=\"image\/jpeg\" \/>\n<meta name=\"twitter:card\" content=\"summary_large_image\" \/>\n<meta name=\"twitter:title\" content=\"ZHIVAGO, Frankie - Someone Stole Your Love \/ I&#039;m Yours -  (7&quot;) | Guerssen\" \/>\n<script type=\"application\/ld+json\" class=\"yoast-schema-graph\">{\"@context\":\"https:\/\/schema.org\",\"@graph\":[{\"@type\":\"WebPage\",\"@id\":\"https:\/\/wpguerssen-test.odoo.rgbconsulting.com\/es\/producto\/someone-stole-your-love-im-yours\/\",\"url\":\"https:\/\/wpguerssen-test.odoo.rgbconsulting.com\/es\/producto\/someone-stole-your-love-im-yours\/\",\"name\":\"ZHIVAGO, Frankie - Someone Stole Your Love \/ I'm Yours - (7\\\") | Guerssen\",\"isPartOf\":{\"@id\":\"https:\/\/wpguerssen-test.odoo.rgbconsulting.com\/es\/#website\"},\"primaryImageOfPage\":{\"@id\":\"https:\/\/wpguerssen-test.odoo.rgbconsulting.com\/es\/producto\/someone-stole-your-love-im-yours\/#primaryimage\"},\"image\":{\"@id\":\"https:\/\/wpguerssen-test.odoo.rgbconsulting.com\/es\/producto\/someone-stole-your-love-im-yours\/#primaryimage\"},\"thumbnailUrl\":\"https:\/\/wpguerssen-test.odoo.rgbconsulting.com\/wp-content\/uploads\/2022\/10\/42006.jpg\",\"datePublished\":\"2022-10-06T22:00:00+00:00\",\"dateModified\":\"2024-02-21T11:48:23+00:00\",\"description\":\"Superfly Records presents, 12 years after re-releasing the full album, a fantastic Island Soul double sider from Nassau-based Frankie 'Zhivago' Young. The stellar 'Someone Stole Your Love' has reached cult status in Soul 45s collector's circuit, while 'I'm Yours', another highlight of the album, has never been on a 7'' before! Top quality picture sleeve reissue manufactured in Japan and limited to 500 copies!\",\"breadcrumb\":{\"@id\":\"https:\/\/wpguerssen-test.odoo.rgbconsulting.com\/es\/producto\/someone-stole-your-love-im-yours\/#breadcrumb\"},\"inLanguage\":\"es\",\"potentialAction\":[{\"@type\":\"ReadAction\",\"target\":[\"https:\/\/wpguerssen-test.odoo.rgbconsulting.com\/es\/producto\/someone-stole-your-love-im-yours\/\"]}]},{\"@type\":\"ImageObject\",\"inLanguage\":\"es\",\"@id\":\"https:\/\/wpguerssen-test.odoo.rgbconsulting.com\/es\/producto\/someone-stole-your-love-im-yours\/#primaryimage\",\"url\":\"https:\/\/wpguerssen-test.odoo.rgbconsulting.com\/wp-content\/uploads\/2022\/10\/42006.jpg\",\"contentUrl\":\"https:\/\/wpguerssen-test.odoo.rgbconsulting.com\/wp-content\/uploads\/2022\/10\/42006.jpg\",\"width\":480,\"height\":480,\"caption\":\"Frankie - Someone Stole Your Love \/ I'm Yours - SUPERFLY (7\\\") | Guerssen\"},{\"@type\":\"BreadcrumbList\",\"@id\":\"https:\/\/wpguerssen-test.odoo.rgbconsulting.com\/es\/producto\/someone-stole-your-love-im-yours\/#breadcrumb\",\"itemListElement\":[{\"@type\":\"ListItem\",\"position\":1,\"name\":\"Inicio\",\"item\":\"https:\/\/wpguerssen-test.odoo.rgbconsulting.com\/es\/\"},{\"@type\":\"ListItem\",\"position\":2,\"name\":\"Shop\",\"item\":\"https:\/\/wpguerssen-test.odoo.rgbconsulting.com\/shop\/\"},{\"@type\":\"ListItem\",\"position\":3,\"name\":\"Someone Stole Your Love \/ I&#8217;m Yours\"}]},{\"@type\":\"WebSite\",\"@id\":\"https:\/\/wpguerssen-test.odoo.rgbconsulting.com\/es\/#website\",\"url\":\"https:\/\/wpguerssen-test.odoo.rgbconsulting.com\/es\/\",\"name\":\"Guerssen records\",\"description\":\"psychedelia - progressive - folk - garage \",\"publisher\":{\"@id\":\"https:\/\/wpguerssen-test.odoo.rgbconsulting.com\/es\/#organization\"},\"potentialAction\":[{\"@type\":\"SearchAction\",\"target\":{\"@type\":\"EntryPoint\",\"urlTemplate\":\"https:\/\/wpguerssen-test.odoo.rgbconsulting.com\/es\/?s={search_term_string}\"},\"query-input\":{\"@type\":\"PropertyValueSpecification\",\"valueRequired\":true,\"valueName\":\"search_term_string\"}}],\"inLanguage\":\"es\"},{\"@type\":\"Organization\",\"@id\":\"https:\/\/wpguerssen-test.odoo.rgbconsulting.com\/es\/#organization\",\"name\":\"Guerssen records\",\"url\":\"https:\/\/wpguerssen-test.odoo.rgbconsulting.com\/es\/\",\"logo\":{\"@type\":\"ImageObject\",\"inLanguage\":\"es\",\"@id\":\"https:\/\/wpguerssen-test.odoo.rgbconsulting.com\/es\/#\/schema\/logo\/image\/\",\"url\":\"https:\/\/wpguerssen-test.odoo.rgbconsulting.com\/wp-content\/uploads\/2022\/04\/Logo_Guerssen_trans_100.png\",\"contentUrl\":\"https:\/\/wpguerssen-test.odoo.rgbconsulting.com\/wp-content\/uploads\/2022\/04\/Logo_Guerssen_trans_100.png\",\"width\":122,\"height\":100,\"caption\":\"Guerssen records\"},\"image\":{\"@id\":\"https:\/\/wpguerssen-test.odoo.rgbconsulting.com\/es\/#\/schema\/logo\/image\/\"}}]}<\/script>\n<!-- \/ Yoast SEO plugin. -->","yoast_head_json":{"title":"ZHIVAGO, Frankie - Someone Stole Your Love \/ I'm Yours -  (7\") | Guerssen","description":"Superfly Records presents, 12 years after re-releasing the full album, a fantastic Island Soul double sider from Nassau-based Frankie 'Zhivago' Young. The stellar 'Someone Stole Your Love' has reached cult status in Soul 45s collector's circuit, while 'I'm Yours', another highlight of the album, has never been on a 7'' before! Top quality picture sleeve reissue manufactured in Japan and limited to 500 copies!","robots":{"index":"index","follow":"follow","max-snippet":"max-snippet:-1","max-image-preview":"max-image-preview:large","max-video-preview":"max-video-preview:-1"},"canonical":"https:\/\/wpguerssen-test.odoo.rgbconsulting.com\/es\/producto\/someone-stole-your-love-im-yours\/","og_locale":"es_ES","og_type":"article","og_title":"ZHIVAGO, Frankie - Someone Stole Your Love \/ I'm Yours -  (7\") | Guerssen","og_description":"Superfly Records presents, 12 years after re-releasing the full album, a fantastic Island Soul double sider from Nassau-based Frankie 'Zhivago' Young. The stellar 'Someone Stole Your Love' has reached cult status in Soul 45s collector's circuit, while 'I'm Yours', another highlight of the album, has never been on a 7'' before! Top quality picture sleeve reissue manufactured in Japan and limited to 500 copies!","og_url":"https:\/\/wpguerssen-test.odoo.rgbconsulting.com\/es\/producto\/someone-stole-your-love-im-yours\/","og_site_name":"Guerssen records","article_modified_time":"2024-02-21T11:48:23+00:00","og_image":[{"width":480,"height":480,"url":"https:\/\/wpguerssen-test.odoo.rgbconsulting.com\/wp-content\/uploads\/2022\/10\/42006.jpg","type":"image\/jpeg"}],"twitter_card":"summary_large_image","twitter_title":"ZHIVAGO, Frankie - Someone Stole Your Love \/ I'm Yours -  (7\") | Guerssen","schema":{"@context":"https:\/\/schema.org","@graph":[{"@type":"WebPage","@id":"https:\/\/wpguerssen-test.odoo.rgbconsulting.com\/es\/producto\/someone-stole-your-love-im-yours\/","url":"https:\/\/wpguerssen-test.odoo.rgbconsulting.com\/es\/producto\/someone-stole-your-love-im-yours\/","name":"ZHIVAGO, Frankie - Someone Stole Your Love \/ I'm Yours - (7\") | Guerssen","isPartOf":{"@id":"https:\/\/wpguerssen-test.odoo.rgbconsulting.com\/es\/#website"},"primaryImageOfPage":{"@id":"https:\/\/wpguerssen-test.odoo.rgbconsulting.com\/es\/producto\/someone-stole-your-love-im-yours\/#primaryimage"},"image":{"@id":"https:\/\/wpguerssen-test.odoo.rgbconsulting.com\/es\/producto\/someone-stole-your-love-im-yours\/#primaryimage"},"thumbnailUrl":"https:\/\/wpguerssen-test.odoo.rgbconsulting.com\/wp-content\/uploads\/2022\/10\/42006.jpg","datePublished":"2022-10-06T22:00:00+00:00","dateModified":"2024-02-21T11:48:23+00:00","description":"Superfly Records presents, 12 years after re-releasing the full album, a fantastic Island Soul double sider from Nassau-based Frankie 'Zhivago' Young. The stellar 'Someone Stole Your Love' has reached cult status in Soul 45s collector's circuit, while 'I'm Yours', another highlight of the album, has never been on a 7'' before! Top quality picture sleeve reissue manufactured in Japan and limited to 500 copies!","breadcrumb":{"@id":"https:\/\/wpguerssen-test.odoo.rgbconsulting.com\/es\/producto\/someone-stole-your-love-im-yours\/#breadcrumb"},"inLanguage":"es","potentialAction":[{"@type":"ReadAction","target":["https:\/\/wpguerssen-test.odoo.rgbconsulting.com\/es\/producto\/someone-stole-your-love-im-yours\/"]}]},{"@type":"ImageObject","inLanguage":"es","@id":"https:\/\/wpguerssen-test.odoo.rgbconsulting.com\/es\/producto\/someone-stole-your-love-im-yours\/#primaryimage","url":"https:\/\/wpguerssen-test.odoo.rgbconsulting.com\/wp-content\/uploads\/2022\/10\/42006.jpg","contentUrl":"https:\/\/wpguerssen-test.odoo.rgbconsulting.com\/wp-content\/uploads\/2022\/10\/42006.jpg","width":480,"height":480,"caption":"Frankie - Someone Stole Your Love \/ I'm Yours - SUPERFLY (7\") | Guerssen"},{"@type":"BreadcrumbList","@id":"https:\/\/wpguerssen-test.odoo.rgbconsulting.com\/es\/producto\/someone-stole-your-love-im-yours\/#breadcrumb","itemListElement":[{"@type":"ListItem","position":1,"name":"Inicio","item":"https:\/\/wpguerssen-test.odoo.rgbconsulting.com\/es\/"},{"@type":"ListItem","position":2,"name":"Shop","item":"https:\/\/wpguerssen-test.odoo.rgbconsulting.com\/shop\/"},{"@type":"ListItem","position":3,"name":"Someone Stole Your Love \/ I&#8217;m Yours"}]},{"@type":"WebSite","@id":"https:\/\/wpguerssen-test.odoo.rgbconsulting.com\/es\/#website","url":"https:\/\/wpguerssen-test.odoo.rgbconsulting.com\/es\/","name":"Guerssen records","description":"psychedelia - progressive - folk - garage ","publisher":{"@id":"https:\/\/wpguerssen-test.odoo.rgbconsulting.com\/es\/#organization"},"potentialAction":[{"@type":"SearchAction","target":{"@type":"EntryPoint","urlTemplate":"https:\/\/wpguerssen-test.odoo.rgbconsulting.com\/es\/?s={search_term_string}"},"query-input":{"@type":"PropertyValueSpecification","valueRequired":true,"valueName":"search_term_string"}}],"inLanguage":"es"},{"@type":"Organization","@id":"https:\/\/wpguerssen-test.odoo.rgbconsulting.com\/es\/#organization","name":"Guerssen records","url":"https:\/\/wpguerssen-test.odoo.rgbconsulting.com\/es\/","logo":{"@type":"ImageObject","inLanguage":"es","@id":"https:\/\/wpguerssen-test.odoo.rgbconsulting.com\/es\/#\/schema\/logo\/image\/","url":"https:\/\/wpguerssen-test.odoo.rgbconsulting.com\/wp-content\/uploads\/2022\/04\/Logo_Guerssen_trans_100.png","contentUrl":"https:\/\/wpguerssen-test.odoo.rgbconsulting.com\/wp-content\/uploads\/2022\/04\/Logo_Guerssen_trans_100.png","width":122,"height":100,"caption":"Guerssen records"},"image":{"@id":"https:\/\/wpguerssen-test.odoo.rgbconsulting.com\/es\/#\/schema\/logo\/image\/"}}]}},"_links":{"self":[{"href":"https:\/\/wpguerssen-test.odoo.rgbconsulting.com\/es\/wp-json\/wp\/v2\/product\/218900","targetHints":{"allow":["GET"]}}],"collection":[{"href":"https:\/\/wpguerssen-test.odoo.rgbconsulting.com\/es\/wp-json\/wp\/v2\/product"}],"about":[{"href":"https:\/\/wpguerssen-test.odoo.rgbconsulting.com\/es\/wp-json\/wp\/v2\/types\/product"}],"wp:featuredmedia":[{"embeddable":true,"href":"https:\/\/wpguerssen-test.odoo.rgbconsulting.com\/es\/wp-json\/wp\/v2\/media\/218864"}],"wp:attachment":[{"href":"https:\/\/wpguerssen-test.odoo.rgbconsulting.com\/es\/wp-json\/wp\/v2\/media?parent=218900"}],"wp:term":[{"taxonomy":"product_brand","embeddable":true,"href":"https:\/\/wpguerssen-test.odoo.rgbconsulting.com\/es\/wp-json\/wp\/v2\/product_brand?post=218900"},{"taxonomy":"product_cat","embeddable":true,"href":"https:\/\/wpguerssen-test.odoo.rgbconsulting.com\/es\/wp-json\/wp\/v2\/product_cat?post=218900"},{"taxonomy":"product_tag","embeddable":true,"href":"https:\/\/wpguerssen-test.odoo.rgbconsulting.com\/es\/wp-json\/wp\/v2\/product_tag?post=218900"}],"curies":[{"name":"wp","href":"https:\/\/api.w.org\/{rel}","templated":true}]}}