{"id":219066,"date":"2022-11-23T00:00:00","date_gmt":"2022-11-22T23:00:00","guid":{"rendered":"https:\/\/wpguerssen-test.odoo.rgbconsulting.com\/product\/arecibo\/"},"modified":"2024-10-29T16:30:41","modified_gmt":"2024-10-29T15:30:41","slug":"arecibo","status":"publish","type":"product","link":"https:\/\/wpguerssen-test.odoo.rgbconsulting.com\/es\/producto\/arecibo\/","title":{"rendered":"Arecibo"},"content":{"rendered":"<p>Este \u00e1lbum de 1969 consolid\u00f3 la carrera del tresista peruano Mita e incluye los memorables originales &#8216;Mita descarga&#8217;, el incre\u00edblemente r\u00e1pido &#8216;Descarga en botella y g\u00fciro&#8217; y el \u00edntimo &#8216;No aguanto m\u00e1s&#8217;, as\u00ed como versiones de guarachas cubanas y \u00e9xitos del repertorio. de artistas puertorrique\u00f1os como Joe Cuba, Ismael Rivera y Cortijo y su Combo. Aunque su fama trascendi\u00f3 las fronteras nacionales a fines de la d\u00e9cada de 1970, cuando artistas como Celia Cruz, Ismael Miranda y la Sonora Ponce\u00f1a le pidieron que tocara con ellos en sus giras por Lima, nunca lanz\u00f3 otro disco. Primera reedici\u00f3n.<br \/>TRACKLIST LADO A 1. MANGO MENGU\u00c9 2. EL YOYO 3. ARECIBO 4. NO COMAN CUENTO 5. COMPAY CHIFUCO 6. MITA DESCARGA LADO B 1. LINDA PERUANA 2. ORIZA OCO 3. CALIENTE GUAGUANCO 4. DESCARGA EN BOTELLA Y G\u00dcIRO 5. NO AGUANTO MAS 6. CON MI MAMBO<\/p>\n","protected":false},"excerpt":{"rendered":"<p>Este \u00e1lbum de 1969 consolid\u00f3 la carrera del tresista peruano Mita e incluye los memorables originales &#8216;Mita descarga&#8217;, el incre\u00edblemente r\u00e1pido &#8216;Descarga<a class=\"read\" href=\"https:\/\/wpguerssen-test.odoo.rgbconsulting.com\/es\/producto\/arecibo\/\"> (...)<\/a>","protected":false},"featured_media":221074,"template":"","meta":{"_acf_changed":false},"product_brand":[],"product_cat":[23231],"product_tag":[24190],"class_list":{"0":"post-219066","1":"product","2":"type-product","3":"status-publish","4":"has-post-thumbnail","6":"product_cat-latin-brazilian-es","7":"product_tag-sales-es","8":"pa_artist-mita-y-su-monte-adentro","9":"pa_format-lp-es","10":"pa_gender-latin-brazilian","11":"pa_label-vampi-soul-es","12":"pa_location-south-america-caribbean-es","13":"pa_other-filters-vinyl-only-es","15":"first","16":"instock","17":"taxable","18":"shipping-taxable","19":"purchasable","20":"product-type-simple"},"acf":[],"yoast_head":"<!-- This site is optimized with the Yoast SEO plugin v24.9 - https:\/\/yoast.com\/wordpress\/plugins\/seo\/ -->\n<title>MITA Y SU MONTE ADENTRO - Arecibo -  (LP) | Guerssen<\/title>\n<meta name=\"description\" content=\"This 1969 album established Peruvian tres player Mita&#039;s career and includes the memorable originals &#039;Mita descarga&#039;, the incredibly fast &#039;Descarga en botella y g\u00fciro&#039; and the intimate &#039;No aguanto m\u00e1s&#039;, as well as versions of Cuban guarachas and hits from the repertoire of Puerto Rican artists like Joe Cuba, Ismael Rivera and Cortijo y su Combo. Although his fame transcended national borders in the late 1970s, when artists such as Celia Cruz, Ismael Miranda and the Sonora Ponce\u00f1a requested he played with them on their tours of Lima, he never released another album. First time reissue.TRACKLIST SIDE A 1. MANGO MENGU\u00c9 2. EL YOYO 3. ARECIBO 4. NO COMAN CUENTO 5. COMPAY CHIFUCO 6. MITA DESCARGA SIDE B 1. LINDA PERUANA 2. ORIZA OCO 3. CALIENTE GUAGUANCO 4. DESCARGA EN BOTELLA Y G\u00dcIRO 5. NO AGUANTO MAS 6. CON MI MAMBO\" \/>\n<meta name=\"robots\" content=\"index, follow, max-snippet:-1, max-image-preview:large, max-video-preview:-1\" \/>\n<link rel=\"canonical\" href=\"https:\/\/wpguerssen-test.odoo.rgbconsulting.com\/es\/producto\/arecibo\/\" \/>\n<meta property=\"og:locale\" content=\"es_ES\" \/>\n<meta property=\"og:type\" content=\"article\" \/>\n<meta property=\"og:title\" content=\"MITA Y SU MONTE ADENTRO - Arecibo -  (LP) | Guerssen\" \/>\n<meta property=\"og:description\" content=\"This 1969 album established Peruvian tres player Mita&#039;s career and includes the memorable originals &#039;Mita descarga&#039;, the incredibly fast &#039;Descarga en botella y g\u00fciro&#039; and the intimate &#039;No aguanto m\u00e1s&#039;, as well as versions of Cuban guarachas and hits from the repertoire of Puerto Rican artists like Joe Cuba, Ismael Rivera and Cortijo y su Combo. Although his fame transcended national borders in the late 1970s, when artists such as Celia Cruz, Ismael Miranda and the Sonora Ponce\u00f1a requested he played with them on their tours of Lima, he never released another album. First time reissue.TRACKLIST SIDE A 1. MANGO MENGU\u00c9 2. EL YOYO 3. ARECIBO 4. NO COMAN CUENTO 5. COMPAY CHIFUCO 6. MITA DESCARGA SIDE B 1. LINDA PERUANA 2. ORIZA OCO 3. CALIENTE GUAGUANCO 4. DESCARGA EN BOTELLA Y G\u00dcIRO 5. NO AGUANTO MAS 6. CON MI MAMBO\" \/>\n<meta property=\"og:url\" content=\"https:\/\/wpguerssen-test.odoo.rgbconsulting.com\/es\/producto\/arecibo\/\" \/>\n<meta property=\"og:site_name\" content=\"Guerssen records\" \/>\n<meta property=\"article:modified_time\" content=\"2024-10-29T15:30:41+00:00\" \/>\n<meta property=\"og:image\" content=\"https:\/\/wpguerssen-test.odoo.rgbconsulting.com\/wp-content\/uploads\/2022\/11\/42032.jpg\" \/>\n\t<meta property=\"og:image:width\" content=\"1200\" \/>\n\t<meta property=\"og:image:height\" content=\"1200\" \/>\n\t<meta property=\"og:image:type\" content=\"image\/jpeg\" \/>\n<meta name=\"twitter:card\" content=\"summary_large_image\" \/>\n<meta name=\"twitter:title\" content=\"MITA Y SU MONTE ADENTRO - Arecibo -  (LP) | Guerssen\" \/>\n<meta name=\"twitter:label1\" content=\"Tiempo de lectura\" \/>\n\t<meta name=\"twitter:data1\" content=\"1 minuto\" \/>\n<script type=\"application\/ld+json\" class=\"yoast-schema-graph\">{\"@context\":\"https:\/\/schema.org\",\"@graph\":[{\"@type\":\"WebPage\",\"@id\":\"https:\/\/wpguerssen-test.odoo.rgbconsulting.com\/es\/producto\/arecibo\/\",\"url\":\"https:\/\/wpguerssen-test.odoo.rgbconsulting.com\/es\/producto\/arecibo\/\",\"name\":\"MITA Y SU MONTE ADENTRO - Arecibo - (LP) | Guerssen\",\"isPartOf\":{\"@id\":\"https:\/\/wpguerssen-test.odoo.rgbconsulting.com\/es\/#website\"},\"primaryImageOfPage\":{\"@id\":\"https:\/\/wpguerssen-test.odoo.rgbconsulting.com\/es\/producto\/arecibo\/#primaryimage\"},\"image\":{\"@id\":\"https:\/\/wpguerssen-test.odoo.rgbconsulting.com\/es\/producto\/arecibo\/#primaryimage\"},\"thumbnailUrl\":\"https:\/\/wpguerssen-test.odoo.rgbconsulting.com\/wp-content\/uploads\/2022\/11\/42032.jpg\",\"datePublished\":\"2022-11-22T23:00:00+00:00\",\"dateModified\":\"2024-10-29T15:30:41+00:00\",\"description\":\"This 1969 album established Peruvian tres player Mita's career and includes the memorable originals 'Mita descarga', the incredibly fast 'Descarga en botella y g\u00fciro' and the intimate 'No aguanto m\u00e1s', as well as versions of Cuban guarachas and hits from the repertoire of Puerto Rican artists like Joe Cuba, Ismael Rivera and Cortijo y su Combo. Although his fame transcended national borders in the late 1970s, when artists such as Celia Cruz, Ismael Miranda and the Sonora Ponce\u00f1a requested he played with them on their tours of Lima, he never released another album. First time reissue.TRACKLIST SIDE A 1. MANGO MENGU\u00c9 2. EL YOYO 3. ARECIBO 4. NO COMAN CUENTO 5. COMPAY CHIFUCO 6. MITA DESCARGA SIDE B 1. LINDA PERUANA 2. ORIZA OCO 3. CALIENTE GUAGUANCO 4. DESCARGA EN BOTELLA Y G\u00dcIRO 5. NO AGUANTO MAS 6. CON MI MAMBO\",\"breadcrumb\":{\"@id\":\"https:\/\/wpguerssen-test.odoo.rgbconsulting.com\/es\/producto\/arecibo\/#breadcrumb\"},\"inLanguage\":\"es\",\"potentialAction\":[{\"@type\":\"ReadAction\",\"target\":[\"https:\/\/wpguerssen-test.odoo.rgbconsulting.com\/es\/producto\/arecibo\/\"]}]},{\"@type\":\"ImageObject\",\"inLanguage\":\"es\",\"@id\":\"https:\/\/wpguerssen-test.odoo.rgbconsulting.com\/es\/producto\/arecibo\/#primaryimage\",\"url\":\"https:\/\/wpguerssen-test.odoo.rgbconsulting.com\/wp-content\/uploads\/2022\/11\/42032.jpg\",\"contentUrl\":\"https:\/\/wpguerssen-test.odoo.rgbconsulting.com\/wp-content\/uploads\/2022\/11\/42032.jpg\",\"width\":1200,\"height\":1200},{\"@type\":\"BreadcrumbList\",\"@id\":\"https:\/\/wpguerssen-test.odoo.rgbconsulting.com\/es\/producto\/arecibo\/#breadcrumb\",\"itemListElement\":[{\"@type\":\"ListItem\",\"position\":1,\"name\":\"Inicio\",\"item\":\"https:\/\/wpguerssen-test.odoo.rgbconsulting.com\/es\/\"},{\"@type\":\"ListItem\",\"position\":2,\"name\":\"Shop\",\"item\":\"https:\/\/wpguerssen-test.odoo.rgbconsulting.com\/shop\/\"},{\"@type\":\"ListItem\",\"position\":3,\"name\":\"Arecibo\"}]},{\"@type\":\"WebSite\",\"@id\":\"https:\/\/wpguerssen-test.odoo.rgbconsulting.com\/es\/#website\",\"url\":\"https:\/\/wpguerssen-test.odoo.rgbconsulting.com\/es\/\",\"name\":\"Guerssen records\",\"description\":\"psychedelia - progressive - folk - garage \",\"publisher\":{\"@id\":\"https:\/\/wpguerssen-test.odoo.rgbconsulting.com\/es\/#organization\"},\"potentialAction\":[{\"@type\":\"SearchAction\",\"target\":{\"@type\":\"EntryPoint\",\"urlTemplate\":\"https:\/\/wpguerssen-test.odoo.rgbconsulting.com\/es\/?s={search_term_string}\"},\"query-input\":{\"@type\":\"PropertyValueSpecification\",\"valueRequired\":true,\"valueName\":\"search_term_string\"}}],\"inLanguage\":\"es\"},{\"@type\":\"Organization\",\"@id\":\"https:\/\/wpguerssen-test.odoo.rgbconsulting.com\/es\/#organization\",\"name\":\"Guerssen records\",\"url\":\"https:\/\/wpguerssen-test.odoo.rgbconsulting.com\/es\/\",\"logo\":{\"@type\":\"ImageObject\",\"inLanguage\":\"es\",\"@id\":\"https:\/\/wpguerssen-test.odoo.rgbconsulting.com\/es\/#\/schema\/logo\/image\/\",\"url\":\"https:\/\/wpguerssen-test.odoo.rgbconsulting.com\/wp-content\/uploads\/2022\/04\/Logo_Guerssen_trans_100.png\",\"contentUrl\":\"https:\/\/wpguerssen-test.odoo.rgbconsulting.com\/wp-content\/uploads\/2022\/04\/Logo_Guerssen_trans_100.png\",\"width\":122,\"height\":100,\"caption\":\"Guerssen records\"},\"image\":{\"@id\":\"https:\/\/wpguerssen-test.odoo.rgbconsulting.com\/es\/#\/schema\/logo\/image\/\"}}]}<\/script>\n<!-- \/ Yoast SEO plugin. -->","yoast_head_json":{"title":"MITA Y SU MONTE ADENTRO - Arecibo -  (LP) | Guerssen","description":"This 1969 album established Peruvian tres player Mita's career and includes the memorable originals 'Mita descarga', the incredibly fast 'Descarga en botella y g\u00fciro' and the intimate 'No aguanto m\u00e1s', as well as versions of Cuban guarachas and hits from the repertoire of Puerto Rican artists like Joe Cuba, Ismael Rivera and Cortijo y su Combo. Although his fame transcended national borders in the late 1970s, when artists such as Celia Cruz, Ismael Miranda and the Sonora Ponce\u00f1a requested he played with them on their tours of Lima, he never released another album. First time reissue.TRACKLIST SIDE A 1. MANGO MENGU\u00c9 2. EL YOYO 3. ARECIBO 4. NO COMAN CUENTO 5. COMPAY CHIFUCO 6. MITA DESCARGA SIDE B 1. LINDA PERUANA 2. ORIZA OCO 3. CALIENTE GUAGUANCO 4. DESCARGA EN BOTELLA Y G\u00dcIRO 5. NO AGUANTO MAS 6. CON MI MAMBO","robots":{"index":"index","follow":"follow","max-snippet":"max-snippet:-1","max-image-preview":"max-image-preview:large","max-video-preview":"max-video-preview:-1"},"canonical":"https:\/\/wpguerssen-test.odoo.rgbconsulting.com\/es\/producto\/arecibo\/","og_locale":"es_ES","og_type":"article","og_title":"MITA Y SU MONTE ADENTRO - Arecibo -  (LP) | Guerssen","og_description":"This 1969 album established Peruvian tres player Mita's career and includes the memorable originals 'Mita descarga', the incredibly fast 'Descarga en botella y g\u00fciro' and the intimate 'No aguanto m\u00e1s', as well as versions of Cuban guarachas and hits from the repertoire of Puerto Rican artists like Joe Cuba, Ismael Rivera and Cortijo y su Combo. Although his fame transcended national borders in the late 1970s, when artists such as Celia Cruz, Ismael Miranda and the Sonora Ponce\u00f1a requested he played with them on their tours of Lima, he never released another album. First time reissue.TRACKLIST SIDE A 1. MANGO MENGU\u00c9 2. EL YOYO 3. ARECIBO 4. NO COMAN CUENTO 5. COMPAY CHIFUCO 6. MITA DESCARGA SIDE B 1. LINDA PERUANA 2. ORIZA OCO 3. CALIENTE GUAGUANCO 4. DESCARGA EN BOTELLA Y G\u00dcIRO 5. NO AGUANTO MAS 6. CON MI MAMBO","og_url":"https:\/\/wpguerssen-test.odoo.rgbconsulting.com\/es\/producto\/arecibo\/","og_site_name":"Guerssen records","article_modified_time":"2024-10-29T15:30:41+00:00","og_image":[{"width":1200,"height":1200,"url":"https:\/\/wpguerssen-test.odoo.rgbconsulting.com\/wp-content\/uploads\/2022\/11\/42032.jpg","type":"image\/jpeg"}],"twitter_card":"summary_large_image","twitter_title":"MITA Y SU MONTE ADENTRO - Arecibo -  (LP) | Guerssen","twitter_misc":{"Tiempo de lectura":"1 minuto"},"schema":{"@context":"https:\/\/schema.org","@graph":[{"@type":"WebPage","@id":"https:\/\/wpguerssen-test.odoo.rgbconsulting.com\/es\/producto\/arecibo\/","url":"https:\/\/wpguerssen-test.odoo.rgbconsulting.com\/es\/producto\/arecibo\/","name":"MITA Y SU MONTE ADENTRO - Arecibo - (LP) | Guerssen","isPartOf":{"@id":"https:\/\/wpguerssen-test.odoo.rgbconsulting.com\/es\/#website"},"primaryImageOfPage":{"@id":"https:\/\/wpguerssen-test.odoo.rgbconsulting.com\/es\/producto\/arecibo\/#primaryimage"},"image":{"@id":"https:\/\/wpguerssen-test.odoo.rgbconsulting.com\/es\/producto\/arecibo\/#primaryimage"},"thumbnailUrl":"https:\/\/wpguerssen-test.odoo.rgbconsulting.com\/wp-content\/uploads\/2022\/11\/42032.jpg","datePublished":"2022-11-22T23:00:00+00:00","dateModified":"2024-10-29T15:30:41+00:00","description":"This 1969 album established Peruvian tres player Mita's career and includes the memorable originals 'Mita descarga', the incredibly fast 'Descarga en botella y g\u00fciro' and the intimate 'No aguanto m\u00e1s', as well as versions of Cuban guarachas and hits from the repertoire of Puerto Rican artists like Joe Cuba, Ismael Rivera and Cortijo y su Combo. Although his fame transcended national borders in the late 1970s, when artists such as Celia Cruz, Ismael Miranda and the Sonora Ponce\u00f1a requested he played with them on their tours of Lima, he never released another album. First time reissue.TRACKLIST SIDE A 1. MANGO MENGU\u00c9 2. EL YOYO 3. ARECIBO 4. NO COMAN CUENTO 5. COMPAY CHIFUCO 6. MITA DESCARGA SIDE B 1. LINDA PERUANA 2. ORIZA OCO 3. CALIENTE GUAGUANCO 4. DESCARGA EN BOTELLA Y G\u00dcIRO 5. NO AGUANTO MAS 6. CON MI MAMBO","breadcrumb":{"@id":"https:\/\/wpguerssen-test.odoo.rgbconsulting.com\/es\/producto\/arecibo\/#breadcrumb"},"inLanguage":"es","potentialAction":[{"@type":"ReadAction","target":["https:\/\/wpguerssen-test.odoo.rgbconsulting.com\/es\/producto\/arecibo\/"]}]},{"@type":"ImageObject","inLanguage":"es","@id":"https:\/\/wpguerssen-test.odoo.rgbconsulting.com\/es\/producto\/arecibo\/#primaryimage","url":"https:\/\/wpguerssen-test.odoo.rgbconsulting.com\/wp-content\/uploads\/2022\/11\/42032.jpg","contentUrl":"https:\/\/wpguerssen-test.odoo.rgbconsulting.com\/wp-content\/uploads\/2022\/11\/42032.jpg","width":1200,"height":1200},{"@type":"BreadcrumbList","@id":"https:\/\/wpguerssen-test.odoo.rgbconsulting.com\/es\/producto\/arecibo\/#breadcrumb","itemListElement":[{"@type":"ListItem","position":1,"name":"Inicio","item":"https:\/\/wpguerssen-test.odoo.rgbconsulting.com\/es\/"},{"@type":"ListItem","position":2,"name":"Shop","item":"https:\/\/wpguerssen-test.odoo.rgbconsulting.com\/shop\/"},{"@type":"ListItem","position":3,"name":"Arecibo"}]},{"@type":"WebSite","@id":"https:\/\/wpguerssen-test.odoo.rgbconsulting.com\/es\/#website","url":"https:\/\/wpguerssen-test.odoo.rgbconsulting.com\/es\/","name":"Guerssen records","description":"psychedelia - progressive - folk - garage ","publisher":{"@id":"https:\/\/wpguerssen-test.odoo.rgbconsulting.com\/es\/#organization"},"potentialAction":[{"@type":"SearchAction","target":{"@type":"EntryPoint","urlTemplate":"https:\/\/wpguerssen-test.odoo.rgbconsulting.com\/es\/?s={search_term_string}"},"query-input":{"@type":"PropertyValueSpecification","valueRequired":true,"valueName":"search_term_string"}}],"inLanguage":"es"},{"@type":"Organization","@id":"https:\/\/wpguerssen-test.odoo.rgbconsulting.com\/es\/#organization","name":"Guerssen records","url":"https:\/\/wpguerssen-test.odoo.rgbconsulting.com\/es\/","logo":{"@type":"ImageObject","inLanguage":"es","@id":"https:\/\/wpguerssen-test.odoo.rgbconsulting.com\/es\/#\/schema\/logo\/image\/","url":"https:\/\/wpguerssen-test.odoo.rgbconsulting.com\/wp-content\/uploads\/2022\/04\/Logo_Guerssen_trans_100.png","contentUrl":"https:\/\/wpguerssen-test.odoo.rgbconsulting.com\/wp-content\/uploads\/2022\/04\/Logo_Guerssen_trans_100.png","width":122,"height":100,"caption":"Guerssen records"},"image":{"@id":"https:\/\/wpguerssen-test.odoo.rgbconsulting.com\/es\/#\/schema\/logo\/image\/"}}]}},"_links":{"self":[{"href":"https:\/\/wpguerssen-test.odoo.rgbconsulting.com\/es\/wp-json\/wp\/v2\/product\/219066","targetHints":{"allow":["GET"]}}],"collection":[{"href":"https:\/\/wpguerssen-test.odoo.rgbconsulting.com\/es\/wp-json\/wp\/v2\/product"}],"about":[{"href":"https:\/\/wpguerssen-test.odoo.rgbconsulting.com\/es\/wp-json\/wp\/v2\/types\/product"}],"wp:featuredmedia":[{"embeddable":true,"href":"https:\/\/wpguerssen-test.odoo.rgbconsulting.com\/es\/wp-json\/wp\/v2\/media\/221074"}],"wp:attachment":[{"href":"https:\/\/wpguerssen-test.odoo.rgbconsulting.com\/es\/wp-json\/wp\/v2\/media?parent=219066"}],"wp:term":[{"taxonomy":"product_brand","embeddable":true,"href":"https:\/\/wpguerssen-test.odoo.rgbconsulting.com\/es\/wp-json\/wp\/v2\/product_brand?post=219066"},{"taxonomy":"product_cat","embeddable":true,"href":"https:\/\/wpguerssen-test.odoo.rgbconsulting.com\/es\/wp-json\/wp\/v2\/product_cat?post=219066"},{"taxonomy":"product_tag","embeddable":true,"href":"https:\/\/wpguerssen-test.odoo.rgbconsulting.com\/es\/wp-json\/wp\/v2\/product_tag?post=219066"}],"curies":[{"name":"wp","href":"https:\/\/api.w.org\/{rel}","templated":true}]}}