{"id":219068,"date":"2025-02-10T00:00:00","date_gmt":"2025-02-09T23:00:00","guid":{"rendered":"https:\/\/wpguerssen-test.odoo.rgbconsulting.com\/product\/gozando\/"},"modified":"2025-04-24T17:11:05","modified_gmt":"2025-04-24T15:11:05","slug":"gozando","status":"publish","type":"product","link":"https:\/\/wpguerssen-test.odoo.rgbconsulting.com\/es\/producto\/gozando\/","title":{"rendered":"Gozando!!"},"content":{"rendered":"<p>Uno de los &#8216;santos griales&#8217; de la m\u00fasica cubana de la d\u00e9cada de 1960 no fue grabado, producido o lanzado en La Habana o Nueva York; de hecho fue hecho en Lima, Per\u00fa. Quiz\u00e1s por el hecho de que fue grabado en Sudam\u00e9rica, Gozando!! tiene m\u00e1s que simplemente g\u00e9neros cubanos y nuyoricanos como pachanga, mambo, descarga, guaracha y bolero; tambi\u00e9n hay una fant\u00e1stica versi\u00f3n del cl\u00e1sico de la cumbia colombiana &#8216;Tabaquera&#8217;. En general, estas vibrantes sesiones de MAG suenan como un disco perdido hace mucho tiempo de Cachao y Tito Puente si dirigieran una orquesta con Charlie Palmieri al piano y Tito Rodr\u00edguez a la voz. Siempre una pieza de colecci\u00f3n extremadamente rara, Gozando!! Est\u00e1 disponible de nuevo con esta primera reedici\u00f3n fielmente reproducida.<br \/>TRACKLIST SIDE A 1. GOZALO 2. APRIETA 3. SI ME PUDIERAS QUERER 4. GUAJIRA 5. EL COLUMPIO 6. TABAQUERA SIDE B 1. EL JALEO 2. QU\u00c9 RICO SABOR 3. CORAZON EN CRISTAL 4. PACHANGA SE BAILA ASI 5. DAME TU CARI\u00d1O 6. PACHANGA CON GUAGUANCO<\/p>\n","protected":false},"excerpt":{"rendered":"<p>Uno de los &#8216;santos griales&#8217; de la m\u00fasica cubana de la d\u00e9cada de 1960 no fue grabado, producido o lanzado en La Habana o Nueva York; de hecho fue hecho<a class=\"read\" href=\"https:\/\/wpguerssen-test.odoo.rgbconsulting.com\/es\/producto\/gozando\/\"> (...)<\/a>","protected":false},"featured_media":220997,"template":"","meta":{"_acf_changed":false},"product_brand":[],"product_cat":[23231],"product_tag":[24190],"class_list":{"0":"post-219068","1":"product","2":"type-product","3":"status-publish","4":"has-post-thumbnail","6":"product_cat-latin-brazilian-es","7":"product_tag-sales-es","8":"pa_artist-valdez-al","9":"pa_format-lp-es","10":"pa_gender-latin-brazilian","11":"pa_label-vampi-soul-es","12":"pa_location-south-america-caribbean-es","13":"pa_other-filters-vinyl-only-es","15":"first","16":"instock","17":"taxable","18":"shipping-taxable","19":"purchasable","20":"product-type-simple"},"acf":[],"yoast_head":"<!-- This site is optimized with the Yoast SEO plugin v24.9 - https:\/\/yoast.com\/wordpress\/plugins\/seo\/ -->\n<title>VALDEZ, Al - Gozando!! -  (LP) | Guerssen<\/title>\n<meta name=\"description\" content=\"One of the &#039;holy grails&#039; of 1960s Cuban music was not recorded, produced or released in Havana or New York; in fact it was made in Lima, Peru. Perhaps due to the fact that it was recorded in South America, Gozando!! has more than simply Cuban and Nuyorican genres like pachanga, mambo, descarga, guaracha, and bolero; there is also a fantastic cover of the Colombian cumbia classic &#039;Tabaquera&#039;. Overall, this swinging MAG sessions sound like a long-lost record by Cachao and Tito Puente if they led an orchestra with Charlie Palmieri on piano and Tito Rodr\u00edguez on vocals. Always an extremely rare collector&#039;s item, Gozando!! Is available again with this first-time ever faithfully reproduced reissue.TRACKLIST SIDE A 1. GOZALO 2. APRIETA 3. SI ME PUDIERAS QUERER 4. GUAJIRA 5. EL COLUMPIO 6. TABAQUERA SIDE B 1. EL JALEO 2. QU\u00c9 RICO SABOR 3. CORAZON EN CRISTAL 4. PACHANGA SE BAILA ASI 5. DAME TU CARI\u00d1O 6. PACHANGA CON GUAGUANCO\" \/>\n<meta name=\"robots\" content=\"index, follow, max-snippet:-1, max-image-preview:large, max-video-preview:-1\" \/>\n<link rel=\"canonical\" href=\"https:\/\/wpguerssen-test.odoo.rgbconsulting.com\/es\/producto\/gozando\/\" \/>\n<meta property=\"og:locale\" content=\"es_ES\" \/>\n<meta property=\"og:type\" content=\"article\" \/>\n<meta property=\"og:title\" content=\"VALDEZ, Al - Gozando!! -  (LP) | Guerssen\" \/>\n<meta property=\"og:description\" content=\"One of the &#039;holy grails&#039; of 1960s Cuban music was not recorded, produced or released in Havana or New York; in fact it was made in Lima, Peru. Perhaps due to the fact that it was recorded in South America, Gozando!! has more than simply Cuban and Nuyorican genres like pachanga, mambo, descarga, guaracha, and bolero; there is also a fantastic cover of the Colombian cumbia classic &#039;Tabaquera&#039;. Overall, this swinging MAG sessions sound like a long-lost record by Cachao and Tito Puente if they led an orchestra with Charlie Palmieri on piano and Tito Rodr\u00edguez on vocals. Always an extremely rare collector&#039;s item, Gozando!! Is available again with this first-time ever faithfully reproduced reissue.TRACKLIST SIDE A 1. GOZALO 2. APRIETA 3. SI ME PUDIERAS QUERER 4. GUAJIRA 5. EL COLUMPIO 6. TABAQUERA SIDE B 1. EL JALEO 2. QU\u00c9 RICO SABOR 3. CORAZON EN CRISTAL 4. PACHANGA SE BAILA ASI 5. DAME TU CARI\u00d1O 6. PACHANGA CON GUAGUANCO\" \/>\n<meta property=\"og:url\" content=\"https:\/\/wpguerssen-test.odoo.rgbconsulting.com\/es\/producto\/gozando\/\" \/>\n<meta property=\"og:site_name\" content=\"Guerssen records\" \/>\n<meta property=\"article:modified_time\" content=\"2025-04-24T15:11:05+00:00\" \/>\n<meta property=\"og:image\" content=\"https:\/\/wpguerssen-test.odoo.rgbconsulting.com\/wp-content\/uploads\/2022\/11\/42034.jpg\" \/>\n\t<meta property=\"og:image:width\" content=\"1200\" \/>\n\t<meta property=\"og:image:height\" content=\"1200\" \/>\n\t<meta property=\"og:image:type\" content=\"image\/jpeg\" \/>\n<meta name=\"twitter:card\" content=\"summary_large_image\" \/>\n<meta name=\"twitter:title\" content=\"VALDEZ, Al - Gozando!! -  (LP) | Guerssen\" \/>\n<meta name=\"twitter:label1\" content=\"Tiempo de lectura\" \/>\n\t<meta name=\"twitter:data1\" content=\"1 minuto\" \/>\n<script type=\"application\/ld+json\" class=\"yoast-schema-graph\">{\"@context\":\"https:\/\/schema.org\",\"@graph\":[{\"@type\":\"WebPage\",\"@id\":\"https:\/\/wpguerssen-test.odoo.rgbconsulting.com\/es\/producto\/gozando\/\",\"url\":\"https:\/\/wpguerssen-test.odoo.rgbconsulting.com\/es\/producto\/gozando\/\",\"name\":\"VALDEZ, Al - Gozando!! - (LP) | Guerssen\",\"isPartOf\":{\"@id\":\"https:\/\/wpguerssen-test.odoo.rgbconsulting.com\/es\/#website\"},\"primaryImageOfPage\":{\"@id\":\"https:\/\/wpguerssen-test.odoo.rgbconsulting.com\/es\/producto\/gozando\/#primaryimage\"},\"image\":{\"@id\":\"https:\/\/wpguerssen-test.odoo.rgbconsulting.com\/es\/producto\/gozando\/#primaryimage\"},\"thumbnailUrl\":\"https:\/\/wpguerssen-test.odoo.rgbconsulting.com\/wp-content\/uploads\/2022\/11\/42034.jpg\",\"datePublished\":\"2025-02-09T23:00:00+00:00\",\"dateModified\":\"2025-04-24T15:11:05+00:00\",\"description\":\"One of the 'holy grails' of 1960s Cuban music was not recorded, produced or released in Havana or New York; in fact it was made in Lima, Peru. Perhaps due to the fact that it was recorded in South America, Gozando!! has more than simply Cuban and Nuyorican genres like pachanga, mambo, descarga, guaracha, and bolero; there is also a fantastic cover of the Colombian cumbia classic 'Tabaquera'. Overall, this swinging MAG sessions sound like a long-lost record by Cachao and Tito Puente if they led an orchestra with Charlie Palmieri on piano and Tito Rodr\u00edguez on vocals. Always an extremely rare collector's item, Gozando!! Is available again with this first-time ever faithfully reproduced reissue.TRACKLIST SIDE A 1. GOZALO 2. APRIETA 3. SI ME PUDIERAS QUERER 4. GUAJIRA 5. EL COLUMPIO 6. TABAQUERA SIDE B 1. EL JALEO 2. QU\u00c9 RICO SABOR 3. CORAZON EN CRISTAL 4. PACHANGA SE BAILA ASI 5. DAME TU CARI\u00d1O 6. PACHANGA CON GUAGUANCO\",\"breadcrumb\":{\"@id\":\"https:\/\/wpguerssen-test.odoo.rgbconsulting.com\/es\/producto\/gozando\/#breadcrumb\"},\"inLanguage\":\"es\",\"potentialAction\":[{\"@type\":\"ReadAction\",\"target\":[\"https:\/\/wpguerssen-test.odoo.rgbconsulting.com\/es\/producto\/gozando\/\"]}]},{\"@type\":\"ImageObject\",\"inLanguage\":\"es\",\"@id\":\"https:\/\/wpguerssen-test.odoo.rgbconsulting.com\/es\/producto\/gozando\/#primaryimage\",\"url\":\"https:\/\/wpguerssen-test.odoo.rgbconsulting.com\/wp-content\/uploads\/2022\/11\/42034.jpg\",\"contentUrl\":\"https:\/\/wpguerssen-test.odoo.rgbconsulting.com\/wp-content\/uploads\/2022\/11\/42034.jpg\",\"width\":1200,\"height\":1200,\"caption\":\"Al - Gozando!! - VAMPI SOUL (LP) | Guerssen\"},{\"@type\":\"BreadcrumbList\",\"@id\":\"https:\/\/wpguerssen-test.odoo.rgbconsulting.com\/es\/producto\/gozando\/#breadcrumb\",\"itemListElement\":[{\"@type\":\"ListItem\",\"position\":1,\"name\":\"Inicio\",\"item\":\"https:\/\/wpguerssen-test.odoo.rgbconsulting.com\/es\/\"},{\"@type\":\"ListItem\",\"position\":2,\"name\":\"Shop\",\"item\":\"https:\/\/wpguerssen-test.odoo.rgbconsulting.com\/shop\/\"},{\"@type\":\"ListItem\",\"position\":3,\"name\":\"Gozando!!\"}]},{\"@type\":\"WebSite\",\"@id\":\"https:\/\/wpguerssen-test.odoo.rgbconsulting.com\/es\/#website\",\"url\":\"https:\/\/wpguerssen-test.odoo.rgbconsulting.com\/es\/\",\"name\":\"Guerssen records\",\"description\":\"psychedelia - progressive - folk - garage \",\"publisher\":{\"@id\":\"https:\/\/wpguerssen-test.odoo.rgbconsulting.com\/es\/#organization\"},\"potentialAction\":[{\"@type\":\"SearchAction\",\"target\":{\"@type\":\"EntryPoint\",\"urlTemplate\":\"https:\/\/wpguerssen-test.odoo.rgbconsulting.com\/es\/?s={search_term_string}\"},\"query-input\":{\"@type\":\"PropertyValueSpecification\",\"valueRequired\":true,\"valueName\":\"search_term_string\"}}],\"inLanguage\":\"es\"},{\"@type\":\"Organization\",\"@id\":\"https:\/\/wpguerssen-test.odoo.rgbconsulting.com\/es\/#organization\",\"name\":\"Guerssen records\",\"url\":\"https:\/\/wpguerssen-test.odoo.rgbconsulting.com\/es\/\",\"logo\":{\"@type\":\"ImageObject\",\"inLanguage\":\"es\",\"@id\":\"https:\/\/wpguerssen-test.odoo.rgbconsulting.com\/es\/#\/schema\/logo\/image\/\",\"url\":\"https:\/\/wpguerssen-test.odoo.rgbconsulting.com\/wp-content\/uploads\/2022\/04\/Logo_Guerssen_trans_100.png\",\"contentUrl\":\"https:\/\/wpguerssen-test.odoo.rgbconsulting.com\/wp-content\/uploads\/2022\/04\/Logo_Guerssen_trans_100.png\",\"width\":122,\"height\":100,\"caption\":\"Guerssen records\"},\"image\":{\"@id\":\"https:\/\/wpguerssen-test.odoo.rgbconsulting.com\/es\/#\/schema\/logo\/image\/\"}}]}<\/script>\n<!-- \/ Yoast SEO plugin. -->","yoast_head_json":{"title":"VALDEZ, Al - Gozando!! -  (LP) | Guerssen","description":"One of the 'holy grails' of 1960s Cuban music was not recorded, produced or released in Havana or New York; in fact it was made in Lima, Peru. Perhaps due to the fact that it was recorded in South America, Gozando!! has more than simply Cuban and Nuyorican genres like pachanga, mambo, descarga, guaracha, and bolero; there is also a fantastic cover of the Colombian cumbia classic 'Tabaquera'. Overall, this swinging MAG sessions sound like a long-lost record by Cachao and Tito Puente if they led an orchestra with Charlie Palmieri on piano and Tito Rodr\u00edguez on vocals. Always an extremely rare collector's item, Gozando!! Is available again with this first-time ever faithfully reproduced reissue.TRACKLIST SIDE A 1. GOZALO 2. APRIETA 3. SI ME PUDIERAS QUERER 4. GUAJIRA 5. EL COLUMPIO 6. TABAQUERA SIDE B 1. EL JALEO 2. QU\u00c9 RICO SABOR 3. CORAZON EN CRISTAL 4. PACHANGA SE BAILA ASI 5. DAME TU CARI\u00d1O 6. PACHANGA CON GUAGUANCO","robots":{"index":"index","follow":"follow","max-snippet":"max-snippet:-1","max-image-preview":"max-image-preview:large","max-video-preview":"max-video-preview:-1"},"canonical":"https:\/\/wpguerssen-test.odoo.rgbconsulting.com\/es\/producto\/gozando\/","og_locale":"es_ES","og_type":"article","og_title":"VALDEZ, Al - Gozando!! -  (LP) | Guerssen","og_description":"One of the 'holy grails' of 1960s Cuban music was not recorded, produced or released in Havana or New York; in fact it was made in Lima, Peru. Perhaps due to the fact that it was recorded in South America, Gozando!! has more than simply Cuban and Nuyorican genres like pachanga, mambo, descarga, guaracha, and bolero; there is also a fantastic cover of the Colombian cumbia classic 'Tabaquera'. Overall, this swinging MAG sessions sound like a long-lost record by Cachao and Tito Puente if they led an orchestra with Charlie Palmieri on piano and Tito Rodr\u00edguez on vocals. Always an extremely rare collector's item, Gozando!! Is available again with this first-time ever faithfully reproduced reissue.TRACKLIST SIDE A 1. GOZALO 2. APRIETA 3. SI ME PUDIERAS QUERER 4. GUAJIRA 5. EL COLUMPIO 6. TABAQUERA SIDE B 1. EL JALEO 2. QU\u00c9 RICO SABOR 3. CORAZON EN CRISTAL 4. PACHANGA SE BAILA ASI 5. DAME TU CARI\u00d1O 6. PACHANGA CON GUAGUANCO","og_url":"https:\/\/wpguerssen-test.odoo.rgbconsulting.com\/es\/producto\/gozando\/","og_site_name":"Guerssen records","article_modified_time":"2025-04-24T15:11:05+00:00","og_image":[{"width":1200,"height":1200,"url":"https:\/\/wpguerssen-test.odoo.rgbconsulting.com\/wp-content\/uploads\/2022\/11\/42034.jpg","type":"image\/jpeg"}],"twitter_card":"summary_large_image","twitter_title":"VALDEZ, Al - Gozando!! -  (LP) | Guerssen","twitter_misc":{"Tiempo de lectura":"1 minuto"},"schema":{"@context":"https:\/\/schema.org","@graph":[{"@type":"WebPage","@id":"https:\/\/wpguerssen-test.odoo.rgbconsulting.com\/es\/producto\/gozando\/","url":"https:\/\/wpguerssen-test.odoo.rgbconsulting.com\/es\/producto\/gozando\/","name":"VALDEZ, Al - Gozando!! - (LP) | Guerssen","isPartOf":{"@id":"https:\/\/wpguerssen-test.odoo.rgbconsulting.com\/es\/#website"},"primaryImageOfPage":{"@id":"https:\/\/wpguerssen-test.odoo.rgbconsulting.com\/es\/producto\/gozando\/#primaryimage"},"image":{"@id":"https:\/\/wpguerssen-test.odoo.rgbconsulting.com\/es\/producto\/gozando\/#primaryimage"},"thumbnailUrl":"https:\/\/wpguerssen-test.odoo.rgbconsulting.com\/wp-content\/uploads\/2022\/11\/42034.jpg","datePublished":"2025-02-09T23:00:00+00:00","dateModified":"2025-04-24T15:11:05+00:00","description":"One of the 'holy grails' of 1960s Cuban music was not recorded, produced or released in Havana or New York; in fact it was made in Lima, Peru. Perhaps due to the fact that it was recorded in South America, Gozando!! has more than simply Cuban and Nuyorican genres like pachanga, mambo, descarga, guaracha, and bolero; there is also a fantastic cover of the Colombian cumbia classic 'Tabaquera'. Overall, this swinging MAG sessions sound like a long-lost record by Cachao and Tito Puente if they led an orchestra with Charlie Palmieri on piano and Tito Rodr\u00edguez on vocals. Always an extremely rare collector's item, Gozando!! Is available again with this first-time ever faithfully reproduced reissue.TRACKLIST SIDE A 1. GOZALO 2. APRIETA 3. SI ME PUDIERAS QUERER 4. GUAJIRA 5. EL COLUMPIO 6. TABAQUERA SIDE B 1. EL JALEO 2. QU\u00c9 RICO SABOR 3. CORAZON EN CRISTAL 4. PACHANGA SE BAILA ASI 5. DAME TU CARI\u00d1O 6. PACHANGA CON GUAGUANCO","breadcrumb":{"@id":"https:\/\/wpguerssen-test.odoo.rgbconsulting.com\/es\/producto\/gozando\/#breadcrumb"},"inLanguage":"es","potentialAction":[{"@type":"ReadAction","target":["https:\/\/wpguerssen-test.odoo.rgbconsulting.com\/es\/producto\/gozando\/"]}]},{"@type":"ImageObject","inLanguage":"es","@id":"https:\/\/wpguerssen-test.odoo.rgbconsulting.com\/es\/producto\/gozando\/#primaryimage","url":"https:\/\/wpguerssen-test.odoo.rgbconsulting.com\/wp-content\/uploads\/2022\/11\/42034.jpg","contentUrl":"https:\/\/wpguerssen-test.odoo.rgbconsulting.com\/wp-content\/uploads\/2022\/11\/42034.jpg","width":1200,"height":1200,"caption":"Al - Gozando!! - VAMPI SOUL (LP) | Guerssen"},{"@type":"BreadcrumbList","@id":"https:\/\/wpguerssen-test.odoo.rgbconsulting.com\/es\/producto\/gozando\/#breadcrumb","itemListElement":[{"@type":"ListItem","position":1,"name":"Inicio","item":"https:\/\/wpguerssen-test.odoo.rgbconsulting.com\/es\/"},{"@type":"ListItem","position":2,"name":"Shop","item":"https:\/\/wpguerssen-test.odoo.rgbconsulting.com\/shop\/"},{"@type":"ListItem","position":3,"name":"Gozando!!"}]},{"@type":"WebSite","@id":"https:\/\/wpguerssen-test.odoo.rgbconsulting.com\/es\/#website","url":"https:\/\/wpguerssen-test.odoo.rgbconsulting.com\/es\/","name":"Guerssen records","description":"psychedelia - progressive - folk - garage ","publisher":{"@id":"https:\/\/wpguerssen-test.odoo.rgbconsulting.com\/es\/#organization"},"potentialAction":[{"@type":"SearchAction","target":{"@type":"EntryPoint","urlTemplate":"https:\/\/wpguerssen-test.odoo.rgbconsulting.com\/es\/?s={search_term_string}"},"query-input":{"@type":"PropertyValueSpecification","valueRequired":true,"valueName":"search_term_string"}}],"inLanguage":"es"},{"@type":"Organization","@id":"https:\/\/wpguerssen-test.odoo.rgbconsulting.com\/es\/#organization","name":"Guerssen records","url":"https:\/\/wpguerssen-test.odoo.rgbconsulting.com\/es\/","logo":{"@type":"ImageObject","inLanguage":"es","@id":"https:\/\/wpguerssen-test.odoo.rgbconsulting.com\/es\/#\/schema\/logo\/image\/","url":"https:\/\/wpguerssen-test.odoo.rgbconsulting.com\/wp-content\/uploads\/2022\/04\/Logo_Guerssen_trans_100.png","contentUrl":"https:\/\/wpguerssen-test.odoo.rgbconsulting.com\/wp-content\/uploads\/2022\/04\/Logo_Guerssen_trans_100.png","width":122,"height":100,"caption":"Guerssen records"},"image":{"@id":"https:\/\/wpguerssen-test.odoo.rgbconsulting.com\/es\/#\/schema\/logo\/image\/"}}]}},"_links":{"self":[{"href":"https:\/\/wpguerssen-test.odoo.rgbconsulting.com\/es\/wp-json\/wp\/v2\/product\/219068","targetHints":{"allow":["GET"]}}],"collection":[{"href":"https:\/\/wpguerssen-test.odoo.rgbconsulting.com\/es\/wp-json\/wp\/v2\/product"}],"about":[{"href":"https:\/\/wpguerssen-test.odoo.rgbconsulting.com\/es\/wp-json\/wp\/v2\/types\/product"}],"wp:featuredmedia":[{"embeddable":true,"href":"https:\/\/wpguerssen-test.odoo.rgbconsulting.com\/es\/wp-json\/wp\/v2\/media\/220997"}],"wp:attachment":[{"href":"https:\/\/wpguerssen-test.odoo.rgbconsulting.com\/es\/wp-json\/wp\/v2\/media?parent=219068"}],"wp:term":[{"taxonomy":"product_brand","embeddable":true,"href":"https:\/\/wpguerssen-test.odoo.rgbconsulting.com\/es\/wp-json\/wp\/v2\/product_brand?post=219068"},{"taxonomy":"product_cat","embeddable":true,"href":"https:\/\/wpguerssen-test.odoo.rgbconsulting.com\/es\/wp-json\/wp\/v2\/product_cat?post=219068"},{"taxonomy":"product_tag","embeddable":true,"href":"https:\/\/wpguerssen-test.odoo.rgbconsulting.com\/es\/wp-json\/wp\/v2\/product_tag?post=219068"}],"curies":[{"name":"wp","href":"https:\/\/api.w.org\/{rel}","templated":true}]}}