{"id":219071,"date":"2022-11-15T00:00:00","date_gmt":"2022-11-14T23:00:00","guid":{"rendered":"https:\/\/wpguerssen-test.odoo.rgbconsulting.com\/product\/vintage-violence-barbaric-crude-primitive-75-79\/"},"modified":"2024-02-21T14:46:55","modified_gmt":"2024-02-21T13:46:55","slug":"vintage-violence-barbaric-crude-primitive-75-79","status":"publish","type":"product","link":"https:\/\/wpguerssen-test.odoo.rgbconsulting.com\/es\/producto\/vintage-violence-barbaric-crude-primitive-75-79\/","title":{"rendered":"Vintage Violence Barbaric, Crude &#038; Primitive 75-79"},"content":{"rendered":"<p>Si eres fan, probablemente sepas que Greg Prevost toc\u00f3 en diferentes bandas antes de formar los Chesterfield Kings. Solo uno de ellas, Distorted Levels, lanz\u00f3 un 7&#8243; en ese momento, en 1978. Pero hubo muchas m\u00e1s. Es posible que hayas escuchado o le\u00eddo sobre bandas misteriosas como Mr Electro y The Void, The Cutdowns, Mr Electro y the Psychedelic Burnouts, etc.. Todos grabaron profusamente, pero la mayor\u00eda de las cintas maestras finalmente desaparecieron, en circunstancias no menos misteriosas. A\u00fan as\u00ed, algunas grabaciones sobrevivieron&#8230; y aqu\u00ed tienes una selecci\u00f3n de este material: todas las demos, tomas in\u00e9ditas, m\u00e1s el Distorted Levels 7&#8243;, as\u00ed como cinco pistas (seis en formato CD) grabadas por las primeras alineaciones de los Chesterfield Kings de 1978 a 1979. Portada desplegable, notas detalladas pista por pista de Greg, incluidas m\u00e1s de 30 fotos de prensa y recortes de su archivo personal, as\u00ed como notas de Mike Stax (revista Ugly Things), cuyo veredicto final de todo este artefacto no podr\u00eda ser m\u00e1s exacto: \u00abB\u00e1rbaro. Crudo. Primitivo. Hermoso\u00bb <\/p>\n<p> TRACKLIST<br \/>MR. ELECTRO &#038; THE VOID: \u00abJust Like John Cage Blues\u00bb \/ MR. ELECTRO &#038; THE PSYCHEDELIC LAMPSHADE: \u00abRejects Of Society\u00bb \/ MR. ELECTRO &#038; THE PSYCHEDELIC LAMPSHADE: \u00abPut Me To Death\u00bb \/ GREG PREVOST: \u00abRejected At The High School Dance\u00bb Demo \/ MR. ELECTRO &#038; THE PSYCHEDELLIC BURNOUTS: \u00abLSD\u00bb \/ MR. ELECTRO &#038; THE PSYCHEDELLIC BURNOUTS: \u00abBIG BOSS MAN\u00bb \/ MR. ELECTRO &#038; THE PSYCHEDELLIC BURNOUTS: \u00abI Want You\u00bb \/ DISTORTED LEVELS: \u00abHey Mister\u00bb \/ DISTORTED LEVELS: \u00abRed Swirls\u00bb \/ THE CUTDOWNS (aka The Chesterfield Kings): \u00abPsycho &#8217;78\u00bb \/ THE CUTDOWNS (aka The Chesterfield Kings): \u00abRoute 66\u00bb \/ THE CHESTERFIELD KINGS: \u00abFortune Teller\u00bb \/ THE CHESTERFIELD KINGS: \u00abPsycho &#8217;79\u00bb \/ THE CHESTERFIELD KINGS: \u00abDon&#8217;t Need Your Lovin\u00bb<\/p>\n","protected":false},"excerpt":{"rendered":"<p>Si eres fan, probablemente sepas que Greg Prevost toc\u00f3 en diferentes bandas antes de formar los Chesterfield Kings. Solo uno de ellas, Distorted Levels, lanz\u00f3 un<a class=\"read\" href=\"https:\/\/wpguerssen-test.odoo.rgbconsulting.com\/es\/producto\/vintage-violence-barbaric-crude-primitive-75-79\/\"> (...)<\/a>","protected":false},"featured_media":219016,"template":"","meta":{"_acf_changed":false},"product_brand":[],"product_cat":[23281,23262],"product_tag":[],"class_list":{"0":"post-219071","1":"product","2":"type-product","3":"status-publish","4":"has-post-thumbnail","6":"product_cat-garagebeatrnb60-70-es","7":"product_cat-blues-blues-rock-es","8":"pa_artist-prevost-greg-stackhouse","9":"pa_format-lp-es","10":"pa_gender-garagebeatrnb60-70-blues-blues-rock","11":"pa_label-mean-disposition","12":"pa_location-north-america-es","13":"pa_other-filters-vinyl-only-es","15":"first","16":"instock","17":"taxable","18":"shipping-taxable","19":"purchasable","20":"product-type-simple"},"acf":[],"yoast_head":"<!-- This site is optimized with the Yoast SEO plugin v24.9 - https:\/\/yoast.com\/wordpress\/plugins\/seo\/ -->\n<title>PREVOST, Greg &quot;Stackhouse&quot; - Vintage Violence Barbaric, Crude &amp; Primitive 75-79 -  (LP) | Guerssen<\/title>\n<meta name=\"description\" content=\"If you are a fan, you probably know that Greg Prevost played in different bands before forming the Chesterfield Kings. Only one of them, the Distorted Levels, released a 7&quot; at the time, in 1978. But there were many more. You may have heard or read about mystery bands such as Mr Electro and The Void, The Cutdowns, Mr Electro and the Psychedelic Burnouts, etc. They all recorded profusely, but most master tapes eventually disappeared, in no less mysterious circumstances. Still, some recordings survived...and here you have a selection of this material: all demos, all previously unreleased, plus the Distorted Levels 7&quot;, as well as five tracks (six on the CD format) recorded by early Chesterfield Kings line-ups from 1978-79. Gatefold sleeve, detailed track-by-track notes by Greg, including over 30 photos \/ press-clippings from his personal archive, and liner notes from Mike Stax (Ugly Things magazine), whose final verdict of this whole artifact could not be more exact: &quot;Barbaric. Crude. Primitive. Beautiful&quot;. #nl# TRACKLIST MR. ELECTRO &amp; THE VOID: &quot;Just Like John Cage Blues&quot; \/ MR. ELECTRO &amp; THE PSYCHEDELIC LAMPSHADE: &quot;Rejects Of Society&quot; \/ MR. ELECTRO &amp; THE PSYCHEDELIC LAMPSHADE: &quot;Put Me To Death&quot; \/ GREG PREVOST: &quot;Rejected At The High School Dance&quot; Demo \/ MR. ELECTRO &amp; THE PSYCHEDELLIC BURNOUTS: &quot;LSD&quot; \/ MR. ELECTRO &amp; THE PSYCHEDELLIC BURNOUTS: &quot;BIG BOSS MAN&quot; \/ MR. ELECTRO &amp; THE PSYCHEDELLIC BURNOUTS: &quot;I Want You&quot; \/ DISTORTED LEVELS: &quot;Hey Mister&quot; \/ DISTORTED LEVELS: &quot;Red Swirls&quot; \/ THE CUTDOWNS (aka The Chesterfield Kings): &quot;Psycho &#039;78&quot; \/ THE CUTDOWNS (aka The Chesterfield Kings): &quot;Route 66&quot; \/ THE CHESTERFIELD KINGS: &quot;Fortune Teller&quot; \/ THE CHESTERFIELD KINGS: &quot;Psycho &#039;79&quot; \/ THE CHESTERFIELD KINGS: &quot;Don&#039;t Need Your Lovin&quot;\" \/>\n<meta name=\"robots\" content=\"index, follow, max-snippet:-1, max-image-preview:large, max-video-preview:-1\" \/>\n<link rel=\"canonical\" href=\"https:\/\/wpguerssen-test.odoo.rgbconsulting.com\/es\/producto\/vintage-violence-barbaric-crude-primitive-75-79\/\" \/>\n<meta property=\"og:locale\" content=\"es_ES\" \/>\n<meta property=\"og:type\" content=\"article\" \/>\n<meta property=\"og:title\" content=\"PREVOST, Greg &quot;Stackhouse&quot; - Vintage Violence Barbaric, Crude &amp; Primitive 75-79 -  (LP) | Guerssen\" \/>\n<meta property=\"og:description\" content=\"If you are a fan, you probably know that Greg Prevost played in different bands before forming the Chesterfield Kings. Only one of them, the Distorted Levels, released a 7&quot; at the time, in 1978. But there were many more. You may have heard or read about mystery bands such as Mr Electro and The Void, The Cutdowns, Mr Electro and the Psychedelic Burnouts, etc. They all recorded profusely, but most master tapes eventually disappeared, in no less mysterious circumstances. Still, some recordings survived...and here you have a selection of this material: all demos, all previously unreleased, plus the Distorted Levels 7&quot;, as well as five tracks (six on the CD format) recorded by early Chesterfield Kings line-ups from 1978-79. Gatefold sleeve, detailed track-by-track notes by Greg, including over 30 photos \/ press-clippings from his personal archive, and liner notes from Mike Stax (Ugly Things magazine), whose final verdict of this whole artifact could not be more exact: &quot;Barbaric. Crude. Primitive. Beautiful&quot;. #nl# TRACKLIST MR. ELECTRO &amp; THE VOID: &quot;Just Like John Cage Blues&quot; \/ MR. ELECTRO &amp; THE PSYCHEDELIC LAMPSHADE: &quot;Rejects Of Society&quot; \/ MR. ELECTRO &amp; THE PSYCHEDELIC LAMPSHADE: &quot;Put Me To Death&quot; \/ GREG PREVOST: &quot;Rejected At The High School Dance&quot; Demo \/ MR. ELECTRO &amp; THE PSYCHEDELLIC BURNOUTS: &quot;LSD&quot; \/ MR. ELECTRO &amp; THE PSYCHEDELLIC BURNOUTS: &quot;BIG BOSS MAN&quot; \/ MR. ELECTRO &amp; THE PSYCHEDELLIC BURNOUTS: &quot;I Want You&quot; \/ DISTORTED LEVELS: &quot;Hey Mister&quot; \/ DISTORTED LEVELS: &quot;Red Swirls&quot; \/ THE CUTDOWNS (aka The Chesterfield Kings): &quot;Psycho &#039;78&quot; \/ THE CUTDOWNS (aka The Chesterfield Kings): &quot;Route 66&quot; \/ THE CHESTERFIELD KINGS: &quot;Fortune Teller&quot; \/ THE CHESTERFIELD KINGS: &quot;Psycho &#039;79&quot; \/ THE CHESTERFIELD KINGS: &quot;Don&#039;t Need Your Lovin&quot;\" \/>\n<meta property=\"og:url\" content=\"https:\/\/wpguerssen-test.odoo.rgbconsulting.com\/es\/producto\/vintage-violence-barbaric-crude-primitive-75-79\/\" \/>\n<meta property=\"og:site_name\" content=\"Guerssen records\" \/>\n<meta property=\"article:modified_time\" content=\"2024-02-21T13:46:55+00:00\" \/>\n<meta property=\"og:image\" content=\"https:\/\/wpguerssen-test.odoo.rgbconsulting.com\/wp-content\/uploads\/2022\/10\/42039.png\" \/>\n\t<meta property=\"og:image:width\" content=\"887\" \/>\n\t<meta property=\"og:image:height\" content=\"887\" \/>\n\t<meta property=\"og:image:type\" content=\"image\/png\" \/>\n<meta name=\"twitter:card\" content=\"summary_large_image\" \/>\n<meta name=\"twitter:title\" content=\"PREVOST, Greg &quot;Stackhouse&quot; - Vintage Violence Barbaric, Crude &amp; Primitive 75-79 -  (LP) | Guerssen\" \/>\n<meta name=\"twitter:label1\" content=\"Tiempo de lectura\" \/>\n\t<meta name=\"twitter:data1\" content=\"1 minuto\" \/>\n<script type=\"application\/ld+json\" class=\"yoast-schema-graph\">{\"@context\":\"https:\/\/schema.org\",\"@graph\":[{\"@type\":\"WebPage\",\"@id\":\"https:\/\/wpguerssen-test.odoo.rgbconsulting.com\/es\/producto\/vintage-violence-barbaric-crude-primitive-75-79\/\",\"url\":\"https:\/\/wpguerssen-test.odoo.rgbconsulting.com\/es\/producto\/vintage-violence-barbaric-crude-primitive-75-79\/\",\"name\":\"PREVOST, Greg \\\"Stackhouse\\\" - Vintage Violence Barbaric, Crude & Primitive 75-79 - (LP) | Guerssen\",\"isPartOf\":{\"@id\":\"https:\/\/wpguerssen-test.odoo.rgbconsulting.com\/es\/#website\"},\"primaryImageOfPage\":{\"@id\":\"https:\/\/wpguerssen-test.odoo.rgbconsulting.com\/es\/producto\/vintage-violence-barbaric-crude-primitive-75-79\/#primaryimage\"},\"image\":{\"@id\":\"https:\/\/wpguerssen-test.odoo.rgbconsulting.com\/es\/producto\/vintage-violence-barbaric-crude-primitive-75-79\/#primaryimage\"},\"thumbnailUrl\":\"https:\/\/wpguerssen-test.odoo.rgbconsulting.com\/wp-content\/uploads\/2022\/10\/42039.png\",\"datePublished\":\"2022-11-14T23:00:00+00:00\",\"dateModified\":\"2024-02-21T13:46:55+00:00\",\"description\":\"If you are a fan, you probably know that Greg Prevost played in different bands before forming the Chesterfield Kings. Only one of them, the Distorted Levels, released a 7\\\" at the time, in 1978. But there were many more. You may have heard or read about mystery bands such as Mr Electro and The Void, The Cutdowns, Mr Electro and the Psychedelic Burnouts, etc. They all recorded profusely, but most master tapes eventually disappeared, in no less mysterious circumstances. Still, some recordings survived...and here you have a selection of this material: all demos, all previously unreleased, plus the Distorted Levels 7\\\", as well as five tracks (six on the CD format) recorded by early Chesterfield Kings line-ups from 1978-79. Gatefold sleeve, detailed track-by-track notes by Greg, including over 30 photos \/ press-clippings from his personal archive, and liner notes from Mike Stax (Ugly Things magazine), whose final verdict of this whole artifact could not be more exact: \\\"Barbaric. Crude. Primitive. Beautiful\\\". #nl# TRACKLIST MR. ELECTRO & THE VOID: \\\"Just Like John Cage Blues\\\" \/ MR. ELECTRO & THE PSYCHEDELIC LAMPSHADE: \\\"Rejects Of Society\\\" \/ MR. ELECTRO & THE PSYCHEDELIC LAMPSHADE: \\\"Put Me To Death\\\" \/ GREG PREVOST: \\\"Rejected At The High School Dance\\\" Demo \/ MR. ELECTRO & THE PSYCHEDELLIC BURNOUTS: \\\"LSD\\\" \/ MR. ELECTRO & THE PSYCHEDELLIC BURNOUTS: \\\"BIG BOSS MAN\\\" \/ MR. ELECTRO & THE PSYCHEDELLIC BURNOUTS: \\\"I Want You\\\" \/ DISTORTED LEVELS: \\\"Hey Mister\\\" \/ DISTORTED LEVELS: \\\"Red Swirls\\\" \/ THE CUTDOWNS (aka The Chesterfield Kings): \\\"Psycho '78\\\" \/ THE CUTDOWNS (aka The Chesterfield Kings): \\\"Route 66\\\" \/ THE CHESTERFIELD KINGS: \\\"Fortune Teller\\\" \/ THE CHESTERFIELD KINGS: \\\"Psycho '79\\\" \/ THE CHESTERFIELD KINGS: \\\"Don't Need Your Lovin\\\"\",\"breadcrumb\":{\"@id\":\"https:\/\/wpguerssen-test.odoo.rgbconsulting.com\/es\/producto\/vintage-violence-barbaric-crude-primitive-75-79\/#breadcrumb\"},\"inLanguage\":\"es\",\"potentialAction\":[{\"@type\":\"ReadAction\",\"target\":[\"https:\/\/wpguerssen-test.odoo.rgbconsulting.com\/es\/producto\/vintage-violence-barbaric-crude-primitive-75-79\/\"]}]},{\"@type\":\"ImageObject\",\"inLanguage\":\"es\",\"@id\":\"https:\/\/wpguerssen-test.odoo.rgbconsulting.com\/es\/producto\/vintage-violence-barbaric-crude-primitive-75-79\/#primaryimage\",\"url\":\"https:\/\/wpguerssen-test.odoo.rgbconsulting.com\/wp-content\/uploads\/2022\/10\/42039.png\",\"contentUrl\":\"https:\/\/wpguerssen-test.odoo.rgbconsulting.com\/wp-content\/uploads\/2022\/10\/42039.png\",\"width\":887,\"height\":887,\"caption\":\"PREVOST\"},{\"@type\":\"BreadcrumbList\",\"@id\":\"https:\/\/wpguerssen-test.odoo.rgbconsulting.com\/es\/producto\/vintage-violence-barbaric-crude-primitive-75-79\/#breadcrumb\",\"itemListElement\":[{\"@type\":\"ListItem\",\"position\":1,\"name\":\"Inicio\",\"item\":\"https:\/\/wpguerssen-test.odoo.rgbconsulting.com\/es\/\"},{\"@type\":\"ListItem\",\"position\":2,\"name\":\"Shop\",\"item\":\"https:\/\/wpguerssen-test.odoo.rgbconsulting.com\/shop\/\"},{\"@type\":\"ListItem\",\"position\":3,\"name\":\"Vintage Violence Barbaric, Crude &#038; Primitive 75-79\"}]},{\"@type\":\"WebSite\",\"@id\":\"https:\/\/wpguerssen-test.odoo.rgbconsulting.com\/es\/#website\",\"url\":\"https:\/\/wpguerssen-test.odoo.rgbconsulting.com\/es\/\",\"name\":\"Guerssen records\",\"description\":\"psychedelia - progressive - folk - garage \",\"publisher\":{\"@id\":\"https:\/\/wpguerssen-test.odoo.rgbconsulting.com\/es\/#organization\"},\"potentialAction\":[{\"@type\":\"SearchAction\",\"target\":{\"@type\":\"EntryPoint\",\"urlTemplate\":\"https:\/\/wpguerssen-test.odoo.rgbconsulting.com\/es\/?s={search_term_string}\"},\"query-input\":{\"@type\":\"PropertyValueSpecification\",\"valueRequired\":true,\"valueName\":\"search_term_string\"}}],\"inLanguage\":\"es\"},{\"@type\":\"Organization\",\"@id\":\"https:\/\/wpguerssen-test.odoo.rgbconsulting.com\/es\/#organization\",\"name\":\"Guerssen records\",\"url\":\"https:\/\/wpguerssen-test.odoo.rgbconsulting.com\/es\/\",\"logo\":{\"@type\":\"ImageObject\",\"inLanguage\":\"es\",\"@id\":\"https:\/\/wpguerssen-test.odoo.rgbconsulting.com\/es\/#\/schema\/logo\/image\/\",\"url\":\"https:\/\/wpguerssen-test.odoo.rgbconsulting.com\/wp-content\/uploads\/2022\/04\/Logo_Guerssen_trans_100.png\",\"contentUrl\":\"https:\/\/wpguerssen-test.odoo.rgbconsulting.com\/wp-content\/uploads\/2022\/04\/Logo_Guerssen_trans_100.png\",\"width\":122,\"height\":100,\"caption\":\"Guerssen records\"},\"image\":{\"@id\":\"https:\/\/wpguerssen-test.odoo.rgbconsulting.com\/es\/#\/schema\/logo\/image\/\"}}]}<\/script>\n<!-- \/ Yoast SEO plugin. -->","yoast_head_json":{"title":"PREVOST, Greg \"Stackhouse\" - Vintage Violence Barbaric, Crude & Primitive 75-79 -  (LP) | Guerssen","description":"If you are a fan, you probably know that Greg Prevost played in different bands before forming the Chesterfield Kings. Only one of them, the Distorted Levels, released a 7\" at the time, in 1978. But there were many more. You may have heard or read about mystery bands such as Mr Electro and The Void, The Cutdowns, Mr Electro and the Psychedelic Burnouts, etc. They all recorded profusely, but most master tapes eventually disappeared, in no less mysterious circumstances. Still, some recordings survived...and here you have a selection of this material: all demos, all previously unreleased, plus the Distorted Levels 7\", as well as five tracks (six on the CD format) recorded by early Chesterfield Kings line-ups from 1978-79. Gatefold sleeve, detailed track-by-track notes by Greg, including over 30 photos \/ press-clippings from his personal archive, and liner notes from Mike Stax (Ugly Things magazine), whose final verdict of this whole artifact could not be more exact: \"Barbaric. Crude. Primitive. Beautiful\". #nl# TRACKLIST MR. ELECTRO & THE VOID: \"Just Like John Cage Blues\" \/ MR. ELECTRO & THE PSYCHEDELIC LAMPSHADE: \"Rejects Of Society\" \/ MR. ELECTRO & THE PSYCHEDELIC LAMPSHADE: \"Put Me To Death\" \/ GREG PREVOST: \"Rejected At The High School Dance\" Demo \/ MR. ELECTRO & THE PSYCHEDELLIC BURNOUTS: \"LSD\" \/ MR. ELECTRO & THE PSYCHEDELLIC BURNOUTS: \"BIG BOSS MAN\" \/ MR. ELECTRO & THE PSYCHEDELLIC BURNOUTS: \"I Want You\" \/ DISTORTED LEVELS: \"Hey Mister\" \/ DISTORTED LEVELS: \"Red Swirls\" \/ THE CUTDOWNS (aka The Chesterfield Kings): \"Psycho '78\" \/ THE CUTDOWNS (aka The Chesterfield Kings): \"Route 66\" \/ THE CHESTERFIELD KINGS: \"Fortune Teller\" \/ THE CHESTERFIELD KINGS: \"Psycho '79\" \/ THE CHESTERFIELD KINGS: \"Don't Need Your Lovin\"","robots":{"index":"index","follow":"follow","max-snippet":"max-snippet:-1","max-image-preview":"max-image-preview:large","max-video-preview":"max-video-preview:-1"},"canonical":"https:\/\/wpguerssen-test.odoo.rgbconsulting.com\/es\/producto\/vintage-violence-barbaric-crude-primitive-75-79\/","og_locale":"es_ES","og_type":"article","og_title":"PREVOST, Greg \"Stackhouse\" - Vintage Violence Barbaric, Crude & Primitive 75-79 -  (LP) | Guerssen","og_description":"If you are a fan, you probably know that Greg Prevost played in different bands before forming the Chesterfield Kings. Only one of them, the Distorted Levels, released a 7\" at the time, in 1978. But there were many more. You may have heard or read about mystery bands such as Mr Electro and The Void, The Cutdowns, Mr Electro and the Psychedelic Burnouts, etc. They all recorded profusely, but most master tapes eventually disappeared, in no less mysterious circumstances. Still, some recordings survived...and here you have a selection of this material: all demos, all previously unreleased, plus the Distorted Levels 7\", as well as five tracks (six on the CD format) recorded by early Chesterfield Kings line-ups from 1978-79. Gatefold sleeve, detailed track-by-track notes by Greg, including over 30 photos \/ press-clippings from his personal archive, and liner notes from Mike Stax (Ugly Things magazine), whose final verdict of this whole artifact could not be more exact: \"Barbaric. Crude. Primitive. Beautiful\". #nl# TRACKLIST MR. ELECTRO & THE VOID: \"Just Like John Cage Blues\" \/ MR. ELECTRO & THE PSYCHEDELIC LAMPSHADE: \"Rejects Of Society\" \/ MR. ELECTRO & THE PSYCHEDELIC LAMPSHADE: \"Put Me To Death\" \/ GREG PREVOST: \"Rejected At The High School Dance\" Demo \/ MR. ELECTRO & THE PSYCHEDELLIC BURNOUTS: \"LSD\" \/ MR. ELECTRO & THE PSYCHEDELLIC BURNOUTS: \"BIG BOSS MAN\" \/ MR. ELECTRO & THE PSYCHEDELLIC BURNOUTS: \"I Want You\" \/ DISTORTED LEVELS: \"Hey Mister\" \/ DISTORTED LEVELS: \"Red Swirls\" \/ THE CUTDOWNS (aka The Chesterfield Kings): \"Psycho '78\" \/ THE CUTDOWNS (aka The Chesterfield Kings): \"Route 66\" \/ THE CHESTERFIELD KINGS: \"Fortune Teller\" \/ THE CHESTERFIELD KINGS: \"Psycho '79\" \/ THE CHESTERFIELD KINGS: \"Don't Need Your Lovin\"","og_url":"https:\/\/wpguerssen-test.odoo.rgbconsulting.com\/es\/producto\/vintage-violence-barbaric-crude-primitive-75-79\/","og_site_name":"Guerssen records","article_modified_time":"2024-02-21T13:46:55+00:00","og_image":[{"width":887,"height":887,"url":"https:\/\/wpguerssen-test.odoo.rgbconsulting.com\/wp-content\/uploads\/2022\/10\/42039.png","type":"image\/png"}],"twitter_card":"summary_large_image","twitter_title":"PREVOST, Greg \"Stackhouse\" - Vintage Violence Barbaric, Crude & Primitive 75-79 -  (LP) | Guerssen","twitter_misc":{"Tiempo de lectura":"1 minuto"},"schema":{"@context":"https:\/\/schema.org","@graph":[{"@type":"WebPage","@id":"https:\/\/wpguerssen-test.odoo.rgbconsulting.com\/es\/producto\/vintage-violence-barbaric-crude-primitive-75-79\/","url":"https:\/\/wpguerssen-test.odoo.rgbconsulting.com\/es\/producto\/vintage-violence-barbaric-crude-primitive-75-79\/","name":"PREVOST, Greg \"Stackhouse\" - Vintage Violence Barbaric, Crude & Primitive 75-79 - (LP) | Guerssen","isPartOf":{"@id":"https:\/\/wpguerssen-test.odoo.rgbconsulting.com\/es\/#website"},"primaryImageOfPage":{"@id":"https:\/\/wpguerssen-test.odoo.rgbconsulting.com\/es\/producto\/vintage-violence-barbaric-crude-primitive-75-79\/#primaryimage"},"image":{"@id":"https:\/\/wpguerssen-test.odoo.rgbconsulting.com\/es\/producto\/vintage-violence-barbaric-crude-primitive-75-79\/#primaryimage"},"thumbnailUrl":"https:\/\/wpguerssen-test.odoo.rgbconsulting.com\/wp-content\/uploads\/2022\/10\/42039.png","datePublished":"2022-11-14T23:00:00+00:00","dateModified":"2024-02-21T13:46:55+00:00","description":"If you are a fan, you probably know that Greg Prevost played in different bands before forming the Chesterfield Kings. Only one of them, the Distorted Levels, released a 7\" at the time, in 1978. But there were many more. You may have heard or read about mystery bands such as Mr Electro and The Void, The Cutdowns, Mr Electro and the Psychedelic Burnouts, etc. They all recorded profusely, but most master tapes eventually disappeared, in no less mysterious circumstances. Still, some recordings survived...and here you have a selection of this material: all demos, all previously unreleased, plus the Distorted Levels 7\", as well as five tracks (six on the CD format) recorded by early Chesterfield Kings line-ups from 1978-79. Gatefold sleeve, detailed track-by-track notes by Greg, including over 30 photos \/ press-clippings from his personal archive, and liner notes from Mike Stax (Ugly Things magazine), whose final verdict of this whole artifact could not be more exact: \"Barbaric. Crude. Primitive. Beautiful\". #nl# TRACKLIST MR. ELECTRO & THE VOID: \"Just Like John Cage Blues\" \/ MR. ELECTRO & THE PSYCHEDELIC LAMPSHADE: \"Rejects Of Society\" \/ MR. ELECTRO & THE PSYCHEDELIC LAMPSHADE: \"Put Me To Death\" \/ GREG PREVOST: \"Rejected At The High School Dance\" Demo \/ MR. ELECTRO & THE PSYCHEDELLIC BURNOUTS: \"LSD\" \/ MR. ELECTRO & THE PSYCHEDELLIC BURNOUTS: \"BIG BOSS MAN\" \/ MR. ELECTRO & THE PSYCHEDELLIC BURNOUTS: \"I Want You\" \/ DISTORTED LEVELS: \"Hey Mister\" \/ DISTORTED LEVELS: \"Red Swirls\" \/ THE CUTDOWNS (aka The Chesterfield Kings): \"Psycho '78\" \/ THE CUTDOWNS (aka The Chesterfield Kings): \"Route 66\" \/ THE CHESTERFIELD KINGS: \"Fortune Teller\" \/ THE CHESTERFIELD KINGS: \"Psycho '79\" \/ THE CHESTERFIELD KINGS: \"Don't Need Your Lovin\"","breadcrumb":{"@id":"https:\/\/wpguerssen-test.odoo.rgbconsulting.com\/es\/producto\/vintage-violence-barbaric-crude-primitive-75-79\/#breadcrumb"},"inLanguage":"es","potentialAction":[{"@type":"ReadAction","target":["https:\/\/wpguerssen-test.odoo.rgbconsulting.com\/es\/producto\/vintage-violence-barbaric-crude-primitive-75-79\/"]}]},{"@type":"ImageObject","inLanguage":"es","@id":"https:\/\/wpguerssen-test.odoo.rgbconsulting.com\/es\/producto\/vintage-violence-barbaric-crude-primitive-75-79\/#primaryimage","url":"https:\/\/wpguerssen-test.odoo.rgbconsulting.com\/wp-content\/uploads\/2022\/10\/42039.png","contentUrl":"https:\/\/wpguerssen-test.odoo.rgbconsulting.com\/wp-content\/uploads\/2022\/10\/42039.png","width":887,"height":887,"caption":"PREVOST"},{"@type":"BreadcrumbList","@id":"https:\/\/wpguerssen-test.odoo.rgbconsulting.com\/es\/producto\/vintage-violence-barbaric-crude-primitive-75-79\/#breadcrumb","itemListElement":[{"@type":"ListItem","position":1,"name":"Inicio","item":"https:\/\/wpguerssen-test.odoo.rgbconsulting.com\/es\/"},{"@type":"ListItem","position":2,"name":"Shop","item":"https:\/\/wpguerssen-test.odoo.rgbconsulting.com\/shop\/"},{"@type":"ListItem","position":3,"name":"Vintage Violence Barbaric, Crude &#038; Primitive 75-79"}]},{"@type":"WebSite","@id":"https:\/\/wpguerssen-test.odoo.rgbconsulting.com\/es\/#website","url":"https:\/\/wpguerssen-test.odoo.rgbconsulting.com\/es\/","name":"Guerssen records","description":"psychedelia - progressive - folk - garage ","publisher":{"@id":"https:\/\/wpguerssen-test.odoo.rgbconsulting.com\/es\/#organization"},"potentialAction":[{"@type":"SearchAction","target":{"@type":"EntryPoint","urlTemplate":"https:\/\/wpguerssen-test.odoo.rgbconsulting.com\/es\/?s={search_term_string}"},"query-input":{"@type":"PropertyValueSpecification","valueRequired":true,"valueName":"search_term_string"}}],"inLanguage":"es"},{"@type":"Organization","@id":"https:\/\/wpguerssen-test.odoo.rgbconsulting.com\/es\/#organization","name":"Guerssen records","url":"https:\/\/wpguerssen-test.odoo.rgbconsulting.com\/es\/","logo":{"@type":"ImageObject","inLanguage":"es","@id":"https:\/\/wpguerssen-test.odoo.rgbconsulting.com\/es\/#\/schema\/logo\/image\/","url":"https:\/\/wpguerssen-test.odoo.rgbconsulting.com\/wp-content\/uploads\/2022\/04\/Logo_Guerssen_trans_100.png","contentUrl":"https:\/\/wpguerssen-test.odoo.rgbconsulting.com\/wp-content\/uploads\/2022\/04\/Logo_Guerssen_trans_100.png","width":122,"height":100,"caption":"Guerssen records"},"image":{"@id":"https:\/\/wpguerssen-test.odoo.rgbconsulting.com\/es\/#\/schema\/logo\/image\/"}}]}},"_links":{"self":[{"href":"https:\/\/wpguerssen-test.odoo.rgbconsulting.com\/es\/wp-json\/wp\/v2\/product\/219071","targetHints":{"allow":["GET"]}}],"collection":[{"href":"https:\/\/wpguerssen-test.odoo.rgbconsulting.com\/es\/wp-json\/wp\/v2\/product"}],"about":[{"href":"https:\/\/wpguerssen-test.odoo.rgbconsulting.com\/es\/wp-json\/wp\/v2\/types\/product"}],"wp:featuredmedia":[{"embeddable":true,"href":"https:\/\/wpguerssen-test.odoo.rgbconsulting.com\/es\/wp-json\/wp\/v2\/media\/219016"}],"wp:attachment":[{"href":"https:\/\/wpguerssen-test.odoo.rgbconsulting.com\/es\/wp-json\/wp\/v2\/media?parent=219071"}],"wp:term":[{"taxonomy":"product_brand","embeddable":true,"href":"https:\/\/wpguerssen-test.odoo.rgbconsulting.com\/es\/wp-json\/wp\/v2\/product_brand?post=219071"},{"taxonomy":"product_cat","embeddable":true,"href":"https:\/\/wpguerssen-test.odoo.rgbconsulting.com\/es\/wp-json\/wp\/v2\/product_cat?post=219071"},{"taxonomy":"product_tag","embeddable":true,"href":"https:\/\/wpguerssen-test.odoo.rgbconsulting.com\/es\/wp-json\/wp\/v2\/product_tag?post=219071"}],"curies":[{"name":"wp","href":"https:\/\/api.w.org\/{rel}","templated":true}]}}