{"id":219080,"date":"2022-03-24T00:00:00","date_gmt":"2022-03-23T23:00:00","guid":{"rendered":"https:\/\/wpguerssen-test.odoo.rgbconsulting.com\/product\/a-natural-woman-in-sweden\/"},"modified":"2025-03-03T15:49:24","modified_gmt":"2025-03-03T14:49:24","slug":"a-natural-woman-in-sweden","status":"publish","type":"product","link":"https:\/\/wpguerssen-test.odoo.rgbconsulting.com\/es\/producto\/a-natural-woman-in-sweden\/","title":{"rendered":"A Natural Woman&#8230; In Sweden"},"content":{"rendered":"<p>\u00a1Grabaciones escandinavas obligatorias por la reina del soul! En 1968, public\u00f3 los \u00e1lbumes m\u00e1s vendidos Lady Soul y Aretha Now, que inclu\u00edan algunos de sus sencillos m\u00e1s populares, como \u00abChain of Fools\u00bb, \u00abAin&#8217;t No Way\u00bb, \u00abThink\u00bb y \u00abI Say a Little\u00bb. Oraci\u00f3n\u00bb. Ese febrero, Franklin gan\u00f3 los dos primeros de sus premios Grammy, incluida la categor\u00eda de debut como Mejor Interpretaci\u00f3n Vocal Femenina de R&#038;B. En el mismo a\u00f1o, Franklin realiz\u00f3 una gira fuera de los EE. UU. por primera vez en mayo, incluida una aparici\u00f3n en Estocolmo, desde donde se tom\u00f3 esta grabaci\u00f3n hist\u00f3rica.<\/p>\n","protected":false},"excerpt":{"rendered":"<p>\u00a1Grabaciones escandinavas obligatorias por la reina del soul! En 1968, public\u00f3 los \u00e1lbumes m\u00e1s vendidos Lady Soul y Aretha Now, que inclu\u00edan algunos de sus sencillos<a class=\"read\" href=\"https:\/\/wpguerssen-test.odoo.rgbconsulting.com\/es\/producto\/a-natural-woman-in-sweden\/\"> (...)<\/a>","protected":false},"featured_media":246451,"template":"","meta":{"_acf_changed":false},"product_brand":[],"product_cat":[21649],"product_tag":[24190],"class_list":{"0":"post-219080","1":"product","2":"type-product","3":"status-publish","4":"has-post-thumbnail","6":"product_cat-soul-rnb-es","7":"product_tag-sales-es","8":"pa_artist-franklin-aretha-es","9":"pa_format-lp-es","10":"pa_gender-soul-rnb","11":"pa_label-outsider","12":"pa_location-north-america-es","13":"pa_other-filters-vinyl-only-es","15":"first","16":"instock","17":"taxable","18":"shipping-taxable","19":"purchasable","20":"product-type-simple"},"acf":[],"yoast_head":"<!-- This site is optimized with the Yoast SEO plugin v24.9 - https:\/\/yoast.com\/wordpress\/plugins\/seo\/ -->\n<title>FRANKLIN, Aretha - A Natural Woman... In Sweden -  (LP) | Guerssen<\/title>\n<meta name=\"description\" content=\"Mandatory scandinavian recordings for the queen of soul ! In 1968, she issued the top-selling albums Lady Soul and Aretha Now, which included some of her most popular hit singles, including &quot;Chain of Fools&quot;, &quot;Ain&#039;t No Way&quot;, &quot;Think&quot; and &quot;I Say a Little Prayer&quot;. That February, Franklin earned the first two of her Grammys, including the debut category for Best Female R&amp;B Vocal Performance. In the same year, Franklin toured outside the US for the first time in May, including an appearance in Stockholm, from where this historic recording was taken.\" \/>\n<meta name=\"robots\" content=\"index, follow, max-snippet:-1, max-image-preview:large, max-video-preview:-1\" \/>\n<link rel=\"canonical\" href=\"https:\/\/wpguerssen-test.odoo.rgbconsulting.com\/es\/producto\/a-natural-woman-in-sweden\/\" \/>\n<meta property=\"og:locale\" content=\"es_ES\" \/>\n<meta property=\"og:type\" content=\"article\" \/>\n<meta property=\"og:title\" content=\"FRANKLIN, Aretha - A Natural Woman... In Sweden -  (LP) | Guerssen\" \/>\n<meta property=\"og:description\" content=\"Mandatory scandinavian recordings for the queen of soul ! In 1968, she issued the top-selling albums Lady Soul and Aretha Now, which included some of her most popular hit singles, including &quot;Chain of Fools&quot;, &quot;Ain&#039;t No Way&quot;, &quot;Think&quot; and &quot;I Say a Little Prayer&quot;. That February, Franklin earned the first two of her Grammys, including the debut category for Best Female R&amp;B Vocal Performance. In the same year, Franklin toured outside the US for the first time in May, including an appearance in Stockholm, from where this historic recording was taken.\" \/>\n<meta property=\"og:url\" content=\"https:\/\/wpguerssen-test.odoo.rgbconsulting.com\/es\/producto\/a-natural-woman-in-sweden\/\" \/>\n<meta property=\"og:site_name\" content=\"Guerssen records\" \/>\n<meta property=\"article:modified_time\" content=\"2025-03-03T14:49:24+00:00\" \/>\n<meta property=\"og:image\" content=\"https:\/\/wpguerssen-test.odoo.rgbconsulting.com\/wp-content\/uploads\/2023\/11\/42048.jpg\" \/>\n\t<meta property=\"og:image:width\" content=\"1080\" \/>\n\t<meta property=\"og:image:height\" content=\"1080\" \/>\n\t<meta property=\"og:image:type\" content=\"image\/jpeg\" \/>\n<meta name=\"twitter:card\" content=\"summary_large_image\" \/>\n<meta name=\"twitter:title\" content=\"FRANKLIN, Aretha - A Natural Woman... In Sweden -  (LP) | Guerssen\" \/>\n<meta name=\"twitter:label1\" content=\"Tiempo de lectura\" \/>\n\t<meta name=\"twitter:data1\" content=\"1 minuto\" \/>\n<script type=\"application\/ld+json\" class=\"yoast-schema-graph\">{\"@context\":\"https:\/\/schema.org\",\"@graph\":[{\"@type\":\"WebPage\",\"@id\":\"https:\/\/wpguerssen-test.odoo.rgbconsulting.com\/es\/producto\/a-natural-woman-in-sweden\/\",\"url\":\"https:\/\/wpguerssen-test.odoo.rgbconsulting.com\/es\/producto\/a-natural-woman-in-sweden\/\",\"name\":\"FRANKLIN, Aretha - A Natural Woman... In Sweden - (LP) | Guerssen\",\"isPartOf\":{\"@id\":\"https:\/\/wpguerssen-test.odoo.rgbconsulting.com\/es\/#website\"},\"primaryImageOfPage\":{\"@id\":\"https:\/\/wpguerssen-test.odoo.rgbconsulting.com\/es\/producto\/a-natural-woman-in-sweden\/#primaryimage\"},\"image\":{\"@id\":\"https:\/\/wpguerssen-test.odoo.rgbconsulting.com\/es\/producto\/a-natural-woman-in-sweden\/#primaryimage\"},\"thumbnailUrl\":\"https:\/\/wpguerssen-test.odoo.rgbconsulting.com\/wp-content\/uploads\/2023\/11\/42048.jpg\",\"datePublished\":\"2022-03-23T23:00:00+00:00\",\"dateModified\":\"2025-03-03T14:49:24+00:00\",\"description\":\"Mandatory scandinavian recordings for the queen of soul ! In 1968, she issued the top-selling albums Lady Soul and Aretha Now, which included some of her most popular hit singles, including \\\"Chain of Fools\\\", \\\"Ain't No Way\\\", \\\"Think\\\" and \\\"I Say a Little Prayer\\\". That February, Franklin earned the first two of her Grammys, including the debut category for Best Female R&B Vocal Performance. In the same year, Franklin toured outside the US for the first time in May, including an appearance in Stockholm, from where this historic recording was taken.\",\"breadcrumb\":{\"@id\":\"https:\/\/wpguerssen-test.odoo.rgbconsulting.com\/es\/producto\/a-natural-woman-in-sweden\/#breadcrumb\"},\"inLanguage\":\"es\",\"potentialAction\":[{\"@type\":\"ReadAction\",\"target\":[\"https:\/\/wpguerssen-test.odoo.rgbconsulting.com\/es\/producto\/a-natural-woman-in-sweden\/\"]}]},{\"@type\":\"ImageObject\",\"inLanguage\":\"es\",\"@id\":\"https:\/\/wpguerssen-test.odoo.rgbconsulting.com\/es\/producto\/a-natural-woman-in-sweden\/#primaryimage\",\"url\":\"https:\/\/wpguerssen-test.odoo.rgbconsulting.com\/wp-content\/uploads\/2023\/11\/42048.jpg\",\"contentUrl\":\"https:\/\/wpguerssen-test.odoo.rgbconsulting.com\/wp-content\/uploads\/2023\/11\/42048.jpg\",\"width\":1080,\"height\":1080,\"caption\":\"Aretha - A Natural Woman... In Sweden - outsider (LP) | Guerssen\"},{\"@type\":\"BreadcrumbList\",\"@id\":\"https:\/\/wpguerssen-test.odoo.rgbconsulting.com\/es\/producto\/a-natural-woman-in-sweden\/#breadcrumb\",\"itemListElement\":[{\"@type\":\"ListItem\",\"position\":1,\"name\":\"Inicio\",\"item\":\"https:\/\/wpguerssen-test.odoo.rgbconsulting.com\/es\/\"},{\"@type\":\"ListItem\",\"position\":2,\"name\":\"Shop\",\"item\":\"https:\/\/wpguerssen-test.odoo.rgbconsulting.com\/shop\/\"},{\"@type\":\"ListItem\",\"position\":3,\"name\":\"A Natural Woman&#8230; In Sweden\"}]},{\"@type\":\"WebSite\",\"@id\":\"https:\/\/wpguerssen-test.odoo.rgbconsulting.com\/es\/#website\",\"url\":\"https:\/\/wpguerssen-test.odoo.rgbconsulting.com\/es\/\",\"name\":\"Guerssen records\",\"description\":\"psychedelia - progressive - folk - garage \",\"publisher\":{\"@id\":\"https:\/\/wpguerssen-test.odoo.rgbconsulting.com\/es\/#organization\"},\"potentialAction\":[{\"@type\":\"SearchAction\",\"target\":{\"@type\":\"EntryPoint\",\"urlTemplate\":\"https:\/\/wpguerssen-test.odoo.rgbconsulting.com\/es\/?s={search_term_string}\"},\"query-input\":{\"@type\":\"PropertyValueSpecification\",\"valueRequired\":true,\"valueName\":\"search_term_string\"}}],\"inLanguage\":\"es\"},{\"@type\":\"Organization\",\"@id\":\"https:\/\/wpguerssen-test.odoo.rgbconsulting.com\/es\/#organization\",\"name\":\"Guerssen records\",\"url\":\"https:\/\/wpguerssen-test.odoo.rgbconsulting.com\/es\/\",\"logo\":{\"@type\":\"ImageObject\",\"inLanguage\":\"es\",\"@id\":\"https:\/\/wpguerssen-test.odoo.rgbconsulting.com\/es\/#\/schema\/logo\/image\/\",\"url\":\"https:\/\/wpguerssen-test.odoo.rgbconsulting.com\/wp-content\/uploads\/2022\/04\/Logo_Guerssen_trans_100.png\",\"contentUrl\":\"https:\/\/wpguerssen-test.odoo.rgbconsulting.com\/wp-content\/uploads\/2022\/04\/Logo_Guerssen_trans_100.png\",\"width\":122,\"height\":100,\"caption\":\"Guerssen records\"},\"image\":{\"@id\":\"https:\/\/wpguerssen-test.odoo.rgbconsulting.com\/es\/#\/schema\/logo\/image\/\"}}]}<\/script>\n<!-- \/ Yoast SEO plugin. -->","yoast_head_json":{"title":"FRANKLIN, Aretha - A Natural Woman... In Sweden -  (LP) | Guerssen","description":"Mandatory scandinavian recordings for the queen of soul ! In 1968, she issued the top-selling albums Lady Soul and Aretha Now, which included some of her most popular hit singles, including \"Chain of Fools\", \"Ain't No Way\", \"Think\" and \"I Say a Little Prayer\". That February, Franklin earned the first two of her Grammys, including the debut category for Best Female R&B Vocal Performance. In the same year, Franklin toured outside the US for the first time in May, including an appearance in Stockholm, from where this historic recording was taken.","robots":{"index":"index","follow":"follow","max-snippet":"max-snippet:-1","max-image-preview":"max-image-preview:large","max-video-preview":"max-video-preview:-1"},"canonical":"https:\/\/wpguerssen-test.odoo.rgbconsulting.com\/es\/producto\/a-natural-woman-in-sweden\/","og_locale":"es_ES","og_type":"article","og_title":"FRANKLIN, Aretha - A Natural Woman... In Sweden -  (LP) | Guerssen","og_description":"Mandatory scandinavian recordings for the queen of soul ! In 1968, she issued the top-selling albums Lady Soul and Aretha Now, which included some of her most popular hit singles, including \"Chain of Fools\", \"Ain't No Way\", \"Think\" and \"I Say a Little Prayer\". That February, Franklin earned the first two of her Grammys, including the debut category for Best Female R&B Vocal Performance. In the same year, Franklin toured outside the US for the first time in May, including an appearance in Stockholm, from where this historic recording was taken.","og_url":"https:\/\/wpguerssen-test.odoo.rgbconsulting.com\/es\/producto\/a-natural-woman-in-sweden\/","og_site_name":"Guerssen records","article_modified_time":"2025-03-03T14:49:24+00:00","og_image":[{"width":1080,"height":1080,"url":"https:\/\/wpguerssen-test.odoo.rgbconsulting.com\/wp-content\/uploads\/2023\/11\/42048.jpg","type":"image\/jpeg"}],"twitter_card":"summary_large_image","twitter_title":"FRANKLIN, Aretha - A Natural Woman... In Sweden -  (LP) | Guerssen","twitter_misc":{"Tiempo de lectura":"1 minuto"},"schema":{"@context":"https:\/\/schema.org","@graph":[{"@type":"WebPage","@id":"https:\/\/wpguerssen-test.odoo.rgbconsulting.com\/es\/producto\/a-natural-woman-in-sweden\/","url":"https:\/\/wpguerssen-test.odoo.rgbconsulting.com\/es\/producto\/a-natural-woman-in-sweden\/","name":"FRANKLIN, Aretha - A Natural Woman... In Sweden - (LP) | Guerssen","isPartOf":{"@id":"https:\/\/wpguerssen-test.odoo.rgbconsulting.com\/es\/#website"},"primaryImageOfPage":{"@id":"https:\/\/wpguerssen-test.odoo.rgbconsulting.com\/es\/producto\/a-natural-woman-in-sweden\/#primaryimage"},"image":{"@id":"https:\/\/wpguerssen-test.odoo.rgbconsulting.com\/es\/producto\/a-natural-woman-in-sweden\/#primaryimage"},"thumbnailUrl":"https:\/\/wpguerssen-test.odoo.rgbconsulting.com\/wp-content\/uploads\/2023\/11\/42048.jpg","datePublished":"2022-03-23T23:00:00+00:00","dateModified":"2025-03-03T14:49:24+00:00","description":"Mandatory scandinavian recordings for the queen of soul ! In 1968, she issued the top-selling albums Lady Soul and Aretha Now, which included some of her most popular hit singles, including \"Chain of Fools\", \"Ain't No Way\", \"Think\" and \"I Say a Little Prayer\". That February, Franklin earned the first two of her Grammys, including the debut category for Best Female R&B Vocal Performance. In the same year, Franklin toured outside the US for the first time in May, including an appearance in Stockholm, from where this historic recording was taken.","breadcrumb":{"@id":"https:\/\/wpguerssen-test.odoo.rgbconsulting.com\/es\/producto\/a-natural-woman-in-sweden\/#breadcrumb"},"inLanguage":"es","potentialAction":[{"@type":"ReadAction","target":["https:\/\/wpguerssen-test.odoo.rgbconsulting.com\/es\/producto\/a-natural-woman-in-sweden\/"]}]},{"@type":"ImageObject","inLanguage":"es","@id":"https:\/\/wpguerssen-test.odoo.rgbconsulting.com\/es\/producto\/a-natural-woman-in-sweden\/#primaryimage","url":"https:\/\/wpguerssen-test.odoo.rgbconsulting.com\/wp-content\/uploads\/2023\/11\/42048.jpg","contentUrl":"https:\/\/wpguerssen-test.odoo.rgbconsulting.com\/wp-content\/uploads\/2023\/11\/42048.jpg","width":1080,"height":1080,"caption":"Aretha - A Natural Woman... In Sweden - outsider (LP) | Guerssen"},{"@type":"BreadcrumbList","@id":"https:\/\/wpguerssen-test.odoo.rgbconsulting.com\/es\/producto\/a-natural-woman-in-sweden\/#breadcrumb","itemListElement":[{"@type":"ListItem","position":1,"name":"Inicio","item":"https:\/\/wpguerssen-test.odoo.rgbconsulting.com\/es\/"},{"@type":"ListItem","position":2,"name":"Shop","item":"https:\/\/wpguerssen-test.odoo.rgbconsulting.com\/shop\/"},{"@type":"ListItem","position":3,"name":"A Natural Woman&#8230; In Sweden"}]},{"@type":"WebSite","@id":"https:\/\/wpguerssen-test.odoo.rgbconsulting.com\/es\/#website","url":"https:\/\/wpguerssen-test.odoo.rgbconsulting.com\/es\/","name":"Guerssen records","description":"psychedelia - progressive - folk - garage ","publisher":{"@id":"https:\/\/wpguerssen-test.odoo.rgbconsulting.com\/es\/#organization"},"potentialAction":[{"@type":"SearchAction","target":{"@type":"EntryPoint","urlTemplate":"https:\/\/wpguerssen-test.odoo.rgbconsulting.com\/es\/?s={search_term_string}"},"query-input":{"@type":"PropertyValueSpecification","valueRequired":true,"valueName":"search_term_string"}}],"inLanguage":"es"},{"@type":"Organization","@id":"https:\/\/wpguerssen-test.odoo.rgbconsulting.com\/es\/#organization","name":"Guerssen records","url":"https:\/\/wpguerssen-test.odoo.rgbconsulting.com\/es\/","logo":{"@type":"ImageObject","inLanguage":"es","@id":"https:\/\/wpguerssen-test.odoo.rgbconsulting.com\/es\/#\/schema\/logo\/image\/","url":"https:\/\/wpguerssen-test.odoo.rgbconsulting.com\/wp-content\/uploads\/2022\/04\/Logo_Guerssen_trans_100.png","contentUrl":"https:\/\/wpguerssen-test.odoo.rgbconsulting.com\/wp-content\/uploads\/2022\/04\/Logo_Guerssen_trans_100.png","width":122,"height":100,"caption":"Guerssen records"},"image":{"@id":"https:\/\/wpguerssen-test.odoo.rgbconsulting.com\/es\/#\/schema\/logo\/image\/"}}]}},"_links":{"self":[{"href":"https:\/\/wpguerssen-test.odoo.rgbconsulting.com\/es\/wp-json\/wp\/v2\/product\/219080","targetHints":{"allow":["GET"]}}],"collection":[{"href":"https:\/\/wpguerssen-test.odoo.rgbconsulting.com\/es\/wp-json\/wp\/v2\/product"}],"about":[{"href":"https:\/\/wpguerssen-test.odoo.rgbconsulting.com\/es\/wp-json\/wp\/v2\/types\/product"}],"wp:featuredmedia":[{"embeddable":true,"href":"https:\/\/wpguerssen-test.odoo.rgbconsulting.com\/es\/wp-json\/wp\/v2\/media\/246451"}],"wp:attachment":[{"href":"https:\/\/wpguerssen-test.odoo.rgbconsulting.com\/es\/wp-json\/wp\/v2\/media?parent=219080"}],"wp:term":[{"taxonomy":"product_brand","embeddable":true,"href":"https:\/\/wpguerssen-test.odoo.rgbconsulting.com\/es\/wp-json\/wp\/v2\/product_brand?post=219080"},{"taxonomy":"product_cat","embeddable":true,"href":"https:\/\/wpguerssen-test.odoo.rgbconsulting.com\/es\/wp-json\/wp\/v2\/product_cat?post=219080"},{"taxonomy":"product_tag","embeddable":true,"href":"https:\/\/wpguerssen-test.odoo.rgbconsulting.com\/es\/wp-json\/wp\/v2\/product_tag?post=219080"}],"curies":[{"name":"wp","href":"https:\/\/api.w.org\/{rel}","templated":true}]}}