{"id":219271,"date":"2022-11-16T00:00:00","date_gmt":"2022-11-15T23:00:00","guid":{"rendered":"https:\/\/wpguerssen-test.odoo.rgbconsulting.com\/product\/pelo-de-rata\/"},"modified":"2025-01-29T17:19:05","modified_gmt":"2025-01-29T16:19:05","slug":"pelo-de-rata","status":"publish","type":"product","link":"https:\/\/wpguerssen-test.odoo.rgbconsulting.com\/es\/producto\/pelo-de-rata\/","title":{"rendered":"Pelo De Rata"},"content":{"rendered":"<p>\u00ab\u00a1\u00a1Oye, hay un chico nuevo que toca como Herbie Hancock!!\u00bb. Cuando el pianista chileno Mat\u00edas Pizarro lleg\u00f3 a Argentina huyendo de la dictadura de Pinochet, la noticia corri\u00f3 como la p\u00f3lvora en la escena del jazz local.<br \/>En los dos cortos a\u00f1os que Pizarro pas\u00f3 en Buenos Aires, se convirti\u00f3 en un tercio del proyecto Viejas Ra\u00edces junto a los h\u00e9roes del jazz local. Jorge L\u00f3pez Ruiz y Pocho Lapouble, grabaron con el famoso trompetista italiano Enrico Rava y lanzaron su propio \u00e1lbum en solitario, Pelo de Rata (\u00abPelo de rata\u00bb).<br \/>Sin embargo, Pizarro no era un principiante. Mientras estuvo en Chile, ya hab\u00eda participado en varios proyectos musicales y trabajado como productor y arreglista para el sello IRT, y estuvo conectado con bandas influyentes como Los Jaivas y Blops. Tambi\u00e9n estudi\u00f3 en Berklee School of Music, donde no solo conoci\u00f3 y convivi\u00f3 con la flor y nata de una nueva ola emergente de m\u00fasicos, sino que tambi\u00e9n tuvo la oportunidad de asistir a presentaciones en vivo de gigantes como Miles Davis o Thelonious Monk.<br >En la grabaci\u00f3n de Pelo de Rata Pizarro se une al tambi\u00e9n chileno Alejandro Rivera (Sacros, Grupo Sol) en quena y charango, el bajista sueco Bo Gathu en el bajo, el saxofonista uruguayo Finito Bingert y un impresionante equipo de percusi\u00f3n con Pocho Lapouble, \u00abEl Zurdo \u00abRoizner y el poderoso Domingo Cura. El \u00e1lbum bebe de las corrientes de jazz fusi\u00f3n estadounidense de la \u00e9poca (piense en Chick Corea y Miles Davies), a\u00f1adiendo un innegable car\u00e1cter latinoamericano, todo proyectado a trav\u00e9s del propio prisma musical de Pizarro que muestra su agudo sentido de la armon\u00eda y una intimidad musical que recuerda a aquellos Momentos sinceros y de ensue\u00f1o en Viejas Ra\u00edces.<br \/>El folleto de 8 p\u00e1ginas que acompa\u00f1a a la edici\u00f3n en vinilo le dar\u00e1 una visi\u00f3n m\u00e1s profunda de la historia de Mat\u00edas Pizarro, con fotograf\u00edas y notas in\u00e9ditas del periodista argentino Humphrey Hinzillo (La Naci\u00f3n, Rolling Stone Argentina).<\/p>\n","protected":false},"excerpt":{"rendered":"<p>\u00ab\u00a1\u00a1Oye, hay un chico nuevo que toca como Herbie Hancock!!\u00bb. Cuando el pianista chileno Mat\u00edas Pizarro lleg\u00f3 a Argentina huyendo de la dictadura de Pinochet,<a class=\"read\" href=\"https:\/\/wpguerssen-test.odoo.rgbconsulting.com\/es\/producto\/pelo-de-rata\/\"> (...)<\/a>","protected":false},"featured_media":219352,"template":"","meta":{"_acf_changed":false},"product_brand":[],"product_cat":[23227],"product_tag":[],"class_list":{"0":"post-219271","1":"product","2":"type-product","3":"status-publish","4":"has-post-thumbnail","6":"product_cat-jazz-es","7":"pa_artist-pizarro-matias","8":"pa_format-lp-es","9":"pa_gender-jazz","10":"pa_label-altercat","11":"pa_location-south-america-caribbean-es","12":"pa_other-filters-vinyl-only-es","14":"first","15":"instock","16":"taxable","17":"shipping-taxable","18":"purchasable","19":"product-type-simple"},"acf":[],"yoast_head":"<!-- This site is optimized with the Yoast SEO plugin v24.9 - https:\/\/yoast.com\/wordpress\/plugins\/seo\/ -->\n<title>PIZARRO, Mat\u00edas - Pelo De Rata -  (LP) | Guerssen<\/title>\n<meta name=\"description\" content=\"&quot;Hey, there&#039;s this new guy around that plays like Herbie Hancock!!&quot;. When Chilean pianist Mat\u00edas Pizarro arrived in Argentina fleeing Pinochet&#039;s dictatorship, word spread like wildfire in the local jazz scene.In the two short years that Pizarro spent in Buenos Aires, he became one third of the Viejas Ra\u00edces project alongside local jazz heroes Jorge L\u00f3pez Ruiz and Pocho Lapouble, recorded with famed Italian trumpeter Enrico Rava and released his own solo album, Pelo de Rata (&quot;Rat&#039;s hair&quot;).Pizarro was no beginner though. Whilst in Chile he had already participated in several music projects and worked as a producer and arranger for the IRT label, and was connected to influential bands such as Los Jaivas and Blops. He had also studied in the Berklee School of Music where he not only met and lived with the cream of an emerging new wave of musicians, but he also had the chance to attend live performances of giants such as Miles Davis or Thelonious Monk.In the recording of Pelo de Rata Pizarro is joined by fellow Chilean Alejandro Rivera (Sacros, Grupo Sol) on quena and charango, Swedish bassist Bo Gathu on bass, Uruguayan saxophonist Finito Bingert and an impressive percussion team featuring Pocho Lapouble, &quot;El Zurdo&quot; Roizner and the mighty Domingo Cura. The album draws from the US jazz fusion currents of the time (think Chick Corea and Miles Davies), adding an undeniable Latin American character, all projected through Pizarro&#039;s own musical prism which displays his acute sense of harmony and a musical intimacy that reminds of those sincere, dreamy moments in Viejas Ra\u00edces.The 8-page booklet that accompanies the vinyl edition will give you a deeper insight into the story of Mat\u00edas Pizarro, with previously unseen pictures and liner notes by Argentinean journalist Humphrey Hinzillo (La Naci\u00f3n , Rolling Stone Argentina).\" \/>\n<meta name=\"robots\" content=\"index, follow, max-snippet:-1, max-image-preview:large, max-video-preview:-1\" \/>\n<link rel=\"canonical\" href=\"https:\/\/wpguerssen-test.odoo.rgbconsulting.com\/es\/producto\/pelo-de-rata\/\" \/>\n<meta property=\"og:locale\" content=\"es_ES\" \/>\n<meta property=\"og:type\" content=\"article\" \/>\n<meta property=\"og:title\" content=\"PIZARRO, Mat\u00edas - Pelo De Rata -  (LP) | Guerssen\" \/>\n<meta property=\"og:description\" content=\"&quot;Hey, there&#039;s this new guy around that plays like Herbie Hancock!!&quot;. When Chilean pianist Mat\u00edas Pizarro arrived in Argentina fleeing Pinochet&#039;s dictatorship, word spread like wildfire in the local jazz scene.In the two short years that Pizarro spent in Buenos Aires, he became one third of the Viejas Ra\u00edces project alongside local jazz heroes Jorge L\u00f3pez Ruiz and Pocho Lapouble, recorded with famed Italian trumpeter Enrico Rava and released his own solo album, Pelo de Rata (&quot;Rat&#039;s hair&quot;).Pizarro was no beginner though. Whilst in Chile he had already participated in several music projects and worked as a producer and arranger for the IRT label, and was connected to influential bands such as Los Jaivas and Blops. He had also studied in the Berklee School of Music where he not only met and lived with the cream of an emerging new wave of musicians, but he also had the chance to attend live performances of giants such as Miles Davis or Thelonious Monk.In the recording of Pelo de Rata Pizarro is joined by fellow Chilean Alejandro Rivera (Sacros, Grupo Sol) on quena and charango, Swedish bassist Bo Gathu on bass, Uruguayan saxophonist Finito Bingert and an impressive percussion team featuring Pocho Lapouble, &quot;El Zurdo&quot; Roizner and the mighty Domingo Cura. The album draws from the US jazz fusion currents of the time (think Chick Corea and Miles Davies), adding an undeniable Latin American character, all projected through Pizarro&#039;s own musical prism which displays his acute sense of harmony and a musical intimacy that reminds of those sincere, dreamy moments in Viejas Ra\u00edces.The 8-page booklet that accompanies the vinyl edition will give you a deeper insight into the story of Mat\u00edas Pizarro, with previously unseen pictures and liner notes by Argentinean journalist Humphrey Hinzillo (La Naci\u00f3n , Rolling Stone Argentina).\" \/>\n<meta property=\"og:url\" content=\"https:\/\/wpguerssen-test.odoo.rgbconsulting.com\/es\/producto\/pelo-de-rata\/\" \/>\n<meta property=\"og:site_name\" content=\"Guerssen records\" \/>\n<meta property=\"article:modified_time\" content=\"2025-01-29T16:19:05+00:00\" \/>\n<meta property=\"og:image\" content=\"https:\/\/wpguerssen-test.odoo.rgbconsulting.com\/wp-content\/uploads\/2022\/10\/42065.jpg\" \/>\n\t<meta property=\"og:image:width\" content=\"1200\" \/>\n\t<meta property=\"og:image:height\" content=\"1200\" \/>\n\t<meta property=\"og:image:type\" content=\"image\/jpeg\" \/>\n<meta name=\"twitter:card\" content=\"summary_large_image\" \/>\n<meta name=\"twitter:title\" content=\"PIZARRO, Mat\u00edas - Pelo De Rata -  (LP) | Guerssen\" \/>\n<meta name=\"twitter:label1\" content=\"Tiempo de lectura\" \/>\n\t<meta name=\"twitter:data1\" content=\"2 minutos\" \/>\n<script type=\"application\/ld+json\" class=\"yoast-schema-graph\">{\"@context\":\"https:\/\/schema.org\",\"@graph\":[{\"@type\":\"WebPage\",\"@id\":\"https:\/\/wpguerssen-test.odoo.rgbconsulting.com\/es\/producto\/pelo-de-rata\/\",\"url\":\"https:\/\/wpguerssen-test.odoo.rgbconsulting.com\/es\/producto\/pelo-de-rata\/\",\"name\":\"PIZARRO, Mat\u00edas - Pelo De Rata - (LP) | Guerssen\",\"isPartOf\":{\"@id\":\"https:\/\/wpguerssen-test.odoo.rgbconsulting.com\/es\/#website\"},\"primaryImageOfPage\":{\"@id\":\"https:\/\/wpguerssen-test.odoo.rgbconsulting.com\/es\/producto\/pelo-de-rata\/#primaryimage\"},\"image\":{\"@id\":\"https:\/\/wpguerssen-test.odoo.rgbconsulting.com\/es\/producto\/pelo-de-rata\/#primaryimage\"},\"thumbnailUrl\":\"https:\/\/wpguerssen-test.odoo.rgbconsulting.com\/wp-content\/uploads\/2022\/10\/42065.jpg\",\"datePublished\":\"2022-11-15T23:00:00+00:00\",\"dateModified\":\"2025-01-29T16:19:05+00:00\",\"description\":\"\\\"Hey, there's this new guy around that plays like Herbie Hancock!!\\\". When Chilean pianist Mat\u00edas Pizarro arrived in Argentina fleeing Pinochet's dictatorship, word spread like wildfire in the local jazz scene.In the two short years that Pizarro spent in Buenos Aires, he became one third of the Viejas Ra\u00edces project alongside local jazz heroes Jorge L\u00f3pez Ruiz and Pocho Lapouble, recorded with famed Italian trumpeter Enrico Rava and released his own solo album, Pelo de Rata (\\\"Rat's hair\\\").Pizarro was no beginner though. Whilst in Chile he had already participated in several music projects and worked as a producer and arranger for the IRT label, and was connected to influential bands such as Los Jaivas and Blops. He had also studied in the Berklee School of Music where he not only met and lived with the cream of an emerging new wave of musicians, but he also had the chance to attend live performances of giants such as Miles Davis or Thelonious Monk.In the recording of Pelo de Rata Pizarro is joined by fellow Chilean Alejandro Rivera (Sacros, Grupo Sol) on quena and charango, Swedish bassist Bo Gathu on bass, Uruguayan saxophonist Finito Bingert and an impressive percussion team featuring Pocho Lapouble, \\\"El Zurdo\\\" Roizner and the mighty Domingo Cura. The album draws from the US jazz fusion currents of the time (think Chick Corea and Miles Davies), adding an undeniable Latin American character, all projected through Pizarro's own musical prism which displays his acute sense of harmony and a musical intimacy that reminds of those sincere, dreamy moments in Viejas Ra\u00edces.The 8-page booklet that accompanies the vinyl edition will give you a deeper insight into the story of Mat\u00edas Pizarro, with previously unseen pictures and liner notes by Argentinean journalist Humphrey Hinzillo (La Naci\u00f3n , Rolling Stone Argentina).\",\"breadcrumb\":{\"@id\":\"https:\/\/wpguerssen-test.odoo.rgbconsulting.com\/es\/producto\/pelo-de-rata\/#breadcrumb\"},\"inLanguage\":\"es\",\"potentialAction\":[{\"@type\":\"ReadAction\",\"target\":[\"https:\/\/wpguerssen-test.odoo.rgbconsulting.com\/es\/producto\/pelo-de-rata\/\"]}]},{\"@type\":\"ImageObject\",\"inLanguage\":\"es\",\"@id\":\"https:\/\/wpguerssen-test.odoo.rgbconsulting.com\/es\/producto\/pelo-de-rata\/#primaryimage\",\"url\":\"https:\/\/wpguerssen-test.odoo.rgbconsulting.com\/wp-content\/uploads\/2022\/10\/42065.jpg\",\"contentUrl\":\"https:\/\/wpguerssen-test.odoo.rgbconsulting.com\/wp-content\/uploads\/2022\/10\/42065.jpg\",\"width\":1200,\"height\":1200,\"caption\":\"Mat\u00edas - Pelo De Rata - ALTERCAT (LP) | Guerssen\"},{\"@type\":\"BreadcrumbList\",\"@id\":\"https:\/\/wpguerssen-test.odoo.rgbconsulting.com\/es\/producto\/pelo-de-rata\/#breadcrumb\",\"itemListElement\":[{\"@type\":\"ListItem\",\"position\":1,\"name\":\"Inicio\",\"item\":\"https:\/\/wpguerssen-test.odoo.rgbconsulting.com\/es\/\"},{\"@type\":\"ListItem\",\"position\":2,\"name\":\"Shop\",\"item\":\"https:\/\/wpguerssen-test.odoo.rgbconsulting.com\/shop\/\"},{\"@type\":\"ListItem\",\"position\":3,\"name\":\"Pelo De Rata\"}]},{\"@type\":\"WebSite\",\"@id\":\"https:\/\/wpguerssen-test.odoo.rgbconsulting.com\/es\/#website\",\"url\":\"https:\/\/wpguerssen-test.odoo.rgbconsulting.com\/es\/\",\"name\":\"Guerssen records\",\"description\":\"psychedelia - progressive - folk - garage \",\"publisher\":{\"@id\":\"https:\/\/wpguerssen-test.odoo.rgbconsulting.com\/es\/#organization\"},\"potentialAction\":[{\"@type\":\"SearchAction\",\"target\":{\"@type\":\"EntryPoint\",\"urlTemplate\":\"https:\/\/wpguerssen-test.odoo.rgbconsulting.com\/es\/?s={search_term_string}\"},\"query-input\":{\"@type\":\"PropertyValueSpecification\",\"valueRequired\":true,\"valueName\":\"search_term_string\"}}],\"inLanguage\":\"es\"},{\"@type\":\"Organization\",\"@id\":\"https:\/\/wpguerssen-test.odoo.rgbconsulting.com\/es\/#organization\",\"name\":\"Guerssen records\",\"url\":\"https:\/\/wpguerssen-test.odoo.rgbconsulting.com\/es\/\",\"logo\":{\"@type\":\"ImageObject\",\"inLanguage\":\"es\",\"@id\":\"https:\/\/wpguerssen-test.odoo.rgbconsulting.com\/es\/#\/schema\/logo\/image\/\",\"url\":\"https:\/\/wpguerssen-test.odoo.rgbconsulting.com\/wp-content\/uploads\/2022\/04\/Logo_Guerssen_trans_100.png\",\"contentUrl\":\"https:\/\/wpguerssen-test.odoo.rgbconsulting.com\/wp-content\/uploads\/2022\/04\/Logo_Guerssen_trans_100.png\",\"width\":122,\"height\":100,\"caption\":\"Guerssen records\"},\"image\":{\"@id\":\"https:\/\/wpguerssen-test.odoo.rgbconsulting.com\/es\/#\/schema\/logo\/image\/\"}}]}<\/script>\n<!-- \/ Yoast SEO plugin. -->","yoast_head_json":{"title":"PIZARRO, Mat\u00edas - Pelo De Rata -  (LP) | Guerssen","description":"\"Hey, there's this new guy around that plays like Herbie Hancock!!\". When Chilean pianist Mat\u00edas Pizarro arrived in Argentina fleeing Pinochet's dictatorship, word spread like wildfire in the local jazz scene.In the two short years that Pizarro spent in Buenos Aires, he became one third of the Viejas Ra\u00edces project alongside local jazz heroes Jorge L\u00f3pez Ruiz and Pocho Lapouble, recorded with famed Italian trumpeter Enrico Rava and released his own solo album, Pelo de Rata (\"Rat's hair\").Pizarro was no beginner though. Whilst in Chile he had already participated in several music projects and worked as a producer and arranger for the IRT label, and was connected to influential bands such as Los Jaivas and Blops. He had also studied in the Berklee School of Music where he not only met and lived with the cream of an emerging new wave of musicians, but he also had the chance to attend live performances of giants such as Miles Davis or Thelonious Monk.In the recording of Pelo de Rata Pizarro is joined by fellow Chilean Alejandro Rivera (Sacros, Grupo Sol) on quena and charango, Swedish bassist Bo Gathu on bass, Uruguayan saxophonist Finito Bingert and an impressive percussion team featuring Pocho Lapouble, \"El Zurdo\" Roizner and the mighty Domingo Cura. The album draws from the US jazz fusion currents of the time (think Chick Corea and Miles Davies), adding an undeniable Latin American character, all projected through Pizarro's own musical prism which displays his acute sense of harmony and a musical intimacy that reminds of those sincere, dreamy moments in Viejas Ra\u00edces.The 8-page booklet that accompanies the vinyl edition will give you a deeper insight into the story of Mat\u00edas Pizarro, with previously unseen pictures and liner notes by Argentinean journalist Humphrey Hinzillo (La Naci\u00f3n , Rolling Stone Argentina).","robots":{"index":"index","follow":"follow","max-snippet":"max-snippet:-1","max-image-preview":"max-image-preview:large","max-video-preview":"max-video-preview:-1"},"canonical":"https:\/\/wpguerssen-test.odoo.rgbconsulting.com\/es\/producto\/pelo-de-rata\/","og_locale":"es_ES","og_type":"article","og_title":"PIZARRO, Mat\u00edas - Pelo De Rata -  (LP) | Guerssen","og_description":"\"Hey, there's this new guy around that plays like Herbie Hancock!!\". When Chilean pianist Mat\u00edas Pizarro arrived in Argentina fleeing Pinochet's dictatorship, word spread like wildfire in the local jazz scene.In the two short years that Pizarro spent in Buenos Aires, he became one third of the Viejas Ra\u00edces project alongside local jazz heroes Jorge L\u00f3pez Ruiz and Pocho Lapouble, recorded with famed Italian trumpeter Enrico Rava and released his own solo album, Pelo de Rata (\"Rat's hair\").Pizarro was no beginner though. Whilst in Chile he had already participated in several music projects and worked as a producer and arranger for the IRT label, and was connected to influential bands such as Los Jaivas and Blops. He had also studied in the Berklee School of Music where he not only met and lived with the cream of an emerging new wave of musicians, but he also had the chance to attend live performances of giants such as Miles Davis or Thelonious Monk.In the recording of Pelo de Rata Pizarro is joined by fellow Chilean Alejandro Rivera (Sacros, Grupo Sol) on quena and charango, Swedish bassist Bo Gathu on bass, Uruguayan saxophonist Finito Bingert and an impressive percussion team featuring Pocho Lapouble, \"El Zurdo\" Roizner and the mighty Domingo Cura. The album draws from the US jazz fusion currents of the time (think Chick Corea and Miles Davies), adding an undeniable Latin American character, all projected through Pizarro's own musical prism which displays his acute sense of harmony and a musical intimacy that reminds of those sincere, dreamy moments in Viejas Ra\u00edces.The 8-page booklet that accompanies the vinyl edition will give you a deeper insight into the story of Mat\u00edas Pizarro, with previously unseen pictures and liner notes by Argentinean journalist Humphrey Hinzillo (La Naci\u00f3n , Rolling Stone Argentina).","og_url":"https:\/\/wpguerssen-test.odoo.rgbconsulting.com\/es\/producto\/pelo-de-rata\/","og_site_name":"Guerssen records","article_modified_time":"2025-01-29T16:19:05+00:00","og_image":[{"width":1200,"height":1200,"url":"https:\/\/wpguerssen-test.odoo.rgbconsulting.com\/wp-content\/uploads\/2022\/10\/42065.jpg","type":"image\/jpeg"}],"twitter_card":"summary_large_image","twitter_title":"PIZARRO, Mat\u00edas - Pelo De Rata -  (LP) | Guerssen","twitter_misc":{"Tiempo de lectura":"2 minutos"},"schema":{"@context":"https:\/\/schema.org","@graph":[{"@type":"WebPage","@id":"https:\/\/wpguerssen-test.odoo.rgbconsulting.com\/es\/producto\/pelo-de-rata\/","url":"https:\/\/wpguerssen-test.odoo.rgbconsulting.com\/es\/producto\/pelo-de-rata\/","name":"PIZARRO, Mat\u00edas - Pelo De Rata - (LP) | Guerssen","isPartOf":{"@id":"https:\/\/wpguerssen-test.odoo.rgbconsulting.com\/es\/#website"},"primaryImageOfPage":{"@id":"https:\/\/wpguerssen-test.odoo.rgbconsulting.com\/es\/producto\/pelo-de-rata\/#primaryimage"},"image":{"@id":"https:\/\/wpguerssen-test.odoo.rgbconsulting.com\/es\/producto\/pelo-de-rata\/#primaryimage"},"thumbnailUrl":"https:\/\/wpguerssen-test.odoo.rgbconsulting.com\/wp-content\/uploads\/2022\/10\/42065.jpg","datePublished":"2022-11-15T23:00:00+00:00","dateModified":"2025-01-29T16:19:05+00:00","description":"\"Hey, there's this new guy around that plays like Herbie Hancock!!\". When Chilean pianist Mat\u00edas Pizarro arrived in Argentina fleeing Pinochet's dictatorship, word spread like wildfire in the local jazz scene.In the two short years that Pizarro spent in Buenos Aires, he became one third of the Viejas Ra\u00edces project alongside local jazz heroes Jorge L\u00f3pez Ruiz and Pocho Lapouble, recorded with famed Italian trumpeter Enrico Rava and released his own solo album, Pelo de Rata (\"Rat's hair\").Pizarro was no beginner though. Whilst in Chile he had already participated in several music projects and worked as a producer and arranger for the IRT label, and was connected to influential bands such as Los Jaivas and Blops. He had also studied in the Berklee School of Music where he not only met and lived with the cream of an emerging new wave of musicians, but he also had the chance to attend live performances of giants such as Miles Davis or Thelonious Monk.In the recording of Pelo de Rata Pizarro is joined by fellow Chilean Alejandro Rivera (Sacros, Grupo Sol) on quena and charango, Swedish bassist Bo Gathu on bass, Uruguayan saxophonist Finito Bingert and an impressive percussion team featuring Pocho Lapouble, \"El Zurdo\" Roizner and the mighty Domingo Cura. The album draws from the US jazz fusion currents of the time (think Chick Corea and Miles Davies), adding an undeniable Latin American character, all projected through Pizarro's own musical prism which displays his acute sense of harmony and a musical intimacy that reminds of those sincere, dreamy moments in Viejas Ra\u00edces.The 8-page booklet that accompanies the vinyl edition will give you a deeper insight into the story of Mat\u00edas Pizarro, with previously unseen pictures and liner notes by Argentinean journalist Humphrey Hinzillo (La Naci\u00f3n , Rolling Stone Argentina).","breadcrumb":{"@id":"https:\/\/wpguerssen-test.odoo.rgbconsulting.com\/es\/producto\/pelo-de-rata\/#breadcrumb"},"inLanguage":"es","potentialAction":[{"@type":"ReadAction","target":["https:\/\/wpguerssen-test.odoo.rgbconsulting.com\/es\/producto\/pelo-de-rata\/"]}]},{"@type":"ImageObject","inLanguage":"es","@id":"https:\/\/wpguerssen-test.odoo.rgbconsulting.com\/es\/producto\/pelo-de-rata\/#primaryimage","url":"https:\/\/wpguerssen-test.odoo.rgbconsulting.com\/wp-content\/uploads\/2022\/10\/42065.jpg","contentUrl":"https:\/\/wpguerssen-test.odoo.rgbconsulting.com\/wp-content\/uploads\/2022\/10\/42065.jpg","width":1200,"height":1200,"caption":"Mat\u00edas - Pelo De Rata - ALTERCAT (LP) | Guerssen"},{"@type":"BreadcrumbList","@id":"https:\/\/wpguerssen-test.odoo.rgbconsulting.com\/es\/producto\/pelo-de-rata\/#breadcrumb","itemListElement":[{"@type":"ListItem","position":1,"name":"Inicio","item":"https:\/\/wpguerssen-test.odoo.rgbconsulting.com\/es\/"},{"@type":"ListItem","position":2,"name":"Shop","item":"https:\/\/wpguerssen-test.odoo.rgbconsulting.com\/shop\/"},{"@type":"ListItem","position":3,"name":"Pelo De Rata"}]},{"@type":"WebSite","@id":"https:\/\/wpguerssen-test.odoo.rgbconsulting.com\/es\/#website","url":"https:\/\/wpguerssen-test.odoo.rgbconsulting.com\/es\/","name":"Guerssen records","description":"psychedelia - progressive - folk - garage ","publisher":{"@id":"https:\/\/wpguerssen-test.odoo.rgbconsulting.com\/es\/#organization"},"potentialAction":[{"@type":"SearchAction","target":{"@type":"EntryPoint","urlTemplate":"https:\/\/wpguerssen-test.odoo.rgbconsulting.com\/es\/?s={search_term_string}"},"query-input":{"@type":"PropertyValueSpecification","valueRequired":true,"valueName":"search_term_string"}}],"inLanguage":"es"},{"@type":"Organization","@id":"https:\/\/wpguerssen-test.odoo.rgbconsulting.com\/es\/#organization","name":"Guerssen records","url":"https:\/\/wpguerssen-test.odoo.rgbconsulting.com\/es\/","logo":{"@type":"ImageObject","inLanguage":"es","@id":"https:\/\/wpguerssen-test.odoo.rgbconsulting.com\/es\/#\/schema\/logo\/image\/","url":"https:\/\/wpguerssen-test.odoo.rgbconsulting.com\/wp-content\/uploads\/2022\/04\/Logo_Guerssen_trans_100.png","contentUrl":"https:\/\/wpguerssen-test.odoo.rgbconsulting.com\/wp-content\/uploads\/2022\/04\/Logo_Guerssen_trans_100.png","width":122,"height":100,"caption":"Guerssen records"},"image":{"@id":"https:\/\/wpguerssen-test.odoo.rgbconsulting.com\/es\/#\/schema\/logo\/image\/"}}]}},"_links":{"self":[{"href":"https:\/\/wpguerssen-test.odoo.rgbconsulting.com\/es\/wp-json\/wp\/v2\/product\/219271","targetHints":{"allow":["GET"]}}],"collection":[{"href":"https:\/\/wpguerssen-test.odoo.rgbconsulting.com\/es\/wp-json\/wp\/v2\/product"}],"about":[{"href":"https:\/\/wpguerssen-test.odoo.rgbconsulting.com\/es\/wp-json\/wp\/v2\/types\/product"}],"wp:featuredmedia":[{"embeddable":true,"href":"https:\/\/wpguerssen-test.odoo.rgbconsulting.com\/es\/wp-json\/wp\/v2\/media\/219352"}],"wp:attachment":[{"href":"https:\/\/wpguerssen-test.odoo.rgbconsulting.com\/es\/wp-json\/wp\/v2\/media?parent=219271"}],"wp:term":[{"taxonomy":"product_brand","embeddable":true,"href":"https:\/\/wpguerssen-test.odoo.rgbconsulting.com\/es\/wp-json\/wp\/v2\/product_brand?post=219271"},{"taxonomy":"product_cat","embeddable":true,"href":"https:\/\/wpguerssen-test.odoo.rgbconsulting.com\/es\/wp-json\/wp\/v2\/product_cat?post=219271"},{"taxonomy":"product_tag","embeddable":true,"href":"https:\/\/wpguerssen-test.odoo.rgbconsulting.com\/es\/wp-json\/wp\/v2\/product_tag?post=219271"}],"curies":[{"name":"wp","href":"https:\/\/api.w.org\/{rel}","templated":true}]}}