{"id":219422,"date":"2023-04-21T00:00:00","date_gmt":"2023-04-20T22:00:00","guid":{"rendered":"https:\/\/wpguerssen-test.odoo.rgbconsulting.com\/product\/venom\/"},"modified":"2025-03-31T18:38:19","modified_gmt":"2025-03-31T16:38:19","slug":"venom","status":"publish","type":"product","link":"https:\/\/wpguerssen-test.odoo.rgbconsulting.com\/es\/producto\/venom\/","title":{"rendered":"Venom"},"content":{"rendered":"<p>Si te gusta el sonido cl\u00e1sico de los mejores lanzamientos Jazz-Funk o Fusion de la era de los setenta y ochenta  con un toque un poco moderno y emocionante, no querr\u00e1s perderte el primer \u00e1lbum de Fusion Affair \u00abVenom\u00bb. Orgullosamente presentado por el sello parisino Chuwanaga, Venom est\u00e1 lleno de sintetizadores n\u00edtidos, l\u00edneas de bajo electrizantes, temas asombrosos, ritmos de bater\u00eda y verdadera emoci\u00f3n en las seis pistas del \u00e1lbum. <\/p>\n<p> Fusion Affair re\u00fane el talento de m\u00fasicos franceses de Lyon, Par\u00eds y Montreal, todos reunidos por el productor LeMatoux. \u00a1Despu\u00e9s de muchas sesiones en el infame Studio Delta, el sello discogr\u00e1fico Chuwanaga y la banda est\u00e1n listos para difundir su ritmo infeccioso por todo el mundo!<\/p>\n","protected":false},"excerpt":{"rendered":"<p>Si te gusta el sonido cl\u00e1sico de los mejores lanzamientos Jazz-Funk o Fusion de la era de los setenta y ochenta  con un toque un poco moderno y emocionante, no querr\u00e1s<a class=\"read\" href=\"https:\/\/wpguerssen-test.odoo.rgbconsulting.com\/es\/producto\/venom\/\"> (...)<\/a>","protected":false},"featured_media":220016,"template":"","meta":{"_acf_changed":false},"product_brand":[],"product_cat":[23228,23227],"product_tag":[],"class_list":{"0":"post-219422","1":"product","2":"type-product","3":"status-publish","4":"has-post-thumbnail","6":"product_cat-jazz-funk-es","7":"product_cat-jazz-es","8":"pa_artist-fusion-affair","9":"pa_format-lp-es","10":"pa_gender-jazz-funk-jazz","11":"pa_label-chuwanaga","12":"pa_location-europe-es","13":"pa_other-filters-vinyl-only-es","15":"first","16":"instock","17":"taxable","18":"shipping-taxable","19":"purchasable","20":"product-type-simple"},"acf":[],"yoast_head":"<!-- This site is optimized with the Yoast SEO plugin v24.9 - https:\/\/yoast.com\/wordpress\/plugins\/seo\/ -->\n<title>FUSION AFFAIR - Venom -  (LP) | Guerssen<\/title>\n<meta name=\"description\" content=\"If you&#039;re into the classic sound of the best releases from the seventies and eighties era Jazz-Funk or Fusion with a slightly modern and exciting touch, you don&#039;t want to miss out on Fusion Affair&#039;s first album: Venom! Proudly presented by Parisian label Chuwanaga, Venom is filled with sharp synths, electrifying basslines, serious guitar licks, amazing themes, in-the-pocket drums grooves and true excitement all over the six tracks of the album. #nl# Fusion Affair brings together the talents of French musicians from Lyon, Paris and Montr\u00e9al, all gathered by the producer LeMatoux. Following many sessions at the infamous Studio Delta, record label Chuwanaga and the band are ready to spread their infectious groove all over the globe!\" \/>\n<meta name=\"robots\" content=\"index, follow, max-snippet:-1, max-image-preview:large, max-video-preview:-1\" \/>\n<link rel=\"canonical\" href=\"https:\/\/wpguerssen-test.odoo.rgbconsulting.com\/es\/producto\/venom\/\" \/>\n<meta property=\"og:locale\" content=\"es_ES\" \/>\n<meta property=\"og:type\" content=\"article\" \/>\n<meta property=\"og:title\" content=\"FUSION AFFAIR - Venom -  (LP) | Guerssen\" \/>\n<meta property=\"og:description\" content=\"If you&#039;re into the classic sound of the best releases from the seventies and eighties era Jazz-Funk or Fusion with a slightly modern and exciting touch, you don&#039;t want to miss out on Fusion Affair&#039;s first album: Venom! Proudly presented by Parisian label Chuwanaga, Venom is filled with sharp synths, electrifying basslines, serious guitar licks, amazing themes, in-the-pocket drums grooves and true excitement all over the six tracks of the album. #nl# Fusion Affair brings together the talents of French musicians from Lyon, Paris and Montr\u00e9al, all gathered by the producer LeMatoux. Following many sessions at the infamous Studio Delta, record label Chuwanaga and the band are ready to spread their infectious groove all over the globe!\" \/>\n<meta property=\"og:url\" content=\"https:\/\/wpguerssen-test.odoo.rgbconsulting.com\/es\/producto\/venom\/\" \/>\n<meta property=\"og:site_name\" content=\"Guerssen records\" \/>\n<meta property=\"article:modified_time\" content=\"2025-03-31T16:38:19+00:00\" \/>\n<meta property=\"og:image\" content=\"https:\/\/wpguerssen-test.odoo.rgbconsulting.com\/wp-content\/uploads\/2022\/10\/42081.jpg\" \/>\n\t<meta property=\"og:image:width\" content=\"1200\" \/>\n\t<meta property=\"og:image:height\" content=\"1200\" \/>\n\t<meta property=\"og:image:type\" content=\"image\/jpeg\" \/>\n<meta name=\"twitter:card\" content=\"summary_large_image\" \/>\n<meta name=\"twitter:title\" content=\"FUSION AFFAIR - Venom -  (LP) | Guerssen\" \/>\n<meta name=\"twitter:label1\" content=\"Tiempo de lectura\" \/>\n\t<meta name=\"twitter:data1\" content=\"1 minuto\" \/>\n<script type=\"application\/ld+json\" class=\"yoast-schema-graph\">{\"@context\":\"https:\/\/schema.org\",\"@graph\":[{\"@type\":\"WebPage\",\"@id\":\"https:\/\/wpguerssen-test.odoo.rgbconsulting.com\/es\/producto\/venom\/\",\"url\":\"https:\/\/wpguerssen-test.odoo.rgbconsulting.com\/es\/producto\/venom\/\",\"name\":\"FUSION AFFAIR - Venom - (LP) | Guerssen\",\"isPartOf\":{\"@id\":\"https:\/\/wpguerssen-test.odoo.rgbconsulting.com\/es\/#website\"},\"primaryImageOfPage\":{\"@id\":\"https:\/\/wpguerssen-test.odoo.rgbconsulting.com\/es\/producto\/venom\/#primaryimage\"},\"image\":{\"@id\":\"https:\/\/wpguerssen-test.odoo.rgbconsulting.com\/es\/producto\/venom\/#primaryimage\"},\"thumbnailUrl\":\"https:\/\/wpguerssen-test.odoo.rgbconsulting.com\/wp-content\/uploads\/2022\/10\/42081.jpg\",\"datePublished\":\"2023-04-20T22:00:00+00:00\",\"dateModified\":\"2025-03-31T16:38:19+00:00\",\"description\":\"If you're into the classic sound of the best releases from the seventies and eighties era Jazz-Funk or Fusion with a slightly modern and exciting touch, you don't want to miss out on Fusion Affair's first album: Venom! Proudly presented by Parisian label Chuwanaga, Venom is filled with sharp synths, electrifying basslines, serious guitar licks, amazing themes, in-the-pocket drums grooves and true excitement all over the six tracks of the album. #nl# Fusion Affair brings together the talents of French musicians from Lyon, Paris and Montr\u00e9al, all gathered by the producer LeMatoux. Following many sessions at the infamous Studio Delta, record label Chuwanaga and the band are ready to spread their infectious groove all over the globe!\",\"breadcrumb\":{\"@id\":\"https:\/\/wpguerssen-test.odoo.rgbconsulting.com\/es\/producto\/venom\/#breadcrumb\"},\"inLanguage\":\"es\",\"potentialAction\":[{\"@type\":\"ReadAction\",\"target\":[\"https:\/\/wpguerssen-test.odoo.rgbconsulting.com\/es\/producto\/venom\/\"]}]},{\"@type\":\"ImageObject\",\"inLanguage\":\"es\",\"@id\":\"https:\/\/wpguerssen-test.odoo.rgbconsulting.com\/es\/producto\/venom\/#primaryimage\",\"url\":\"https:\/\/wpguerssen-test.odoo.rgbconsulting.com\/wp-content\/uploads\/2022\/10\/42081.jpg\",\"contentUrl\":\"https:\/\/wpguerssen-test.odoo.rgbconsulting.com\/wp-content\/uploads\/2022\/10\/42081.jpg\",\"width\":1200,\"height\":1200},{\"@type\":\"BreadcrumbList\",\"@id\":\"https:\/\/wpguerssen-test.odoo.rgbconsulting.com\/es\/producto\/venom\/#breadcrumb\",\"itemListElement\":[{\"@type\":\"ListItem\",\"position\":1,\"name\":\"Inicio\",\"item\":\"https:\/\/wpguerssen-test.odoo.rgbconsulting.com\/es\/\"},{\"@type\":\"ListItem\",\"position\":2,\"name\":\"Shop\",\"item\":\"https:\/\/wpguerssen-test.odoo.rgbconsulting.com\/shop\/\"},{\"@type\":\"ListItem\",\"position\":3,\"name\":\"Venom\"}]},{\"@type\":\"WebSite\",\"@id\":\"https:\/\/wpguerssen-test.odoo.rgbconsulting.com\/es\/#website\",\"url\":\"https:\/\/wpguerssen-test.odoo.rgbconsulting.com\/es\/\",\"name\":\"Guerssen records\",\"description\":\"psychedelia - progressive - folk - garage \",\"publisher\":{\"@id\":\"https:\/\/wpguerssen-test.odoo.rgbconsulting.com\/es\/#organization\"},\"potentialAction\":[{\"@type\":\"SearchAction\",\"target\":{\"@type\":\"EntryPoint\",\"urlTemplate\":\"https:\/\/wpguerssen-test.odoo.rgbconsulting.com\/es\/?s={search_term_string}\"},\"query-input\":{\"@type\":\"PropertyValueSpecification\",\"valueRequired\":true,\"valueName\":\"search_term_string\"}}],\"inLanguage\":\"es\"},{\"@type\":\"Organization\",\"@id\":\"https:\/\/wpguerssen-test.odoo.rgbconsulting.com\/es\/#organization\",\"name\":\"Guerssen records\",\"url\":\"https:\/\/wpguerssen-test.odoo.rgbconsulting.com\/es\/\",\"logo\":{\"@type\":\"ImageObject\",\"inLanguage\":\"es\",\"@id\":\"https:\/\/wpguerssen-test.odoo.rgbconsulting.com\/es\/#\/schema\/logo\/image\/\",\"url\":\"https:\/\/wpguerssen-test.odoo.rgbconsulting.com\/wp-content\/uploads\/2022\/04\/Logo_Guerssen_trans_100.png\",\"contentUrl\":\"https:\/\/wpguerssen-test.odoo.rgbconsulting.com\/wp-content\/uploads\/2022\/04\/Logo_Guerssen_trans_100.png\",\"width\":122,\"height\":100,\"caption\":\"Guerssen records\"},\"image\":{\"@id\":\"https:\/\/wpguerssen-test.odoo.rgbconsulting.com\/es\/#\/schema\/logo\/image\/\"}}]}<\/script>\n<!-- \/ Yoast SEO plugin. -->","yoast_head_json":{"title":"FUSION AFFAIR - Venom -  (LP) | Guerssen","description":"If you're into the classic sound of the best releases from the seventies and eighties era Jazz-Funk or Fusion with a slightly modern and exciting touch, you don't want to miss out on Fusion Affair's first album: Venom! Proudly presented by Parisian label Chuwanaga, Venom is filled with sharp synths, electrifying basslines, serious guitar licks, amazing themes, in-the-pocket drums grooves and true excitement all over the six tracks of the album. #nl# Fusion Affair brings together the talents of French musicians from Lyon, Paris and Montr\u00e9al, all gathered by the producer LeMatoux. Following many sessions at the infamous Studio Delta, record label Chuwanaga and the band are ready to spread their infectious groove all over the globe!","robots":{"index":"index","follow":"follow","max-snippet":"max-snippet:-1","max-image-preview":"max-image-preview:large","max-video-preview":"max-video-preview:-1"},"canonical":"https:\/\/wpguerssen-test.odoo.rgbconsulting.com\/es\/producto\/venom\/","og_locale":"es_ES","og_type":"article","og_title":"FUSION AFFAIR - Venom -  (LP) | Guerssen","og_description":"If you're into the classic sound of the best releases from the seventies and eighties era Jazz-Funk or Fusion with a slightly modern and exciting touch, you don't want to miss out on Fusion Affair's first album: Venom! Proudly presented by Parisian label Chuwanaga, Venom is filled with sharp synths, electrifying basslines, serious guitar licks, amazing themes, in-the-pocket drums grooves and true excitement all over the six tracks of the album. #nl# Fusion Affair brings together the talents of French musicians from Lyon, Paris and Montr\u00e9al, all gathered by the producer LeMatoux. Following many sessions at the infamous Studio Delta, record label Chuwanaga and the band are ready to spread their infectious groove all over the globe!","og_url":"https:\/\/wpguerssen-test.odoo.rgbconsulting.com\/es\/producto\/venom\/","og_site_name":"Guerssen records","article_modified_time":"2025-03-31T16:38:19+00:00","og_image":[{"width":1200,"height":1200,"url":"https:\/\/wpguerssen-test.odoo.rgbconsulting.com\/wp-content\/uploads\/2022\/10\/42081.jpg","type":"image\/jpeg"}],"twitter_card":"summary_large_image","twitter_title":"FUSION AFFAIR - Venom -  (LP) | Guerssen","twitter_misc":{"Tiempo de lectura":"1 minuto"},"schema":{"@context":"https:\/\/schema.org","@graph":[{"@type":"WebPage","@id":"https:\/\/wpguerssen-test.odoo.rgbconsulting.com\/es\/producto\/venom\/","url":"https:\/\/wpguerssen-test.odoo.rgbconsulting.com\/es\/producto\/venom\/","name":"FUSION AFFAIR - Venom - (LP) | Guerssen","isPartOf":{"@id":"https:\/\/wpguerssen-test.odoo.rgbconsulting.com\/es\/#website"},"primaryImageOfPage":{"@id":"https:\/\/wpguerssen-test.odoo.rgbconsulting.com\/es\/producto\/venom\/#primaryimage"},"image":{"@id":"https:\/\/wpguerssen-test.odoo.rgbconsulting.com\/es\/producto\/venom\/#primaryimage"},"thumbnailUrl":"https:\/\/wpguerssen-test.odoo.rgbconsulting.com\/wp-content\/uploads\/2022\/10\/42081.jpg","datePublished":"2023-04-20T22:00:00+00:00","dateModified":"2025-03-31T16:38:19+00:00","description":"If you're into the classic sound of the best releases from the seventies and eighties era Jazz-Funk or Fusion with a slightly modern and exciting touch, you don't want to miss out on Fusion Affair's first album: Venom! Proudly presented by Parisian label Chuwanaga, Venom is filled with sharp synths, electrifying basslines, serious guitar licks, amazing themes, in-the-pocket drums grooves and true excitement all over the six tracks of the album. #nl# Fusion Affair brings together the talents of French musicians from Lyon, Paris and Montr\u00e9al, all gathered by the producer LeMatoux. Following many sessions at the infamous Studio Delta, record label Chuwanaga and the band are ready to spread their infectious groove all over the globe!","breadcrumb":{"@id":"https:\/\/wpguerssen-test.odoo.rgbconsulting.com\/es\/producto\/venom\/#breadcrumb"},"inLanguage":"es","potentialAction":[{"@type":"ReadAction","target":["https:\/\/wpguerssen-test.odoo.rgbconsulting.com\/es\/producto\/venom\/"]}]},{"@type":"ImageObject","inLanguage":"es","@id":"https:\/\/wpguerssen-test.odoo.rgbconsulting.com\/es\/producto\/venom\/#primaryimage","url":"https:\/\/wpguerssen-test.odoo.rgbconsulting.com\/wp-content\/uploads\/2022\/10\/42081.jpg","contentUrl":"https:\/\/wpguerssen-test.odoo.rgbconsulting.com\/wp-content\/uploads\/2022\/10\/42081.jpg","width":1200,"height":1200},{"@type":"BreadcrumbList","@id":"https:\/\/wpguerssen-test.odoo.rgbconsulting.com\/es\/producto\/venom\/#breadcrumb","itemListElement":[{"@type":"ListItem","position":1,"name":"Inicio","item":"https:\/\/wpguerssen-test.odoo.rgbconsulting.com\/es\/"},{"@type":"ListItem","position":2,"name":"Shop","item":"https:\/\/wpguerssen-test.odoo.rgbconsulting.com\/shop\/"},{"@type":"ListItem","position":3,"name":"Venom"}]},{"@type":"WebSite","@id":"https:\/\/wpguerssen-test.odoo.rgbconsulting.com\/es\/#website","url":"https:\/\/wpguerssen-test.odoo.rgbconsulting.com\/es\/","name":"Guerssen records","description":"psychedelia - progressive - folk - garage ","publisher":{"@id":"https:\/\/wpguerssen-test.odoo.rgbconsulting.com\/es\/#organization"},"potentialAction":[{"@type":"SearchAction","target":{"@type":"EntryPoint","urlTemplate":"https:\/\/wpguerssen-test.odoo.rgbconsulting.com\/es\/?s={search_term_string}"},"query-input":{"@type":"PropertyValueSpecification","valueRequired":true,"valueName":"search_term_string"}}],"inLanguage":"es"},{"@type":"Organization","@id":"https:\/\/wpguerssen-test.odoo.rgbconsulting.com\/es\/#organization","name":"Guerssen records","url":"https:\/\/wpguerssen-test.odoo.rgbconsulting.com\/es\/","logo":{"@type":"ImageObject","inLanguage":"es","@id":"https:\/\/wpguerssen-test.odoo.rgbconsulting.com\/es\/#\/schema\/logo\/image\/","url":"https:\/\/wpguerssen-test.odoo.rgbconsulting.com\/wp-content\/uploads\/2022\/04\/Logo_Guerssen_trans_100.png","contentUrl":"https:\/\/wpguerssen-test.odoo.rgbconsulting.com\/wp-content\/uploads\/2022\/04\/Logo_Guerssen_trans_100.png","width":122,"height":100,"caption":"Guerssen records"},"image":{"@id":"https:\/\/wpguerssen-test.odoo.rgbconsulting.com\/es\/#\/schema\/logo\/image\/"}}]}},"_links":{"self":[{"href":"https:\/\/wpguerssen-test.odoo.rgbconsulting.com\/es\/wp-json\/wp\/v2\/product\/219422","targetHints":{"allow":["GET"]}}],"collection":[{"href":"https:\/\/wpguerssen-test.odoo.rgbconsulting.com\/es\/wp-json\/wp\/v2\/product"}],"about":[{"href":"https:\/\/wpguerssen-test.odoo.rgbconsulting.com\/es\/wp-json\/wp\/v2\/types\/product"}],"wp:featuredmedia":[{"embeddable":true,"href":"https:\/\/wpguerssen-test.odoo.rgbconsulting.com\/es\/wp-json\/wp\/v2\/media\/220016"}],"wp:attachment":[{"href":"https:\/\/wpguerssen-test.odoo.rgbconsulting.com\/es\/wp-json\/wp\/v2\/media?parent=219422"}],"wp:term":[{"taxonomy":"product_brand","embeddable":true,"href":"https:\/\/wpguerssen-test.odoo.rgbconsulting.com\/es\/wp-json\/wp\/v2\/product_brand?post=219422"},{"taxonomy":"product_cat","embeddable":true,"href":"https:\/\/wpguerssen-test.odoo.rgbconsulting.com\/es\/wp-json\/wp\/v2\/product_cat?post=219422"},{"taxonomy":"product_tag","embeddable":true,"href":"https:\/\/wpguerssen-test.odoo.rgbconsulting.com\/es\/wp-json\/wp\/v2\/product_tag?post=219422"}],"curies":[{"name":"wp","href":"https:\/\/api.w.org\/{rel}","templated":true}]}}