{"id":219519,"date":"2025-01-27T00:00:00","date_gmt":"2025-01-26T23:00:00","guid":{"rendered":"https:\/\/wpguerssen-test.odoo.rgbconsulting.com\/product\/assagai\/"},"modified":"2025-03-24T17:30:48","modified_gmt":"2025-03-24T16:30:48","slug":"assagai","status":"publish","type":"product","link":"https:\/\/wpguerssen-test.odoo.rgbconsulting.com\/es\/producto\/assagai\/","title":{"rendered":"Assagai"},"content":{"rendered":"<p>Assagai fue una banda de afro-rock, activa a principios de la d\u00e9cada de 1970 en Londres, cuya carrera relativamente corta produjo dos \u00e1lbumes grabados en 1971. Ha sido descrito como \u00abel segundo grupo africano m\u00e1s conocido de finales de los 60 y principios de los 70 en Gran Breta\u00f1a\u00bb despu\u00e9s de Osibisa. La banda original constaba de cinco miembros, tres de Sud\u00e1frica y dos de Nigeria: el baterista Louis Moholo, el trompetista y flautista Mongezi Feza, el saxofonista alto Dudu Pukwana, el saxofonista tenor Bizo Mngqikana y el guitarrista y bajista Fred Coker.<br \/>El \u00e1lbum debut homonimo fue lanzado en 1971 en Vertigo; entre los m\u00fasicos africanos que tocaron con el grupo en la grabaci\u00f3n estaba Terri Quaye. Anteriormente, en la d\u00e9cada de 1960, Pukwana, Feza y Moholo hab\u00edan sido miembros de la banda de jazz The Blue Notes junto a Chris McGregor.<\/p>\n","protected":false},"excerpt":{"rendered":"<p>Assagai fue una banda de afro-rock, activa a principios de la d\u00e9cada de 1970 en Londres, cuya carrera relativamente corta produjo dos \u00e1lbumes grabados en 1971. Ha<a class=\"read\" href=\"https:\/\/wpguerssen-test.odoo.rgbconsulting.com\/es\/producto\/assagai\/\"> (...)<\/a>","protected":false},"featured_media":220096,"template":"","meta":{"_acf_changed":false},"product_brand":[],"product_cat":[23258,23229],"product_tag":[],"class_list":{"0":"post-219519","1":"product","2":"type-product","3":"status-publish","4":"has-post-thumbnail","6":"product_cat-afro-funk-afrobeat-es","7":"product_cat-jazz-rock-es","8":"pa_artist-assagai","9":"pa_format-lp-es","10":"pa_gender-afro-funk-afrobeat-jazz-rock","11":"pa_label-cosmic-rock-es","12":"pa_location-africa-es","13":"pa_other-filters-vinyl-only-es","15":"first","16":"instock","17":"taxable","18":"shipping-taxable","19":"purchasable","20":"product-type-simple"},"acf":[],"yoast_head":"<!-- This site is optimized with the Yoast SEO plugin v24.9 - https:\/\/yoast.com\/wordpress\/plugins\/seo\/ -->\n<title>ASSAGAI - Assagai -  (LP) | Guerssen<\/title>\n<meta name=\"description\" content=\"South-african jazz-rock worshippers alert ! Assagai was an Afro-rock band, active in the early 1970s in London, whose relatively short career produced two albums recorded in 1971. It has been described as &quot;the second best-known African group of the late 60s\/early 70s in Britain&quot; after Osibisa. The original band consisted of five members, three from South Africa and two from Nigeria: drummer Louis Moholo, trumpeter\/flautist Mongezi Feza, alto saxophonist Dudu Pukwana, tenor saxophonist Bizo Mngqikana, and guitarist\/bassist Fred Coker.Assagai&#039;s self-titled debut album was released in 1971 on Vertigo; among the African musicians who played with the group on the recording was Terri Quaye. Previously, in the 1960s Pukwana, Feza and Moholo had been members of the jazz band The Blue Notes alongside Chris McGregor.\" \/>\n<meta name=\"robots\" content=\"index, follow, max-snippet:-1, max-image-preview:large, max-video-preview:-1\" \/>\n<link rel=\"canonical\" href=\"https:\/\/wpguerssen-test.odoo.rgbconsulting.com\/es\/producto\/assagai\/\" \/>\n<meta property=\"og:locale\" content=\"es_ES\" \/>\n<meta property=\"og:type\" content=\"article\" \/>\n<meta property=\"og:title\" content=\"ASSAGAI - Assagai -  (LP) | Guerssen\" \/>\n<meta property=\"og:description\" content=\"South-african jazz-rock worshippers alert ! Assagai was an Afro-rock band, active in the early 1970s in London, whose relatively short career produced two albums recorded in 1971. It has been described as &quot;the second best-known African group of the late 60s\/early 70s in Britain&quot; after Osibisa. The original band consisted of five members, three from South Africa and two from Nigeria: drummer Louis Moholo, trumpeter\/flautist Mongezi Feza, alto saxophonist Dudu Pukwana, tenor saxophonist Bizo Mngqikana, and guitarist\/bassist Fred Coker.Assagai&#039;s self-titled debut album was released in 1971 on Vertigo; among the African musicians who played with the group on the recording was Terri Quaye. Previously, in the 1960s Pukwana, Feza and Moholo had been members of the jazz band The Blue Notes alongside Chris McGregor.\" \/>\n<meta property=\"og:url\" content=\"https:\/\/wpguerssen-test.odoo.rgbconsulting.com\/es\/producto\/assagai\/\" \/>\n<meta property=\"og:site_name\" content=\"Guerssen records\" \/>\n<meta property=\"article:modified_time\" content=\"2025-03-24T16:30:48+00:00\" \/>\n<meta property=\"og:image\" content=\"https:\/\/wpguerssen-test.odoo.rgbconsulting.com\/wp-content\/uploads\/2022\/10\/42088.jpg\" \/>\n\t<meta property=\"og:image:width\" content=\"1080\" \/>\n\t<meta property=\"og:image:height\" content=\"1080\" \/>\n\t<meta property=\"og:image:type\" content=\"image\/jpeg\" \/>\n<meta name=\"twitter:card\" content=\"summary_large_image\" \/>\n<meta name=\"twitter:title\" content=\"ASSAGAI - Assagai -  (LP) | Guerssen\" \/>\n<meta name=\"twitter:label1\" content=\"Tiempo de lectura\" \/>\n\t<meta name=\"twitter:data1\" content=\"1 minuto\" \/>\n<script type=\"application\/ld+json\" class=\"yoast-schema-graph\">{\"@context\":\"https:\/\/schema.org\",\"@graph\":[{\"@type\":\"WebPage\",\"@id\":\"https:\/\/wpguerssen-test.odoo.rgbconsulting.com\/es\/producto\/assagai\/\",\"url\":\"https:\/\/wpguerssen-test.odoo.rgbconsulting.com\/es\/producto\/assagai\/\",\"name\":\"ASSAGAI - Assagai - (LP) | Guerssen\",\"isPartOf\":{\"@id\":\"https:\/\/wpguerssen-test.odoo.rgbconsulting.com\/es\/#website\"},\"primaryImageOfPage\":{\"@id\":\"https:\/\/wpguerssen-test.odoo.rgbconsulting.com\/es\/producto\/assagai\/#primaryimage\"},\"image\":{\"@id\":\"https:\/\/wpguerssen-test.odoo.rgbconsulting.com\/es\/producto\/assagai\/#primaryimage\"},\"thumbnailUrl\":\"https:\/\/wpguerssen-test.odoo.rgbconsulting.com\/wp-content\/uploads\/2022\/10\/42088.jpg\",\"datePublished\":\"2025-01-26T23:00:00+00:00\",\"dateModified\":\"2025-03-24T16:30:48+00:00\",\"description\":\"South-african jazz-rock worshippers alert ! Assagai was an Afro-rock band, active in the early 1970s in London, whose relatively short career produced two albums recorded in 1971. It has been described as \\\"the second best-known African group of the late 60s\/early 70s in Britain\\\" after Osibisa. The original band consisted of five members, three from South Africa and two from Nigeria: drummer Louis Moholo, trumpeter\/flautist Mongezi Feza, alto saxophonist Dudu Pukwana, tenor saxophonist Bizo Mngqikana, and guitarist\/bassist Fred Coker.Assagai's self-titled debut album was released in 1971 on Vertigo; among the African musicians who played with the group on the recording was Terri Quaye. Previously, in the 1960s Pukwana, Feza and Moholo had been members of the jazz band The Blue Notes alongside Chris McGregor.\",\"breadcrumb\":{\"@id\":\"https:\/\/wpguerssen-test.odoo.rgbconsulting.com\/es\/producto\/assagai\/#breadcrumb\"},\"inLanguage\":\"es\",\"potentialAction\":[{\"@type\":\"ReadAction\",\"target\":[\"https:\/\/wpguerssen-test.odoo.rgbconsulting.com\/es\/producto\/assagai\/\"]}]},{\"@type\":\"ImageObject\",\"inLanguage\":\"es\",\"@id\":\"https:\/\/wpguerssen-test.odoo.rgbconsulting.com\/es\/producto\/assagai\/#primaryimage\",\"url\":\"https:\/\/wpguerssen-test.odoo.rgbconsulting.com\/wp-content\/uploads\/2022\/10\/42088.jpg\",\"contentUrl\":\"https:\/\/wpguerssen-test.odoo.rgbconsulting.com\/wp-content\/uploads\/2022\/10\/42088.jpg\",\"width\":1080,\"height\":1080},{\"@type\":\"BreadcrumbList\",\"@id\":\"https:\/\/wpguerssen-test.odoo.rgbconsulting.com\/es\/producto\/assagai\/#breadcrumb\",\"itemListElement\":[{\"@type\":\"ListItem\",\"position\":1,\"name\":\"Inicio\",\"item\":\"https:\/\/wpguerssen-test.odoo.rgbconsulting.com\/es\/\"},{\"@type\":\"ListItem\",\"position\":2,\"name\":\"Shop\",\"item\":\"https:\/\/wpguerssen-test.odoo.rgbconsulting.com\/shop\/\"},{\"@type\":\"ListItem\",\"position\":3,\"name\":\"Assagai\"}]},{\"@type\":\"WebSite\",\"@id\":\"https:\/\/wpguerssen-test.odoo.rgbconsulting.com\/es\/#website\",\"url\":\"https:\/\/wpguerssen-test.odoo.rgbconsulting.com\/es\/\",\"name\":\"Guerssen records\",\"description\":\"psychedelia - progressive - folk - garage \",\"publisher\":{\"@id\":\"https:\/\/wpguerssen-test.odoo.rgbconsulting.com\/es\/#organization\"},\"potentialAction\":[{\"@type\":\"SearchAction\",\"target\":{\"@type\":\"EntryPoint\",\"urlTemplate\":\"https:\/\/wpguerssen-test.odoo.rgbconsulting.com\/es\/?s={search_term_string}\"},\"query-input\":{\"@type\":\"PropertyValueSpecification\",\"valueRequired\":true,\"valueName\":\"search_term_string\"}}],\"inLanguage\":\"es\"},{\"@type\":\"Organization\",\"@id\":\"https:\/\/wpguerssen-test.odoo.rgbconsulting.com\/es\/#organization\",\"name\":\"Guerssen records\",\"url\":\"https:\/\/wpguerssen-test.odoo.rgbconsulting.com\/es\/\",\"logo\":{\"@type\":\"ImageObject\",\"inLanguage\":\"es\",\"@id\":\"https:\/\/wpguerssen-test.odoo.rgbconsulting.com\/es\/#\/schema\/logo\/image\/\",\"url\":\"https:\/\/wpguerssen-test.odoo.rgbconsulting.com\/wp-content\/uploads\/2022\/04\/Logo_Guerssen_trans_100.png\",\"contentUrl\":\"https:\/\/wpguerssen-test.odoo.rgbconsulting.com\/wp-content\/uploads\/2022\/04\/Logo_Guerssen_trans_100.png\",\"width\":122,\"height\":100,\"caption\":\"Guerssen records\"},\"image\":{\"@id\":\"https:\/\/wpguerssen-test.odoo.rgbconsulting.com\/es\/#\/schema\/logo\/image\/\"}}]}<\/script>\n<!-- \/ Yoast SEO plugin. -->","yoast_head_json":{"title":"ASSAGAI - Assagai -  (LP) | Guerssen","description":"South-african jazz-rock worshippers alert ! Assagai was an Afro-rock band, active in the early 1970s in London, whose relatively short career produced two albums recorded in 1971. It has been described as \"the second best-known African group of the late 60s\/early 70s in Britain\" after Osibisa. The original band consisted of five members, three from South Africa and two from Nigeria: drummer Louis Moholo, trumpeter\/flautist Mongezi Feza, alto saxophonist Dudu Pukwana, tenor saxophonist Bizo Mngqikana, and guitarist\/bassist Fred Coker.Assagai's self-titled debut album was released in 1971 on Vertigo; among the African musicians who played with the group on the recording was Terri Quaye. Previously, in the 1960s Pukwana, Feza and Moholo had been members of the jazz band The Blue Notes alongside Chris McGregor.","robots":{"index":"index","follow":"follow","max-snippet":"max-snippet:-1","max-image-preview":"max-image-preview:large","max-video-preview":"max-video-preview:-1"},"canonical":"https:\/\/wpguerssen-test.odoo.rgbconsulting.com\/es\/producto\/assagai\/","og_locale":"es_ES","og_type":"article","og_title":"ASSAGAI - Assagai -  (LP) | Guerssen","og_description":"South-african jazz-rock worshippers alert ! Assagai was an Afro-rock band, active in the early 1970s in London, whose relatively short career produced two albums recorded in 1971. It has been described as \"the second best-known African group of the late 60s\/early 70s in Britain\" after Osibisa. The original band consisted of five members, three from South Africa and two from Nigeria: drummer Louis Moholo, trumpeter\/flautist Mongezi Feza, alto saxophonist Dudu Pukwana, tenor saxophonist Bizo Mngqikana, and guitarist\/bassist Fred Coker.Assagai's self-titled debut album was released in 1971 on Vertigo; among the African musicians who played with the group on the recording was Terri Quaye. Previously, in the 1960s Pukwana, Feza and Moholo had been members of the jazz band The Blue Notes alongside Chris McGregor.","og_url":"https:\/\/wpguerssen-test.odoo.rgbconsulting.com\/es\/producto\/assagai\/","og_site_name":"Guerssen records","article_modified_time":"2025-03-24T16:30:48+00:00","og_image":[{"width":1080,"height":1080,"url":"https:\/\/wpguerssen-test.odoo.rgbconsulting.com\/wp-content\/uploads\/2022\/10\/42088.jpg","type":"image\/jpeg"}],"twitter_card":"summary_large_image","twitter_title":"ASSAGAI - Assagai -  (LP) | Guerssen","twitter_misc":{"Tiempo de lectura":"1 minuto"},"schema":{"@context":"https:\/\/schema.org","@graph":[{"@type":"WebPage","@id":"https:\/\/wpguerssen-test.odoo.rgbconsulting.com\/es\/producto\/assagai\/","url":"https:\/\/wpguerssen-test.odoo.rgbconsulting.com\/es\/producto\/assagai\/","name":"ASSAGAI - Assagai - (LP) | Guerssen","isPartOf":{"@id":"https:\/\/wpguerssen-test.odoo.rgbconsulting.com\/es\/#website"},"primaryImageOfPage":{"@id":"https:\/\/wpguerssen-test.odoo.rgbconsulting.com\/es\/producto\/assagai\/#primaryimage"},"image":{"@id":"https:\/\/wpguerssen-test.odoo.rgbconsulting.com\/es\/producto\/assagai\/#primaryimage"},"thumbnailUrl":"https:\/\/wpguerssen-test.odoo.rgbconsulting.com\/wp-content\/uploads\/2022\/10\/42088.jpg","datePublished":"2025-01-26T23:00:00+00:00","dateModified":"2025-03-24T16:30:48+00:00","description":"South-african jazz-rock worshippers alert ! Assagai was an Afro-rock band, active in the early 1970s in London, whose relatively short career produced two albums recorded in 1971. It has been described as \"the second best-known African group of the late 60s\/early 70s in Britain\" after Osibisa. The original band consisted of five members, three from South Africa and two from Nigeria: drummer Louis Moholo, trumpeter\/flautist Mongezi Feza, alto saxophonist Dudu Pukwana, tenor saxophonist Bizo Mngqikana, and guitarist\/bassist Fred Coker.Assagai's self-titled debut album was released in 1971 on Vertigo; among the African musicians who played with the group on the recording was Terri Quaye. Previously, in the 1960s Pukwana, Feza and Moholo had been members of the jazz band The Blue Notes alongside Chris McGregor.","breadcrumb":{"@id":"https:\/\/wpguerssen-test.odoo.rgbconsulting.com\/es\/producto\/assagai\/#breadcrumb"},"inLanguage":"es","potentialAction":[{"@type":"ReadAction","target":["https:\/\/wpguerssen-test.odoo.rgbconsulting.com\/es\/producto\/assagai\/"]}]},{"@type":"ImageObject","inLanguage":"es","@id":"https:\/\/wpguerssen-test.odoo.rgbconsulting.com\/es\/producto\/assagai\/#primaryimage","url":"https:\/\/wpguerssen-test.odoo.rgbconsulting.com\/wp-content\/uploads\/2022\/10\/42088.jpg","contentUrl":"https:\/\/wpguerssen-test.odoo.rgbconsulting.com\/wp-content\/uploads\/2022\/10\/42088.jpg","width":1080,"height":1080},{"@type":"BreadcrumbList","@id":"https:\/\/wpguerssen-test.odoo.rgbconsulting.com\/es\/producto\/assagai\/#breadcrumb","itemListElement":[{"@type":"ListItem","position":1,"name":"Inicio","item":"https:\/\/wpguerssen-test.odoo.rgbconsulting.com\/es\/"},{"@type":"ListItem","position":2,"name":"Shop","item":"https:\/\/wpguerssen-test.odoo.rgbconsulting.com\/shop\/"},{"@type":"ListItem","position":3,"name":"Assagai"}]},{"@type":"WebSite","@id":"https:\/\/wpguerssen-test.odoo.rgbconsulting.com\/es\/#website","url":"https:\/\/wpguerssen-test.odoo.rgbconsulting.com\/es\/","name":"Guerssen records","description":"psychedelia - progressive - folk - garage ","publisher":{"@id":"https:\/\/wpguerssen-test.odoo.rgbconsulting.com\/es\/#organization"},"potentialAction":[{"@type":"SearchAction","target":{"@type":"EntryPoint","urlTemplate":"https:\/\/wpguerssen-test.odoo.rgbconsulting.com\/es\/?s={search_term_string}"},"query-input":{"@type":"PropertyValueSpecification","valueRequired":true,"valueName":"search_term_string"}}],"inLanguage":"es"},{"@type":"Organization","@id":"https:\/\/wpguerssen-test.odoo.rgbconsulting.com\/es\/#organization","name":"Guerssen records","url":"https:\/\/wpguerssen-test.odoo.rgbconsulting.com\/es\/","logo":{"@type":"ImageObject","inLanguage":"es","@id":"https:\/\/wpguerssen-test.odoo.rgbconsulting.com\/es\/#\/schema\/logo\/image\/","url":"https:\/\/wpguerssen-test.odoo.rgbconsulting.com\/wp-content\/uploads\/2022\/04\/Logo_Guerssen_trans_100.png","contentUrl":"https:\/\/wpguerssen-test.odoo.rgbconsulting.com\/wp-content\/uploads\/2022\/04\/Logo_Guerssen_trans_100.png","width":122,"height":100,"caption":"Guerssen records"},"image":{"@id":"https:\/\/wpguerssen-test.odoo.rgbconsulting.com\/es\/#\/schema\/logo\/image\/"}}]}},"_links":{"self":[{"href":"https:\/\/wpguerssen-test.odoo.rgbconsulting.com\/es\/wp-json\/wp\/v2\/product\/219519","targetHints":{"allow":["GET"]}}],"collection":[{"href":"https:\/\/wpguerssen-test.odoo.rgbconsulting.com\/es\/wp-json\/wp\/v2\/product"}],"about":[{"href":"https:\/\/wpguerssen-test.odoo.rgbconsulting.com\/es\/wp-json\/wp\/v2\/types\/product"}],"wp:featuredmedia":[{"embeddable":true,"href":"https:\/\/wpguerssen-test.odoo.rgbconsulting.com\/es\/wp-json\/wp\/v2\/media\/220096"}],"wp:attachment":[{"href":"https:\/\/wpguerssen-test.odoo.rgbconsulting.com\/es\/wp-json\/wp\/v2\/media?parent=219519"}],"wp:term":[{"taxonomy":"product_brand","embeddable":true,"href":"https:\/\/wpguerssen-test.odoo.rgbconsulting.com\/es\/wp-json\/wp\/v2\/product_brand?post=219519"},{"taxonomy":"product_cat","embeddable":true,"href":"https:\/\/wpguerssen-test.odoo.rgbconsulting.com\/es\/wp-json\/wp\/v2\/product_cat?post=219519"},{"taxonomy":"product_tag","embeddable":true,"href":"https:\/\/wpguerssen-test.odoo.rgbconsulting.com\/es\/wp-json\/wp\/v2\/product_tag?post=219519"}],"curies":[{"name":"wp","href":"https:\/\/api.w.org\/{rel}","templated":true}]}}