{"id":219554,"date":"2022-10-13T00:00:00","date_gmt":"2022-10-12T22:00:00","guid":{"rendered":"https:\/\/wpguerssen-test.odoo.rgbconsulting.com\/product\/roots-of-electronic-sound\/"},"modified":"2024-09-03T16:12:32","modified_gmt":"2024-09-03T14:12:32","slug":"roots-of-electronic-sound","status":"publish","type":"product","link":"https:\/\/wpguerssen-test.odoo.rgbconsulting.com\/es\/producto\/roots-of-electronic-sound\/","title":{"rendered":"Roots Of Electronic Sound"},"content":{"rendered":"<p>El especialista en sintetizadores futuristas y dise\u00f1ador de sonido Matsuo Ohno fue responsable del sonido en una amplia gama de bandas sonoras de pel\u00edculas, televisi\u00f3n y radio, siendo la m\u00e1s famosa la serie de animaci\u00f3n Astro Boy, en la que comenz\u00f3 a trabajar en 1963 junto con su asistente, Takehisa Kosugi. Ohno naci\u00f3 en el populoso distrito de Kanda en el centro de Tokio en 1930 y se vio muy afectado por los repetidos bombardeos de la ciudad durante la Segunda Guerra Mundial. Los cinco conjuntos de pistas que componen el \u00e1lbum Roots Of Electronic Sound se grabaron entre 1963 y 1966; lanzado inicialmente en el sello ALM en 1975, se compone de breves experimentos en cinta, la portada representa adecuadamente a Astro Boy, de la cual se tomaron muchos de los interludios de audio.<\/p>\n","protected":false},"excerpt":{"rendered":"<p>El especialista en sintetizadores futuristas y dise\u00f1ador de sonido Matsuo Ohno fue responsable del sonido en una amplia gama de bandas sonoras de pel\u00edculas, televisi\u00f3n<a class=\"read\" href=\"https:\/\/wpguerssen-test.odoo.rgbconsulting.com\/es\/producto\/roots-of-electronic-sound\/\"> (...)<\/a>","protected":false},"featured_media":219551,"template":"","meta":{"_acf_changed":false},"product_brand":[],"product_cat":[23266],"product_tag":[],"class_list":{"0":"post-219554","1":"product","2":"type-product","3":"status-publish","4":"has-post-thumbnail","6":"product_cat-electronic-es","7":"pa_artist-ohno-matsuo","8":"pa_format-lp-es","9":"pa_gender-electronic","10":"pa_label-survival-research","11":"pa_location-asia-es","12":"pa_other-filters-vinyl-only-es","14":"first","15":"instock","16":"taxable","17":"shipping-taxable","18":"purchasable","19":"product-type-simple"},"acf":[],"yoast_head":"<!-- This site is optimized with the Yoast SEO plugin v24.9 - https:\/\/yoast.com\/wordpress\/plugins\/seo\/ -->\n<title>OHNO, Matsuo - Roots Of Electronic Sound -  (LP) | Guerssen<\/title>\n<meta name=\"description\" content=\"Futuristic synthesizer specialist and sound designer Matsuo Ohno was responsible for the sound design of a broad range of film, television, and radio soundtracks, most famously the animation series Astro Boy which he began working on in 1963 together with his assistant, Takehisa Kosugi. Ohno was born in the heavily-populated Kanda district of central Tokyo in 1930 and was heavily affected by the repeated bombing raids on the city enacted in World War II. The five suites of tracks that make up the Roots Of Electronic Sound album were recorded between 1963 and 1966; initially released on the ALM label in 1975, it is comprised of brief tape experiments, the cover artwork fittingly representing Astro Boy, from which many of the audio interludes are taken.\" \/>\n<meta name=\"robots\" content=\"index, follow, max-snippet:-1, max-image-preview:large, max-video-preview:-1\" \/>\n<link rel=\"canonical\" href=\"https:\/\/wpguerssen-test.odoo.rgbconsulting.com\/es\/producto\/roots-of-electronic-sound\/\" \/>\n<meta property=\"og:locale\" content=\"es_ES\" \/>\n<meta property=\"og:type\" content=\"article\" \/>\n<meta property=\"og:title\" content=\"OHNO, Matsuo - Roots Of Electronic Sound -  (LP) | Guerssen\" \/>\n<meta property=\"og:description\" content=\"Futuristic synthesizer specialist and sound designer Matsuo Ohno was responsible for the sound design of a broad range of film, television, and radio soundtracks, most famously the animation series Astro Boy which he began working on in 1963 together with his assistant, Takehisa Kosugi. Ohno was born in the heavily-populated Kanda district of central Tokyo in 1930 and was heavily affected by the repeated bombing raids on the city enacted in World War II. The five suites of tracks that make up the Roots Of Electronic Sound album were recorded between 1963 and 1966; initially released on the ALM label in 1975, it is comprised of brief tape experiments, the cover artwork fittingly representing Astro Boy, from which many of the audio interludes are taken.\" \/>\n<meta property=\"og:url\" content=\"https:\/\/wpguerssen-test.odoo.rgbconsulting.com\/es\/producto\/roots-of-electronic-sound\/\" \/>\n<meta property=\"og:site_name\" content=\"Guerssen records\" \/>\n<meta property=\"article:modified_time\" content=\"2024-09-03T14:12:32+00:00\" \/>\n<meta property=\"og:image\" content=\"https:\/\/wpguerssen-test.odoo.rgbconsulting.com\/wp-content\/uploads\/2022\/10\/42058.jpg\" \/>\n\t<meta property=\"og:image:width\" content=\"340\" \/>\n\t<meta property=\"og:image:height\" content=\"340\" \/>\n\t<meta property=\"og:image:type\" content=\"image\/jpeg\" \/>\n<meta name=\"twitter:card\" content=\"summary_large_image\" \/>\n<meta name=\"twitter:title\" content=\"OHNO, Matsuo - Roots Of Electronic Sound -  (LP) | Guerssen\" \/>\n<meta name=\"twitter:label1\" content=\"Tiempo de lectura\" \/>\n\t<meta name=\"twitter:data1\" content=\"1 minuto\" \/>\n<script type=\"application\/ld+json\" class=\"yoast-schema-graph\">{\"@context\":\"https:\/\/schema.org\",\"@graph\":[{\"@type\":\"WebPage\",\"@id\":\"https:\/\/wpguerssen-test.odoo.rgbconsulting.com\/es\/producto\/roots-of-electronic-sound\/\",\"url\":\"https:\/\/wpguerssen-test.odoo.rgbconsulting.com\/es\/producto\/roots-of-electronic-sound\/\",\"name\":\"OHNO, Matsuo - Roots Of Electronic Sound - (LP) | Guerssen\",\"isPartOf\":{\"@id\":\"https:\/\/wpguerssen-test.odoo.rgbconsulting.com\/es\/#website\"},\"primaryImageOfPage\":{\"@id\":\"https:\/\/wpguerssen-test.odoo.rgbconsulting.com\/es\/producto\/roots-of-electronic-sound\/#primaryimage\"},\"image\":{\"@id\":\"https:\/\/wpguerssen-test.odoo.rgbconsulting.com\/es\/producto\/roots-of-electronic-sound\/#primaryimage\"},\"thumbnailUrl\":\"https:\/\/wpguerssen-test.odoo.rgbconsulting.com\/wp-content\/uploads\/2022\/10\/42058.jpg\",\"datePublished\":\"2022-10-12T22:00:00+00:00\",\"dateModified\":\"2024-09-03T14:12:32+00:00\",\"description\":\"Futuristic synthesizer specialist and sound designer Matsuo Ohno was responsible for the sound design of a broad range of film, television, and radio soundtracks, most famously the animation series Astro Boy which he began working on in 1963 together with his assistant, Takehisa Kosugi. Ohno was born in the heavily-populated Kanda district of central Tokyo in 1930 and was heavily affected by the repeated bombing raids on the city enacted in World War II. The five suites of tracks that make up the Roots Of Electronic Sound album were recorded between 1963 and 1966; initially released on the ALM label in 1975, it is comprised of brief tape experiments, the cover artwork fittingly representing Astro Boy, from which many of the audio interludes are taken.\",\"breadcrumb\":{\"@id\":\"https:\/\/wpguerssen-test.odoo.rgbconsulting.com\/es\/producto\/roots-of-electronic-sound\/#breadcrumb\"},\"inLanguage\":\"es\",\"potentialAction\":[{\"@type\":\"ReadAction\",\"target\":[\"https:\/\/wpguerssen-test.odoo.rgbconsulting.com\/es\/producto\/roots-of-electronic-sound\/\"]}]},{\"@type\":\"ImageObject\",\"inLanguage\":\"es\",\"@id\":\"https:\/\/wpguerssen-test.odoo.rgbconsulting.com\/es\/producto\/roots-of-electronic-sound\/#primaryimage\",\"url\":\"https:\/\/wpguerssen-test.odoo.rgbconsulting.com\/wp-content\/uploads\/2022\/10\/42058.jpg\",\"contentUrl\":\"https:\/\/wpguerssen-test.odoo.rgbconsulting.com\/wp-content\/uploads\/2022\/10\/42058.jpg\",\"width\":340,\"height\":340,\"caption\":\"Matsuo - Roots Of Electronic Sound - SURVIVAL RESEARCH (LP) | Guerssen\"},{\"@type\":\"BreadcrumbList\",\"@id\":\"https:\/\/wpguerssen-test.odoo.rgbconsulting.com\/es\/producto\/roots-of-electronic-sound\/#breadcrumb\",\"itemListElement\":[{\"@type\":\"ListItem\",\"position\":1,\"name\":\"Inicio\",\"item\":\"https:\/\/wpguerssen-test.odoo.rgbconsulting.com\/es\/\"},{\"@type\":\"ListItem\",\"position\":2,\"name\":\"Shop\",\"item\":\"https:\/\/wpguerssen-test.odoo.rgbconsulting.com\/shop\/\"},{\"@type\":\"ListItem\",\"position\":3,\"name\":\"Roots Of Electronic Sound\"}]},{\"@type\":\"WebSite\",\"@id\":\"https:\/\/wpguerssen-test.odoo.rgbconsulting.com\/es\/#website\",\"url\":\"https:\/\/wpguerssen-test.odoo.rgbconsulting.com\/es\/\",\"name\":\"Guerssen records\",\"description\":\"psychedelia - progressive - folk - garage \",\"publisher\":{\"@id\":\"https:\/\/wpguerssen-test.odoo.rgbconsulting.com\/es\/#organization\"},\"potentialAction\":[{\"@type\":\"SearchAction\",\"target\":{\"@type\":\"EntryPoint\",\"urlTemplate\":\"https:\/\/wpguerssen-test.odoo.rgbconsulting.com\/es\/?s={search_term_string}\"},\"query-input\":{\"@type\":\"PropertyValueSpecification\",\"valueRequired\":true,\"valueName\":\"search_term_string\"}}],\"inLanguage\":\"es\"},{\"@type\":\"Organization\",\"@id\":\"https:\/\/wpguerssen-test.odoo.rgbconsulting.com\/es\/#organization\",\"name\":\"Guerssen records\",\"url\":\"https:\/\/wpguerssen-test.odoo.rgbconsulting.com\/es\/\",\"logo\":{\"@type\":\"ImageObject\",\"inLanguage\":\"es\",\"@id\":\"https:\/\/wpguerssen-test.odoo.rgbconsulting.com\/es\/#\/schema\/logo\/image\/\",\"url\":\"https:\/\/wpguerssen-test.odoo.rgbconsulting.com\/wp-content\/uploads\/2022\/04\/Logo_Guerssen_trans_100.png\",\"contentUrl\":\"https:\/\/wpguerssen-test.odoo.rgbconsulting.com\/wp-content\/uploads\/2022\/04\/Logo_Guerssen_trans_100.png\",\"width\":122,\"height\":100,\"caption\":\"Guerssen records\"},\"image\":{\"@id\":\"https:\/\/wpguerssen-test.odoo.rgbconsulting.com\/es\/#\/schema\/logo\/image\/\"}}]}<\/script>\n<!-- \/ Yoast SEO plugin. -->","yoast_head_json":{"title":"OHNO, Matsuo - Roots Of Electronic Sound -  (LP) | Guerssen","description":"Futuristic synthesizer specialist and sound designer Matsuo Ohno was responsible for the sound design of a broad range of film, television, and radio soundtracks, most famously the animation series Astro Boy which he began working on in 1963 together with his assistant, Takehisa Kosugi. Ohno was born in the heavily-populated Kanda district of central Tokyo in 1930 and was heavily affected by the repeated bombing raids on the city enacted in World War II. The five suites of tracks that make up the Roots Of Electronic Sound album were recorded between 1963 and 1966; initially released on the ALM label in 1975, it is comprised of brief tape experiments, the cover artwork fittingly representing Astro Boy, from which many of the audio interludes are taken.","robots":{"index":"index","follow":"follow","max-snippet":"max-snippet:-1","max-image-preview":"max-image-preview:large","max-video-preview":"max-video-preview:-1"},"canonical":"https:\/\/wpguerssen-test.odoo.rgbconsulting.com\/es\/producto\/roots-of-electronic-sound\/","og_locale":"es_ES","og_type":"article","og_title":"OHNO, Matsuo - Roots Of Electronic Sound -  (LP) | Guerssen","og_description":"Futuristic synthesizer specialist and sound designer Matsuo Ohno was responsible for the sound design of a broad range of film, television, and radio soundtracks, most famously the animation series Astro Boy which he began working on in 1963 together with his assistant, Takehisa Kosugi. Ohno was born in the heavily-populated Kanda district of central Tokyo in 1930 and was heavily affected by the repeated bombing raids on the city enacted in World War II. The five suites of tracks that make up the Roots Of Electronic Sound album were recorded between 1963 and 1966; initially released on the ALM label in 1975, it is comprised of brief tape experiments, the cover artwork fittingly representing Astro Boy, from which many of the audio interludes are taken.","og_url":"https:\/\/wpguerssen-test.odoo.rgbconsulting.com\/es\/producto\/roots-of-electronic-sound\/","og_site_name":"Guerssen records","article_modified_time":"2024-09-03T14:12:32+00:00","og_image":[{"width":340,"height":340,"url":"https:\/\/wpguerssen-test.odoo.rgbconsulting.com\/wp-content\/uploads\/2022\/10\/42058.jpg","type":"image\/jpeg"}],"twitter_card":"summary_large_image","twitter_title":"OHNO, Matsuo - Roots Of Electronic Sound -  (LP) | Guerssen","twitter_misc":{"Tiempo de lectura":"1 minuto"},"schema":{"@context":"https:\/\/schema.org","@graph":[{"@type":"WebPage","@id":"https:\/\/wpguerssen-test.odoo.rgbconsulting.com\/es\/producto\/roots-of-electronic-sound\/","url":"https:\/\/wpguerssen-test.odoo.rgbconsulting.com\/es\/producto\/roots-of-electronic-sound\/","name":"OHNO, Matsuo - Roots Of Electronic Sound - (LP) | Guerssen","isPartOf":{"@id":"https:\/\/wpguerssen-test.odoo.rgbconsulting.com\/es\/#website"},"primaryImageOfPage":{"@id":"https:\/\/wpguerssen-test.odoo.rgbconsulting.com\/es\/producto\/roots-of-electronic-sound\/#primaryimage"},"image":{"@id":"https:\/\/wpguerssen-test.odoo.rgbconsulting.com\/es\/producto\/roots-of-electronic-sound\/#primaryimage"},"thumbnailUrl":"https:\/\/wpguerssen-test.odoo.rgbconsulting.com\/wp-content\/uploads\/2022\/10\/42058.jpg","datePublished":"2022-10-12T22:00:00+00:00","dateModified":"2024-09-03T14:12:32+00:00","description":"Futuristic synthesizer specialist and sound designer Matsuo Ohno was responsible for the sound design of a broad range of film, television, and radio soundtracks, most famously the animation series Astro Boy which he began working on in 1963 together with his assistant, Takehisa Kosugi. Ohno was born in the heavily-populated Kanda district of central Tokyo in 1930 and was heavily affected by the repeated bombing raids on the city enacted in World War II. The five suites of tracks that make up the Roots Of Electronic Sound album were recorded between 1963 and 1966; initially released on the ALM label in 1975, it is comprised of brief tape experiments, the cover artwork fittingly representing Astro Boy, from which many of the audio interludes are taken.","breadcrumb":{"@id":"https:\/\/wpguerssen-test.odoo.rgbconsulting.com\/es\/producto\/roots-of-electronic-sound\/#breadcrumb"},"inLanguage":"es","potentialAction":[{"@type":"ReadAction","target":["https:\/\/wpguerssen-test.odoo.rgbconsulting.com\/es\/producto\/roots-of-electronic-sound\/"]}]},{"@type":"ImageObject","inLanguage":"es","@id":"https:\/\/wpguerssen-test.odoo.rgbconsulting.com\/es\/producto\/roots-of-electronic-sound\/#primaryimage","url":"https:\/\/wpguerssen-test.odoo.rgbconsulting.com\/wp-content\/uploads\/2022\/10\/42058.jpg","contentUrl":"https:\/\/wpguerssen-test.odoo.rgbconsulting.com\/wp-content\/uploads\/2022\/10\/42058.jpg","width":340,"height":340,"caption":"Matsuo - Roots Of Electronic Sound - SURVIVAL RESEARCH (LP) | Guerssen"},{"@type":"BreadcrumbList","@id":"https:\/\/wpguerssen-test.odoo.rgbconsulting.com\/es\/producto\/roots-of-electronic-sound\/#breadcrumb","itemListElement":[{"@type":"ListItem","position":1,"name":"Inicio","item":"https:\/\/wpguerssen-test.odoo.rgbconsulting.com\/es\/"},{"@type":"ListItem","position":2,"name":"Shop","item":"https:\/\/wpguerssen-test.odoo.rgbconsulting.com\/shop\/"},{"@type":"ListItem","position":3,"name":"Roots Of Electronic Sound"}]},{"@type":"WebSite","@id":"https:\/\/wpguerssen-test.odoo.rgbconsulting.com\/es\/#website","url":"https:\/\/wpguerssen-test.odoo.rgbconsulting.com\/es\/","name":"Guerssen records","description":"psychedelia - progressive - folk - garage ","publisher":{"@id":"https:\/\/wpguerssen-test.odoo.rgbconsulting.com\/es\/#organization"},"potentialAction":[{"@type":"SearchAction","target":{"@type":"EntryPoint","urlTemplate":"https:\/\/wpguerssen-test.odoo.rgbconsulting.com\/es\/?s={search_term_string}"},"query-input":{"@type":"PropertyValueSpecification","valueRequired":true,"valueName":"search_term_string"}}],"inLanguage":"es"},{"@type":"Organization","@id":"https:\/\/wpguerssen-test.odoo.rgbconsulting.com\/es\/#organization","name":"Guerssen records","url":"https:\/\/wpguerssen-test.odoo.rgbconsulting.com\/es\/","logo":{"@type":"ImageObject","inLanguage":"es","@id":"https:\/\/wpguerssen-test.odoo.rgbconsulting.com\/es\/#\/schema\/logo\/image\/","url":"https:\/\/wpguerssen-test.odoo.rgbconsulting.com\/wp-content\/uploads\/2022\/04\/Logo_Guerssen_trans_100.png","contentUrl":"https:\/\/wpguerssen-test.odoo.rgbconsulting.com\/wp-content\/uploads\/2022\/04\/Logo_Guerssen_trans_100.png","width":122,"height":100,"caption":"Guerssen records"},"image":{"@id":"https:\/\/wpguerssen-test.odoo.rgbconsulting.com\/es\/#\/schema\/logo\/image\/"}}]}},"_links":{"self":[{"href":"https:\/\/wpguerssen-test.odoo.rgbconsulting.com\/es\/wp-json\/wp\/v2\/product\/219554","targetHints":{"allow":["GET"]}}],"collection":[{"href":"https:\/\/wpguerssen-test.odoo.rgbconsulting.com\/es\/wp-json\/wp\/v2\/product"}],"about":[{"href":"https:\/\/wpguerssen-test.odoo.rgbconsulting.com\/es\/wp-json\/wp\/v2\/types\/product"}],"wp:featuredmedia":[{"embeddable":true,"href":"https:\/\/wpguerssen-test.odoo.rgbconsulting.com\/es\/wp-json\/wp\/v2\/media\/219551"}],"wp:attachment":[{"href":"https:\/\/wpguerssen-test.odoo.rgbconsulting.com\/es\/wp-json\/wp\/v2\/media?parent=219554"}],"wp:term":[{"taxonomy":"product_brand","embeddable":true,"href":"https:\/\/wpguerssen-test.odoo.rgbconsulting.com\/es\/wp-json\/wp\/v2\/product_brand?post=219554"},{"taxonomy":"product_cat","embeddable":true,"href":"https:\/\/wpguerssen-test.odoo.rgbconsulting.com\/es\/wp-json\/wp\/v2\/product_cat?post=219554"},{"taxonomy":"product_tag","embeddable":true,"href":"https:\/\/wpguerssen-test.odoo.rgbconsulting.com\/es\/wp-json\/wp\/v2\/product_tag?post=219554"}],"curies":[{"name":"wp","href":"https:\/\/api.w.org\/{rel}","templated":true}]}}