{"id":219677,"date":"2022-11-03T00:00:00","date_gmt":"2022-11-02T23:00:00","guid":{"rendered":"https:\/\/wpguerssen-test.odoo.rgbconsulting.com\/product\/vol-2-4\/"},"modified":"2024-02-21T14:52:09","modified_gmt":"2024-02-21T13:52:09","slug":"vol-2-3","status":"publish","type":"product","link":"https:\/\/wpguerssen-test.odoo.rgbconsulting.com\/es\/producto\/vol-2-3\/","title":{"rendered":"Vol. 2"},"content":{"rendered":"<p>En septiembre de 1978, Charlie Feathers, junto con su hijo Bubba en la guitarra y Pee Wee Truite en el contrabajo, grab\u00f3 un programa especial en NBC TV en Houston, Texas, donde interpret\u00f3 varias de sus canciones cl\u00e1sicas de la misma manera que lo hizo en la A\u00f1os 50: sin bater\u00eda y con todo el mojo del rockabilly original.<br \/>Esa grabaci\u00f3n tiene la misma esencia que sus temas 25 a\u00f1os antes en Meteor o King Records, tanto que podr\u00edan pasar por tomas alternas de algunos de sus \u00e9xitos , o cortes originales reci\u00e9n descubiertos, y, aunque se han editado varias veces en LP y CD, nunca se han editado en single de 45 rpm. Hasta ahora.<br \/>Sleazy Records recopila 6 de esos temas y los edita en una colecci\u00f3n de lujo de 4 x 7&#8243;, incluyendo una postal dentro de cada uno, y haciendo con las contraportadas un rompecabezas original de Charlie y su banda a finales de los 70&#8217;s.<\/p>\n","protected":false},"excerpt":{"rendered":"<p>En septiembre de 1978, Charlie Feathers, junto con su hijo Bubba en la guitarra y Pee Wee Truite en el contrabajo, grab\u00f3 un programa especial en NBC TV en Houston,<a class=\"read\" href=\"https:\/\/wpguerssen-test.odoo.rgbconsulting.com\/es\/producto\/vol-2-3\/\"> (...)<\/a>","protected":false},"featured_media":219632,"template":"","meta":{"_acf_changed":false},"product_brand":[],"product_cat":[21642],"product_tag":[],"class_list":{"0":"post-219677","1":"product","2":"type-product","3":"status-publish","4":"has-post-thumbnail","6":"product_cat-rocknroll-es","7":"pa_artist-feathers-charlie","8":"pa_format-7-es","9":"pa_gender-rocknroll","10":"pa_label-sleazy-records-es","11":"pa_location-north-america-es","12":"pa_other-filters-vinyl-only-es","14":"first","15":"instock","16":"taxable","17":"shipping-taxable","18":"purchasable","19":"product-type-simple"},"acf":[],"yoast_head":"<!-- This site is optimized with the Yoast SEO plugin v24.9 - https:\/\/yoast.com\/wordpress\/plugins\/seo\/ -->\n<title>FEATHERS, Charlie - Vol. 2 -  (7&quot;) | Guerssen<\/title>\n<meta name=\"description\" content=\"In September 1978, Charlie Feathers, along with his son Bubba on guitar and Pee Wee Truite on double bass, recorded a special programme on NBC TV in Houston, Texas, where he played several of his classic songs in the same way he did in the 1950s: without drums and with all the mojo of the original rockabilly.That recording has the same essence as his tracks 25 years earlier on Meteor or King Records, so much so that they could pass for alternate takes of some of his hits, or newly discovered original cuts, and, although they have been released several times on LP and CD, they have never been pressed on 45 rpm single. Until now.Sleazy Records collects 6 of those tracks and releases them in a deluxe 4 x 7&quot; collection, including a postcard inside each one, and making with the back covers an original puzzle of Charlie and his band in the late 70&#039;s.The four singles are also completed with Charlie&#039;s legendary cover of Hank Thompson&#039;s WILD SIDE OF LIFE, recoded in 1969 at Judd Phillips&#039; Select-O-Hits studio in Memphis with his old Sun Records colleagues Marcus Van Story and Ramon Mauphin, and the second version of RAIN, recorded with Bubba Feathers in the early 70s.A deluxe package that brings together eight fantastic rockabillies that certainly deserved to be released in this format.Side A: Teir It UpSide B: Wild Side Of Life\" \/>\n<meta name=\"robots\" content=\"index, follow, max-snippet:-1, max-image-preview:large, max-video-preview:-1\" \/>\n<link rel=\"canonical\" href=\"https:\/\/wpguerssen-test.odoo.rgbconsulting.com\/es\/producto\/vol-2-3\/\" \/>\n<meta property=\"og:locale\" content=\"es_ES\" \/>\n<meta property=\"og:type\" content=\"article\" \/>\n<meta property=\"og:title\" content=\"FEATHERS, Charlie - Vol. 2 -  (7&quot;) | Guerssen\" \/>\n<meta property=\"og:description\" content=\"In September 1978, Charlie Feathers, along with his son Bubba on guitar and Pee Wee Truite on double bass, recorded a special programme on NBC TV in Houston, Texas, where he played several of his classic songs in the same way he did in the 1950s: without drums and with all the mojo of the original rockabilly.That recording has the same essence as his tracks 25 years earlier on Meteor or King Records, so much so that they could pass for alternate takes of some of his hits, or newly discovered original cuts, and, although they have been released several times on LP and CD, they have never been pressed on 45 rpm single. Until now.Sleazy Records collects 6 of those tracks and releases them in a deluxe 4 x 7&quot; collection, including a postcard inside each one, and making with the back covers an original puzzle of Charlie and his band in the late 70&#039;s.The four singles are also completed with Charlie&#039;s legendary cover of Hank Thompson&#039;s WILD SIDE OF LIFE, recoded in 1969 at Judd Phillips&#039; Select-O-Hits studio in Memphis with his old Sun Records colleagues Marcus Van Story and Ramon Mauphin, and the second version of RAIN, recorded with Bubba Feathers in the early 70s.A deluxe package that brings together eight fantastic rockabillies that certainly deserved to be released in this format.Side A: Teir It UpSide B: Wild Side Of Life\" \/>\n<meta property=\"og:url\" content=\"https:\/\/wpguerssen-test.odoo.rgbconsulting.com\/es\/producto\/vol-2-3\/\" \/>\n<meta property=\"og:site_name\" content=\"Guerssen records\" \/>\n<meta property=\"article:modified_time\" content=\"2024-02-21T13:52:09+00:00\" \/>\n<meta property=\"og:image\" content=\"https:\/\/wpguerssen-test.odoo.rgbconsulting.com\/wp-content\/uploads\/2022\/10\/42103.jpg\" \/>\n\t<meta property=\"og:image:width\" content=\"2250\" \/>\n\t<meta property=\"og:image:height\" content=\"2250\" \/>\n\t<meta property=\"og:image:type\" content=\"image\/jpeg\" \/>\n<meta name=\"twitter:card\" content=\"summary_large_image\" \/>\n<meta name=\"twitter:title\" content=\"FEATHERS, Charlie - Vol. 2 -  (7&quot;) | Guerssen\" \/>\n<meta name=\"twitter:label1\" content=\"Tiempo de lectura\" \/>\n\t<meta name=\"twitter:data1\" content=\"1 minuto\" \/>\n<script type=\"application\/ld+json\" class=\"yoast-schema-graph\">{\"@context\":\"https:\/\/schema.org\",\"@graph\":[{\"@type\":\"WebPage\",\"@id\":\"https:\/\/wpguerssen-test.odoo.rgbconsulting.com\/es\/producto\/vol-2-3\/\",\"url\":\"https:\/\/wpguerssen-test.odoo.rgbconsulting.com\/es\/producto\/vol-2-3\/\",\"name\":\"FEATHERS, Charlie - Vol. 2 - (7\\\") | Guerssen\",\"isPartOf\":{\"@id\":\"https:\/\/wpguerssen-test.odoo.rgbconsulting.com\/es\/#website\"},\"primaryImageOfPage\":{\"@id\":\"https:\/\/wpguerssen-test.odoo.rgbconsulting.com\/es\/producto\/vol-2-3\/#primaryimage\"},\"image\":{\"@id\":\"https:\/\/wpguerssen-test.odoo.rgbconsulting.com\/es\/producto\/vol-2-3\/#primaryimage\"},\"thumbnailUrl\":\"https:\/\/wpguerssen-test.odoo.rgbconsulting.com\/wp-content\/uploads\/2022\/10\/42103.jpg\",\"datePublished\":\"2022-11-02T23:00:00+00:00\",\"dateModified\":\"2024-02-21T13:52:09+00:00\",\"description\":\"In September 1978, Charlie Feathers, along with his son Bubba on guitar and Pee Wee Truite on double bass, recorded a special programme on NBC TV in Houston, Texas, where he played several of his classic songs in the same way he did in the 1950s: without drums and with all the mojo of the original rockabilly.That recording has the same essence as his tracks 25 years earlier on Meteor or King Records, so much so that they could pass for alternate takes of some of his hits, or newly discovered original cuts, and, although they have been released several times on LP and CD, they have never been pressed on 45 rpm single. Until now.Sleazy Records collects 6 of those tracks and releases them in a deluxe 4 x 7\\\" collection, including a postcard inside each one, and making with the back covers an original puzzle of Charlie and his band in the late 70's.The four singles are also completed with Charlie's legendary cover of Hank Thompson's WILD SIDE OF LIFE, recoded in 1969 at Judd Phillips' Select-O-Hits studio in Memphis with his old Sun Records colleagues Marcus Van Story and Ramon Mauphin, and the second version of RAIN, recorded with Bubba Feathers in the early 70s.A deluxe package that brings together eight fantastic rockabillies that certainly deserved to be released in this format.Side A: Teir It UpSide B: Wild Side Of Life\",\"breadcrumb\":{\"@id\":\"https:\/\/wpguerssen-test.odoo.rgbconsulting.com\/es\/producto\/vol-2-3\/#breadcrumb\"},\"inLanguage\":\"es\",\"potentialAction\":[{\"@type\":\"ReadAction\",\"target\":[\"https:\/\/wpguerssen-test.odoo.rgbconsulting.com\/es\/producto\/vol-2-3\/\"]}]},{\"@type\":\"ImageObject\",\"inLanguage\":\"es\",\"@id\":\"https:\/\/wpguerssen-test.odoo.rgbconsulting.com\/es\/producto\/vol-2-3\/#primaryimage\",\"url\":\"https:\/\/wpguerssen-test.odoo.rgbconsulting.com\/wp-content\/uploads\/2022\/10\/42103.jpg\",\"contentUrl\":\"https:\/\/wpguerssen-test.odoo.rgbconsulting.com\/wp-content\/uploads\/2022\/10\/42103.jpg\",\"width\":2250,\"height\":2250,\"caption\":\"Charlie - Vol. 2 - SLEAZY RECORDS (7\\\") | Guerssen\"},{\"@type\":\"BreadcrumbList\",\"@id\":\"https:\/\/wpguerssen-test.odoo.rgbconsulting.com\/es\/producto\/vol-2-3\/#breadcrumb\",\"itemListElement\":[{\"@type\":\"ListItem\",\"position\":1,\"name\":\"Inicio\",\"item\":\"https:\/\/wpguerssen-test.odoo.rgbconsulting.com\/es\/\"},{\"@type\":\"ListItem\",\"position\":2,\"name\":\"Shop\",\"item\":\"https:\/\/wpguerssen-test.odoo.rgbconsulting.com\/shop\/\"},{\"@type\":\"ListItem\",\"position\":3,\"name\":\"Vol. 2\"}]},{\"@type\":\"WebSite\",\"@id\":\"https:\/\/wpguerssen-test.odoo.rgbconsulting.com\/es\/#website\",\"url\":\"https:\/\/wpguerssen-test.odoo.rgbconsulting.com\/es\/\",\"name\":\"Guerssen records\",\"description\":\"psychedelia - progressive - folk - garage \",\"publisher\":{\"@id\":\"https:\/\/wpguerssen-test.odoo.rgbconsulting.com\/es\/#organization\"},\"potentialAction\":[{\"@type\":\"SearchAction\",\"target\":{\"@type\":\"EntryPoint\",\"urlTemplate\":\"https:\/\/wpguerssen-test.odoo.rgbconsulting.com\/es\/?s={search_term_string}\"},\"query-input\":{\"@type\":\"PropertyValueSpecification\",\"valueRequired\":true,\"valueName\":\"search_term_string\"}}],\"inLanguage\":\"es\"},{\"@type\":\"Organization\",\"@id\":\"https:\/\/wpguerssen-test.odoo.rgbconsulting.com\/es\/#organization\",\"name\":\"Guerssen records\",\"url\":\"https:\/\/wpguerssen-test.odoo.rgbconsulting.com\/es\/\",\"logo\":{\"@type\":\"ImageObject\",\"inLanguage\":\"es\",\"@id\":\"https:\/\/wpguerssen-test.odoo.rgbconsulting.com\/es\/#\/schema\/logo\/image\/\",\"url\":\"https:\/\/wpguerssen-test.odoo.rgbconsulting.com\/wp-content\/uploads\/2022\/04\/Logo_Guerssen_trans_100.png\",\"contentUrl\":\"https:\/\/wpguerssen-test.odoo.rgbconsulting.com\/wp-content\/uploads\/2022\/04\/Logo_Guerssen_trans_100.png\",\"width\":122,\"height\":100,\"caption\":\"Guerssen records\"},\"image\":{\"@id\":\"https:\/\/wpguerssen-test.odoo.rgbconsulting.com\/es\/#\/schema\/logo\/image\/\"}}]}<\/script>\n<!-- \/ Yoast SEO plugin. -->","yoast_head_json":{"title":"FEATHERS, Charlie - Vol. 2 -  (7\") | Guerssen","description":"In September 1978, Charlie Feathers, along with his son Bubba on guitar and Pee Wee Truite on double bass, recorded a special programme on NBC TV in Houston, Texas, where he played several of his classic songs in the same way he did in the 1950s: without drums and with all the mojo of the original rockabilly.That recording has the same essence as his tracks 25 years earlier on Meteor or King Records, so much so that they could pass for alternate takes of some of his hits, or newly discovered original cuts, and, although they have been released several times on LP and CD, they have never been pressed on 45 rpm single. Until now.Sleazy Records collects 6 of those tracks and releases them in a deluxe 4 x 7\" collection, including a postcard inside each one, and making with the back covers an original puzzle of Charlie and his band in the late 70's.The four singles are also completed with Charlie's legendary cover of Hank Thompson's WILD SIDE OF LIFE, recoded in 1969 at Judd Phillips' Select-O-Hits studio in Memphis with his old Sun Records colleagues Marcus Van Story and Ramon Mauphin, and the second version of RAIN, recorded with Bubba Feathers in the early 70s.A deluxe package that brings together eight fantastic rockabillies that certainly deserved to be released in this format.Side A: Teir It UpSide B: Wild Side Of Life","robots":{"index":"index","follow":"follow","max-snippet":"max-snippet:-1","max-image-preview":"max-image-preview:large","max-video-preview":"max-video-preview:-1"},"canonical":"https:\/\/wpguerssen-test.odoo.rgbconsulting.com\/es\/producto\/vol-2-3\/","og_locale":"es_ES","og_type":"article","og_title":"FEATHERS, Charlie - Vol. 2 -  (7\") | Guerssen","og_description":"In September 1978, Charlie Feathers, along with his son Bubba on guitar and Pee Wee Truite on double bass, recorded a special programme on NBC TV in Houston, Texas, where he played several of his classic songs in the same way he did in the 1950s: without drums and with all the mojo of the original rockabilly.That recording has the same essence as his tracks 25 years earlier on Meteor or King Records, so much so that they could pass for alternate takes of some of his hits, or newly discovered original cuts, and, although they have been released several times on LP and CD, they have never been pressed on 45 rpm single. Until now.Sleazy Records collects 6 of those tracks and releases them in a deluxe 4 x 7\" collection, including a postcard inside each one, and making with the back covers an original puzzle of Charlie and his band in the late 70's.The four singles are also completed with Charlie's legendary cover of Hank Thompson's WILD SIDE OF LIFE, recoded in 1969 at Judd Phillips' Select-O-Hits studio in Memphis with his old Sun Records colleagues Marcus Van Story and Ramon Mauphin, and the second version of RAIN, recorded with Bubba Feathers in the early 70s.A deluxe package that brings together eight fantastic rockabillies that certainly deserved to be released in this format.Side A: Teir It UpSide B: Wild Side Of Life","og_url":"https:\/\/wpguerssen-test.odoo.rgbconsulting.com\/es\/producto\/vol-2-3\/","og_site_name":"Guerssen records","article_modified_time":"2024-02-21T13:52:09+00:00","og_image":[{"width":2250,"height":2250,"url":"https:\/\/wpguerssen-test.odoo.rgbconsulting.com\/wp-content\/uploads\/2022\/10\/42103.jpg","type":"image\/jpeg"}],"twitter_card":"summary_large_image","twitter_title":"FEATHERS, Charlie - Vol. 2 -  (7\") | Guerssen","twitter_misc":{"Tiempo de lectura":"1 minuto"},"schema":{"@context":"https:\/\/schema.org","@graph":[{"@type":"WebPage","@id":"https:\/\/wpguerssen-test.odoo.rgbconsulting.com\/es\/producto\/vol-2-3\/","url":"https:\/\/wpguerssen-test.odoo.rgbconsulting.com\/es\/producto\/vol-2-3\/","name":"FEATHERS, Charlie - Vol. 2 - (7\") | Guerssen","isPartOf":{"@id":"https:\/\/wpguerssen-test.odoo.rgbconsulting.com\/es\/#website"},"primaryImageOfPage":{"@id":"https:\/\/wpguerssen-test.odoo.rgbconsulting.com\/es\/producto\/vol-2-3\/#primaryimage"},"image":{"@id":"https:\/\/wpguerssen-test.odoo.rgbconsulting.com\/es\/producto\/vol-2-3\/#primaryimage"},"thumbnailUrl":"https:\/\/wpguerssen-test.odoo.rgbconsulting.com\/wp-content\/uploads\/2022\/10\/42103.jpg","datePublished":"2022-11-02T23:00:00+00:00","dateModified":"2024-02-21T13:52:09+00:00","description":"In September 1978, Charlie Feathers, along with his son Bubba on guitar and Pee Wee Truite on double bass, recorded a special programme on NBC TV in Houston, Texas, where he played several of his classic songs in the same way he did in the 1950s: without drums and with all the mojo of the original rockabilly.That recording has the same essence as his tracks 25 years earlier on Meteor or King Records, so much so that they could pass for alternate takes of some of his hits, or newly discovered original cuts, and, although they have been released several times on LP and CD, they have never been pressed on 45 rpm single. Until now.Sleazy Records collects 6 of those tracks and releases them in a deluxe 4 x 7\" collection, including a postcard inside each one, and making with the back covers an original puzzle of Charlie and his band in the late 70's.The four singles are also completed with Charlie's legendary cover of Hank Thompson's WILD SIDE OF LIFE, recoded in 1969 at Judd Phillips' Select-O-Hits studio in Memphis with his old Sun Records colleagues Marcus Van Story and Ramon Mauphin, and the second version of RAIN, recorded with Bubba Feathers in the early 70s.A deluxe package that brings together eight fantastic rockabillies that certainly deserved to be released in this format.Side A: Teir It UpSide B: Wild Side Of Life","breadcrumb":{"@id":"https:\/\/wpguerssen-test.odoo.rgbconsulting.com\/es\/producto\/vol-2-3\/#breadcrumb"},"inLanguage":"es","potentialAction":[{"@type":"ReadAction","target":["https:\/\/wpguerssen-test.odoo.rgbconsulting.com\/es\/producto\/vol-2-3\/"]}]},{"@type":"ImageObject","inLanguage":"es","@id":"https:\/\/wpguerssen-test.odoo.rgbconsulting.com\/es\/producto\/vol-2-3\/#primaryimage","url":"https:\/\/wpguerssen-test.odoo.rgbconsulting.com\/wp-content\/uploads\/2022\/10\/42103.jpg","contentUrl":"https:\/\/wpguerssen-test.odoo.rgbconsulting.com\/wp-content\/uploads\/2022\/10\/42103.jpg","width":2250,"height":2250,"caption":"Charlie - Vol. 2 - SLEAZY RECORDS (7\") | Guerssen"},{"@type":"BreadcrumbList","@id":"https:\/\/wpguerssen-test.odoo.rgbconsulting.com\/es\/producto\/vol-2-3\/#breadcrumb","itemListElement":[{"@type":"ListItem","position":1,"name":"Inicio","item":"https:\/\/wpguerssen-test.odoo.rgbconsulting.com\/es\/"},{"@type":"ListItem","position":2,"name":"Shop","item":"https:\/\/wpguerssen-test.odoo.rgbconsulting.com\/shop\/"},{"@type":"ListItem","position":3,"name":"Vol. 2"}]},{"@type":"WebSite","@id":"https:\/\/wpguerssen-test.odoo.rgbconsulting.com\/es\/#website","url":"https:\/\/wpguerssen-test.odoo.rgbconsulting.com\/es\/","name":"Guerssen records","description":"psychedelia - progressive - folk - garage ","publisher":{"@id":"https:\/\/wpguerssen-test.odoo.rgbconsulting.com\/es\/#organization"},"potentialAction":[{"@type":"SearchAction","target":{"@type":"EntryPoint","urlTemplate":"https:\/\/wpguerssen-test.odoo.rgbconsulting.com\/es\/?s={search_term_string}"},"query-input":{"@type":"PropertyValueSpecification","valueRequired":true,"valueName":"search_term_string"}}],"inLanguage":"es"},{"@type":"Organization","@id":"https:\/\/wpguerssen-test.odoo.rgbconsulting.com\/es\/#organization","name":"Guerssen records","url":"https:\/\/wpguerssen-test.odoo.rgbconsulting.com\/es\/","logo":{"@type":"ImageObject","inLanguage":"es","@id":"https:\/\/wpguerssen-test.odoo.rgbconsulting.com\/es\/#\/schema\/logo\/image\/","url":"https:\/\/wpguerssen-test.odoo.rgbconsulting.com\/wp-content\/uploads\/2022\/04\/Logo_Guerssen_trans_100.png","contentUrl":"https:\/\/wpguerssen-test.odoo.rgbconsulting.com\/wp-content\/uploads\/2022\/04\/Logo_Guerssen_trans_100.png","width":122,"height":100,"caption":"Guerssen records"},"image":{"@id":"https:\/\/wpguerssen-test.odoo.rgbconsulting.com\/es\/#\/schema\/logo\/image\/"}}]}},"_links":{"self":[{"href":"https:\/\/wpguerssen-test.odoo.rgbconsulting.com\/es\/wp-json\/wp\/v2\/product\/219677","targetHints":{"allow":["GET"]}}],"collection":[{"href":"https:\/\/wpguerssen-test.odoo.rgbconsulting.com\/es\/wp-json\/wp\/v2\/product"}],"about":[{"href":"https:\/\/wpguerssen-test.odoo.rgbconsulting.com\/es\/wp-json\/wp\/v2\/types\/product"}],"wp:featuredmedia":[{"embeddable":true,"href":"https:\/\/wpguerssen-test.odoo.rgbconsulting.com\/es\/wp-json\/wp\/v2\/media\/219632"}],"wp:attachment":[{"href":"https:\/\/wpguerssen-test.odoo.rgbconsulting.com\/es\/wp-json\/wp\/v2\/media?parent=219677"}],"wp:term":[{"taxonomy":"product_brand","embeddable":true,"href":"https:\/\/wpguerssen-test.odoo.rgbconsulting.com\/es\/wp-json\/wp\/v2\/product_brand?post=219677"},{"taxonomy":"product_cat","embeddable":true,"href":"https:\/\/wpguerssen-test.odoo.rgbconsulting.com\/es\/wp-json\/wp\/v2\/product_cat?post=219677"},{"taxonomy":"product_tag","embeddable":true,"href":"https:\/\/wpguerssen-test.odoo.rgbconsulting.com\/es\/wp-json\/wp\/v2\/product_tag?post=219677"}],"curies":[{"name":"wp","href":"https:\/\/api.w.org\/{rel}","templated":true}]}}