{"id":219783,"date":"2022-11-10T00:00:00","date_gmt":"2022-11-09T23:00:00","guid":{"rendered":"https:\/\/wpguerssen-test.odoo.rgbconsulting.com\/product\/necropolitica\/"},"modified":"2024-02-21T14:54:57","modified_gmt":"2024-02-21T13:54:57","slug":"necropolitica","status":"publish","type":"product","link":"https:\/\/wpguerssen-test.odoo.rgbconsulting.com\/es\/producto\/necropolitica\/","title":{"rendered":"Necropolitica"},"content":{"rendered":"<p>\u00a1Nuevo \u00e1lbum de estudio!<br \/>\u00a1El regreso de los maestros indiscutibles del Thrash-Punk de Brasil!<br \/>Ocho a\u00f1os despu\u00e9s del aclamado \u00abSeculo sinistro\u00bb, RxDxPx est\u00e1 de vuelta con otra losa de Crossover Thrash implacable, intenso y socialmente comprometido en su estilo inconfundible , esta vez con un mensaje pol\u00edtico m\u00e1s fuerte que nunca que refleja su absoluto desprecio contra el gobierno autoritario que ha plagado a Brasil en los \u00faltimos a\u00f1os. <br \/> RATOS DE PORAO no dan se\u00f1ales de debilitarse y se reconfirman como los campeones absolutos del Hardcore Sudamericano!<\/p>\n","protected":false},"excerpt":{"rendered":"<p>\u00a1Nuevo \u00e1lbum de estudio!<br \/>\u00a1El regreso de los maestros indiscutibles del Thrash-Punk de Brasil!<br \/>Ocho a\u00f1os despu\u00e9s del aclamado \u00abSeculo sinistro\u00bb, RxDxPx<a class=\"read\" href=\"https:\/\/wpguerssen-test.odoo.rgbconsulting.com\/es\/producto\/necropolitica\/\"> (...)<\/a>","protected":false},"featured_media":219751,"template":"","meta":{"_acf_changed":false},"product_brand":[],"product_cat":[21650,23233],"product_tag":[],"class_list":{"0":"post-219783","1":"product","2":"type-product","3":"status-publish","4":"has-post-thumbnail","6":"product_cat-punk-es","7":"product_cat-metal-es","8":"pa_artist-ratos-de-porao","9":"pa_format-lp-es","10":"pa_gender-punk-metal","11":"pa_label-f-o-a-d","12":"pa_location-south-america-caribbean-es","13":"pa_other-filters-vinyl-only-es","15":"first","16":"instock","17":"taxable","18":"shipping-taxable","19":"purchasable","20":"product-type-simple"},"acf":[],"yoast_head":"<!-- This site is optimized with the Yoast SEO plugin v24.9 - https:\/\/yoast.com\/wordpress\/plugins\/seo\/ -->\n<title>RATOS DE PORAO - Necropolitica -  (LP) | Guerssen<\/title>\n<meta name=\"description\" content=\"Brand new studio album!The return of Brazil&#039;s undisputed Thrash-Punk masters!8 years after the acclaimed &quot;Seculo sinistro&quot;, RxDxPx are back with another slab of relentless, intense and socially engaged Crossover Thrash in their unmistakable style, this time with a stronger-than-ever political message reflecting their absolute contempt against the authoritarian government that has plagued Brazil in recent years. Musically, with a career spanning through 5 decades, RATOS DE PORAO show no sign of weakening and reconfirm themselves as the absolute champions of South American Hardcore! 10 songs full of Metal and Punk mayhem keeping it fresh and dynamic at the same time, led by Jao&#039;s manic riffing and Gordo&#039;s massive,vitriolic shouts of rage. With no doubts the world&#039;s most famous basement rats have nailed it another time with a devastating album, still sounding exciting and relevant, which is an amazing achievement in Punk that most other bands of that age can&#039;t claim!Housed in a full glossy gatefold jacket with 12\u00bfx12\u00bf booklet.\" \/>\n<meta name=\"robots\" content=\"index, follow, max-snippet:-1, max-image-preview:large, max-video-preview:-1\" \/>\n<link rel=\"canonical\" href=\"https:\/\/wpguerssen-test.odoo.rgbconsulting.com\/es\/producto\/necropolitica\/\" \/>\n<meta property=\"og:locale\" content=\"es_ES\" \/>\n<meta property=\"og:type\" content=\"article\" \/>\n<meta property=\"og:title\" content=\"RATOS DE PORAO - Necropolitica -  (LP) | Guerssen\" \/>\n<meta property=\"og:description\" content=\"Brand new studio album!The return of Brazil&#039;s undisputed Thrash-Punk masters!8 years after the acclaimed &quot;Seculo sinistro&quot;, RxDxPx are back with another slab of relentless, intense and socially engaged Crossover Thrash in their unmistakable style, this time with a stronger-than-ever political message reflecting their absolute contempt against the authoritarian government that has plagued Brazil in recent years. Musically, with a career spanning through 5 decades, RATOS DE PORAO show no sign of weakening and reconfirm themselves as the absolute champions of South American Hardcore! 10 songs full of Metal and Punk mayhem keeping it fresh and dynamic at the same time, led by Jao&#039;s manic riffing and Gordo&#039;s massive,vitriolic shouts of rage. With no doubts the world&#039;s most famous basement rats have nailed it another time with a devastating album, still sounding exciting and relevant, which is an amazing achievement in Punk that most other bands of that age can&#039;t claim!Housed in a full glossy gatefold jacket with 12\u00bfx12\u00bf booklet.\" \/>\n<meta property=\"og:url\" content=\"https:\/\/wpguerssen-test.odoo.rgbconsulting.com\/es\/producto\/necropolitica\/\" \/>\n<meta property=\"og:site_name\" content=\"Guerssen records\" \/>\n<meta property=\"article:modified_time\" content=\"2024-02-21T13:54:57+00:00\" \/>\n<meta property=\"og:image\" content=\"https:\/\/wpguerssen-test.odoo.rgbconsulting.com\/wp-content\/uploads\/2022\/10\/42134.jpg\" \/>\n\t<meta property=\"og:image:width\" content=\"340\" \/>\n\t<meta property=\"og:image:height\" content=\"248\" \/>\n\t<meta property=\"og:image:type\" content=\"image\/jpeg\" \/>\n<meta name=\"twitter:card\" content=\"summary_large_image\" \/>\n<meta name=\"twitter:title\" content=\"RATOS DE PORAO - Necropolitica -  (LP) | Guerssen\" \/>\n<script type=\"application\/ld+json\" class=\"yoast-schema-graph\">{\"@context\":\"https:\/\/schema.org\",\"@graph\":[{\"@type\":\"WebPage\",\"@id\":\"https:\/\/wpguerssen-test.odoo.rgbconsulting.com\/es\/producto\/necropolitica\/\",\"url\":\"https:\/\/wpguerssen-test.odoo.rgbconsulting.com\/es\/producto\/necropolitica\/\",\"name\":\"RATOS DE PORAO - Necropolitica - (LP) | Guerssen\",\"isPartOf\":{\"@id\":\"https:\/\/wpguerssen-test.odoo.rgbconsulting.com\/es\/#website\"},\"primaryImageOfPage\":{\"@id\":\"https:\/\/wpguerssen-test.odoo.rgbconsulting.com\/es\/producto\/necropolitica\/#primaryimage\"},\"image\":{\"@id\":\"https:\/\/wpguerssen-test.odoo.rgbconsulting.com\/es\/producto\/necropolitica\/#primaryimage\"},\"thumbnailUrl\":\"https:\/\/wpguerssen-test.odoo.rgbconsulting.com\/wp-content\/uploads\/2022\/10\/42134.jpg\",\"datePublished\":\"2022-11-09T23:00:00+00:00\",\"dateModified\":\"2024-02-21T13:54:57+00:00\",\"description\":\"Brand new studio album!The return of Brazil's undisputed Thrash-Punk masters!8 years after the acclaimed \\\"Seculo sinistro\\\", RxDxPx are back with another slab of relentless, intense and socially engaged Crossover Thrash in their unmistakable style, this time with a stronger-than-ever political message reflecting their absolute contempt against the authoritarian government that has plagued Brazil in recent years. Musically, with a career spanning through 5 decades, RATOS DE PORAO show no sign of weakening and reconfirm themselves as the absolute champions of South American Hardcore! 10 songs full of Metal and Punk mayhem keeping it fresh and dynamic at the same time, led by Jao's manic riffing and Gordo's massive,vitriolic shouts of rage. With no doubts the world's most famous basement rats have nailed it another time with a devastating album, still sounding exciting and relevant, which is an amazing achievement in Punk that most other bands of that age can't claim!Housed in a full glossy gatefold jacket with 12\u00bfx12\u00bf booklet.\",\"breadcrumb\":{\"@id\":\"https:\/\/wpguerssen-test.odoo.rgbconsulting.com\/es\/producto\/necropolitica\/#breadcrumb\"},\"inLanguage\":\"es\",\"potentialAction\":[{\"@type\":\"ReadAction\",\"target\":[\"https:\/\/wpguerssen-test.odoo.rgbconsulting.com\/es\/producto\/necropolitica\/\"]}]},{\"@type\":\"ImageObject\",\"inLanguage\":\"es\",\"@id\":\"https:\/\/wpguerssen-test.odoo.rgbconsulting.com\/es\/producto\/necropolitica\/#primaryimage\",\"url\":\"https:\/\/wpguerssen-test.odoo.rgbconsulting.com\/wp-content\/uploads\/2022\/10\/42134.jpg\",\"contentUrl\":\"https:\/\/wpguerssen-test.odoo.rgbconsulting.com\/wp-content\/uploads\/2022\/10\/42134.jpg\",\"width\":340,\"height\":248},{\"@type\":\"BreadcrumbList\",\"@id\":\"https:\/\/wpguerssen-test.odoo.rgbconsulting.com\/es\/producto\/necropolitica\/#breadcrumb\",\"itemListElement\":[{\"@type\":\"ListItem\",\"position\":1,\"name\":\"Inicio\",\"item\":\"https:\/\/wpguerssen-test.odoo.rgbconsulting.com\/es\/\"},{\"@type\":\"ListItem\",\"position\":2,\"name\":\"Shop\",\"item\":\"https:\/\/wpguerssen-test.odoo.rgbconsulting.com\/shop\/\"},{\"@type\":\"ListItem\",\"position\":3,\"name\":\"Necropolitica\"}]},{\"@type\":\"WebSite\",\"@id\":\"https:\/\/wpguerssen-test.odoo.rgbconsulting.com\/es\/#website\",\"url\":\"https:\/\/wpguerssen-test.odoo.rgbconsulting.com\/es\/\",\"name\":\"Guerssen records\",\"description\":\"psychedelia - progressive - folk - garage \",\"publisher\":{\"@id\":\"https:\/\/wpguerssen-test.odoo.rgbconsulting.com\/es\/#organization\"},\"potentialAction\":[{\"@type\":\"SearchAction\",\"target\":{\"@type\":\"EntryPoint\",\"urlTemplate\":\"https:\/\/wpguerssen-test.odoo.rgbconsulting.com\/es\/?s={search_term_string}\"},\"query-input\":{\"@type\":\"PropertyValueSpecification\",\"valueRequired\":true,\"valueName\":\"search_term_string\"}}],\"inLanguage\":\"es\"},{\"@type\":\"Organization\",\"@id\":\"https:\/\/wpguerssen-test.odoo.rgbconsulting.com\/es\/#organization\",\"name\":\"Guerssen records\",\"url\":\"https:\/\/wpguerssen-test.odoo.rgbconsulting.com\/es\/\",\"logo\":{\"@type\":\"ImageObject\",\"inLanguage\":\"es\",\"@id\":\"https:\/\/wpguerssen-test.odoo.rgbconsulting.com\/es\/#\/schema\/logo\/image\/\",\"url\":\"https:\/\/wpguerssen-test.odoo.rgbconsulting.com\/wp-content\/uploads\/2022\/04\/Logo_Guerssen_trans_100.png\",\"contentUrl\":\"https:\/\/wpguerssen-test.odoo.rgbconsulting.com\/wp-content\/uploads\/2022\/04\/Logo_Guerssen_trans_100.png\",\"width\":122,\"height\":100,\"caption\":\"Guerssen records\"},\"image\":{\"@id\":\"https:\/\/wpguerssen-test.odoo.rgbconsulting.com\/es\/#\/schema\/logo\/image\/\"}}]}<\/script>\n<!-- \/ Yoast SEO plugin. -->","yoast_head_json":{"title":"RATOS DE PORAO - Necropolitica -  (LP) | Guerssen","description":"Brand new studio album!The return of Brazil's undisputed Thrash-Punk masters!8 years after the acclaimed \"Seculo sinistro\", RxDxPx are back with another slab of relentless, intense and socially engaged Crossover Thrash in their unmistakable style, this time with a stronger-than-ever political message reflecting their absolute contempt against the authoritarian government that has plagued Brazil in recent years. Musically, with a career spanning through 5 decades, RATOS DE PORAO show no sign of weakening and reconfirm themselves as the absolute champions of South American Hardcore! 10 songs full of Metal and Punk mayhem keeping it fresh and dynamic at the same time, led by Jao's manic riffing and Gordo's massive,vitriolic shouts of rage. With no doubts the world's most famous basement rats have nailed it another time with a devastating album, still sounding exciting and relevant, which is an amazing achievement in Punk that most other bands of that age can't claim!Housed in a full glossy gatefold jacket with 12\u00bfx12\u00bf booklet.","robots":{"index":"index","follow":"follow","max-snippet":"max-snippet:-1","max-image-preview":"max-image-preview:large","max-video-preview":"max-video-preview:-1"},"canonical":"https:\/\/wpguerssen-test.odoo.rgbconsulting.com\/es\/producto\/necropolitica\/","og_locale":"es_ES","og_type":"article","og_title":"RATOS DE PORAO - Necropolitica -  (LP) | Guerssen","og_description":"Brand new studio album!The return of Brazil's undisputed Thrash-Punk masters!8 years after the acclaimed \"Seculo sinistro\", RxDxPx are back with another slab of relentless, intense and socially engaged Crossover Thrash in their unmistakable style, this time with a stronger-than-ever political message reflecting their absolute contempt against the authoritarian government that has plagued Brazil in recent years. Musically, with a career spanning through 5 decades, RATOS DE PORAO show no sign of weakening and reconfirm themselves as the absolute champions of South American Hardcore! 10 songs full of Metal and Punk mayhem keeping it fresh and dynamic at the same time, led by Jao's manic riffing and Gordo's massive,vitriolic shouts of rage. With no doubts the world's most famous basement rats have nailed it another time with a devastating album, still sounding exciting and relevant, which is an amazing achievement in Punk that most other bands of that age can't claim!Housed in a full glossy gatefold jacket with 12\u00bfx12\u00bf booklet.","og_url":"https:\/\/wpguerssen-test.odoo.rgbconsulting.com\/es\/producto\/necropolitica\/","og_site_name":"Guerssen records","article_modified_time":"2024-02-21T13:54:57+00:00","og_image":[{"width":340,"height":248,"url":"https:\/\/wpguerssen-test.odoo.rgbconsulting.com\/wp-content\/uploads\/2022\/10\/42134.jpg","type":"image\/jpeg"}],"twitter_card":"summary_large_image","twitter_title":"RATOS DE PORAO - Necropolitica -  (LP) | Guerssen","schema":{"@context":"https:\/\/schema.org","@graph":[{"@type":"WebPage","@id":"https:\/\/wpguerssen-test.odoo.rgbconsulting.com\/es\/producto\/necropolitica\/","url":"https:\/\/wpguerssen-test.odoo.rgbconsulting.com\/es\/producto\/necropolitica\/","name":"RATOS DE PORAO - Necropolitica - (LP) | Guerssen","isPartOf":{"@id":"https:\/\/wpguerssen-test.odoo.rgbconsulting.com\/es\/#website"},"primaryImageOfPage":{"@id":"https:\/\/wpguerssen-test.odoo.rgbconsulting.com\/es\/producto\/necropolitica\/#primaryimage"},"image":{"@id":"https:\/\/wpguerssen-test.odoo.rgbconsulting.com\/es\/producto\/necropolitica\/#primaryimage"},"thumbnailUrl":"https:\/\/wpguerssen-test.odoo.rgbconsulting.com\/wp-content\/uploads\/2022\/10\/42134.jpg","datePublished":"2022-11-09T23:00:00+00:00","dateModified":"2024-02-21T13:54:57+00:00","description":"Brand new studio album!The return of Brazil's undisputed Thrash-Punk masters!8 years after the acclaimed \"Seculo sinistro\", RxDxPx are back with another slab of relentless, intense and socially engaged Crossover Thrash in their unmistakable style, this time with a stronger-than-ever political message reflecting their absolute contempt against the authoritarian government that has plagued Brazil in recent years. Musically, with a career spanning through 5 decades, RATOS DE PORAO show no sign of weakening and reconfirm themselves as the absolute champions of South American Hardcore! 10 songs full of Metal and Punk mayhem keeping it fresh and dynamic at the same time, led by Jao's manic riffing and Gordo's massive,vitriolic shouts of rage. With no doubts the world's most famous basement rats have nailed it another time with a devastating album, still sounding exciting and relevant, which is an amazing achievement in Punk that most other bands of that age can't claim!Housed in a full glossy gatefold jacket with 12\u00bfx12\u00bf booklet.","breadcrumb":{"@id":"https:\/\/wpguerssen-test.odoo.rgbconsulting.com\/es\/producto\/necropolitica\/#breadcrumb"},"inLanguage":"es","potentialAction":[{"@type":"ReadAction","target":["https:\/\/wpguerssen-test.odoo.rgbconsulting.com\/es\/producto\/necropolitica\/"]}]},{"@type":"ImageObject","inLanguage":"es","@id":"https:\/\/wpguerssen-test.odoo.rgbconsulting.com\/es\/producto\/necropolitica\/#primaryimage","url":"https:\/\/wpguerssen-test.odoo.rgbconsulting.com\/wp-content\/uploads\/2022\/10\/42134.jpg","contentUrl":"https:\/\/wpguerssen-test.odoo.rgbconsulting.com\/wp-content\/uploads\/2022\/10\/42134.jpg","width":340,"height":248},{"@type":"BreadcrumbList","@id":"https:\/\/wpguerssen-test.odoo.rgbconsulting.com\/es\/producto\/necropolitica\/#breadcrumb","itemListElement":[{"@type":"ListItem","position":1,"name":"Inicio","item":"https:\/\/wpguerssen-test.odoo.rgbconsulting.com\/es\/"},{"@type":"ListItem","position":2,"name":"Shop","item":"https:\/\/wpguerssen-test.odoo.rgbconsulting.com\/shop\/"},{"@type":"ListItem","position":3,"name":"Necropolitica"}]},{"@type":"WebSite","@id":"https:\/\/wpguerssen-test.odoo.rgbconsulting.com\/es\/#website","url":"https:\/\/wpguerssen-test.odoo.rgbconsulting.com\/es\/","name":"Guerssen records","description":"psychedelia - progressive - folk - garage ","publisher":{"@id":"https:\/\/wpguerssen-test.odoo.rgbconsulting.com\/es\/#organization"},"potentialAction":[{"@type":"SearchAction","target":{"@type":"EntryPoint","urlTemplate":"https:\/\/wpguerssen-test.odoo.rgbconsulting.com\/es\/?s={search_term_string}"},"query-input":{"@type":"PropertyValueSpecification","valueRequired":true,"valueName":"search_term_string"}}],"inLanguage":"es"},{"@type":"Organization","@id":"https:\/\/wpguerssen-test.odoo.rgbconsulting.com\/es\/#organization","name":"Guerssen records","url":"https:\/\/wpguerssen-test.odoo.rgbconsulting.com\/es\/","logo":{"@type":"ImageObject","inLanguage":"es","@id":"https:\/\/wpguerssen-test.odoo.rgbconsulting.com\/es\/#\/schema\/logo\/image\/","url":"https:\/\/wpguerssen-test.odoo.rgbconsulting.com\/wp-content\/uploads\/2022\/04\/Logo_Guerssen_trans_100.png","contentUrl":"https:\/\/wpguerssen-test.odoo.rgbconsulting.com\/wp-content\/uploads\/2022\/04\/Logo_Guerssen_trans_100.png","width":122,"height":100,"caption":"Guerssen records"},"image":{"@id":"https:\/\/wpguerssen-test.odoo.rgbconsulting.com\/es\/#\/schema\/logo\/image\/"}}]}},"_links":{"self":[{"href":"https:\/\/wpguerssen-test.odoo.rgbconsulting.com\/es\/wp-json\/wp\/v2\/product\/219783","targetHints":{"allow":["GET"]}}],"collection":[{"href":"https:\/\/wpguerssen-test.odoo.rgbconsulting.com\/es\/wp-json\/wp\/v2\/product"}],"about":[{"href":"https:\/\/wpguerssen-test.odoo.rgbconsulting.com\/es\/wp-json\/wp\/v2\/types\/product"}],"wp:featuredmedia":[{"embeddable":true,"href":"https:\/\/wpguerssen-test.odoo.rgbconsulting.com\/es\/wp-json\/wp\/v2\/media\/219751"}],"wp:attachment":[{"href":"https:\/\/wpguerssen-test.odoo.rgbconsulting.com\/es\/wp-json\/wp\/v2\/media?parent=219783"}],"wp:term":[{"taxonomy":"product_brand","embeddable":true,"href":"https:\/\/wpguerssen-test.odoo.rgbconsulting.com\/es\/wp-json\/wp\/v2\/product_brand?post=219783"},{"taxonomy":"product_cat","embeddable":true,"href":"https:\/\/wpguerssen-test.odoo.rgbconsulting.com\/es\/wp-json\/wp\/v2\/product_cat?post=219783"},{"taxonomy":"product_tag","embeddable":true,"href":"https:\/\/wpguerssen-test.odoo.rgbconsulting.com\/es\/wp-json\/wp\/v2\/product_tag?post=219783"}],"curies":[{"name":"wp","href":"https:\/\/api.w.org\/{rel}","templated":true}]}}