{"id":219851,"date":"2020-11-25T00:00:00","date_gmt":"2020-11-24T23:00:00","guid":{"rendered":"https:\/\/wpguerssen-test.odoo.rgbconsulting.com\/product\/sabba\/"},"modified":"2025-03-20T16:34:06","modified_gmt":"2025-03-20T15:34:06","slug":"sabba","status":"publish","type":"product","link":"https:\/\/wpguerssen-test.odoo.rgbconsulting.com\/es\/producto\/sabba\/","title":{"rendered":"Sabba"},"content":{"rendered":"<p>Grabado en 1975, este es el seguimiento ideal del Tardo Pede de Jacula en Magiam Versus. Fiamma Dallo Spirito fue el vocalista principal del \u00e1lbum Jacula y Federico Bergamini escribi\u00f3 la mayor parte de la m\u00fasica. Bergamini y Fiamma, junto con algunos m\u00fasicos invitados, grabaron \u00abSabba\u00bb en 1975, que permaneci\u00f3 oculto durante casi 50 a\u00f1os. Damnation, Mystery, Magic son los temas principales de este \u00e1lbum conceptual donde el ser humano se pierde en el agujero negro de la condenaci\u00f3n buscando desesperadamente la salvaci\u00f3n. La historia deber\u00eda escribirse de nuevo&#8230; Sabba se estrenar\u00e1 el 14 de noviembre de 2022 exactamente despu\u00e9s de 47 a\u00f1os desde la fecha de la cinta original.<\/p>\n","protected":false},"excerpt":{"rendered":"<p>Grabado en 1975, este es el seguimiento ideal del Tardo Pede de Jacula en Magiam Versus. Fiamma Dallo Spirito fue el vocalista principal del \u00e1lbum Jacula y Federico<a class=\"read\" href=\"https:\/\/wpguerssen-test.odoo.rgbconsulting.com\/es\/producto\/sabba\/\"> (...)<\/a>","protected":false},"featured_media":219833,"template":"","meta":{"_acf_changed":false},"product_brand":[],"product_cat":[23215],"product_tag":[],"class_list":{"0":"post-219851","1":"product","2":"type-product","3":"status-publish","4":"has-post-thumbnail","6":"product_cat-progressive60s-70s-es","7":"pa_artist-fiamma-dallo-spirito","8":"pa_format-lp-es","9":"pa_gender-progressive60s-70s","10":"pa_label-black-widow","11":"pa_location-europe-es","12":"pa_other-filters-vinyl-only-es","14":"first","15":"instock","16":"taxable","17":"shipping-taxable","18":"purchasable","19":"product-type-simple"},"acf":[],"yoast_head":"<!-- This site is optimized with the Yoast SEO plugin v24.9 - https:\/\/yoast.com\/wordpress\/plugins\/seo\/ -->\n<title>FIAMMA DALLO SPIRITO - Sabba -  (LP) | Guerssen<\/title>\n<meta name=\"description\" content=\"Recorded in 1975 this is the ideal following of Jacula&#039;s Tardo Pede in Magiam Versus. Fiamma Dallo Spirito was the Lead Vocalist of the Jacula album and Federico Bergamini wrote most of the music.. Bergamini and Fiamma, together with some guest musicians, recorded &quot;Sabba&quot; in 1975 which remained hidden for almost 50 years. Damnation, Mystery, Magic are the main themes of this concept album where the human being gets lost in the black hole of damnation searching desperately for salvation. The story should be written again...Sabba will be released on 14th of November, 2022 exactly after 47 years from the date of the original tape.\" \/>\n<meta name=\"robots\" content=\"index, follow, max-snippet:-1, max-image-preview:large, max-video-preview:-1\" \/>\n<link rel=\"canonical\" href=\"https:\/\/wpguerssen-test.odoo.rgbconsulting.com\/es\/producto\/sabba\/\" \/>\n<meta property=\"og:locale\" content=\"es_ES\" \/>\n<meta property=\"og:type\" content=\"article\" \/>\n<meta property=\"og:title\" content=\"FIAMMA DALLO SPIRITO - Sabba -  (LP) | Guerssen\" \/>\n<meta property=\"og:description\" content=\"Recorded in 1975 this is the ideal following of Jacula&#039;s Tardo Pede in Magiam Versus. Fiamma Dallo Spirito was the Lead Vocalist of the Jacula album and Federico Bergamini wrote most of the music.. Bergamini and Fiamma, together with some guest musicians, recorded &quot;Sabba&quot; in 1975 which remained hidden for almost 50 years. Damnation, Mystery, Magic are the main themes of this concept album where the human being gets lost in the black hole of damnation searching desperately for salvation. The story should be written again...Sabba will be released on 14th of November, 2022 exactly after 47 years from the date of the original tape.\" \/>\n<meta property=\"og:url\" content=\"https:\/\/wpguerssen-test.odoo.rgbconsulting.com\/es\/producto\/sabba\/\" \/>\n<meta property=\"og:site_name\" content=\"Guerssen records\" \/>\n<meta property=\"article:modified_time\" content=\"2025-03-20T15:34:06+00:00\" \/>\n<meta property=\"og:image\" content=\"https:\/\/wpguerssen-test.odoo.rgbconsulting.com\/wp-content\/uploads\/2022\/10\/42150.jpg\" \/>\n\t<meta property=\"og:image:width\" content=\"437\" \/>\n\t<meta property=\"og:image:height\" content=\"437\" \/>\n\t<meta property=\"og:image:type\" content=\"image\/jpeg\" \/>\n<meta name=\"twitter:card\" content=\"summary_large_image\" \/>\n<meta name=\"twitter:title\" content=\"FIAMMA DALLO SPIRITO - Sabba -  (LP) | Guerssen\" \/>\n<meta name=\"twitter:label1\" content=\"Tiempo de lectura\" \/>\n\t<meta name=\"twitter:data1\" content=\"1 minuto\" \/>\n<script type=\"application\/ld+json\" class=\"yoast-schema-graph\">{\"@context\":\"https:\/\/schema.org\",\"@graph\":[{\"@type\":\"WebPage\",\"@id\":\"https:\/\/wpguerssen-test.odoo.rgbconsulting.com\/es\/producto\/sabba\/\",\"url\":\"https:\/\/wpguerssen-test.odoo.rgbconsulting.com\/es\/producto\/sabba\/\",\"name\":\"FIAMMA DALLO SPIRITO - Sabba - (LP) | Guerssen\",\"isPartOf\":{\"@id\":\"https:\/\/wpguerssen-test.odoo.rgbconsulting.com\/es\/#website\"},\"primaryImageOfPage\":{\"@id\":\"https:\/\/wpguerssen-test.odoo.rgbconsulting.com\/es\/producto\/sabba\/#primaryimage\"},\"image\":{\"@id\":\"https:\/\/wpguerssen-test.odoo.rgbconsulting.com\/es\/producto\/sabba\/#primaryimage\"},\"thumbnailUrl\":\"https:\/\/wpguerssen-test.odoo.rgbconsulting.com\/wp-content\/uploads\/2022\/10\/42150.jpg\",\"datePublished\":\"2020-11-24T23:00:00+00:00\",\"dateModified\":\"2025-03-20T15:34:06+00:00\",\"description\":\"Recorded in 1975 this is the ideal following of Jacula's Tardo Pede in Magiam Versus. Fiamma Dallo Spirito was the Lead Vocalist of the Jacula album and Federico Bergamini wrote most of the music.. Bergamini and Fiamma, together with some guest musicians, recorded \\\"Sabba\\\" in 1975 which remained hidden for almost 50 years. Damnation, Mystery, Magic are the main themes of this concept album where the human being gets lost in the black hole of damnation searching desperately for salvation. The story should be written again...Sabba will be released on 14th of November, 2022 exactly after 47 years from the date of the original tape.\",\"breadcrumb\":{\"@id\":\"https:\/\/wpguerssen-test.odoo.rgbconsulting.com\/es\/producto\/sabba\/#breadcrumb\"},\"inLanguage\":\"es\",\"potentialAction\":[{\"@type\":\"ReadAction\",\"target\":[\"https:\/\/wpguerssen-test.odoo.rgbconsulting.com\/es\/producto\/sabba\/\"]}]},{\"@type\":\"ImageObject\",\"inLanguage\":\"es\",\"@id\":\"https:\/\/wpguerssen-test.odoo.rgbconsulting.com\/es\/producto\/sabba\/#primaryimage\",\"url\":\"https:\/\/wpguerssen-test.odoo.rgbconsulting.com\/wp-content\/uploads\/2022\/10\/42150.jpg\",\"contentUrl\":\"https:\/\/wpguerssen-test.odoo.rgbconsulting.com\/wp-content\/uploads\/2022\/10\/42150.jpg\",\"width\":437,\"height\":437},{\"@type\":\"BreadcrumbList\",\"@id\":\"https:\/\/wpguerssen-test.odoo.rgbconsulting.com\/es\/producto\/sabba\/#breadcrumb\",\"itemListElement\":[{\"@type\":\"ListItem\",\"position\":1,\"name\":\"Inicio\",\"item\":\"https:\/\/wpguerssen-test.odoo.rgbconsulting.com\/es\/\"},{\"@type\":\"ListItem\",\"position\":2,\"name\":\"Shop\",\"item\":\"https:\/\/wpguerssen-test.odoo.rgbconsulting.com\/shop\/\"},{\"@type\":\"ListItem\",\"position\":3,\"name\":\"Sabba\"}]},{\"@type\":\"WebSite\",\"@id\":\"https:\/\/wpguerssen-test.odoo.rgbconsulting.com\/es\/#website\",\"url\":\"https:\/\/wpguerssen-test.odoo.rgbconsulting.com\/es\/\",\"name\":\"Guerssen records\",\"description\":\"psychedelia - progressive - folk - garage \",\"publisher\":{\"@id\":\"https:\/\/wpguerssen-test.odoo.rgbconsulting.com\/es\/#organization\"},\"potentialAction\":[{\"@type\":\"SearchAction\",\"target\":{\"@type\":\"EntryPoint\",\"urlTemplate\":\"https:\/\/wpguerssen-test.odoo.rgbconsulting.com\/es\/?s={search_term_string}\"},\"query-input\":{\"@type\":\"PropertyValueSpecification\",\"valueRequired\":true,\"valueName\":\"search_term_string\"}}],\"inLanguage\":\"es\"},{\"@type\":\"Organization\",\"@id\":\"https:\/\/wpguerssen-test.odoo.rgbconsulting.com\/es\/#organization\",\"name\":\"Guerssen records\",\"url\":\"https:\/\/wpguerssen-test.odoo.rgbconsulting.com\/es\/\",\"logo\":{\"@type\":\"ImageObject\",\"inLanguage\":\"es\",\"@id\":\"https:\/\/wpguerssen-test.odoo.rgbconsulting.com\/es\/#\/schema\/logo\/image\/\",\"url\":\"https:\/\/wpguerssen-test.odoo.rgbconsulting.com\/wp-content\/uploads\/2022\/04\/Logo_Guerssen_trans_100.png\",\"contentUrl\":\"https:\/\/wpguerssen-test.odoo.rgbconsulting.com\/wp-content\/uploads\/2022\/04\/Logo_Guerssen_trans_100.png\",\"width\":122,\"height\":100,\"caption\":\"Guerssen records\"},\"image\":{\"@id\":\"https:\/\/wpguerssen-test.odoo.rgbconsulting.com\/es\/#\/schema\/logo\/image\/\"}}]}<\/script>\n<!-- \/ Yoast SEO plugin. -->","yoast_head_json":{"title":"FIAMMA DALLO SPIRITO - Sabba -  (LP) | Guerssen","description":"Recorded in 1975 this is the ideal following of Jacula's Tardo Pede in Magiam Versus. Fiamma Dallo Spirito was the Lead Vocalist of the Jacula album and Federico Bergamini wrote most of the music.. Bergamini and Fiamma, together with some guest musicians, recorded \"Sabba\" in 1975 which remained hidden for almost 50 years. Damnation, Mystery, Magic are the main themes of this concept album where the human being gets lost in the black hole of damnation searching desperately for salvation. The story should be written again...Sabba will be released on 14th of November, 2022 exactly after 47 years from the date of the original tape.","robots":{"index":"index","follow":"follow","max-snippet":"max-snippet:-1","max-image-preview":"max-image-preview:large","max-video-preview":"max-video-preview:-1"},"canonical":"https:\/\/wpguerssen-test.odoo.rgbconsulting.com\/es\/producto\/sabba\/","og_locale":"es_ES","og_type":"article","og_title":"FIAMMA DALLO SPIRITO - Sabba -  (LP) | Guerssen","og_description":"Recorded in 1975 this is the ideal following of Jacula's Tardo Pede in Magiam Versus. Fiamma Dallo Spirito was the Lead Vocalist of the Jacula album and Federico Bergamini wrote most of the music.. Bergamini and Fiamma, together with some guest musicians, recorded \"Sabba\" in 1975 which remained hidden for almost 50 years. Damnation, Mystery, Magic are the main themes of this concept album where the human being gets lost in the black hole of damnation searching desperately for salvation. The story should be written again...Sabba will be released on 14th of November, 2022 exactly after 47 years from the date of the original tape.","og_url":"https:\/\/wpguerssen-test.odoo.rgbconsulting.com\/es\/producto\/sabba\/","og_site_name":"Guerssen records","article_modified_time":"2025-03-20T15:34:06+00:00","og_image":[{"width":437,"height":437,"url":"https:\/\/wpguerssen-test.odoo.rgbconsulting.com\/wp-content\/uploads\/2022\/10\/42150.jpg","type":"image\/jpeg"}],"twitter_card":"summary_large_image","twitter_title":"FIAMMA DALLO SPIRITO - Sabba -  (LP) | Guerssen","twitter_misc":{"Tiempo de lectura":"1 minuto"},"schema":{"@context":"https:\/\/schema.org","@graph":[{"@type":"WebPage","@id":"https:\/\/wpguerssen-test.odoo.rgbconsulting.com\/es\/producto\/sabba\/","url":"https:\/\/wpguerssen-test.odoo.rgbconsulting.com\/es\/producto\/sabba\/","name":"FIAMMA DALLO SPIRITO - Sabba - (LP) | Guerssen","isPartOf":{"@id":"https:\/\/wpguerssen-test.odoo.rgbconsulting.com\/es\/#website"},"primaryImageOfPage":{"@id":"https:\/\/wpguerssen-test.odoo.rgbconsulting.com\/es\/producto\/sabba\/#primaryimage"},"image":{"@id":"https:\/\/wpguerssen-test.odoo.rgbconsulting.com\/es\/producto\/sabba\/#primaryimage"},"thumbnailUrl":"https:\/\/wpguerssen-test.odoo.rgbconsulting.com\/wp-content\/uploads\/2022\/10\/42150.jpg","datePublished":"2020-11-24T23:00:00+00:00","dateModified":"2025-03-20T15:34:06+00:00","description":"Recorded in 1975 this is the ideal following of Jacula's Tardo Pede in Magiam Versus. Fiamma Dallo Spirito was the Lead Vocalist of the Jacula album and Federico Bergamini wrote most of the music.. Bergamini and Fiamma, together with some guest musicians, recorded \"Sabba\" in 1975 which remained hidden for almost 50 years. Damnation, Mystery, Magic are the main themes of this concept album where the human being gets lost in the black hole of damnation searching desperately for salvation. The story should be written again...Sabba will be released on 14th of November, 2022 exactly after 47 years from the date of the original tape.","breadcrumb":{"@id":"https:\/\/wpguerssen-test.odoo.rgbconsulting.com\/es\/producto\/sabba\/#breadcrumb"},"inLanguage":"es","potentialAction":[{"@type":"ReadAction","target":["https:\/\/wpguerssen-test.odoo.rgbconsulting.com\/es\/producto\/sabba\/"]}]},{"@type":"ImageObject","inLanguage":"es","@id":"https:\/\/wpguerssen-test.odoo.rgbconsulting.com\/es\/producto\/sabba\/#primaryimage","url":"https:\/\/wpguerssen-test.odoo.rgbconsulting.com\/wp-content\/uploads\/2022\/10\/42150.jpg","contentUrl":"https:\/\/wpguerssen-test.odoo.rgbconsulting.com\/wp-content\/uploads\/2022\/10\/42150.jpg","width":437,"height":437},{"@type":"BreadcrumbList","@id":"https:\/\/wpguerssen-test.odoo.rgbconsulting.com\/es\/producto\/sabba\/#breadcrumb","itemListElement":[{"@type":"ListItem","position":1,"name":"Inicio","item":"https:\/\/wpguerssen-test.odoo.rgbconsulting.com\/es\/"},{"@type":"ListItem","position":2,"name":"Shop","item":"https:\/\/wpguerssen-test.odoo.rgbconsulting.com\/shop\/"},{"@type":"ListItem","position":3,"name":"Sabba"}]},{"@type":"WebSite","@id":"https:\/\/wpguerssen-test.odoo.rgbconsulting.com\/es\/#website","url":"https:\/\/wpguerssen-test.odoo.rgbconsulting.com\/es\/","name":"Guerssen records","description":"psychedelia - progressive - folk - garage ","publisher":{"@id":"https:\/\/wpguerssen-test.odoo.rgbconsulting.com\/es\/#organization"},"potentialAction":[{"@type":"SearchAction","target":{"@type":"EntryPoint","urlTemplate":"https:\/\/wpguerssen-test.odoo.rgbconsulting.com\/es\/?s={search_term_string}"},"query-input":{"@type":"PropertyValueSpecification","valueRequired":true,"valueName":"search_term_string"}}],"inLanguage":"es"},{"@type":"Organization","@id":"https:\/\/wpguerssen-test.odoo.rgbconsulting.com\/es\/#organization","name":"Guerssen records","url":"https:\/\/wpguerssen-test.odoo.rgbconsulting.com\/es\/","logo":{"@type":"ImageObject","inLanguage":"es","@id":"https:\/\/wpguerssen-test.odoo.rgbconsulting.com\/es\/#\/schema\/logo\/image\/","url":"https:\/\/wpguerssen-test.odoo.rgbconsulting.com\/wp-content\/uploads\/2022\/04\/Logo_Guerssen_trans_100.png","contentUrl":"https:\/\/wpguerssen-test.odoo.rgbconsulting.com\/wp-content\/uploads\/2022\/04\/Logo_Guerssen_trans_100.png","width":122,"height":100,"caption":"Guerssen records"},"image":{"@id":"https:\/\/wpguerssen-test.odoo.rgbconsulting.com\/es\/#\/schema\/logo\/image\/"}}]}},"_links":{"self":[{"href":"https:\/\/wpguerssen-test.odoo.rgbconsulting.com\/es\/wp-json\/wp\/v2\/product\/219851","targetHints":{"allow":["GET"]}}],"collection":[{"href":"https:\/\/wpguerssen-test.odoo.rgbconsulting.com\/es\/wp-json\/wp\/v2\/product"}],"about":[{"href":"https:\/\/wpguerssen-test.odoo.rgbconsulting.com\/es\/wp-json\/wp\/v2\/types\/product"}],"wp:featuredmedia":[{"embeddable":true,"href":"https:\/\/wpguerssen-test.odoo.rgbconsulting.com\/es\/wp-json\/wp\/v2\/media\/219833"}],"wp:attachment":[{"href":"https:\/\/wpguerssen-test.odoo.rgbconsulting.com\/es\/wp-json\/wp\/v2\/media?parent=219851"}],"wp:term":[{"taxonomy":"product_brand","embeddable":true,"href":"https:\/\/wpguerssen-test.odoo.rgbconsulting.com\/es\/wp-json\/wp\/v2\/product_brand?post=219851"},{"taxonomy":"product_cat","embeddable":true,"href":"https:\/\/wpguerssen-test.odoo.rgbconsulting.com\/es\/wp-json\/wp\/v2\/product_cat?post=219851"},{"taxonomy":"product_tag","embeddable":true,"href":"https:\/\/wpguerssen-test.odoo.rgbconsulting.com\/es\/wp-json\/wp\/v2\/product_tag?post=219851"}],"curies":[{"name":"wp","href":"https:\/\/api.w.org\/{rel}","templated":true}]}}