{"id":220049,"date":"2022-11-12T00:00:00","date_gmt":"2022-11-11T23:00:00","guid":{"rendered":"https:\/\/wpguerssen-test.odoo.rgbconsulting.com\/product\/ars-nova\/"},"modified":"2024-05-14T10:38:22","modified_gmt":"2024-05-14T08:38:22","slug":"ars-nova","status":"publish","type":"product","link":"https:\/\/wpguerssen-test.odoo.rgbconsulting.com\/es\/producto\/ars-nova\/","title":{"rendered":"Ars nova"},"content":{"rendered":"<p>Ars Nova fue una banda estadounidense de rock psicod\u00e9lico\/progresivo que actu\u00f3 y grab\u00f3 entre 1967 y 1969. Grabaron dos \u00e1lbumes, el primero fue un \u00e1lbum hom\u00f3nimo de 1968 para el sello Elektra, en el que el personal estaba compuesto por Wyatt Day (guitarra, voz, piano, \u00f3rgano), John Pierson (voz, tromb\u00f3n), Maury Baker (\u00f3rgano, percusi\u00f3n), Giovanni Papalia (guitarra principal), Bill Folwell (trompeta, bajo, voz) y Jonathan Raskin (bajo, guitarra, voz). El \u00e1lbum fue producido por Paul Rothchild y Arthur Gorson.  Sin duda, uno de los mejores primeros \u00e1lbumes progresivos y una aut\u00e9ntica joya. Remasterizado a partir del master, buen sonido.<\/p>\n","protected":false},"excerpt":{"rendered":"<p>Ars Nova fue una banda estadounidense de rock psicod\u00e9lico\/progresivo que actu\u00f3 y grab\u00f3 entre 1967 y 1969. Grabaron dos \u00e1lbumes, el primero fue un \u00e1lbum hom\u00f3nimo<a class=\"read\" href=\"https:\/\/wpguerssen-test.odoo.rgbconsulting.com\/es\/producto\/ars-nova\/\"> (...)<\/a>","protected":false},"featured_media":220717,"template":"","meta":{"_acf_changed":false},"product_brand":[],"product_cat":[21639,23271],"product_tag":[],"class_list":{"0":"post-220049","1":"product","2":"type-product","3":"status-publish","4":"has-post-thumbnail","6":"product_cat-psychedelic60s-70s-es","7":"product_cat-folk-60s-70s-es","8":"pa_artist-ars-nova","9":"pa_format-lp-es","10":"pa_gender-psychedelic60s-70s-folk-60s-70s","11":"pa_label-long-hair-es","12":"pa_location-north-america-es","13":"pa_other-filters-vinyl-only-es","15":"first","16":"instock","17":"taxable","18":"shipping-taxable","19":"purchasable","20":"product-type-simple"},"acf":[],"yoast_head":"<!-- This site is optimized with the Yoast SEO plugin v24.9 - https:\/\/yoast.com\/wordpress\/plugins\/seo\/ -->\n<title>ARS NOVA - Ars nova -  (LP) | Guerssen<\/title>\n<meta name=\"description\" content=\"Ars Nova was an American psychedelic\/progressive rock band that performed and recorded from 1967 to 1969. They recorded two albums. The first was a 1968 self-titled album for the Elektra label, on which the personnel comprised Wyatt Day (guitar, vocals, piano, organ), John Pierson (vocal, trombone), Maury Baker (organ, percussion), Giovanni Papalia (lead guitar), Bill Folwell (trumpet, bass, vocals), and Jonathan Raskin (bass, guitar, vocals). The album was produced by Paul Rothchild and Arthur Gorson. On their first album Ars Nova write lovely tunes and the whole album does, surprisingly enough, not become as pretentious as it could have been, the name of the band notwithstanding. Two of the tracks even get covered (&#039;Fields Of People&#039; by The Move and &#039;I Wrapped Her In Ribbons&#039; by Galliard, both U.K. bands!). Other highlights include &#039;March Of The Mad Duke&#039;s Circus,&#039; with vaguely renaissance- like harmonies and &#039;General Clover End A War,&#039; a bitter and driven satire on military affairs. &#039;Automatic Love&#039; contains a Dixieland part, while &#039;I Wrapped Her In Ribbons&#039; begins with beautiful choral singing before it becomes a ballad underscored by baroque acoustic guitar. &#039;Song To The City&#039; has a nice church organ intro. Besides that, there are many baroque elements, even to the point of counterpoint. Great, for example, the interplay of trumpet and acoustic guitar on &#039;Pavan For My Lady,&#039; in quiet 6\/8 time (which one can argue would later become the progressive rock beat par excellence). At that time a highlight was certainly the interesting adaptation of the beginning of &#039;Also Sprach Zarathustra,&#039; which is not simply replayed here, but becomes the occasion for own, partly very humorous, further developments of the theme in Beat sound of the late &#039;60s. Most tracks were penned by Wyatt Day sometimes helped by John Pierson. Certainly, one of the best early prog albums and an absolute gem! The album comes as an original reproduction of the US-cover (gatefold sleeve) with all lyrics, band story, rare photos in a 4 sided cover sized insert sheet. Remastered from a master copy out of the vaults of Warner Music. Brillant sounding! This is a real jewel of US psychedelic music. An absolute classic. Don&#039;t miss it.\" \/>\n<meta name=\"robots\" content=\"index, follow, max-snippet:-1, max-image-preview:large, max-video-preview:-1\" \/>\n<link rel=\"canonical\" href=\"https:\/\/wpguerssen-test.odoo.rgbconsulting.com\/es\/producto\/ars-nova\/\" \/>\n<meta property=\"og:locale\" content=\"es_ES\" \/>\n<meta property=\"og:type\" content=\"article\" \/>\n<meta property=\"og:title\" content=\"ARS NOVA - Ars nova -  (LP) | Guerssen\" \/>\n<meta property=\"og:description\" content=\"Ars Nova was an American psychedelic\/progressive rock band that performed and recorded from 1967 to 1969. They recorded two albums. The first was a 1968 self-titled album for the Elektra label, on which the personnel comprised Wyatt Day (guitar, vocals, piano, organ), John Pierson (vocal, trombone), Maury Baker (organ, percussion), Giovanni Papalia (lead guitar), Bill Folwell (trumpet, bass, vocals), and Jonathan Raskin (bass, guitar, vocals). The album was produced by Paul Rothchild and Arthur Gorson. On their first album Ars Nova write lovely tunes and the whole album does, surprisingly enough, not become as pretentious as it could have been, the name of the band notwithstanding. Two of the tracks even get covered (&#039;Fields Of People&#039; by The Move and &#039;I Wrapped Her In Ribbons&#039; by Galliard, both U.K. bands!). Other highlights include &#039;March Of The Mad Duke&#039;s Circus,&#039; with vaguely renaissance- like harmonies and &#039;General Clover End A War,&#039; a bitter and driven satire on military affairs. &#039;Automatic Love&#039; contains a Dixieland part, while &#039;I Wrapped Her In Ribbons&#039; begins with beautiful choral singing before it becomes a ballad underscored by baroque acoustic guitar. &#039;Song To The City&#039; has a nice church organ intro. Besides that, there are many baroque elements, even to the point of counterpoint. Great, for example, the interplay of trumpet and acoustic guitar on &#039;Pavan For My Lady,&#039; in quiet 6\/8 time (which one can argue would later become the progressive rock beat par excellence). At that time a highlight was certainly the interesting adaptation of the beginning of &#039;Also Sprach Zarathustra,&#039; which is not simply replayed here, but becomes the occasion for own, partly very humorous, further developments of the theme in Beat sound of the late &#039;60s. Most tracks were penned by Wyatt Day sometimes helped by John Pierson. Certainly, one of the best early prog albums and an absolute gem! The album comes as an original reproduction of the US-cover (gatefold sleeve) with all lyrics, band story, rare photos in a 4 sided cover sized insert sheet. Remastered from a master copy out of the vaults of Warner Music. Brillant sounding! This is a real jewel of US psychedelic music. An absolute classic. Don&#039;t miss it.\" \/>\n<meta property=\"og:url\" content=\"https:\/\/wpguerssen-test.odoo.rgbconsulting.com\/es\/producto\/ars-nova\/\" \/>\n<meta property=\"og:site_name\" content=\"Guerssen records\" \/>\n<meta property=\"article:modified_time\" content=\"2024-05-14T08:38:22+00:00\" \/>\n<meta property=\"og:image\" content=\"https:\/\/wpguerssen-test.odoo.rgbconsulting.com\/wp-content\/uploads\/2022\/11\/42193.jpg\" \/>\n\t<meta property=\"og:image:width\" content=\"500\" \/>\n\t<meta property=\"og:image:height\" content=\"485\" \/>\n\t<meta property=\"og:image:type\" content=\"image\/jpeg\" \/>\n<meta name=\"twitter:card\" content=\"summary_large_image\" \/>\n<meta name=\"twitter:title\" content=\"ARS NOVA - Ars nova -  (LP) | Guerssen\" \/>\n<meta name=\"twitter:label1\" content=\"Tiempo de lectura\" \/>\n\t<meta name=\"twitter:data1\" content=\"1 minuto\" \/>\n<script type=\"application\/ld+json\" class=\"yoast-schema-graph\">{\"@context\":\"https:\/\/schema.org\",\"@graph\":[{\"@type\":\"WebPage\",\"@id\":\"https:\/\/wpguerssen-test.odoo.rgbconsulting.com\/es\/producto\/ars-nova\/\",\"url\":\"https:\/\/wpguerssen-test.odoo.rgbconsulting.com\/es\/producto\/ars-nova\/\",\"name\":\"ARS NOVA - Ars nova - (LP) | Guerssen\",\"isPartOf\":{\"@id\":\"https:\/\/wpguerssen-test.odoo.rgbconsulting.com\/es\/#website\"},\"primaryImageOfPage\":{\"@id\":\"https:\/\/wpguerssen-test.odoo.rgbconsulting.com\/es\/producto\/ars-nova\/#primaryimage\"},\"image\":{\"@id\":\"https:\/\/wpguerssen-test.odoo.rgbconsulting.com\/es\/producto\/ars-nova\/#primaryimage\"},\"thumbnailUrl\":\"https:\/\/wpguerssen-test.odoo.rgbconsulting.com\/wp-content\/uploads\/2022\/11\/42193.jpg\",\"datePublished\":\"2022-11-11T23:00:00+00:00\",\"dateModified\":\"2024-05-14T08:38:22+00:00\",\"description\":\"Ars Nova was an American psychedelic\/progressive rock band that performed and recorded from 1967 to 1969. They recorded two albums. The first was a 1968 self-titled album for the Elektra label, on which the personnel comprised Wyatt Day (guitar, vocals, piano, organ), John Pierson (vocal, trombone), Maury Baker (organ, percussion), Giovanni Papalia (lead guitar), Bill Folwell (trumpet, bass, vocals), and Jonathan Raskin (bass, guitar, vocals). The album was produced by Paul Rothchild and Arthur Gorson. On their first album Ars Nova write lovely tunes and the whole album does, surprisingly enough, not become as pretentious as it could have been, the name of the band notwithstanding. Two of the tracks even get covered ('Fields Of People' by The Move and 'I Wrapped Her In Ribbons' by Galliard, both U.K. bands!). Other highlights include 'March Of The Mad Duke's Circus,' with vaguely renaissance- like harmonies and 'General Clover End A War,' a bitter and driven satire on military affairs. 'Automatic Love' contains a Dixieland part, while 'I Wrapped Her In Ribbons' begins with beautiful choral singing before it becomes a ballad underscored by baroque acoustic guitar. 'Song To The City' has a nice church organ intro. Besides that, there are many baroque elements, even to the point of counterpoint. Great, for example, the interplay of trumpet and acoustic guitar on 'Pavan For My Lady,' in quiet 6\/8 time (which one can argue would later become the progressive rock beat par excellence). At that time a highlight was certainly the interesting adaptation of the beginning of 'Also Sprach Zarathustra,' which is not simply replayed here, but becomes the occasion for own, partly very humorous, further developments of the theme in Beat sound of the late '60s. Most tracks were penned by Wyatt Day sometimes helped by John Pierson. Certainly, one of the best early prog albums and an absolute gem! The album comes as an original reproduction of the US-cover (gatefold sleeve) with all lyrics, band story, rare photos in a 4 sided cover sized insert sheet. Remastered from a master copy out of the vaults of Warner Music. Brillant sounding! This is a real jewel of US psychedelic music. An absolute classic. Don't miss it.\",\"breadcrumb\":{\"@id\":\"https:\/\/wpguerssen-test.odoo.rgbconsulting.com\/es\/producto\/ars-nova\/#breadcrumb\"},\"inLanguage\":\"es\",\"potentialAction\":[{\"@type\":\"ReadAction\",\"target\":[\"https:\/\/wpguerssen-test.odoo.rgbconsulting.com\/es\/producto\/ars-nova\/\"]}]},{\"@type\":\"ImageObject\",\"inLanguage\":\"es\",\"@id\":\"https:\/\/wpguerssen-test.odoo.rgbconsulting.com\/es\/producto\/ars-nova\/#primaryimage\",\"url\":\"https:\/\/wpguerssen-test.odoo.rgbconsulting.com\/wp-content\/uploads\/2022\/11\/42193.jpg\",\"contentUrl\":\"https:\/\/wpguerssen-test.odoo.rgbconsulting.com\/wp-content\/uploads\/2022\/11\/42193.jpg\",\"width\":500,\"height\":485},{\"@type\":\"BreadcrumbList\",\"@id\":\"https:\/\/wpguerssen-test.odoo.rgbconsulting.com\/es\/producto\/ars-nova\/#breadcrumb\",\"itemListElement\":[{\"@type\":\"ListItem\",\"position\":1,\"name\":\"Inicio\",\"item\":\"https:\/\/wpguerssen-test.odoo.rgbconsulting.com\/es\/\"},{\"@type\":\"ListItem\",\"position\":2,\"name\":\"Shop\",\"item\":\"https:\/\/wpguerssen-test.odoo.rgbconsulting.com\/shop\/\"},{\"@type\":\"ListItem\",\"position\":3,\"name\":\"Ars nova\"}]},{\"@type\":\"WebSite\",\"@id\":\"https:\/\/wpguerssen-test.odoo.rgbconsulting.com\/es\/#website\",\"url\":\"https:\/\/wpguerssen-test.odoo.rgbconsulting.com\/es\/\",\"name\":\"Guerssen records\",\"description\":\"psychedelia - progressive - folk - garage \",\"publisher\":{\"@id\":\"https:\/\/wpguerssen-test.odoo.rgbconsulting.com\/es\/#organization\"},\"potentialAction\":[{\"@type\":\"SearchAction\",\"target\":{\"@type\":\"EntryPoint\",\"urlTemplate\":\"https:\/\/wpguerssen-test.odoo.rgbconsulting.com\/es\/?s={search_term_string}\"},\"query-input\":{\"@type\":\"PropertyValueSpecification\",\"valueRequired\":true,\"valueName\":\"search_term_string\"}}],\"inLanguage\":\"es\"},{\"@type\":\"Organization\",\"@id\":\"https:\/\/wpguerssen-test.odoo.rgbconsulting.com\/es\/#organization\",\"name\":\"Guerssen records\",\"url\":\"https:\/\/wpguerssen-test.odoo.rgbconsulting.com\/es\/\",\"logo\":{\"@type\":\"ImageObject\",\"inLanguage\":\"es\",\"@id\":\"https:\/\/wpguerssen-test.odoo.rgbconsulting.com\/es\/#\/schema\/logo\/image\/\",\"url\":\"https:\/\/wpguerssen-test.odoo.rgbconsulting.com\/wp-content\/uploads\/2022\/04\/Logo_Guerssen_trans_100.png\",\"contentUrl\":\"https:\/\/wpguerssen-test.odoo.rgbconsulting.com\/wp-content\/uploads\/2022\/04\/Logo_Guerssen_trans_100.png\",\"width\":122,\"height\":100,\"caption\":\"Guerssen records\"},\"image\":{\"@id\":\"https:\/\/wpguerssen-test.odoo.rgbconsulting.com\/es\/#\/schema\/logo\/image\/\"}}]}<\/script>\n<!-- \/ Yoast SEO plugin. -->","yoast_head_json":{"title":"ARS NOVA - Ars nova -  (LP) | Guerssen","description":"Ars Nova was an American psychedelic\/progressive rock band that performed and recorded from 1967 to 1969. They recorded two albums. The first was a 1968 self-titled album for the Elektra label, on which the personnel comprised Wyatt Day (guitar, vocals, piano, organ), John Pierson (vocal, trombone), Maury Baker (organ, percussion), Giovanni Papalia (lead guitar), Bill Folwell (trumpet, bass, vocals), and Jonathan Raskin (bass, guitar, vocals). The album was produced by Paul Rothchild and Arthur Gorson. On their first album Ars Nova write lovely tunes and the whole album does, surprisingly enough, not become as pretentious as it could have been, the name of the band notwithstanding. Two of the tracks even get covered ('Fields Of People' by The Move and 'I Wrapped Her In Ribbons' by Galliard, both U.K. bands!). Other highlights include 'March Of The Mad Duke's Circus,' with vaguely renaissance- like harmonies and 'General Clover End A War,' a bitter and driven satire on military affairs. 'Automatic Love' contains a Dixieland part, while 'I Wrapped Her In Ribbons' begins with beautiful choral singing before it becomes a ballad underscored by baroque acoustic guitar. 'Song To The City' has a nice church organ intro. Besides that, there are many baroque elements, even to the point of counterpoint. Great, for example, the interplay of trumpet and acoustic guitar on 'Pavan For My Lady,' in quiet 6\/8 time (which one can argue would later become the progressive rock beat par excellence). At that time a highlight was certainly the interesting adaptation of the beginning of 'Also Sprach Zarathustra,' which is not simply replayed here, but becomes the occasion for own, partly very humorous, further developments of the theme in Beat sound of the late '60s. Most tracks were penned by Wyatt Day sometimes helped by John Pierson. Certainly, one of the best early prog albums and an absolute gem! The album comes as an original reproduction of the US-cover (gatefold sleeve) with all lyrics, band story, rare photos in a 4 sided cover sized insert sheet. Remastered from a master copy out of the vaults of Warner Music. Brillant sounding! This is a real jewel of US psychedelic music. An absolute classic. Don't miss it.","robots":{"index":"index","follow":"follow","max-snippet":"max-snippet:-1","max-image-preview":"max-image-preview:large","max-video-preview":"max-video-preview:-1"},"canonical":"https:\/\/wpguerssen-test.odoo.rgbconsulting.com\/es\/producto\/ars-nova\/","og_locale":"es_ES","og_type":"article","og_title":"ARS NOVA - Ars nova -  (LP) | Guerssen","og_description":"Ars Nova was an American psychedelic\/progressive rock band that performed and recorded from 1967 to 1969. They recorded two albums. The first was a 1968 self-titled album for the Elektra label, on which the personnel comprised Wyatt Day (guitar, vocals, piano, organ), John Pierson (vocal, trombone), Maury Baker (organ, percussion), Giovanni Papalia (lead guitar), Bill Folwell (trumpet, bass, vocals), and Jonathan Raskin (bass, guitar, vocals). The album was produced by Paul Rothchild and Arthur Gorson. On their first album Ars Nova write lovely tunes and the whole album does, surprisingly enough, not become as pretentious as it could have been, the name of the band notwithstanding. Two of the tracks even get covered ('Fields Of People' by The Move and 'I Wrapped Her In Ribbons' by Galliard, both U.K. bands!). Other highlights include 'March Of The Mad Duke's Circus,' with vaguely renaissance- like harmonies and 'General Clover End A War,' a bitter and driven satire on military affairs. 'Automatic Love' contains a Dixieland part, while 'I Wrapped Her In Ribbons' begins with beautiful choral singing before it becomes a ballad underscored by baroque acoustic guitar. 'Song To The City' has a nice church organ intro. Besides that, there are many baroque elements, even to the point of counterpoint. Great, for example, the interplay of trumpet and acoustic guitar on 'Pavan For My Lady,' in quiet 6\/8 time (which one can argue would later become the progressive rock beat par excellence). At that time a highlight was certainly the interesting adaptation of the beginning of 'Also Sprach Zarathustra,' which is not simply replayed here, but becomes the occasion for own, partly very humorous, further developments of the theme in Beat sound of the late '60s. Most tracks were penned by Wyatt Day sometimes helped by John Pierson. Certainly, one of the best early prog albums and an absolute gem! The album comes as an original reproduction of the US-cover (gatefold sleeve) with all lyrics, band story, rare photos in a 4 sided cover sized insert sheet. Remastered from a master copy out of the vaults of Warner Music. Brillant sounding! This is a real jewel of US psychedelic music. An absolute classic. Don't miss it.","og_url":"https:\/\/wpguerssen-test.odoo.rgbconsulting.com\/es\/producto\/ars-nova\/","og_site_name":"Guerssen records","article_modified_time":"2024-05-14T08:38:22+00:00","og_image":[{"width":500,"height":485,"url":"https:\/\/wpguerssen-test.odoo.rgbconsulting.com\/wp-content\/uploads\/2022\/11\/42193.jpg","type":"image\/jpeg"}],"twitter_card":"summary_large_image","twitter_title":"ARS NOVA - Ars nova -  (LP) | Guerssen","twitter_misc":{"Tiempo de lectura":"1 minuto"},"schema":{"@context":"https:\/\/schema.org","@graph":[{"@type":"WebPage","@id":"https:\/\/wpguerssen-test.odoo.rgbconsulting.com\/es\/producto\/ars-nova\/","url":"https:\/\/wpguerssen-test.odoo.rgbconsulting.com\/es\/producto\/ars-nova\/","name":"ARS NOVA - Ars nova - (LP) | Guerssen","isPartOf":{"@id":"https:\/\/wpguerssen-test.odoo.rgbconsulting.com\/es\/#website"},"primaryImageOfPage":{"@id":"https:\/\/wpguerssen-test.odoo.rgbconsulting.com\/es\/producto\/ars-nova\/#primaryimage"},"image":{"@id":"https:\/\/wpguerssen-test.odoo.rgbconsulting.com\/es\/producto\/ars-nova\/#primaryimage"},"thumbnailUrl":"https:\/\/wpguerssen-test.odoo.rgbconsulting.com\/wp-content\/uploads\/2022\/11\/42193.jpg","datePublished":"2022-11-11T23:00:00+00:00","dateModified":"2024-05-14T08:38:22+00:00","description":"Ars Nova was an American psychedelic\/progressive rock band that performed and recorded from 1967 to 1969. They recorded two albums. The first was a 1968 self-titled album for the Elektra label, on which the personnel comprised Wyatt Day (guitar, vocals, piano, organ), John Pierson (vocal, trombone), Maury Baker (organ, percussion), Giovanni Papalia (lead guitar), Bill Folwell (trumpet, bass, vocals), and Jonathan Raskin (bass, guitar, vocals). The album was produced by Paul Rothchild and Arthur Gorson. On their first album Ars Nova write lovely tunes and the whole album does, surprisingly enough, not become as pretentious as it could have been, the name of the band notwithstanding. Two of the tracks even get covered ('Fields Of People' by The Move and 'I Wrapped Her In Ribbons' by Galliard, both U.K. bands!). Other highlights include 'March Of The Mad Duke's Circus,' with vaguely renaissance- like harmonies and 'General Clover End A War,' a bitter and driven satire on military affairs. 'Automatic Love' contains a Dixieland part, while 'I Wrapped Her In Ribbons' begins with beautiful choral singing before it becomes a ballad underscored by baroque acoustic guitar. 'Song To The City' has a nice church organ intro. Besides that, there are many baroque elements, even to the point of counterpoint. Great, for example, the interplay of trumpet and acoustic guitar on 'Pavan For My Lady,' in quiet 6\/8 time (which one can argue would later become the progressive rock beat par excellence). At that time a highlight was certainly the interesting adaptation of the beginning of 'Also Sprach Zarathustra,' which is not simply replayed here, but becomes the occasion for own, partly very humorous, further developments of the theme in Beat sound of the late '60s. Most tracks were penned by Wyatt Day sometimes helped by John Pierson. Certainly, one of the best early prog albums and an absolute gem! The album comes as an original reproduction of the US-cover (gatefold sleeve) with all lyrics, band story, rare photos in a 4 sided cover sized insert sheet. Remastered from a master copy out of the vaults of Warner Music. Brillant sounding! This is a real jewel of US psychedelic music. An absolute classic. Don't miss it.","breadcrumb":{"@id":"https:\/\/wpguerssen-test.odoo.rgbconsulting.com\/es\/producto\/ars-nova\/#breadcrumb"},"inLanguage":"es","potentialAction":[{"@type":"ReadAction","target":["https:\/\/wpguerssen-test.odoo.rgbconsulting.com\/es\/producto\/ars-nova\/"]}]},{"@type":"ImageObject","inLanguage":"es","@id":"https:\/\/wpguerssen-test.odoo.rgbconsulting.com\/es\/producto\/ars-nova\/#primaryimage","url":"https:\/\/wpguerssen-test.odoo.rgbconsulting.com\/wp-content\/uploads\/2022\/11\/42193.jpg","contentUrl":"https:\/\/wpguerssen-test.odoo.rgbconsulting.com\/wp-content\/uploads\/2022\/11\/42193.jpg","width":500,"height":485},{"@type":"BreadcrumbList","@id":"https:\/\/wpguerssen-test.odoo.rgbconsulting.com\/es\/producto\/ars-nova\/#breadcrumb","itemListElement":[{"@type":"ListItem","position":1,"name":"Inicio","item":"https:\/\/wpguerssen-test.odoo.rgbconsulting.com\/es\/"},{"@type":"ListItem","position":2,"name":"Shop","item":"https:\/\/wpguerssen-test.odoo.rgbconsulting.com\/shop\/"},{"@type":"ListItem","position":3,"name":"Ars nova"}]},{"@type":"WebSite","@id":"https:\/\/wpguerssen-test.odoo.rgbconsulting.com\/es\/#website","url":"https:\/\/wpguerssen-test.odoo.rgbconsulting.com\/es\/","name":"Guerssen records","description":"psychedelia - progressive - folk - garage ","publisher":{"@id":"https:\/\/wpguerssen-test.odoo.rgbconsulting.com\/es\/#organization"},"potentialAction":[{"@type":"SearchAction","target":{"@type":"EntryPoint","urlTemplate":"https:\/\/wpguerssen-test.odoo.rgbconsulting.com\/es\/?s={search_term_string}"},"query-input":{"@type":"PropertyValueSpecification","valueRequired":true,"valueName":"search_term_string"}}],"inLanguage":"es"},{"@type":"Organization","@id":"https:\/\/wpguerssen-test.odoo.rgbconsulting.com\/es\/#organization","name":"Guerssen records","url":"https:\/\/wpguerssen-test.odoo.rgbconsulting.com\/es\/","logo":{"@type":"ImageObject","inLanguage":"es","@id":"https:\/\/wpguerssen-test.odoo.rgbconsulting.com\/es\/#\/schema\/logo\/image\/","url":"https:\/\/wpguerssen-test.odoo.rgbconsulting.com\/wp-content\/uploads\/2022\/04\/Logo_Guerssen_trans_100.png","contentUrl":"https:\/\/wpguerssen-test.odoo.rgbconsulting.com\/wp-content\/uploads\/2022\/04\/Logo_Guerssen_trans_100.png","width":122,"height":100,"caption":"Guerssen records"},"image":{"@id":"https:\/\/wpguerssen-test.odoo.rgbconsulting.com\/es\/#\/schema\/logo\/image\/"}}]}},"_links":{"self":[{"href":"https:\/\/wpguerssen-test.odoo.rgbconsulting.com\/es\/wp-json\/wp\/v2\/product\/220049","targetHints":{"allow":["GET"]}}],"collection":[{"href":"https:\/\/wpguerssen-test.odoo.rgbconsulting.com\/es\/wp-json\/wp\/v2\/product"}],"about":[{"href":"https:\/\/wpguerssen-test.odoo.rgbconsulting.com\/es\/wp-json\/wp\/v2\/types\/product"}],"wp:featuredmedia":[{"embeddable":true,"href":"https:\/\/wpguerssen-test.odoo.rgbconsulting.com\/es\/wp-json\/wp\/v2\/media\/220717"}],"wp:attachment":[{"href":"https:\/\/wpguerssen-test.odoo.rgbconsulting.com\/es\/wp-json\/wp\/v2\/media?parent=220049"}],"wp:term":[{"taxonomy":"product_brand","embeddable":true,"href":"https:\/\/wpguerssen-test.odoo.rgbconsulting.com\/es\/wp-json\/wp\/v2\/product_brand?post=220049"},{"taxonomy":"product_cat","embeddable":true,"href":"https:\/\/wpguerssen-test.odoo.rgbconsulting.com\/es\/wp-json\/wp\/v2\/product_cat?post=220049"},{"taxonomy":"product_tag","embeddable":true,"href":"https:\/\/wpguerssen-test.odoo.rgbconsulting.com\/es\/wp-json\/wp\/v2\/product_tag?post=220049"}],"curies":[{"name":"wp","href":"https:\/\/api.w.org\/{rel}","templated":true}]}}