{"id":220271,"date":"2023-09-07T00:00:00","date_gmt":"2023-09-06T22:00:00","guid":{"rendered":"https:\/\/wpguerssen-test.odoo.rgbconsulting.com\/product\/dreams-of-75-black\/"},"modified":"2024-06-05T17:58:22","modified_gmt":"2024-06-05T15:58:22","slug":"dreams-of-75-black","status":"publish","type":"product","link":"https:\/\/wpguerssen-test.odoo.rgbconsulting.com\/es\/producto\/dreams-of-75-black\/","title":{"rendered":"Dreams Of 75 (Black)"},"content":{"rendered":"<p>El sencillo \u00abFebruary &#8217;75\u00bb de Lothar Jahn fue lanzado por el sello alem\u00e1n Sound Records en 1977. Era un disco muy inusual, en alg\u00fan lugar entre psicod\u00e9lia, folk y Krautrock. Este \u00e1lbum reci\u00e9n grabado, \u00abDreams of &#8217;75\u00bb, es un riff extendido en el sencillo original, tomando esa visi\u00f3n m\u00e1s peque\u00f1a como punto de partida. y un espacio de cabeza estereosc\u00f3pico psicod\u00e9lico\/progresivo m\u00e1s salvaje de lo que era evidente (o posible) en el sencillo original.<br \/>Entonces, \u00bfqui\u00e9n es Lothar Jahn? Es un cantautor, presentador y multiinstrumentista que ha estado activo en la escena musical alemana desde principios de la d\u00e9cada de 1970. Desde 2020, Jahn tiene su propio programa de televisi\u00f3n, Lothar&#8217;s Liedertreff. \u00bfY cu\u00e1les eran los sue\u00f1os de Jahn en el 75? \u00abEran sue\u00f1os melanc\u00f3licos de amor ilimitado, comunidad y paz, sexo ilimitado, libertad ilimitada y de mucha m\u00fasica maravillosa. \u00bfQu\u00e9 mejor momento para crecer que entonces, en medio de obras como \u00abOmmadawn\u00bb de Oldfield y \u00abWish You Were Here\u00bb de Pink Floyd?\u00bb, dice Jahn.<br \/>Viene con un folleto de 8 p\u00e1ginas que da los pensamientos de Jahn sobre su vida y los sue\u00f1os que provocaron este \u00e1lbum.<br \/>Incluye la pista adicional &#8216;Merseburger&#8217;, grabada con Olaf Casalich, el cantante de la famosa banda alemana Ougenweide.<\/p>\n","protected":false},"excerpt":{"rendered":"<p>El sencillo \u00abFebruary &#8217;75\u00bb de Lothar Jahn fue lanzado por el sello alem\u00e1n Sound Records en 1977. Era un disco muy inusual, en alg\u00fan lugar entre psicod\u00e9lia,<a class=\"read\" href=\"https:\/\/wpguerssen-test.odoo.rgbconsulting.com\/es\/producto\/dreams-of-75-black\/\"> (...)<\/a>","protected":false},"featured_media":260149,"template":"","meta":{"_acf_changed":false},"product_brand":[],"product_cat":[21639,23271],"product_tag":[],"class_list":{"0":"post-220271","1":"product","2":"type-product","3":"status-publish","4":"has-post-thumbnail","6":"product_cat-psychedelic60s-70s-es","7":"product_cat-folk-60s-70s-es","8":"pa_artist-jahn-lothar","9":"pa_format-lp-es","10":"pa_gender-psychedelic60s-70s-folk-60s-70s","11":"pa_label-return-to-analog","12":"pa_location-europe-es","13":"pa_other-filters-vinyl-only-es","15":"first","16":"instock","17":"taxable","18":"shipping-taxable","19":"purchasable","20":"product-type-simple"},"acf":[],"yoast_head":"<!-- This site is optimized with the Yoast SEO plugin v24.9 - https:\/\/yoast.com\/wordpress\/plugins\/seo\/ -->\n<title>JAHN, Lothar - Dreams Of 75 (Black) -  (LP) | Guerssen<\/title>\n<meta name=\"description\" content=\"Lothar Jahn&#039;s &quot;February &#039;75&quot; single was released by the German label Sound Records in 1977. It was a very unusual record, somewhere between psychedelic, folk and Krautrock. It was reviewed thus on Discogs: &quot;A mysterious journey through Cosmic Psych Folk Kraut, whatever you may call it. Fantastic, from beginning to end. Another Kraut on 45 milestone.&quot; This newly recorded album, &quot;Dreams of &#039;75,&quot; is an extended riff on the original single, taking that smaller vision as a starting point and then launching into a weirder and wilder psychedelic\/progressive stereoscopic headspace than was evident (or possible) on the original single.So, who is Lothar Jahn? he is a singer\/songwriter, presenter and multi-instrumentalist who has been active in the German music scene since the early 1970s. Since 2020, Jahn has his own television show, Lothar&#039;s Liedertreff. And what were Jahn&#039;s dreams of &#039;75? &quot;They were wistful dreams of boundless love, community and peace, boundless sex, boundless freedom and a lot of wonderful music. What better time to grow up than back then, in the middle of works like Oldfield&#039;s &quot;Ommadawn&quot; and Pink Floyd&#039;s &quot;Wish You Were Here&quot;?&quot; says Jahn.*Comes with an 8-page booklet giving Jahn&#039;s thoughts on his life and the dreams which provoked this album.*Includes the bonus track &#039;Merseburger,&#039; recorded with Olaf Casalich, the singer of famed German band Ougenweide.\" \/>\n<meta name=\"robots\" content=\"index, follow, max-snippet:-1, max-image-preview:large, max-video-preview:-1\" \/>\n<link rel=\"canonical\" href=\"https:\/\/wpguerssen-test.odoo.rgbconsulting.com\/es\/producto\/dreams-of-75-black\/\" \/>\n<meta property=\"og:locale\" content=\"es_ES\" \/>\n<meta property=\"og:type\" content=\"article\" \/>\n<meta property=\"og:title\" content=\"JAHN, Lothar - Dreams Of 75 (Black) -  (LP) | Guerssen\" \/>\n<meta property=\"og:description\" content=\"Lothar Jahn&#039;s &quot;February &#039;75&quot; single was released by the German label Sound Records in 1977. It was a very unusual record, somewhere between psychedelic, folk and Krautrock. It was reviewed thus on Discogs: &quot;A mysterious journey through Cosmic Psych Folk Kraut, whatever you may call it. Fantastic, from beginning to end. Another Kraut on 45 milestone.&quot; This newly recorded album, &quot;Dreams of &#039;75,&quot; is an extended riff on the original single, taking that smaller vision as a starting point and then launching into a weirder and wilder psychedelic\/progressive stereoscopic headspace than was evident (or possible) on the original single.So, who is Lothar Jahn? he is a singer\/songwriter, presenter and multi-instrumentalist who has been active in the German music scene since the early 1970s. Since 2020, Jahn has his own television show, Lothar&#039;s Liedertreff. And what were Jahn&#039;s dreams of &#039;75? &quot;They were wistful dreams of boundless love, community and peace, boundless sex, boundless freedom and a lot of wonderful music. What better time to grow up than back then, in the middle of works like Oldfield&#039;s &quot;Ommadawn&quot; and Pink Floyd&#039;s &quot;Wish You Were Here&quot;?&quot; says Jahn.*Comes with an 8-page booklet giving Jahn&#039;s thoughts on his life and the dreams which provoked this album.*Includes the bonus track &#039;Merseburger,&#039; recorded with Olaf Casalich, the singer of famed German band Ougenweide.\" \/>\n<meta property=\"og:url\" content=\"https:\/\/wpguerssen-test.odoo.rgbconsulting.com\/es\/producto\/dreams-of-75-black\/\" \/>\n<meta property=\"og:site_name\" content=\"Guerssen records\" \/>\n<meta property=\"article:modified_time\" content=\"2024-06-05T15:58:22+00:00\" \/>\n<meta property=\"og:image\" content=\"https:\/\/wpguerssen-test.odoo.rgbconsulting.com\/wp-content\/uploads\/2024\/02\/42264.jpg\" \/>\n\t<meta property=\"og:image:width\" content=\"338\" \/>\n\t<meta property=\"og:image:height\" content=\"307\" \/>\n\t<meta property=\"og:image:type\" content=\"image\/jpeg\" \/>\n<meta name=\"twitter:card\" content=\"summary_large_image\" \/>\n<meta name=\"twitter:title\" content=\"JAHN, Lothar - Dreams Of 75 (Black) -  (LP) | Guerssen\" \/>\n<meta name=\"twitter:label1\" content=\"Tiempo de lectura\" \/>\n\t<meta name=\"twitter:data1\" content=\"1 minuto\" \/>\n<script type=\"application\/ld+json\" class=\"yoast-schema-graph\">{\"@context\":\"https:\/\/schema.org\",\"@graph\":[{\"@type\":\"WebPage\",\"@id\":\"https:\/\/wpguerssen-test.odoo.rgbconsulting.com\/es\/producto\/dreams-of-75-black\/\",\"url\":\"https:\/\/wpguerssen-test.odoo.rgbconsulting.com\/es\/producto\/dreams-of-75-black\/\",\"name\":\"JAHN, Lothar - Dreams Of 75 (Black) - (LP) | Guerssen\",\"isPartOf\":{\"@id\":\"https:\/\/wpguerssen-test.odoo.rgbconsulting.com\/es\/#website\"},\"primaryImageOfPage\":{\"@id\":\"https:\/\/wpguerssen-test.odoo.rgbconsulting.com\/es\/producto\/dreams-of-75-black\/#primaryimage\"},\"image\":{\"@id\":\"https:\/\/wpguerssen-test.odoo.rgbconsulting.com\/es\/producto\/dreams-of-75-black\/#primaryimage\"},\"thumbnailUrl\":\"https:\/\/wpguerssen-test.odoo.rgbconsulting.com\/wp-content\/uploads\/2024\/02\/42264.jpg\",\"datePublished\":\"2023-09-06T22:00:00+00:00\",\"dateModified\":\"2024-06-05T15:58:22+00:00\",\"description\":\"Lothar Jahn's \\\"February '75\\\" single was released by the German label Sound Records in 1977. It was a very unusual record, somewhere between psychedelic, folk and Krautrock. It was reviewed thus on Discogs: \\\"A mysterious journey through Cosmic Psych Folk Kraut, whatever you may call it. Fantastic, from beginning to end. Another Kraut on 45 milestone.\\\" This newly recorded album, \\\"Dreams of '75,\\\" is an extended riff on the original single, taking that smaller vision as a starting point and then launching into a weirder and wilder psychedelic\/progressive stereoscopic headspace than was evident (or possible) on the original single.So, who is Lothar Jahn? he is a singer\/songwriter, presenter and multi-instrumentalist who has been active in the German music scene since the early 1970s. Since 2020, Jahn has his own television show, Lothar's Liedertreff. And what were Jahn's dreams of '75? \\\"They were wistful dreams of boundless love, community and peace, boundless sex, boundless freedom and a lot of wonderful music. What better time to grow up than back then, in the middle of works like Oldfield's \\\"Ommadawn\\\" and Pink Floyd's \\\"Wish You Were Here\\\"?\\\" says Jahn.*Comes with an 8-page booklet giving Jahn's thoughts on his life and the dreams which provoked this album.*Includes the bonus track 'Merseburger,' recorded with Olaf Casalich, the singer of famed German band Ougenweide.\",\"breadcrumb\":{\"@id\":\"https:\/\/wpguerssen-test.odoo.rgbconsulting.com\/es\/producto\/dreams-of-75-black\/#breadcrumb\"},\"inLanguage\":\"es\",\"potentialAction\":[{\"@type\":\"ReadAction\",\"target\":[\"https:\/\/wpguerssen-test.odoo.rgbconsulting.com\/es\/producto\/dreams-of-75-black\/\"]}]},{\"@type\":\"ImageObject\",\"inLanguage\":\"es\",\"@id\":\"https:\/\/wpguerssen-test.odoo.rgbconsulting.com\/es\/producto\/dreams-of-75-black\/#primaryimage\",\"url\":\"https:\/\/wpguerssen-test.odoo.rgbconsulting.com\/wp-content\/uploads\/2024\/02\/42264.jpg\",\"contentUrl\":\"https:\/\/wpguerssen-test.odoo.rgbconsulting.com\/wp-content\/uploads\/2024\/02\/42264.jpg\",\"width\":338,\"height\":307,\"caption\":\"Lothar - Dreams Of 75 (Black) - RETURN TO ANALOG (LP) | Guerssen\"},{\"@type\":\"BreadcrumbList\",\"@id\":\"https:\/\/wpguerssen-test.odoo.rgbconsulting.com\/es\/producto\/dreams-of-75-black\/#breadcrumb\",\"itemListElement\":[{\"@type\":\"ListItem\",\"position\":1,\"name\":\"Inicio\",\"item\":\"https:\/\/wpguerssen-test.odoo.rgbconsulting.com\/es\/\"},{\"@type\":\"ListItem\",\"position\":2,\"name\":\"Shop\",\"item\":\"https:\/\/wpguerssen-test.odoo.rgbconsulting.com\/shop\/\"},{\"@type\":\"ListItem\",\"position\":3,\"name\":\"Dreams Of 75 (Black)\"}]},{\"@type\":\"WebSite\",\"@id\":\"https:\/\/wpguerssen-test.odoo.rgbconsulting.com\/es\/#website\",\"url\":\"https:\/\/wpguerssen-test.odoo.rgbconsulting.com\/es\/\",\"name\":\"Guerssen records\",\"description\":\"psychedelia - progressive - folk - garage \",\"publisher\":{\"@id\":\"https:\/\/wpguerssen-test.odoo.rgbconsulting.com\/es\/#organization\"},\"potentialAction\":[{\"@type\":\"SearchAction\",\"target\":{\"@type\":\"EntryPoint\",\"urlTemplate\":\"https:\/\/wpguerssen-test.odoo.rgbconsulting.com\/es\/?s={search_term_string}\"},\"query-input\":{\"@type\":\"PropertyValueSpecification\",\"valueRequired\":true,\"valueName\":\"search_term_string\"}}],\"inLanguage\":\"es\"},{\"@type\":\"Organization\",\"@id\":\"https:\/\/wpguerssen-test.odoo.rgbconsulting.com\/es\/#organization\",\"name\":\"Guerssen records\",\"url\":\"https:\/\/wpguerssen-test.odoo.rgbconsulting.com\/es\/\",\"logo\":{\"@type\":\"ImageObject\",\"inLanguage\":\"es\",\"@id\":\"https:\/\/wpguerssen-test.odoo.rgbconsulting.com\/es\/#\/schema\/logo\/image\/\",\"url\":\"https:\/\/wpguerssen-test.odoo.rgbconsulting.com\/wp-content\/uploads\/2022\/04\/Logo_Guerssen_trans_100.png\",\"contentUrl\":\"https:\/\/wpguerssen-test.odoo.rgbconsulting.com\/wp-content\/uploads\/2022\/04\/Logo_Guerssen_trans_100.png\",\"width\":122,\"height\":100,\"caption\":\"Guerssen records\"},\"image\":{\"@id\":\"https:\/\/wpguerssen-test.odoo.rgbconsulting.com\/es\/#\/schema\/logo\/image\/\"}}]}<\/script>\n<!-- \/ Yoast SEO plugin. -->","yoast_head_json":{"title":"JAHN, Lothar - Dreams Of 75 (Black) -  (LP) | Guerssen","description":"Lothar Jahn's \"February '75\" single was released by the German label Sound Records in 1977. It was a very unusual record, somewhere between psychedelic, folk and Krautrock. It was reviewed thus on Discogs: \"A mysterious journey through Cosmic Psych Folk Kraut, whatever you may call it. Fantastic, from beginning to end. Another Kraut on 45 milestone.\" This newly recorded album, \"Dreams of '75,\" is an extended riff on the original single, taking that smaller vision as a starting point and then launching into a weirder and wilder psychedelic\/progressive stereoscopic headspace than was evident (or possible) on the original single.So, who is Lothar Jahn? he is a singer\/songwriter, presenter and multi-instrumentalist who has been active in the German music scene since the early 1970s. Since 2020, Jahn has his own television show, Lothar's Liedertreff. And what were Jahn's dreams of '75? \"They were wistful dreams of boundless love, community and peace, boundless sex, boundless freedom and a lot of wonderful music. What better time to grow up than back then, in the middle of works like Oldfield's \"Ommadawn\" and Pink Floyd's \"Wish You Were Here\"?\" says Jahn.*Comes with an 8-page booklet giving Jahn's thoughts on his life and the dreams which provoked this album.*Includes the bonus track 'Merseburger,' recorded with Olaf Casalich, the singer of famed German band Ougenweide.","robots":{"index":"index","follow":"follow","max-snippet":"max-snippet:-1","max-image-preview":"max-image-preview:large","max-video-preview":"max-video-preview:-1"},"canonical":"https:\/\/wpguerssen-test.odoo.rgbconsulting.com\/es\/producto\/dreams-of-75-black\/","og_locale":"es_ES","og_type":"article","og_title":"JAHN, Lothar - Dreams Of 75 (Black) -  (LP) | Guerssen","og_description":"Lothar Jahn's \"February '75\" single was released by the German label Sound Records in 1977. It was a very unusual record, somewhere between psychedelic, folk and Krautrock. It was reviewed thus on Discogs: \"A mysterious journey through Cosmic Psych Folk Kraut, whatever you may call it. Fantastic, from beginning to end. Another Kraut on 45 milestone.\" This newly recorded album, \"Dreams of '75,\" is an extended riff on the original single, taking that smaller vision as a starting point and then launching into a weirder and wilder psychedelic\/progressive stereoscopic headspace than was evident (or possible) on the original single.So, who is Lothar Jahn? he is a singer\/songwriter, presenter and multi-instrumentalist who has been active in the German music scene since the early 1970s. Since 2020, Jahn has his own television show, Lothar's Liedertreff. And what were Jahn's dreams of '75? \"They were wistful dreams of boundless love, community and peace, boundless sex, boundless freedom and a lot of wonderful music. What better time to grow up than back then, in the middle of works like Oldfield's \"Ommadawn\" and Pink Floyd's \"Wish You Were Here\"?\" says Jahn.*Comes with an 8-page booklet giving Jahn's thoughts on his life and the dreams which provoked this album.*Includes the bonus track 'Merseburger,' recorded with Olaf Casalich, the singer of famed German band Ougenweide.","og_url":"https:\/\/wpguerssen-test.odoo.rgbconsulting.com\/es\/producto\/dreams-of-75-black\/","og_site_name":"Guerssen records","article_modified_time":"2024-06-05T15:58:22+00:00","og_image":[{"width":338,"height":307,"url":"https:\/\/wpguerssen-test.odoo.rgbconsulting.com\/wp-content\/uploads\/2024\/02\/42264.jpg","type":"image\/jpeg"}],"twitter_card":"summary_large_image","twitter_title":"JAHN, Lothar - Dreams Of 75 (Black) -  (LP) | Guerssen","twitter_misc":{"Tiempo de lectura":"1 minuto"},"schema":{"@context":"https:\/\/schema.org","@graph":[{"@type":"WebPage","@id":"https:\/\/wpguerssen-test.odoo.rgbconsulting.com\/es\/producto\/dreams-of-75-black\/","url":"https:\/\/wpguerssen-test.odoo.rgbconsulting.com\/es\/producto\/dreams-of-75-black\/","name":"JAHN, Lothar - Dreams Of 75 (Black) - (LP) | Guerssen","isPartOf":{"@id":"https:\/\/wpguerssen-test.odoo.rgbconsulting.com\/es\/#website"},"primaryImageOfPage":{"@id":"https:\/\/wpguerssen-test.odoo.rgbconsulting.com\/es\/producto\/dreams-of-75-black\/#primaryimage"},"image":{"@id":"https:\/\/wpguerssen-test.odoo.rgbconsulting.com\/es\/producto\/dreams-of-75-black\/#primaryimage"},"thumbnailUrl":"https:\/\/wpguerssen-test.odoo.rgbconsulting.com\/wp-content\/uploads\/2024\/02\/42264.jpg","datePublished":"2023-09-06T22:00:00+00:00","dateModified":"2024-06-05T15:58:22+00:00","description":"Lothar Jahn's \"February '75\" single was released by the German label Sound Records in 1977. It was a very unusual record, somewhere between psychedelic, folk and Krautrock. It was reviewed thus on Discogs: \"A mysterious journey through Cosmic Psych Folk Kraut, whatever you may call it. Fantastic, from beginning to end. Another Kraut on 45 milestone.\" This newly recorded album, \"Dreams of '75,\" is an extended riff on the original single, taking that smaller vision as a starting point and then launching into a weirder and wilder psychedelic\/progressive stereoscopic headspace than was evident (or possible) on the original single.So, who is Lothar Jahn? he is a singer\/songwriter, presenter and multi-instrumentalist who has been active in the German music scene since the early 1970s. Since 2020, Jahn has his own television show, Lothar's Liedertreff. And what were Jahn's dreams of '75? \"They were wistful dreams of boundless love, community and peace, boundless sex, boundless freedom and a lot of wonderful music. What better time to grow up than back then, in the middle of works like Oldfield's \"Ommadawn\" and Pink Floyd's \"Wish You Were Here\"?\" says Jahn.*Comes with an 8-page booklet giving Jahn's thoughts on his life and the dreams which provoked this album.*Includes the bonus track 'Merseburger,' recorded with Olaf Casalich, the singer of famed German band Ougenweide.","breadcrumb":{"@id":"https:\/\/wpguerssen-test.odoo.rgbconsulting.com\/es\/producto\/dreams-of-75-black\/#breadcrumb"},"inLanguage":"es","potentialAction":[{"@type":"ReadAction","target":["https:\/\/wpguerssen-test.odoo.rgbconsulting.com\/es\/producto\/dreams-of-75-black\/"]}]},{"@type":"ImageObject","inLanguage":"es","@id":"https:\/\/wpguerssen-test.odoo.rgbconsulting.com\/es\/producto\/dreams-of-75-black\/#primaryimage","url":"https:\/\/wpguerssen-test.odoo.rgbconsulting.com\/wp-content\/uploads\/2024\/02\/42264.jpg","contentUrl":"https:\/\/wpguerssen-test.odoo.rgbconsulting.com\/wp-content\/uploads\/2024\/02\/42264.jpg","width":338,"height":307,"caption":"Lothar - Dreams Of 75 (Black) - RETURN TO ANALOG (LP) | Guerssen"},{"@type":"BreadcrumbList","@id":"https:\/\/wpguerssen-test.odoo.rgbconsulting.com\/es\/producto\/dreams-of-75-black\/#breadcrumb","itemListElement":[{"@type":"ListItem","position":1,"name":"Inicio","item":"https:\/\/wpguerssen-test.odoo.rgbconsulting.com\/es\/"},{"@type":"ListItem","position":2,"name":"Shop","item":"https:\/\/wpguerssen-test.odoo.rgbconsulting.com\/shop\/"},{"@type":"ListItem","position":3,"name":"Dreams Of 75 (Black)"}]},{"@type":"WebSite","@id":"https:\/\/wpguerssen-test.odoo.rgbconsulting.com\/es\/#website","url":"https:\/\/wpguerssen-test.odoo.rgbconsulting.com\/es\/","name":"Guerssen records","description":"psychedelia - progressive - folk - garage ","publisher":{"@id":"https:\/\/wpguerssen-test.odoo.rgbconsulting.com\/es\/#organization"},"potentialAction":[{"@type":"SearchAction","target":{"@type":"EntryPoint","urlTemplate":"https:\/\/wpguerssen-test.odoo.rgbconsulting.com\/es\/?s={search_term_string}"},"query-input":{"@type":"PropertyValueSpecification","valueRequired":true,"valueName":"search_term_string"}}],"inLanguage":"es"},{"@type":"Organization","@id":"https:\/\/wpguerssen-test.odoo.rgbconsulting.com\/es\/#organization","name":"Guerssen records","url":"https:\/\/wpguerssen-test.odoo.rgbconsulting.com\/es\/","logo":{"@type":"ImageObject","inLanguage":"es","@id":"https:\/\/wpguerssen-test.odoo.rgbconsulting.com\/es\/#\/schema\/logo\/image\/","url":"https:\/\/wpguerssen-test.odoo.rgbconsulting.com\/wp-content\/uploads\/2022\/04\/Logo_Guerssen_trans_100.png","contentUrl":"https:\/\/wpguerssen-test.odoo.rgbconsulting.com\/wp-content\/uploads\/2022\/04\/Logo_Guerssen_trans_100.png","width":122,"height":100,"caption":"Guerssen records"},"image":{"@id":"https:\/\/wpguerssen-test.odoo.rgbconsulting.com\/es\/#\/schema\/logo\/image\/"}}]}},"_links":{"self":[{"href":"https:\/\/wpguerssen-test.odoo.rgbconsulting.com\/es\/wp-json\/wp\/v2\/product\/220271","targetHints":{"allow":["GET"]}}],"collection":[{"href":"https:\/\/wpguerssen-test.odoo.rgbconsulting.com\/es\/wp-json\/wp\/v2\/product"}],"about":[{"href":"https:\/\/wpguerssen-test.odoo.rgbconsulting.com\/es\/wp-json\/wp\/v2\/types\/product"}],"wp:featuredmedia":[{"embeddable":true,"href":"https:\/\/wpguerssen-test.odoo.rgbconsulting.com\/es\/wp-json\/wp\/v2\/media\/260149"}],"wp:attachment":[{"href":"https:\/\/wpguerssen-test.odoo.rgbconsulting.com\/es\/wp-json\/wp\/v2\/media?parent=220271"}],"wp:term":[{"taxonomy":"product_brand","embeddable":true,"href":"https:\/\/wpguerssen-test.odoo.rgbconsulting.com\/es\/wp-json\/wp\/v2\/product_brand?post=220271"},{"taxonomy":"product_cat","embeddable":true,"href":"https:\/\/wpguerssen-test.odoo.rgbconsulting.com\/es\/wp-json\/wp\/v2\/product_cat?post=220271"},{"taxonomy":"product_tag","embeddable":true,"href":"https:\/\/wpguerssen-test.odoo.rgbconsulting.com\/es\/wp-json\/wp\/v2\/product_tag?post=220271"}],"curies":[{"name":"wp","href":"https:\/\/api.w.org\/{rel}","templated":true}]}}