{"id":220273,"date":"2023-09-07T00:00:00","date_gmt":"2023-09-06T22:00:00","guid":{"rendered":"https:\/\/wpguerssen-test.odoo.rgbconsulting.com\/product\/the-sillverbeats-black\/"},"modified":"2024-12-16T17:47:02","modified_gmt":"2024-12-16T16:47:02","slug":"the-silverbeats-black","status":"publish","type":"product","link":"https:\/\/wpguerssen-test.odoo.rgbconsulting.com\/es\/producto\/the-silverbeats-black\/","title":{"rendered":"The Silverbeats (Black)"},"content":{"rendered":"<p>Primera reedici\u00f3n de un punk neopsicod\u00e9lico raro solo en casete empapado en el rock de la era Pebbles, de esta banda de Milwaukee que cont\u00f3 con Dan Mullin (Plasticland) en la guitarra y los talentos (composici\u00f3n de canciones y otros) del ic\u00f3nico maestro subterr\u00e1neo Tess (James Tessier).  Viene con un folleto de 8 p\u00e1ginas con una descripci\u00f3n del periodista David Luhrssen de la escena musical underground de Milwaukee que produjo Plasticland, Daszu, la banda \u00d6r y Violent Femmes, entre otros.<\/p>\n","protected":false},"excerpt":{"rendered":"<p>Primera reedici\u00f3n de un punk neopsicod\u00e9lico raro solo en casete empapado en el rock de la era Pebbles, de esta banda de Milwaukee que cont\u00f3 con Dan Mullin (Plasticland)<a class=\"read\" href=\"https:\/\/wpguerssen-test.odoo.rgbconsulting.com\/es\/producto\/the-silverbeats-black\/\"> (...)<\/a>","protected":false},"featured_media":225017,"template":"","meta":{"_acf_changed":false},"product_brand":[],"product_cat":[23283,21688],"product_tag":[],"class_list":{"0":"post-220273","1":"product","2":"type-product","3":"status-publish","4":"has-post-thumbnail","6":"product_cat-garagebeatrnb80-90-es","7":"product_cat-psychedelic80s-90s-es","8":"pa_artist-silverbeats-the","9":"pa_format-lp-es","10":"pa_gender-garagebeatrnb80-90-psychedelic80s-90s","11":"pa_label-return-to-analog","12":"pa_location-north-america-es","13":"pa_other-filters-vinyl-only-es","15":"first","16":"instock","17":"taxable","18":"shipping-taxable","19":"purchasable","20":"product-type-simple"},"acf":[],"yoast_head":"<!-- This site is optimized with the Yoast SEO plugin v24.9 - https:\/\/yoast.com\/wordpress\/plugins\/seo\/ -->\n<title>SILVERBEATS, The - The Silverbeats (Black) -  (LP) | Guerssen<\/title>\n<meta name=\"description\" content=\"&quot;The first time I saw the SilverBeats... the band took the cramped stage at the window near the front door. Fronted by James Tessier, who appeared to be the missing link between The Standells, the band&#039;s sound was simple, fuzzy and perfect. These cats were no strangers to reverb. Tess&#039; original compositions came to life with electrical transmissions from Dan Mullen&#039;s lead guitar. The primal garage rock sound of &#039;Over and Over&#039; was balanced by Tess&#039; soft-spoken vocals. &#039;You Did Here Wrong&#039; could have been plucked from any top shelf album of lost nuggets. &#039;In the Sound Room&#039; points to endless possibilities of mind expansion. This is the good stuff. LSD before it was cut with strychnine. -- Blaine SchultzFirst reissue of rare cassette-only underground neo-psychedelic punk steeped in Pebbles-era rock, from this Milwaukee band which featured Dan Mullin (Plasticland) on guitar and the talents -- songwriting and otherwise -- of iconic underground maven Tess (James Tessier). &#039;I Want Speed&#039; shows The SilverBeats&#039; affinity to West Coast psychedelia. And it&#039;s no coincidence that they cover the Human Expression&#039;s &#039;Calm Me Down,&#039; rich with harmony vocal, and The Pretty Things&#039; &#039;Midnight to Six (Man),&#039; replacing the original&#039;s rough R &#039;n&#039; B-edge with a slight psychedelic tinge -- a real showpiece for drummer Mike Hughes. Another killer is &#039;Over And Over,&#039; penned by Tess (like all the other originals on this album). It layers beautiful, trippy guitar, a catchy vocal melody, lots of echo, strange effects, and weird sounds before it closes, and we move on to the jolly, jumping &#039;Love Comes Knockin.&#039; Comes with an 8-page booklet featuring a description by journalist David Luhrssen of the Milwaukee underground music scene which produced Plasticland, Daszu, the band \u00d6r, and the Violent Femmes, among others.\" \/>\n<meta name=\"robots\" content=\"index, follow, max-snippet:-1, max-image-preview:large, max-video-preview:-1\" \/>\n<link rel=\"canonical\" href=\"https:\/\/wpguerssen-test.odoo.rgbconsulting.com\/es\/producto\/the-silverbeats-black\/\" \/>\n<meta property=\"og:locale\" content=\"es_ES\" \/>\n<meta property=\"og:type\" content=\"article\" \/>\n<meta property=\"og:title\" content=\"SILVERBEATS, The - The Silverbeats (Black) -  (LP) | Guerssen\" \/>\n<meta property=\"og:description\" content=\"&quot;The first time I saw the SilverBeats... the band took the cramped stage at the window near the front door. Fronted by James Tessier, who appeared to be the missing link between The Standells, the band&#039;s sound was simple, fuzzy and perfect. These cats were no strangers to reverb. Tess&#039; original compositions came to life with electrical transmissions from Dan Mullen&#039;s lead guitar. The primal garage rock sound of &#039;Over and Over&#039; was balanced by Tess&#039; soft-spoken vocals. &#039;You Did Here Wrong&#039; could have been plucked from any top shelf album of lost nuggets. &#039;In the Sound Room&#039; points to endless possibilities of mind expansion. This is the good stuff. LSD before it was cut with strychnine. -- Blaine SchultzFirst reissue of rare cassette-only underground neo-psychedelic punk steeped in Pebbles-era rock, from this Milwaukee band which featured Dan Mullin (Plasticland) on guitar and the talents -- songwriting and otherwise -- of iconic underground maven Tess (James Tessier). &#039;I Want Speed&#039; shows The SilverBeats&#039; affinity to West Coast psychedelia. And it&#039;s no coincidence that they cover the Human Expression&#039;s &#039;Calm Me Down,&#039; rich with harmony vocal, and The Pretty Things&#039; &#039;Midnight to Six (Man),&#039; replacing the original&#039;s rough R &#039;n&#039; B-edge with a slight psychedelic tinge -- a real showpiece for drummer Mike Hughes. Another killer is &#039;Over And Over,&#039; penned by Tess (like all the other originals on this album). It layers beautiful, trippy guitar, a catchy vocal melody, lots of echo, strange effects, and weird sounds before it closes, and we move on to the jolly, jumping &#039;Love Comes Knockin.&#039; Comes with an 8-page booklet featuring a description by journalist David Luhrssen of the Milwaukee underground music scene which produced Plasticland, Daszu, the band \u00d6r, and the Violent Femmes, among others.\" \/>\n<meta property=\"og:url\" content=\"https:\/\/wpguerssen-test.odoo.rgbconsulting.com\/es\/producto\/the-silverbeats-black\/\" \/>\n<meta property=\"og:site_name\" content=\"Guerssen records\" \/>\n<meta property=\"article:modified_time\" content=\"2024-12-16T16:47:02+00:00\" \/>\n<meta property=\"og:image\" content=\"https:\/\/wpguerssen-test.odoo.rgbconsulting.com\/wp-content\/uploads\/2023\/01\/42266.jpg\" \/>\n\t<meta property=\"og:image:width\" content=\"481\" \/>\n\t<meta property=\"og:image:height\" content=\"487\" \/>\n\t<meta property=\"og:image:type\" content=\"image\/jpeg\" \/>\n<meta name=\"twitter:card\" content=\"summary_large_image\" \/>\n<meta name=\"twitter:title\" content=\"SILVERBEATS, The - The Silverbeats (Black) -  (LP) | Guerssen\" \/>\n<script type=\"application\/ld+json\" class=\"yoast-schema-graph\">{\"@context\":\"https:\/\/schema.org\",\"@graph\":[{\"@type\":\"WebPage\",\"@id\":\"https:\/\/wpguerssen-test.odoo.rgbconsulting.com\/es\/producto\/the-silverbeats-black\/\",\"url\":\"https:\/\/wpguerssen-test.odoo.rgbconsulting.com\/es\/producto\/the-silverbeats-black\/\",\"name\":\"SILVERBEATS, The - The Silverbeats (Black) - (LP) | Guerssen\",\"isPartOf\":{\"@id\":\"https:\/\/wpguerssen-test.odoo.rgbconsulting.com\/es\/#website\"},\"primaryImageOfPage\":{\"@id\":\"https:\/\/wpguerssen-test.odoo.rgbconsulting.com\/es\/producto\/the-silverbeats-black\/#primaryimage\"},\"image\":{\"@id\":\"https:\/\/wpguerssen-test.odoo.rgbconsulting.com\/es\/producto\/the-silverbeats-black\/#primaryimage\"},\"thumbnailUrl\":\"https:\/\/wpguerssen-test.odoo.rgbconsulting.com\/wp-content\/uploads\/2023\/01\/42266.jpg\",\"datePublished\":\"2023-09-06T22:00:00+00:00\",\"dateModified\":\"2024-12-16T16:47:02+00:00\",\"description\":\"\\\"The first time I saw the SilverBeats... the band took the cramped stage at the window near the front door. Fronted by James Tessier, who appeared to be the missing link between The Standells, the band's sound was simple, fuzzy and perfect. These cats were no strangers to reverb. Tess' original compositions came to life with electrical transmissions from Dan Mullen's lead guitar. The primal garage rock sound of 'Over and Over' was balanced by Tess' soft-spoken vocals. 'You Did Here Wrong' could have been plucked from any top shelf album of lost nuggets. 'In the Sound Room' points to endless possibilities of mind expansion. This is the good stuff. LSD before it was cut with strychnine. -- Blaine SchultzFirst reissue of rare cassette-only underground neo-psychedelic punk steeped in Pebbles-era rock, from this Milwaukee band which featured Dan Mullin (Plasticland) on guitar and the talents -- songwriting and otherwise -- of iconic underground maven Tess (James Tessier). 'I Want Speed' shows The SilverBeats' affinity to West Coast psychedelia. And it's no coincidence that they cover the Human Expression's 'Calm Me Down,' rich with harmony vocal, and The Pretty Things' 'Midnight to Six (Man),' replacing the original's rough R 'n' B-edge with a slight psychedelic tinge -- a real showpiece for drummer Mike Hughes. Another killer is 'Over And Over,' penned by Tess (like all the other originals on this album). It layers beautiful, trippy guitar, a catchy vocal melody, lots of echo, strange effects, and weird sounds before it closes, and we move on to the jolly, jumping 'Love Comes Knockin.' Comes with an 8-page booklet featuring a description by journalist David Luhrssen of the Milwaukee underground music scene which produced Plasticland, Daszu, the band \u00d6r, and the Violent Femmes, among others.\",\"breadcrumb\":{\"@id\":\"https:\/\/wpguerssen-test.odoo.rgbconsulting.com\/es\/producto\/the-silverbeats-black\/#breadcrumb\"},\"inLanguage\":\"es\",\"potentialAction\":[{\"@type\":\"ReadAction\",\"target\":[\"https:\/\/wpguerssen-test.odoo.rgbconsulting.com\/es\/producto\/the-silverbeats-black\/\"]}]},{\"@type\":\"ImageObject\",\"inLanguage\":\"es\",\"@id\":\"https:\/\/wpguerssen-test.odoo.rgbconsulting.com\/es\/producto\/the-silverbeats-black\/#primaryimage\",\"url\":\"https:\/\/wpguerssen-test.odoo.rgbconsulting.com\/wp-content\/uploads\/2023\/01\/42266.jpg\",\"contentUrl\":\"https:\/\/wpguerssen-test.odoo.rgbconsulting.com\/wp-content\/uploads\/2023\/01\/42266.jpg\",\"width\":481,\"height\":487,\"caption\":\"The - The Silverbeats (Black) - RETURN TO ANALOG (LP) | Guerssen\"},{\"@type\":\"BreadcrumbList\",\"@id\":\"https:\/\/wpguerssen-test.odoo.rgbconsulting.com\/es\/producto\/the-silverbeats-black\/#breadcrumb\",\"itemListElement\":[{\"@type\":\"ListItem\",\"position\":1,\"name\":\"Inicio\",\"item\":\"https:\/\/wpguerssen-test.odoo.rgbconsulting.com\/es\/\"},{\"@type\":\"ListItem\",\"position\":2,\"name\":\"Shop\",\"item\":\"https:\/\/wpguerssen-test.odoo.rgbconsulting.com\/shop\/\"},{\"@type\":\"ListItem\",\"position\":3,\"name\":\"The Silverbeats (Black)\"}]},{\"@type\":\"WebSite\",\"@id\":\"https:\/\/wpguerssen-test.odoo.rgbconsulting.com\/es\/#website\",\"url\":\"https:\/\/wpguerssen-test.odoo.rgbconsulting.com\/es\/\",\"name\":\"Guerssen records\",\"description\":\"psychedelia - progressive - folk - garage \",\"publisher\":{\"@id\":\"https:\/\/wpguerssen-test.odoo.rgbconsulting.com\/es\/#organization\"},\"potentialAction\":[{\"@type\":\"SearchAction\",\"target\":{\"@type\":\"EntryPoint\",\"urlTemplate\":\"https:\/\/wpguerssen-test.odoo.rgbconsulting.com\/es\/?s={search_term_string}\"},\"query-input\":{\"@type\":\"PropertyValueSpecification\",\"valueRequired\":true,\"valueName\":\"search_term_string\"}}],\"inLanguage\":\"es\"},{\"@type\":\"Organization\",\"@id\":\"https:\/\/wpguerssen-test.odoo.rgbconsulting.com\/es\/#organization\",\"name\":\"Guerssen records\",\"url\":\"https:\/\/wpguerssen-test.odoo.rgbconsulting.com\/es\/\",\"logo\":{\"@type\":\"ImageObject\",\"inLanguage\":\"es\",\"@id\":\"https:\/\/wpguerssen-test.odoo.rgbconsulting.com\/es\/#\/schema\/logo\/image\/\",\"url\":\"https:\/\/wpguerssen-test.odoo.rgbconsulting.com\/wp-content\/uploads\/2022\/04\/Logo_Guerssen_trans_100.png\",\"contentUrl\":\"https:\/\/wpguerssen-test.odoo.rgbconsulting.com\/wp-content\/uploads\/2022\/04\/Logo_Guerssen_trans_100.png\",\"width\":122,\"height\":100,\"caption\":\"Guerssen records\"},\"image\":{\"@id\":\"https:\/\/wpguerssen-test.odoo.rgbconsulting.com\/es\/#\/schema\/logo\/image\/\"}}]}<\/script>\n<!-- \/ Yoast SEO plugin. -->","yoast_head_json":{"title":"SILVERBEATS, The - The Silverbeats (Black) -  (LP) | Guerssen","description":"\"The first time I saw the SilverBeats... the band took the cramped stage at the window near the front door. Fronted by James Tessier, who appeared to be the missing link between The Standells, the band's sound was simple, fuzzy and perfect. These cats were no strangers to reverb. Tess' original compositions came to life with electrical transmissions from Dan Mullen's lead guitar. The primal garage rock sound of 'Over and Over' was balanced by Tess' soft-spoken vocals. 'You Did Here Wrong' could have been plucked from any top shelf album of lost nuggets. 'In the Sound Room' points to endless possibilities of mind expansion. This is the good stuff. LSD before it was cut with strychnine. -- Blaine SchultzFirst reissue of rare cassette-only underground neo-psychedelic punk steeped in Pebbles-era rock, from this Milwaukee band which featured Dan Mullin (Plasticland) on guitar and the talents -- songwriting and otherwise -- of iconic underground maven Tess (James Tessier). 'I Want Speed' shows The SilverBeats' affinity to West Coast psychedelia. And it's no coincidence that they cover the Human Expression's 'Calm Me Down,' rich with harmony vocal, and The Pretty Things' 'Midnight to Six (Man),' replacing the original's rough R 'n' B-edge with a slight psychedelic tinge -- a real showpiece for drummer Mike Hughes. Another killer is 'Over And Over,' penned by Tess (like all the other originals on this album). It layers beautiful, trippy guitar, a catchy vocal melody, lots of echo, strange effects, and weird sounds before it closes, and we move on to the jolly, jumping 'Love Comes Knockin.' Comes with an 8-page booklet featuring a description by journalist David Luhrssen of the Milwaukee underground music scene which produced Plasticland, Daszu, the band \u00d6r, and the Violent Femmes, among others.","robots":{"index":"index","follow":"follow","max-snippet":"max-snippet:-1","max-image-preview":"max-image-preview:large","max-video-preview":"max-video-preview:-1"},"canonical":"https:\/\/wpguerssen-test.odoo.rgbconsulting.com\/es\/producto\/the-silverbeats-black\/","og_locale":"es_ES","og_type":"article","og_title":"SILVERBEATS, The - The Silverbeats (Black) -  (LP) | Guerssen","og_description":"\"The first time I saw the SilverBeats... the band took the cramped stage at the window near the front door. Fronted by James Tessier, who appeared to be the missing link between The Standells, the band's sound was simple, fuzzy and perfect. These cats were no strangers to reverb. Tess' original compositions came to life with electrical transmissions from Dan Mullen's lead guitar. The primal garage rock sound of 'Over and Over' was balanced by Tess' soft-spoken vocals. 'You Did Here Wrong' could have been plucked from any top shelf album of lost nuggets. 'In the Sound Room' points to endless possibilities of mind expansion. This is the good stuff. LSD before it was cut with strychnine. -- Blaine SchultzFirst reissue of rare cassette-only underground neo-psychedelic punk steeped in Pebbles-era rock, from this Milwaukee band which featured Dan Mullin (Plasticland) on guitar and the talents -- songwriting and otherwise -- of iconic underground maven Tess (James Tessier). 'I Want Speed' shows The SilverBeats' affinity to West Coast psychedelia. And it's no coincidence that they cover the Human Expression's 'Calm Me Down,' rich with harmony vocal, and The Pretty Things' 'Midnight to Six (Man),' replacing the original's rough R 'n' B-edge with a slight psychedelic tinge -- a real showpiece for drummer Mike Hughes. Another killer is 'Over And Over,' penned by Tess (like all the other originals on this album). It layers beautiful, trippy guitar, a catchy vocal melody, lots of echo, strange effects, and weird sounds before it closes, and we move on to the jolly, jumping 'Love Comes Knockin.' Comes with an 8-page booklet featuring a description by journalist David Luhrssen of the Milwaukee underground music scene which produced Plasticland, Daszu, the band \u00d6r, and the Violent Femmes, among others.","og_url":"https:\/\/wpguerssen-test.odoo.rgbconsulting.com\/es\/producto\/the-silverbeats-black\/","og_site_name":"Guerssen records","article_modified_time":"2024-12-16T16:47:02+00:00","og_image":[{"width":481,"height":487,"url":"https:\/\/wpguerssen-test.odoo.rgbconsulting.com\/wp-content\/uploads\/2023\/01\/42266.jpg","type":"image\/jpeg"}],"twitter_card":"summary_large_image","twitter_title":"SILVERBEATS, The - The Silverbeats (Black) -  (LP) | Guerssen","schema":{"@context":"https:\/\/schema.org","@graph":[{"@type":"WebPage","@id":"https:\/\/wpguerssen-test.odoo.rgbconsulting.com\/es\/producto\/the-silverbeats-black\/","url":"https:\/\/wpguerssen-test.odoo.rgbconsulting.com\/es\/producto\/the-silverbeats-black\/","name":"SILVERBEATS, The - The Silverbeats (Black) - (LP) | Guerssen","isPartOf":{"@id":"https:\/\/wpguerssen-test.odoo.rgbconsulting.com\/es\/#website"},"primaryImageOfPage":{"@id":"https:\/\/wpguerssen-test.odoo.rgbconsulting.com\/es\/producto\/the-silverbeats-black\/#primaryimage"},"image":{"@id":"https:\/\/wpguerssen-test.odoo.rgbconsulting.com\/es\/producto\/the-silverbeats-black\/#primaryimage"},"thumbnailUrl":"https:\/\/wpguerssen-test.odoo.rgbconsulting.com\/wp-content\/uploads\/2023\/01\/42266.jpg","datePublished":"2023-09-06T22:00:00+00:00","dateModified":"2024-12-16T16:47:02+00:00","description":"\"The first time I saw the SilverBeats... the band took the cramped stage at the window near the front door. Fronted by James Tessier, who appeared to be the missing link between The Standells, the band's sound was simple, fuzzy and perfect. These cats were no strangers to reverb. Tess' original compositions came to life with electrical transmissions from Dan Mullen's lead guitar. The primal garage rock sound of 'Over and Over' was balanced by Tess' soft-spoken vocals. 'You Did Here Wrong' could have been plucked from any top shelf album of lost nuggets. 'In the Sound Room' points to endless possibilities of mind expansion. This is the good stuff. LSD before it was cut with strychnine. -- Blaine SchultzFirst reissue of rare cassette-only underground neo-psychedelic punk steeped in Pebbles-era rock, from this Milwaukee band which featured Dan Mullin (Plasticland) on guitar and the talents -- songwriting and otherwise -- of iconic underground maven Tess (James Tessier). 'I Want Speed' shows The SilverBeats' affinity to West Coast psychedelia. And it's no coincidence that they cover the Human Expression's 'Calm Me Down,' rich with harmony vocal, and The Pretty Things' 'Midnight to Six (Man),' replacing the original's rough R 'n' B-edge with a slight psychedelic tinge -- a real showpiece for drummer Mike Hughes. Another killer is 'Over And Over,' penned by Tess (like all the other originals on this album). It layers beautiful, trippy guitar, a catchy vocal melody, lots of echo, strange effects, and weird sounds before it closes, and we move on to the jolly, jumping 'Love Comes Knockin.' Comes with an 8-page booklet featuring a description by journalist David Luhrssen of the Milwaukee underground music scene which produced Plasticland, Daszu, the band \u00d6r, and the Violent Femmes, among others.","breadcrumb":{"@id":"https:\/\/wpguerssen-test.odoo.rgbconsulting.com\/es\/producto\/the-silverbeats-black\/#breadcrumb"},"inLanguage":"es","potentialAction":[{"@type":"ReadAction","target":["https:\/\/wpguerssen-test.odoo.rgbconsulting.com\/es\/producto\/the-silverbeats-black\/"]}]},{"@type":"ImageObject","inLanguage":"es","@id":"https:\/\/wpguerssen-test.odoo.rgbconsulting.com\/es\/producto\/the-silverbeats-black\/#primaryimage","url":"https:\/\/wpguerssen-test.odoo.rgbconsulting.com\/wp-content\/uploads\/2023\/01\/42266.jpg","contentUrl":"https:\/\/wpguerssen-test.odoo.rgbconsulting.com\/wp-content\/uploads\/2023\/01\/42266.jpg","width":481,"height":487,"caption":"The - The Silverbeats (Black) - RETURN TO ANALOG (LP) | Guerssen"},{"@type":"BreadcrumbList","@id":"https:\/\/wpguerssen-test.odoo.rgbconsulting.com\/es\/producto\/the-silverbeats-black\/#breadcrumb","itemListElement":[{"@type":"ListItem","position":1,"name":"Inicio","item":"https:\/\/wpguerssen-test.odoo.rgbconsulting.com\/es\/"},{"@type":"ListItem","position":2,"name":"Shop","item":"https:\/\/wpguerssen-test.odoo.rgbconsulting.com\/shop\/"},{"@type":"ListItem","position":3,"name":"The Silverbeats (Black)"}]},{"@type":"WebSite","@id":"https:\/\/wpguerssen-test.odoo.rgbconsulting.com\/es\/#website","url":"https:\/\/wpguerssen-test.odoo.rgbconsulting.com\/es\/","name":"Guerssen records","description":"psychedelia - progressive - folk - garage ","publisher":{"@id":"https:\/\/wpguerssen-test.odoo.rgbconsulting.com\/es\/#organization"},"potentialAction":[{"@type":"SearchAction","target":{"@type":"EntryPoint","urlTemplate":"https:\/\/wpguerssen-test.odoo.rgbconsulting.com\/es\/?s={search_term_string}"},"query-input":{"@type":"PropertyValueSpecification","valueRequired":true,"valueName":"search_term_string"}}],"inLanguage":"es"},{"@type":"Organization","@id":"https:\/\/wpguerssen-test.odoo.rgbconsulting.com\/es\/#organization","name":"Guerssen records","url":"https:\/\/wpguerssen-test.odoo.rgbconsulting.com\/es\/","logo":{"@type":"ImageObject","inLanguage":"es","@id":"https:\/\/wpguerssen-test.odoo.rgbconsulting.com\/es\/#\/schema\/logo\/image\/","url":"https:\/\/wpguerssen-test.odoo.rgbconsulting.com\/wp-content\/uploads\/2022\/04\/Logo_Guerssen_trans_100.png","contentUrl":"https:\/\/wpguerssen-test.odoo.rgbconsulting.com\/wp-content\/uploads\/2022\/04\/Logo_Guerssen_trans_100.png","width":122,"height":100,"caption":"Guerssen records"},"image":{"@id":"https:\/\/wpguerssen-test.odoo.rgbconsulting.com\/es\/#\/schema\/logo\/image\/"}}]}},"_links":{"self":[{"href":"https:\/\/wpguerssen-test.odoo.rgbconsulting.com\/es\/wp-json\/wp\/v2\/product\/220273","targetHints":{"allow":["GET"]}}],"collection":[{"href":"https:\/\/wpguerssen-test.odoo.rgbconsulting.com\/es\/wp-json\/wp\/v2\/product"}],"about":[{"href":"https:\/\/wpguerssen-test.odoo.rgbconsulting.com\/es\/wp-json\/wp\/v2\/types\/product"}],"wp:featuredmedia":[{"embeddable":true,"href":"https:\/\/wpguerssen-test.odoo.rgbconsulting.com\/es\/wp-json\/wp\/v2\/media\/225017"}],"wp:attachment":[{"href":"https:\/\/wpguerssen-test.odoo.rgbconsulting.com\/es\/wp-json\/wp\/v2\/media?parent=220273"}],"wp:term":[{"taxonomy":"product_brand","embeddable":true,"href":"https:\/\/wpguerssen-test.odoo.rgbconsulting.com\/es\/wp-json\/wp\/v2\/product_brand?post=220273"},{"taxonomy":"product_cat","embeddable":true,"href":"https:\/\/wpguerssen-test.odoo.rgbconsulting.com\/es\/wp-json\/wp\/v2\/product_cat?post=220273"},{"taxonomy":"product_tag","embeddable":true,"href":"https:\/\/wpguerssen-test.odoo.rgbconsulting.com\/es\/wp-json\/wp\/v2\/product_tag?post=220273"}],"curies":[{"name":"wp","href":"https:\/\/api.w.org\/{rel}","templated":true}]}}