{"id":220276,"date":"2023-09-07T00:00:00","date_gmt":"2023-09-06T22:00:00","guid":{"rendered":"https:\/\/wpguerssen-test.odoo.rgbconsulting.com\/product\/release-the-sunshine-black\/"},"modified":"2025-01-24T13:26:51","modified_gmt":"2025-01-24T12:26:51","slug":"release-the-sunshine-black","status":"publish","type":"product","link":"https:\/\/wpguerssen-test.odoo.rgbconsulting.com\/es\/producto\/release-the-sunshine-black\/","title":{"rendered":"Release the sunshine (Black)"},"content":{"rendered":"<p>Una edici\u00f3n recientemente remasterizada de este cl\u00e1sico canadiense de folk psicod\u00e9lico; perfecta psicodelia pop de ensue\u00f1o, infundida por la luz del sol con una inclinaci\u00f3n folk, lanzada originalmente por el sello canadiense independiente Allied Records en 1968. Cuando publicamos por primera vez este fant\u00e1stico \u00e1lbum hace muchos a\u00f1os, nuestro folleto inclu\u00eda los pocos fragmentos de informaci\u00f3n sobre la banda que pudimos encontrar. Desafiamos a \u00abcualquiera por ah\u00ed\u00bb para que encontrara informaci\u00f3n sobre esta escurridiza e intrigante banda. Bueno, nos complace que alguien aceptara esa oferta, y que esa persona espec\u00edfica fue el l\u00edder de la banda Tom Waschkowski (acreditado en el \u00e1lbum como Tom Martin). \u00c9l amablemente nos ofreci\u00f3 una historia de la banda, letras y algunas fotos fabulosas. Esto nos permite ofrecer una reedici\u00f3n de este \u00e1lbum tan perfecta como sea humanamente posible. \u00abRelease the Sunshine\u00bb es un \u00e1lbum cautivador, una noci\u00f3n compartida por los muchos coleccionistas en todo el mundo que luchan por las copias originales, que son pocas y distantes entre s\u00ed. Glorioso sonido remasterizado, ya que las doce pistas del LP se tomaron directamente de las cintas maestras.<\/p>\n","protected":false},"excerpt":{"rendered":"<p>Una edici\u00f3n recientemente remasterizada de este cl\u00e1sico canadiense de folk psicod\u00e9lico; perfecta psicodelia pop de ensue\u00f1o, infundida por la luz del sol con una<a class=\"read\" href=\"https:\/\/wpguerssen-test.odoo.rgbconsulting.com\/es\/producto\/release-the-sunshine-black\/\"> (...)<\/a>","protected":false},"featured_media":221447,"template":"","meta":{"_acf_changed":false},"product_brand":[],"product_cat":[21639,23271],"product_tag":[],"class_list":{"0":"post-220276","1":"product","2":"type-product","3":"status-publish","4":"has-post-thumbnail","6":"product_cat-psychedelic60s-70s-es","7":"product_cat-folk-60s-70s-es","8":"pa_artist-folklords-the-es","9":"pa_format-lp-es","10":"pa_gender-folk-60s-70s-psychedelic60s-70s","11":"pa_label-return-to-analog","12":"pa_location-north-america-es","13":"pa_other-filters-vinyl-only-es","15":"first","16":"instock","17":"taxable","18":"shipping-taxable","19":"purchasable","20":"product-type-simple"},"acf":[],"yoast_head":"<!-- This site is optimized with the Yoast SEO plugin v24.9 - https:\/\/yoast.com\/wordpress\/plugins\/seo\/ -->\n<title>FOLKLORDS, The - Release the sunshine (Black) -  (LP) | Guerssen<\/title>\n<meta name=\"description\" content=\"A newly remastered edition of this Canadian folk\/psych classic -- perfect dreamy, sunshine-infused pop psychedelia with a folk bent, originally released by independent Canadian label Allied Records in 1968. When we first issued this terrific album many years ago, our booklet featured the few scraps of information on the band we could find. We challenged &quot;anyone out there&quot; to find some information on this elusive and intriguing band. Well, we&#039;re pleased that someone took us up on that offer, and that the specific someone was band leader Tom Waschkowski (credited on the album as Tom Martin). He graciously offered us a band history, lyrics, and some terrific photos. This allows us to offer up as perfect a reissue of this album as humanly possible. The Folklords &quot;Release the Sunshine&quot; is a captivating album, a notion shared by the many collectors world-wide who fight for original copies, which are few and far between. Strange thing is, if someone were to say to us that the Folklords album was released by Creation Records in 1987, it would be difficult to argue. You may well ask, why? Our answer: the chiming guitars, the rattle of tambourine, the dreaminess, and the meandering harmony vocals of Martha Johnson place the Folklords closer to Biff Bang Pow, the Jesus and Mary Chain, the Revolving Paint Dream, or even My Bloody Valentine&#039;s debut, &quot;Ecstasy and Wine&quot; (granted, at a much slower speed, and without the rampant fuzz guitar) than it does to sunny 1960&#039;s poppiness. Glorious remastered sound, as the twelve LP tracks were taken directly from the master-tapes.\" \/>\n<meta name=\"robots\" content=\"index, follow, max-snippet:-1, max-image-preview:large, max-video-preview:-1\" \/>\n<link rel=\"canonical\" href=\"https:\/\/wpguerssen-test.odoo.rgbconsulting.com\/es\/producto\/release-the-sunshine-black\/\" \/>\n<meta property=\"og:locale\" content=\"es_ES\" \/>\n<meta property=\"og:type\" content=\"article\" \/>\n<meta property=\"og:title\" content=\"FOLKLORDS, The - Release the sunshine (Black) -  (LP) | Guerssen\" \/>\n<meta property=\"og:description\" content=\"A newly remastered edition of this Canadian folk\/psych classic -- perfect dreamy, sunshine-infused pop psychedelia with a folk bent, originally released by independent Canadian label Allied Records in 1968. When we first issued this terrific album many years ago, our booklet featured the few scraps of information on the band we could find. We challenged &quot;anyone out there&quot; to find some information on this elusive and intriguing band. Well, we&#039;re pleased that someone took us up on that offer, and that the specific someone was band leader Tom Waschkowski (credited on the album as Tom Martin). He graciously offered us a band history, lyrics, and some terrific photos. This allows us to offer up as perfect a reissue of this album as humanly possible. The Folklords &quot;Release the Sunshine&quot; is a captivating album, a notion shared by the many collectors world-wide who fight for original copies, which are few and far between. Strange thing is, if someone were to say to us that the Folklords album was released by Creation Records in 1987, it would be difficult to argue. You may well ask, why? Our answer: the chiming guitars, the rattle of tambourine, the dreaminess, and the meandering harmony vocals of Martha Johnson place the Folklords closer to Biff Bang Pow, the Jesus and Mary Chain, the Revolving Paint Dream, or even My Bloody Valentine&#039;s debut, &quot;Ecstasy and Wine&quot; (granted, at a much slower speed, and without the rampant fuzz guitar) than it does to sunny 1960&#039;s poppiness. Glorious remastered sound, as the twelve LP tracks were taken directly from the master-tapes.\" \/>\n<meta property=\"og:url\" content=\"https:\/\/wpguerssen-test.odoo.rgbconsulting.com\/es\/producto\/release-the-sunshine-black\/\" \/>\n<meta property=\"og:site_name\" content=\"Guerssen records\" \/>\n<meta property=\"article:modified_time\" content=\"2025-01-24T12:26:51+00:00\" \/>\n<meta property=\"og:image\" content=\"https:\/\/wpguerssen-test.odoo.rgbconsulting.com\/wp-content\/uploads\/2022\/11\/42269.jpg\" \/>\n\t<meta property=\"og:image:width\" content=\"600\" \/>\n\t<meta property=\"og:image:height\" content=\"600\" \/>\n\t<meta property=\"og:image:type\" content=\"image\/jpeg\" \/>\n<meta name=\"twitter:card\" content=\"summary_large_image\" \/>\n<meta name=\"twitter:title\" content=\"FOLKLORDS, The - Release the sunshine (Black) -  (LP) | Guerssen\" \/>\n<meta name=\"twitter:label1\" content=\"Tiempo de lectura\" \/>\n\t<meta name=\"twitter:data1\" content=\"1 minuto\" \/>\n<script type=\"application\/ld+json\" class=\"yoast-schema-graph\">{\"@context\":\"https:\/\/schema.org\",\"@graph\":[{\"@type\":\"WebPage\",\"@id\":\"https:\/\/wpguerssen-test.odoo.rgbconsulting.com\/es\/producto\/release-the-sunshine-black\/\",\"url\":\"https:\/\/wpguerssen-test.odoo.rgbconsulting.com\/es\/producto\/release-the-sunshine-black\/\",\"name\":\"FOLKLORDS, The - Release the sunshine (Black) - (LP) | Guerssen\",\"isPartOf\":{\"@id\":\"https:\/\/wpguerssen-test.odoo.rgbconsulting.com\/es\/#website\"},\"primaryImageOfPage\":{\"@id\":\"https:\/\/wpguerssen-test.odoo.rgbconsulting.com\/es\/producto\/release-the-sunshine-black\/#primaryimage\"},\"image\":{\"@id\":\"https:\/\/wpguerssen-test.odoo.rgbconsulting.com\/es\/producto\/release-the-sunshine-black\/#primaryimage\"},\"thumbnailUrl\":\"https:\/\/wpguerssen-test.odoo.rgbconsulting.com\/wp-content\/uploads\/2022\/11\/42269.jpg\",\"datePublished\":\"2023-09-06T22:00:00+00:00\",\"dateModified\":\"2025-01-24T12:26:51+00:00\",\"description\":\"A newly remastered edition of this Canadian folk\/psych classic -- perfect dreamy, sunshine-infused pop psychedelia with a folk bent, originally released by independent Canadian label Allied Records in 1968. When we first issued this terrific album many years ago, our booklet featured the few scraps of information on the band we could find. We challenged \\\"anyone out there\\\" to find some information on this elusive and intriguing band. Well, we're pleased that someone took us up on that offer, and that the specific someone was band leader Tom Waschkowski (credited on the album as Tom Martin). He graciously offered us a band history, lyrics, and some terrific photos. This allows us to offer up as perfect a reissue of this album as humanly possible. The Folklords \\\"Release the Sunshine\\\" is a captivating album, a notion shared by the many collectors world-wide who fight for original copies, which are few and far between. Strange thing is, if someone were to say to us that the Folklords album was released by Creation Records in 1987, it would be difficult to argue. You may well ask, why? Our answer: the chiming guitars, the rattle of tambourine, the dreaminess, and the meandering harmony vocals of Martha Johnson place the Folklords closer to Biff Bang Pow, the Jesus and Mary Chain, the Revolving Paint Dream, or even My Bloody Valentine's debut, \\\"Ecstasy and Wine\\\" (granted, at a much slower speed, and without the rampant fuzz guitar) than it does to sunny 1960's poppiness. Glorious remastered sound, as the twelve LP tracks were taken directly from the master-tapes.\",\"breadcrumb\":{\"@id\":\"https:\/\/wpguerssen-test.odoo.rgbconsulting.com\/es\/producto\/release-the-sunshine-black\/#breadcrumb\"},\"inLanguage\":\"es\",\"potentialAction\":[{\"@type\":\"ReadAction\",\"target\":[\"https:\/\/wpguerssen-test.odoo.rgbconsulting.com\/es\/producto\/release-the-sunshine-black\/\"]}]},{\"@type\":\"ImageObject\",\"inLanguage\":\"es\",\"@id\":\"https:\/\/wpguerssen-test.odoo.rgbconsulting.com\/es\/producto\/release-the-sunshine-black\/#primaryimage\",\"url\":\"https:\/\/wpguerssen-test.odoo.rgbconsulting.com\/wp-content\/uploads\/2022\/11\/42269.jpg\",\"contentUrl\":\"https:\/\/wpguerssen-test.odoo.rgbconsulting.com\/wp-content\/uploads\/2022\/11\/42269.jpg\",\"width\":600,\"height\":600,\"caption\":\"The - Release the sunshine (Black) - RETURN TO ANALOG (LP) | Guerssen\"},{\"@type\":\"BreadcrumbList\",\"@id\":\"https:\/\/wpguerssen-test.odoo.rgbconsulting.com\/es\/producto\/release-the-sunshine-black\/#breadcrumb\",\"itemListElement\":[{\"@type\":\"ListItem\",\"position\":1,\"name\":\"Inicio\",\"item\":\"https:\/\/wpguerssen-test.odoo.rgbconsulting.com\/es\/\"},{\"@type\":\"ListItem\",\"position\":2,\"name\":\"Shop\",\"item\":\"https:\/\/wpguerssen-test.odoo.rgbconsulting.com\/shop\/\"},{\"@type\":\"ListItem\",\"position\":3,\"name\":\"Release the sunshine (Black)\"}]},{\"@type\":\"WebSite\",\"@id\":\"https:\/\/wpguerssen-test.odoo.rgbconsulting.com\/es\/#website\",\"url\":\"https:\/\/wpguerssen-test.odoo.rgbconsulting.com\/es\/\",\"name\":\"Guerssen records\",\"description\":\"psychedelia - progressive - folk - garage \",\"publisher\":{\"@id\":\"https:\/\/wpguerssen-test.odoo.rgbconsulting.com\/es\/#organization\"},\"potentialAction\":[{\"@type\":\"SearchAction\",\"target\":{\"@type\":\"EntryPoint\",\"urlTemplate\":\"https:\/\/wpguerssen-test.odoo.rgbconsulting.com\/es\/?s={search_term_string}\"},\"query-input\":{\"@type\":\"PropertyValueSpecification\",\"valueRequired\":true,\"valueName\":\"search_term_string\"}}],\"inLanguage\":\"es\"},{\"@type\":\"Organization\",\"@id\":\"https:\/\/wpguerssen-test.odoo.rgbconsulting.com\/es\/#organization\",\"name\":\"Guerssen records\",\"url\":\"https:\/\/wpguerssen-test.odoo.rgbconsulting.com\/es\/\",\"logo\":{\"@type\":\"ImageObject\",\"inLanguage\":\"es\",\"@id\":\"https:\/\/wpguerssen-test.odoo.rgbconsulting.com\/es\/#\/schema\/logo\/image\/\",\"url\":\"https:\/\/wpguerssen-test.odoo.rgbconsulting.com\/wp-content\/uploads\/2022\/04\/Logo_Guerssen_trans_100.png\",\"contentUrl\":\"https:\/\/wpguerssen-test.odoo.rgbconsulting.com\/wp-content\/uploads\/2022\/04\/Logo_Guerssen_trans_100.png\",\"width\":122,\"height\":100,\"caption\":\"Guerssen records\"},\"image\":{\"@id\":\"https:\/\/wpguerssen-test.odoo.rgbconsulting.com\/es\/#\/schema\/logo\/image\/\"}}]}<\/script>\n<!-- \/ Yoast SEO plugin. -->","yoast_head_json":{"title":"FOLKLORDS, The - Release the sunshine (Black) -  (LP) | Guerssen","description":"A newly remastered edition of this Canadian folk\/psych classic -- perfect dreamy, sunshine-infused pop psychedelia with a folk bent, originally released by independent Canadian label Allied Records in 1968. When we first issued this terrific album many years ago, our booklet featured the few scraps of information on the band we could find. We challenged \"anyone out there\" to find some information on this elusive and intriguing band. Well, we're pleased that someone took us up on that offer, and that the specific someone was band leader Tom Waschkowski (credited on the album as Tom Martin). He graciously offered us a band history, lyrics, and some terrific photos. This allows us to offer up as perfect a reissue of this album as humanly possible. The Folklords \"Release the Sunshine\" is a captivating album, a notion shared by the many collectors world-wide who fight for original copies, which are few and far between. Strange thing is, if someone were to say to us that the Folklords album was released by Creation Records in 1987, it would be difficult to argue. You may well ask, why? Our answer: the chiming guitars, the rattle of tambourine, the dreaminess, and the meandering harmony vocals of Martha Johnson place the Folklords closer to Biff Bang Pow, the Jesus and Mary Chain, the Revolving Paint Dream, or even My Bloody Valentine's debut, \"Ecstasy and Wine\" (granted, at a much slower speed, and without the rampant fuzz guitar) than it does to sunny 1960's poppiness. Glorious remastered sound, as the twelve LP tracks were taken directly from the master-tapes.","robots":{"index":"index","follow":"follow","max-snippet":"max-snippet:-1","max-image-preview":"max-image-preview:large","max-video-preview":"max-video-preview:-1"},"canonical":"https:\/\/wpguerssen-test.odoo.rgbconsulting.com\/es\/producto\/release-the-sunshine-black\/","og_locale":"es_ES","og_type":"article","og_title":"FOLKLORDS, The - Release the sunshine (Black) -  (LP) | Guerssen","og_description":"A newly remastered edition of this Canadian folk\/psych classic -- perfect dreamy, sunshine-infused pop psychedelia with a folk bent, originally released by independent Canadian label Allied Records in 1968. When we first issued this terrific album many years ago, our booklet featured the few scraps of information on the band we could find. We challenged \"anyone out there\" to find some information on this elusive and intriguing band. Well, we're pleased that someone took us up on that offer, and that the specific someone was band leader Tom Waschkowski (credited on the album as Tom Martin). He graciously offered us a band history, lyrics, and some terrific photos. This allows us to offer up as perfect a reissue of this album as humanly possible. The Folklords \"Release the Sunshine\" is a captivating album, a notion shared by the many collectors world-wide who fight for original copies, which are few and far between. Strange thing is, if someone were to say to us that the Folklords album was released by Creation Records in 1987, it would be difficult to argue. You may well ask, why? Our answer: the chiming guitars, the rattle of tambourine, the dreaminess, and the meandering harmony vocals of Martha Johnson place the Folklords closer to Biff Bang Pow, the Jesus and Mary Chain, the Revolving Paint Dream, or even My Bloody Valentine's debut, \"Ecstasy and Wine\" (granted, at a much slower speed, and without the rampant fuzz guitar) than it does to sunny 1960's poppiness. Glorious remastered sound, as the twelve LP tracks were taken directly from the master-tapes.","og_url":"https:\/\/wpguerssen-test.odoo.rgbconsulting.com\/es\/producto\/release-the-sunshine-black\/","og_site_name":"Guerssen records","article_modified_time":"2025-01-24T12:26:51+00:00","og_image":[{"width":600,"height":600,"url":"https:\/\/wpguerssen-test.odoo.rgbconsulting.com\/wp-content\/uploads\/2022\/11\/42269.jpg","type":"image\/jpeg"}],"twitter_card":"summary_large_image","twitter_title":"FOLKLORDS, The - Release the sunshine (Black) -  (LP) | Guerssen","twitter_misc":{"Tiempo de lectura":"1 minuto"},"schema":{"@context":"https:\/\/schema.org","@graph":[{"@type":"WebPage","@id":"https:\/\/wpguerssen-test.odoo.rgbconsulting.com\/es\/producto\/release-the-sunshine-black\/","url":"https:\/\/wpguerssen-test.odoo.rgbconsulting.com\/es\/producto\/release-the-sunshine-black\/","name":"FOLKLORDS, The - Release the sunshine (Black) - (LP) | Guerssen","isPartOf":{"@id":"https:\/\/wpguerssen-test.odoo.rgbconsulting.com\/es\/#website"},"primaryImageOfPage":{"@id":"https:\/\/wpguerssen-test.odoo.rgbconsulting.com\/es\/producto\/release-the-sunshine-black\/#primaryimage"},"image":{"@id":"https:\/\/wpguerssen-test.odoo.rgbconsulting.com\/es\/producto\/release-the-sunshine-black\/#primaryimage"},"thumbnailUrl":"https:\/\/wpguerssen-test.odoo.rgbconsulting.com\/wp-content\/uploads\/2022\/11\/42269.jpg","datePublished":"2023-09-06T22:00:00+00:00","dateModified":"2025-01-24T12:26:51+00:00","description":"A newly remastered edition of this Canadian folk\/psych classic -- perfect dreamy, sunshine-infused pop psychedelia with a folk bent, originally released by independent Canadian label Allied Records in 1968. When we first issued this terrific album many years ago, our booklet featured the few scraps of information on the band we could find. We challenged \"anyone out there\" to find some information on this elusive and intriguing band. Well, we're pleased that someone took us up on that offer, and that the specific someone was band leader Tom Waschkowski (credited on the album as Tom Martin). He graciously offered us a band history, lyrics, and some terrific photos. This allows us to offer up as perfect a reissue of this album as humanly possible. The Folklords \"Release the Sunshine\" is a captivating album, a notion shared by the many collectors world-wide who fight for original copies, which are few and far between. Strange thing is, if someone were to say to us that the Folklords album was released by Creation Records in 1987, it would be difficult to argue. You may well ask, why? Our answer: the chiming guitars, the rattle of tambourine, the dreaminess, and the meandering harmony vocals of Martha Johnson place the Folklords closer to Biff Bang Pow, the Jesus and Mary Chain, the Revolving Paint Dream, or even My Bloody Valentine's debut, \"Ecstasy and Wine\" (granted, at a much slower speed, and without the rampant fuzz guitar) than it does to sunny 1960's poppiness. Glorious remastered sound, as the twelve LP tracks were taken directly from the master-tapes.","breadcrumb":{"@id":"https:\/\/wpguerssen-test.odoo.rgbconsulting.com\/es\/producto\/release-the-sunshine-black\/#breadcrumb"},"inLanguage":"es","potentialAction":[{"@type":"ReadAction","target":["https:\/\/wpguerssen-test.odoo.rgbconsulting.com\/es\/producto\/release-the-sunshine-black\/"]}]},{"@type":"ImageObject","inLanguage":"es","@id":"https:\/\/wpguerssen-test.odoo.rgbconsulting.com\/es\/producto\/release-the-sunshine-black\/#primaryimage","url":"https:\/\/wpguerssen-test.odoo.rgbconsulting.com\/wp-content\/uploads\/2022\/11\/42269.jpg","contentUrl":"https:\/\/wpguerssen-test.odoo.rgbconsulting.com\/wp-content\/uploads\/2022\/11\/42269.jpg","width":600,"height":600,"caption":"The - Release the sunshine (Black) - RETURN TO ANALOG (LP) | Guerssen"},{"@type":"BreadcrumbList","@id":"https:\/\/wpguerssen-test.odoo.rgbconsulting.com\/es\/producto\/release-the-sunshine-black\/#breadcrumb","itemListElement":[{"@type":"ListItem","position":1,"name":"Inicio","item":"https:\/\/wpguerssen-test.odoo.rgbconsulting.com\/es\/"},{"@type":"ListItem","position":2,"name":"Shop","item":"https:\/\/wpguerssen-test.odoo.rgbconsulting.com\/shop\/"},{"@type":"ListItem","position":3,"name":"Release the sunshine (Black)"}]},{"@type":"WebSite","@id":"https:\/\/wpguerssen-test.odoo.rgbconsulting.com\/es\/#website","url":"https:\/\/wpguerssen-test.odoo.rgbconsulting.com\/es\/","name":"Guerssen records","description":"psychedelia - progressive - folk - garage ","publisher":{"@id":"https:\/\/wpguerssen-test.odoo.rgbconsulting.com\/es\/#organization"},"potentialAction":[{"@type":"SearchAction","target":{"@type":"EntryPoint","urlTemplate":"https:\/\/wpguerssen-test.odoo.rgbconsulting.com\/es\/?s={search_term_string}"},"query-input":{"@type":"PropertyValueSpecification","valueRequired":true,"valueName":"search_term_string"}}],"inLanguage":"es"},{"@type":"Organization","@id":"https:\/\/wpguerssen-test.odoo.rgbconsulting.com\/es\/#organization","name":"Guerssen records","url":"https:\/\/wpguerssen-test.odoo.rgbconsulting.com\/es\/","logo":{"@type":"ImageObject","inLanguage":"es","@id":"https:\/\/wpguerssen-test.odoo.rgbconsulting.com\/es\/#\/schema\/logo\/image\/","url":"https:\/\/wpguerssen-test.odoo.rgbconsulting.com\/wp-content\/uploads\/2022\/04\/Logo_Guerssen_trans_100.png","contentUrl":"https:\/\/wpguerssen-test.odoo.rgbconsulting.com\/wp-content\/uploads\/2022\/04\/Logo_Guerssen_trans_100.png","width":122,"height":100,"caption":"Guerssen records"},"image":{"@id":"https:\/\/wpguerssen-test.odoo.rgbconsulting.com\/es\/#\/schema\/logo\/image\/"}}]}},"_links":{"self":[{"href":"https:\/\/wpguerssen-test.odoo.rgbconsulting.com\/es\/wp-json\/wp\/v2\/product\/220276","targetHints":{"allow":["GET"]}}],"collection":[{"href":"https:\/\/wpguerssen-test.odoo.rgbconsulting.com\/es\/wp-json\/wp\/v2\/product"}],"about":[{"href":"https:\/\/wpguerssen-test.odoo.rgbconsulting.com\/es\/wp-json\/wp\/v2\/types\/product"}],"wp:featuredmedia":[{"embeddable":true,"href":"https:\/\/wpguerssen-test.odoo.rgbconsulting.com\/es\/wp-json\/wp\/v2\/media\/221447"}],"wp:attachment":[{"href":"https:\/\/wpguerssen-test.odoo.rgbconsulting.com\/es\/wp-json\/wp\/v2\/media?parent=220276"}],"wp:term":[{"taxonomy":"product_brand","embeddable":true,"href":"https:\/\/wpguerssen-test.odoo.rgbconsulting.com\/es\/wp-json\/wp\/v2\/product_brand?post=220276"},{"taxonomy":"product_cat","embeddable":true,"href":"https:\/\/wpguerssen-test.odoo.rgbconsulting.com\/es\/wp-json\/wp\/v2\/product_cat?post=220276"},{"taxonomy":"product_tag","embeddable":true,"href":"https:\/\/wpguerssen-test.odoo.rgbconsulting.com\/es\/wp-json\/wp\/v2\/product_tag?post=220276"}],"curies":[{"name":"wp","href":"https:\/\/api.w.org\/{rel}","templated":true}]}}