{"id":220279,"date":"2023-01-23T00:00:00","date_gmt":"2023-01-22T23:00:00","guid":{"rendered":"https:\/\/wpguerssen-test.odoo.rgbconsulting.com\/product\/up-from-the-sewers-transparent-red\/"},"modified":"2025-01-09T15:16:53","modified_gmt":"2025-01-09T14:16:53","slug":"up-from-the-sewers-transparent-red","status":"publish","type":"product","link":"https:\/\/wpguerssen-test.odoo.rgbconsulting.com\/es\/producto\/up-from-the-sewers-transparent-red\/","title":{"rendered":"Up from the sewers (Transparent Red)"},"content":{"rendered":"<p>Prensaje privado Anarco-Hippie clandestino anti-sistema por excelencia de una banda (y comuna) de Chicago alrededor de 1970, con letras po\u00e9ticas, a veces viciosas. Yama y los Karma Dusters (tambi\u00e9n conocidos como Euphoria Blimpworks Band) eran hippies interraciales, contra la guerra, amor libre&#8230; Sonaba como un cruce entre The Blues Project y la banda de Dylan.<br \/>* 150 copias numeradas a mano en vinilo rojo transparente<br \/>*Primera reedici\u00f3n leg\u00edtima de esta edici\u00f3n privada antisistema<br \/>Viene con un folleto de 16 p\u00e1ginas de memorias gonzo de su comuna hippie, con toneladas de fotos.<\/p>\n","protected":false},"excerpt":{"rendered":"<p>Prensaje privado Anarco-Hippie clandestino anti-sistema por excelencia de una banda (y comuna) de Chicago alrededor de 1970, con letras po\u00e9ticas, a veces viciosas.<a class=\"read\" href=\"https:\/\/wpguerssen-test.odoo.rgbconsulting.com\/es\/producto\/up-from-the-sewers-transparent-red\/\"> (...)<\/a>","protected":false},"featured_media":225015,"template":"","meta":{"_acf_changed":false},"product_brand":[],"product_cat":[21639],"product_tag":[29140],"class_list":{"0":"post-220279","1":"product","2":"type-product","3":"status-publish","4":"has-post-thumbnail","6":"product_cat-psychedelic60s-70s-es","7":"product_tag-color-vinyl-es","8":"pa_artist-yama-the-karma-dusters-es","9":"pa_format-lp-es","10":"pa_gender-psychedelic60s-70s","11":"pa_label-lion-es","12":"pa_location-north-america-es","13":"pa_other-filters-vinyl-only-es","15":"first","16":"instock","17":"taxable","18":"shipping-taxable","19":"purchasable","20":"product-type-simple"},"acf":[],"yoast_head":"<!-- This site is optimized with the Yoast SEO plugin v24.9 - https:\/\/yoast.com\/wordpress\/plugins\/seo\/ -->\n<title>YAMA &amp; THE KARMA DUSTERS - Up from the sewers (Transparent Red) -  (LP) | Guerssen<\/title>\n<meta name=\"description\" content=\"Quintessential underground anarcho-Hippie, anti-establishment private press blast by a band (and commune) from Chicago c. 1970, with poetic, sometimes vicious lyrics (Dylan-esque, or Arthur Lee and Love? you decide), and funky, hard-edged bones. Yama &amp; the Karma Dusters (a.k.a. the Euphoria Blimpworks Band) were inter-racial, anti-war, Stop the Bomb, free love Hippies, the wildest of the wild kids. They really cook on the up-tempo tracks, sounding like a cross between The Blues Project and Dylan&#039;s early electric period band circa 1966, augmented by a violin player. On the hard rockers, founding member Howard Berkman spits out protest without becoming precious, while the band simmers and sizzles. There are melodic folky ballads too, culminating in the gorgeous &#039;Hello Big City.&#039; The band&#039;s ability to mix these elements into a coherent statement -- recorded in surprising fidelity -- solidify this an overlooked gem of the period. Need to know more? Check out the the massive 16-page gonzo memoir of their Hippie commune -- you can find out what happened when when Crazy Steve spiked the Gallo jug with acid!* 150 hand-numbered copies on Transparent Red vinyl*First legitimate reissue of this anti-establishment private press gem*Comes with an 16-page booklet gonzo memoir of their Hippie commune, w\/ tons of photos.\" \/>\n<meta name=\"robots\" content=\"index, follow, max-snippet:-1, max-image-preview:large, max-video-preview:-1\" \/>\n<link rel=\"canonical\" href=\"https:\/\/wpguerssen-test.odoo.rgbconsulting.com\/es\/producto\/up-from-the-sewers-transparent-red\/\" \/>\n<meta property=\"og:locale\" content=\"es_ES\" \/>\n<meta property=\"og:type\" content=\"article\" \/>\n<meta property=\"og:title\" content=\"YAMA &amp; THE KARMA DUSTERS - Up from the sewers (Transparent Red) -  (LP) | Guerssen\" \/>\n<meta property=\"og:description\" content=\"Quintessential underground anarcho-Hippie, anti-establishment private press blast by a band (and commune) from Chicago c. 1970, with poetic, sometimes vicious lyrics (Dylan-esque, or Arthur Lee and Love? you decide), and funky, hard-edged bones. Yama &amp; the Karma Dusters (a.k.a. the Euphoria Blimpworks Band) were inter-racial, anti-war, Stop the Bomb, free love Hippies, the wildest of the wild kids. They really cook on the up-tempo tracks, sounding like a cross between The Blues Project and Dylan&#039;s early electric period band circa 1966, augmented by a violin player. On the hard rockers, founding member Howard Berkman spits out protest without becoming precious, while the band simmers and sizzles. There are melodic folky ballads too, culminating in the gorgeous &#039;Hello Big City.&#039; The band&#039;s ability to mix these elements into a coherent statement -- recorded in surprising fidelity -- solidify this an overlooked gem of the period. Need to know more? Check out the the massive 16-page gonzo memoir of their Hippie commune -- you can find out what happened when when Crazy Steve spiked the Gallo jug with acid!* 150 hand-numbered copies on Transparent Red vinyl*First legitimate reissue of this anti-establishment private press gem*Comes with an 16-page booklet gonzo memoir of their Hippie commune, w\/ tons of photos.\" \/>\n<meta property=\"og:url\" content=\"https:\/\/wpguerssen-test.odoo.rgbconsulting.com\/es\/producto\/up-from-the-sewers-transparent-red\/\" \/>\n<meta property=\"og:site_name\" content=\"Guerssen records\" \/>\n<meta property=\"article:modified_time\" content=\"2025-01-09T14:16:53+00:00\" \/>\n<meta property=\"og:image\" content=\"https:\/\/wpguerssen-test.odoo.rgbconsulting.com\/wp-content\/uploads\/2023\/01\/42203.jpg\" \/>\n\t<meta property=\"og:image:width\" content=\"600\" \/>\n\t<meta property=\"og:image:height\" content=\"604\" \/>\n\t<meta property=\"og:image:type\" content=\"image\/jpeg\" \/>\n<meta name=\"twitter:card\" content=\"summary_large_image\" \/>\n<meta name=\"twitter:title\" content=\"YAMA &amp; THE KARMA DUSTERS - Up from the sewers (Transparent Red) -  (LP) | Guerssen\" \/>\n<script type=\"application\/ld+json\" class=\"yoast-schema-graph\">{\"@context\":\"https:\/\/schema.org\",\"@graph\":[{\"@type\":\"WebPage\",\"@id\":\"https:\/\/wpguerssen-test.odoo.rgbconsulting.com\/es\/producto\/up-from-the-sewers-transparent-red\/\",\"url\":\"https:\/\/wpguerssen-test.odoo.rgbconsulting.com\/es\/producto\/up-from-the-sewers-transparent-red\/\",\"name\":\"YAMA & THE KARMA DUSTERS - Up from the sewers (Transparent Red) - (LP) | Guerssen\",\"isPartOf\":{\"@id\":\"https:\/\/wpguerssen-test.odoo.rgbconsulting.com\/es\/#website\"},\"primaryImageOfPage\":{\"@id\":\"https:\/\/wpguerssen-test.odoo.rgbconsulting.com\/es\/producto\/up-from-the-sewers-transparent-red\/#primaryimage\"},\"image\":{\"@id\":\"https:\/\/wpguerssen-test.odoo.rgbconsulting.com\/es\/producto\/up-from-the-sewers-transparent-red\/#primaryimage\"},\"thumbnailUrl\":\"https:\/\/wpguerssen-test.odoo.rgbconsulting.com\/wp-content\/uploads\/2023\/01\/42203.jpg\",\"datePublished\":\"2023-01-22T23:00:00+00:00\",\"dateModified\":\"2025-01-09T14:16:53+00:00\",\"description\":\"Quintessential underground anarcho-Hippie, anti-establishment private press blast by a band (and commune) from Chicago c. 1970, with poetic, sometimes vicious lyrics (Dylan-esque, or Arthur Lee and Love? you decide), and funky, hard-edged bones. Yama & the Karma Dusters (a.k.a. the Euphoria Blimpworks Band) were inter-racial, anti-war, Stop the Bomb, free love Hippies, the wildest of the wild kids. They really cook on the up-tempo tracks, sounding like a cross between The Blues Project and Dylan's early electric period band circa 1966, augmented by a violin player. On the hard rockers, founding member Howard Berkman spits out protest without becoming precious, while the band simmers and sizzles. There are melodic folky ballads too, culminating in the gorgeous 'Hello Big City.' The band's ability to mix these elements into a coherent statement -- recorded in surprising fidelity -- solidify this an overlooked gem of the period. Need to know more? Check out the the massive 16-page gonzo memoir of their Hippie commune -- you can find out what happened when when Crazy Steve spiked the Gallo jug with acid!* 150 hand-numbered copies on Transparent Red vinyl*First legitimate reissue of this anti-establishment private press gem*Comes with an 16-page booklet gonzo memoir of their Hippie commune, w\/ tons of photos.\",\"breadcrumb\":{\"@id\":\"https:\/\/wpguerssen-test.odoo.rgbconsulting.com\/es\/producto\/up-from-the-sewers-transparent-red\/#breadcrumb\"},\"inLanguage\":\"es\",\"potentialAction\":[{\"@type\":\"ReadAction\",\"target\":[\"https:\/\/wpguerssen-test.odoo.rgbconsulting.com\/es\/producto\/up-from-the-sewers-transparent-red\/\"]}]},{\"@type\":\"ImageObject\",\"inLanguage\":\"es\",\"@id\":\"https:\/\/wpguerssen-test.odoo.rgbconsulting.com\/es\/producto\/up-from-the-sewers-transparent-red\/#primaryimage\",\"url\":\"https:\/\/wpguerssen-test.odoo.rgbconsulting.com\/wp-content\/uploads\/2023\/01\/42203.jpg\",\"contentUrl\":\"https:\/\/wpguerssen-test.odoo.rgbconsulting.com\/wp-content\/uploads\/2023\/01\/42203.jpg\",\"width\":600,\"height\":604},{\"@type\":\"BreadcrumbList\",\"@id\":\"https:\/\/wpguerssen-test.odoo.rgbconsulting.com\/es\/producto\/up-from-the-sewers-transparent-red\/#breadcrumb\",\"itemListElement\":[{\"@type\":\"ListItem\",\"position\":1,\"name\":\"Inicio\",\"item\":\"https:\/\/wpguerssen-test.odoo.rgbconsulting.com\/es\/\"},{\"@type\":\"ListItem\",\"position\":2,\"name\":\"Shop\",\"item\":\"https:\/\/wpguerssen-test.odoo.rgbconsulting.com\/shop\/\"},{\"@type\":\"ListItem\",\"position\":3,\"name\":\"Up from the sewers (Transparent Red)\"}]},{\"@type\":\"WebSite\",\"@id\":\"https:\/\/wpguerssen-test.odoo.rgbconsulting.com\/es\/#website\",\"url\":\"https:\/\/wpguerssen-test.odoo.rgbconsulting.com\/es\/\",\"name\":\"Guerssen records\",\"description\":\"psychedelia - progressive - folk - garage \",\"publisher\":{\"@id\":\"https:\/\/wpguerssen-test.odoo.rgbconsulting.com\/es\/#organization\"},\"potentialAction\":[{\"@type\":\"SearchAction\",\"target\":{\"@type\":\"EntryPoint\",\"urlTemplate\":\"https:\/\/wpguerssen-test.odoo.rgbconsulting.com\/es\/?s={search_term_string}\"},\"query-input\":{\"@type\":\"PropertyValueSpecification\",\"valueRequired\":true,\"valueName\":\"search_term_string\"}}],\"inLanguage\":\"es\"},{\"@type\":\"Organization\",\"@id\":\"https:\/\/wpguerssen-test.odoo.rgbconsulting.com\/es\/#organization\",\"name\":\"Guerssen records\",\"url\":\"https:\/\/wpguerssen-test.odoo.rgbconsulting.com\/es\/\",\"logo\":{\"@type\":\"ImageObject\",\"inLanguage\":\"es\",\"@id\":\"https:\/\/wpguerssen-test.odoo.rgbconsulting.com\/es\/#\/schema\/logo\/image\/\",\"url\":\"https:\/\/wpguerssen-test.odoo.rgbconsulting.com\/wp-content\/uploads\/2022\/04\/Logo_Guerssen_trans_100.png\",\"contentUrl\":\"https:\/\/wpguerssen-test.odoo.rgbconsulting.com\/wp-content\/uploads\/2022\/04\/Logo_Guerssen_trans_100.png\",\"width\":122,\"height\":100,\"caption\":\"Guerssen records\"},\"image\":{\"@id\":\"https:\/\/wpguerssen-test.odoo.rgbconsulting.com\/es\/#\/schema\/logo\/image\/\"}}]}<\/script>\n<!-- \/ Yoast SEO plugin. -->","yoast_head_json":{"title":"YAMA & THE KARMA DUSTERS - Up from the sewers (Transparent Red) -  (LP) | Guerssen","description":"Quintessential underground anarcho-Hippie, anti-establishment private press blast by a band (and commune) from Chicago c. 1970, with poetic, sometimes vicious lyrics (Dylan-esque, or Arthur Lee and Love? you decide), and funky, hard-edged bones. Yama & the Karma Dusters (a.k.a. the Euphoria Blimpworks Band) were inter-racial, anti-war, Stop the Bomb, free love Hippies, the wildest of the wild kids. They really cook on the up-tempo tracks, sounding like a cross between The Blues Project and Dylan's early electric period band circa 1966, augmented by a violin player. On the hard rockers, founding member Howard Berkman spits out protest without becoming precious, while the band simmers and sizzles. There are melodic folky ballads too, culminating in the gorgeous 'Hello Big City.' The band's ability to mix these elements into a coherent statement -- recorded in surprising fidelity -- solidify this an overlooked gem of the period. Need to know more? Check out the the massive 16-page gonzo memoir of their Hippie commune -- you can find out what happened when when Crazy Steve spiked the Gallo jug with acid!* 150 hand-numbered copies on Transparent Red vinyl*First legitimate reissue of this anti-establishment private press gem*Comes with an 16-page booklet gonzo memoir of their Hippie commune, w\/ tons of photos.","robots":{"index":"index","follow":"follow","max-snippet":"max-snippet:-1","max-image-preview":"max-image-preview:large","max-video-preview":"max-video-preview:-1"},"canonical":"https:\/\/wpguerssen-test.odoo.rgbconsulting.com\/es\/producto\/up-from-the-sewers-transparent-red\/","og_locale":"es_ES","og_type":"article","og_title":"YAMA & THE KARMA DUSTERS - Up from the sewers (Transparent Red) -  (LP) | Guerssen","og_description":"Quintessential underground anarcho-Hippie, anti-establishment private press blast by a band (and commune) from Chicago c. 1970, with poetic, sometimes vicious lyrics (Dylan-esque, or Arthur Lee and Love? you decide), and funky, hard-edged bones. Yama & the Karma Dusters (a.k.a. the Euphoria Blimpworks Band) were inter-racial, anti-war, Stop the Bomb, free love Hippies, the wildest of the wild kids. They really cook on the up-tempo tracks, sounding like a cross between The Blues Project and Dylan's early electric period band circa 1966, augmented by a violin player. On the hard rockers, founding member Howard Berkman spits out protest without becoming precious, while the band simmers and sizzles. There are melodic folky ballads too, culminating in the gorgeous 'Hello Big City.' The band's ability to mix these elements into a coherent statement -- recorded in surprising fidelity -- solidify this an overlooked gem of the period. Need to know more? Check out the the massive 16-page gonzo memoir of their Hippie commune -- you can find out what happened when when Crazy Steve spiked the Gallo jug with acid!* 150 hand-numbered copies on Transparent Red vinyl*First legitimate reissue of this anti-establishment private press gem*Comes with an 16-page booklet gonzo memoir of their Hippie commune, w\/ tons of photos.","og_url":"https:\/\/wpguerssen-test.odoo.rgbconsulting.com\/es\/producto\/up-from-the-sewers-transparent-red\/","og_site_name":"Guerssen records","article_modified_time":"2025-01-09T14:16:53+00:00","og_image":[{"width":600,"height":604,"url":"https:\/\/wpguerssen-test.odoo.rgbconsulting.com\/wp-content\/uploads\/2023\/01\/42203.jpg","type":"image\/jpeg"}],"twitter_card":"summary_large_image","twitter_title":"YAMA & THE KARMA DUSTERS - Up from the sewers (Transparent Red) -  (LP) | Guerssen","schema":{"@context":"https:\/\/schema.org","@graph":[{"@type":"WebPage","@id":"https:\/\/wpguerssen-test.odoo.rgbconsulting.com\/es\/producto\/up-from-the-sewers-transparent-red\/","url":"https:\/\/wpguerssen-test.odoo.rgbconsulting.com\/es\/producto\/up-from-the-sewers-transparent-red\/","name":"YAMA & THE KARMA DUSTERS - Up from the sewers (Transparent Red) - (LP) | Guerssen","isPartOf":{"@id":"https:\/\/wpguerssen-test.odoo.rgbconsulting.com\/es\/#website"},"primaryImageOfPage":{"@id":"https:\/\/wpguerssen-test.odoo.rgbconsulting.com\/es\/producto\/up-from-the-sewers-transparent-red\/#primaryimage"},"image":{"@id":"https:\/\/wpguerssen-test.odoo.rgbconsulting.com\/es\/producto\/up-from-the-sewers-transparent-red\/#primaryimage"},"thumbnailUrl":"https:\/\/wpguerssen-test.odoo.rgbconsulting.com\/wp-content\/uploads\/2023\/01\/42203.jpg","datePublished":"2023-01-22T23:00:00+00:00","dateModified":"2025-01-09T14:16:53+00:00","description":"Quintessential underground anarcho-Hippie, anti-establishment private press blast by a band (and commune) from Chicago c. 1970, with poetic, sometimes vicious lyrics (Dylan-esque, or Arthur Lee and Love? you decide), and funky, hard-edged bones. Yama & the Karma Dusters (a.k.a. the Euphoria Blimpworks Band) were inter-racial, anti-war, Stop the Bomb, free love Hippies, the wildest of the wild kids. They really cook on the up-tempo tracks, sounding like a cross between The Blues Project and Dylan's early electric period band circa 1966, augmented by a violin player. On the hard rockers, founding member Howard Berkman spits out protest without becoming precious, while the band simmers and sizzles. There are melodic folky ballads too, culminating in the gorgeous 'Hello Big City.' The band's ability to mix these elements into a coherent statement -- recorded in surprising fidelity -- solidify this an overlooked gem of the period. Need to know more? Check out the the massive 16-page gonzo memoir of their Hippie commune -- you can find out what happened when when Crazy Steve spiked the Gallo jug with acid!* 150 hand-numbered copies on Transparent Red vinyl*First legitimate reissue of this anti-establishment private press gem*Comes with an 16-page booklet gonzo memoir of their Hippie commune, w\/ tons of photos.","breadcrumb":{"@id":"https:\/\/wpguerssen-test.odoo.rgbconsulting.com\/es\/producto\/up-from-the-sewers-transparent-red\/#breadcrumb"},"inLanguage":"es","potentialAction":[{"@type":"ReadAction","target":["https:\/\/wpguerssen-test.odoo.rgbconsulting.com\/es\/producto\/up-from-the-sewers-transparent-red\/"]}]},{"@type":"ImageObject","inLanguage":"es","@id":"https:\/\/wpguerssen-test.odoo.rgbconsulting.com\/es\/producto\/up-from-the-sewers-transparent-red\/#primaryimage","url":"https:\/\/wpguerssen-test.odoo.rgbconsulting.com\/wp-content\/uploads\/2023\/01\/42203.jpg","contentUrl":"https:\/\/wpguerssen-test.odoo.rgbconsulting.com\/wp-content\/uploads\/2023\/01\/42203.jpg","width":600,"height":604},{"@type":"BreadcrumbList","@id":"https:\/\/wpguerssen-test.odoo.rgbconsulting.com\/es\/producto\/up-from-the-sewers-transparent-red\/#breadcrumb","itemListElement":[{"@type":"ListItem","position":1,"name":"Inicio","item":"https:\/\/wpguerssen-test.odoo.rgbconsulting.com\/es\/"},{"@type":"ListItem","position":2,"name":"Shop","item":"https:\/\/wpguerssen-test.odoo.rgbconsulting.com\/shop\/"},{"@type":"ListItem","position":3,"name":"Up from the sewers (Transparent Red)"}]},{"@type":"WebSite","@id":"https:\/\/wpguerssen-test.odoo.rgbconsulting.com\/es\/#website","url":"https:\/\/wpguerssen-test.odoo.rgbconsulting.com\/es\/","name":"Guerssen records","description":"psychedelia - progressive - folk - garage ","publisher":{"@id":"https:\/\/wpguerssen-test.odoo.rgbconsulting.com\/es\/#organization"},"potentialAction":[{"@type":"SearchAction","target":{"@type":"EntryPoint","urlTemplate":"https:\/\/wpguerssen-test.odoo.rgbconsulting.com\/es\/?s={search_term_string}"},"query-input":{"@type":"PropertyValueSpecification","valueRequired":true,"valueName":"search_term_string"}}],"inLanguage":"es"},{"@type":"Organization","@id":"https:\/\/wpguerssen-test.odoo.rgbconsulting.com\/es\/#organization","name":"Guerssen records","url":"https:\/\/wpguerssen-test.odoo.rgbconsulting.com\/es\/","logo":{"@type":"ImageObject","inLanguage":"es","@id":"https:\/\/wpguerssen-test.odoo.rgbconsulting.com\/es\/#\/schema\/logo\/image\/","url":"https:\/\/wpguerssen-test.odoo.rgbconsulting.com\/wp-content\/uploads\/2022\/04\/Logo_Guerssen_trans_100.png","contentUrl":"https:\/\/wpguerssen-test.odoo.rgbconsulting.com\/wp-content\/uploads\/2022\/04\/Logo_Guerssen_trans_100.png","width":122,"height":100,"caption":"Guerssen records"},"image":{"@id":"https:\/\/wpguerssen-test.odoo.rgbconsulting.com\/es\/#\/schema\/logo\/image\/"}}]}},"_links":{"self":[{"href":"https:\/\/wpguerssen-test.odoo.rgbconsulting.com\/es\/wp-json\/wp\/v2\/product\/220279","targetHints":{"allow":["GET"]}}],"collection":[{"href":"https:\/\/wpguerssen-test.odoo.rgbconsulting.com\/es\/wp-json\/wp\/v2\/product"}],"about":[{"href":"https:\/\/wpguerssen-test.odoo.rgbconsulting.com\/es\/wp-json\/wp\/v2\/types\/product"}],"wp:featuredmedia":[{"embeddable":true,"href":"https:\/\/wpguerssen-test.odoo.rgbconsulting.com\/es\/wp-json\/wp\/v2\/media\/225015"}],"wp:attachment":[{"href":"https:\/\/wpguerssen-test.odoo.rgbconsulting.com\/es\/wp-json\/wp\/v2\/media?parent=220279"}],"wp:term":[{"taxonomy":"product_brand","embeddable":true,"href":"https:\/\/wpguerssen-test.odoo.rgbconsulting.com\/es\/wp-json\/wp\/v2\/product_brand?post=220279"},{"taxonomy":"product_cat","embeddable":true,"href":"https:\/\/wpguerssen-test.odoo.rgbconsulting.com\/es\/wp-json\/wp\/v2\/product_cat?post=220279"},{"taxonomy":"product_tag","embeddable":true,"href":"https:\/\/wpguerssen-test.odoo.rgbconsulting.com\/es\/wp-json\/wp\/v2\/product_tag?post=220279"}],"curies":[{"name":"wp","href":"https:\/\/api.w.org\/{rel}","templated":true}]}}