{"id":220351,"date":"2019-02-20T00:00:00","date_gmt":"2019-02-19T23:00:00","guid":{"rendered":"https:\/\/wpguerssen-test.odoo.rgbconsulting.com\/product\/latinameriska-vol-3\/"},"modified":"2024-02-19T17:12:19","modified_gmt":"2024-02-19T16:12:19","slug":"latinameriska-vol-3","status":"publish","type":"product","link":"https:\/\/wpguerssen-test.odoo.rgbconsulting.com\/es\/producto\/latinameriska-vol-3\/","title":{"rendered":"Latinameriska, vol. 3"},"content":{"rendered":"<p>Side A 1.\u00bbDoble Barril\u00bb Malvicino (Argentina) 2.\u00bbMi Nena Ska\u00bb Conjunto Habana (Mexico) 3.\u00bbHerido\u00bb El Klan (Mexico) 4.\u00bbNo Existe Una Ley\u00bb Leo Dan (Argentina) 5.\u00bbRitmo Del Alma\u00bb Las Cuatro Monedas (Venezuela) 6.\u00bbLucky Lucky\u00bb Aristides Paz (Guatemala) 7.\u00bbVerguenza, Escandalo En La Familia\u00bb Los Teen Agers (Colombia) <\/p>\n<p> Side B 1.\u00bbRegall Express\u00bb The King&#8217;s Trials (Panam\u00e1) 2.\u00bbAsk Yourself\u00bb The Summits (Curacao) 3.\u00bbScaba Badi Bid\u00fa \u00bb Los Palmeras (Per\u00fa) 4.\u00bbOyeme\u00bb Los Chijuas (Mexico) 5.\u00bbJamaica Ska\u00bb Marimba Orquesta La Perla Del Soconusco (Mexico) 6.\u00bbCuando Tu Me Quieras\u00bb Palito Ortega (Argentina) 7.\u00bbMil Veces No\u00bb Las Cuatro Monedas (Venezuela)<\/p>\n","protected":false},"excerpt":{"rendered":"<p>Side A 1.\u00bbDoble Barril\u00bb Malvicino (Argentina) 2.\u00bbMi Nena Ska\u00bb Conjunto Habana (Mexico) 3.\u00bbHerido\u00bb El Klan (Mexico) 4.\u00bbNo Existe Una Ley\u00bb Leo Dan (Argentina)<a class=\"read\" href=\"https:\/\/wpguerssen-test.odoo.rgbconsulting.com\/es\/producto\/latinameriska-vol-3\/\"> (...)<\/a>","protected":false},"featured_media":225256,"template":"","meta":{"_acf_changed":false},"product_brand":[],"product_cat":[23231,21666],"product_tag":[],"class_list":{"0":"post-220351","1":"product","2":"type-product","3":"status-publish","4":"has-post-thumbnail","6":"product_cat-latin-brazilian-es","7":"product_cat-reggae-ska-dub-es","8":"pa_artist-various-artists-es","9":"pa_format-lp-es","10":"pa_gender-latin-brazilian-reggae-ska-dub","11":"pa_label-gran-quilombo","12":"pa_location-south-america-caribbean-es","13":"pa_other-filters-vinyl-only-es","15":"first","16":"instock","17":"taxable","18":"shipping-taxable","19":"purchasable","20":"product-type-simple"},"acf":[],"yoast_head":"<!-- This site is optimized with the Yoast SEO plugin v24.9 - https:\/\/yoast.com\/wordpress\/plugins\/seo\/ -->\n<title>VARIOUS ARTISTS - Latinameriska, vol. 3 -  (LP) | Guerssen<\/title>\n<meta name=\"description\" content=\"When, a few years ago, we started planning on compiling 60&#039;s and 70&#039;s songs influenced by Jamaican rhythms by different artists from the Latin\/american continent, and published the first two volumes of &quot;Latinameriska&quot;, we didn&#039;t think we would be able to continue with the series. However, this period of time has allowed us to continue with the &quot;archaeologic work&quot; of search and capture that every collector has in its blood. There&#039;s no bigger pleasure for any of us than being on a trip and going through a flea market, shop or just exploring the web and coming across a gem to thicken your record collection. Likewise, it&#039;s also a big satisfaction showing those discoveries and making them available to other collectors (so they can start their own hunt) or to the general public which would simply dance and enjoy them.which is enough. Thus this record is the fruit of that passion and has no different goal to the previous volumes&gt; that you listen, dance and enjoy this &quot;piece&quot; of Jamaica born in latin american territory. You&#039;ll find artists you&#039;ll already know from previous volumes and such as &quot;Las Cuatro Monedas&quot; or &quot;Conjunto Habana&quot;, together with real rarities such as &quot;Aristides Paz&quot; or &quot;The King&#039;s Trials&quot;... with covers of Jamaican classics (&quot;Ritmo del Alma&quot;) and original tracks (&quot;Cuando t\u00fa me quieras), from vintage Ska (&quot;Lucky Lucky&quot;) to Reggae with skinhead roots (&quot;Doble Barril&quot;),... but always with the same essence. And not to loose a good habit we close with a new ghost track, from Colombia in this case and merging a Jamaican music classic with other classic rhythms. Enjoy it one more time!!! #nl# Side A 1.&quot;Doble Barril&quot; Malvicino (Argentina) 2.&quot;Mi Nena Ska&quot; Conjunto Habana (Mexico) 3.&quot;Herido&quot; El Klan (Mexico) 4.&quot;No Existe Una Ley&quot; Leo Dan (Argentina) 5.&quot;Ritmo Del Alma&quot; Las Cuatro Monedas (Venezuela) 6.&quot;Lucky Lucky&quot; Aristides Paz (Guatemala) 7.&quot;Verguenza, Escandalo En La Familia&quot; Los Teen Agers (Colombia) Side B 1.&quot;Regall Express&quot; The King&#039;s Trials (Panam\u00e1) 2.&quot;Ask Yourself&quot; The Summits (Curacao) 3.&quot;Scaba Badi Bid\u00fa &quot; Los Palmeras (Per\u00fa) 4.&quot;Oyeme&quot; Los Chijuas (Mexico) 5.&quot;Jamaica Ska&quot; Marimba Orquesta La Perla Del Soconusco (Mexico) 6.&quot;Cuando Tu Me Quieras&quot; Palito Ortega (Argentina) 7.&quot;Mil Veces No&quot; Las Cuatro Monedas (Venezuela)\" \/>\n<meta name=\"robots\" content=\"index, follow, max-snippet:-1, max-image-preview:large, max-video-preview:-1\" \/>\n<link rel=\"canonical\" href=\"https:\/\/wpguerssen-test.odoo.rgbconsulting.com\/es\/producto\/latinameriska-vol-3\/\" \/>\n<meta property=\"og:locale\" content=\"es_ES\" \/>\n<meta property=\"og:type\" content=\"article\" \/>\n<meta property=\"og:title\" content=\"VARIOUS ARTISTS - Latinameriska, vol. 3 -  (LP) | Guerssen\" \/>\n<meta property=\"og:description\" content=\"When, a few years ago, we started planning on compiling 60&#039;s and 70&#039;s songs influenced by Jamaican rhythms by different artists from the Latin\/american continent, and published the first two volumes of &quot;Latinameriska&quot;, we didn&#039;t think we would be able to continue with the series. However, this period of time has allowed us to continue with the &quot;archaeologic work&quot; of search and capture that every collector has in its blood. There&#039;s no bigger pleasure for any of us than being on a trip and going through a flea market, shop or just exploring the web and coming across a gem to thicken your record collection. Likewise, it&#039;s also a big satisfaction showing those discoveries and making them available to other collectors (so they can start their own hunt) or to the general public which would simply dance and enjoy them.which is enough. Thus this record is the fruit of that passion and has no different goal to the previous volumes&gt; that you listen, dance and enjoy this &quot;piece&quot; of Jamaica born in latin american territory. You&#039;ll find artists you&#039;ll already know from previous volumes and such as &quot;Las Cuatro Monedas&quot; or &quot;Conjunto Habana&quot;, together with real rarities such as &quot;Aristides Paz&quot; or &quot;The King&#039;s Trials&quot;... with covers of Jamaican classics (&quot;Ritmo del Alma&quot;) and original tracks (&quot;Cuando t\u00fa me quieras), from vintage Ska (&quot;Lucky Lucky&quot;) to Reggae with skinhead roots (&quot;Doble Barril&quot;),... but always with the same essence. And not to loose a good habit we close with a new ghost track, from Colombia in this case and merging a Jamaican music classic with other classic rhythms. Enjoy it one more time!!! #nl# Side A 1.&quot;Doble Barril&quot; Malvicino (Argentina) 2.&quot;Mi Nena Ska&quot; Conjunto Habana (Mexico) 3.&quot;Herido&quot; El Klan (Mexico) 4.&quot;No Existe Una Ley&quot; Leo Dan (Argentina) 5.&quot;Ritmo Del Alma&quot; Las Cuatro Monedas (Venezuela) 6.&quot;Lucky Lucky&quot; Aristides Paz (Guatemala) 7.&quot;Verguenza, Escandalo En La Familia&quot; Los Teen Agers (Colombia) Side B 1.&quot;Regall Express&quot; The King&#039;s Trials (Panam\u00e1) 2.&quot;Ask Yourself&quot; The Summits (Curacao) 3.&quot;Scaba Badi Bid\u00fa &quot; Los Palmeras (Per\u00fa) 4.&quot;Oyeme&quot; Los Chijuas (Mexico) 5.&quot;Jamaica Ska&quot; Marimba Orquesta La Perla Del Soconusco (Mexico) 6.&quot;Cuando Tu Me Quieras&quot; Palito Ortega (Argentina) 7.&quot;Mil Veces No&quot; Las Cuatro Monedas (Venezuela)\" \/>\n<meta property=\"og:url\" content=\"https:\/\/wpguerssen-test.odoo.rgbconsulting.com\/es\/producto\/latinameriska-vol-3\/\" \/>\n<meta property=\"og:site_name\" content=\"Guerssen records\" \/>\n<meta property=\"article:modified_time\" content=\"2024-02-19T16:12:19+00:00\" \/>\n<meta property=\"og:image\" content=\"https:\/\/wpguerssen-test.odoo.rgbconsulting.com\/wp-content\/uploads\/2022\/11\/34004.jpg\" \/>\n\t<meta property=\"og:image:width\" content=\"800\" \/>\n\t<meta property=\"og:image:height\" content=\"800\" \/>\n\t<meta property=\"og:image:type\" content=\"image\/jpeg\" \/>\n<meta name=\"twitter:card\" content=\"summary_large_image\" \/>\n<meta name=\"twitter:title\" content=\"VARIOUS ARTISTS - Latinameriska, vol. 3 -  (LP) | Guerssen\" \/>\n<script type=\"application\/ld+json\" class=\"yoast-schema-graph\">{\"@context\":\"https:\/\/schema.org\",\"@graph\":[{\"@type\":\"WebPage\",\"@id\":\"https:\/\/wpguerssen-test.odoo.rgbconsulting.com\/es\/producto\/latinameriska-vol-3\/\",\"url\":\"https:\/\/wpguerssen-test.odoo.rgbconsulting.com\/es\/producto\/latinameriska-vol-3\/\",\"name\":\"VARIOUS ARTISTS - Latinameriska, vol. 3 - (LP) | Guerssen\",\"isPartOf\":{\"@id\":\"https:\/\/wpguerssen-test.odoo.rgbconsulting.com\/es\/#website\"},\"primaryImageOfPage\":{\"@id\":\"https:\/\/wpguerssen-test.odoo.rgbconsulting.com\/es\/producto\/latinameriska-vol-3\/#primaryimage\"},\"image\":{\"@id\":\"https:\/\/wpguerssen-test.odoo.rgbconsulting.com\/es\/producto\/latinameriska-vol-3\/#primaryimage\"},\"thumbnailUrl\":\"https:\/\/wpguerssen-test.odoo.rgbconsulting.com\/wp-content\/uploads\/2022\/11\/34004.jpg\",\"datePublished\":\"2019-02-19T23:00:00+00:00\",\"dateModified\":\"2024-02-19T16:12:19+00:00\",\"description\":\"When, a few years ago, we started planning on compiling 60's and 70's songs influenced by Jamaican rhythms by different artists from the Latin\/american continent, and published the first two volumes of \\\"Latinameriska\\\", we didn't think we would be able to continue with the series. However, this period of time has allowed us to continue with the \\\"archaeologic work\\\" of search and capture that every collector has in its blood. There's no bigger pleasure for any of us than being on a trip and going through a flea market, shop or just exploring the web and coming across a gem to thicken your record collection. Likewise, it's also a big satisfaction showing those discoveries and making them available to other collectors (so they can start their own hunt) or to the general public which would simply dance and enjoy them.which is enough. Thus this record is the fruit of that passion and has no different goal to the previous volumes> that you listen, dance and enjoy this \\\"piece\\\" of Jamaica born in latin american territory. You'll find artists you'll already know from previous volumes and such as \\\"Las Cuatro Monedas\\\" or \\\"Conjunto Habana\\\", together with real rarities such as \\\"Aristides Paz\\\" or \\\"The King's Trials\\\"... with covers of Jamaican classics (\\\"Ritmo del Alma\\\") and original tracks (\\\"Cuando t\u00fa me quieras), from vintage Ska (\\\"Lucky Lucky\\\") to Reggae with skinhead roots (\\\"Doble Barril\\\"),... but always with the same essence. And not to loose a good habit we close with a new ghost track, from Colombia in this case and merging a Jamaican music classic with other classic rhythms. Enjoy it one more time!!! #nl# Side A 1.\\\"Doble Barril\\\" Malvicino (Argentina) 2.\\\"Mi Nena Ska\\\" Conjunto Habana (Mexico) 3.\\\"Herido\\\" El Klan (Mexico) 4.\\\"No Existe Una Ley\\\" Leo Dan (Argentina) 5.\\\"Ritmo Del Alma\\\" Las Cuatro Monedas (Venezuela) 6.\\\"Lucky Lucky\\\" Aristides Paz (Guatemala) 7.\\\"Verguenza, Escandalo En La Familia\\\" Los Teen Agers (Colombia) Side B 1.\\\"Regall Express\\\" The King's Trials (Panam\u00e1) 2.\\\"Ask Yourself\\\" The Summits (Curacao) 3.\\\"Scaba Badi Bid\u00fa \\\" Los Palmeras (Per\u00fa) 4.\\\"Oyeme\\\" Los Chijuas (Mexico) 5.\\\"Jamaica Ska\\\" Marimba Orquesta La Perla Del Soconusco (Mexico) 6.\\\"Cuando Tu Me Quieras\\\" Palito Ortega (Argentina) 7.\\\"Mil Veces No\\\" Las Cuatro Monedas (Venezuela)\",\"breadcrumb\":{\"@id\":\"https:\/\/wpguerssen-test.odoo.rgbconsulting.com\/es\/producto\/latinameriska-vol-3\/#breadcrumb\"},\"inLanguage\":\"es\",\"potentialAction\":[{\"@type\":\"ReadAction\",\"target\":[\"https:\/\/wpguerssen-test.odoo.rgbconsulting.com\/es\/producto\/latinameriska-vol-3\/\"]}]},{\"@type\":\"ImageObject\",\"inLanguage\":\"es\",\"@id\":\"https:\/\/wpguerssen-test.odoo.rgbconsulting.com\/es\/producto\/latinameriska-vol-3\/#primaryimage\",\"url\":\"https:\/\/wpguerssen-test.odoo.rgbconsulting.com\/wp-content\/uploads\/2022\/11\/34004.jpg\",\"contentUrl\":\"https:\/\/wpguerssen-test.odoo.rgbconsulting.com\/wp-content\/uploads\/2022\/11\/34004.jpg\",\"width\":800,\"height\":800,\"caption\":\"vol. 3 - GRAN QUILOMBO (LP) | Guerssen\"},{\"@type\":\"BreadcrumbList\",\"@id\":\"https:\/\/wpguerssen-test.odoo.rgbconsulting.com\/es\/producto\/latinameriska-vol-3\/#breadcrumb\",\"itemListElement\":[{\"@type\":\"ListItem\",\"position\":1,\"name\":\"Inicio\",\"item\":\"https:\/\/wpguerssen-test.odoo.rgbconsulting.com\/es\/\"},{\"@type\":\"ListItem\",\"position\":2,\"name\":\"Shop\",\"item\":\"https:\/\/wpguerssen-test.odoo.rgbconsulting.com\/shop\/\"},{\"@type\":\"ListItem\",\"position\":3,\"name\":\"Latinameriska, vol. 3\"}]},{\"@type\":\"WebSite\",\"@id\":\"https:\/\/wpguerssen-test.odoo.rgbconsulting.com\/es\/#website\",\"url\":\"https:\/\/wpguerssen-test.odoo.rgbconsulting.com\/es\/\",\"name\":\"Guerssen records\",\"description\":\"psychedelia - progressive - folk - garage \",\"publisher\":{\"@id\":\"https:\/\/wpguerssen-test.odoo.rgbconsulting.com\/es\/#organization\"},\"potentialAction\":[{\"@type\":\"SearchAction\",\"target\":{\"@type\":\"EntryPoint\",\"urlTemplate\":\"https:\/\/wpguerssen-test.odoo.rgbconsulting.com\/es\/?s={search_term_string}\"},\"query-input\":{\"@type\":\"PropertyValueSpecification\",\"valueRequired\":true,\"valueName\":\"search_term_string\"}}],\"inLanguage\":\"es\"},{\"@type\":\"Organization\",\"@id\":\"https:\/\/wpguerssen-test.odoo.rgbconsulting.com\/es\/#organization\",\"name\":\"Guerssen records\",\"url\":\"https:\/\/wpguerssen-test.odoo.rgbconsulting.com\/es\/\",\"logo\":{\"@type\":\"ImageObject\",\"inLanguage\":\"es\",\"@id\":\"https:\/\/wpguerssen-test.odoo.rgbconsulting.com\/es\/#\/schema\/logo\/image\/\",\"url\":\"https:\/\/wpguerssen-test.odoo.rgbconsulting.com\/wp-content\/uploads\/2022\/04\/Logo_Guerssen_trans_100.png\",\"contentUrl\":\"https:\/\/wpguerssen-test.odoo.rgbconsulting.com\/wp-content\/uploads\/2022\/04\/Logo_Guerssen_trans_100.png\",\"width\":122,\"height\":100,\"caption\":\"Guerssen records\"},\"image\":{\"@id\":\"https:\/\/wpguerssen-test.odoo.rgbconsulting.com\/es\/#\/schema\/logo\/image\/\"}}]}<\/script>\n<!-- \/ Yoast SEO plugin. -->","yoast_head_json":{"title":"VARIOUS ARTISTS - Latinameriska, vol. 3 -  (LP) | Guerssen","description":"When, a few years ago, we started planning on compiling 60's and 70's songs influenced by Jamaican rhythms by different artists from the Latin\/american continent, and published the first two volumes of \"Latinameriska\", we didn't think we would be able to continue with the series. However, this period of time has allowed us to continue with the \"archaeologic work\" of search and capture that every collector has in its blood. There's no bigger pleasure for any of us than being on a trip and going through a flea market, shop or just exploring the web and coming across a gem to thicken your record collection. Likewise, it's also a big satisfaction showing those discoveries and making them available to other collectors (so they can start their own hunt) or to the general public which would simply dance and enjoy them.which is enough. Thus this record is the fruit of that passion and has no different goal to the previous volumes> that you listen, dance and enjoy this \"piece\" of Jamaica born in latin american territory. You'll find artists you'll already know from previous volumes and such as \"Las Cuatro Monedas\" or \"Conjunto Habana\", together with real rarities such as \"Aristides Paz\" or \"The King's Trials\"... with covers of Jamaican classics (\"Ritmo del Alma\") and original tracks (\"Cuando t\u00fa me quieras), from vintage Ska (\"Lucky Lucky\") to Reggae with skinhead roots (\"Doble Barril\"),... but always with the same essence. And not to loose a good habit we close with a new ghost track, from Colombia in this case and merging a Jamaican music classic with other classic rhythms. Enjoy it one more time!!! #nl# Side A 1.\"Doble Barril\" Malvicino (Argentina) 2.\"Mi Nena Ska\" Conjunto Habana (Mexico) 3.\"Herido\" El Klan (Mexico) 4.\"No Existe Una Ley\" Leo Dan (Argentina) 5.\"Ritmo Del Alma\" Las Cuatro Monedas (Venezuela) 6.\"Lucky Lucky\" Aristides Paz (Guatemala) 7.\"Verguenza, Escandalo En La Familia\" Los Teen Agers (Colombia) Side B 1.\"Regall Express\" The King's Trials (Panam\u00e1) 2.\"Ask Yourself\" The Summits (Curacao) 3.\"Scaba Badi Bid\u00fa \" Los Palmeras (Per\u00fa) 4.\"Oyeme\" Los Chijuas (Mexico) 5.\"Jamaica Ska\" Marimba Orquesta La Perla Del Soconusco (Mexico) 6.\"Cuando Tu Me Quieras\" Palito Ortega (Argentina) 7.\"Mil Veces No\" Las Cuatro Monedas (Venezuela)","robots":{"index":"index","follow":"follow","max-snippet":"max-snippet:-1","max-image-preview":"max-image-preview:large","max-video-preview":"max-video-preview:-1"},"canonical":"https:\/\/wpguerssen-test.odoo.rgbconsulting.com\/es\/producto\/latinameriska-vol-3\/","og_locale":"es_ES","og_type":"article","og_title":"VARIOUS ARTISTS - Latinameriska, vol. 3 -  (LP) | Guerssen","og_description":"When, a few years ago, we started planning on compiling 60's and 70's songs influenced by Jamaican rhythms by different artists from the Latin\/american continent, and published the first two volumes of \"Latinameriska\", we didn't think we would be able to continue with the series. However, this period of time has allowed us to continue with the \"archaeologic work\" of search and capture that every collector has in its blood. There's no bigger pleasure for any of us than being on a trip and going through a flea market, shop or just exploring the web and coming across a gem to thicken your record collection. Likewise, it's also a big satisfaction showing those discoveries and making them available to other collectors (so they can start their own hunt) or to the general public which would simply dance and enjoy them.which is enough. Thus this record is the fruit of that passion and has no different goal to the previous volumes> that you listen, dance and enjoy this \"piece\" of Jamaica born in latin american territory. You'll find artists you'll already know from previous volumes and such as \"Las Cuatro Monedas\" or \"Conjunto Habana\", together with real rarities such as \"Aristides Paz\" or \"The King's Trials\"... with covers of Jamaican classics (\"Ritmo del Alma\") and original tracks (\"Cuando t\u00fa me quieras), from vintage Ska (\"Lucky Lucky\") to Reggae with skinhead roots (\"Doble Barril\"),... but always with the same essence. And not to loose a good habit we close with a new ghost track, from Colombia in this case and merging a Jamaican music classic with other classic rhythms. Enjoy it one more time!!! #nl# Side A 1.\"Doble Barril\" Malvicino (Argentina) 2.\"Mi Nena Ska\" Conjunto Habana (Mexico) 3.\"Herido\" El Klan (Mexico) 4.\"No Existe Una Ley\" Leo Dan (Argentina) 5.\"Ritmo Del Alma\" Las Cuatro Monedas (Venezuela) 6.\"Lucky Lucky\" Aristides Paz (Guatemala) 7.\"Verguenza, Escandalo En La Familia\" Los Teen Agers (Colombia) Side B 1.\"Regall Express\" The King's Trials (Panam\u00e1) 2.\"Ask Yourself\" The Summits (Curacao) 3.\"Scaba Badi Bid\u00fa \" Los Palmeras (Per\u00fa) 4.\"Oyeme\" Los Chijuas (Mexico) 5.\"Jamaica Ska\" Marimba Orquesta La Perla Del Soconusco (Mexico) 6.\"Cuando Tu Me Quieras\" Palito Ortega (Argentina) 7.\"Mil Veces No\" Las Cuatro Monedas (Venezuela)","og_url":"https:\/\/wpguerssen-test.odoo.rgbconsulting.com\/es\/producto\/latinameriska-vol-3\/","og_site_name":"Guerssen records","article_modified_time":"2024-02-19T16:12:19+00:00","og_image":[{"width":800,"height":800,"url":"https:\/\/wpguerssen-test.odoo.rgbconsulting.com\/wp-content\/uploads\/2022\/11\/34004.jpg","type":"image\/jpeg"}],"twitter_card":"summary_large_image","twitter_title":"VARIOUS ARTISTS - Latinameriska, vol. 3 -  (LP) | Guerssen","schema":{"@context":"https:\/\/schema.org","@graph":[{"@type":"WebPage","@id":"https:\/\/wpguerssen-test.odoo.rgbconsulting.com\/es\/producto\/latinameriska-vol-3\/","url":"https:\/\/wpguerssen-test.odoo.rgbconsulting.com\/es\/producto\/latinameriska-vol-3\/","name":"VARIOUS ARTISTS - Latinameriska, vol. 3 - (LP) | Guerssen","isPartOf":{"@id":"https:\/\/wpguerssen-test.odoo.rgbconsulting.com\/es\/#website"},"primaryImageOfPage":{"@id":"https:\/\/wpguerssen-test.odoo.rgbconsulting.com\/es\/producto\/latinameriska-vol-3\/#primaryimage"},"image":{"@id":"https:\/\/wpguerssen-test.odoo.rgbconsulting.com\/es\/producto\/latinameriska-vol-3\/#primaryimage"},"thumbnailUrl":"https:\/\/wpguerssen-test.odoo.rgbconsulting.com\/wp-content\/uploads\/2022\/11\/34004.jpg","datePublished":"2019-02-19T23:00:00+00:00","dateModified":"2024-02-19T16:12:19+00:00","description":"When, a few years ago, we started planning on compiling 60's and 70's songs influenced by Jamaican rhythms by different artists from the Latin\/american continent, and published the first two volumes of \"Latinameriska\", we didn't think we would be able to continue with the series. However, this period of time has allowed us to continue with the \"archaeologic work\" of search and capture that every collector has in its blood. There's no bigger pleasure for any of us than being on a trip and going through a flea market, shop or just exploring the web and coming across a gem to thicken your record collection. Likewise, it's also a big satisfaction showing those discoveries and making them available to other collectors (so they can start their own hunt) or to the general public which would simply dance and enjoy them.which is enough. Thus this record is the fruit of that passion and has no different goal to the previous volumes> that you listen, dance and enjoy this \"piece\" of Jamaica born in latin american territory. You'll find artists you'll already know from previous volumes and such as \"Las Cuatro Monedas\" or \"Conjunto Habana\", together with real rarities such as \"Aristides Paz\" or \"The King's Trials\"... with covers of Jamaican classics (\"Ritmo del Alma\") and original tracks (\"Cuando t\u00fa me quieras), from vintage Ska (\"Lucky Lucky\") to Reggae with skinhead roots (\"Doble Barril\"),... but always with the same essence. And not to loose a good habit we close with a new ghost track, from Colombia in this case and merging a Jamaican music classic with other classic rhythms. Enjoy it one more time!!! #nl# Side A 1.\"Doble Barril\" Malvicino (Argentina) 2.\"Mi Nena Ska\" Conjunto Habana (Mexico) 3.\"Herido\" El Klan (Mexico) 4.\"No Existe Una Ley\" Leo Dan (Argentina) 5.\"Ritmo Del Alma\" Las Cuatro Monedas (Venezuela) 6.\"Lucky Lucky\" Aristides Paz (Guatemala) 7.\"Verguenza, Escandalo En La Familia\" Los Teen Agers (Colombia) Side B 1.\"Regall Express\" The King's Trials (Panam\u00e1) 2.\"Ask Yourself\" The Summits (Curacao) 3.\"Scaba Badi Bid\u00fa \" Los Palmeras (Per\u00fa) 4.\"Oyeme\" Los Chijuas (Mexico) 5.\"Jamaica Ska\" Marimba Orquesta La Perla Del Soconusco (Mexico) 6.\"Cuando Tu Me Quieras\" Palito Ortega (Argentina) 7.\"Mil Veces No\" Las Cuatro Monedas (Venezuela)","breadcrumb":{"@id":"https:\/\/wpguerssen-test.odoo.rgbconsulting.com\/es\/producto\/latinameriska-vol-3\/#breadcrumb"},"inLanguage":"es","potentialAction":[{"@type":"ReadAction","target":["https:\/\/wpguerssen-test.odoo.rgbconsulting.com\/es\/producto\/latinameriska-vol-3\/"]}]},{"@type":"ImageObject","inLanguage":"es","@id":"https:\/\/wpguerssen-test.odoo.rgbconsulting.com\/es\/producto\/latinameriska-vol-3\/#primaryimage","url":"https:\/\/wpguerssen-test.odoo.rgbconsulting.com\/wp-content\/uploads\/2022\/11\/34004.jpg","contentUrl":"https:\/\/wpguerssen-test.odoo.rgbconsulting.com\/wp-content\/uploads\/2022\/11\/34004.jpg","width":800,"height":800,"caption":"vol. 3 - GRAN QUILOMBO (LP) | Guerssen"},{"@type":"BreadcrumbList","@id":"https:\/\/wpguerssen-test.odoo.rgbconsulting.com\/es\/producto\/latinameriska-vol-3\/#breadcrumb","itemListElement":[{"@type":"ListItem","position":1,"name":"Inicio","item":"https:\/\/wpguerssen-test.odoo.rgbconsulting.com\/es\/"},{"@type":"ListItem","position":2,"name":"Shop","item":"https:\/\/wpguerssen-test.odoo.rgbconsulting.com\/shop\/"},{"@type":"ListItem","position":3,"name":"Latinameriska, vol. 3"}]},{"@type":"WebSite","@id":"https:\/\/wpguerssen-test.odoo.rgbconsulting.com\/es\/#website","url":"https:\/\/wpguerssen-test.odoo.rgbconsulting.com\/es\/","name":"Guerssen records","description":"psychedelia - progressive - folk - garage ","publisher":{"@id":"https:\/\/wpguerssen-test.odoo.rgbconsulting.com\/es\/#organization"},"potentialAction":[{"@type":"SearchAction","target":{"@type":"EntryPoint","urlTemplate":"https:\/\/wpguerssen-test.odoo.rgbconsulting.com\/es\/?s={search_term_string}"},"query-input":{"@type":"PropertyValueSpecification","valueRequired":true,"valueName":"search_term_string"}}],"inLanguage":"es"},{"@type":"Organization","@id":"https:\/\/wpguerssen-test.odoo.rgbconsulting.com\/es\/#organization","name":"Guerssen records","url":"https:\/\/wpguerssen-test.odoo.rgbconsulting.com\/es\/","logo":{"@type":"ImageObject","inLanguage":"es","@id":"https:\/\/wpguerssen-test.odoo.rgbconsulting.com\/es\/#\/schema\/logo\/image\/","url":"https:\/\/wpguerssen-test.odoo.rgbconsulting.com\/wp-content\/uploads\/2022\/04\/Logo_Guerssen_trans_100.png","contentUrl":"https:\/\/wpguerssen-test.odoo.rgbconsulting.com\/wp-content\/uploads\/2022\/04\/Logo_Guerssen_trans_100.png","width":122,"height":100,"caption":"Guerssen records"},"image":{"@id":"https:\/\/wpguerssen-test.odoo.rgbconsulting.com\/es\/#\/schema\/logo\/image\/"}}]}},"_links":{"self":[{"href":"https:\/\/wpguerssen-test.odoo.rgbconsulting.com\/es\/wp-json\/wp\/v2\/product\/220351","targetHints":{"allow":["GET"]}}],"collection":[{"href":"https:\/\/wpguerssen-test.odoo.rgbconsulting.com\/es\/wp-json\/wp\/v2\/product"}],"about":[{"href":"https:\/\/wpguerssen-test.odoo.rgbconsulting.com\/es\/wp-json\/wp\/v2\/types\/product"}],"wp:featuredmedia":[{"embeddable":true,"href":"https:\/\/wpguerssen-test.odoo.rgbconsulting.com\/es\/wp-json\/wp\/v2\/media\/225256"}],"wp:attachment":[{"href":"https:\/\/wpguerssen-test.odoo.rgbconsulting.com\/es\/wp-json\/wp\/v2\/media?parent=220351"}],"wp:term":[{"taxonomy":"product_brand","embeddable":true,"href":"https:\/\/wpguerssen-test.odoo.rgbconsulting.com\/es\/wp-json\/wp\/v2\/product_brand?post=220351"},{"taxonomy":"product_cat","embeddable":true,"href":"https:\/\/wpguerssen-test.odoo.rgbconsulting.com\/es\/wp-json\/wp\/v2\/product_cat?post=220351"},{"taxonomy":"product_tag","embeddable":true,"href":"https:\/\/wpguerssen-test.odoo.rgbconsulting.com\/es\/wp-json\/wp\/v2\/product_tag?post=220351"}],"curies":[{"name":"wp","href":"https:\/\/api.w.org\/{rel}","templated":true}]}}