{"id":220357,"date":"2022-11-10T00:00:00","date_gmt":"2022-11-09T23:00:00","guid":{"rendered":"https:\/\/wpguerssen-test.odoo.rgbconsulting.com\/product\/1980-81-complete-studio-collection\/"},"modified":"2025-04-10T16:36:32","modified_gmt":"2025-04-10T14:36:32","slug":"1980-81-complete-studio-collection","status":"publish","type":"product","link":"https:\/\/wpguerssen-test.odoo.rgbconsulting.com\/es\/producto\/1980-81-complete-studio-collection\/","title":{"rendered":"1980-81 Complete Studio Collection"},"content":{"rendered":"<p>Centramos nuestra atenci\u00f3n en la primera formaci\u00f3n de la banda, incluidas todas sus grabaciones de estudio realizadas durante 1980 y 1981. The Business se form\u00f3 durante este per\u00edodo por el omnipresente Micky Fitz a la voz, Steve Kent a la guitarra, Martin Smith al bajo y Nick Cunningham a la bater\u00eda; Richard Lewis\u00bb y los temas mucho m\u00e1s pop como la magn\u00edfica \u00abOut in the Cold\u00bb o \u00abStreets Where you Live\u00bb que se acercan m\u00e1s al sonido de bandas mod revival que otras bandas punk-oi! tambi\u00e9n material gr\u00e1fico in\u00e9dito. <\/p>\n<p> Tracklist A1 &#8211; Out In The Cold A2 &#8211; Streets Where You Live A3 &#8211; Harry May A4 &#8211; National Insurance Blacklist A5 &#8211; Suburban Rebels A6 &#8211; Product A7 &#8211; Step Into Christmas B1 &#8211; Strangers (Demo) B2 &#8211; Unevenly Pretty (Demo) B3 &#8211; Out In The Cold (Demo) B4 &#8211; 19 (Demo) B5 &#8211; No Emotions (Demo) B6 &#8211; Dayo (Demo) B7 &#8211; Richard Lewis (Demo)<\/p>\n","protected":false},"excerpt":{"rendered":"<p>Centramos nuestra atenci\u00f3n en la primera formaci\u00f3n de la banda, incluidas todas sus grabaciones de estudio realizadas durante 1980 y 1981. The Business se form\u00f3<a class=\"read\" href=\"https:\/\/wpguerssen-test.odoo.rgbconsulting.com\/es\/producto\/1980-81-complete-studio-collection\/\"> (...)<\/a>","protected":false},"featured_media":220639,"template":"","meta":{"_acf_changed":false},"product_brand":[],"product_cat":[21650],"product_tag":[],"class_list":{"0":"post-220357","1":"product","2":"type-product","3":"status-publish","4":"has-post-thumbnail","6":"product_cat-punk-es","7":"pa_artist-business-the-es","8":"pa_format-lp-es","9":"pa_gender-punk","10":"pa_label-daily-records","11":"pa_location-uk-ireland-es","12":"pa_other-filters-vinyl-only-es","14":"first","15":"instock","16":"taxable","17":"shipping-taxable","18":"purchasable","19":"product-type-simple"},"acf":[],"yoast_head":"<!-- This site is optimized with the Yoast SEO plugin v24.9 - https:\/\/yoast.com\/wordpress\/plugins\/seo\/ -->\n<title>BUSINESS, The - 1980-81 Complete Studio Collection -  (LP) | Guerssen<\/title>\n<meta name=\"description\" content=\"We turn our attention to the first formation of the band, including all their studio recordings conducted during 1980 and 1981. The Business were formed during this period by the ubiquitous Micky Fitz on vocals, Steve Kent on guitar, Martin Smith on bass and Nick Cunningham on drums; the most surprising aspect of this period is the contrast between the usual street-punk sound of some songs as &quot;Suburban Rebels&quot;, &quot;No Emotions&quot; or &quot;Richard Lewis&quot; and the much more pop-oriented tunes like the magnificent &quot;Out in the Cold&quot; or &quot;Streets Where you Live&quot; that fall closer to the sound of mod revival bands than other punkoi! bands of the time. On A side you will find the 7 tracks that were officially published (on singles and compilation LPs) while the flip side features the band&#039;s demo recordings. This release features an inner sleeve with information about all the recording sessions compiled on this album and also previously unseen graphic material. #nl# Tracklist A1 - Out In The Cold A2 - Streets Where You Live A3 - Harry May A4 - National Insurance Blacklist A5 - Suburban Rebels A6 - Product A7 - Step Into Christmas B1 - Strangers (Demo) B2 - Unevenly Pretty (Demo) B3 - Out In The Cold (Demo) B4 - 19 (Demo) B5 - No Emotions (Demo) B6 - Dayo (Demo) B7 - Richard Lewis (Demo)\" \/>\n<meta name=\"robots\" content=\"index, follow, max-snippet:-1, max-image-preview:large, max-video-preview:-1\" \/>\n<link rel=\"canonical\" href=\"https:\/\/wpguerssen-test.odoo.rgbconsulting.com\/es\/producto\/1980-81-complete-studio-collection\/\" \/>\n<meta property=\"og:locale\" content=\"es_ES\" \/>\n<meta property=\"og:type\" content=\"article\" \/>\n<meta property=\"og:title\" content=\"BUSINESS, The - 1980-81 Complete Studio Collection -  (LP) | Guerssen\" \/>\n<meta property=\"og:description\" content=\"We turn our attention to the first formation of the band, including all their studio recordings conducted during 1980 and 1981. The Business were formed during this period by the ubiquitous Micky Fitz on vocals, Steve Kent on guitar, Martin Smith on bass and Nick Cunningham on drums; the most surprising aspect of this period is the contrast between the usual street-punk sound of some songs as &quot;Suburban Rebels&quot;, &quot;No Emotions&quot; or &quot;Richard Lewis&quot; and the much more pop-oriented tunes like the magnificent &quot;Out in the Cold&quot; or &quot;Streets Where you Live&quot; that fall closer to the sound of mod revival bands than other punkoi! bands of the time. On A side you will find the 7 tracks that were officially published (on singles and compilation LPs) while the flip side features the band&#039;s demo recordings. This release features an inner sleeve with information about all the recording sessions compiled on this album and also previously unseen graphic material. #nl# Tracklist A1 - Out In The Cold A2 - Streets Where You Live A3 - Harry May A4 - National Insurance Blacklist A5 - Suburban Rebels A6 - Product A7 - Step Into Christmas B1 - Strangers (Demo) B2 - Unevenly Pretty (Demo) B3 - Out In The Cold (Demo) B4 - 19 (Demo) B5 - No Emotions (Demo) B6 - Dayo (Demo) B7 - Richard Lewis (Demo)\" \/>\n<meta property=\"og:url\" content=\"https:\/\/wpguerssen-test.odoo.rgbconsulting.com\/es\/producto\/1980-81-complete-studio-collection\/\" \/>\n<meta property=\"og:site_name\" content=\"Guerssen records\" \/>\n<meta property=\"article:modified_time\" content=\"2025-04-10T14:36:32+00:00\" \/>\n<meta property=\"og:image\" content=\"https:\/\/wpguerssen-test.odoo.rgbconsulting.com\/wp-content\/uploads\/2022\/11\/42274.jpg\" \/>\n\t<meta property=\"og:image:width\" content=\"340\" \/>\n\t<meta property=\"og:image:height\" content=\"347\" \/>\n\t<meta property=\"og:image:type\" content=\"image\/jpeg\" \/>\n<meta name=\"twitter:card\" content=\"summary_large_image\" \/>\n<meta name=\"twitter:title\" content=\"BUSINESS, The - 1980-81 Complete Studio Collection -  (LP) | Guerssen\" \/>\n<meta name=\"twitter:label1\" content=\"Tiempo de lectura\" \/>\n\t<meta name=\"twitter:data1\" content=\"1 minuto\" \/>\n<script type=\"application\/ld+json\" class=\"yoast-schema-graph\">{\"@context\":\"https:\/\/schema.org\",\"@graph\":[{\"@type\":\"WebPage\",\"@id\":\"https:\/\/wpguerssen-test.odoo.rgbconsulting.com\/es\/producto\/1980-81-complete-studio-collection\/\",\"url\":\"https:\/\/wpguerssen-test.odoo.rgbconsulting.com\/es\/producto\/1980-81-complete-studio-collection\/\",\"name\":\"BUSINESS, The - 1980-81 Complete Studio Collection - (LP) | Guerssen\",\"isPartOf\":{\"@id\":\"https:\/\/wpguerssen-test.odoo.rgbconsulting.com\/es\/#website\"},\"primaryImageOfPage\":{\"@id\":\"https:\/\/wpguerssen-test.odoo.rgbconsulting.com\/es\/producto\/1980-81-complete-studio-collection\/#primaryimage\"},\"image\":{\"@id\":\"https:\/\/wpguerssen-test.odoo.rgbconsulting.com\/es\/producto\/1980-81-complete-studio-collection\/#primaryimage\"},\"thumbnailUrl\":\"https:\/\/wpguerssen-test.odoo.rgbconsulting.com\/wp-content\/uploads\/2022\/11\/42274.jpg\",\"datePublished\":\"2022-11-09T23:00:00+00:00\",\"dateModified\":\"2025-04-10T14:36:32+00:00\",\"description\":\"We turn our attention to the first formation of the band, including all their studio recordings conducted during 1980 and 1981. The Business were formed during this period by the ubiquitous Micky Fitz on vocals, Steve Kent on guitar, Martin Smith on bass and Nick Cunningham on drums; the most surprising aspect of this period is the contrast between the usual street-punk sound of some songs as \\\"Suburban Rebels\\\", \\\"No Emotions\\\" or \\\"Richard Lewis\\\" and the much more pop-oriented tunes like the magnificent \\\"Out in the Cold\\\" or \\\"Streets Where you Live\\\" that fall closer to the sound of mod revival bands than other punkoi! bands of the time. On A side you will find the 7 tracks that were officially published (on singles and compilation LPs) while the flip side features the band's demo recordings. This release features an inner sleeve with information about all the recording sessions compiled on this album and also previously unseen graphic material. #nl# Tracklist A1 - Out In The Cold A2 - Streets Where You Live A3 - Harry May A4 - National Insurance Blacklist A5 - Suburban Rebels A6 - Product A7 - Step Into Christmas B1 - Strangers (Demo) B2 - Unevenly Pretty (Demo) B3 - Out In The Cold (Demo) B4 - 19 (Demo) B5 - No Emotions (Demo) B6 - Dayo (Demo) B7 - Richard Lewis (Demo)\",\"breadcrumb\":{\"@id\":\"https:\/\/wpguerssen-test.odoo.rgbconsulting.com\/es\/producto\/1980-81-complete-studio-collection\/#breadcrumb\"},\"inLanguage\":\"es\",\"potentialAction\":[{\"@type\":\"ReadAction\",\"target\":[\"https:\/\/wpguerssen-test.odoo.rgbconsulting.com\/es\/producto\/1980-81-complete-studio-collection\/\"]}]},{\"@type\":\"ImageObject\",\"inLanguage\":\"es\",\"@id\":\"https:\/\/wpguerssen-test.odoo.rgbconsulting.com\/es\/producto\/1980-81-complete-studio-collection\/#primaryimage\",\"url\":\"https:\/\/wpguerssen-test.odoo.rgbconsulting.com\/wp-content\/uploads\/2022\/11\/42274.jpg\",\"contentUrl\":\"https:\/\/wpguerssen-test.odoo.rgbconsulting.com\/wp-content\/uploads\/2022\/11\/42274.jpg\",\"width\":340,\"height\":347,\"caption\":\"The - 1980-81 Complete Studio Collection - DAILY RECORDS (LP) | Guerssen\"},{\"@type\":\"BreadcrumbList\",\"@id\":\"https:\/\/wpguerssen-test.odoo.rgbconsulting.com\/es\/producto\/1980-81-complete-studio-collection\/#breadcrumb\",\"itemListElement\":[{\"@type\":\"ListItem\",\"position\":1,\"name\":\"Inicio\",\"item\":\"https:\/\/wpguerssen-test.odoo.rgbconsulting.com\/es\/\"},{\"@type\":\"ListItem\",\"position\":2,\"name\":\"Shop\",\"item\":\"https:\/\/wpguerssen-test.odoo.rgbconsulting.com\/shop\/\"},{\"@type\":\"ListItem\",\"position\":3,\"name\":\"1980-81 Complete Studio Collection\"}]},{\"@type\":\"WebSite\",\"@id\":\"https:\/\/wpguerssen-test.odoo.rgbconsulting.com\/es\/#website\",\"url\":\"https:\/\/wpguerssen-test.odoo.rgbconsulting.com\/es\/\",\"name\":\"Guerssen records\",\"description\":\"psychedelia - progressive - folk - garage \",\"publisher\":{\"@id\":\"https:\/\/wpguerssen-test.odoo.rgbconsulting.com\/es\/#organization\"},\"potentialAction\":[{\"@type\":\"SearchAction\",\"target\":{\"@type\":\"EntryPoint\",\"urlTemplate\":\"https:\/\/wpguerssen-test.odoo.rgbconsulting.com\/es\/?s={search_term_string}\"},\"query-input\":{\"@type\":\"PropertyValueSpecification\",\"valueRequired\":true,\"valueName\":\"search_term_string\"}}],\"inLanguage\":\"es\"},{\"@type\":\"Organization\",\"@id\":\"https:\/\/wpguerssen-test.odoo.rgbconsulting.com\/es\/#organization\",\"name\":\"Guerssen records\",\"url\":\"https:\/\/wpguerssen-test.odoo.rgbconsulting.com\/es\/\",\"logo\":{\"@type\":\"ImageObject\",\"inLanguage\":\"es\",\"@id\":\"https:\/\/wpguerssen-test.odoo.rgbconsulting.com\/es\/#\/schema\/logo\/image\/\",\"url\":\"https:\/\/wpguerssen-test.odoo.rgbconsulting.com\/wp-content\/uploads\/2022\/04\/Logo_Guerssen_trans_100.png\",\"contentUrl\":\"https:\/\/wpguerssen-test.odoo.rgbconsulting.com\/wp-content\/uploads\/2022\/04\/Logo_Guerssen_trans_100.png\",\"width\":122,\"height\":100,\"caption\":\"Guerssen records\"},\"image\":{\"@id\":\"https:\/\/wpguerssen-test.odoo.rgbconsulting.com\/es\/#\/schema\/logo\/image\/\"}}]}<\/script>\n<!-- \/ Yoast SEO plugin. -->","yoast_head_json":{"title":"BUSINESS, The - 1980-81 Complete Studio Collection -  (LP) | Guerssen","description":"We turn our attention to the first formation of the band, including all their studio recordings conducted during 1980 and 1981. The Business were formed during this period by the ubiquitous Micky Fitz on vocals, Steve Kent on guitar, Martin Smith on bass and Nick Cunningham on drums; the most surprising aspect of this period is the contrast between the usual street-punk sound of some songs as \"Suburban Rebels\", \"No Emotions\" or \"Richard Lewis\" and the much more pop-oriented tunes like the magnificent \"Out in the Cold\" or \"Streets Where you Live\" that fall closer to the sound of mod revival bands than other punkoi! bands of the time. On A side you will find the 7 tracks that were officially published (on singles and compilation LPs) while the flip side features the band's demo recordings. This release features an inner sleeve with information about all the recording sessions compiled on this album and also previously unseen graphic material. #nl# Tracklist A1 - Out In The Cold A2 - Streets Where You Live A3 - Harry May A4 - National Insurance Blacklist A5 - Suburban Rebels A6 - Product A7 - Step Into Christmas B1 - Strangers (Demo) B2 - Unevenly Pretty (Demo) B3 - Out In The Cold (Demo) B4 - 19 (Demo) B5 - No Emotions (Demo) B6 - Dayo (Demo) B7 - Richard Lewis (Demo)","robots":{"index":"index","follow":"follow","max-snippet":"max-snippet:-1","max-image-preview":"max-image-preview:large","max-video-preview":"max-video-preview:-1"},"canonical":"https:\/\/wpguerssen-test.odoo.rgbconsulting.com\/es\/producto\/1980-81-complete-studio-collection\/","og_locale":"es_ES","og_type":"article","og_title":"BUSINESS, The - 1980-81 Complete Studio Collection -  (LP) | Guerssen","og_description":"We turn our attention to the first formation of the band, including all their studio recordings conducted during 1980 and 1981. The Business were formed during this period by the ubiquitous Micky Fitz on vocals, Steve Kent on guitar, Martin Smith on bass and Nick Cunningham on drums; the most surprising aspect of this period is the contrast between the usual street-punk sound of some songs as \"Suburban Rebels\", \"No Emotions\" or \"Richard Lewis\" and the much more pop-oriented tunes like the magnificent \"Out in the Cold\" or \"Streets Where you Live\" that fall closer to the sound of mod revival bands than other punkoi! bands of the time. On A side you will find the 7 tracks that were officially published (on singles and compilation LPs) while the flip side features the band's demo recordings. This release features an inner sleeve with information about all the recording sessions compiled on this album and also previously unseen graphic material. #nl# Tracklist A1 - Out In The Cold A2 - Streets Where You Live A3 - Harry May A4 - National Insurance Blacklist A5 - Suburban Rebels A6 - Product A7 - Step Into Christmas B1 - Strangers (Demo) B2 - Unevenly Pretty (Demo) B3 - Out In The Cold (Demo) B4 - 19 (Demo) B5 - No Emotions (Demo) B6 - Dayo (Demo) B7 - Richard Lewis (Demo)","og_url":"https:\/\/wpguerssen-test.odoo.rgbconsulting.com\/es\/producto\/1980-81-complete-studio-collection\/","og_site_name":"Guerssen records","article_modified_time":"2025-04-10T14:36:32+00:00","og_image":[{"width":340,"height":347,"url":"https:\/\/wpguerssen-test.odoo.rgbconsulting.com\/wp-content\/uploads\/2022\/11\/42274.jpg","type":"image\/jpeg"}],"twitter_card":"summary_large_image","twitter_title":"BUSINESS, The - 1980-81 Complete Studio Collection -  (LP) | Guerssen","twitter_misc":{"Tiempo de lectura":"1 minuto"},"schema":{"@context":"https:\/\/schema.org","@graph":[{"@type":"WebPage","@id":"https:\/\/wpguerssen-test.odoo.rgbconsulting.com\/es\/producto\/1980-81-complete-studio-collection\/","url":"https:\/\/wpguerssen-test.odoo.rgbconsulting.com\/es\/producto\/1980-81-complete-studio-collection\/","name":"BUSINESS, The - 1980-81 Complete Studio Collection - (LP) | Guerssen","isPartOf":{"@id":"https:\/\/wpguerssen-test.odoo.rgbconsulting.com\/es\/#website"},"primaryImageOfPage":{"@id":"https:\/\/wpguerssen-test.odoo.rgbconsulting.com\/es\/producto\/1980-81-complete-studio-collection\/#primaryimage"},"image":{"@id":"https:\/\/wpguerssen-test.odoo.rgbconsulting.com\/es\/producto\/1980-81-complete-studio-collection\/#primaryimage"},"thumbnailUrl":"https:\/\/wpguerssen-test.odoo.rgbconsulting.com\/wp-content\/uploads\/2022\/11\/42274.jpg","datePublished":"2022-11-09T23:00:00+00:00","dateModified":"2025-04-10T14:36:32+00:00","description":"We turn our attention to the first formation of the band, including all their studio recordings conducted during 1980 and 1981. The Business were formed during this period by the ubiquitous Micky Fitz on vocals, Steve Kent on guitar, Martin Smith on bass and Nick Cunningham on drums; the most surprising aspect of this period is the contrast between the usual street-punk sound of some songs as \"Suburban Rebels\", \"No Emotions\" or \"Richard Lewis\" and the much more pop-oriented tunes like the magnificent \"Out in the Cold\" or \"Streets Where you Live\" that fall closer to the sound of mod revival bands than other punkoi! bands of the time. On A side you will find the 7 tracks that were officially published (on singles and compilation LPs) while the flip side features the band's demo recordings. This release features an inner sleeve with information about all the recording sessions compiled on this album and also previously unseen graphic material. #nl# Tracklist A1 - Out In The Cold A2 - Streets Where You Live A3 - Harry May A4 - National Insurance Blacklist A5 - Suburban Rebels A6 - Product A7 - Step Into Christmas B1 - Strangers (Demo) B2 - Unevenly Pretty (Demo) B3 - Out In The Cold (Demo) B4 - 19 (Demo) B5 - No Emotions (Demo) B6 - Dayo (Demo) B7 - Richard Lewis (Demo)","breadcrumb":{"@id":"https:\/\/wpguerssen-test.odoo.rgbconsulting.com\/es\/producto\/1980-81-complete-studio-collection\/#breadcrumb"},"inLanguage":"es","potentialAction":[{"@type":"ReadAction","target":["https:\/\/wpguerssen-test.odoo.rgbconsulting.com\/es\/producto\/1980-81-complete-studio-collection\/"]}]},{"@type":"ImageObject","inLanguage":"es","@id":"https:\/\/wpguerssen-test.odoo.rgbconsulting.com\/es\/producto\/1980-81-complete-studio-collection\/#primaryimage","url":"https:\/\/wpguerssen-test.odoo.rgbconsulting.com\/wp-content\/uploads\/2022\/11\/42274.jpg","contentUrl":"https:\/\/wpguerssen-test.odoo.rgbconsulting.com\/wp-content\/uploads\/2022\/11\/42274.jpg","width":340,"height":347,"caption":"The - 1980-81 Complete Studio Collection - DAILY RECORDS (LP) | Guerssen"},{"@type":"BreadcrumbList","@id":"https:\/\/wpguerssen-test.odoo.rgbconsulting.com\/es\/producto\/1980-81-complete-studio-collection\/#breadcrumb","itemListElement":[{"@type":"ListItem","position":1,"name":"Inicio","item":"https:\/\/wpguerssen-test.odoo.rgbconsulting.com\/es\/"},{"@type":"ListItem","position":2,"name":"Shop","item":"https:\/\/wpguerssen-test.odoo.rgbconsulting.com\/shop\/"},{"@type":"ListItem","position":3,"name":"1980-81 Complete Studio Collection"}]},{"@type":"WebSite","@id":"https:\/\/wpguerssen-test.odoo.rgbconsulting.com\/es\/#website","url":"https:\/\/wpguerssen-test.odoo.rgbconsulting.com\/es\/","name":"Guerssen records","description":"psychedelia - progressive - folk - garage ","publisher":{"@id":"https:\/\/wpguerssen-test.odoo.rgbconsulting.com\/es\/#organization"},"potentialAction":[{"@type":"SearchAction","target":{"@type":"EntryPoint","urlTemplate":"https:\/\/wpguerssen-test.odoo.rgbconsulting.com\/es\/?s={search_term_string}"},"query-input":{"@type":"PropertyValueSpecification","valueRequired":true,"valueName":"search_term_string"}}],"inLanguage":"es"},{"@type":"Organization","@id":"https:\/\/wpguerssen-test.odoo.rgbconsulting.com\/es\/#organization","name":"Guerssen records","url":"https:\/\/wpguerssen-test.odoo.rgbconsulting.com\/es\/","logo":{"@type":"ImageObject","inLanguage":"es","@id":"https:\/\/wpguerssen-test.odoo.rgbconsulting.com\/es\/#\/schema\/logo\/image\/","url":"https:\/\/wpguerssen-test.odoo.rgbconsulting.com\/wp-content\/uploads\/2022\/04\/Logo_Guerssen_trans_100.png","contentUrl":"https:\/\/wpguerssen-test.odoo.rgbconsulting.com\/wp-content\/uploads\/2022\/04\/Logo_Guerssen_trans_100.png","width":122,"height":100,"caption":"Guerssen records"},"image":{"@id":"https:\/\/wpguerssen-test.odoo.rgbconsulting.com\/es\/#\/schema\/logo\/image\/"}}]}},"_links":{"self":[{"href":"https:\/\/wpguerssen-test.odoo.rgbconsulting.com\/es\/wp-json\/wp\/v2\/product\/220357","targetHints":{"allow":["GET"]}}],"collection":[{"href":"https:\/\/wpguerssen-test.odoo.rgbconsulting.com\/es\/wp-json\/wp\/v2\/product"}],"about":[{"href":"https:\/\/wpguerssen-test.odoo.rgbconsulting.com\/es\/wp-json\/wp\/v2\/types\/product"}],"wp:featuredmedia":[{"embeddable":true,"href":"https:\/\/wpguerssen-test.odoo.rgbconsulting.com\/es\/wp-json\/wp\/v2\/media\/220639"}],"wp:attachment":[{"href":"https:\/\/wpguerssen-test.odoo.rgbconsulting.com\/es\/wp-json\/wp\/v2\/media?parent=220357"}],"wp:term":[{"taxonomy":"product_brand","embeddable":true,"href":"https:\/\/wpguerssen-test.odoo.rgbconsulting.com\/es\/wp-json\/wp\/v2\/product_brand?post=220357"},{"taxonomy":"product_cat","embeddable":true,"href":"https:\/\/wpguerssen-test.odoo.rgbconsulting.com\/es\/wp-json\/wp\/v2\/product_cat?post=220357"},{"taxonomy":"product_tag","embeddable":true,"href":"https:\/\/wpguerssen-test.odoo.rgbconsulting.com\/es\/wp-json\/wp\/v2\/product_tag?post=220357"}],"curies":[{"name":"wp","href":"https:\/\/api.w.org\/{rel}","templated":true}]}}