{"id":220361,"date":"2023-01-23T00:00:00","date_gmt":"2023-01-22T23:00:00","guid":{"rendered":"https:\/\/wpguerssen-test.odoo.rgbconsulting.com\/product\/urgh-the-complete-show-live-at-santa-yellow\/"},"modified":"2025-01-09T15:17:02","modified_gmt":"2025-01-09T14:17:02","slug":"urgh-the-complete-show-live-at-santa-yellow","status":"publish","type":"product","link":"https:\/\/wpguerssen-test.odoo.rgbconsulting.com\/es\/producto\/urgh-the-complete-show-live-at-santa-yellow\/","title":{"rendered":"Urgh&#8230;The Complete Show &#8211; Live at Santa (Yellow)"},"content":{"rendered":"<p>Es pegadizo, es actual, es enojado, es juguet\u00f3n, es en vivo. Un escaparate del rock and roll, palpitante, de im\u00e1genes y sonidos. Enci\u00e9ndelo , sube el volumen, esto significa guerra: The Cramps en vivo en Urgh!<\/p>\n","protected":false},"excerpt":{"rendered":"<p>Es pegadizo, es actual, es enojado, es juguet\u00f3n, es en vivo. Un escaparate del rock and roll, palpitante, de im\u00e1genes y sonidos. Enci\u00e9ndelo , sube el volumen, esto<a class=\"read\" href=\"https:\/\/wpguerssen-test.odoo.rgbconsulting.com\/es\/producto\/urgh-the-complete-show-live-at-santa-yellow\/\"> (...)<\/a>","protected":false},"featured_media":225023,"template":"","meta":{"_acf_changed":false},"product_brand":[],"product_cat":[21650,21642],"product_tag":[29140],"class_list":{"0":"post-220361","1":"product","2":"type-product","3":"status-publish","4":"has-post-thumbnail","6":"product_cat-punk-es","7":"product_cat-rocknroll-es","8":"product_tag-color-vinyl-es","9":"pa_artist-cramps-the-es","10":"pa_format-lp-es","11":"pa_gender-rocknroll-punk","12":"pa_label-dear-boss","13":"pa_location-north-america-es","14":"pa_other-filters-vinyl-only-es","16":"first","17":"instock","18":"taxable","19":"shipping-taxable","20":"purchasable","21":"product-type-simple"},"acf":[],"yoast_head":"<!-- This site is optimized with the Yoast SEO plugin v24.9 - https:\/\/yoast.com\/wordpress\/plugins\/seo\/ -->\n<title>CRAMPS, The - Urgh...The Complete Show - Live at Santa (Yellow) -  (LP) | Guerssen<\/title>\n<meta name=\"description\" content=\"It&#039;s live and loud. It&#039;s urgent and proud. Hot, crowded, amped venues scattered across L.A. It&#039;s big hair, little hair, guys, girlz. It&#039;s catchy, it&#039;s topical, it&#039;s angry, it&#039;s playful, it&#039;s live. And it lives on in a rocking, throbbing, sights-and-sounds showcase. Turn it on, turn it up, this means war: The Cramps live at Urgh! A Music War.\" \/>\n<meta name=\"robots\" content=\"index, follow, max-snippet:-1, max-image-preview:large, max-video-preview:-1\" \/>\n<link rel=\"canonical\" href=\"https:\/\/wpguerssen-test.odoo.rgbconsulting.com\/es\/producto\/urgh-the-complete-show-live-at-santa-yellow\/\" \/>\n<meta property=\"og:locale\" content=\"es_ES\" \/>\n<meta property=\"og:type\" content=\"article\" \/>\n<meta property=\"og:title\" content=\"CRAMPS, The - Urgh...The Complete Show - Live at Santa (Yellow) -  (LP) | Guerssen\" \/>\n<meta property=\"og:description\" content=\"It&#039;s live and loud. It&#039;s urgent and proud. Hot, crowded, amped venues scattered across L.A. It&#039;s big hair, little hair, guys, girlz. It&#039;s catchy, it&#039;s topical, it&#039;s angry, it&#039;s playful, it&#039;s live. And it lives on in a rocking, throbbing, sights-and-sounds showcase. Turn it on, turn it up, this means war: The Cramps live at Urgh! A Music War.\" \/>\n<meta property=\"og:url\" content=\"https:\/\/wpguerssen-test.odoo.rgbconsulting.com\/es\/producto\/urgh-the-complete-show-live-at-santa-yellow\/\" \/>\n<meta property=\"og:site_name\" content=\"Guerssen records\" \/>\n<meta property=\"article:modified_time\" content=\"2025-01-09T14:17:02+00:00\" \/>\n<meta property=\"og:image\" content=\"https:\/\/wpguerssen-test.odoo.rgbconsulting.com\/wp-content\/uploads\/2023\/01\/42278.jpg\" \/>\n\t<meta property=\"og:image:width\" content=\"600\" \/>\n\t<meta property=\"og:image:height\" content=\"607\" \/>\n\t<meta property=\"og:image:type\" content=\"image\/jpeg\" \/>\n<meta name=\"twitter:card\" content=\"summary_large_image\" \/>\n<meta name=\"twitter:title\" content=\"CRAMPS, The - Urgh...The Complete Show - Live at Santa (Yellow) -  (LP) | Guerssen\" \/>\n<script type=\"application\/ld+json\" class=\"yoast-schema-graph\">{\"@context\":\"https:\/\/schema.org\",\"@graph\":[{\"@type\":\"WebPage\",\"@id\":\"https:\/\/wpguerssen-test.odoo.rgbconsulting.com\/es\/producto\/urgh-the-complete-show-live-at-santa-yellow\/\",\"url\":\"https:\/\/wpguerssen-test.odoo.rgbconsulting.com\/es\/producto\/urgh-the-complete-show-live-at-santa-yellow\/\",\"name\":\"CRAMPS, The - Urgh...The Complete Show - Live at Santa (Yellow) - (LP) | Guerssen\",\"isPartOf\":{\"@id\":\"https:\/\/wpguerssen-test.odoo.rgbconsulting.com\/es\/#website\"},\"primaryImageOfPage\":{\"@id\":\"https:\/\/wpguerssen-test.odoo.rgbconsulting.com\/es\/producto\/urgh-the-complete-show-live-at-santa-yellow\/#primaryimage\"},\"image\":{\"@id\":\"https:\/\/wpguerssen-test.odoo.rgbconsulting.com\/es\/producto\/urgh-the-complete-show-live-at-santa-yellow\/#primaryimage\"},\"thumbnailUrl\":\"https:\/\/wpguerssen-test.odoo.rgbconsulting.com\/wp-content\/uploads\/2023\/01\/42278.jpg\",\"datePublished\":\"2023-01-22T23:00:00+00:00\",\"dateModified\":\"2025-01-09T14:17:02+00:00\",\"description\":\"It's live and loud. It's urgent and proud. Hot, crowded, amped venues scattered across L.A. It's big hair, little hair, guys, girlz. It's catchy, it's topical, it's angry, it's playful, it's live. And it lives on in a rocking, throbbing, sights-and-sounds showcase. Turn it on, turn it up, this means war: The Cramps live at Urgh! A Music War.\",\"breadcrumb\":{\"@id\":\"https:\/\/wpguerssen-test.odoo.rgbconsulting.com\/es\/producto\/urgh-the-complete-show-live-at-santa-yellow\/#breadcrumb\"},\"inLanguage\":\"es\",\"potentialAction\":[{\"@type\":\"ReadAction\",\"target\":[\"https:\/\/wpguerssen-test.odoo.rgbconsulting.com\/es\/producto\/urgh-the-complete-show-live-at-santa-yellow\/\"]}]},{\"@type\":\"ImageObject\",\"inLanguage\":\"es\",\"@id\":\"https:\/\/wpguerssen-test.odoo.rgbconsulting.com\/es\/producto\/urgh-the-complete-show-live-at-santa-yellow\/#primaryimage\",\"url\":\"https:\/\/wpguerssen-test.odoo.rgbconsulting.com\/wp-content\/uploads\/2023\/01\/42278.jpg\",\"contentUrl\":\"https:\/\/wpguerssen-test.odoo.rgbconsulting.com\/wp-content\/uploads\/2023\/01\/42278.jpg\",\"width\":600,\"height\":607,\"caption\":\"The - Urgh...The Complete Show - Live at Santa (Yellow) - DEAR BOSS (LP) | Guerssen\"},{\"@type\":\"BreadcrumbList\",\"@id\":\"https:\/\/wpguerssen-test.odoo.rgbconsulting.com\/es\/producto\/urgh-the-complete-show-live-at-santa-yellow\/#breadcrumb\",\"itemListElement\":[{\"@type\":\"ListItem\",\"position\":1,\"name\":\"Inicio\",\"item\":\"https:\/\/wpguerssen-test.odoo.rgbconsulting.com\/es\/\"},{\"@type\":\"ListItem\",\"position\":2,\"name\":\"Shop\",\"item\":\"https:\/\/wpguerssen-test.odoo.rgbconsulting.com\/shop\/\"},{\"@type\":\"ListItem\",\"position\":3,\"name\":\"Urgh&#8230;The Complete Show &#8211; Live at Santa (Yellow)\"}]},{\"@type\":\"WebSite\",\"@id\":\"https:\/\/wpguerssen-test.odoo.rgbconsulting.com\/es\/#website\",\"url\":\"https:\/\/wpguerssen-test.odoo.rgbconsulting.com\/es\/\",\"name\":\"Guerssen records\",\"description\":\"psychedelia - progressive - folk - garage \",\"publisher\":{\"@id\":\"https:\/\/wpguerssen-test.odoo.rgbconsulting.com\/es\/#organization\"},\"potentialAction\":[{\"@type\":\"SearchAction\",\"target\":{\"@type\":\"EntryPoint\",\"urlTemplate\":\"https:\/\/wpguerssen-test.odoo.rgbconsulting.com\/es\/?s={search_term_string}\"},\"query-input\":{\"@type\":\"PropertyValueSpecification\",\"valueRequired\":true,\"valueName\":\"search_term_string\"}}],\"inLanguage\":\"es\"},{\"@type\":\"Organization\",\"@id\":\"https:\/\/wpguerssen-test.odoo.rgbconsulting.com\/es\/#organization\",\"name\":\"Guerssen records\",\"url\":\"https:\/\/wpguerssen-test.odoo.rgbconsulting.com\/es\/\",\"logo\":{\"@type\":\"ImageObject\",\"inLanguage\":\"es\",\"@id\":\"https:\/\/wpguerssen-test.odoo.rgbconsulting.com\/es\/#\/schema\/logo\/image\/\",\"url\":\"https:\/\/wpguerssen-test.odoo.rgbconsulting.com\/wp-content\/uploads\/2022\/04\/Logo_Guerssen_trans_100.png\",\"contentUrl\":\"https:\/\/wpguerssen-test.odoo.rgbconsulting.com\/wp-content\/uploads\/2022\/04\/Logo_Guerssen_trans_100.png\",\"width\":122,\"height\":100,\"caption\":\"Guerssen records\"},\"image\":{\"@id\":\"https:\/\/wpguerssen-test.odoo.rgbconsulting.com\/es\/#\/schema\/logo\/image\/\"}}]}<\/script>\n<!-- \/ Yoast SEO plugin. -->","yoast_head_json":{"title":"CRAMPS, The - Urgh...The Complete Show - Live at Santa (Yellow) -  (LP) | Guerssen","description":"It's live and loud. It's urgent and proud. Hot, crowded, amped venues scattered across L.A. It's big hair, little hair, guys, girlz. It's catchy, it's topical, it's angry, it's playful, it's live. And it lives on in a rocking, throbbing, sights-and-sounds showcase. Turn it on, turn it up, this means war: The Cramps live at Urgh! A Music War.","robots":{"index":"index","follow":"follow","max-snippet":"max-snippet:-1","max-image-preview":"max-image-preview:large","max-video-preview":"max-video-preview:-1"},"canonical":"https:\/\/wpguerssen-test.odoo.rgbconsulting.com\/es\/producto\/urgh-the-complete-show-live-at-santa-yellow\/","og_locale":"es_ES","og_type":"article","og_title":"CRAMPS, The - Urgh...The Complete Show - Live at Santa (Yellow) -  (LP) | Guerssen","og_description":"It's live and loud. It's urgent and proud. Hot, crowded, amped venues scattered across L.A. It's big hair, little hair, guys, girlz. It's catchy, it's topical, it's angry, it's playful, it's live. And it lives on in a rocking, throbbing, sights-and-sounds showcase. Turn it on, turn it up, this means war: The Cramps live at Urgh! A Music War.","og_url":"https:\/\/wpguerssen-test.odoo.rgbconsulting.com\/es\/producto\/urgh-the-complete-show-live-at-santa-yellow\/","og_site_name":"Guerssen records","article_modified_time":"2025-01-09T14:17:02+00:00","og_image":[{"width":600,"height":607,"url":"https:\/\/wpguerssen-test.odoo.rgbconsulting.com\/wp-content\/uploads\/2023\/01\/42278.jpg","type":"image\/jpeg"}],"twitter_card":"summary_large_image","twitter_title":"CRAMPS, The - Urgh...The Complete Show - Live at Santa (Yellow) -  (LP) | Guerssen","schema":{"@context":"https:\/\/schema.org","@graph":[{"@type":"WebPage","@id":"https:\/\/wpguerssen-test.odoo.rgbconsulting.com\/es\/producto\/urgh-the-complete-show-live-at-santa-yellow\/","url":"https:\/\/wpguerssen-test.odoo.rgbconsulting.com\/es\/producto\/urgh-the-complete-show-live-at-santa-yellow\/","name":"CRAMPS, The - Urgh...The Complete Show - Live at Santa (Yellow) - (LP) | Guerssen","isPartOf":{"@id":"https:\/\/wpguerssen-test.odoo.rgbconsulting.com\/es\/#website"},"primaryImageOfPage":{"@id":"https:\/\/wpguerssen-test.odoo.rgbconsulting.com\/es\/producto\/urgh-the-complete-show-live-at-santa-yellow\/#primaryimage"},"image":{"@id":"https:\/\/wpguerssen-test.odoo.rgbconsulting.com\/es\/producto\/urgh-the-complete-show-live-at-santa-yellow\/#primaryimage"},"thumbnailUrl":"https:\/\/wpguerssen-test.odoo.rgbconsulting.com\/wp-content\/uploads\/2023\/01\/42278.jpg","datePublished":"2023-01-22T23:00:00+00:00","dateModified":"2025-01-09T14:17:02+00:00","description":"It's live and loud. It's urgent and proud. Hot, crowded, amped venues scattered across L.A. It's big hair, little hair, guys, girlz. It's catchy, it's topical, it's angry, it's playful, it's live. And it lives on in a rocking, throbbing, sights-and-sounds showcase. Turn it on, turn it up, this means war: The Cramps live at Urgh! A Music War.","breadcrumb":{"@id":"https:\/\/wpguerssen-test.odoo.rgbconsulting.com\/es\/producto\/urgh-the-complete-show-live-at-santa-yellow\/#breadcrumb"},"inLanguage":"es","potentialAction":[{"@type":"ReadAction","target":["https:\/\/wpguerssen-test.odoo.rgbconsulting.com\/es\/producto\/urgh-the-complete-show-live-at-santa-yellow\/"]}]},{"@type":"ImageObject","inLanguage":"es","@id":"https:\/\/wpguerssen-test.odoo.rgbconsulting.com\/es\/producto\/urgh-the-complete-show-live-at-santa-yellow\/#primaryimage","url":"https:\/\/wpguerssen-test.odoo.rgbconsulting.com\/wp-content\/uploads\/2023\/01\/42278.jpg","contentUrl":"https:\/\/wpguerssen-test.odoo.rgbconsulting.com\/wp-content\/uploads\/2023\/01\/42278.jpg","width":600,"height":607,"caption":"The - Urgh...The Complete Show - Live at Santa (Yellow) - DEAR BOSS (LP) | Guerssen"},{"@type":"BreadcrumbList","@id":"https:\/\/wpguerssen-test.odoo.rgbconsulting.com\/es\/producto\/urgh-the-complete-show-live-at-santa-yellow\/#breadcrumb","itemListElement":[{"@type":"ListItem","position":1,"name":"Inicio","item":"https:\/\/wpguerssen-test.odoo.rgbconsulting.com\/es\/"},{"@type":"ListItem","position":2,"name":"Shop","item":"https:\/\/wpguerssen-test.odoo.rgbconsulting.com\/shop\/"},{"@type":"ListItem","position":3,"name":"Urgh&#8230;The Complete Show &#8211; Live at Santa (Yellow)"}]},{"@type":"WebSite","@id":"https:\/\/wpguerssen-test.odoo.rgbconsulting.com\/es\/#website","url":"https:\/\/wpguerssen-test.odoo.rgbconsulting.com\/es\/","name":"Guerssen records","description":"psychedelia - progressive - folk - garage ","publisher":{"@id":"https:\/\/wpguerssen-test.odoo.rgbconsulting.com\/es\/#organization"},"potentialAction":[{"@type":"SearchAction","target":{"@type":"EntryPoint","urlTemplate":"https:\/\/wpguerssen-test.odoo.rgbconsulting.com\/es\/?s={search_term_string}"},"query-input":{"@type":"PropertyValueSpecification","valueRequired":true,"valueName":"search_term_string"}}],"inLanguage":"es"},{"@type":"Organization","@id":"https:\/\/wpguerssen-test.odoo.rgbconsulting.com\/es\/#organization","name":"Guerssen records","url":"https:\/\/wpguerssen-test.odoo.rgbconsulting.com\/es\/","logo":{"@type":"ImageObject","inLanguage":"es","@id":"https:\/\/wpguerssen-test.odoo.rgbconsulting.com\/es\/#\/schema\/logo\/image\/","url":"https:\/\/wpguerssen-test.odoo.rgbconsulting.com\/wp-content\/uploads\/2022\/04\/Logo_Guerssen_trans_100.png","contentUrl":"https:\/\/wpguerssen-test.odoo.rgbconsulting.com\/wp-content\/uploads\/2022\/04\/Logo_Guerssen_trans_100.png","width":122,"height":100,"caption":"Guerssen records"},"image":{"@id":"https:\/\/wpguerssen-test.odoo.rgbconsulting.com\/es\/#\/schema\/logo\/image\/"}}]}},"_links":{"self":[{"href":"https:\/\/wpguerssen-test.odoo.rgbconsulting.com\/es\/wp-json\/wp\/v2\/product\/220361","targetHints":{"allow":["GET"]}}],"collection":[{"href":"https:\/\/wpguerssen-test.odoo.rgbconsulting.com\/es\/wp-json\/wp\/v2\/product"}],"about":[{"href":"https:\/\/wpguerssen-test.odoo.rgbconsulting.com\/es\/wp-json\/wp\/v2\/types\/product"}],"wp:featuredmedia":[{"embeddable":true,"href":"https:\/\/wpguerssen-test.odoo.rgbconsulting.com\/es\/wp-json\/wp\/v2\/media\/225023"}],"wp:attachment":[{"href":"https:\/\/wpguerssen-test.odoo.rgbconsulting.com\/es\/wp-json\/wp\/v2\/media?parent=220361"}],"wp:term":[{"taxonomy":"product_brand","embeddable":true,"href":"https:\/\/wpguerssen-test.odoo.rgbconsulting.com\/es\/wp-json\/wp\/v2\/product_brand?post=220361"},{"taxonomy":"product_cat","embeddable":true,"href":"https:\/\/wpguerssen-test.odoo.rgbconsulting.com\/es\/wp-json\/wp\/v2\/product_cat?post=220361"},{"taxonomy":"product_tag","embeddable":true,"href":"https:\/\/wpguerssen-test.odoo.rgbconsulting.com\/es\/wp-json\/wp\/v2\/product_tag?post=220361"}],"curies":[{"name":"wp","href":"https:\/\/api.w.org\/{rel}","templated":true}]}}