{"id":220389,"date":"2022-11-03T00:00:00","date_gmt":"2022-11-02T23:00:00","guid":{"rendered":"https:\/\/wpguerssen-test.odoo.rgbconsulting.com\/product\/tips-zum-selbstmord\/"},"modified":"2025-04-22T15:50:54","modified_gmt":"2025-04-22T13:50:54","slug":"tips-zum-selbstmord","status":"publish","type":"product","link":"https:\/\/wpguerssen-test.odoo.rgbconsulting.com\/es\/producto\/tips-zum-selbstmord\/","title":{"rendered":"Tips zum Selbstmord"},"content":{"rendered":"<p>Reedici\u00f3n de este aut\u00e9ntico holy-grail kraut, editado originalmente en 1972. <\/p>\n<p> Crudo y salvaje sonido heavy-prog \/ hard-rock psicod\u00e9lico, 100% underground! Letras en alem\u00e1n, guitarra acid-fuzz al 11 de volumen, \u00f3rgano garagero y atm\u00f3sfera oscura, casi proto-doom. <\/p>\n<p> Con su nombre tomado del famoso libro de Lovecraft, Necronomicon se forma en la ciudad alemana de Aachen en 1970. Influenciados al principio por grupos como Deep Purple, Black Sabbath Pink Floyd o Hendrix, el grupo pronto comienza a componer sus propias canciones y en 1972 entran en un peque\u00f1o estudio situado en la frontera con Holanda para registrar lo que ser\u00e1 su primer disco, una obra conceptual titulada Tips zum Selbstmord. La traducci\u00f3n ser\u00eda algo as\u00ed como \u00abConsejos para suicidarte\u00bb pero en realidad el mensaje que el grupo quer\u00eda expresar no era una invitaci\u00f3n a quitarte la vida sino una llamada a como la humanidad iba camino de la autodestrucci\u00f3n y a la destrucci\u00f3n de su propio planeta debido a las guerras, poluci\u00f3n, explotaci\u00f3n y sobrepoblaci\u00f3n.  <\/p>\n<p> 500 copias del disco fueron editadas de forma privada por el grupo, envueltas en una alucinante portada desplegable en forma de cruz. Era una forma gr\u00e1fica de lo que quer\u00edan expresar musicalmente. <\/p>\n<p> Copias originales con la portada intacta son muy dif\u00edciles de encontrar, lo que lo convierten en uno de los discos m\u00e1s deseados dentro de la escena Kraut.  <\/p>\n<p> Aqu\u00ed tienes por fin una reedici\u00f3n oficial y fiel al original. <\/p>\n<p> *Limitado a 1000 copias numeradas y firmadas<br \/>*Repro exacta de la portada original<br \/>*Sonido de los m\u00e1sters originales<br \/>*Insert con notas y fotos<br \/>*Cup\u00f3n de descarga digital <\/p>\n<p> \u00ab&#8230;uno de los mejores y m\u00e1s originales discos alemanes de principios de los setenta&#8230;\u00bb<br \/>&#8211; Cosmic Dreams At Play <\/p>\n<p> &#8230;\u00bbNecronomicon crearon una visi\u00f3n ponderosa y oscura que mezclaba psicodelia y m\u00fasica progresiva con una sensibilidad proto-punk y garage&#8230;\u00bb<br \/>&#8211; Rolf Semprebon (AllMusic) <\/p>\n<p> Recomendado si te gustan: BLACK SABBATH, AMON DUUL, GILA, PATERNOSTER, HAWKWIND, G\u00c4A, GERMAN OAK, PINK FLOYD, HENDRIX&#8230; <\/p>\n<p> Tracklist:<br \/>Side A: A1. Prolog &#8211; A2. Requiem der Natur &#8211; A3. Tips Zum Selbstmord<br \/>Side B: B1. Die Stadt &#8211; B2. In Memoriam &#8211; B3. Requiem vom Ende<\/p>\n","protected":false},"excerpt":{"rendered":"<p>Reedici\u00f3n de este aut\u00e9ntico holy-grail kraut, editado originalmente en 1972. <\/p>\n<p>\u00a0<\/p>\n<p> Crudo y salvaje sonido heavy-prog \/ hard-rock psicod\u00e9lico, 100%<a class=\"read\" href=\"https:\/\/wpguerssen-test.odoo.rgbconsulting.com\/es\/producto\/tips-zum-selbstmord\/\"> (...)<\/a>","protected":false},"featured_media":240153,"template":"","meta":{"_acf_changed":false},"product_brand":[],"product_cat":[21639,23224],"product_tag":[],"class_list":{"0":"post-220389","1":"product","2":"type-product","3":"status-publish","4":"has-post-thumbnail","6":"product_cat-psychedelic60s-70s-es","7":"product_cat-hard-rock-60s-70s-es","8":"pa_artist-necronomicon","9":"pa_format-lp-es","10":"pa_gender-psychedelic60s-70s-hard-rock-60s-70s","11":"pa_label-guerssen-es","12":"pa_location-europe-es","13":"pa_other-filters-vinyl-only-es","15":"first","16":"instock","17":"taxable","18":"shipping-taxable","19":"purchasable","20":"product-type-simple"},"acf":[],"yoast_head":"<!-- This site is optimized with the Yoast SEO plugin v24.9 - https:\/\/yoast.com\/wordpress\/plugins\/seo\/ -->\n<title>NECRONOMICON - Tips zum Selbstmord -  (LP) | Guerssen<\/title>\n<meta name=\"description\" content=\"Official reissue of this Holy Grail Kraut album from 1972. #nl# Real underground heavy-prog \/ psychedelic hard-rock with raw, in-your-face production, German lyrics, insane acid-fuzz guitar, garage organ and dark, proto-doom atmosphere...the real deal! #nl# Named after the famous Lovecraft book, Necronomicon formed in the German town of Aachen in 1970, first influenced by bands like Black Sabbath, Deep Purple, Pink Floyd, Hendrix...In 1972 they entered a small studio in the Dutch border and recorded in just five days a concept album named Tips zum Selbstmord. The title roughly translates as &quot;Tips on how to commit suicide&quot; but the message the band wanted to give had nothing to do with taking your own life but instead with how mankind was facing self destruction, destroying its own planet by pollution, wars, exploitation and overpopulation. #nl# 500 copies of the album were privately pressed by the band, housed in a lavish, cross shaped multi fold-out cover. It was a graphical translation of what they wanted to express musically. #nl# Original copies are impossible to find, making it one of the most desirable and sought after Kraut \/ German albums ever. Here&#039;s a long overdue new vinyl reissue. #nl# *Limited to 1000 hand-numbered \/ signed copies*Faithful reproduction of the original multi-fold-out cross shaped cover*Sourced from the original master tapes*Insert with detailed liner notes and photos*Includes digital download card.&quot;...one of the best and most unique German records of the early seventies.&quot;- Cosmic Dreams At Play #nl# ...&quot;Necronomicon has created a dark and powerful vision that blends psychedelic and progressive music with a proto-punk garage band sensibility&quot;- Rolf Semprebon (AllMusic) #nl# RIYL: BLACK SABBATH, AMON DUUL, GILA, PATERNOSTER, HAWKWIND, G\u00c4A, GERMAN OAK, PINK FLOYD, HENDRIX... #nl# Tracklist:Side A: A1. Prolog - A2. Requiem der Natur - A3. Tips Zum SelbstmordSide B: B1. Die Stadt - B2. In Memoriam - B3. Requiem vom Ende\" \/>\n<meta name=\"robots\" content=\"index, follow, max-snippet:-1, max-image-preview:large, max-video-preview:-1\" \/>\n<link rel=\"canonical\" href=\"https:\/\/wpguerssen-test.odoo.rgbconsulting.com\/es\/producto\/tips-zum-selbstmord\/\" \/>\n<meta property=\"og:locale\" content=\"es_ES\" \/>\n<meta property=\"og:type\" content=\"article\" \/>\n<meta property=\"og:title\" content=\"NECRONOMICON - Tips zum Selbstmord -  (LP) | Guerssen\" \/>\n<meta property=\"og:description\" content=\"Official reissue of this Holy Grail Kraut album from 1972. #nl# Real underground heavy-prog \/ psychedelic hard-rock with raw, in-your-face production, German lyrics, insane acid-fuzz guitar, garage organ and dark, proto-doom atmosphere...the real deal! #nl# Named after the famous Lovecraft book, Necronomicon formed in the German town of Aachen in 1970, first influenced by bands like Black Sabbath, Deep Purple, Pink Floyd, Hendrix...In 1972 they entered a small studio in the Dutch border and recorded in just five days a concept album named Tips zum Selbstmord. The title roughly translates as &quot;Tips on how to commit suicide&quot; but the message the band wanted to give had nothing to do with taking your own life but instead with how mankind was facing self destruction, destroying its own planet by pollution, wars, exploitation and overpopulation. #nl# 500 copies of the album were privately pressed by the band, housed in a lavish, cross shaped multi fold-out cover. It was a graphical translation of what they wanted to express musically. #nl# Original copies are impossible to find, making it one of the most desirable and sought after Kraut \/ German albums ever. Here&#039;s a long overdue new vinyl reissue. #nl# *Limited to 1000 hand-numbered \/ signed copies*Faithful reproduction of the original multi-fold-out cross shaped cover*Sourced from the original master tapes*Insert with detailed liner notes and photos*Includes digital download card.&quot;...one of the best and most unique German records of the early seventies.&quot;- Cosmic Dreams At Play #nl# ...&quot;Necronomicon has created a dark and powerful vision that blends psychedelic and progressive music with a proto-punk garage band sensibility&quot;- Rolf Semprebon (AllMusic) #nl# RIYL: BLACK SABBATH, AMON DUUL, GILA, PATERNOSTER, HAWKWIND, G\u00c4A, GERMAN OAK, PINK FLOYD, HENDRIX... #nl# Tracklist:Side A: A1. Prolog - A2. Requiem der Natur - A3. Tips Zum SelbstmordSide B: B1. Die Stadt - B2. In Memoriam - B3. Requiem vom Ende\" \/>\n<meta property=\"og:url\" content=\"https:\/\/wpguerssen-test.odoo.rgbconsulting.com\/es\/producto\/tips-zum-selbstmord\/\" \/>\n<meta property=\"og:site_name\" content=\"Guerssen records\" \/>\n<meta property=\"article:modified_time\" content=\"2025-04-22T13:50:54+00:00\" \/>\n<meta property=\"og:image\" content=\"https:\/\/wpguerssen-test.odoo.rgbconsulting.com\/wp-content\/uploads\/2023\/08\/40725.jpg\" \/>\n\t<meta property=\"og:image:width\" content=\"1400\" \/>\n\t<meta property=\"og:image:height\" content=\"1400\" \/>\n\t<meta property=\"og:image:type\" content=\"image\/jpeg\" \/>\n<meta name=\"twitter:card\" content=\"summary_large_image\" \/>\n<meta name=\"twitter:title\" content=\"NECRONOMICON - Tips zum Selbstmord -  (LP) | Guerssen\" \/>\n<meta name=\"twitter:label1\" content=\"Tiempo de lectura\" \/>\n\t<meta name=\"twitter:data1\" content=\"2 minutos\" \/>\n<script type=\"application\/ld+json\" class=\"yoast-schema-graph\">{\"@context\":\"https:\/\/schema.org\",\"@graph\":[{\"@type\":\"WebPage\",\"@id\":\"https:\/\/wpguerssen-test.odoo.rgbconsulting.com\/es\/producto\/tips-zum-selbstmord\/\",\"url\":\"https:\/\/wpguerssen-test.odoo.rgbconsulting.com\/es\/producto\/tips-zum-selbstmord\/\",\"name\":\"NECRONOMICON - Tips zum Selbstmord - (LP) | Guerssen\",\"isPartOf\":{\"@id\":\"https:\/\/wpguerssen-test.odoo.rgbconsulting.com\/es\/#website\"},\"primaryImageOfPage\":{\"@id\":\"https:\/\/wpguerssen-test.odoo.rgbconsulting.com\/es\/producto\/tips-zum-selbstmord\/#primaryimage\"},\"image\":{\"@id\":\"https:\/\/wpguerssen-test.odoo.rgbconsulting.com\/es\/producto\/tips-zum-selbstmord\/#primaryimage\"},\"thumbnailUrl\":\"https:\/\/wpguerssen-test.odoo.rgbconsulting.com\/wp-content\/uploads\/2023\/08\/40725.jpg\",\"datePublished\":\"2022-11-02T23:00:00+00:00\",\"dateModified\":\"2025-04-22T13:50:54+00:00\",\"description\":\"Official reissue of this Holy Grail Kraut album from 1972. #nl# Real underground heavy-prog \/ psychedelic hard-rock with raw, in-your-face production, German lyrics, insane acid-fuzz guitar, garage organ and dark, proto-doom atmosphere...the real deal! #nl# Named after the famous Lovecraft book, Necronomicon formed in the German town of Aachen in 1970, first influenced by bands like Black Sabbath, Deep Purple, Pink Floyd, Hendrix...In 1972 they entered a small studio in the Dutch border and recorded in just five days a concept album named Tips zum Selbstmord. The title roughly translates as \\\"Tips on how to commit suicide\\\" but the message the band wanted to give had nothing to do with taking your own life but instead with how mankind was facing self destruction, destroying its own planet by pollution, wars, exploitation and overpopulation. #nl# 500 copies of the album were privately pressed by the band, housed in a lavish, cross shaped multi fold-out cover. It was a graphical translation of what they wanted to express musically. #nl# Original copies are impossible to find, making it one of the most desirable and sought after Kraut \/ German albums ever. Here's a long overdue new vinyl reissue. #nl# *Limited to 1000 hand-numbered \/ signed copies*Faithful reproduction of the original multi-fold-out cross shaped cover*Sourced from the original master tapes*Insert with detailed liner notes and photos*Includes digital download card.\\\"...one of the best and most unique German records of the early seventies.\\\"- Cosmic Dreams At Play #nl# ...\\\"Necronomicon has created a dark and powerful vision that blends psychedelic and progressive music with a proto-punk garage band sensibility\\\"- Rolf Semprebon (AllMusic) #nl# RIYL: BLACK SABBATH, AMON DUUL, GILA, PATERNOSTER, HAWKWIND, G\u00c4A, GERMAN OAK, PINK FLOYD, HENDRIX... #nl# Tracklist:Side A: A1. Prolog - A2. Requiem der Natur - A3. Tips Zum SelbstmordSide B: B1. Die Stadt - B2. In Memoriam - B3. Requiem vom Ende\",\"breadcrumb\":{\"@id\":\"https:\/\/wpguerssen-test.odoo.rgbconsulting.com\/es\/producto\/tips-zum-selbstmord\/#breadcrumb\"},\"inLanguage\":\"es\",\"potentialAction\":[{\"@type\":\"ReadAction\",\"target\":[\"https:\/\/wpguerssen-test.odoo.rgbconsulting.com\/es\/producto\/tips-zum-selbstmord\/\"]}]},{\"@type\":\"ImageObject\",\"inLanguage\":\"es\",\"@id\":\"https:\/\/wpguerssen-test.odoo.rgbconsulting.com\/es\/producto\/tips-zum-selbstmord\/#primaryimage\",\"url\":\"https:\/\/wpguerssen-test.odoo.rgbconsulting.com\/wp-content\/uploads\/2023\/08\/40725.jpg\",\"contentUrl\":\"https:\/\/wpguerssen-test.odoo.rgbconsulting.com\/wp-content\/uploads\/2023\/08\/40725.jpg\",\"width\":1400,\"height\":1400},{\"@type\":\"BreadcrumbList\",\"@id\":\"https:\/\/wpguerssen-test.odoo.rgbconsulting.com\/es\/producto\/tips-zum-selbstmord\/#breadcrumb\",\"itemListElement\":[{\"@type\":\"ListItem\",\"position\":1,\"name\":\"Inicio\",\"item\":\"https:\/\/wpguerssen-test.odoo.rgbconsulting.com\/es\/\"},{\"@type\":\"ListItem\",\"position\":2,\"name\":\"Shop\",\"item\":\"https:\/\/wpguerssen-test.odoo.rgbconsulting.com\/shop\/\"},{\"@type\":\"ListItem\",\"position\":3,\"name\":\"Tips zum Selbstmord\"}]},{\"@type\":\"WebSite\",\"@id\":\"https:\/\/wpguerssen-test.odoo.rgbconsulting.com\/es\/#website\",\"url\":\"https:\/\/wpguerssen-test.odoo.rgbconsulting.com\/es\/\",\"name\":\"Guerssen records\",\"description\":\"psychedelia - progressive - folk - garage \",\"publisher\":{\"@id\":\"https:\/\/wpguerssen-test.odoo.rgbconsulting.com\/es\/#organization\"},\"potentialAction\":[{\"@type\":\"SearchAction\",\"target\":{\"@type\":\"EntryPoint\",\"urlTemplate\":\"https:\/\/wpguerssen-test.odoo.rgbconsulting.com\/es\/?s={search_term_string}\"},\"query-input\":{\"@type\":\"PropertyValueSpecification\",\"valueRequired\":true,\"valueName\":\"search_term_string\"}}],\"inLanguage\":\"es\"},{\"@type\":\"Organization\",\"@id\":\"https:\/\/wpguerssen-test.odoo.rgbconsulting.com\/es\/#organization\",\"name\":\"Guerssen records\",\"url\":\"https:\/\/wpguerssen-test.odoo.rgbconsulting.com\/es\/\",\"logo\":{\"@type\":\"ImageObject\",\"inLanguage\":\"es\",\"@id\":\"https:\/\/wpguerssen-test.odoo.rgbconsulting.com\/es\/#\/schema\/logo\/image\/\",\"url\":\"https:\/\/wpguerssen-test.odoo.rgbconsulting.com\/wp-content\/uploads\/2022\/04\/Logo_Guerssen_trans_100.png\",\"contentUrl\":\"https:\/\/wpguerssen-test.odoo.rgbconsulting.com\/wp-content\/uploads\/2022\/04\/Logo_Guerssen_trans_100.png\",\"width\":122,\"height\":100,\"caption\":\"Guerssen records\"},\"image\":{\"@id\":\"https:\/\/wpguerssen-test.odoo.rgbconsulting.com\/es\/#\/schema\/logo\/image\/\"}}]}<\/script>\n<!-- \/ Yoast SEO plugin. -->","yoast_head_json":{"title":"NECRONOMICON - Tips zum Selbstmord -  (LP) | Guerssen","description":"Official reissue of this Holy Grail Kraut album from 1972. #nl# Real underground heavy-prog \/ psychedelic hard-rock with raw, in-your-face production, German lyrics, insane acid-fuzz guitar, garage organ and dark, proto-doom atmosphere...the real deal! #nl# Named after the famous Lovecraft book, Necronomicon formed in the German town of Aachen in 1970, first influenced by bands like Black Sabbath, Deep Purple, Pink Floyd, Hendrix...In 1972 they entered a small studio in the Dutch border and recorded in just five days a concept album named Tips zum Selbstmord. The title roughly translates as \"Tips on how to commit suicide\" but the message the band wanted to give had nothing to do with taking your own life but instead with how mankind was facing self destruction, destroying its own planet by pollution, wars, exploitation and overpopulation. #nl# 500 copies of the album were privately pressed by the band, housed in a lavish, cross shaped multi fold-out cover. It was a graphical translation of what they wanted to express musically. #nl# Original copies are impossible to find, making it one of the most desirable and sought after Kraut \/ German albums ever. Here's a long overdue new vinyl reissue. #nl# *Limited to 1000 hand-numbered \/ signed copies*Faithful reproduction of the original multi-fold-out cross shaped cover*Sourced from the original master tapes*Insert with detailed liner notes and photos*Includes digital download card.\"...one of the best and most unique German records of the early seventies.\"- Cosmic Dreams At Play #nl# ...\"Necronomicon has created a dark and powerful vision that blends psychedelic and progressive music with a proto-punk garage band sensibility\"- Rolf Semprebon (AllMusic) #nl# RIYL: BLACK SABBATH, AMON DUUL, GILA, PATERNOSTER, HAWKWIND, G\u00c4A, GERMAN OAK, PINK FLOYD, HENDRIX... #nl# Tracklist:Side A: A1. Prolog - A2. Requiem der Natur - A3. Tips Zum SelbstmordSide B: B1. Die Stadt - B2. In Memoriam - B3. Requiem vom Ende","robots":{"index":"index","follow":"follow","max-snippet":"max-snippet:-1","max-image-preview":"max-image-preview:large","max-video-preview":"max-video-preview:-1"},"canonical":"https:\/\/wpguerssen-test.odoo.rgbconsulting.com\/es\/producto\/tips-zum-selbstmord\/","og_locale":"es_ES","og_type":"article","og_title":"NECRONOMICON - Tips zum Selbstmord -  (LP) | Guerssen","og_description":"Official reissue of this Holy Grail Kraut album from 1972. #nl# Real underground heavy-prog \/ psychedelic hard-rock with raw, in-your-face production, German lyrics, insane acid-fuzz guitar, garage organ and dark, proto-doom atmosphere...the real deal! #nl# Named after the famous Lovecraft book, Necronomicon formed in the German town of Aachen in 1970, first influenced by bands like Black Sabbath, Deep Purple, Pink Floyd, Hendrix...In 1972 they entered a small studio in the Dutch border and recorded in just five days a concept album named Tips zum Selbstmord. The title roughly translates as \"Tips on how to commit suicide\" but the message the band wanted to give had nothing to do with taking your own life but instead with how mankind was facing self destruction, destroying its own planet by pollution, wars, exploitation and overpopulation. #nl# 500 copies of the album were privately pressed by the band, housed in a lavish, cross shaped multi fold-out cover. It was a graphical translation of what they wanted to express musically. #nl# Original copies are impossible to find, making it one of the most desirable and sought after Kraut \/ German albums ever. Here's a long overdue new vinyl reissue. #nl# *Limited to 1000 hand-numbered \/ signed copies*Faithful reproduction of the original multi-fold-out cross shaped cover*Sourced from the original master tapes*Insert with detailed liner notes and photos*Includes digital download card.\"...one of the best and most unique German records of the early seventies.\"- Cosmic Dreams At Play #nl# ...\"Necronomicon has created a dark and powerful vision that blends psychedelic and progressive music with a proto-punk garage band sensibility\"- Rolf Semprebon (AllMusic) #nl# RIYL: BLACK SABBATH, AMON DUUL, GILA, PATERNOSTER, HAWKWIND, G\u00c4A, GERMAN OAK, PINK FLOYD, HENDRIX... #nl# Tracklist:Side A: A1. Prolog - A2. Requiem der Natur - A3. Tips Zum SelbstmordSide B: B1. Die Stadt - B2. In Memoriam - B3. Requiem vom Ende","og_url":"https:\/\/wpguerssen-test.odoo.rgbconsulting.com\/es\/producto\/tips-zum-selbstmord\/","og_site_name":"Guerssen records","article_modified_time":"2025-04-22T13:50:54+00:00","og_image":[{"width":1400,"height":1400,"url":"https:\/\/wpguerssen-test.odoo.rgbconsulting.com\/wp-content\/uploads\/2023\/08\/40725.jpg","type":"image\/jpeg"}],"twitter_card":"summary_large_image","twitter_title":"NECRONOMICON - Tips zum Selbstmord -  (LP) | Guerssen","twitter_misc":{"Tiempo de lectura":"2 minutos"},"schema":{"@context":"https:\/\/schema.org","@graph":[{"@type":"WebPage","@id":"https:\/\/wpguerssen-test.odoo.rgbconsulting.com\/es\/producto\/tips-zum-selbstmord\/","url":"https:\/\/wpguerssen-test.odoo.rgbconsulting.com\/es\/producto\/tips-zum-selbstmord\/","name":"NECRONOMICON - Tips zum Selbstmord - (LP) | Guerssen","isPartOf":{"@id":"https:\/\/wpguerssen-test.odoo.rgbconsulting.com\/es\/#website"},"primaryImageOfPage":{"@id":"https:\/\/wpguerssen-test.odoo.rgbconsulting.com\/es\/producto\/tips-zum-selbstmord\/#primaryimage"},"image":{"@id":"https:\/\/wpguerssen-test.odoo.rgbconsulting.com\/es\/producto\/tips-zum-selbstmord\/#primaryimage"},"thumbnailUrl":"https:\/\/wpguerssen-test.odoo.rgbconsulting.com\/wp-content\/uploads\/2023\/08\/40725.jpg","datePublished":"2022-11-02T23:00:00+00:00","dateModified":"2025-04-22T13:50:54+00:00","description":"Official reissue of this Holy Grail Kraut album from 1972. #nl# Real underground heavy-prog \/ psychedelic hard-rock with raw, in-your-face production, German lyrics, insane acid-fuzz guitar, garage organ and dark, proto-doom atmosphere...the real deal! #nl# Named after the famous Lovecraft book, Necronomicon formed in the German town of Aachen in 1970, first influenced by bands like Black Sabbath, Deep Purple, Pink Floyd, Hendrix...In 1972 they entered a small studio in the Dutch border and recorded in just five days a concept album named Tips zum Selbstmord. The title roughly translates as \"Tips on how to commit suicide\" but the message the band wanted to give had nothing to do with taking your own life but instead with how mankind was facing self destruction, destroying its own planet by pollution, wars, exploitation and overpopulation. #nl# 500 copies of the album were privately pressed by the band, housed in a lavish, cross shaped multi fold-out cover. It was a graphical translation of what they wanted to express musically. #nl# Original copies are impossible to find, making it one of the most desirable and sought after Kraut \/ German albums ever. Here's a long overdue new vinyl reissue. #nl# *Limited to 1000 hand-numbered \/ signed copies*Faithful reproduction of the original multi-fold-out cross shaped cover*Sourced from the original master tapes*Insert with detailed liner notes and photos*Includes digital download card.\"...one of the best and most unique German records of the early seventies.\"- Cosmic Dreams At Play #nl# ...\"Necronomicon has created a dark and powerful vision that blends psychedelic and progressive music with a proto-punk garage band sensibility\"- Rolf Semprebon (AllMusic) #nl# RIYL: BLACK SABBATH, AMON DUUL, GILA, PATERNOSTER, HAWKWIND, G\u00c4A, GERMAN OAK, PINK FLOYD, HENDRIX... #nl# Tracklist:Side A: A1. Prolog - A2. Requiem der Natur - A3. Tips Zum SelbstmordSide B: B1. Die Stadt - B2. In Memoriam - B3. Requiem vom Ende","breadcrumb":{"@id":"https:\/\/wpguerssen-test.odoo.rgbconsulting.com\/es\/producto\/tips-zum-selbstmord\/#breadcrumb"},"inLanguage":"es","potentialAction":[{"@type":"ReadAction","target":["https:\/\/wpguerssen-test.odoo.rgbconsulting.com\/es\/producto\/tips-zum-selbstmord\/"]}]},{"@type":"ImageObject","inLanguage":"es","@id":"https:\/\/wpguerssen-test.odoo.rgbconsulting.com\/es\/producto\/tips-zum-selbstmord\/#primaryimage","url":"https:\/\/wpguerssen-test.odoo.rgbconsulting.com\/wp-content\/uploads\/2023\/08\/40725.jpg","contentUrl":"https:\/\/wpguerssen-test.odoo.rgbconsulting.com\/wp-content\/uploads\/2023\/08\/40725.jpg","width":1400,"height":1400},{"@type":"BreadcrumbList","@id":"https:\/\/wpguerssen-test.odoo.rgbconsulting.com\/es\/producto\/tips-zum-selbstmord\/#breadcrumb","itemListElement":[{"@type":"ListItem","position":1,"name":"Inicio","item":"https:\/\/wpguerssen-test.odoo.rgbconsulting.com\/es\/"},{"@type":"ListItem","position":2,"name":"Shop","item":"https:\/\/wpguerssen-test.odoo.rgbconsulting.com\/shop\/"},{"@type":"ListItem","position":3,"name":"Tips zum Selbstmord"}]},{"@type":"WebSite","@id":"https:\/\/wpguerssen-test.odoo.rgbconsulting.com\/es\/#website","url":"https:\/\/wpguerssen-test.odoo.rgbconsulting.com\/es\/","name":"Guerssen records","description":"psychedelia - progressive - folk - garage ","publisher":{"@id":"https:\/\/wpguerssen-test.odoo.rgbconsulting.com\/es\/#organization"},"potentialAction":[{"@type":"SearchAction","target":{"@type":"EntryPoint","urlTemplate":"https:\/\/wpguerssen-test.odoo.rgbconsulting.com\/es\/?s={search_term_string}"},"query-input":{"@type":"PropertyValueSpecification","valueRequired":true,"valueName":"search_term_string"}}],"inLanguage":"es"},{"@type":"Organization","@id":"https:\/\/wpguerssen-test.odoo.rgbconsulting.com\/es\/#organization","name":"Guerssen records","url":"https:\/\/wpguerssen-test.odoo.rgbconsulting.com\/es\/","logo":{"@type":"ImageObject","inLanguage":"es","@id":"https:\/\/wpguerssen-test.odoo.rgbconsulting.com\/es\/#\/schema\/logo\/image\/","url":"https:\/\/wpguerssen-test.odoo.rgbconsulting.com\/wp-content\/uploads\/2022\/04\/Logo_Guerssen_trans_100.png","contentUrl":"https:\/\/wpguerssen-test.odoo.rgbconsulting.com\/wp-content\/uploads\/2022\/04\/Logo_Guerssen_trans_100.png","width":122,"height":100,"caption":"Guerssen records"},"image":{"@id":"https:\/\/wpguerssen-test.odoo.rgbconsulting.com\/es\/#\/schema\/logo\/image\/"}}]}},"_links":{"self":[{"href":"https:\/\/wpguerssen-test.odoo.rgbconsulting.com\/es\/wp-json\/wp\/v2\/product\/220389","targetHints":{"allow":["GET"]}}],"collection":[{"href":"https:\/\/wpguerssen-test.odoo.rgbconsulting.com\/es\/wp-json\/wp\/v2\/product"}],"about":[{"href":"https:\/\/wpguerssen-test.odoo.rgbconsulting.com\/es\/wp-json\/wp\/v2\/types\/product"}],"wp:featuredmedia":[{"embeddable":true,"href":"https:\/\/wpguerssen-test.odoo.rgbconsulting.com\/es\/wp-json\/wp\/v2\/media\/240153"}],"wp:attachment":[{"href":"https:\/\/wpguerssen-test.odoo.rgbconsulting.com\/es\/wp-json\/wp\/v2\/media?parent=220389"}],"wp:term":[{"taxonomy":"product_brand","embeddable":true,"href":"https:\/\/wpguerssen-test.odoo.rgbconsulting.com\/es\/wp-json\/wp\/v2\/product_brand?post=220389"},{"taxonomy":"product_cat","embeddable":true,"href":"https:\/\/wpguerssen-test.odoo.rgbconsulting.com\/es\/wp-json\/wp\/v2\/product_cat?post=220389"},{"taxonomy":"product_tag","embeddable":true,"href":"https:\/\/wpguerssen-test.odoo.rgbconsulting.com\/es\/wp-json\/wp\/v2\/product_tag?post=220389"}],"curies":[{"name":"wp","href":"https:\/\/api.w.org\/{rel}","templated":true}]}}