{"id":220473,"date":"2025-02-20T00:00:00","date_gmt":"2025-02-19T23:00:00","guid":{"rendered":"https:\/\/wpguerssen-test.odoo.rgbconsulting.com\/product\/affinity\/"},"modified":"2025-04-16T18:06:17","modified_gmt":"2025-04-16T16:06:17","slug":"affinity","status":"publish","type":"product","link":"https:\/\/wpguerssen-test.odoo.rgbconsulting.com\/es\/producto\/affinity\/","title":{"rendered":"Affinity"},"content":{"rendered":"<p>Reedici\u00f3n oficial, limitada a 500 copias. El \u00fanico \u00e1lbum del grupo brit\u00e1nico progresivo de culto. Lanzado originalmente en 1970 en el influyente sello Vertigo, su \u00e1lbum hom\u00f3nimo sigue siendo uno de los m\u00e1s originales del jazz-rock ingl\u00e9s. Encabezada por Linda Hoyle, una poderosa vocalista que suena como un cruce entre Carol King y Julie Driscoll, la formaci\u00f3n la completaban Mo Foster (bajo), Mike Jupp (guitarra el\u00e9ctrica y de 12 cuerdas), Lynton Naiff (teclados) y Grant Serpell (bater\u00eda y percusi\u00f3n). Su mezcla ecl\u00e9ctica fue realmente convincente, pasando por encima de cierto sentimiento psicod\u00e9lico, gracias tambi\u00e9n al omnipresente \u00f3rgano Hammond. Una grabaci\u00f3n singular que definitivamente hizo historia.<\/p>\n","protected":false},"excerpt":{"rendered":"<p>Reedici\u00f3n oficial, limitada a 500 copias. El \u00fanico \u00e1lbum del grupo brit\u00e1nico progresivo de culto. Lanzado originalmente en 1970 en el influyente sello Vertigo,<a class=\"read\" href=\"https:\/\/wpguerssen-test.odoo.rgbconsulting.com\/es\/producto\/affinity\/\"> (...)<\/a>","protected":false},"featured_media":220953,"template":"","meta":{"_acf_changed":false},"product_brand":[],"product_cat":[23215,23229],"product_tag":[],"class_list":{"0":"post-220473","1":"product","2":"type-product","3":"status-publish","4":"has-post-thumbnail","6":"product_cat-progressive60s-70s-es","7":"product_cat-jazz-rock-es","8":"pa_artist-affinity","9":"pa_format-lp-es","10":"pa_gender-progressive60s-70s-jazz-rock","11":"pa_label-bonfire-records","12":"pa_location-uk-ireland-es","13":"pa_other-filters-vinyl-only-es","15":"first","16":"instock","17":"taxable","18":"shipping-taxable","19":"purchasable","20":"product-type-simple"},"acf":[],"yoast_head":"<!-- This site is optimized with the Yoast SEO plugin v24.9 - https:\/\/yoast.com\/wordpress\/plugins\/seo\/ -->\n<title>AFFINITY - Affinity -  (LP) | Guerssen<\/title>\n<meta name=\"description\" content=\"Fully licensed, limited to 500 copies, gatefold vinyl. The sole album by cultish british prog-blues combo. Originally released in 1970 on influential label Vertigo, their self-titled album is still one of the most original effort of the England jazz-rock scene. Fronted by Linda Hoyle, a powerful vocalist who sounds like a cross between Carol King and Julie Driscoll, the line up was completed by Mo Foster (bass), Mike Jupp (electric and 12-string guitars), Lynton Naiff (keyboards) and Grant Serpell (drums and percussion). Their eclectic mixture was truly compelling moving over a certain psychedelic feel, thanks also to the ubiquitous Hammond organ. A singular effort that made definitely history.\" \/>\n<meta name=\"robots\" content=\"index, follow, max-snippet:-1, max-image-preview:large, max-video-preview:-1\" \/>\n<link rel=\"canonical\" href=\"https:\/\/wpguerssen-test.odoo.rgbconsulting.com\/es\/producto\/affinity\/\" \/>\n<meta property=\"og:locale\" content=\"es_ES\" \/>\n<meta property=\"og:type\" content=\"article\" \/>\n<meta property=\"og:title\" content=\"AFFINITY - Affinity -  (LP) | Guerssen\" \/>\n<meta property=\"og:description\" content=\"Fully licensed, limited to 500 copies, gatefold vinyl. The sole album by cultish british prog-blues combo. Originally released in 1970 on influential label Vertigo, their self-titled album is still one of the most original effort of the England jazz-rock scene. Fronted by Linda Hoyle, a powerful vocalist who sounds like a cross between Carol King and Julie Driscoll, the line up was completed by Mo Foster (bass), Mike Jupp (electric and 12-string guitars), Lynton Naiff (keyboards) and Grant Serpell (drums and percussion). Their eclectic mixture was truly compelling moving over a certain psychedelic feel, thanks also to the ubiquitous Hammond organ. A singular effort that made definitely history.\" \/>\n<meta property=\"og:url\" content=\"https:\/\/wpguerssen-test.odoo.rgbconsulting.com\/es\/producto\/affinity\/\" \/>\n<meta property=\"og:site_name\" content=\"Guerssen records\" \/>\n<meta property=\"article:modified_time\" content=\"2025-04-16T16:06:17+00:00\" \/>\n<meta property=\"og:image\" content=\"https:\/\/wpguerssen-test.odoo.rgbconsulting.com\/wp-content\/uploads\/2022\/11\/42281.jpg\" \/>\n\t<meta property=\"og:image:width\" content=\"562\" \/>\n\t<meta property=\"og:image:height\" content=\"562\" \/>\n\t<meta property=\"og:image:type\" content=\"image\/jpeg\" \/>\n<meta name=\"twitter:card\" content=\"summary_large_image\" \/>\n<meta name=\"twitter:title\" content=\"AFFINITY - Affinity -  (LP) | Guerssen\" \/>\n<meta name=\"twitter:label1\" content=\"Tiempo de lectura\" \/>\n\t<meta name=\"twitter:data1\" content=\"1 minuto\" \/>\n<script type=\"application\/ld+json\" class=\"yoast-schema-graph\">{\"@context\":\"https:\/\/schema.org\",\"@graph\":[{\"@type\":\"WebPage\",\"@id\":\"https:\/\/wpguerssen-test.odoo.rgbconsulting.com\/es\/producto\/affinity\/\",\"url\":\"https:\/\/wpguerssen-test.odoo.rgbconsulting.com\/es\/producto\/affinity\/\",\"name\":\"AFFINITY - Affinity - (LP) | Guerssen\",\"isPartOf\":{\"@id\":\"https:\/\/wpguerssen-test.odoo.rgbconsulting.com\/es\/#website\"},\"primaryImageOfPage\":{\"@id\":\"https:\/\/wpguerssen-test.odoo.rgbconsulting.com\/es\/producto\/affinity\/#primaryimage\"},\"image\":{\"@id\":\"https:\/\/wpguerssen-test.odoo.rgbconsulting.com\/es\/producto\/affinity\/#primaryimage\"},\"thumbnailUrl\":\"https:\/\/wpguerssen-test.odoo.rgbconsulting.com\/wp-content\/uploads\/2022\/11\/42281.jpg\",\"datePublished\":\"2025-02-19T23:00:00+00:00\",\"dateModified\":\"2025-04-16T16:06:17+00:00\",\"description\":\"Fully licensed, limited to 500 copies, gatefold vinyl. The sole album by cultish british prog-blues combo. Originally released in 1970 on influential label Vertigo, their self-titled album is still one of the most original effort of the England jazz-rock scene. Fronted by Linda Hoyle, a powerful vocalist who sounds like a cross between Carol King and Julie Driscoll, the line up was completed by Mo Foster (bass), Mike Jupp (electric and 12-string guitars), Lynton Naiff (keyboards) and Grant Serpell (drums and percussion). Their eclectic mixture was truly compelling moving over a certain psychedelic feel, thanks also to the ubiquitous Hammond organ. A singular effort that made definitely history.\",\"breadcrumb\":{\"@id\":\"https:\/\/wpguerssen-test.odoo.rgbconsulting.com\/es\/producto\/affinity\/#breadcrumb\"},\"inLanguage\":\"es\",\"potentialAction\":[{\"@type\":\"ReadAction\",\"target\":[\"https:\/\/wpguerssen-test.odoo.rgbconsulting.com\/es\/producto\/affinity\/\"]}]},{\"@type\":\"ImageObject\",\"inLanguage\":\"es\",\"@id\":\"https:\/\/wpguerssen-test.odoo.rgbconsulting.com\/es\/producto\/affinity\/#primaryimage\",\"url\":\"https:\/\/wpguerssen-test.odoo.rgbconsulting.com\/wp-content\/uploads\/2022\/11\/42281.jpg\",\"contentUrl\":\"https:\/\/wpguerssen-test.odoo.rgbconsulting.com\/wp-content\/uploads\/2022\/11\/42281.jpg\",\"width\":562,\"height\":562},{\"@type\":\"BreadcrumbList\",\"@id\":\"https:\/\/wpguerssen-test.odoo.rgbconsulting.com\/es\/producto\/affinity\/#breadcrumb\",\"itemListElement\":[{\"@type\":\"ListItem\",\"position\":1,\"name\":\"Inicio\",\"item\":\"https:\/\/wpguerssen-test.odoo.rgbconsulting.com\/es\/\"},{\"@type\":\"ListItem\",\"position\":2,\"name\":\"Shop\",\"item\":\"https:\/\/wpguerssen-test.odoo.rgbconsulting.com\/shop\/\"},{\"@type\":\"ListItem\",\"position\":3,\"name\":\"Affinity\"}]},{\"@type\":\"WebSite\",\"@id\":\"https:\/\/wpguerssen-test.odoo.rgbconsulting.com\/es\/#website\",\"url\":\"https:\/\/wpguerssen-test.odoo.rgbconsulting.com\/es\/\",\"name\":\"Guerssen records\",\"description\":\"psychedelia - progressive - folk - garage \",\"publisher\":{\"@id\":\"https:\/\/wpguerssen-test.odoo.rgbconsulting.com\/es\/#organization\"},\"potentialAction\":[{\"@type\":\"SearchAction\",\"target\":{\"@type\":\"EntryPoint\",\"urlTemplate\":\"https:\/\/wpguerssen-test.odoo.rgbconsulting.com\/es\/?s={search_term_string}\"},\"query-input\":{\"@type\":\"PropertyValueSpecification\",\"valueRequired\":true,\"valueName\":\"search_term_string\"}}],\"inLanguage\":\"es\"},{\"@type\":\"Organization\",\"@id\":\"https:\/\/wpguerssen-test.odoo.rgbconsulting.com\/es\/#organization\",\"name\":\"Guerssen records\",\"url\":\"https:\/\/wpguerssen-test.odoo.rgbconsulting.com\/es\/\",\"logo\":{\"@type\":\"ImageObject\",\"inLanguage\":\"es\",\"@id\":\"https:\/\/wpguerssen-test.odoo.rgbconsulting.com\/es\/#\/schema\/logo\/image\/\",\"url\":\"https:\/\/wpguerssen-test.odoo.rgbconsulting.com\/wp-content\/uploads\/2022\/04\/Logo_Guerssen_trans_100.png\",\"contentUrl\":\"https:\/\/wpguerssen-test.odoo.rgbconsulting.com\/wp-content\/uploads\/2022\/04\/Logo_Guerssen_trans_100.png\",\"width\":122,\"height\":100,\"caption\":\"Guerssen records\"},\"image\":{\"@id\":\"https:\/\/wpguerssen-test.odoo.rgbconsulting.com\/es\/#\/schema\/logo\/image\/\"}}]}<\/script>\n<!-- \/ Yoast SEO plugin. -->","yoast_head_json":{"title":"AFFINITY - Affinity -  (LP) | Guerssen","description":"Fully licensed, limited to 500 copies, gatefold vinyl. The sole album by cultish british prog-blues combo. Originally released in 1970 on influential label Vertigo, their self-titled album is still one of the most original effort of the England jazz-rock scene. Fronted by Linda Hoyle, a powerful vocalist who sounds like a cross between Carol King and Julie Driscoll, the line up was completed by Mo Foster (bass), Mike Jupp (electric and 12-string guitars), Lynton Naiff (keyboards) and Grant Serpell (drums and percussion). Their eclectic mixture was truly compelling moving over a certain psychedelic feel, thanks also to the ubiquitous Hammond organ. A singular effort that made definitely history.","robots":{"index":"index","follow":"follow","max-snippet":"max-snippet:-1","max-image-preview":"max-image-preview:large","max-video-preview":"max-video-preview:-1"},"canonical":"https:\/\/wpguerssen-test.odoo.rgbconsulting.com\/es\/producto\/affinity\/","og_locale":"es_ES","og_type":"article","og_title":"AFFINITY - Affinity -  (LP) | Guerssen","og_description":"Fully licensed, limited to 500 copies, gatefold vinyl. The sole album by cultish british prog-blues combo. Originally released in 1970 on influential label Vertigo, their self-titled album is still one of the most original effort of the England jazz-rock scene. Fronted by Linda Hoyle, a powerful vocalist who sounds like a cross between Carol King and Julie Driscoll, the line up was completed by Mo Foster (bass), Mike Jupp (electric and 12-string guitars), Lynton Naiff (keyboards) and Grant Serpell (drums and percussion). Their eclectic mixture was truly compelling moving over a certain psychedelic feel, thanks also to the ubiquitous Hammond organ. A singular effort that made definitely history.","og_url":"https:\/\/wpguerssen-test.odoo.rgbconsulting.com\/es\/producto\/affinity\/","og_site_name":"Guerssen records","article_modified_time":"2025-04-16T16:06:17+00:00","og_image":[{"width":562,"height":562,"url":"https:\/\/wpguerssen-test.odoo.rgbconsulting.com\/wp-content\/uploads\/2022\/11\/42281.jpg","type":"image\/jpeg"}],"twitter_card":"summary_large_image","twitter_title":"AFFINITY - Affinity -  (LP) | Guerssen","twitter_misc":{"Tiempo de lectura":"1 minuto"},"schema":{"@context":"https:\/\/schema.org","@graph":[{"@type":"WebPage","@id":"https:\/\/wpguerssen-test.odoo.rgbconsulting.com\/es\/producto\/affinity\/","url":"https:\/\/wpguerssen-test.odoo.rgbconsulting.com\/es\/producto\/affinity\/","name":"AFFINITY - Affinity - (LP) | Guerssen","isPartOf":{"@id":"https:\/\/wpguerssen-test.odoo.rgbconsulting.com\/es\/#website"},"primaryImageOfPage":{"@id":"https:\/\/wpguerssen-test.odoo.rgbconsulting.com\/es\/producto\/affinity\/#primaryimage"},"image":{"@id":"https:\/\/wpguerssen-test.odoo.rgbconsulting.com\/es\/producto\/affinity\/#primaryimage"},"thumbnailUrl":"https:\/\/wpguerssen-test.odoo.rgbconsulting.com\/wp-content\/uploads\/2022\/11\/42281.jpg","datePublished":"2025-02-19T23:00:00+00:00","dateModified":"2025-04-16T16:06:17+00:00","description":"Fully licensed, limited to 500 copies, gatefold vinyl. The sole album by cultish british prog-blues combo. Originally released in 1970 on influential label Vertigo, their self-titled album is still one of the most original effort of the England jazz-rock scene. Fronted by Linda Hoyle, a powerful vocalist who sounds like a cross between Carol King and Julie Driscoll, the line up was completed by Mo Foster (bass), Mike Jupp (electric and 12-string guitars), Lynton Naiff (keyboards) and Grant Serpell (drums and percussion). Their eclectic mixture was truly compelling moving over a certain psychedelic feel, thanks also to the ubiquitous Hammond organ. A singular effort that made definitely history.","breadcrumb":{"@id":"https:\/\/wpguerssen-test.odoo.rgbconsulting.com\/es\/producto\/affinity\/#breadcrumb"},"inLanguage":"es","potentialAction":[{"@type":"ReadAction","target":["https:\/\/wpguerssen-test.odoo.rgbconsulting.com\/es\/producto\/affinity\/"]}]},{"@type":"ImageObject","inLanguage":"es","@id":"https:\/\/wpguerssen-test.odoo.rgbconsulting.com\/es\/producto\/affinity\/#primaryimage","url":"https:\/\/wpguerssen-test.odoo.rgbconsulting.com\/wp-content\/uploads\/2022\/11\/42281.jpg","contentUrl":"https:\/\/wpguerssen-test.odoo.rgbconsulting.com\/wp-content\/uploads\/2022\/11\/42281.jpg","width":562,"height":562},{"@type":"BreadcrumbList","@id":"https:\/\/wpguerssen-test.odoo.rgbconsulting.com\/es\/producto\/affinity\/#breadcrumb","itemListElement":[{"@type":"ListItem","position":1,"name":"Inicio","item":"https:\/\/wpguerssen-test.odoo.rgbconsulting.com\/es\/"},{"@type":"ListItem","position":2,"name":"Shop","item":"https:\/\/wpguerssen-test.odoo.rgbconsulting.com\/shop\/"},{"@type":"ListItem","position":3,"name":"Affinity"}]},{"@type":"WebSite","@id":"https:\/\/wpguerssen-test.odoo.rgbconsulting.com\/es\/#website","url":"https:\/\/wpguerssen-test.odoo.rgbconsulting.com\/es\/","name":"Guerssen records","description":"psychedelia - progressive - folk - garage ","publisher":{"@id":"https:\/\/wpguerssen-test.odoo.rgbconsulting.com\/es\/#organization"},"potentialAction":[{"@type":"SearchAction","target":{"@type":"EntryPoint","urlTemplate":"https:\/\/wpguerssen-test.odoo.rgbconsulting.com\/es\/?s={search_term_string}"},"query-input":{"@type":"PropertyValueSpecification","valueRequired":true,"valueName":"search_term_string"}}],"inLanguage":"es"},{"@type":"Organization","@id":"https:\/\/wpguerssen-test.odoo.rgbconsulting.com\/es\/#organization","name":"Guerssen records","url":"https:\/\/wpguerssen-test.odoo.rgbconsulting.com\/es\/","logo":{"@type":"ImageObject","inLanguage":"es","@id":"https:\/\/wpguerssen-test.odoo.rgbconsulting.com\/es\/#\/schema\/logo\/image\/","url":"https:\/\/wpguerssen-test.odoo.rgbconsulting.com\/wp-content\/uploads\/2022\/04\/Logo_Guerssen_trans_100.png","contentUrl":"https:\/\/wpguerssen-test.odoo.rgbconsulting.com\/wp-content\/uploads\/2022\/04\/Logo_Guerssen_trans_100.png","width":122,"height":100,"caption":"Guerssen records"},"image":{"@id":"https:\/\/wpguerssen-test.odoo.rgbconsulting.com\/es\/#\/schema\/logo\/image\/"}}]}},"_links":{"self":[{"href":"https:\/\/wpguerssen-test.odoo.rgbconsulting.com\/es\/wp-json\/wp\/v2\/product\/220473","targetHints":{"allow":["GET"]}}],"collection":[{"href":"https:\/\/wpguerssen-test.odoo.rgbconsulting.com\/es\/wp-json\/wp\/v2\/product"}],"about":[{"href":"https:\/\/wpguerssen-test.odoo.rgbconsulting.com\/es\/wp-json\/wp\/v2\/types\/product"}],"wp:featuredmedia":[{"embeddable":true,"href":"https:\/\/wpguerssen-test.odoo.rgbconsulting.com\/es\/wp-json\/wp\/v2\/media\/220953"}],"wp:attachment":[{"href":"https:\/\/wpguerssen-test.odoo.rgbconsulting.com\/es\/wp-json\/wp\/v2\/media?parent=220473"}],"wp:term":[{"taxonomy":"product_brand","embeddable":true,"href":"https:\/\/wpguerssen-test.odoo.rgbconsulting.com\/es\/wp-json\/wp\/v2\/product_brand?post=220473"},{"taxonomy":"product_cat","embeddable":true,"href":"https:\/\/wpguerssen-test.odoo.rgbconsulting.com\/es\/wp-json\/wp\/v2\/product_cat?post=220473"},{"taxonomy":"product_tag","embeddable":true,"href":"https:\/\/wpguerssen-test.odoo.rgbconsulting.com\/es\/wp-json\/wp\/v2\/product_tag?post=220473"}],"curies":[{"name":"wp","href":"https:\/\/api.w.org\/{rel}","templated":true}]}}