{"id":221165,"date":"2022-08-24T00:00:00","date_gmt":"2022-08-23T22:00:00","guid":{"rendered":"https:\/\/wpguerssen-test.odoo.rgbconsulting.com\/product\/dakila-cd\/"},"modified":"2025-04-07T15:58:01","modified_gmt":"2025-04-07T13:58:01","slug":"dakila-cd","status":"publish","type":"product","link":"https:\/\/wpguerssen-test.odoo.rgbconsulting.com\/es\/producto\/dakila-cd\/","title":{"rendered":"Dakila (CD)"},"content":{"rendered":"<p>Dakila (nombre que en Filipino significa \u00abGrandeza\u00bb) surgieron en la vibrante escena de fusi\u00f3n e intercambio m\u00fasica, que se vivi\u00f3 en San Francisco a finales de los 60. Habituales en salas de conciertos como en Fillmore, SF Winterland y numerosos clubs y festivales de la Bay Area, Dakila fueron el primer grupo filipino-americano en fichar por una gran compa\u00f1\u00eda de discos. <\/p>\n<p> En 1971 publicaron su \u00fanico disco, el que combinaban de forma magistral su origen Filipino con sonidos de rock latino, psicodelia, acid-rock y soul-funk.  Cantaban en Tagalog (dialecto filipino), Espa\u00f1ol e Ingl\u00e9s y su sonido era realmente caliente y explosivo, con congas y persuciones, guitarras fuzz y wah, Hammond, bajo fuzz&#8230; <\/p>\n<p> Esta es la primera reedici\u00f3n oficial hecha con colaboraci\u00f3n del grupo y que corrige el pitch\/velocidad del disco original, que fue aumentado por los productores sin la aprobaci\u00f3n del grupo. Incluye adem\u00e1s insert a color con notas y fotos. <\/p>\n<p> *Reedici\u00f3n 50 Aniversario <\/p>\n<p> *Una de las joyas ocultas dentro del Latin-Rock <\/p>\n<p> *Artwork original <\/p>\n<p> *Libreto a color con notas y fotos <\/p>\n<p> *Cup\u00f3n de descarga digital <\/p>\n<p> Recomendado si te gustan Santana, Demon Fuzz, El Chicano, Barrab\u00e1s, Chango, Malo, Mandrill&#8230; <\/p>\n<p> \u00abDakila y su \u00fanico disco est\u00e1 a la altura de los tres primeros de Santana. Sacrifica tu alma\u00bb. &#8211; J.J. IGLESIAS (Rockliquias) <\/p>\n<p> Tracklist:<br \/>1. Makibaka \/ Ik\u00e1lat &#8211; 2. Persiguiendo &#8211; 3. Make Me A Man<br \/>4. G\u00f3zala &#8211; 5. El D\u00fabi &#8211; 6. Searchin&#8217; For My Soul<\/p>\n","protected":false},"excerpt":{"rendered":"<p>Dakila (nombre que en Filipino significa \u00abGrandeza\u00bb) surgieron en la vibrante escena de fusi\u00f3n e intercambio m\u00fasica, que se vivi\u00f3 en San Francisco a finales de<a class=\"read\" href=\"https:\/\/wpguerssen-test.odoo.rgbconsulting.com\/es\/producto\/dakila-cd\/\"> (...)<\/a>","protected":false},"featured_media":221150,"template":"","meta":{"_acf_changed":false},"product_brand":[],"product_cat":[21639],"product_tag":[29138],"class_list":{"0":"post-221165","1":"product","2":"type-product","3":"status-publish","4":"has-post-thumbnail","6":"product_cat-psychedelic60s-70s-es","7":"product_tag-cd-es","8":"pa_artist-dakila","9":"pa_format-cd-2-es","10":"pa_gender-psychedelic60s-70s","11":"pa_label-guerssen-es","12":"pa_location-north-america-es","14":"first","15":"instock","16":"taxable","17":"shipping-taxable","18":"purchasable","19":"product-type-simple"},"acf":[],"yoast_head":"<!-- This site is optimized with the Yoast SEO plugin v24.9 - https:\/\/yoast.com\/wordpress\/plugins\/seo\/ -->\n<title>DAKILA - Dakila (CD) -  (CD) | Guerssen<\/title>\n<meta name=\"description\" content=\"Dakila (a Filipino word meaning Greatness) emerged from the melting pot of musical fusions that originated in the San Francisco Bay Area of the late 60s. They often could be seen playing at Bill Graham&#039;s Fillmore West, SF Winterland and all the major clubs in the SF Bay Area and festivals.Singing in Tagalog, Spanish and English, Dakila was the first Filipino-American band signed to a major label. Their sole album from 1972 combined their Filipino heritage with Latin Rock, psychedelia \/ acid-rock and afro-funk. The result was an explosive, hot jamming sound full of congas\/percussion, Hammond, dual fuzz guitar, fuzz-bass...This, the first ever official reissue, features corrected pitch (the original was speeded up by the producers against the band&#039;s will) and a color 4-page insert with detailed liner notes.*50th Anniversary Reissue*One of the hidden gems from the original Latin-Rock movement*Original artwork*Booklet with detailed liner notes and photosRIYL: Santana, El Chicano, Barrab\u00e1s, Chango, Malo, Mandrill... #nl# Tracklist:1. Makibaka \/ Ik\u00e1lat - 2. Persiguiendo - 3. Make Me A Man4. G\u00f3zala - 5. El D\u00fabi - 6. Searchin&#039; For My Soul\" \/>\n<meta name=\"robots\" content=\"index, follow, max-snippet:-1, max-image-preview:large, max-video-preview:-1\" \/>\n<link rel=\"canonical\" href=\"https:\/\/wpguerssen-test.odoo.rgbconsulting.com\/es\/producto\/dakila-cd\/\" \/>\n<meta property=\"og:locale\" content=\"es_ES\" \/>\n<meta property=\"og:type\" content=\"article\" \/>\n<meta property=\"og:title\" content=\"DAKILA - Dakila (CD) -  (CD) | Guerssen\" \/>\n<meta property=\"og:description\" content=\"Dakila (a Filipino word meaning Greatness) emerged from the melting pot of musical fusions that originated in the San Francisco Bay Area of the late 60s. They often could be seen playing at Bill Graham&#039;s Fillmore West, SF Winterland and all the major clubs in the SF Bay Area and festivals.Singing in Tagalog, Spanish and English, Dakila was the first Filipino-American band signed to a major label. Their sole album from 1972 combined their Filipino heritage with Latin Rock, psychedelia \/ acid-rock and afro-funk. The result was an explosive, hot jamming sound full of congas\/percussion, Hammond, dual fuzz guitar, fuzz-bass...This, the first ever official reissue, features corrected pitch (the original was speeded up by the producers against the band&#039;s will) and a color 4-page insert with detailed liner notes.*50th Anniversary Reissue*One of the hidden gems from the original Latin-Rock movement*Original artwork*Booklet with detailed liner notes and photosRIYL: Santana, El Chicano, Barrab\u00e1s, Chango, Malo, Mandrill... #nl# Tracklist:1. Makibaka \/ Ik\u00e1lat - 2. Persiguiendo - 3. Make Me A Man4. G\u00f3zala - 5. El D\u00fabi - 6. Searchin&#039; For My Soul\" \/>\n<meta property=\"og:url\" content=\"https:\/\/wpguerssen-test.odoo.rgbconsulting.com\/es\/producto\/dakila-cd\/\" \/>\n<meta property=\"og:site_name\" content=\"Guerssen records\" \/>\n<meta property=\"article:modified_time\" content=\"2025-04-07T13:58:01+00:00\" \/>\n<meta property=\"og:image\" content=\"https:\/\/wpguerssen-test.odoo.rgbconsulting.com\/wp-content\/uploads\/2022\/11\/41385-1024x1024.jpg\" \/>\n\t<meta property=\"og:image:width\" content=\"1024\" \/>\n\t<meta property=\"og:image:height\" content=\"1024\" \/>\n\t<meta property=\"og:image:type\" content=\"image\/jpeg\" \/>\n<meta name=\"twitter:card\" content=\"summary_large_image\" \/>\n<meta name=\"twitter:title\" content=\"DAKILA - Dakila (CD) -  (CD) | Guerssen\" \/>\n<meta name=\"twitter:label1\" content=\"Tiempo de lectura\" \/>\n\t<meta name=\"twitter:data1\" content=\"1 minuto\" \/>\n<script type=\"application\/ld+json\" class=\"yoast-schema-graph\">{\"@context\":\"https:\/\/schema.org\",\"@graph\":[{\"@type\":\"WebPage\",\"@id\":\"https:\/\/wpguerssen-test.odoo.rgbconsulting.com\/es\/producto\/dakila-cd\/\",\"url\":\"https:\/\/wpguerssen-test.odoo.rgbconsulting.com\/es\/producto\/dakila-cd\/\",\"name\":\"DAKILA - Dakila (CD) - (CD) | Guerssen\",\"isPartOf\":{\"@id\":\"https:\/\/wpguerssen-test.odoo.rgbconsulting.com\/es\/#website\"},\"primaryImageOfPage\":{\"@id\":\"https:\/\/wpguerssen-test.odoo.rgbconsulting.com\/es\/producto\/dakila-cd\/#primaryimage\"},\"image\":{\"@id\":\"https:\/\/wpguerssen-test.odoo.rgbconsulting.com\/es\/producto\/dakila-cd\/#primaryimage\"},\"thumbnailUrl\":\"https:\/\/wpguerssen-test.odoo.rgbconsulting.com\/wp-content\/uploads\/2022\/11\/41385.jpg\",\"datePublished\":\"2022-08-23T22:00:00+00:00\",\"dateModified\":\"2025-04-07T13:58:01+00:00\",\"description\":\"Dakila (a Filipino word meaning Greatness) emerged from the melting pot of musical fusions that originated in the San Francisco Bay Area of the late 60s. They often could be seen playing at Bill Graham's Fillmore West, SF Winterland and all the major clubs in the SF Bay Area and festivals.Singing in Tagalog, Spanish and English, Dakila was the first Filipino-American band signed to a major label. Their sole album from 1972 combined their Filipino heritage with Latin Rock, psychedelia \/ acid-rock and afro-funk. The result was an explosive, hot jamming sound full of congas\/percussion, Hammond, dual fuzz guitar, fuzz-bass...This, the first ever official reissue, features corrected pitch (the original was speeded up by the producers against the band's will) and a color 4-page insert with detailed liner notes.*50th Anniversary Reissue*One of the hidden gems from the original Latin-Rock movement*Original artwork*Booklet with detailed liner notes and photosRIYL: Santana, El Chicano, Barrab\u00e1s, Chango, Malo, Mandrill... #nl# Tracklist:1. Makibaka \/ Ik\u00e1lat - 2. Persiguiendo - 3. Make Me A Man4. G\u00f3zala - 5. El D\u00fabi - 6. Searchin' For My Soul\",\"breadcrumb\":{\"@id\":\"https:\/\/wpguerssen-test.odoo.rgbconsulting.com\/es\/producto\/dakila-cd\/#breadcrumb\"},\"inLanguage\":\"es\",\"potentialAction\":[{\"@type\":\"ReadAction\",\"target\":[\"https:\/\/wpguerssen-test.odoo.rgbconsulting.com\/es\/producto\/dakila-cd\/\"]}]},{\"@type\":\"ImageObject\",\"inLanguage\":\"es\",\"@id\":\"https:\/\/wpguerssen-test.odoo.rgbconsulting.com\/es\/producto\/dakila-cd\/#primaryimage\",\"url\":\"https:\/\/wpguerssen-test.odoo.rgbconsulting.com\/wp-content\/uploads\/2022\/11\/41385.jpg\",\"contentUrl\":\"https:\/\/wpguerssen-test.odoo.rgbconsulting.com\/wp-content\/uploads\/2022\/11\/41385.jpg\",\"width\":1400,\"height\":1400},{\"@type\":\"BreadcrumbList\",\"@id\":\"https:\/\/wpguerssen-test.odoo.rgbconsulting.com\/es\/producto\/dakila-cd\/#breadcrumb\",\"itemListElement\":[{\"@type\":\"ListItem\",\"position\":1,\"name\":\"Inicio\",\"item\":\"https:\/\/wpguerssen-test.odoo.rgbconsulting.com\/es\/\"},{\"@type\":\"ListItem\",\"position\":2,\"name\":\"Shop\",\"item\":\"https:\/\/wpguerssen-test.odoo.rgbconsulting.com\/shop\/\"},{\"@type\":\"ListItem\",\"position\":3,\"name\":\"Dakila (CD)\"}]},{\"@type\":\"WebSite\",\"@id\":\"https:\/\/wpguerssen-test.odoo.rgbconsulting.com\/es\/#website\",\"url\":\"https:\/\/wpguerssen-test.odoo.rgbconsulting.com\/es\/\",\"name\":\"Guerssen records\",\"description\":\"psychedelia - progressive - folk - garage \",\"publisher\":{\"@id\":\"https:\/\/wpguerssen-test.odoo.rgbconsulting.com\/es\/#organization\"},\"potentialAction\":[{\"@type\":\"SearchAction\",\"target\":{\"@type\":\"EntryPoint\",\"urlTemplate\":\"https:\/\/wpguerssen-test.odoo.rgbconsulting.com\/es\/?s={search_term_string}\"},\"query-input\":{\"@type\":\"PropertyValueSpecification\",\"valueRequired\":true,\"valueName\":\"search_term_string\"}}],\"inLanguage\":\"es\"},{\"@type\":\"Organization\",\"@id\":\"https:\/\/wpguerssen-test.odoo.rgbconsulting.com\/es\/#organization\",\"name\":\"Guerssen records\",\"url\":\"https:\/\/wpguerssen-test.odoo.rgbconsulting.com\/es\/\",\"logo\":{\"@type\":\"ImageObject\",\"inLanguage\":\"es\",\"@id\":\"https:\/\/wpguerssen-test.odoo.rgbconsulting.com\/es\/#\/schema\/logo\/image\/\",\"url\":\"https:\/\/wpguerssen-test.odoo.rgbconsulting.com\/wp-content\/uploads\/2022\/04\/Logo_Guerssen_trans_100.png\",\"contentUrl\":\"https:\/\/wpguerssen-test.odoo.rgbconsulting.com\/wp-content\/uploads\/2022\/04\/Logo_Guerssen_trans_100.png\",\"width\":122,\"height\":100,\"caption\":\"Guerssen records\"},\"image\":{\"@id\":\"https:\/\/wpguerssen-test.odoo.rgbconsulting.com\/es\/#\/schema\/logo\/image\/\"}}]}<\/script>\n<!-- \/ Yoast SEO plugin. -->","yoast_head_json":{"title":"DAKILA - Dakila (CD) -  (CD) | Guerssen","description":"Dakila (a Filipino word meaning Greatness) emerged from the melting pot of musical fusions that originated in the San Francisco Bay Area of the late 60s. They often could be seen playing at Bill Graham's Fillmore West, SF Winterland and all the major clubs in the SF Bay Area and festivals.Singing in Tagalog, Spanish and English, Dakila was the first Filipino-American band signed to a major label. Their sole album from 1972 combined their Filipino heritage with Latin Rock, psychedelia \/ acid-rock and afro-funk. The result was an explosive, hot jamming sound full of congas\/percussion, Hammond, dual fuzz guitar, fuzz-bass...This, the first ever official reissue, features corrected pitch (the original was speeded up by the producers against the band's will) and a color 4-page insert with detailed liner notes.*50th Anniversary Reissue*One of the hidden gems from the original Latin-Rock movement*Original artwork*Booklet with detailed liner notes and photosRIYL: Santana, El Chicano, Barrab\u00e1s, Chango, Malo, Mandrill... #nl# Tracklist:1. Makibaka \/ Ik\u00e1lat - 2. Persiguiendo - 3. Make Me A Man4. G\u00f3zala - 5. El D\u00fabi - 6. Searchin' For My Soul","robots":{"index":"index","follow":"follow","max-snippet":"max-snippet:-1","max-image-preview":"max-image-preview:large","max-video-preview":"max-video-preview:-1"},"canonical":"https:\/\/wpguerssen-test.odoo.rgbconsulting.com\/es\/producto\/dakila-cd\/","og_locale":"es_ES","og_type":"article","og_title":"DAKILA - Dakila (CD) -  (CD) | Guerssen","og_description":"Dakila (a Filipino word meaning Greatness) emerged from the melting pot of musical fusions that originated in the San Francisco Bay Area of the late 60s. They often could be seen playing at Bill Graham's Fillmore West, SF Winterland and all the major clubs in the SF Bay Area and festivals.Singing in Tagalog, Spanish and English, Dakila was the first Filipino-American band signed to a major label. Their sole album from 1972 combined their Filipino heritage with Latin Rock, psychedelia \/ acid-rock and afro-funk. The result was an explosive, hot jamming sound full of congas\/percussion, Hammond, dual fuzz guitar, fuzz-bass...This, the first ever official reissue, features corrected pitch (the original was speeded up by the producers against the band's will) and a color 4-page insert with detailed liner notes.*50th Anniversary Reissue*One of the hidden gems from the original Latin-Rock movement*Original artwork*Booklet with detailed liner notes and photosRIYL: Santana, El Chicano, Barrab\u00e1s, Chango, Malo, Mandrill... #nl# Tracklist:1. Makibaka \/ Ik\u00e1lat - 2. Persiguiendo - 3. Make Me A Man4. G\u00f3zala - 5. El D\u00fabi - 6. Searchin' For My Soul","og_url":"https:\/\/wpguerssen-test.odoo.rgbconsulting.com\/es\/producto\/dakila-cd\/","og_site_name":"Guerssen records","article_modified_time":"2025-04-07T13:58:01+00:00","og_image":[{"width":1024,"height":1024,"url":"https:\/\/wpguerssen-test.odoo.rgbconsulting.com\/wp-content\/uploads\/2022\/11\/41385-1024x1024.jpg","type":"image\/jpeg"}],"twitter_card":"summary_large_image","twitter_title":"DAKILA - Dakila (CD) -  (CD) | Guerssen","twitter_misc":{"Tiempo de lectura":"1 minuto"},"schema":{"@context":"https:\/\/schema.org","@graph":[{"@type":"WebPage","@id":"https:\/\/wpguerssen-test.odoo.rgbconsulting.com\/es\/producto\/dakila-cd\/","url":"https:\/\/wpguerssen-test.odoo.rgbconsulting.com\/es\/producto\/dakila-cd\/","name":"DAKILA - Dakila (CD) - (CD) | Guerssen","isPartOf":{"@id":"https:\/\/wpguerssen-test.odoo.rgbconsulting.com\/es\/#website"},"primaryImageOfPage":{"@id":"https:\/\/wpguerssen-test.odoo.rgbconsulting.com\/es\/producto\/dakila-cd\/#primaryimage"},"image":{"@id":"https:\/\/wpguerssen-test.odoo.rgbconsulting.com\/es\/producto\/dakila-cd\/#primaryimage"},"thumbnailUrl":"https:\/\/wpguerssen-test.odoo.rgbconsulting.com\/wp-content\/uploads\/2022\/11\/41385.jpg","datePublished":"2022-08-23T22:00:00+00:00","dateModified":"2025-04-07T13:58:01+00:00","description":"Dakila (a Filipino word meaning Greatness) emerged from the melting pot of musical fusions that originated in the San Francisco Bay Area of the late 60s. They often could be seen playing at Bill Graham's Fillmore West, SF Winterland and all the major clubs in the SF Bay Area and festivals.Singing in Tagalog, Spanish and English, Dakila was the first Filipino-American band signed to a major label. Their sole album from 1972 combined their Filipino heritage with Latin Rock, psychedelia \/ acid-rock and afro-funk. The result was an explosive, hot jamming sound full of congas\/percussion, Hammond, dual fuzz guitar, fuzz-bass...This, the first ever official reissue, features corrected pitch (the original was speeded up by the producers against the band's will) and a color 4-page insert with detailed liner notes.*50th Anniversary Reissue*One of the hidden gems from the original Latin-Rock movement*Original artwork*Booklet with detailed liner notes and photosRIYL: Santana, El Chicano, Barrab\u00e1s, Chango, Malo, Mandrill... #nl# Tracklist:1. Makibaka \/ Ik\u00e1lat - 2. Persiguiendo - 3. Make Me A Man4. G\u00f3zala - 5. El D\u00fabi - 6. Searchin' For My Soul","breadcrumb":{"@id":"https:\/\/wpguerssen-test.odoo.rgbconsulting.com\/es\/producto\/dakila-cd\/#breadcrumb"},"inLanguage":"es","potentialAction":[{"@type":"ReadAction","target":["https:\/\/wpguerssen-test.odoo.rgbconsulting.com\/es\/producto\/dakila-cd\/"]}]},{"@type":"ImageObject","inLanguage":"es","@id":"https:\/\/wpguerssen-test.odoo.rgbconsulting.com\/es\/producto\/dakila-cd\/#primaryimage","url":"https:\/\/wpguerssen-test.odoo.rgbconsulting.com\/wp-content\/uploads\/2022\/11\/41385.jpg","contentUrl":"https:\/\/wpguerssen-test.odoo.rgbconsulting.com\/wp-content\/uploads\/2022\/11\/41385.jpg","width":1400,"height":1400},{"@type":"BreadcrumbList","@id":"https:\/\/wpguerssen-test.odoo.rgbconsulting.com\/es\/producto\/dakila-cd\/#breadcrumb","itemListElement":[{"@type":"ListItem","position":1,"name":"Inicio","item":"https:\/\/wpguerssen-test.odoo.rgbconsulting.com\/es\/"},{"@type":"ListItem","position":2,"name":"Shop","item":"https:\/\/wpguerssen-test.odoo.rgbconsulting.com\/shop\/"},{"@type":"ListItem","position":3,"name":"Dakila (CD)"}]},{"@type":"WebSite","@id":"https:\/\/wpguerssen-test.odoo.rgbconsulting.com\/es\/#website","url":"https:\/\/wpguerssen-test.odoo.rgbconsulting.com\/es\/","name":"Guerssen records","description":"psychedelia - progressive - folk - garage ","publisher":{"@id":"https:\/\/wpguerssen-test.odoo.rgbconsulting.com\/es\/#organization"},"potentialAction":[{"@type":"SearchAction","target":{"@type":"EntryPoint","urlTemplate":"https:\/\/wpguerssen-test.odoo.rgbconsulting.com\/es\/?s={search_term_string}"},"query-input":{"@type":"PropertyValueSpecification","valueRequired":true,"valueName":"search_term_string"}}],"inLanguage":"es"},{"@type":"Organization","@id":"https:\/\/wpguerssen-test.odoo.rgbconsulting.com\/es\/#organization","name":"Guerssen records","url":"https:\/\/wpguerssen-test.odoo.rgbconsulting.com\/es\/","logo":{"@type":"ImageObject","inLanguage":"es","@id":"https:\/\/wpguerssen-test.odoo.rgbconsulting.com\/es\/#\/schema\/logo\/image\/","url":"https:\/\/wpguerssen-test.odoo.rgbconsulting.com\/wp-content\/uploads\/2022\/04\/Logo_Guerssen_trans_100.png","contentUrl":"https:\/\/wpguerssen-test.odoo.rgbconsulting.com\/wp-content\/uploads\/2022\/04\/Logo_Guerssen_trans_100.png","width":122,"height":100,"caption":"Guerssen records"},"image":{"@id":"https:\/\/wpguerssen-test.odoo.rgbconsulting.com\/es\/#\/schema\/logo\/image\/"}}]}},"_links":{"self":[{"href":"https:\/\/wpguerssen-test.odoo.rgbconsulting.com\/es\/wp-json\/wp\/v2\/product\/221165","targetHints":{"allow":["GET"]}}],"collection":[{"href":"https:\/\/wpguerssen-test.odoo.rgbconsulting.com\/es\/wp-json\/wp\/v2\/product"}],"about":[{"href":"https:\/\/wpguerssen-test.odoo.rgbconsulting.com\/es\/wp-json\/wp\/v2\/types\/product"}],"wp:featuredmedia":[{"embeddable":true,"href":"https:\/\/wpguerssen-test.odoo.rgbconsulting.com\/es\/wp-json\/wp\/v2\/media\/221150"}],"wp:attachment":[{"href":"https:\/\/wpguerssen-test.odoo.rgbconsulting.com\/es\/wp-json\/wp\/v2\/media?parent=221165"}],"wp:term":[{"taxonomy":"product_brand","embeddable":true,"href":"https:\/\/wpguerssen-test.odoo.rgbconsulting.com\/es\/wp-json\/wp\/v2\/product_brand?post=221165"},{"taxonomy":"product_cat","embeddable":true,"href":"https:\/\/wpguerssen-test.odoo.rgbconsulting.com\/es\/wp-json\/wp\/v2\/product_cat?post=221165"},{"taxonomy":"product_tag","embeddable":true,"href":"https:\/\/wpguerssen-test.odoo.rgbconsulting.com\/es\/wp-json\/wp\/v2\/product_tag?post=221165"}],"curies":[{"name":"wp","href":"https:\/\/api.w.org\/{rel}","templated":true}]}}