{"id":221568,"date":"2025-01-07T00:00:00","date_gmt":"2025-01-06T23:00:00","guid":{"rendered":"https:\/\/wpguerssen-test.odoo.rgbconsulting.com\/product\/put-a-record-on\/"},"modified":"2025-03-18T15:57:47","modified_gmt":"2025-03-18T14:57:47","slug":"put-a-record-on","status":"publish","type":"product","link":"https:\/\/wpguerssen-test.odoo.rgbconsulting.com\/es\/producto\/put-a-record-on\/","title":{"rendered":"Put A Record On"},"content":{"rendered":"<p>El grupo de blues ingl\u00e9s Tramp tuvo una existencia fugaz a finales de los 60 y principios de los 70. Basado en el ex vocalista\/guitarrista de John Dummer Blues Band, Dave Kelly, y su hermana Jo Ann en las armon\u00edas y el liderazgo ocasional, el grupo recibi\u00f3 un impulso de los pilares de Fleetwood Mac son Mick Fleetwood, Danny Kirwan y Bob Brunning, as\u00ed como el ex tecladista de Savoy Blues, Bob Hall. Si bien no es tan convincente como su debut de 1969, este LP de 1974 tiene los toques distintivos que convirtieron a los Mac en l\u00edderes del blues brit\u00e1nico. Devotos de Fleetwood Mac y amantes del blues brit\u00e1nico este disco os enganchar\u00e1!<\/p>\n","protected":false},"excerpt":{"rendered":"<p>El grupo de blues ingl\u00e9s Tramp tuvo una existencia fugaz a finales de los 60 y principios de los 70. Basado en el ex vocalista\/guitarrista de John Dummer Blues Band,<a class=\"read\" href=\"https:\/\/wpguerssen-test.odoo.rgbconsulting.com\/es\/producto\/put-a-record-on\/\"> (...)<\/a>","protected":false},"featured_media":225027,"template":"","meta":{"_acf_changed":false},"product_brand":[],"product_cat":[23262],"product_tag":[24185,24190],"class_list":{"0":"post-221568","1":"product","2":"type-product","3":"status-publish","4":"has-post-thumbnail","6":"product_cat-blues-blues-rock-es","7":"product_tag-de-nuevo-en-existencia","8":"product_tag-sales-es","9":"pa_artist-tramp","10":"pa_format-lp-es","11":"pa_gender-blues-blues-rock","12":"pa_label-trading-places","13":"pa_location-uk-ireland-es","14":"pa_other-filters-vinyl-only-es","16":"first","17":"instock","18":"taxable","19":"shipping-taxable","20":"purchasable","21":"product-type-simple"},"acf":[],"yoast_head":"<!-- This site is optimized with the Yoast SEO plugin v24.9 - https:\/\/yoast.com\/wordpress\/plugins\/seo\/ -->\n<title>TRAMP - Put A Record On -  (LP) | Guerssen<\/title>\n<meta name=\"description\" content=\"English blues outfit Tramp had a fleeting existence in the late 60s and early 70s--here today, gone tomorrow. Based around former John Dummer Blues Band vocalist\/ guitarist Dave Kelly and sister Jo Ann on harmonies and occasional lead, the group got a boost from Fleetwood Mac mainstays Mick Fleetwood, Danny Kirwan, and Bob Brunning, as well as former Savoy Blues keyboardist, Bob Hall. If not quite as compelling as their 1969 debut, this 1974 LP has the hallmark touches that made the Mac leaders of the British blues scene. Fleetwood Mac devotees and British blues lover, get stuck in!\" \/>\n<meta name=\"robots\" content=\"index, follow, max-snippet:-1, max-image-preview:large, max-video-preview:-1\" \/>\n<link rel=\"canonical\" href=\"https:\/\/wpguerssen-test.odoo.rgbconsulting.com\/es\/producto\/put-a-record-on\/\" \/>\n<meta property=\"og:locale\" content=\"es_ES\" \/>\n<meta property=\"og:type\" content=\"article\" \/>\n<meta property=\"og:title\" content=\"TRAMP - Put A Record On -  (LP) | Guerssen\" \/>\n<meta property=\"og:description\" content=\"English blues outfit Tramp had a fleeting existence in the late 60s and early 70s--here today, gone tomorrow. Based around former John Dummer Blues Band vocalist\/ guitarist Dave Kelly and sister Jo Ann on harmonies and occasional lead, the group got a boost from Fleetwood Mac mainstays Mick Fleetwood, Danny Kirwan, and Bob Brunning, as well as former Savoy Blues keyboardist, Bob Hall. If not quite as compelling as their 1969 debut, this 1974 LP has the hallmark touches that made the Mac leaders of the British blues scene. Fleetwood Mac devotees and British blues lover, get stuck in!\" \/>\n<meta property=\"og:url\" content=\"https:\/\/wpguerssen-test.odoo.rgbconsulting.com\/es\/producto\/put-a-record-on\/\" \/>\n<meta property=\"og:site_name\" content=\"Guerssen records\" \/>\n<meta property=\"article:modified_time\" content=\"2025-03-18T14:57:47+00:00\" \/>\n<meta property=\"og:image\" content=\"https:\/\/wpguerssen-test.odoo.rgbconsulting.com\/wp-content\/uploads\/2023\/01\/42394.jpg\" \/>\n\t<meta property=\"og:image:width\" content=\"945\" \/>\n\t<meta property=\"og:image:height\" content=\"948\" \/>\n\t<meta property=\"og:image:type\" content=\"image\/jpeg\" \/>\n<meta name=\"twitter:card\" content=\"summary_large_image\" \/>\n<meta name=\"twitter:title\" content=\"TRAMP - Put A Record On -  (LP) | Guerssen\" \/>\n<meta name=\"twitter:label1\" content=\"Tiempo de lectura\" \/>\n\t<meta name=\"twitter:data1\" content=\"1 minuto\" \/>\n<script type=\"application\/ld+json\" class=\"yoast-schema-graph\">{\"@context\":\"https:\/\/schema.org\",\"@graph\":[{\"@type\":\"WebPage\",\"@id\":\"https:\/\/wpguerssen-test.odoo.rgbconsulting.com\/es\/producto\/put-a-record-on\/\",\"url\":\"https:\/\/wpguerssen-test.odoo.rgbconsulting.com\/es\/producto\/put-a-record-on\/\",\"name\":\"TRAMP - Put A Record On - (LP) | Guerssen\",\"isPartOf\":{\"@id\":\"https:\/\/wpguerssen-test.odoo.rgbconsulting.com\/es\/#website\"},\"primaryImageOfPage\":{\"@id\":\"https:\/\/wpguerssen-test.odoo.rgbconsulting.com\/es\/producto\/put-a-record-on\/#primaryimage\"},\"image\":{\"@id\":\"https:\/\/wpguerssen-test.odoo.rgbconsulting.com\/es\/producto\/put-a-record-on\/#primaryimage\"},\"thumbnailUrl\":\"https:\/\/wpguerssen-test.odoo.rgbconsulting.com\/wp-content\/uploads\/2023\/01\/42394.jpg\",\"datePublished\":\"2025-01-06T23:00:00+00:00\",\"dateModified\":\"2025-03-18T14:57:47+00:00\",\"description\":\"English blues outfit Tramp had a fleeting existence in the late 60s and early 70s--here today, gone tomorrow. Based around former John Dummer Blues Band vocalist\/ guitarist Dave Kelly and sister Jo Ann on harmonies and occasional lead, the group got a boost from Fleetwood Mac mainstays Mick Fleetwood, Danny Kirwan, and Bob Brunning, as well as former Savoy Blues keyboardist, Bob Hall. If not quite as compelling as their 1969 debut, this 1974 LP has the hallmark touches that made the Mac leaders of the British blues scene. Fleetwood Mac devotees and British blues lover, get stuck in!\",\"breadcrumb\":{\"@id\":\"https:\/\/wpguerssen-test.odoo.rgbconsulting.com\/es\/producto\/put-a-record-on\/#breadcrumb\"},\"inLanguage\":\"es\",\"potentialAction\":[{\"@type\":\"ReadAction\",\"target\":[\"https:\/\/wpguerssen-test.odoo.rgbconsulting.com\/es\/producto\/put-a-record-on\/\"]}]},{\"@type\":\"ImageObject\",\"inLanguage\":\"es\",\"@id\":\"https:\/\/wpguerssen-test.odoo.rgbconsulting.com\/es\/producto\/put-a-record-on\/#primaryimage\",\"url\":\"https:\/\/wpguerssen-test.odoo.rgbconsulting.com\/wp-content\/uploads\/2023\/01\/42394.jpg\",\"contentUrl\":\"https:\/\/wpguerssen-test.odoo.rgbconsulting.com\/wp-content\/uploads\/2023\/01\/42394.jpg\",\"width\":945,\"height\":948},{\"@type\":\"BreadcrumbList\",\"@id\":\"https:\/\/wpguerssen-test.odoo.rgbconsulting.com\/es\/producto\/put-a-record-on\/#breadcrumb\",\"itemListElement\":[{\"@type\":\"ListItem\",\"position\":1,\"name\":\"Inicio\",\"item\":\"https:\/\/wpguerssen-test.odoo.rgbconsulting.com\/es\/\"},{\"@type\":\"ListItem\",\"position\":2,\"name\":\"Shop\",\"item\":\"https:\/\/wpguerssen-test.odoo.rgbconsulting.com\/shop\/\"},{\"@type\":\"ListItem\",\"position\":3,\"name\":\"Put A Record On\"}]},{\"@type\":\"WebSite\",\"@id\":\"https:\/\/wpguerssen-test.odoo.rgbconsulting.com\/es\/#website\",\"url\":\"https:\/\/wpguerssen-test.odoo.rgbconsulting.com\/es\/\",\"name\":\"Guerssen records\",\"description\":\"psychedelia - progressive - folk - garage \",\"publisher\":{\"@id\":\"https:\/\/wpguerssen-test.odoo.rgbconsulting.com\/es\/#organization\"},\"potentialAction\":[{\"@type\":\"SearchAction\",\"target\":{\"@type\":\"EntryPoint\",\"urlTemplate\":\"https:\/\/wpguerssen-test.odoo.rgbconsulting.com\/es\/?s={search_term_string}\"},\"query-input\":{\"@type\":\"PropertyValueSpecification\",\"valueRequired\":true,\"valueName\":\"search_term_string\"}}],\"inLanguage\":\"es\"},{\"@type\":\"Organization\",\"@id\":\"https:\/\/wpguerssen-test.odoo.rgbconsulting.com\/es\/#organization\",\"name\":\"Guerssen records\",\"url\":\"https:\/\/wpguerssen-test.odoo.rgbconsulting.com\/es\/\",\"logo\":{\"@type\":\"ImageObject\",\"inLanguage\":\"es\",\"@id\":\"https:\/\/wpguerssen-test.odoo.rgbconsulting.com\/es\/#\/schema\/logo\/image\/\",\"url\":\"https:\/\/wpguerssen-test.odoo.rgbconsulting.com\/wp-content\/uploads\/2022\/04\/Logo_Guerssen_trans_100.png\",\"contentUrl\":\"https:\/\/wpguerssen-test.odoo.rgbconsulting.com\/wp-content\/uploads\/2022\/04\/Logo_Guerssen_trans_100.png\",\"width\":122,\"height\":100,\"caption\":\"Guerssen records\"},\"image\":{\"@id\":\"https:\/\/wpguerssen-test.odoo.rgbconsulting.com\/es\/#\/schema\/logo\/image\/\"}}]}<\/script>\n<!-- \/ Yoast SEO plugin. -->","yoast_head_json":{"title":"TRAMP - Put A Record On -  (LP) | Guerssen","description":"English blues outfit Tramp had a fleeting existence in the late 60s and early 70s--here today, gone tomorrow. Based around former John Dummer Blues Band vocalist\/ guitarist Dave Kelly and sister Jo Ann on harmonies and occasional lead, the group got a boost from Fleetwood Mac mainstays Mick Fleetwood, Danny Kirwan, and Bob Brunning, as well as former Savoy Blues keyboardist, Bob Hall. If not quite as compelling as their 1969 debut, this 1974 LP has the hallmark touches that made the Mac leaders of the British blues scene. Fleetwood Mac devotees and British blues lover, get stuck in!","robots":{"index":"index","follow":"follow","max-snippet":"max-snippet:-1","max-image-preview":"max-image-preview:large","max-video-preview":"max-video-preview:-1"},"canonical":"https:\/\/wpguerssen-test.odoo.rgbconsulting.com\/es\/producto\/put-a-record-on\/","og_locale":"es_ES","og_type":"article","og_title":"TRAMP - Put A Record On -  (LP) | Guerssen","og_description":"English blues outfit Tramp had a fleeting existence in the late 60s and early 70s--here today, gone tomorrow. Based around former John Dummer Blues Band vocalist\/ guitarist Dave Kelly and sister Jo Ann on harmonies and occasional lead, the group got a boost from Fleetwood Mac mainstays Mick Fleetwood, Danny Kirwan, and Bob Brunning, as well as former Savoy Blues keyboardist, Bob Hall. If not quite as compelling as their 1969 debut, this 1974 LP has the hallmark touches that made the Mac leaders of the British blues scene. Fleetwood Mac devotees and British blues lover, get stuck in!","og_url":"https:\/\/wpguerssen-test.odoo.rgbconsulting.com\/es\/producto\/put-a-record-on\/","og_site_name":"Guerssen records","article_modified_time":"2025-03-18T14:57:47+00:00","og_image":[{"width":945,"height":948,"url":"https:\/\/wpguerssen-test.odoo.rgbconsulting.com\/wp-content\/uploads\/2023\/01\/42394.jpg","type":"image\/jpeg"}],"twitter_card":"summary_large_image","twitter_title":"TRAMP - Put A Record On -  (LP) | Guerssen","twitter_misc":{"Tiempo de lectura":"1 minuto"},"schema":{"@context":"https:\/\/schema.org","@graph":[{"@type":"WebPage","@id":"https:\/\/wpguerssen-test.odoo.rgbconsulting.com\/es\/producto\/put-a-record-on\/","url":"https:\/\/wpguerssen-test.odoo.rgbconsulting.com\/es\/producto\/put-a-record-on\/","name":"TRAMP - Put A Record On - (LP) | Guerssen","isPartOf":{"@id":"https:\/\/wpguerssen-test.odoo.rgbconsulting.com\/es\/#website"},"primaryImageOfPage":{"@id":"https:\/\/wpguerssen-test.odoo.rgbconsulting.com\/es\/producto\/put-a-record-on\/#primaryimage"},"image":{"@id":"https:\/\/wpguerssen-test.odoo.rgbconsulting.com\/es\/producto\/put-a-record-on\/#primaryimage"},"thumbnailUrl":"https:\/\/wpguerssen-test.odoo.rgbconsulting.com\/wp-content\/uploads\/2023\/01\/42394.jpg","datePublished":"2025-01-06T23:00:00+00:00","dateModified":"2025-03-18T14:57:47+00:00","description":"English blues outfit Tramp had a fleeting existence in the late 60s and early 70s--here today, gone tomorrow. Based around former John Dummer Blues Band vocalist\/ guitarist Dave Kelly and sister Jo Ann on harmonies and occasional lead, the group got a boost from Fleetwood Mac mainstays Mick Fleetwood, Danny Kirwan, and Bob Brunning, as well as former Savoy Blues keyboardist, Bob Hall. If not quite as compelling as their 1969 debut, this 1974 LP has the hallmark touches that made the Mac leaders of the British blues scene. Fleetwood Mac devotees and British blues lover, get stuck in!","breadcrumb":{"@id":"https:\/\/wpguerssen-test.odoo.rgbconsulting.com\/es\/producto\/put-a-record-on\/#breadcrumb"},"inLanguage":"es","potentialAction":[{"@type":"ReadAction","target":["https:\/\/wpguerssen-test.odoo.rgbconsulting.com\/es\/producto\/put-a-record-on\/"]}]},{"@type":"ImageObject","inLanguage":"es","@id":"https:\/\/wpguerssen-test.odoo.rgbconsulting.com\/es\/producto\/put-a-record-on\/#primaryimage","url":"https:\/\/wpguerssen-test.odoo.rgbconsulting.com\/wp-content\/uploads\/2023\/01\/42394.jpg","contentUrl":"https:\/\/wpguerssen-test.odoo.rgbconsulting.com\/wp-content\/uploads\/2023\/01\/42394.jpg","width":945,"height":948},{"@type":"BreadcrumbList","@id":"https:\/\/wpguerssen-test.odoo.rgbconsulting.com\/es\/producto\/put-a-record-on\/#breadcrumb","itemListElement":[{"@type":"ListItem","position":1,"name":"Inicio","item":"https:\/\/wpguerssen-test.odoo.rgbconsulting.com\/es\/"},{"@type":"ListItem","position":2,"name":"Shop","item":"https:\/\/wpguerssen-test.odoo.rgbconsulting.com\/shop\/"},{"@type":"ListItem","position":3,"name":"Put A Record On"}]},{"@type":"WebSite","@id":"https:\/\/wpguerssen-test.odoo.rgbconsulting.com\/es\/#website","url":"https:\/\/wpguerssen-test.odoo.rgbconsulting.com\/es\/","name":"Guerssen records","description":"psychedelia - progressive - folk - garage ","publisher":{"@id":"https:\/\/wpguerssen-test.odoo.rgbconsulting.com\/es\/#organization"},"potentialAction":[{"@type":"SearchAction","target":{"@type":"EntryPoint","urlTemplate":"https:\/\/wpguerssen-test.odoo.rgbconsulting.com\/es\/?s={search_term_string}"},"query-input":{"@type":"PropertyValueSpecification","valueRequired":true,"valueName":"search_term_string"}}],"inLanguage":"es"},{"@type":"Organization","@id":"https:\/\/wpguerssen-test.odoo.rgbconsulting.com\/es\/#organization","name":"Guerssen records","url":"https:\/\/wpguerssen-test.odoo.rgbconsulting.com\/es\/","logo":{"@type":"ImageObject","inLanguage":"es","@id":"https:\/\/wpguerssen-test.odoo.rgbconsulting.com\/es\/#\/schema\/logo\/image\/","url":"https:\/\/wpguerssen-test.odoo.rgbconsulting.com\/wp-content\/uploads\/2022\/04\/Logo_Guerssen_trans_100.png","contentUrl":"https:\/\/wpguerssen-test.odoo.rgbconsulting.com\/wp-content\/uploads\/2022\/04\/Logo_Guerssen_trans_100.png","width":122,"height":100,"caption":"Guerssen records"},"image":{"@id":"https:\/\/wpguerssen-test.odoo.rgbconsulting.com\/es\/#\/schema\/logo\/image\/"}}]}},"_links":{"self":[{"href":"https:\/\/wpguerssen-test.odoo.rgbconsulting.com\/es\/wp-json\/wp\/v2\/product\/221568","targetHints":{"allow":["GET"]}}],"collection":[{"href":"https:\/\/wpguerssen-test.odoo.rgbconsulting.com\/es\/wp-json\/wp\/v2\/product"}],"about":[{"href":"https:\/\/wpguerssen-test.odoo.rgbconsulting.com\/es\/wp-json\/wp\/v2\/types\/product"}],"wp:featuredmedia":[{"embeddable":true,"href":"https:\/\/wpguerssen-test.odoo.rgbconsulting.com\/es\/wp-json\/wp\/v2\/media\/225027"}],"wp:attachment":[{"href":"https:\/\/wpguerssen-test.odoo.rgbconsulting.com\/es\/wp-json\/wp\/v2\/media?parent=221568"}],"wp:term":[{"taxonomy":"product_brand","embeddable":true,"href":"https:\/\/wpguerssen-test.odoo.rgbconsulting.com\/es\/wp-json\/wp\/v2\/product_brand?post=221568"},{"taxonomy":"product_cat","embeddable":true,"href":"https:\/\/wpguerssen-test.odoo.rgbconsulting.com\/es\/wp-json\/wp\/v2\/product_cat?post=221568"},{"taxonomy":"product_tag","embeddable":true,"href":"https:\/\/wpguerssen-test.odoo.rgbconsulting.com\/es\/wp-json\/wp\/v2\/product_tag?post=221568"}],"curies":[{"name":"wp","href":"https:\/\/api.w.org\/{rel}","templated":true}]}}