{"id":221577,"date":"2022-12-14T00:00:00","date_gmt":"2022-12-13T23:00:00","guid":{"rendered":"https:\/\/wpguerssen-test.odoo.rgbconsulting.com\/product\/bread-love-and-dreams\/"},"modified":"2024-11-18T15:45:32","modified_gmt":"2024-11-18T14:45:32","slug":"bread-love-and-dreams","status":"publish","type":"product","link":"https:\/\/wpguerssen-test.odoo.rgbconsulting.com\/es\/producto\/bread-love-and-dreams\/","title":{"rendered":"Bread Love And Dreams"},"content":{"rendered":"<p>Lanzado originalmente en septiembre de 1969, el primer \u00e1lbum de este grupo de folk underground escoc\u00e9s ofrece baladas mel\u00f3dicas y delicadas con hermosas armon\u00edas vocales y un toque psicod\u00e9lico. Establecido durante mucho tiempo como un coleccionable raro en su forma original, hace aqu\u00ed su tan esperado regreso al vinilo, junto con un inserto que contiene notas de fondo e im\u00e1genes raras.<\/p>\n","protected":false},"excerpt":{"rendered":"<p>Lanzado originalmente en septiembre de 1969, el primer \u00e1lbum de este grupo de folk underground escoc\u00e9s ofrece baladas mel\u00f3dicas y delicadas con hermosas armon\u00edas<a class=\"read\" href=\"https:\/\/wpguerssen-test.odoo.rgbconsulting.com\/es\/producto\/bread-love-and-dreams\/\"> (...)<\/a>","protected":false},"featured_media":223674,"template":"","meta":{"_acf_changed":false},"product_brand":[],"product_cat":[21639,23215],"product_tag":[],"class_list":{"0":"post-221577","1":"product","2":"type-product","3":"status-publish","4":"has-post-thumbnail","6":"product_cat-psychedelic60s-70s-es","7":"product_cat-progressive60s-70s-es","8":"pa_artist-bread-love-dreams","9":"pa_format-lp-es","10":"pa_gender-psychedelic60s-70s-progressive60s-70s","11":"pa_label-magic-box","12":"pa_location-uk-ireland-es","13":"pa_other-filters-vinyl-only-es","15":"first","16":"instock","17":"taxable","18":"shipping-taxable","19":"purchasable","20":"product-type-simple"},"acf":[],"yoast_head":"<!-- This site is optimized with the Yoast SEO plugin v24.9 - https:\/\/yoast.com\/wordpress\/plugins\/seo\/ -->\n<title>BREAD, LOVE &amp; DREAMS - Bread Love And Dreams -  (LP) | Guerssen<\/title>\n<meta name=\"description\" content=\"LOST UK UNDERGROUND FOLK CLASSICORIGINALLY RELEASED IN 1969LONG-AWAITED RETURN TO VINYLINSERT WITH BACKGROUND NOTES AND IMAGES #nl# Originally released in September 1969, the first album by this Scottish underground folk act offers delicate, melodic ballads with beautiful vocal harmonies and a psychedelic twist. Long established as a rare collectable in its original form, it makes its long-awaited return to vinyl here, together with an insert containing background notes and rare images.\" \/>\n<meta name=\"robots\" content=\"index, follow, max-snippet:-1, max-image-preview:large, max-video-preview:-1\" \/>\n<link rel=\"canonical\" href=\"https:\/\/wpguerssen-test.odoo.rgbconsulting.com\/es\/producto\/bread-love-and-dreams\/\" \/>\n<meta property=\"og:locale\" content=\"es_ES\" \/>\n<meta property=\"og:type\" content=\"article\" \/>\n<meta property=\"og:title\" content=\"BREAD, LOVE &amp; DREAMS - Bread Love And Dreams -  (LP) | Guerssen\" \/>\n<meta property=\"og:description\" content=\"LOST UK UNDERGROUND FOLK CLASSICORIGINALLY RELEASED IN 1969LONG-AWAITED RETURN TO VINYLINSERT WITH BACKGROUND NOTES AND IMAGES #nl# Originally released in September 1969, the first album by this Scottish underground folk act offers delicate, melodic ballads with beautiful vocal harmonies and a psychedelic twist. Long established as a rare collectable in its original form, it makes its long-awaited return to vinyl here, together with an insert containing background notes and rare images.\" \/>\n<meta property=\"og:url\" content=\"https:\/\/wpguerssen-test.odoo.rgbconsulting.com\/es\/producto\/bread-love-and-dreams\/\" \/>\n<meta property=\"og:site_name\" content=\"Guerssen records\" \/>\n<meta property=\"article:modified_time\" content=\"2024-11-18T14:45:32+00:00\" \/>\n<meta property=\"og:image\" content=\"https:\/\/wpguerssen-test.odoo.rgbconsulting.com\/wp-content\/uploads\/2022\/12\/42403.jpg\" \/>\n\t<meta property=\"og:image:width\" content=\"486\" \/>\n\t<meta property=\"og:image:height\" content=\"485\" \/>\n\t<meta property=\"og:image:type\" content=\"image\/jpeg\" \/>\n<meta name=\"twitter:card\" content=\"summary_large_image\" \/>\n<meta name=\"twitter:title\" content=\"BREAD, LOVE &amp; DREAMS - Bread Love And Dreams -  (LP) | Guerssen\" \/>\n<script type=\"application\/ld+json\" class=\"yoast-schema-graph\">{\"@context\":\"https:\/\/schema.org\",\"@graph\":[{\"@type\":\"WebPage\",\"@id\":\"https:\/\/wpguerssen-test.odoo.rgbconsulting.com\/es\/producto\/bread-love-and-dreams\/\",\"url\":\"https:\/\/wpguerssen-test.odoo.rgbconsulting.com\/es\/producto\/bread-love-and-dreams\/\",\"name\":\"BREAD, LOVE & DREAMS - Bread Love And Dreams - (LP) | Guerssen\",\"isPartOf\":{\"@id\":\"https:\/\/wpguerssen-test.odoo.rgbconsulting.com\/es\/#website\"},\"primaryImageOfPage\":{\"@id\":\"https:\/\/wpguerssen-test.odoo.rgbconsulting.com\/es\/producto\/bread-love-and-dreams\/#primaryimage\"},\"image\":{\"@id\":\"https:\/\/wpguerssen-test.odoo.rgbconsulting.com\/es\/producto\/bread-love-and-dreams\/#primaryimage\"},\"thumbnailUrl\":\"https:\/\/wpguerssen-test.odoo.rgbconsulting.com\/wp-content\/uploads\/2022\/12\/42403.jpg\",\"datePublished\":\"2022-12-13T23:00:00+00:00\",\"dateModified\":\"2024-11-18T14:45:32+00:00\",\"description\":\"LOST UK UNDERGROUND FOLK CLASSICORIGINALLY RELEASED IN 1969LONG-AWAITED RETURN TO VINYLINSERT WITH BACKGROUND NOTES AND IMAGES #nl# Originally released in September 1969, the first album by this Scottish underground folk act offers delicate, melodic ballads with beautiful vocal harmonies and a psychedelic twist. Long established as a rare collectable in its original form, it makes its long-awaited return to vinyl here, together with an insert containing background notes and rare images.\",\"breadcrumb\":{\"@id\":\"https:\/\/wpguerssen-test.odoo.rgbconsulting.com\/es\/producto\/bread-love-and-dreams\/#breadcrumb\"},\"inLanguage\":\"es\",\"potentialAction\":[{\"@type\":\"ReadAction\",\"target\":[\"https:\/\/wpguerssen-test.odoo.rgbconsulting.com\/es\/producto\/bread-love-and-dreams\/\"]}]},{\"@type\":\"ImageObject\",\"inLanguage\":\"es\",\"@id\":\"https:\/\/wpguerssen-test.odoo.rgbconsulting.com\/es\/producto\/bread-love-and-dreams\/#primaryimage\",\"url\":\"https:\/\/wpguerssen-test.odoo.rgbconsulting.com\/wp-content\/uploads\/2022\/12\/42403.jpg\",\"contentUrl\":\"https:\/\/wpguerssen-test.odoo.rgbconsulting.com\/wp-content\/uploads\/2022\/12\/42403.jpg\",\"width\":486,\"height\":485,\"caption\":\"LOVE & DREAMS - Bread Love And Dreams - MAGIC BOX (LP) | Guerssen\"},{\"@type\":\"BreadcrumbList\",\"@id\":\"https:\/\/wpguerssen-test.odoo.rgbconsulting.com\/es\/producto\/bread-love-and-dreams\/#breadcrumb\",\"itemListElement\":[{\"@type\":\"ListItem\",\"position\":1,\"name\":\"Inicio\",\"item\":\"https:\/\/wpguerssen-test.odoo.rgbconsulting.com\/es\/\"},{\"@type\":\"ListItem\",\"position\":2,\"name\":\"Shop\",\"item\":\"https:\/\/wpguerssen-test.odoo.rgbconsulting.com\/shop\/\"},{\"@type\":\"ListItem\",\"position\":3,\"name\":\"Bread Love And Dreams\"}]},{\"@type\":\"WebSite\",\"@id\":\"https:\/\/wpguerssen-test.odoo.rgbconsulting.com\/es\/#website\",\"url\":\"https:\/\/wpguerssen-test.odoo.rgbconsulting.com\/es\/\",\"name\":\"Guerssen records\",\"description\":\"psychedelia - progressive - folk - garage \",\"publisher\":{\"@id\":\"https:\/\/wpguerssen-test.odoo.rgbconsulting.com\/es\/#organization\"},\"potentialAction\":[{\"@type\":\"SearchAction\",\"target\":{\"@type\":\"EntryPoint\",\"urlTemplate\":\"https:\/\/wpguerssen-test.odoo.rgbconsulting.com\/es\/?s={search_term_string}\"},\"query-input\":{\"@type\":\"PropertyValueSpecification\",\"valueRequired\":true,\"valueName\":\"search_term_string\"}}],\"inLanguage\":\"es\"},{\"@type\":\"Organization\",\"@id\":\"https:\/\/wpguerssen-test.odoo.rgbconsulting.com\/es\/#organization\",\"name\":\"Guerssen records\",\"url\":\"https:\/\/wpguerssen-test.odoo.rgbconsulting.com\/es\/\",\"logo\":{\"@type\":\"ImageObject\",\"inLanguage\":\"es\",\"@id\":\"https:\/\/wpguerssen-test.odoo.rgbconsulting.com\/es\/#\/schema\/logo\/image\/\",\"url\":\"https:\/\/wpguerssen-test.odoo.rgbconsulting.com\/wp-content\/uploads\/2022\/04\/Logo_Guerssen_trans_100.png\",\"contentUrl\":\"https:\/\/wpguerssen-test.odoo.rgbconsulting.com\/wp-content\/uploads\/2022\/04\/Logo_Guerssen_trans_100.png\",\"width\":122,\"height\":100,\"caption\":\"Guerssen records\"},\"image\":{\"@id\":\"https:\/\/wpguerssen-test.odoo.rgbconsulting.com\/es\/#\/schema\/logo\/image\/\"}}]}<\/script>\n<!-- \/ Yoast SEO plugin. -->","yoast_head_json":{"title":"BREAD, LOVE & DREAMS - Bread Love And Dreams -  (LP) | Guerssen","description":"LOST UK UNDERGROUND FOLK CLASSICORIGINALLY RELEASED IN 1969LONG-AWAITED RETURN TO VINYLINSERT WITH BACKGROUND NOTES AND IMAGES #nl# Originally released in September 1969, the first album by this Scottish underground folk act offers delicate, melodic ballads with beautiful vocal harmonies and a psychedelic twist. Long established as a rare collectable in its original form, it makes its long-awaited return to vinyl here, together with an insert containing background notes and rare images.","robots":{"index":"index","follow":"follow","max-snippet":"max-snippet:-1","max-image-preview":"max-image-preview:large","max-video-preview":"max-video-preview:-1"},"canonical":"https:\/\/wpguerssen-test.odoo.rgbconsulting.com\/es\/producto\/bread-love-and-dreams\/","og_locale":"es_ES","og_type":"article","og_title":"BREAD, LOVE & DREAMS - Bread Love And Dreams -  (LP) | Guerssen","og_description":"LOST UK UNDERGROUND FOLK CLASSICORIGINALLY RELEASED IN 1969LONG-AWAITED RETURN TO VINYLINSERT WITH BACKGROUND NOTES AND IMAGES #nl# Originally released in September 1969, the first album by this Scottish underground folk act offers delicate, melodic ballads with beautiful vocal harmonies and a psychedelic twist. Long established as a rare collectable in its original form, it makes its long-awaited return to vinyl here, together with an insert containing background notes and rare images.","og_url":"https:\/\/wpguerssen-test.odoo.rgbconsulting.com\/es\/producto\/bread-love-and-dreams\/","og_site_name":"Guerssen records","article_modified_time":"2024-11-18T14:45:32+00:00","og_image":[{"width":486,"height":485,"url":"https:\/\/wpguerssen-test.odoo.rgbconsulting.com\/wp-content\/uploads\/2022\/12\/42403.jpg","type":"image\/jpeg"}],"twitter_card":"summary_large_image","twitter_title":"BREAD, LOVE & DREAMS - Bread Love And Dreams -  (LP) | Guerssen","schema":{"@context":"https:\/\/schema.org","@graph":[{"@type":"WebPage","@id":"https:\/\/wpguerssen-test.odoo.rgbconsulting.com\/es\/producto\/bread-love-and-dreams\/","url":"https:\/\/wpguerssen-test.odoo.rgbconsulting.com\/es\/producto\/bread-love-and-dreams\/","name":"BREAD, LOVE & DREAMS - Bread Love And Dreams - (LP) | Guerssen","isPartOf":{"@id":"https:\/\/wpguerssen-test.odoo.rgbconsulting.com\/es\/#website"},"primaryImageOfPage":{"@id":"https:\/\/wpguerssen-test.odoo.rgbconsulting.com\/es\/producto\/bread-love-and-dreams\/#primaryimage"},"image":{"@id":"https:\/\/wpguerssen-test.odoo.rgbconsulting.com\/es\/producto\/bread-love-and-dreams\/#primaryimage"},"thumbnailUrl":"https:\/\/wpguerssen-test.odoo.rgbconsulting.com\/wp-content\/uploads\/2022\/12\/42403.jpg","datePublished":"2022-12-13T23:00:00+00:00","dateModified":"2024-11-18T14:45:32+00:00","description":"LOST UK UNDERGROUND FOLK CLASSICORIGINALLY RELEASED IN 1969LONG-AWAITED RETURN TO VINYLINSERT WITH BACKGROUND NOTES AND IMAGES #nl# Originally released in September 1969, the first album by this Scottish underground folk act offers delicate, melodic ballads with beautiful vocal harmonies and a psychedelic twist. Long established as a rare collectable in its original form, it makes its long-awaited return to vinyl here, together with an insert containing background notes and rare images.","breadcrumb":{"@id":"https:\/\/wpguerssen-test.odoo.rgbconsulting.com\/es\/producto\/bread-love-and-dreams\/#breadcrumb"},"inLanguage":"es","potentialAction":[{"@type":"ReadAction","target":["https:\/\/wpguerssen-test.odoo.rgbconsulting.com\/es\/producto\/bread-love-and-dreams\/"]}]},{"@type":"ImageObject","inLanguage":"es","@id":"https:\/\/wpguerssen-test.odoo.rgbconsulting.com\/es\/producto\/bread-love-and-dreams\/#primaryimage","url":"https:\/\/wpguerssen-test.odoo.rgbconsulting.com\/wp-content\/uploads\/2022\/12\/42403.jpg","contentUrl":"https:\/\/wpguerssen-test.odoo.rgbconsulting.com\/wp-content\/uploads\/2022\/12\/42403.jpg","width":486,"height":485,"caption":"LOVE & DREAMS - Bread Love And Dreams - MAGIC BOX (LP) | Guerssen"},{"@type":"BreadcrumbList","@id":"https:\/\/wpguerssen-test.odoo.rgbconsulting.com\/es\/producto\/bread-love-and-dreams\/#breadcrumb","itemListElement":[{"@type":"ListItem","position":1,"name":"Inicio","item":"https:\/\/wpguerssen-test.odoo.rgbconsulting.com\/es\/"},{"@type":"ListItem","position":2,"name":"Shop","item":"https:\/\/wpguerssen-test.odoo.rgbconsulting.com\/shop\/"},{"@type":"ListItem","position":3,"name":"Bread Love And Dreams"}]},{"@type":"WebSite","@id":"https:\/\/wpguerssen-test.odoo.rgbconsulting.com\/es\/#website","url":"https:\/\/wpguerssen-test.odoo.rgbconsulting.com\/es\/","name":"Guerssen records","description":"psychedelia - progressive - folk - garage ","publisher":{"@id":"https:\/\/wpguerssen-test.odoo.rgbconsulting.com\/es\/#organization"},"potentialAction":[{"@type":"SearchAction","target":{"@type":"EntryPoint","urlTemplate":"https:\/\/wpguerssen-test.odoo.rgbconsulting.com\/es\/?s={search_term_string}"},"query-input":{"@type":"PropertyValueSpecification","valueRequired":true,"valueName":"search_term_string"}}],"inLanguage":"es"},{"@type":"Organization","@id":"https:\/\/wpguerssen-test.odoo.rgbconsulting.com\/es\/#organization","name":"Guerssen records","url":"https:\/\/wpguerssen-test.odoo.rgbconsulting.com\/es\/","logo":{"@type":"ImageObject","inLanguage":"es","@id":"https:\/\/wpguerssen-test.odoo.rgbconsulting.com\/es\/#\/schema\/logo\/image\/","url":"https:\/\/wpguerssen-test.odoo.rgbconsulting.com\/wp-content\/uploads\/2022\/04\/Logo_Guerssen_trans_100.png","contentUrl":"https:\/\/wpguerssen-test.odoo.rgbconsulting.com\/wp-content\/uploads\/2022\/04\/Logo_Guerssen_trans_100.png","width":122,"height":100,"caption":"Guerssen records"},"image":{"@id":"https:\/\/wpguerssen-test.odoo.rgbconsulting.com\/es\/#\/schema\/logo\/image\/"}}]}},"_links":{"self":[{"href":"https:\/\/wpguerssen-test.odoo.rgbconsulting.com\/es\/wp-json\/wp\/v2\/product\/221577","targetHints":{"allow":["GET"]}}],"collection":[{"href":"https:\/\/wpguerssen-test.odoo.rgbconsulting.com\/es\/wp-json\/wp\/v2\/product"}],"about":[{"href":"https:\/\/wpguerssen-test.odoo.rgbconsulting.com\/es\/wp-json\/wp\/v2\/types\/product"}],"wp:featuredmedia":[{"embeddable":true,"href":"https:\/\/wpguerssen-test.odoo.rgbconsulting.com\/es\/wp-json\/wp\/v2\/media\/223674"}],"wp:attachment":[{"href":"https:\/\/wpguerssen-test.odoo.rgbconsulting.com\/es\/wp-json\/wp\/v2\/media?parent=221577"}],"wp:term":[{"taxonomy":"product_brand","embeddable":true,"href":"https:\/\/wpguerssen-test.odoo.rgbconsulting.com\/es\/wp-json\/wp\/v2\/product_brand?post=221577"},{"taxonomy":"product_cat","embeddable":true,"href":"https:\/\/wpguerssen-test.odoo.rgbconsulting.com\/es\/wp-json\/wp\/v2\/product_cat?post=221577"},{"taxonomy":"product_tag","embeddable":true,"href":"https:\/\/wpguerssen-test.odoo.rgbconsulting.com\/es\/wp-json\/wp\/v2\/product_tag?post=221577"}],"curies":[{"name":"wp","href":"https:\/\/api.w.org\/{rel}","templated":true}]}}