{"id":221578,"date":"2022-12-14T00:00:00","date_gmt":"2022-12-13T23:00:00","guid":{"rendered":"https:\/\/wpguerssen-test.odoo.rgbconsulting.com\/product\/faintly-blowing\/"},"modified":"2025-05-05T11:15:18","modified_gmt":"2025-05-05T09:15:18","slug":"faintly-blowing","status":"publish","type":"product","link":"https:\/\/wpguerssen-test.odoo.rgbconsulting.com\/es\/producto\/faintly-blowing\/","title":{"rendered":"Faintly Blowing"},"content":{"rendered":"<p>Para su segundo \u00e1lbum, Kaleidoscope entreg\u00f3 algo muy parecido a su debut, un cuerpo de raga-rock placentero, alucinante y espacioso, con la principal diferencia de que empujaron el vataje un poco m\u00e1s fuerte en sus instrumentos: tambi\u00e9n hab\u00edan estado tocando bastante extensamente en el momento de su segundo reproductor de larga duraci\u00f3n, y mucha de la m\u00fasica aqu\u00ed era material que hab\u00edan trabajado en el escenario en versiones muy s\u00f3lidas. El resultado es un disco tan bonito como su debut, pero un poco m\u00e1s impactante y emocionante dentro de cada canci\u00f3n que su primer \u00e1lbum. La canci\u00f3n principal es tambi\u00e9n una de las piezas de efectos psicod\u00e9licos m\u00e1s bellas de su \u00e9poca, mientras que \u00abA Story from Tom Bitz\u00bb es folk-rock crujiente, \u00ab(Love Song) For Annie\u00bb representa una marca m\u00e1s l\u00edrica de folk-rock drogadicto. y \u00abIf You So Wish\u00bb cambia al territorio de baladas al estilo Moody Blues alrededor de finales de 1968 y principios de 1969.<\/p>\n<p>\n","protected":false},"excerpt":{"rendered":"<p>Para su segundo \u00e1lbum, Kaleidoscope entreg\u00f3 algo muy parecido a su debut, un cuerpo de raga-rock placentero, alucinante y espacioso, con la principal diferencia<a class=\"read\" href=\"https:\/\/wpguerssen-test.odoo.rgbconsulting.com\/es\/producto\/faintly-blowing\/\"> (...)<\/a>","protected":false},"featured_media":223676,"template":"","meta":{"_acf_changed":false},"product_brand":[],"product_cat":[24508,21639],"product_tag":[],"class_list":{"0":"post-221578","1":"product","2":"type-product","3":"status-publish","4":"has-post-thumbnail","6":"product_cat-uncategorized","7":"product_cat-psychedelic60s-70s-es","8":"pa_artist-kaleidoscope-uk","9":"pa_format-lp-es","10":"pa_gender-psychedelic60s-70s","11":"pa_label-magic-box","12":"pa_location-uk-ireland-es","14":"first","15":"instock","16":"taxable","17":"shipping-taxable","18":"purchasable","19":"product-type-simple"},"acf":[],"yoast_head":"<!-- This site is optimized with the Yoast SEO plugin v24.9 - https:\/\/yoast.com\/wordpress\/plugins\/seo\/ -->\n<title>KALEIDOSCOPE (UK) - Faintly Blowing -  (LP) | Guerssen<\/title>\n<meta name=\"description\" content=\"UK PSYCH-ROCK CLASSIC ORIGINALLY ISSUED IN 1969 REPLICA GATEFOLD SLEEVE For their second album, Kaleidoscope delivered something an awful lot like their debut, a body of pleasant, trippy, spacy raga-rock, with the main difference that they pushed the wattage a little harder on their instruments -- they&#039;d also been performing pretty extensively by the time of their second long-player, and a lot of the music here was material that they&#039;d worked out on-stage in very solid versions. The result is a record just as pretty as their debut but a little punchier and more exciting within each song than their first album. The title track is also one of the more beautiful psychedelic effects pieces of its period, while &quot;A Story from Tom Bitz&quot; is crunchy folk-rock, &quot;(Love Song) For Annie&quot; represents a more lyrical brand of druggy folk-rock, and &quot;If You So Wish&quot; shifts over to Moody Blues-style ballad territory circa late 1968 and early 1969.\" \/>\n<meta name=\"robots\" content=\"index, follow, max-snippet:-1, max-image-preview:large, max-video-preview:-1\" \/>\n<link rel=\"canonical\" href=\"https:\/\/wpguerssen-test.odoo.rgbconsulting.com\/es\/producto\/faintly-blowing\/\" \/>\n<meta property=\"og:locale\" content=\"es_ES\" \/>\n<meta property=\"og:type\" content=\"article\" \/>\n<meta property=\"og:title\" content=\"KALEIDOSCOPE (UK) - Faintly Blowing -  (LP) | Guerssen\" \/>\n<meta property=\"og:description\" content=\"UK PSYCH-ROCK CLASSIC ORIGINALLY ISSUED IN 1969 REPLICA GATEFOLD SLEEVE For their second album, Kaleidoscope delivered something an awful lot like their debut, a body of pleasant, trippy, spacy raga-rock, with the main difference that they pushed the wattage a little harder on their instruments -- they&#039;d also been performing pretty extensively by the time of their second long-player, and a lot of the music here was material that they&#039;d worked out on-stage in very solid versions. The result is a record just as pretty as their debut but a little punchier and more exciting within each song than their first album. The title track is also one of the more beautiful psychedelic effects pieces of its period, while &quot;A Story from Tom Bitz&quot; is crunchy folk-rock, &quot;(Love Song) For Annie&quot; represents a more lyrical brand of druggy folk-rock, and &quot;If You So Wish&quot; shifts over to Moody Blues-style ballad territory circa late 1968 and early 1969.\" \/>\n<meta property=\"og:url\" content=\"https:\/\/wpguerssen-test.odoo.rgbconsulting.com\/es\/producto\/faintly-blowing\/\" \/>\n<meta property=\"og:site_name\" content=\"Guerssen records\" \/>\n<meta property=\"article:modified_time\" content=\"2025-05-05T09:15:18+00:00\" \/>\n<meta property=\"og:image\" content=\"https:\/\/wpguerssen-test.odoo.rgbconsulting.com\/wp-content\/uploads\/2022\/12\/42404.jpg\" \/>\n\t<meta property=\"og:image:width\" content=\"640\" \/>\n\t<meta property=\"og:image:height\" content=\"640\" \/>\n\t<meta property=\"og:image:type\" content=\"image\/jpeg\" \/>\n<meta name=\"twitter:card\" content=\"summary_large_image\" \/>\n<meta name=\"twitter:title\" content=\"KALEIDOSCOPE (UK) - Faintly Blowing -  (LP) | Guerssen\" \/>\n<meta name=\"twitter:label1\" content=\"Tiempo de lectura\" \/>\n\t<meta name=\"twitter:data1\" content=\"1 minuto\" \/>\n<script type=\"application\/ld+json\" class=\"yoast-schema-graph\">{\"@context\":\"https:\/\/schema.org\",\"@graph\":[{\"@type\":\"WebPage\",\"@id\":\"https:\/\/wpguerssen-test.odoo.rgbconsulting.com\/es\/producto\/faintly-blowing\/\",\"url\":\"https:\/\/wpguerssen-test.odoo.rgbconsulting.com\/es\/producto\/faintly-blowing\/\",\"name\":\"KALEIDOSCOPE (UK) - Faintly Blowing - (LP) | Guerssen\",\"isPartOf\":{\"@id\":\"https:\/\/wpguerssen-test.odoo.rgbconsulting.com\/es\/#website\"},\"primaryImageOfPage\":{\"@id\":\"https:\/\/wpguerssen-test.odoo.rgbconsulting.com\/es\/producto\/faintly-blowing\/#primaryimage\"},\"image\":{\"@id\":\"https:\/\/wpguerssen-test.odoo.rgbconsulting.com\/es\/producto\/faintly-blowing\/#primaryimage\"},\"thumbnailUrl\":\"https:\/\/wpguerssen-test.odoo.rgbconsulting.com\/wp-content\/uploads\/2022\/12\/42404.jpg\",\"datePublished\":\"2022-12-13T23:00:00+00:00\",\"dateModified\":\"2025-05-05T09:15:18+00:00\",\"description\":\"UK PSYCH-ROCK CLASSIC ORIGINALLY ISSUED IN 1969 REPLICA GATEFOLD SLEEVE For their second album, Kaleidoscope delivered something an awful lot like their debut, a body of pleasant, trippy, spacy raga-rock, with the main difference that they pushed the wattage a little harder on their instruments -- they'd also been performing pretty extensively by the time of their second long-player, and a lot of the music here was material that they'd worked out on-stage in very solid versions. The result is a record just as pretty as their debut but a little punchier and more exciting within each song than their first album. The title track is also one of the more beautiful psychedelic effects pieces of its period, while \\\"A Story from Tom Bitz\\\" is crunchy folk-rock, \\\"(Love Song) For Annie\\\" represents a more lyrical brand of druggy folk-rock, and \\\"If You So Wish\\\" shifts over to Moody Blues-style ballad territory circa late 1968 and early 1969.\",\"breadcrumb\":{\"@id\":\"https:\/\/wpguerssen-test.odoo.rgbconsulting.com\/es\/producto\/faintly-blowing\/#breadcrumb\"},\"inLanguage\":\"es\",\"potentialAction\":[{\"@type\":\"ReadAction\",\"target\":[\"https:\/\/wpguerssen-test.odoo.rgbconsulting.com\/es\/producto\/faintly-blowing\/\"]}]},{\"@type\":\"ImageObject\",\"inLanguage\":\"es\",\"@id\":\"https:\/\/wpguerssen-test.odoo.rgbconsulting.com\/es\/producto\/faintly-blowing\/#primaryimage\",\"url\":\"https:\/\/wpguerssen-test.odoo.rgbconsulting.com\/wp-content\/uploads\/2022\/12\/42404.jpg\",\"contentUrl\":\"https:\/\/wpguerssen-test.odoo.rgbconsulting.com\/wp-content\/uploads\/2022\/12\/42404.jpg\",\"width\":640,\"height\":640},{\"@type\":\"BreadcrumbList\",\"@id\":\"https:\/\/wpguerssen-test.odoo.rgbconsulting.com\/es\/producto\/faintly-blowing\/#breadcrumb\",\"itemListElement\":[{\"@type\":\"ListItem\",\"position\":1,\"name\":\"Inicio\",\"item\":\"https:\/\/wpguerssen-test.odoo.rgbconsulting.com\/es\/\"},{\"@type\":\"ListItem\",\"position\":2,\"name\":\"Shop\",\"item\":\"https:\/\/wpguerssen-test.odoo.rgbconsulting.com\/shop\/\"},{\"@type\":\"ListItem\",\"position\":3,\"name\":\"Faintly Blowing\"}]},{\"@type\":\"WebSite\",\"@id\":\"https:\/\/wpguerssen-test.odoo.rgbconsulting.com\/es\/#website\",\"url\":\"https:\/\/wpguerssen-test.odoo.rgbconsulting.com\/es\/\",\"name\":\"Guerssen records\",\"description\":\"psychedelia - progressive - folk - garage \",\"publisher\":{\"@id\":\"https:\/\/wpguerssen-test.odoo.rgbconsulting.com\/es\/#organization\"},\"potentialAction\":[{\"@type\":\"SearchAction\",\"target\":{\"@type\":\"EntryPoint\",\"urlTemplate\":\"https:\/\/wpguerssen-test.odoo.rgbconsulting.com\/es\/?s={search_term_string}\"},\"query-input\":{\"@type\":\"PropertyValueSpecification\",\"valueRequired\":true,\"valueName\":\"search_term_string\"}}],\"inLanguage\":\"es\"},{\"@type\":\"Organization\",\"@id\":\"https:\/\/wpguerssen-test.odoo.rgbconsulting.com\/es\/#organization\",\"name\":\"Guerssen records\",\"url\":\"https:\/\/wpguerssen-test.odoo.rgbconsulting.com\/es\/\",\"logo\":{\"@type\":\"ImageObject\",\"inLanguage\":\"es\",\"@id\":\"https:\/\/wpguerssen-test.odoo.rgbconsulting.com\/es\/#\/schema\/logo\/image\/\",\"url\":\"https:\/\/wpguerssen-test.odoo.rgbconsulting.com\/wp-content\/uploads\/2022\/04\/Logo_Guerssen_trans_100.png\",\"contentUrl\":\"https:\/\/wpguerssen-test.odoo.rgbconsulting.com\/wp-content\/uploads\/2022\/04\/Logo_Guerssen_trans_100.png\",\"width\":122,\"height\":100,\"caption\":\"Guerssen records\"},\"image\":{\"@id\":\"https:\/\/wpguerssen-test.odoo.rgbconsulting.com\/es\/#\/schema\/logo\/image\/\"}}]}<\/script>\n<!-- \/ Yoast SEO plugin. -->","yoast_head_json":{"title":"KALEIDOSCOPE (UK) - Faintly Blowing -  (LP) | Guerssen","description":"UK PSYCH-ROCK CLASSIC ORIGINALLY ISSUED IN 1969 REPLICA GATEFOLD SLEEVE For their second album, Kaleidoscope delivered something an awful lot like their debut, a body of pleasant, trippy, spacy raga-rock, with the main difference that they pushed the wattage a little harder on their instruments -- they'd also been performing pretty extensively by the time of their second long-player, and a lot of the music here was material that they'd worked out on-stage in very solid versions. The result is a record just as pretty as their debut but a little punchier and more exciting within each song than their first album. The title track is also one of the more beautiful psychedelic effects pieces of its period, while \"A Story from Tom Bitz\" is crunchy folk-rock, \"(Love Song) For Annie\" represents a more lyrical brand of druggy folk-rock, and \"If You So Wish\" shifts over to Moody Blues-style ballad territory circa late 1968 and early 1969.","robots":{"index":"index","follow":"follow","max-snippet":"max-snippet:-1","max-image-preview":"max-image-preview:large","max-video-preview":"max-video-preview:-1"},"canonical":"https:\/\/wpguerssen-test.odoo.rgbconsulting.com\/es\/producto\/faintly-blowing\/","og_locale":"es_ES","og_type":"article","og_title":"KALEIDOSCOPE (UK) - Faintly Blowing -  (LP) | Guerssen","og_description":"UK PSYCH-ROCK CLASSIC ORIGINALLY ISSUED IN 1969 REPLICA GATEFOLD SLEEVE For their second album, Kaleidoscope delivered something an awful lot like their debut, a body of pleasant, trippy, spacy raga-rock, with the main difference that they pushed the wattage a little harder on their instruments -- they'd also been performing pretty extensively by the time of their second long-player, and a lot of the music here was material that they'd worked out on-stage in very solid versions. The result is a record just as pretty as their debut but a little punchier and more exciting within each song than their first album. The title track is also one of the more beautiful psychedelic effects pieces of its period, while \"A Story from Tom Bitz\" is crunchy folk-rock, \"(Love Song) For Annie\" represents a more lyrical brand of druggy folk-rock, and \"If You So Wish\" shifts over to Moody Blues-style ballad territory circa late 1968 and early 1969.","og_url":"https:\/\/wpguerssen-test.odoo.rgbconsulting.com\/es\/producto\/faintly-blowing\/","og_site_name":"Guerssen records","article_modified_time":"2025-05-05T09:15:18+00:00","og_image":[{"width":640,"height":640,"url":"https:\/\/wpguerssen-test.odoo.rgbconsulting.com\/wp-content\/uploads\/2022\/12\/42404.jpg","type":"image\/jpeg"}],"twitter_card":"summary_large_image","twitter_title":"KALEIDOSCOPE (UK) - Faintly Blowing -  (LP) | Guerssen","twitter_misc":{"Tiempo de lectura":"1 minuto"},"schema":{"@context":"https:\/\/schema.org","@graph":[{"@type":"WebPage","@id":"https:\/\/wpguerssen-test.odoo.rgbconsulting.com\/es\/producto\/faintly-blowing\/","url":"https:\/\/wpguerssen-test.odoo.rgbconsulting.com\/es\/producto\/faintly-blowing\/","name":"KALEIDOSCOPE (UK) - Faintly Blowing - (LP) | Guerssen","isPartOf":{"@id":"https:\/\/wpguerssen-test.odoo.rgbconsulting.com\/es\/#website"},"primaryImageOfPage":{"@id":"https:\/\/wpguerssen-test.odoo.rgbconsulting.com\/es\/producto\/faintly-blowing\/#primaryimage"},"image":{"@id":"https:\/\/wpguerssen-test.odoo.rgbconsulting.com\/es\/producto\/faintly-blowing\/#primaryimage"},"thumbnailUrl":"https:\/\/wpguerssen-test.odoo.rgbconsulting.com\/wp-content\/uploads\/2022\/12\/42404.jpg","datePublished":"2022-12-13T23:00:00+00:00","dateModified":"2025-05-05T09:15:18+00:00","description":"UK PSYCH-ROCK CLASSIC ORIGINALLY ISSUED IN 1969 REPLICA GATEFOLD SLEEVE For their second album, Kaleidoscope delivered something an awful lot like their debut, a body of pleasant, trippy, spacy raga-rock, with the main difference that they pushed the wattage a little harder on their instruments -- they'd also been performing pretty extensively by the time of their second long-player, and a lot of the music here was material that they'd worked out on-stage in very solid versions. The result is a record just as pretty as their debut but a little punchier and more exciting within each song than their first album. The title track is also one of the more beautiful psychedelic effects pieces of its period, while \"A Story from Tom Bitz\" is crunchy folk-rock, \"(Love Song) For Annie\" represents a more lyrical brand of druggy folk-rock, and \"If You So Wish\" shifts over to Moody Blues-style ballad territory circa late 1968 and early 1969.","breadcrumb":{"@id":"https:\/\/wpguerssen-test.odoo.rgbconsulting.com\/es\/producto\/faintly-blowing\/#breadcrumb"},"inLanguage":"es","potentialAction":[{"@type":"ReadAction","target":["https:\/\/wpguerssen-test.odoo.rgbconsulting.com\/es\/producto\/faintly-blowing\/"]}]},{"@type":"ImageObject","inLanguage":"es","@id":"https:\/\/wpguerssen-test.odoo.rgbconsulting.com\/es\/producto\/faintly-blowing\/#primaryimage","url":"https:\/\/wpguerssen-test.odoo.rgbconsulting.com\/wp-content\/uploads\/2022\/12\/42404.jpg","contentUrl":"https:\/\/wpguerssen-test.odoo.rgbconsulting.com\/wp-content\/uploads\/2022\/12\/42404.jpg","width":640,"height":640},{"@type":"BreadcrumbList","@id":"https:\/\/wpguerssen-test.odoo.rgbconsulting.com\/es\/producto\/faintly-blowing\/#breadcrumb","itemListElement":[{"@type":"ListItem","position":1,"name":"Inicio","item":"https:\/\/wpguerssen-test.odoo.rgbconsulting.com\/es\/"},{"@type":"ListItem","position":2,"name":"Shop","item":"https:\/\/wpguerssen-test.odoo.rgbconsulting.com\/shop\/"},{"@type":"ListItem","position":3,"name":"Faintly Blowing"}]},{"@type":"WebSite","@id":"https:\/\/wpguerssen-test.odoo.rgbconsulting.com\/es\/#website","url":"https:\/\/wpguerssen-test.odoo.rgbconsulting.com\/es\/","name":"Guerssen records","description":"psychedelia - progressive - folk - garage ","publisher":{"@id":"https:\/\/wpguerssen-test.odoo.rgbconsulting.com\/es\/#organization"},"potentialAction":[{"@type":"SearchAction","target":{"@type":"EntryPoint","urlTemplate":"https:\/\/wpguerssen-test.odoo.rgbconsulting.com\/es\/?s={search_term_string}"},"query-input":{"@type":"PropertyValueSpecification","valueRequired":true,"valueName":"search_term_string"}}],"inLanguage":"es"},{"@type":"Organization","@id":"https:\/\/wpguerssen-test.odoo.rgbconsulting.com\/es\/#organization","name":"Guerssen records","url":"https:\/\/wpguerssen-test.odoo.rgbconsulting.com\/es\/","logo":{"@type":"ImageObject","inLanguage":"es","@id":"https:\/\/wpguerssen-test.odoo.rgbconsulting.com\/es\/#\/schema\/logo\/image\/","url":"https:\/\/wpguerssen-test.odoo.rgbconsulting.com\/wp-content\/uploads\/2022\/04\/Logo_Guerssen_trans_100.png","contentUrl":"https:\/\/wpguerssen-test.odoo.rgbconsulting.com\/wp-content\/uploads\/2022\/04\/Logo_Guerssen_trans_100.png","width":122,"height":100,"caption":"Guerssen records"},"image":{"@id":"https:\/\/wpguerssen-test.odoo.rgbconsulting.com\/es\/#\/schema\/logo\/image\/"}}]}},"_links":{"self":[{"href":"https:\/\/wpguerssen-test.odoo.rgbconsulting.com\/es\/wp-json\/wp\/v2\/product\/221578","targetHints":{"allow":["GET"]}}],"collection":[{"href":"https:\/\/wpguerssen-test.odoo.rgbconsulting.com\/es\/wp-json\/wp\/v2\/product"}],"about":[{"href":"https:\/\/wpguerssen-test.odoo.rgbconsulting.com\/es\/wp-json\/wp\/v2\/types\/product"}],"wp:featuredmedia":[{"embeddable":true,"href":"https:\/\/wpguerssen-test.odoo.rgbconsulting.com\/es\/wp-json\/wp\/v2\/media\/223676"}],"wp:attachment":[{"href":"https:\/\/wpguerssen-test.odoo.rgbconsulting.com\/es\/wp-json\/wp\/v2\/media?parent=221578"}],"wp:term":[{"taxonomy":"product_brand","embeddable":true,"href":"https:\/\/wpguerssen-test.odoo.rgbconsulting.com\/es\/wp-json\/wp\/v2\/product_brand?post=221578"},{"taxonomy":"product_cat","embeddable":true,"href":"https:\/\/wpguerssen-test.odoo.rgbconsulting.com\/es\/wp-json\/wp\/v2\/product_cat?post=221578"},{"taxonomy":"product_tag","embeddable":true,"href":"https:\/\/wpguerssen-test.odoo.rgbconsulting.com\/es\/wp-json\/wp\/v2\/product_tag?post=221578"}],"curies":[{"name":"wp","href":"https:\/\/api.w.org\/{rel}","templated":true}]}}