{"id":222315,"date":"2022-12-19T00:00:00","date_gmt":"2022-12-18T23:00:00","guid":{"rendered":"https:\/\/wpguerssen-test.odoo.rgbconsulting.com\/product\/live-in-bologna\/"},"modified":"2024-02-21T15:19:57","modified_gmt":"2024-02-21T14:19:57","slug":"live-in-bologna","status":"publish","type":"product","link":"https:\/\/wpguerssen-test.odoo.rgbconsulting.com\/es\/producto\/live-in-bologna\/","title":{"rendered":"Live In Bologna"},"content":{"rendered":"<p>Rara joya que captura la poes\u00eda y la magia del legendario Chet Baker en vivo en el escenario. Aqu\u00ed Chet est\u00e1 en Italia en abril de 1962, en \u00abLa Cantina\u00bb en Bolonia. Miles est\u00e1 en la trompeta, por supuesto, junto con Rene Thomas en la guitarra, George Gruntz al piano, el gran Karl Theodor Geier al bajo y Eberhard Stengel a la bater\u00eda. La totalidad de la cara A est\u00e1 ocupada por una larga composici\u00f3n de Miles Davis, \u00abSolar\u00bb, mientras que la cara B presenta una muy c\u00e9lebre y atemporal est\u00e1ndar en \u00abPennies From Heaven\u00bb y el original de Bird en \u00abDonna Lee\u00bb.<\/p>\n","protected":false},"excerpt":{"rendered":"<p>Rara joya que captura la poes\u00eda y la magia del legendario Chet Baker en vivo en el escenario. Aqu\u00ed Chet est\u00e1 en Italia en abril de 1962, en \u00abLa Cantina\u00bb en Bolonia.<a class=\"read\" href=\"https:\/\/wpguerssen-test.odoo.rgbconsulting.com\/es\/producto\/live-in-bologna\/\"> (...)<\/a>","protected":false},"featured_media":223774,"template":"","meta":{"_acf_changed":false},"product_brand":[],"product_cat":[23227],"product_tag":[],"class_list":{"0":"post-222315","1":"product","2":"type-product","3":"status-publish","4":"has-post-thumbnail","6":"product_cat-jazz-es","7":"pa_artist-baker-chet","8":"pa_format-lp-es","9":"pa_gender-jazz","10":"pa_label-naked-lunch","11":"pa_location-north-america-es","12":"pa_other-filters-vinyl-only-es","14":"first","15":"instock","16":"taxable","17":"shipping-taxable","18":"purchasable","19":"product-type-simple"},"acf":[],"yoast_head":"<!-- This site is optimized with the Yoast SEO plugin v24.9 - https:\/\/yoast.com\/wordpress\/plugins\/seo\/ -->\n<title>BAKER, Chet - Live In Bologna -  (LP) | Guerssen<\/title>\n<meta name=\"description\" content=\"Rare gem capturing the poetry and magic of the legendary Chet Baker live on stage. Here Chet is in Italy on April 1962, at &quot;La Cantina&quot; in Bologna. Miles is on the trumpet, of course, along with Rene Thomas at the Guitar, George Gruntz at the Piano, the great Karl Theodor Geier on the Bass and Eberhard Stengel on the drums. The entirety of the Side A is taken by a long Miles Davis composition, &quot;Solar&quot;, while the B Side features a much celebrated, timeless standard in &quot;Pennies From Heaven&quot; and Bird&#039;s original in &quot;Donna Lee&quot;.\" \/>\n<meta name=\"robots\" content=\"index, follow, max-snippet:-1, max-image-preview:large, max-video-preview:-1\" \/>\n<link rel=\"canonical\" href=\"https:\/\/wpguerssen-test.odoo.rgbconsulting.com\/es\/producto\/live-in-bologna\/\" \/>\n<meta property=\"og:locale\" content=\"es_ES\" \/>\n<meta property=\"og:type\" content=\"article\" \/>\n<meta property=\"og:title\" content=\"BAKER, Chet - Live In Bologna -  (LP) | Guerssen\" \/>\n<meta property=\"og:description\" content=\"Rare gem capturing the poetry and magic of the legendary Chet Baker live on stage. Here Chet is in Italy on April 1962, at &quot;La Cantina&quot; in Bologna. Miles is on the trumpet, of course, along with Rene Thomas at the Guitar, George Gruntz at the Piano, the great Karl Theodor Geier on the Bass and Eberhard Stengel on the drums. The entirety of the Side A is taken by a long Miles Davis composition, &quot;Solar&quot;, while the B Side features a much celebrated, timeless standard in &quot;Pennies From Heaven&quot; and Bird&#039;s original in &quot;Donna Lee&quot;.\" \/>\n<meta property=\"og:url\" content=\"https:\/\/wpguerssen-test.odoo.rgbconsulting.com\/es\/producto\/live-in-bologna\/\" \/>\n<meta property=\"og:site_name\" content=\"Guerssen records\" \/>\n<meta property=\"article:modified_time\" content=\"2024-02-21T14:19:57+00:00\" \/>\n<meta property=\"og:image\" content=\"https:\/\/wpguerssen-test.odoo.rgbconsulting.com\/wp-content\/uploads\/2022\/12\/42412-scaled.jpg\" \/>\n\t<meta property=\"og:image:width\" content=\"2560\" \/>\n\t<meta property=\"og:image:height\" content=\"2451\" \/>\n\t<meta property=\"og:image:type\" content=\"image\/jpeg\" \/>\n<meta name=\"twitter:card\" content=\"summary_large_image\" \/>\n<meta name=\"twitter:title\" content=\"BAKER, Chet - Live In Bologna -  (LP) | Guerssen\" \/>\n<meta name=\"twitter:label1\" content=\"Tiempo de lectura\" \/>\n\t<meta name=\"twitter:data1\" content=\"1 minuto\" \/>\n<script type=\"application\/ld+json\" class=\"yoast-schema-graph\">{\"@context\":\"https:\/\/schema.org\",\"@graph\":[{\"@type\":\"WebPage\",\"@id\":\"https:\/\/wpguerssen-test.odoo.rgbconsulting.com\/es\/producto\/live-in-bologna\/\",\"url\":\"https:\/\/wpguerssen-test.odoo.rgbconsulting.com\/es\/producto\/live-in-bologna\/\",\"name\":\"BAKER, Chet - Live In Bologna - (LP) | Guerssen\",\"isPartOf\":{\"@id\":\"https:\/\/wpguerssen-test.odoo.rgbconsulting.com\/es\/#website\"},\"primaryImageOfPage\":{\"@id\":\"https:\/\/wpguerssen-test.odoo.rgbconsulting.com\/es\/producto\/live-in-bologna\/#primaryimage\"},\"image\":{\"@id\":\"https:\/\/wpguerssen-test.odoo.rgbconsulting.com\/es\/producto\/live-in-bologna\/#primaryimage\"},\"thumbnailUrl\":\"https:\/\/wpguerssen-test.odoo.rgbconsulting.com\/wp-content\/uploads\/2022\/12\/42412-scaled.jpg\",\"datePublished\":\"2022-12-18T23:00:00+00:00\",\"dateModified\":\"2024-02-21T14:19:57+00:00\",\"description\":\"Rare gem capturing the poetry and magic of the legendary Chet Baker live on stage. Here Chet is in Italy on April 1962, at \\\"La Cantina\\\" in Bologna. Miles is on the trumpet, of course, along with Rene Thomas at the Guitar, George Gruntz at the Piano, the great Karl Theodor Geier on the Bass and Eberhard Stengel on the drums. The entirety of the Side A is taken by a long Miles Davis composition, \\\"Solar\\\", while the B Side features a much celebrated, timeless standard in \\\"Pennies From Heaven\\\" and Bird's original in \\\"Donna Lee\\\".\",\"breadcrumb\":{\"@id\":\"https:\/\/wpguerssen-test.odoo.rgbconsulting.com\/es\/producto\/live-in-bologna\/#breadcrumb\"},\"inLanguage\":\"es\",\"potentialAction\":[{\"@type\":\"ReadAction\",\"target\":[\"https:\/\/wpguerssen-test.odoo.rgbconsulting.com\/es\/producto\/live-in-bologna\/\"]}]},{\"@type\":\"ImageObject\",\"inLanguage\":\"es\",\"@id\":\"https:\/\/wpguerssen-test.odoo.rgbconsulting.com\/es\/producto\/live-in-bologna\/#primaryimage\",\"url\":\"https:\/\/wpguerssen-test.odoo.rgbconsulting.com\/wp-content\/uploads\/2022\/12\/42412-scaled.jpg\",\"contentUrl\":\"https:\/\/wpguerssen-test.odoo.rgbconsulting.com\/wp-content\/uploads\/2022\/12\/42412-scaled.jpg\",\"width\":2560,\"height\":2451,\"caption\":\"Chet - Live In Bologna - NAKED LUNCH (LP) | Guerssen\"},{\"@type\":\"BreadcrumbList\",\"@id\":\"https:\/\/wpguerssen-test.odoo.rgbconsulting.com\/es\/producto\/live-in-bologna\/#breadcrumb\",\"itemListElement\":[{\"@type\":\"ListItem\",\"position\":1,\"name\":\"Inicio\",\"item\":\"https:\/\/wpguerssen-test.odoo.rgbconsulting.com\/es\/\"},{\"@type\":\"ListItem\",\"position\":2,\"name\":\"Shop\",\"item\":\"https:\/\/wpguerssen-test.odoo.rgbconsulting.com\/shop\/\"},{\"@type\":\"ListItem\",\"position\":3,\"name\":\"Live In Bologna\"}]},{\"@type\":\"WebSite\",\"@id\":\"https:\/\/wpguerssen-test.odoo.rgbconsulting.com\/es\/#website\",\"url\":\"https:\/\/wpguerssen-test.odoo.rgbconsulting.com\/es\/\",\"name\":\"Guerssen records\",\"description\":\"psychedelia - progressive - folk - garage \",\"publisher\":{\"@id\":\"https:\/\/wpguerssen-test.odoo.rgbconsulting.com\/es\/#organization\"},\"potentialAction\":[{\"@type\":\"SearchAction\",\"target\":{\"@type\":\"EntryPoint\",\"urlTemplate\":\"https:\/\/wpguerssen-test.odoo.rgbconsulting.com\/es\/?s={search_term_string}\"},\"query-input\":{\"@type\":\"PropertyValueSpecification\",\"valueRequired\":true,\"valueName\":\"search_term_string\"}}],\"inLanguage\":\"es\"},{\"@type\":\"Organization\",\"@id\":\"https:\/\/wpguerssen-test.odoo.rgbconsulting.com\/es\/#organization\",\"name\":\"Guerssen records\",\"url\":\"https:\/\/wpguerssen-test.odoo.rgbconsulting.com\/es\/\",\"logo\":{\"@type\":\"ImageObject\",\"inLanguage\":\"es\",\"@id\":\"https:\/\/wpguerssen-test.odoo.rgbconsulting.com\/es\/#\/schema\/logo\/image\/\",\"url\":\"https:\/\/wpguerssen-test.odoo.rgbconsulting.com\/wp-content\/uploads\/2022\/04\/Logo_Guerssen_trans_100.png\",\"contentUrl\":\"https:\/\/wpguerssen-test.odoo.rgbconsulting.com\/wp-content\/uploads\/2022\/04\/Logo_Guerssen_trans_100.png\",\"width\":122,\"height\":100,\"caption\":\"Guerssen records\"},\"image\":{\"@id\":\"https:\/\/wpguerssen-test.odoo.rgbconsulting.com\/es\/#\/schema\/logo\/image\/\"}}]}<\/script>\n<!-- \/ Yoast SEO plugin. -->","yoast_head_json":{"title":"BAKER, Chet - Live In Bologna -  (LP) | Guerssen","description":"Rare gem capturing the poetry and magic of the legendary Chet Baker live on stage. Here Chet is in Italy on April 1962, at \"La Cantina\" in Bologna. Miles is on the trumpet, of course, along with Rene Thomas at the Guitar, George Gruntz at the Piano, the great Karl Theodor Geier on the Bass and Eberhard Stengel on the drums. The entirety of the Side A is taken by a long Miles Davis composition, \"Solar\", while the B Side features a much celebrated, timeless standard in \"Pennies From Heaven\" and Bird's original in \"Donna Lee\".","robots":{"index":"index","follow":"follow","max-snippet":"max-snippet:-1","max-image-preview":"max-image-preview:large","max-video-preview":"max-video-preview:-1"},"canonical":"https:\/\/wpguerssen-test.odoo.rgbconsulting.com\/es\/producto\/live-in-bologna\/","og_locale":"es_ES","og_type":"article","og_title":"BAKER, Chet - Live In Bologna -  (LP) | Guerssen","og_description":"Rare gem capturing the poetry and magic of the legendary Chet Baker live on stage. Here Chet is in Italy on April 1962, at \"La Cantina\" in Bologna. Miles is on the trumpet, of course, along with Rene Thomas at the Guitar, George Gruntz at the Piano, the great Karl Theodor Geier on the Bass and Eberhard Stengel on the drums. The entirety of the Side A is taken by a long Miles Davis composition, \"Solar\", while the B Side features a much celebrated, timeless standard in \"Pennies From Heaven\" and Bird's original in \"Donna Lee\".","og_url":"https:\/\/wpguerssen-test.odoo.rgbconsulting.com\/es\/producto\/live-in-bologna\/","og_site_name":"Guerssen records","article_modified_time":"2024-02-21T14:19:57+00:00","og_image":[{"width":2560,"height":2451,"url":"https:\/\/wpguerssen-test.odoo.rgbconsulting.com\/wp-content\/uploads\/2022\/12\/42412-scaled.jpg","type":"image\/jpeg"}],"twitter_card":"summary_large_image","twitter_title":"BAKER, Chet - Live In Bologna -  (LP) | Guerssen","twitter_misc":{"Tiempo de lectura":"1 minuto"},"schema":{"@context":"https:\/\/schema.org","@graph":[{"@type":"WebPage","@id":"https:\/\/wpguerssen-test.odoo.rgbconsulting.com\/es\/producto\/live-in-bologna\/","url":"https:\/\/wpguerssen-test.odoo.rgbconsulting.com\/es\/producto\/live-in-bologna\/","name":"BAKER, Chet - Live In Bologna - (LP) | Guerssen","isPartOf":{"@id":"https:\/\/wpguerssen-test.odoo.rgbconsulting.com\/es\/#website"},"primaryImageOfPage":{"@id":"https:\/\/wpguerssen-test.odoo.rgbconsulting.com\/es\/producto\/live-in-bologna\/#primaryimage"},"image":{"@id":"https:\/\/wpguerssen-test.odoo.rgbconsulting.com\/es\/producto\/live-in-bologna\/#primaryimage"},"thumbnailUrl":"https:\/\/wpguerssen-test.odoo.rgbconsulting.com\/wp-content\/uploads\/2022\/12\/42412-scaled.jpg","datePublished":"2022-12-18T23:00:00+00:00","dateModified":"2024-02-21T14:19:57+00:00","description":"Rare gem capturing the poetry and magic of the legendary Chet Baker live on stage. Here Chet is in Italy on April 1962, at \"La Cantina\" in Bologna. Miles is on the trumpet, of course, along with Rene Thomas at the Guitar, George Gruntz at the Piano, the great Karl Theodor Geier on the Bass and Eberhard Stengel on the drums. The entirety of the Side A is taken by a long Miles Davis composition, \"Solar\", while the B Side features a much celebrated, timeless standard in \"Pennies From Heaven\" and Bird's original in \"Donna Lee\".","breadcrumb":{"@id":"https:\/\/wpguerssen-test.odoo.rgbconsulting.com\/es\/producto\/live-in-bologna\/#breadcrumb"},"inLanguage":"es","potentialAction":[{"@type":"ReadAction","target":["https:\/\/wpguerssen-test.odoo.rgbconsulting.com\/es\/producto\/live-in-bologna\/"]}]},{"@type":"ImageObject","inLanguage":"es","@id":"https:\/\/wpguerssen-test.odoo.rgbconsulting.com\/es\/producto\/live-in-bologna\/#primaryimage","url":"https:\/\/wpguerssen-test.odoo.rgbconsulting.com\/wp-content\/uploads\/2022\/12\/42412-scaled.jpg","contentUrl":"https:\/\/wpguerssen-test.odoo.rgbconsulting.com\/wp-content\/uploads\/2022\/12\/42412-scaled.jpg","width":2560,"height":2451,"caption":"Chet - Live In Bologna - NAKED LUNCH (LP) | Guerssen"},{"@type":"BreadcrumbList","@id":"https:\/\/wpguerssen-test.odoo.rgbconsulting.com\/es\/producto\/live-in-bologna\/#breadcrumb","itemListElement":[{"@type":"ListItem","position":1,"name":"Inicio","item":"https:\/\/wpguerssen-test.odoo.rgbconsulting.com\/es\/"},{"@type":"ListItem","position":2,"name":"Shop","item":"https:\/\/wpguerssen-test.odoo.rgbconsulting.com\/shop\/"},{"@type":"ListItem","position":3,"name":"Live In Bologna"}]},{"@type":"WebSite","@id":"https:\/\/wpguerssen-test.odoo.rgbconsulting.com\/es\/#website","url":"https:\/\/wpguerssen-test.odoo.rgbconsulting.com\/es\/","name":"Guerssen records","description":"psychedelia - progressive - folk - garage ","publisher":{"@id":"https:\/\/wpguerssen-test.odoo.rgbconsulting.com\/es\/#organization"},"potentialAction":[{"@type":"SearchAction","target":{"@type":"EntryPoint","urlTemplate":"https:\/\/wpguerssen-test.odoo.rgbconsulting.com\/es\/?s={search_term_string}"},"query-input":{"@type":"PropertyValueSpecification","valueRequired":true,"valueName":"search_term_string"}}],"inLanguage":"es"},{"@type":"Organization","@id":"https:\/\/wpguerssen-test.odoo.rgbconsulting.com\/es\/#organization","name":"Guerssen records","url":"https:\/\/wpguerssen-test.odoo.rgbconsulting.com\/es\/","logo":{"@type":"ImageObject","inLanguage":"es","@id":"https:\/\/wpguerssen-test.odoo.rgbconsulting.com\/es\/#\/schema\/logo\/image\/","url":"https:\/\/wpguerssen-test.odoo.rgbconsulting.com\/wp-content\/uploads\/2022\/04\/Logo_Guerssen_trans_100.png","contentUrl":"https:\/\/wpguerssen-test.odoo.rgbconsulting.com\/wp-content\/uploads\/2022\/04\/Logo_Guerssen_trans_100.png","width":122,"height":100,"caption":"Guerssen records"},"image":{"@id":"https:\/\/wpguerssen-test.odoo.rgbconsulting.com\/es\/#\/schema\/logo\/image\/"}}]}},"_links":{"self":[{"href":"https:\/\/wpguerssen-test.odoo.rgbconsulting.com\/es\/wp-json\/wp\/v2\/product\/222315","targetHints":{"allow":["GET"]}}],"collection":[{"href":"https:\/\/wpguerssen-test.odoo.rgbconsulting.com\/es\/wp-json\/wp\/v2\/product"}],"about":[{"href":"https:\/\/wpguerssen-test.odoo.rgbconsulting.com\/es\/wp-json\/wp\/v2\/types\/product"}],"wp:featuredmedia":[{"embeddable":true,"href":"https:\/\/wpguerssen-test.odoo.rgbconsulting.com\/es\/wp-json\/wp\/v2\/media\/223774"}],"wp:attachment":[{"href":"https:\/\/wpguerssen-test.odoo.rgbconsulting.com\/es\/wp-json\/wp\/v2\/media?parent=222315"}],"wp:term":[{"taxonomy":"product_brand","embeddable":true,"href":"https:\/\/wpguerssen-test.odoo.rgbconsulting.com\/es\/wp-json\/wp\/v2\/product_brand?post=222315"},{"taxonomy":"product_cat","embeddable":true,"href":"https:\/\/wpguerssen-test.odoo.rgbconsulting.com\/es\/wp-json\/wp\/v2\/product_cat?post=222315"},{"taxonomy":"product_tag","embeddable":true,"href":"https:\/\/wpguerssen-test.odoo.rgbconsulting.com\/es\/wp-json\/wp\/v2\/product_tag?post=222315"}],"curies":[{"name":"wp","href":"https:\/\/api.w.org\/{rel}","templated":true}]}}