{"id":222447,"date":"2022-12-05T00:00:00","date_gmt":"2022-12-04T23:00:00","guid":{"rendered":"https:\/\/wpguerssen-test.odoo.rgbconsulting.com\/product\/long-before-day\/"},"modified":"2025-02-21T13:58:40","modified_gmt":"2025-02-21T12:58:40","slug":"long-before-day","status":"publish","type":"product","link":"https:\/\/wpguerssen-test.odoo.rgbconsulting.com\/es\/producto\/long-before-day\/","title":{"rendered":"Long Before Day"},"content":{"rendered":"<p>Long Before Day es el nuevo LP de larga duraci\u00f3n en Wild Honey Records de Deniz Tek, cofundador y compositor principal de la ic\u00f3nica banda australiana Radio Birdman y prol\u00edfico artista solista. El nuevo \u00e1lbum presenta la voz de Deniz y su forma de tocar la guitarra, complementada y entrelazada con el trabajo de guitarra de Anne Tek.<br \/>Grabado en cinta, Long Before Day evoca valores s\u00f3nicos antiguos. <br \/>Long Before Day sin duda satisfar\u00e1 a los fan\u00e1ticos ac\u00e9rrimos del trabajo de guitarra de Deniz, pero tambi\u00e9n extiende la forma de arte en direcciones nuevas e inesperadas.<\/p>\n","protected":false},"excerpt":{"rendered":"<p>Long Before Day es el nuevo LP de larga duraci\u00f3n en Wild Honey Records de Deniz Tek, cofundador y compositor principal de la ic\u00f3nica banda australiana Radio Birdman<a class=\"read\" href=\"https:\/\/wpguerssen-test.odoo.rgbconsulting.com\/es\/producto\/long-before-day\/\"> (...)<\/a>","protected":false},"featured_media":226587,"template":"","meta":{"_acf_changed":false},"product_brand":[],"product_cat":[21642,23234],"product_tag":[],"class_list":{"0":"post-222447","1":"product","2":"type-product","3":"status-publish","4":"has-post-thumbnail","6":"product_cat-rocknroll-es","7":"product_cat-pop-rock-es","8":"pa_artist-tek-deniz","9":"pa_format-lp-es","10":"pa_gender-rocknroll-pop-rock","11":"pa_label-wild-honey","12":"pa_location-australia-nz-es","13":"pa_other-filters-vinyl-only-es","15":"first","16":"instock","17":"taxable","18":"shipping-taxable","19":"purchasable","20":"product-type-simple"},"acf":[],"yoast_head":"<!-- This site is optimized with the Yoast SEO plugin v24.9 - https:\/\/yoast.com\/wordpress\/plugins\/seo\/ -->\n<title>TEK, Deniz - Long Before Day -  (LP) | Guerssen<\/title>\n<meta name=\"description\" content=\"Long Before Day is the new full length LP on Wild Honey Records from Deniz Tek, co-founder and chief songwriter of the Australian iconic band Radio Birdman and prolific solo artist. The new album features Deniz&#039;s vocals and signature guitar playing, complemented and interlaced with the guitar work of Anne Tek. The hard driving rhythm engine of veteran Bob Brown on bass and Keith Streng (from The Fleshtones) on drums provide a rock steady foundation, with &quot;roll&quot; included. The twelve all new and original songs cover a wide spectrum of tempo and emotion. Taking One For The Team evokes Exile period Stones. Truck and Roll channels Chuck Berry. Speak of Ice is an introspective dreamscape inspired by fourteenth century Persian poetry and Howlin&#039; Wolf. Ain&#039;t Gonna (Stand for That) is a revolutionary anthem. Where is a soulful reckoning that the hour is late.Recorded on tape, Long Before Day evokes vintage sonic values. Old-school recording techniques bring spontaneity and a genuine live feel to the sessions.Long Before Day will certainly satisfy diehard fans of Deniz&#039;s guitar work, but also extends the art form in new and unexpected directions. It will find many new listeners among those who care for uncompromising authenticity.\" \/>\n<meta name=\"robots\" content=\"index, follow, max-snippet:-1, max-image-preview:large, max-video-preview:-1\" \/>\n<link rel=\"canonical\" href=\"https:\/\/wpguerssen-test.odoo.rgbconsulting.com\/es\/producto\/long-before-day\/\" \/>\n<meta property=\"og:locale\" content=\"es_ES\" \/>\n<meta property=\"og:type\" content=\"article\" \/>\n<meta property=\"og:title\" content=\"TEK, Deniz - Long Before Day -  (LP) | Guerssen\" \/>\n<meta property=\"og:description\" content=\"Long Before Day is the new full length LP on Wild Honey Records from Deniz Tek, co-founder and chief songwriter of the Australian iconic band Radio Birdman and prolific solo artist. The new album features Deniz&#039;s vocals and signature guitar playing, complemented and interlaced with the guitar work of Anne Tek. The hard driving rhythm engine of veteran Bob Brown on bass and Keith Streng (from The Fleshtones) on drums provide a rock steady foundation, with &quot;roll&quot; included. The twelve all new and original songs cover a wide spectrum of tempo and emotion. Taking One For The Team evokes Exile period Stones. Truck and Roll channels Chuck Berry. Speak of Ice is an introspective dreamscape inspired by fourteenth century Persian poetry and Howlin&#039; Wolf. Ain&#039;t Gonna (Stand for That) is a revolutionary anthem. Where is a soulful reckoning that the hour is late.Recorded on tape, Long Before Day evokes vintage sonic values. Old-school recording techniques bring spontaneity and a genuine live feel to the sessions.Long Before Day will certainly satisfy diehard fans of Deniz&#039;s guitar work, but also extends the art form in new and unexpected directions. It will find many new listeners among those who care for uncompromising authenticity.\" \/>\n<meta property=\"og:url\" content=\"https:\/\/wpguerssen-test.odoo.rgbconsulting.com\/es\/producto\/long-before-day\/\" \/>\n<meta property=\"og:site_name\" content=\"Guerssen records\" \/>\n<meta property=\"article:modified_time\" content=\"2025-02-21T12:58:40+00:00\" \/>\n<meta property=\"og:image\" content=\"https:\/\/wpguerssen-test.odoo.rgbconsulting.com\/wp-content\/uploads\/2023\/02\/42425.jpg\" \/>\n\t<meta property=\"og:image:width\" content=\"700\" \/>\n\t<meta property=\"og:image:height\" content=\"700\" \/>\n\t<meta property=\"og:image:type\" content=\"image\/jpeg\" \/>\n<meta name=\"twitter:card\" content=\"summary_large_image\" \/>\n<meta name=\"twitter:title\" content=\"TEK, Deniz - Long Before Day -  (LP) | Guerssen\" \/>\n<meta name=\"twitter:label1\" content=\"Tiempo de lectura\" \/>\n\t<meta name=\"twitter:data1\" content=\"1 minuto\" \/>\n<script type=\"application\/ld+json\" class=\"yoast-schema-graph\">{\"@context\":\"https:\/\/schema.org\",\"@graph\":[{\"@type\":\"WebPage\",\"@id\":\"https:\/\/wpguerssen-test.odoo.rgbconsulting.com\/es\/producto\/long-before-day\/\",\"url\":\"https:\/\/wpguerssen-test.odoo.rgbconsulting.com\/es\/producto\/long-before-day\/\",\"name\":\"TEK, Deniz - Long Before Day - (LP) | Guerssen\",\"isPartOf\":{\"@id\":\"https:\/\/wpguerssen-test.odoo.rgbconsulting.com\/es\/#website\"},\"primaryImageOfPage\":{\"@id\":\"https:\/\/wpguerssen-test.odoo.rgbconsulting.com\/es\/producto\/long-before-day\/#primaryimage\"},\"image\":{\"@id\":\"https:\/\/wpguerssen-test.odoo.rgbconsulting.com\/es\/producto\/long-before-day\/#primaryimage\"},\"thumbnailUrl\":\"https:\/\/wpguerssen-test.odoo.rgbconsulting.com\/wp-content\/uploads\/2023\/02\/42425.jpg\",\"datePublished\":\"2022-12-04T23:00:00+00:00\",\"dateModified\":\"2025-02-21T12:58:40+00:00\",\"description\":\"Long Before Day is the new full length LP on Wild Honey Records from Deniz Tek, co-founder and chief songwriter of the Australian iconic band Radio Birdman and prolific solo artist. The new album features Deniz's vocals and signature guitar playing, complemented and interlaced with the guitar work of Anne Tek. The hard driving rhythm engine of veteran Bob Brown on bass and Keith Streng (from The Fleshtones) on drums provide a rock steady foundation, with \\\"roll\\\" included. The twelve all new and original songs cover a wide spectrum of tempo and emotion. Taking One For The Team evokes Exile period Stones. Truck and Roll channels Chuck Berry. Speak of Ice is an introspective dreamscape inspired by fourteenth century Persian poetry and Howlin' Wolf. Ain't Gonna (Stand for That) is a revolutionary anthem. Where is a soulful reckoning that the hour is late.Recorded on tape, Long Before Day evokes vintage sonic values. Old-school recording techniques bring spontaneity and a genuine live feel to the sessions.Long Before Day will certainly satisfy diehard fans of Deniz's guitar work, but also extends the art form in new and unexpected directions. It will find many new listeners among those who care for uncompromising authenticity.\",\"breadcrumb\":{\"@id\":\"https:\/\/wpguerssen-test.odoo.rgbconsulting.com\/es\/producto\/long-before-day\/#breadcrumb\"},\"inLanguage\":\"es\",\"potentialAction\":[{\"@type\":\"ReadAction\",\"target\":[\"https:\/\/wpguerssen-test.odoo.rgbconsulting.com\/es\/producto\/long-before-day\/\"]}]},{\"@type\":\"ImageObject\",\"inLanguage\":\"es\",\"@id\":\"https:\/\/wpguerssen-test.odoo.rgbconsulting.com\/es\/producto\/long-before-day\/#primaryimage\",\"url\":\"https:\/\/wpguerssen-test.odoo.rgbconsulting.com\/wp-content\/uploads\/2023\/02\/42425.jpg\",\"contentUrl\":\"https:\/\/wpguerssen-test.odoo.rgbconsulting.com\/wp-content\/uploads\/2023\/02\/42425.jpg\",\"width\":700,\"height\":700,\"caption\":\"Deniz - Long Before Day - WILD HONEY (LP) | Guerssen\"},{\"@type\":\"BreadcrumbList\",\"@id\":\"https:\/\/wpguerssen-test.odoo.rgbconsulting.com\/es\/producto\/long-before-day\/#breadcrumb\",\"itemListElement\":[{\"@type\":\"ListItem\",\"position\":1,\"name\":\"Inicio\",\"item\":\"https:\/\/wpguerssen-test.odoo.rgbconsulting.com\/es\/\"},{\"@type\":\"ListItem\",\"position\":2,\"name\":\"Shop\",\"item\":\"https:\/\/wpguerssen-test.odoo.rgbconsulting.com\/shop\/\"},{\"@type\":\"ListItem\",\"position\":3,\"name\":\"Long Before Day\"}]},{\"@type\":\"WebSite\",\"@id\":\"https:\/\/wpguerssen-test.odoo.rgbconsulting.com\/es\/#website\",\"url\":\"https:\/\/wpguerssen-test.odoo.rgbconsulting.com\/es\/\",\"name\":\"Guerssen records\",\"description\":\"psychedelia - progressive - folk - garage \",\"publisher\":{\"@id\":\"https:\/\/wpguerssen-test.odoo.rgbconsulting.com\/es\/#organization\"},\"potentialAction\":[{\"@type\":\"SearchAction\",\"target\":{\"@type\":\"EntryPoint\",\"urlTemplate\":\"https:\/\/wpguerssen-test.odoo.rgbconsulting.com\/es\/?s={search_term_string}\"},\"query-input\":{\"@type\":\"PropertyValueSpecification\",\"valueRequired\":true,\"valueName\":\"search_term_string\"}}],\"inLanguage\":\"es\"},{\"@type\":\"Organization\",\"@id\":\"https:\/\/wpguerssen-test.odoo.rgbconsulting.com\/es\/#organization\",\"name\":\"Guerssen records\",\"url\":\"https:\/\/wpguerssen-test.odoo.rgbconsulting.com\/es\/\",\"logo\":{\"@type\":\"ImageObject\",\"inLanguage\":\"es\",\"@id\":\"https:\/\/wpguerssen-test.odoo.rgbconsulting.com\/es\/#\/schema\/logo\/image\/\",\"url\":\"https:\/\/wpguerssen-test.odoo.rgbconsulting.com\/wp-content\/uploads\/2022\/04\/Logo_Guerssen_trans_100.png\",\"contentUrl\":\"https:\/\/wpguerssen-test.odoo.rgbconsulting.com\/wp-content\/uploads\/2022\/04\/Logo_Guerssen_trans_100.png\",\"width\":122,\"height\":100,\"caption\":\"Guerssen records\"},\"image\":{\"@id\":\"https:\/\/wpguerssen-test.odoo.rgbconsulting.com\/es\/#\/schema\/logo\/image\/\"}}]}<\/script>\n<!-- \/ Yoast SEO plugin. -->","yoast_head_json":{"title":"TEK, Deniz - Long Before Day -  (LP) | Guerssen","description":"Long Before Day is the new full length LP on Wild Honey Records from Deniz Tek, co-founder and chief songwriter of the Australian iconic band Radio Birdman and prolific solo artist. The new album features Deniz's vocals and signature guitar playing, complemented and interlaced with the guitar work of Anne Tek. The hard driving rhythm engine of veteran Bob Brown on bass and Keith Streng (from The Fleshtones) on drums provide a rock steady foundation, with \"roll\" included. The twelve all new and original songs cover a wide spectrum of tempo and emotion. Taking One For The Team evokes Exile period Stones. Truck and Roll channels Chuck Berry. Speak of Ice is an introspective dreamscape inspired by fourteenth century Persian poetry and Howlin' Wolf. Ain't Gonna (Stand for That) is a revolutionary anthem. Where is a soulful reckoning that the hour is late.Recorded on tape, Long Before Day evokes vintage sonic values. Old-school recording techniques bring spontaneity and a genuine live feel to the sessions.Long Before Day will certainly satisfy diehard fans of Deniz's guitar work, but also extends the art form in new and unexpected directions. It will find many new listeners among those who care for uncompromising authenticity.","robots":{"index":"index","follow":"follow","max-snippet":"max-snippet:-1","max-image-preview":"max-image-preview:large","max-video-preview":"max-video-preview:-1"},"canonical":"https:\/\/wpguerssen-test.odoo.rgbconsulting.com\/es\/producto\/long-before-day\/","og_locale":"es_ES","og_type":"article","og_title":"TEK, Deniz - Long Before Day -  (LP) | Guerssen","og_description":"Long Before Day is the new full length LP on Wild Honey Records from Deniz Tek, co-founder and chief songwriter of the Australian iconic band Radio Birdman and prolific solo artist. The new album features Deniz's vocals and signature guitar playing, complemented and interlaced with the guitar work of Anne Tek. The hard driving rhythm engine of veteran Bob Brown on bass and Keith Streng (from The Fleshtones) on drums provide a rock steady foundation, with \"roll\" included. The twelve all new and original songs cover a wide spectrum of tempo and emotion. Taking One For The Team evokes Exile period Stones. Truck and Roll channels Chuck Berry. Speak of Ice is an introspective dreamscape inspired by fourteenth century Persian poetry and Howlin' Wolf. Ain't Gonna (Stand for That) is a revolutionary anthem. Where is a soulful reckoning that the hour is late.Recorded on tape, Long Before Day evokes vintage sonic values. Old-school recording techniques bring spontaneity and a genuine live feel to the sessions.Long Before Day will certainly satisfy diehard fans of Deniz's guitar work, but also extends the art form in new and unexpected directions. It will find many new listeners among those who care for uncompromising authenticity.","og_url":"https:\/\/wpguerssen-test.odoo.rgbconsulting.com\/es\/producto\/long-before-day\/","og_site_name":"Guerssen records","article_modified_time":"2025-02-21T12:58:40+00:00","og_image":[{"width":700,"height":700,"url":"https:\/\/wpguerssen-test.odoo.rgbconsulting.com\/wp-content\/uploads\/2023\/02\/42425.jpg","type":"image\/jpeg"}],"twitter_card":"summary_large_image","twitter_title":"TEK, Deniz - Long Before Day -  (LP) | Guerssen","twitter_misc":{"Tiempo de lectura":"1 minuto"},"schema":{"@context":"https:\/\/schema.org","@graph":[{"@type":"WebPage","@id":"https:\/\/wpguerssen-test.odoo.rgbconsulting.com\/es\/producto\/long-before-day\/","url":"https:\/\/wpguerssen-test.odoo.rgbconsulting.com\/es\/producto\/long-before-day\/","name":"TEK, Deniz - Long Before Day - (LP) | Guerssen","isPartOf":{"@id":"https:\/\/wpguerssen-test.odoo.rgbconsulting.com\/es\/#website"},"primaryImageOfPage":{"@id":"https:\/\/wpguerssen-test.odoo.rgbconsulting.com\/es\/producto\/long-before-day\/#primaryimage"},"image":{"@id":"https:\/\/wpguerssen-test.odoo.rgbconsulting.com\/es\/producto\/long-before-day\/#primaryimage"},"thumbnailUrl":"https:\/\/wpguerssen-test.odoo.rgbconsulting.com\/wp-content\/uploads\/2023\/02\/42425.jpg","datePublished":"2022-12-04T23:00:00+00:00","dateModified":"2025-02-21T12:58:40+00:00","description":"Long Before Day is the new full length LP on Wild Honey Records from Deniz Tek, co-founder and chief songwriter of the Australian iconic band Radio Birdman and prolific solo artist. The new album features Deniz's vocals and signature guitar playing, complemented and interlaced with the guitar work of Anne Tek. The hard driving rhythm engine of veteran Bob Brown on bass and Keith Streng (from The Fleshtones) on drums provide a rock steady foundation, with \"roll\" included. The twelve all new and original songs cover a wide spectrum of tempo and emotion. Taking One For The Team evokes Exile period Stones. Truck and Roll channels Chuck Berry. Speak of Ice is an introspective dreamscape inspired by fourteenth century Persian poetry and Howlin' Wolf. Ain't Gonna (Stand for That) is a revolutionary anthem. Where is a soulful reckoning that the hour is late.Recorded on tape, Long Before Day evokes vintage sonic values. Old-school recording techniques bring spontaneity and a genuine live feel to the sessions.Long Before Day will certainly satisfy diehard fans of Deniz's guitar work, but also extends the art form in new and unexpected directions. It will find many new listeners among those who care for uncompromising authenticity.","breadcrumb":{"@id":"https:\/\/wpguerssen-test.odoo.rgbconsulting.com\/es\/producto\/long-before-day\/#breadcrumb"},"inLanguage":"es","potentialAction":[{"@type":"ReadAction","target":["https:\/\/wpguerssen-test.odoo.rgbconsulting.com\/es\/producto\/long-before-day\/"]}]},{"@type":"ImageObject","inLanguage":"es","@id":"https:\/\/wpguerssen-test.odoo.rgbconsulting.com\/es\/producto\/long-before-day\/#primaryimage","url":"https:\/\/wpguerssen-test.odoo.rgbconsulting.com\/wp-content\/uploads\/2023\/02\/42425.jpg","contentUrl":"https:\/\/wpguerssen-test.odoo.rgbconsulting.com\/wp-content\/uploads\/2023\/02\/42425.jpg","width":700,"height":700,"caption":"Deniz - Long Before Day - WILD HONEY (LP) | Guerssen"},{"@type":"BreadcrumbList","@id":"https:\/\/wpguerssen-test.odoo.rgbconsulting.com\/es\/producto\/long-before-day\/#breadcrumb","itemListElement":[{"@type":"ListItem","position":1,"name":"Inicio","item":"https:\/\/wpguerssen-test.odoo.rgbconsulting.com\/es\/"},{"@type":"ListItem","position":2,"name":"Shop","item":"https:\/\/wpguerssen-test.odoo.rgbconsulting.com\/shop\/"},{"@type":"ListItem","position":3,"name":"Long Before Day"}]},{"@type":"WebSite","@id":"https:\/\/wpguerssen-test.odoo.rgbconsulting.com\/es\/#website","url":"https:\/\/wpguerssen-test.odoo.rgbconsulting.com\/es\/","name":"Guerssen records","description":"psychedelia - progressive - folk - garage ","publisher":{"@id":"https:\/\/wpguerssen-test.odoo.rgbconsulting.com\/es\/#organization"},"potentialAction":[{"@type":"SearchAction","target":{"@type":"EntryPoint","urlTemplate":"https:\/\/wpguerssen-test.odoo.rgbconsulting.com\/es\/?s={search_term_string}"},"query-input":{"@type":"PropertyValueSpecification","valueRequired":true,"valueName":"search_term_string"}}],"inLanguage":"es"},{"@type":"Organization","@id":"https:\/\/wpguerssen-test.odoo.rgbconsulting.com\/es\/#organization","name":"Guerssen records","url":"https:\/\/wpguerssen-test.odoo.rgbconsulting.com\/es\/","logo":{"@type":"ImageObject","inLanguage":"es","@id":"https:\/\/wpguerssen-test.odoo.rgbconsulting.com\/es\/#\/schema\/logo\/image\/","url":"https:\/\/wpguerssen-test.odoo.rgbconsulting.com\/wp-content\/uploads\/2022\/04\/Logo_Guerssen_trans_100.png","contentUrl":"https:\/\/wpguerssen-test.odoo.rgbconsulting.com\/wp-content\/uploads\/2022\/04\/Logo_Guerssen_trans_100.png","width":122,"height":100,"caption":"Guerssen records"},"image":{"@id":"https:\/\/wpguerssen-test.odoo.rgbconsulting.com\/es\/#\/schema\/logo\/image\/"}}]}},"_links":{"self":[{"href":"https:\/\/wpguerssen-test.odoo.rgbconsulting.com\/es\/wp-json\/wp\/v2\/product\/222447","targetHints":{"allow":["GET"]}}],"collection":[{"href":"https:\/\/wpguerssen-test.odoo.rgbconsulting.com\/es\/wp-json\/wp\/v2\/product"}],"about":[{"href":"https:\/\/wpguerssen-test.odoo.rgbconsulting.com\/es\/wp-json\/wp\/v2\/types\/product"}],"wp:featuredmedia":[{"embeddable":true,"href":"https:\/\/wpguerssen-test.odoo.rgbconsulting.com\/es\/wp-json\/wp\/v2\/media\/226587"}],"wp:attachment":[{"href":"https:\/\/wpguerssen-test.odoo.rgbconsulting.com\/es\/wp-json\/wp\/v2\/media?parent=222447"}],"wp:term":[{"taxonomy":"product_brand","embeddable":true,"href":"https:\/\/wpguerssen-test.odoo.rgbconsulting.com\/es\/wp-json\/wp\/v2\/product_brand?post=222447"},{"taxonomy":"product_cat","embeddable":true,"href":"https:\/\/wpguerssen-test.odoo.rgbconsulting.com\/es\/wp-json\/wp\/v2\/product_cat?post=222447"},{"taxonomy":"product_tag","embeddable":true,"href":"https:\/\/wpguerssen-test.odoo.rgbconsulting.com\/es\/wp-json\/wp\/v2\/product_tag?post=222447"}],"curies":[{"name":"wp","href":"https:\/\/api.w.org\/{rel}","templated":true}]}}