{"id":222982,"date":"2019-10-01T00:00:00","date_gmt":"2019-09-30T22:00:00","guid":{"rendered":"https:\/\/wpguerssen-test.odoo.rgbconsulting.com\/product\/stepping-out-in-concert-1967-69-2lp7\/"},"modified":"2024-09-16T16:55:01","modified_gmt":"2024-09-16T14:55:01","slug":"stepping-out-in-concert-1967-69-2lp7","status":"publish","type":"product","link":"https:\/\/wpguerssen-test.odoo.rgbconsulting.com\/es\/producto\/stepping-out-in-concert-1967-69-2lp7\/","title":{"rendered":"Stepping Out. In Concert 1967-69 (2LP+7&#8243;)"},"content":{"rendered":"<p>Los Kaleidoscope americanos, pioneros de la fusi\u00f3n entre psicodelia Costa Oeste, folk-rock y sonidos orientales,con material in\u00e9dito grabado en directo entre 1967 y 1969. Se incluye adem\u00e1s un EP de 7&#8243; con outtakes y demos de material de su primer y legendario \u00e1lbum. <\/p>\n<p> Edici\u00f3n limitada y numerada de 300 copias. <\/p>\n<p> br>tracks 01-05: Diciembre 1967, Club 47, Cambridge, MA. (calidad de sonido casi excelente)<br \/>tracks 06-07: Julio 1968, Newport Folk Festival, Newport, RI. (calidad de sonido escelente)<br \/>tracks 08-09: Junio 1969, The Ash Grove, Los Angeles, CA. (calidad de sonido casi excelente)<br \/>tracks 10-11: Julio 1967, Fantasy Faire, Los Angeles, CA. (calidad de sonido no muy brillante pero aceptable).<\/p>\n","protected":false},"excerpt":{"rendered":"<p>Los Kaleidoscope americanos, pioneros de la fusi\u00f3n entre psicodelia Costa Oeste, folk-rock y sonidos orientales,con material in\u00e9dito grabado en directo entre 1967<a class=\"read\" href=\"https:\/\/wpguerssen-test.odoo.rgbconsulting.com\/es\/producto\/stepping-out-in-concert-1967-69-2lp7\/\"> (...)<\/a>","protected":false},"featured_media":225254,"template":"","meta":{"_acf_changed":false},"product_brand":[],"product_cat":[21639],"product_tag":[],"class_list":{"0":"post-222982","1":"product","2":"type-product","3":"status-publish","4":"has-post-thumbnail","6":"product_cat-psychedelic60s-70s-es","7":"pa_artist-kaleidoscope-usa","8":"pa_format-2lp-es","9":"pa_gender-psychedelic60s-70s","10":"pa_label-bacon-beacon-records","11":"pa_location-north-america-es","12":"pa_other-filters-vinyl-only-es","14":"first","15":"instock","16":"taxable","17":"shipping-taxable","18":"purchasable","19":"product-type-simple"},"acf":[],"yoast_head":"<!-- This site is optimized with the Yoast SEO plugin v24.9 - https:\/\/yoast.com\/wordpress\/plugins\/seo\/ -->\n<title>KALEIDOSCOPE (USA) - Stepping Out. In Concert 1967-69 (2LP+7&quot;) -  (2LP) | Guerssen<\/title>\n<meta name=\"description\" content=\"* everything on vinyl for the first time* exclusively designed 60&#039;s-poster-style silk-screened cover* hand numbered limited edition of 300 copies* insert with liner notes* 7&quot;-EP with exclusive Side-Trips-re-design-cover, hand numbered as well. #nl# Kaleidoscope from Los Angeles was one of the most amazing folk-rock\/psychedelia bands of the 60&#039;s - and their pioneering mixture of Middle-Eastern-folk and US-West-Coast-rock is the stuff of legends... Many people who have witnessed the band on stage agreed that Kaleidoscope&#039;s live performances were outstanding as all members of the band were virtuosi (and most of them still are, by the way)...Now you can hear that all those witnesses (Jimmy Page among them) were absolutely right! #nl# This deluxe double-LP includes songs from four different live-tapes recorded between 1967 and 1969, representing the first and second line-ups of the Kaleidoscope.Additionally this set includes a 7&quot;-EP with four out-takes and work-in-progress-versions from the time of their first album. #nl# 2xLP with selections from the following sources:tracks 01-05: December 1967, Club 47, Cambridge, MA. (close to excellent sound quality)tracks 06-07: July 1968, Newport Folk Festival, Newport, RI. (excellent sound quality)tracks 08-09: June 1969, The Ash Grove, Los Angeles, CA. (close to excellent sound quality)tracks 10-11: July 1967, Fantasy Faire, Los Angeles, CA. (not brilliant but listenable sound quality)\" \/>\n<meta name=\"robots\" content=\"index, follow, max-snippet:-1, max-image-preview:large, max-video-preview:-1\" \/>\n<link rel=\"canonical\" href=\"https:\/\/wpguerssen-test.odoo.rgbconsulting.com\/es\/producto\/stepping-out-in-concert-1967-69-2lp7\/\" \/>\n<meta property=\"og:locale\" content=\"es_ES\" \/>\n<meta property=\"og:type\" content=\"article\" \/>\n<meta property=\"og:title\" content=\"KALEIDOSCOPE (USA) - Stepping Out. In Concert 1967-69 (2LP+7&quot;) -  (2LP) | Guerssen\" \/>\n<meta property=\"og:description\" content=\"* everything on vinyl for the first time* exclusively designed 60&#039;s-poster-style silk-screened cover* hand numbered limited edition of 300 copies* insert with liner notes* 7&quot;-EP with exclusive Side-Trips-re-design-cover, hand numbered as well. #nl# Kaleidoscope from Los Angeles was one of the most amazing folk-rock\/psychedelia bands of the 60&#039;s - and their pioneering mixture of Middle-Eastern-folk and US-West-Coast-rock is the stuff of legends... Many people who have witnessed the band on stage agreed that Kaleidoscope&#039;s live performances were outstanding as all members of the band were virtuosi (and most of them still are, by the way)...Now you can hear that all those witnesses (Jimmy Page among them) were absolutely right! #nl# This deluxe double-LP includes songs from four different live-tapes recorded between 1967 and 1969, representing the first and second line-ups of the Kaleidoscope.Additionally this set includes a 7&quot;-EP with four out-takes and work-in-progress-versions from the time of their first album. #nl# 2xLP with selections from the following sources:tracks 01-05: December 1967, Club 47, Cambridge, MA. (close to excellent sound quality)tracks 06-07: July 1968, Newport Folk Festival, Newport, RI. (excellent sound quality)tracks 08-09: June 1969, The Ash Grove, Los Angeles, CA. (close to excellent sound quality)tracks 10-11: July 1967, Fantasy Faire, Los Angeles, CA. (not brilliant but listenable sound quality)\" \/>\n<meta property=\"og:url\" content=\"https:\/\/wpguerssen-test.odoo.rgbconsulting.com\/es\/producto\/stepping-out-in-concert-1967-69-2lp7\/\" \/>\n<meta property=\"og:site_name\" content=\"Guerssen records\" \/>\n<meta property=\"article:modified_time\" content=\"2024-09-16T14:55:01+00:00\" \/>\n<meta property=\"og:image\" content=\"https:\/\/wpguerssen-test.odoo.rgbconsulting.com\/wp-content\/uploads\/2023\/01\/35161.jpg\" \/>\n\t<meta property=\"og:image:width\" content=\"600\" \/>\n\t<meta property=\"og:image:height\" content=\"558\" \/>\n\t<meta property=\"og:image:type\" content=\"image\/jpeg\" \/>\n<meta name=\"twitter:card\" content=\"summary_large_image\" \/>\n<meta name=\"twitter:title\" content=\"KALEIDOSCOPE (USA) - Stepping Out. In Concert 1967-69 (2LP+7&quot;) -  (2LP) | Guerssen\" \/>\n<meta name=\"twitter:label1\" content=\"Tiempo de lectura\" \/>\n\t<meta name=\"twitter:data1\" content=\"1 minuto\" \/>\n<script type=\"application\/ld+json\" class=\"yoast-schema-graph\">{\"@context\":\"https:\/\/schema.org\",\"@graph\":[{\"@type\":\"WebPage\",\"@id\":\"https:\/\/wpguerssen-test.odoo.rgbconsulting.com\/es\/producto\/stepping-out-in-concert-1967-69-2lp7\/\",\"url\":\"https:\/\/wpguerssen-test.odoo.rgbconsulting.com\/es\/producto\/stepping-out-in-concert-1967-69-2lp7\/\",\"name\":\"KALEIDOSCOPE (USA) - Stepping Out. In Concert 1967-69 (2LP+7\\\") - (2LP) | Guerssen\",\"isPartOf\":{\"@id\":\"https:\/\/wpguerssen-test.odoo.rgbconsulting.com\/es\/#website\"},\"primaryImageOfPage\":{\"@id\":\"https:\/\/wpguerssen-test.odoo.rgbconsulting.com\/es\/producto\/stepping-out-in-concert-1967-69-2lp7\/#primaryimage\"},\"image\":{\"@id\":\"https:\/\/wpguerssen-test.odoo.rgbconsulting.com\/es\/producto\/stepping-out-in-concert-1967-69-2lp7\/#primaryimage\"},\"thumbnailUrl\":\"https:\/\/wpguerssen-test.odoo.rgbconsulting.com\/wp-content\/uploads\/2023\/01\/35161.jpg\",\"datePublished\":\"2019-09-30T22:00:00+00:00\",\"dateModified\":\"2024-09-16T14:55:01+00:00\",\"description\":\"* everything on vinyl for the first time* exclusively designed 60's-poster-style silk-screened cover* hand numbered limited edition of 300 copies* insert with liner notes* 7\\\"-EP with exclusive Side-Trips-re-design-cover, hand numbered as well. #nl# Kaleidoscope from Los Angeles was one of the most amazing folk-rock\/psychedelia bands of the 60's - and their pioneering mixture of Middle-Eastern-folk and US-West-Coast-rock is the stuff of legends... Many people who have witnessed the band on stage agreed that Kaleidoscope's live performances were outstanding as all members of the band were virtuosi (and most of them still are, by the way)...Now you can hear that all those witnesses (Jimmy Page among them) were absolutely right! #nl# This deluxe double-LP includes songs from four different live-tapes recorded between 1967 and 1969, representing the first and second line-ups of the Kaleidoscope.Additionally this set includes a 7\\\"-EP with four out-takes and work-in-progress-versions from the time of their first album. #nl# 2xLP with selections from the following sources:tracks 01-05: December 1967, Club 47, Cambridge, MA. (close to excellent sound quality)tracks 06-07: July 1968, Newport Folk Festival, Newport, RI. (excellent sound quality)tracks 08-09: June 1969, The Ash Grove, Los Angeles, CA. (close to excellent sound quality)tracks 10-11: July 1967, Fantasy Faire, Los Angeles, CA. (not brilliant but listenable sound quality)\",\"breadcrumb\":{\"@id\":\"https:\/\/wpguerssen-test.odoo.rgbconsulting.com\/es\/producto\/stepping-out-in-concert-1967-69-2lp7\/#breadcrumb\"},\"inLanguage\":\"es\",\"potentialAction\":[{\"@type\":\"ReadAction\",\"target\":[\"https:\/\/wpguerssen-test.odoo.rgbconsulting.com\/es\/producto\/stepping-out-in-concert-1967-69-2lp7\/\"]}]},{\"@type\":\"ImageObject\",\"inLanguage\":\"es\",\"@id\":\"https:\/\/wpguerssen-test.odoo.rgbconsulting.com\/es\/producto\/stepping-out-in-concert-1967-69-2lp7\/#primaryimage\",\"url\":\"https:\/\/wpguerssen-test.odoo.rgbconsulting.com\/wp-content\/uploads\/2023\/01\/35161.jpg\",\"contentUrl\":\"https:\/\/wpguerssen-test.odoo.rgbconsulting.com\/wp-content\/uploads\/2023\/01\/35161.jpg\",\"width\":600,\"height\":558},{\"@type\":\"BreadcrumbList\",\"@id\":\"https:\/\/wpguerssen-test.odoo.rgbconsulting.com\/es\/producto\/stepping-out-in-concert-1967-69-2lp7\/#breadcrumb\",\"itemListElement\":[{\"@type\":\"ListItem\",\"position\":1,\"name\":\"Inicio\",\"item\":\"https:\/\/wpguerssen-test.odoo.rgbconsulting.com\/es\/\"},{\"@type\":\"ListItem\",\"position\":2,\"name\":\"Shop\",\"item\":\"https:\/\/wpguerssen-test.odoo.rgbconsulting.com\/shop\/\"},{\"@type\":\"ListItem\",\"position\":3,\"name\":\"Stepping Out. In Concert 1967-69 (2LP+7&#8243;)\"}]},{\"@type\":\"WebSite\",\"@id\":\"https:\/\/wpguerssen-test.odoo.rgbconsulting.com\/es\/#website\",\"url\":\"https:\/\/wpguerssen-test.odoo.rgbconsulting.com\/es\/\",\"name\":\"Guerssen records\",\"description\":\"psychedelia - progressive - folk - garage \",\"publisher\":{\"@id\":\"https:\/\/wpguerssen-test.odoo.rgbconsulting.com\/es\/#organization\"},\"potentialAction\":[{\"@type\":\"SearchAction\",\"target\":{\"@type\":\"EntryPoint\",\"urlTemplate\":\"https:\/\/wpguerssen-test.odoo.rgbconsulting.com\/es\/?s={search_term_string}\"},\"query-input\":{\"@type\":\"PropertyValueSpecification\",\"valueRequired\":true,\"valueName\":\"search_term_string\"}}],\"inLanguage\":\"es\"},{\"@type\":\"Organization\",\"@id\":\"https:\/\/wpguerssen-test.odoo.rgbconsulting.com\/es\/#organization\",\"name\":\"Guerssen records\",\"url\":\"https:\/\/wpguerssen-test.odoo.rgbconsulting.com\/es\/\",\"logo\":{\"@type\":\"ImageObject\",\"inLanguage\":\"es\",\"@id\":\"https:\/\/wpguerssen-test.odoo.rgbconsulting.com\/es\/#\/schema\/logo\/image\/\",\"url\":\"https:\/\/wpguerssen-test.odoo.rgbconsulting.com\/wp-content\/uploads\/2022\/04\/Logo_Guerssen_trans_100.png\",\"contentUrl\":\"https:\/\/wpguerssen-test.odoo.rgbconsulting.com\/wp-content\/uploads\/2022\/04\/Logo_Guerssen_trans_100.png\",\"width\":122,\"height\":100,\"caption\":\"Guerssen records\"},\"image\":{\"@id\":\"https:\/\/wpguerssen-test.odoo.rgbconsulting.com\/es\/#\/schema\/logo\/image\/\"}}]}<\/script>\n<!-- \/ Yoast SEO plugin. -->","yoast_head_json":{"title":"KALEIDOSCOPE (USA) - Stepping Out. In Concert 1967-69 (2LP+7\") -  (2LP) | Guerssen","description":"* everything on vinyl for the first time* exclusively designed 60's-poster-style silk-screened cover* hand numbered limited edition of 300 copies* insert with liner notes* 7\"-EP with exclusive Side-Trips-re-design-cover, hand numbered as well. #nl# Kaleidoscope from Los Angeles was one of the most amazing folk-rock\/psychedelia bands of the 60's - and their pioneering mixture of Middle-Eastern-folk and US-West-Coast-rock is the stuff of legends... Many people who have witnessed the band on stage agreed that Kaleidoscope's live performances were outstanding as all members of the band were virtuosi (and most of them still are, by the way)...Now you can hear that all those witnesses (Jimmy Page among them) were absolutely right! #nl# This deluxe double-LP includes songs from four different live-tapes recorded between 1967 and 1969, representing the first and second line-ups of the Kaleidoscope.Additionally this set includes a 7\"-EP with four out-takes and work-in-progress-versions from the time of their first album. #nl# 2xLP with selections from the following sources:tracks 01-05: December 1967, Club 47, Cambridge, MA. (close to excellent sound quality)tracks 06-07: July 1968, Newport Folk Festival, Newport, RI. (excellent sound quality)tracks 08-09: June 1969, The Ash Grove, Los Angeles, CA. (close to excellent sound quality)tracks 10-11: July 1967, Fantasy Faire, Los Angeles, CA. (not brilliant but listenable sound quality)","robots":{"index":"index","follow":"follow","max-snippet":"max-snippet:-1","max-image-preview":"max-image-preview:large","max-video-preview":"max-video-preview:-1"},"canonical":"https:\/\/wpguerssen-test.odoo.rgbconsulting.com\/es\/producto\/stepping-out-in-concert-1967-69-2lp7\/","og_locale":"es_ES","og_type":"article","og_title":"KALEIDOSCOPE (USA) - Stepping Out. In Concert 1967-69 (2LP+7\") -  (2LP) | Guerssen","og_description":"* everything on vinyl for the first time* exclusively designed 60's-poster-style silk-screened cover* hand numbered limited edition of 300 copies* insert with liner notes* 7\"-EP with exclusive Side-Trips-re-design-cover, hand numbered as well. #nl# Kaleidoscope from Los Angeles was one of the most amazing folk-rock\/psychedelia bands of the 60's - and their pioneering mixture of Middle-Eastern-folk and US-West-Coast-rock is the stuff of legends... Many people who have witnessed the band on stage agreed that Kaleidoscope's live performances were outstanding as all members of the band were virtuosi (and most of them still are, by the way)...Now you can hear that all those witnesses (Jimmy Page among them) were absolutely right! #nl# This deluxe double-LP includes songs from four different live-tapes recorded between 1967 and 1969, representing the first and second line-ups of the Kaleidoscope.Additionally this set includes a 7\"-EP with four out-takes and work-in-progress-versions from the time of their first album. #nl# 2xLP with selections from the following sources:tracks 01-05: December 1967, Club 47, Cambridge, MA. (close to excellent sound quality)tracks 06-07: July 1968, Newport Folk Festival, Newport, RI. (excellent sound quality)tracks 08-09: June 1969, The Ash Grove, Los Angeles, CA. (close to excellent sound quality)tracks 10-11: July 1967, Fantasy Faire, Los Angeles, CA. (not brilliant but listenable sound quality)","og_url":"https:\/\/wpguerssen-test.odoo.rgbconsulting.com\/es\/producto\/stepping-out-in-concert-1967-69-2lp7\/","og_site_name":"Guerssen records","article_modified_time":"2024-09-16T14:55:01+00:00","og_image":[{"width":600,"height":558,"url":"https:\/\/wpguerssen-test.odoo.rgbconsulting.com\/wp-content\/uploads\/2023\/01\/35161.jpg","type":"image\/jpeg"}],"twitter_card":"summary_large_image","twitter_title":"KALEIDOSCOPE (USA) - Stepping Out. In Concert 1967-69 (2LP+7\") -  (2LP) | Guerssen","twitter_misc":{"Tiempo de lectura":"1 minuto"},"schema":{"@context":"https:\/\/schema.org","@graph":[{"@type":"WebPage","@id":"https:\/\/wpguerssen-test.odoo.rgbconsulting.com\/es\/producto\/stepping-out-in-concert-1967-69-2lp7\/","url":"https:\/\/wpguerssen-test.odoo.rgbconsulting.com\/es\/producto\/stepping-out-in-concert-1967-69-2lp7\/","name":"KALEIDOSCOPE (USA) - Stepping Out. In Concert 1967-69 (2LP+7\") - (2LP) | Guerssen","isPartOf":{"@id":"https:\/\/wpguerssen-test.odoo.rgbconsulting.com\/es\/#website"},"primaryImageOfPage":{"@id":"https:\/\/wpguerssen-test.odoo.rgbconsulting.com\/es\/producto\/stepping-out-in-concert-1967-69-2lp7\/#primaryimage"},"image":{"@id":"https:\/\/wpguerssen-test.odoo.rgbconsulting.com\/es\/producto\/stepping-out-in-concert-1967-69-2lp7\/#primaryimage"},"thumbnailUrl":"https:\/\/wpguerssen-test.odoo.rgbconsulting.com\/wp-content\/uploads\/2023\/01\/35161.jpg","datePublished":"2019-09-30T22:00:00+00:00","dateModified":"2024-09-16T14:55:01+00:00","description":"* everything on vinyl for the first time* exclusively designed 60's-poster-style silk-screened cover* hand numbered limited edition of 300 copies* insert with liner notes* 7\"-EP with exclusive Side-Trips-re-design-cover, hand numbered as well. #nl# Kaleidoscope from Los Angeles was one of the most amazing folk-rock\/psychedelia bands of the 60's - and their pioneering mixture of Middle-Eastern-folk and US-West-Coast-rock is the stuff of legends... Many people who have witnessed the band on stage agreed that Kaleidoscope's live performances were outstanding as all members of the band were virtuosi (and most of them still are, by the way)...Now you can hear that all those witnesses (Jimmy Page among them) were absolutely right! #nl# This deluxe double-LP includes songs from four different live-tapes recorded between 1967 and 1969, representing the first and second line-ups of the Kaleidoscope.Additionally this set includes a 7\"-EP with four out-takes and work-in-progress-versions from the time of their first album. #nl# 2xLP with selections from the following sources:tracks 01-05: December 1967, Club 47, Cambridge, MA. (close to excellent sound quality)tracks 06-07: July 1968, Newport Folk Festival, Newport, RI. (excellent sound quality)tracks 08-09: June 1969, The Ash Grove, Los Angeles, CA. (close to excellent sound quality)tracks 10-11: July 1967, Fantasy Faire, Los Angeles, CA. (not brilliant but listenable sound quality)","breadcrumb":{"@id":"https:\/\/wpguerssen-test.odoo.rgbconsulting.com\/es\/producto\/stepping-out-in-concert-1967-69-2lp7\/#breadcrumb"},"inLanguage":"es","potentialAction":[{"@type":"ReadAction","target":["https:\/\/wpguerssen-test.odoo.rgbconsulting.com\/es\/producto\/stepping-out-in-concert-1967-69-2lp7\/"]}]},{"@type":"ImageObject","inLanguage":"es","@id":"https:\/\/wpguerssen-test.odoo.rgbconsulting.com\/es\/producto\/stepping-out-in-concert-1967-69-2lp7\/#primaryimage","url":"https:\/\/wpguerssen-test.odoo.rgbconsulting.com\/wp-content\/uploads\/2023\/01\/35161.jpg","contentUrl":"https:\/\/wpguerssen-test.odoo.rgbconsulting.com\/wp-content\/uploads\/2023\/01\/35161.jpg","width":600,"height":558},{"@type":"BreadcrumbList","@id":"https:\/\/wpguerssen-test.odoo.rgbconsulting.com\/es\/producto\/stepping-out-in-concert-1967-69-2lp7\/#breadcrumb","itemListElement":[{"@type":"ListItem","position":1,"name":"Inicio","item":"https:\/\/wpguerssen-test.odoo.rgbconsulting.com\/es\/"},{"@type":"ListItem","position":2,"name":"Shop","item":"https:\/\/wpguerssen-test.odoo.rgbconsulting.com\/shop\/"},{"@type":"ListItem","position":3,"name":"Stepping Out. In Concert 1967-69 (2LP+7&#8243;)"}]},{"@type":"WebSite","@id":"https:\/\/wpguerssen-test.odoo.rgbconsulting.com\/es\/#website","url":"https:\/\/wpguerssen-test.odoo.rgbconsulting.com\/es\/","name":"Guerssen records","description":"psychedelia - progressive - folk - garage ","publisher":{"@id":"https:\/\/wpguerssen-test.odoo.rgbconsulting.com\/es\/#organization"},"potentialAction":[{"@type":"SearchAction","target":{"@type":"EntryPoint","urlTemplate":"https:\/\/wpguerssen-test.odoo.rgbconsulting.com\/es\/?s={search_term_string}"},"query-input":{"@type":"PropertyValueSpecification","valueRequired":true,"valueName":"search_term_string"}}],"inLanguage":"es"},{"@type":"Organization","@id":"https:\/\/wpguerssen-test.odoo.rgbconsulting.com\/es\/#organization","name":"Guerssen records","url":"https:\/\/wpguerssen-test.odoo.rgbconsulting.com\/es\/","logo":{"@type":"ImageObject","inLanguage":"es","@id":"https:\/\/wpguerssen-test.odoo.rgbconsulting.com\/es\/#\/schema\/logo\/image\/","url":"https:\/\/wpguerssen-test.odoo.rgbconsulting.com\/wp-content\/uploads\/2022\/04\/Logo_Guerssen_trans_100.png","contentUrl":"https:\/\/wpguerssen-test.odoo.rgbconsulting.com\/wp-content\/uploads\/2022\/04\/Logo_Guerssen_trans_100.png","width":122,"height":100,"caption":"Guerssen records"},"image":{"@id":"https:\/\/wpguerssen-test.odoo.rgbconsulting.com\/es\/#\/schema\/logo\/image\/"}}]}},"_links":{"self":[{"href":"https:\/\/wpguerssen-test.odoo.rgbconsulting.com\/es\/wp-json\/wp\/v2\/product\/222982","targetHints":{"allow":["GET"]}}],"collection":[{"href":"https:\/\/wpguerssen-test.odoo.rgbconsulting.com\/es\/wp-json\/wp\/v2\/product"}],"about":[{"href":"https:\/\/wpguerssen-test.odoo.rgbconsulting.com\/es\/wp-json\/wp\/v2\/types\/product"}],"wp:featuredmedia":[{"embeddable":true,"href":"https:\/\/wpguerssen-test.odoo.rgbconsulting.com\/es\/wp-json\/wp\/v2\/media\/225254"}],"wp:attachment":[{"href":"https:\/\/wpguerssen-test.odoo.rgbconsulting.com\/es\/wp-json\/wp\/v2\/media?parent=222982"}],"wp:term":[{"taxonomy":"product_brand","embeddable":true,"href":"https:\/\/wpguerssen-test.odoo.rgbconsulting.com\/es\/wp-json\/wp\/v2\/product_brand?post=222982"},{"taxonomy":"product_cat","embeddable":true,"href":"https:\/\/wpguerssen-test.odoo.rgbconsulting.com\/es\/wp-json\/wp\/v2\/product_cat?post=222982"},{"taxonomy":"product_tag","embeddable":true,"href":"https:\/\/wpguerssen-test.odoo.rgbconsulting.com\/es\/wp-json\/wp\/v2\/product_tag?post=222982"}],"curies":[{"name":"wp","href":"https:\/\/api.w.org\/{rel}","templated":true}]}}