{"id":223504,"date":"2023-01-23T00:00:00","date_gmt":"2023-01-22T23:00:00","guid":{"rendered":"https:\/\/wpguerssen-test.odoo.rgbconsulting.com\/product\/an-evening-with-dando-shaft-tp\/"},"modified":"2025-01-13T15:50:10","modified_gmt":"2025-01-13T14:50:10","slug":"an-evening-with-dando-shaft-tp","status":"publish","type":"product","link":"https:\/\/wpguerssen-test.odoo.rgbconsulting.com\/es\/producto\/an-evening-with-dando-shaft-tp\/","title":{"rendered":"An evening with Dando Shaft (TP)"},"content":{"rendered":"<p>Formado en la ciudad manufacturera de Coventry en West Midlands en 1968, el estimado grupo de folk psicod\u00e9lico Dando Shaft es venerado como influenciador clave de la l\u00ednea progresiva del revival folk de la d\u00e9cada de 1960, y la interacci\u00f3n de melod\u00edas en guitarra, mandolina y viol\u00edn hizo que su sonido fuera distintivo, gracias al l\u00edder Martin Jenkins, cuyas voces expresivas complementan sus l\u00edneas intrincadas, mientras que el bajo melodioso de Roger Bullen ayuda a lubricar el proceso. Grabado antes de que la presencia arm\u00f3nica de Polly Bolton cambiara el \u00e9nfasis de su producci\u00f3n, todos los devotos del folk progresivo deben escuchar esta obra maestra.<\/p>\n","protected":false},"excerpt":{"rendered":"<p>Formado en la ciudad manufacturera de Coventry en West Midlands en 1968, el estimado grupo de folk psicod\u00e9lico Dando Shaft es venerado como influenciador clave de<a class=\"read\" href=\"https:\/\/wpguerssen-test.odoo.rgbconsulting.com\/es\/producto\/an-evening-with-dando-shaft-tp\/\"> (...)<\/a>","protected":false},"featured_media":223400,"template":"","meta":{"_acf_changed":false},"product_brand":[],"product_cat":[21639,23274],"product_tag":[],"class_list":{"0":"post-223504","1":"product","2":"type-product","3":"status-publish","4":"has-post-thumbnail","6":"product_cat-psychedelic60s-70s-es","7":"product_cat-folk-rock-60s-70s-es","8":"pa_artist-dando-shaft-es","9":"pa_format-lp-es","10":"pa_gender-folk-rock-60s-70s-psychedelic60s-70s","11":"pa_label-trading-places","12":"pa_location-uk-ireland-es","13":"pa_other-filters-vinyl-only-es","15":"first","16":"instock","17":"taxable","18":"shipping-taxable","19":"purchasable","20":"product-type-simple"},"acf":[],"yoast_head":"<!-- This site is optimized with the Yoast SEO plugin v24.9 - https:\/\/yoast.com\/wordpress\/plugins\/seo\/ -->\n<title>DANDO SHAFT - An evening with Dando Shaft (TP) -  (LP) | Guerssen<\/title>\n<meta name=\"description\" content=\"Formed in the West Midlands manufacturing town of Coventry in 1968, esteemed psychedelic folk group Dando Shaft are revered as key influencers of the progressive strand of the 1960s folk revival, and the interplay of melodies on guitar, mandolin and violin made their sound distinctive, thanks to frontman Martin Jenkins, whose expressive vocals compliment his intricate lines, while Roger Bullen&#039;s melodious bass helps to lubricate the proceedings. Recorded before Polly Bolton&#039;s harmonic presence shifted the emphasis of their output, this masterwork is required listening for all progressive folk devotees.\" \/>\n<meta name=\"robots\" content=\"index, follow, max-snippet:-1, max-image-preview:large, max-video-preview:-1\" \/>\n<link rel=\"canonical\" href=\"https:\/\/wpguerssen-test.odoo.rgbconsulting.com\/es\/producto\/an-evening-with-dando-shaft-tp\/\" \/>\n<meta property=\"og:locale\" content=\"es_ES\" \/>\n<meta property=\"og:type\" content=\"article\" \/>\n<meta property=\"og:title\" content=\"DANDO SHAFT - An evening with Dando Shaft (TP) -  (LP) | Guerssen\" \/>\n<meta property=\"og:description\" content=\"Formed in the West Midlands manufacturing town of Coventry in 1968, esteemed psychedelic folk group Dando Shaft are revered as key influencers of the progressive strand of the 1960s folk revival, and the interplay of melodies on guitar, mandolin and violin made their sound distinctive, thanks to frontman Martin Jenkins, whose expressive vocals compliment his intricate lines, while Roger Bullen&#039;s melodious bass helps to lubricate the proceedings. Recorded before Polly Bolton&#039;s harmonic presence shifted the emphasis of their output, this masterwork is required listening for all progressive folk devotees.\" \/>\n<meta property=\"og:url\" content=\"https:\/\/wpguerssen-test.odoo.rgbconsulting.com\/es\/producto\/an-evening-with-dando-shaft-tp\/\" \/>\n<meta property=\"og:site_name\" content=\"Guerssen records\" \/>\n<meta property=\"article:modified_time\" content=\"2025-01-13T14:50:10+00:00\" \/>\n<meta property=\"og:image\" content=\"https:\/\/wpguerssen-test.odoo.rgbconsulting.com\/wp-content\/uploads\/2022\/12\/42469.jpg\" \/>\n\t<meta property=\"og:image:width\" content=\"271\" \/>\n\t<meta property=\"og:image:height\" content=\"274\" \/>\n\t<meta property=\"og:image:type\" content=\"image\/jpeg\" \/>\n<meta name=\"twitter:card\" content=\"summary_large_image\" \/>\n<meta name=\"twitter:title\" content=\"DANDO SHAFT - An evening with Dando Shaft (TP) -  (LP) | Guerssen\" \/>\n<meta name=\"twitter:label1\" content=\"Tiempo de lectura\" \/>\n\t<meta name=\"twitter:data1\" content=\"1 minuto\" \/>\n<script type=\"application\/ld+json\" class=\"yoast-schema-graph\">{\"@context\":\"https:\/\/schema.org\",\"@graph\":[{\"@type\":\"WebPage\",\"@id\":\"https:\/\/wpguerssen-test.odoo.rgbconsulting.com\/es\/producto\/an-evening-with-dando-shaft-tp\/\",\"url\":\"https:\/\/wpguerssen-test.odoo.rgbconsulting.com\/es\/producto\/an-evening-with-dando-shaft-tp\/\",\"name\":\"DANDO SHAFT - An evening with Dando Shaft (TP) - (LP) | Guerssen\",\"isPartOf\":{\"@id\":\"https:\/\/wpguerssen-test.odoo.rgbconsulting.com\/es\/#website\"},\"primaryImageOfPage\":{\"@id\":\"https:\/\/wpguerssen-test.odoo.rgbconsulting.com\/es\/producto\/an-evening-with-dando-shaft-tp\/#primaryimage\"},\"image\":{\"@id\":\"https:\/\/wpguerssen-test.odoo.rgbconsulting.com\/es\/producto\/an-evening-with-dando-shaft-tp\/#primaryimage\"},\"thumbnailUrl\":\"https:\/\/wpguerssen-test.odoo.rgbconsulting.com\/wp-content\/uploads\/2022\/12\/42469.jpg\",\"datePublished\":\"2023-01-22T23:00:00+00:00\",\"dateModified\":\"2025-01-13T14:50:10+00:00\",\"description\":\"Formed in the West Midlands manufacturing town of Coventry in 1968, esteemed psychedelic folk group Dando Shaft are revered as key influencers of the progressive strand of the 1960s folk revival, and the interplay of melodies on guitar, mandolin and violin made their sound distinctive, thanks to frontman Martin Jenkins, whose expressive vocals compliment his intricate lines, while Roger Bullen's melodious bass helps to lubricate the proceedings. Recorded before Polly Bolton's harmonic presence shifted the emphasis of their output, this masterwork is required listening for all progressive folk devotees.\",\"breadcrumb\":{\"@id\":\"https:\/\/wpguerssen-test.odoo.rgbconsulting.com\/es\/producto\/an-evening-with-dando-shaft-tp\/#breadcrumb\"},\"inLanguage\":\"es\",\"potentialAction\":[{\"@type\":\"ReadAction\",\"target\":[\"https:\/\/wpguerssen-test.odoo.rgbconsulting.com\/es\/producto\/an-evening-with-dando-shaft-tp\/\"]}]},{\"@type\":\"ImageObject\",\"inLanguage\":\"es\",\"@id\":\"https:\/\/wpguerssen-test.odoo.rgbconsulting.com\/es\/producto\/an-evening-with-dando-shaft-tp\/#primaryimage\",\"url\":\"https:\/\/wpguerssen-test.odoo.rgbconsulting.com\/wp-content\/uploads\/2022\/12\/42469.jpg\",\"contentUrl\":\"https:\/\/wpguerssen-test.odoo.rgbconsulting.com\/wp-content\/uploads\/2022\/12\/42469.jpg\",\"width\":271,\"height\":274},{\"@type\":\"BreadcrumbList\",\"@id\":\"https:\/\/wpguerssen-test.odoo.rgbconsulting.com\/es\/producto\/an-evening-with-dando-shaft-tp\/#breadcrumb\",\"itemListElement\":[{\"@type\":\"ListItem\",\"position\":1,\"name\":\"Inicio\",\"item\":\"https:\/\/wpguerssen-test.odoo.rgbconsulting.com\/es\/\"},{\"@type\":\"ListItem\",\"position\":2,\"name\":\"Shop\",\"item\":\"https:\/\/wpguerssen-test.odoo.rgbconsulting.com\/shop\/\"},{\"@type\":\"ListItem\",\"position\":3,\"name\":\"An evening with Dando Shaft (TP)\"}]},{\"@type\":\"WebSite\",\"@id\":\"https:\/\/wpguerssen-test.odoo.rgbconsulting.com\/es\/#website\",\"url\":\"https:\/\/wpguerssen-test.odoo.rgbconsulting.com\/es\/\",\"name\":\"Guerssen records\",\"description\":\"psychedelia - progressive - folk - garage \",\"publisher\":{\"@id\":\"https:\/\/wpguerssen-test.odoo.rgbconsulting.com\/es\/#organization\"},\"potentialAction\":[{\"@type\":\"SearchAction\",\"target\":{\"@type\":\"EntryPoint\",\"urlTemplate\":\"https:\/\/wpguerssen-test.odoo.rgbconsulting.com\/es\/?s={search_term_string}\"},\"query-input\":{\"@type\":\"PropertyValueSpecification\",\"valueRequired\":true,\"valueName\":\"search_term_string\"}}],\"inLanguage\":\"es\"},{\"@type\":\"Organization\",\"@id\":\"https:\/\/wpguerssen-test.odoo.rgbconsulting.com\/es\/#organization\",\"name\":\"Guerssen records\",\"url\":\"https:\/\/wpguerssen-test.odoo.rgbconsulting.com\/es\/\",\"logo\":{\"@type\":\"ImageObject\",\"inLanguage\":\"es\",\"@id\":\"https:\/\/wpguerssen-test.odoo.rgbconsulting.com\/es\/#\/schema\/logo\/image\/\",\"url\":\"https:\/\/wpguerssen-test.odoo.rgbconsulting.com\/wp-content\/uploads\/2022\/04\/Logo_Guerssen_trans_100.png\",\"contentUrl\":\"https:\/\/wpguerssen-test.odoo.rgbconsulting.com\/wp-content\/uploads\/2022\/04\/Logo_Guerssen_trans_100.png\",\"width\":122,\"height\":100,\"caption\":\"Guerssen records\"},\"image\":{\"@id\":\"https:\/\/wpguerssen-test.odoo.rgbconsulting.com\/es\/#\/schema\/logo\/image\/\"}}]}<\/script>\n<!-- \/ Yoast SEO plugin. -->","yoast_head_json":{"title":"DANDO SHAFT - An evening with Dando Shaft (TP) -  (LP) | Guerssen","description":"Formed in the West Midlands manufacturing town of Coventry in 1968, esteemed psychedelic folk group Dando Shaft are revered as key influencers of the progressive strand of the 1960s folk revival, and the interplay of melodies on guitar, mandolin and violin made their sound distinctive, thanks to frontman Martin Jenkins, whose expressive vocals compliment his intricate lines, while Roger Bullen's melodious bass helps to lubricate the proceedings. Recorded before Polly Bolton's harmonic presence shifted the emphasis of their output, this masterwork is required listening for all progressive folk devotees.","robots":{"index":"index","follow":"follow","max-snippet":"max-snippet:-1","max-image-preview":"max-image-preview:large","max-video-preview":"max-video-preview:-1"},"canonical":"https:\/\/wpguerssen-test.odoo.rgbconsulting.com\/es\/producto\/an-evening-with-dando-shaft-tp\/","og_locale":"es_ES","og_type":"article","og_title":"DANDO SHAFT - An evening with Dando Shaft (TP) -  (LP) | Guerssen","og_description":"Formed in the West Midlands manufacturing town of Coventry in 1968, esteemed psychedelic folk group Dando Shaft are revered as key influencers of the progressive strand of the 1960s folk revival, and the interplay of melodies on guitar, mandolin and violin made their sound distinctive, thanks to frontman Martin Jenkins, whose expressive vocals compliment his intricate lines, while Roger Bullen's melodious bass helps to lubricate the proceedings. Recorded before Polly Bolton's harmonic presence shifted the emphasis of their output, this masterwork is required listening for all progressive folk devotees.","og_url":"https:\/\/wpguerssen-test.odoo.rgbconsulting.com\/es\/producto\/an-evening-with-dando-shaft-tp\/","og_site_name":"Guerssen records","article_modified_time":"2025-01-13T14:50:10+00:00","og_image":[{"width":271,"height":274,"url":"https:\/\/wpguerssen-test.odoo.rgbconsulting.com\/wp-content\/uploads\/2022\/12\/42469.jpg","type":"image\/jpeg"}],"twitter_card":"summary_large_image","twitter_title":"DANDO SHAFT - An evening with Dando Shaft (TP) -  (LP) | Guerssen","twitter_misc":{"Tiempo de lectura":"1 minuto"},"schema":{"@context":"https:\/\/schema.org","@graph":[{"@type":"WebPage","@id":"https:\/\/wpguerssen-test.odoo.rgbconsulting.com\/es\/producto\/an-evening-with-dando-shaft-tp\/","url":"https:\/\/wpguerssen-test.odoo.rgbconsulting.com\/es\/producto\/an-evening-with-dando-shaft-tp\/","name":"DANDO SHAFT - An evening with Dando Shaft (TP) - (LP) | Guerssen","isPartOf":{"@id":"https:\/\/wpguerssen-test.odoo.rgbconsulting.com\/es\/#website"},"primaryImageOfPage":{"@id":"https:\/\/wpguerssen-test.odoo.rgbconsulting.com\/es\/producto\/an-evening-with-dando-shaft-tp\/#primaryimage"},"image":{"@id":"https:\/\/wpguerssen-test.odoo.rgbconsulting.com\/es\/producto\/an-evening-with-dando-shaft-tp\/#primaryimage"},"thumbnailUrl":"https:\/\/wpguerssen-test.odoo.rgbconsulting.com\/wp-content\/uploads\/2022\/12\/42469.jpg","datePublished":"2023-01-22T23:00:00+00:00","dateModified":"2025-01-13T14:50:10+00:00","description":"Formed in the West Midlands manufacturing town of Coventry in 1968, esteemed psychedelic folk group Dando Shaft are revered as key influencers of the progressive strand of the 1960s folk revival, and the interplay of melodies on guitar, mandolin and violin made their sound distinctive, thanks to frontman Martin Jenkins, whose expressive vocals compliment his intricate lines, while Roger Bullen's melodious bass helps to lubricate the proceedings. Recorded before Polly Bolton's harmonic presence shifted the emphasis of their output, this masterwork is required listening for all progressive folk devotees.","breadcrumb":{"@id":"https:\/\/wpguerssen-test.odoo.rgbconsulting.com\/es\/producto\/an-evening-with-dando-shaft-tp\/#breadcrumb"},"inLanguage":"es","potentialAction":[{"@type":"ReadAction","target":["https:\/\/wpguerssen-test.odoo.rgbconsulting.com\/es\/producto\/an-evening-with-dando-shaft-tp\/"]}]},{"@type":"ImageObject","inLanguage":"es","@id":"https:\/\/wpguerssen-test.odoo.rgbconsulting.com\/es\/producto\/an-evening-with-dando-shaft-tp\/#primaryimage","url":"https:\/\/wpguerssen-test.odoo.rgbconsulting.com\/wp-content\/uploads\/2022\/12\/42469.jpg","contentUrl":"https:\/\/wpguerssen-test.odoo.rgbconsulting.com\/wp-content\/uploads\/2022\/12\/42469.jpg","width":271,"height":274},{"@type":"BreadcrumbList","@id":"https:\/\/wpguerssen-test.odoo.rgbconsulting.com\/es\/producto\/an-evening-with-dando-shaft-tp\/#breadcrumb","itemListElement":[{"@type":"ListItem","position":1,"name":"Inicio","item":"https:\/\/wpguerssen-test.odoo.rgbconsulting.com\/es\/"},{"@type":"ListItem","position":2,"name":"Shop","item":"https:\/\/wpguerssen-test.odoo.rgbconsulting.com\/shop\/"},{"@type":"ListItem","position":3,"name":"An evening with Dando Shaft (TP)"}]},{"@type":"WebSite","@id":"https:\/\/wpguerssen-test.odoo.rgbconsulting.com\/es\/#website","url":"https:\/\/wpguerssen-test.odoo.rgbconsulting.com\/es\/","name":"Guerssen records","description":"psychedelia - progressive - folk - garage ","publisher":{"@id":"https:\/\/wpguerssen-test.odoo.rgbconsulting.com\/es\/#organization"},"potentialAction":[{"@type":"SearchAction","target":{"@type":"EntryPoint","urlTemplate":"https:\/\/wpguerssen-test.odoo.rgbconsulting.com\/es\/?s={search_term_string}"},"query-input":{"@type":"PropertyValueSpecification","valueRequired":true,"valueName":"search_term_string"}}],"inLanguage":"es"},{"@type":"Organization","@id":"https:\/\/wpguerssen-test.odoo.rgbconsulting.com\/es\/#organization","name":"Guerssen records","url":"https:\/\/wpguerssen-test.odoo.rgbconsulting.com\/es\/","logo":{"@type":"ImageObject","inLanguage":"es","@id":"https:\/\/wpguerssen-test.odoo.rgbconsulting.com\/es\/#\/schema\/logo\/image\/","url":"https:\/\/wpguerssen-test.odoo.rgbconsulting.com\/wp-content\/uploads\/2022\/04\/Logo_Guerssen_trans_100.png","contentUrl":"https:\/\/wpguerssen-test.odoo.rgbconsulting.com\/wp-content\/uploads\/2022\/04\/Logo_Guerssen_trans_100.png","width":122,"height":100,"caption":"Guerssen records"},"image":{"@id":"https:\/\/wpguerssen-test.odoo.rgbconsulting.com\/es\/#\/schema\/logo\/image\/"}}]}},"_links":{"self":[{"href":"https:\/\/wpguerssen-test.odoo.rgbconsulting.com\/es\/wp-json\/wp\/v2\/product\/223504","targetHints":{"allow":["GET"]}}],"collection":[{"href":"https:\/\/wpguerssen-test.odoo.rgbconsulting.com\/es\/wp-json\/wp\/v2\/product"}],"about":[{"href":"https:\/\/wpguerssen-test.odoo.rgbconsulting.com\/es\/wp-json\/wp\/v2\/types\/product"}],"wp:featuredmedia":[{"embeddable":true,"href":"https:\/\/wpguerssen-test.odoo.rgbconsulting.com\/es\/wp-json\/wp\/v2\/media\/223400"}],"wp:attachment":[{"href":"https:\/\/wpguerssen-test.odoo.rgbconsulting.com\/es\/wp-json\/wp\/v2\/media?parent=223504"}],"wp:term":[{"taxonomy":"product_brand","embeddable":true,"href":"https:\/\/wpguerssen-test.odoo.rgbconsulting.com\/es\/wp-json\/wp\/v2\/product_brand?post=223504"},{"taxonomy":"product_cat","embeddable":true,"href":"https:\/\/wpguerssen-test.odoo.rgbconsulting.com\/es\/wp-json\/wp\/v2\/product_cat?post=223504"},{"taxonomy":"product_tag","embeddable":true,"href":"https:\/\/wpguerssen-test.odoo.rgbconsulting.com\/es\/wp-json\/wp\/v2\/product_tag?post=223504"}],"curies":[{"name":"wp","href":"https:\/\/api.w.org\/{rel}","templated":true}]}}