{"id":223506,"date":"2023-01-23T00:00:00","date_gmt":"2023-01-22T23:00:00","guid":{"rendered":"https:\/\/wpguerssen-test.odoo.rgbconsulting.com\/product\/lantaloon-tp\/"},"modified":"2025-01-13T15:50:16","modified_gmt":"2025-01-13T14:50:16","slug":"lantaloon-tp","status":"publish","type":"product","link":"https:\/\/wpguerssen-test.odoo.rgbconsulting.com\/es\/producto\/lantaloon-tp\/","title":{"rendered":"Lantaloon (TP)"},"content":{"rendered":"<p>El tercer LP de Dando Shaft continu\u00f3 sus exploraciones en los hilos progresivos y psicod\u00e9licos del folk, ahora con firmas de tiempo cambiantes que evidencian una sofisticaci\u00f3n creciente, as\u00ed como un compromiso continuo con la experimentaci\u00f3n; Con un tema m\u00e1s variado que sus lanzamientos anteriores, hubo tonos de blues en algunos lugares y una variedad de nuevos instrumentos en la mezcla, incluidos el clavic\u00e9mbalo, el acorde\u00f3n y la guitarra slide, pero el folk progresivo que siempre estuvo en el centro del grupo sigue siendo intacto. Con copias originales que cuestan cientos, esta es otra exploraci\u00f3n digna para los fan\u00e1ticos de Dando Shaft y todos los amantes de la m\u00fasica folk progresiva.<\/p>\n","protected":false},"excerpt":{"rendered":"<p>El tercer LP de Dando Shaft continu\u00f3 sus exploraciones en los hilos progresivos y psicod\u00e9licos del folk, ahora con firmas de tiempo cambiantes que evidencian una<a class=\"read\" href=\"https:\/\/wpguerssen-test.odoo.rgbconsulting.com\/es\/producto\/lantaloon-tp\/\"> (...)<\/a>","protected":false},"featured_media":223406,"template":"","meta":{"_acf_changed":false},"product_brand":[],"product_cat":[21639,23274],"product_tag":[],"class_list":{"0":"post-223506","1":"product","2":"type-product","3":"status-publish","4":"has-post-thumbnail","6":"product_cat-psychedelic60s-70s-es","7":"product_cat-folk-rock-60s-70s-es","8":"pa_artist-dando-shaft-es","9":"pa_format-lp-es","10":"pa_gender-folk-rock-60s-70s-psychedelic60s-70s","11":"pa_label-trading-places","12":"pa_location-uk-ireland-es","13":"pa_other-filters-vinyl-only-es","15":"first","16":"instock","17":"taxable","18":"shipping-taxable","19":"purchasable","20":"product-type-simple"},"acf":[],"yoast_head":"<!-- This site is optimized with the Yoast SEO plugin v24.9 - https:\/\/yoast.com\/wordpress\/plugins\/seo\/ -->\n<title>DANDO SHAFT - Lantaloon (TP) -  (LP) | Guerssen<\/title>\n<meta name=\"description\" content=\"Dando Shaft&#039;s third LP continued their explorations into the progressive and psychedelic strands of folk, now with shifting time signatures evidencing an increasing sophistication, as well as an ongoing commitment to experimentation; more varied in theme than their previous releases, there were shades of blues in places and an array of new instruments in the mix, including harpsichord, accordion, and slide guitar, yet the progressive folk that was always at the core of the group is still intact. With original copies costing in the hundreds, this is another worthy exploration for Dando Shaft fans, and all lovers of progressive folk music.\" \/>\n<meta name=\"robots\" content=\"index, follow, max-snippet:-1, max-image-preview:large, max-video-preview:-1\" \/>\n<link rel=\"canonical\" href=\"https:\/\/wpguerssen-test.odoo.rgbconsulting.com\/es\/producto\/lantaloon-tp\/\" \/>\n<meta property=\"og:locale\" content=\"es_ES\" \/>\n<meta property=\"og:type\" content=\"article\" \/>\n<meta property=\"og:title\" content=\"DANDO SHAFT - Lantaloon (TP) -  (LP) | Guerssen\" \/>\n<meta property=\"og:description\" content=\"Dando Shaft&#039;s third LP continued their explorations into the progressive and psychedelic strands of folk, now with shifting time signatures evidencing an increasing sophistication, as well as an ongoing commitment to experimentation; more varied in theme than their previous releases, there were shades of blues in places and an array of new instruments in the mix, including harpsichord, accordion, and slide guitar, yet the progressive folk that was always at the core of the group is still intact. With original copies costing in the hundreds, this is another worthy exploration for Dando Shaft fans, and all lovers of progressive folk music.\" \/>\n<meta property=\"og:url\" content=\"https:\/\/wpguerssen-test.odoo.rgbconsulting.com\/es\/producto\/lantaloon-tp\/\" \/>\n<meta property=\"og:site_name\" content=\"Guerssen records\" \/>\n<meta property=\"article:modified_time\" content=\"2025-01-13T14:50:16+00:00\" \/>\n<meta property=\"og:image\" content=\"https:\/\/wpguerssen-test.odoo.rgbconsulting.com\/wp-content\/uploads\/2022\/12\/42471.jpg\" \/>\n\t<meta property=\"og:image:width\" content=\"281\" \/>\n\t<meta property=\"og:image:height\" content=\"286\" \/>\n\t<meta property=\"og:image:type\" content=\"image\/jpeg\" \/>\n<meta name=\"twitter:card\" content=\"summary_large_image\" \/>\n<meta name=\"twitter:title\" content=\"DANDO SHAFT - Lantaloon (TP) -  (LP) | Guerssen\" \/>\n<meta name=\"twitter:label1\" content=\"Tiempo de lectura\" \/>\n\t<meta name=\"twitter:data1\" content=\"1 minuto\" \/>\n<script type=\"application\/ld+json\" class=\"yoast-schema-graph\">{\"@context\":\"https:\/\/schema.org\",\"@graph\":[{\"@type\":\"WebPage\",\"@id\":\"https:\/\/wpguerssen-test.odoo.rgbconsulting.com\/es\/producto\/lantaloon-tp\/\",\"url\":\"https:\/\/wpguerssen-test.odoo.rgbconsulting.com\/es\/producto\/lantaloon-tp\/\",\"name\":\"DANDO SHAFT - Lantaloon (TP) - (LP) | Guerssen\",\"isPartOf\":{\"@id\":\"https:\/\/wpguerssen-test.odoo.rgbconsulting.com\/es\/#website\"},\"primaryImageOfPage\":{\"@id\":\"https:\/\/wpguerssen-test.odoo.rgbconsulting.com\/es\/producto\/lantaloon-tp\/#primaryimage\"},\"image\":{\"@id\":\"https:\/\/wpguerssen-test.odoo.rgbconsulting.com\/es\/producto\/lantaloon-tp\/#primaryimage\"},\"thumbnailUrl\":\"https:\/\/wpguerssen-test.odoo.rgbconsulting.com\/wp-content\/uploads\/2022\/12\/42471.jpg\",\"datePublished\":\"2023-01-22T23:00:00+00:00\",\"dateModified\":\"2025-01-13T14:50:16+00:00\",\"description\":\"Dando Shaft's third LP continued their explorations into the progressive and psychedelic strands of folk, now with shifting time signatures evidencing an increasing sophistication, as well as an ongoing commitment to experimentation; more varied in theme than their previous releases, there were shades of blues in places and an array of new instruments in the mix, including harpsichord, accordion, and slide guitar, yet the progressive folk that was always at the core of the group is still intact. With original copies costing in the hundreds, this is another worthy exploration for Dando Shaft fans, and all lovers of progressive folk music.\",\"breadcrumb\":{\"@id\":\"https:\/\/wpguerssen-test.odoo.rgbconsulting.com\/es\/producto\/lantaloon-tp\/#breadcrumb\"},\"inLanguage\":\"es\",\"potentialAction\":[{\"@type\":\"ReadAction\",\"target\":[\"https:\/\/wpguerssen-test.odoo.rgbconsulting.com\/es\/producto\/lantaloon-tp\/\"]}]},{\"@type\":\"ImageObject\",\"inLanguage\":\"es\",\"@id\":\"https:\/\/wpguerssen-test.odoo.rgbconsulting.com\/es\/producto\/lantaloon-tp\/#primaryimage\",\"url\":\"https:\/\/wpguerssen-test.odoo.rgbconsulting.com\/wp-content\/uploads\/2022\/12\/42471.jpg\",\"contentUrl\":\"https:\/\/wpguerssen-test.odoo.rgbconsulting.com\/wp-content\/uploads\/2022\/12\/42471.jpg\",\"width\":281,\"height\":286},{\"@type\":\"BreadcrumbList\",\"@id\":\"https:\/\/wpguerssen-test.odoo.rgbconsulting.com\/es\/producto\/lantaloon-tp\/#breadcrumb\",\"itemListElement\":[{\"@type\":\"ListItem\",\"position\":1,\"name\":\"Inicio\",\"item\":\"https:\/\/wpguerssen-test.odoo.rgbconsulting.com\/es\/\"},{\"@type\":\"ListItem\",\"position\":2,\"name\":\"Shop\",\"item\":\"https:\/\/wpguerssen-test.odoo.rgbconsulting.com\/shop\/\"},{\"@type\":\"ListItem\",\"position\":3,\"name\":\"Lantaloon (TP)\"}]},{\"@type\":\"WebSite\",\"@id\":\"https:\/\/wpguerssen-test.odoo.rgbconsulting.com\/es\/#website\",\"url\":\"https:\/\/wpguerssen-test.odoo.rgbconsulting.com\/es\/\",\"name\":\"Guerssen records\",\"description\":\"psychedelia - progressive - folk - garage \",\"publisher\":{\"@id\":\"https:\/\/wpguerssen-test.odoo.rgbconsulting.com\/es\/#organization\"},\"potentialAction\":[{\"@type\":\"SearchAction\",\"target\":{\"@type\":\"EntryPoint\",\"urlTemplate\":\"https:\/\/wpguerssen-test.odoo.rgbconsulting.com\/es\/?s={search_term_string}\"},\"query-input\":{\"@type\":\"PropertyValueSpecification\",\"valueRequired\":true,\"valueName\":\"search_term_string\"}}],\"inLanguage\":\"es\"},{\"@type\":\"Organization\",\"@id\":\"https:\/\/wpguerssen-test.odoo.rgbconsulting.com\/es\/#organization\",\"name\":\"Guerssen records\",\"url\":\"https:\/\/wpguerssen-test.odoo.rgbconsulting.com\/es\/\",\"logo\":{\"@type\":\"ImageObject\",\"inLanguage\":\"es\",\"@id\":\"https:\/\/wpguerssen-test.odoo.rgbconsulting.com\/es\/#\/schema\/logo\/image\/\",\"url\":\"https:\/\/wpguerssen-test.odoo.rgbconsulting.com\/wp-content\/uploads\/2022\/04\/Logo_Guerssen_trans_100.png\",\"contentUrl\":\"https:\/\/wpguerssen-test.odoo.rgbconsulting.com\/wp-content\/uploads\/2022\/04\/Logo_Guerssen_trans_100.png\",\"width\":122,\"height\":100,\"caption\":\"Guerssen records\"},\"image\":{\"@id\":\"https:\/\/wpguerssen-test.odoo.rgbconsulting.com\/es\/#\/schema\/logo\/image\/\"}}]}<\/script>\n<!-- \/ Yoast SEO plugin. -->","yoast_head_json":{"title":"DANDO SHAFT - Lantaloon (TP) -  (LP) | Guerssen","description":"Dando Shaft's third LP continued their explorations into the progressive and psychedelic strands of folk, now with shifting time signatures evidencing an increasing sophistication, as well as an ongoing commitment to experimentation; more varied in theme than their previous releases, there were shades of blues in places and an array of new instruments in the mix, including harpsichord, accordion, and slide guitar, yet the progressive folk that was always at the core of the group is still intact. With original copies costing in the hundreds, this is another worthy exploration for Dando Shaft fans, and all lovers of progressive folk music.","robots":{"index":"index","follow":"follow","max-snippet":"max-snippet:-1","max-image-preview":"max-image-preview:large","max-video-preview":"max-video-preview:-1"},"canonical":"https:\/\/wpguerssen-test.odoo.rgbconsulting.com\/es\/producto\/lantaloon-tp\/","og_locale":"es_ES","og_type":"article","og_title":"DANDO SHAFT - Lantaloon (TP) -  (LP) | Guerssen","og_description":"Dando Shaft's third LP continued their explorations into the progressive and psychedelic strands of folk, now with shifting time signatures evidencing an increasing sophistication, as well as an ongoing commitment to experimentation; more varied in theme than their previous releases, there were shades of blues in places and an array of new instruments in the mix, including harpsichord, accordion, and slide guitar, yet the progressive folk that was always at the core of the group is still intact. With original copies costing in the hundreds, this is another worthy exploration for Dando Shaft fans, and all lovers of progressive folk music.","og_url":"https:\/\/wpguerssen-test.odoo.rgbconsulting.com\/es\/producto\/lantaloon-tp\/","og_site_name":"Guerssen records","article_modified_time":"2025-01-13T14:50:16+00:00","og_image":[{"width":281,"height":286,"url":"https:\/\/wpguerssen-test.odoo.rgbconsulting.com\/wp-content\/uploads\/2022\/12\/42471.jpg","type":"image\/jpeg"}],"twitter_card":"summary_large_image","twitter_title":"DANDO SHAFT - Lantaloon (TP) -  (LP) | Guerssen","twitter_misc":{"Tiempo de lectura":"1 minuto"},"schema":{"@context":"https:\/\/schema.org","@graph":[{"@type":"WebPage","@id":"https:\/\/wpguerssen-test.odoo.rgbconsulting.com\/es\/producto\/lantaloon-tp\/","url":"https:\/\/wpguerssen-test.odoo.rgbconsulting.com\/es\/producto\/lantaloon-tp\/","name":"DANDO SHAFT - Lantaloon (TP) - (LP) | Guerssen","isPartOf":{"@id":"https:\/\/wpguerssen-test.odoo.rgbconsulting.com\/es\/#website"},"primaryImageOfPage":{"@id":"https:\/\/wpguerssen-test.odoo.rgbconsulting.com\/es\/producto\/lantaloon-tp\/#primaryimage"},"image":{"@id":"https:\/\/wpguerssen-test.odoo.rgbconsulting.com\/es\/producto\/lantaloon-tp\/#primaryimage"},"thumbnailUrl":"https:\/\/wpguerssen-test.odoo.rgbconsulting.com\/wp-content\/uploads\/2022\/12\/42471.jpg","datePublished":"2023-01-22T23:00:00+00:00","dateModified":"2025-01-13T14:50:16+00:00","description":"Dando Shaft's third LP continued their explorations into the progressive and psychedelic strands of folk, now with shifting time signatures evidencing an increasing sophistication, as well as an ongoing commitment to experimentation; more varied in theme than their previous releases, there were shades of blues in places and an array of new instruments in the mix, including harpsichord, accordion, and slide guitar, yet the progressive folk that was always at the core of the group is still intact. With original copies costing in the hundreds, this is another worthy exploration for Dando Shaft fans, and all lovers of progressive folk music.","breadcrumb":{"@id":"https:\/\/wpguerssen-test.odoo.rgbconsulting.com\/es\/producto\/lantaloon-tp\/#breadcrumb"},"inLanguage":"es","potentialAction":[{"@type":"ReadAction","target":["https:\/\/wpguerssen-test.odoo.rgbconsulting.com\/es\/producto\/lantaloon-tp\/"]}]},{"@type":"ImageObject","inLanguage":"es","@id":"https:\/\/wpguerssen-test.odoo.rgbconsulting.com\/es\/producto\/lantaloon-tp\/#primaryimage","url":"https:\/\/wpguerssen-test.odoo.rgbconsulting.com\/wp-content\/uploads\/2022\/12\/42471.jpg","contentUrl":"https:\/\/wpguerssen-test.odoo.rgbconsulting.com\/wp-content\/uploads\/2022\/12\/42471.jpg","width":281,"height":286},{"@type":"BreadcrumbList","@id":"https:\/\/wpguerssen-test.odoo.rgbconsulting.com\/es\/producto\/lantaloon-tp\/#breadcrumb","itemListElement":[{"@type":"ListItem","position":1,"name":"Inicio","item":"https:\/\/wpguerssen-test.odoo.rgbconsulting.com\/es\/"},{"@type":"ListItem","position":2,"name":"Shop","item":"https:\/\/wpguerssen-test.odoo.rgbconsulting.com\/shop\/"},{"@type":"ListItem","position":3,"name":"Lantaloon (TP)"}]},{"@type":"WebSite","@id":"https:\/\/wpguerssen-test.odoo.rgbconsulting.com\/es\/#website","url":"https:\/\/wpguerssen-test.odoo.rgbconsulting.com\/es\/","name":"Guerssen records","description":"psychedelia - progressive - folk - garage ","publisher":{"@id":"https:\/\/wpguerssen-test.odoo.rgbconsulting.com\/es\/#organization"},"potentialAction":[{"@type":"SearchAction","target":{"@type":"EntryPoint","urlTemplate":"https:\/\/wpguerssen-test.odoo.rgbconsulting.com\/es\/?s={search_term_string}"},"query-input":{"@type":"PropertyValueSpecification","valueRequired":true,"valueName":"search_term_string"}}],"inLanguage":"es"},{"@type":"Organization","@id":"https:\/\/wpguerssen-test.odoo.rgbconsulting.com\/es\/#organization","name":"Guerssen records","url":"https:\/\/wpguerssen-test.odoo.rgbconsulting.com\/es\/","logo":{"@type":"ImageObject","inLanguage":"es","@id":"https:\/\/wpguerssen-test.odoo.rgbconsulting.com\/es\/#\/schema\/logo\/image\/","url":"https:\/\/wpguerssen-test.odoo.rgbconsulting.com\/wp-content\/uploads\/2022\/04\/Logo_Guerssen_trans_100.png","contentUrl":"https:\/\/wpguerssen-test.odoo.rgbconsulting.com\/wp-content\/uploads\/2022\/04\/Logo_Guerssen_trans_100.png","width":122,"height":100,"caption":"Guerssen records"},"image":{"@id":"https:\/\/wpguerssen-test.odoo.rgbconsulting.com\/es\/#\/schema\/logo\/image\/"}}]}},"_links":{"self":[{"href":"https:\/\/wpguerssen-test.odoo.rgbconsulting.com\/es\/wp-json\/wp\/v2\/product\/223506","targetHints":{"allow":["GET"]}}],"collection":[{"href":"https:\/\/wpguerssen-test.odoo.rgbconsulting.com\/es\/wp-json\/wp\/v2\/product"}],"about":[{"href":"https:\/\/wpguerssen-test.odoo.rgbconsulting.com\/es\/wp-json\/wp\/v2\/types\/product"}],"wp:featuredmedia":[{"embeddable":true,"href":"https:\/\/wpguerssen-test.odoo.rgbconsulting.com\/es\/wp-json\/wp\/v2\/media\/223406"}],"wp:attachment":[{"href":"https:\/\/wpguerssen-test.odoo.rgbconsulting.com\/es\/wp-json\/wp\/v2\/media?parent=223506"}],"wp:term":[{"taxonomy":"product_brand","embeddable":true,"href":"https:\/\/wpguerssen-test.odoo.rgbconsulting.com\/es\/wp-json\/wp\/v2\/product_brand?post=223506"},{"taxonomy":"product_cat","embeddable":true,"href":"https:\/\/wpguerssen-test.odoo.rgbconsulting.com\/es\/wp-json\/wp\/v2\/product_cat?post=223506"},{"taxonomy":"product_tag","embeddable":true,"href":"https:\/\/wpguerssen-test.odoo.rgbconsulting.com\/es\/wp-json\/wp\/v2\/product_tag?post=223506"}],"curies":[{"name":"wp","href":"https:\/\/api.w.org\/{rel}","templated":true}]}}