{"id":224465,"date":"2021-05-05T00:00:00","date_gmt":"2021-05-04T22:00:00","guid":{"rendered":"https:\/\/wpguerssen-test.odoo.rgbconsulting.com\/product\/satori\/"},"modified":"2025-04-24T17:08:30","modified_gmt":"2025-04-24T15:08:30","slug":"satori","status":"publish","type":"product","link":"https:\/\/wpguerssen-test.odoo.rgbconsulting.com\/es\/producto\/satori\/","title":{"rendered":"Satori"},"content":{"rendered":"<p>Heavy psychedelic rock japon\u00e9s, mezclado con heavy blues rock. Este es su m\u00e1s cl\u00e1sico discos, con largos temas cargados de espirales de guitarra y furiosas voces.<\/p>\n","protected":false},"excerpt":{"rendered":"<p>Heavy psychedelic rock japon\u00e9s, mezclado con heavy blues rock. Este es su m\u00e1s cl\u00e1sico discos, con largos temas cargados de espirales de guitarra y furiosas voces.<\/p>\n","protected":false},"featured_media":224415,"template":"","meta":{"_acf_changed":false},"product_brand":[],"product_cat":[21639],"product_tag":[24190],"class_list":{"0":"post-224465","1":"product","2":"type-product","3":"status-publish","4":"has-post-thumbnail","6":"product_cat-psychedelic60s-70s-es","7":"product_tag-sales-es","8":"pa_artist-flower-travellin-band-es","9":"pa_format-lp-es","10":"pa_gender-psychedelic60s-70s","11":"pa_label-life-goes-on-records","12":"pa_location-asia-es","13":"pa_other-filters-vinyl-only-es","15":"first","16":"instock","17":"taxable","18":"shipping-taxable","19":"purchasable","20":"product-type-simple"},"acf":[],"yoast_head":"<!-- This site is optimized with the Yoast SEO plugin v24.9 - https:\/\/yoast.com\/wordpress\/plugins\/seo\/ -->\n<title>FLOWER TRAVELLIN&#039; BAND - Satori -  (LP) | Guerssen<\/title>\n<meta name=\"description\" content=\"Can you pick up a better iconic band than Japanese Flower Travellin&#039; Band? Have a look at Julian Cope Japrocksampler cover with the band bare naked wildly ridin&#039; on their wheels. Is any description more appropriate? A sense of freedom has always enhanced their music, a heavy rock manifesto clearly informed by british stalwarts. Their second album Satori has been released on Atlantic Japan in 1971 and still is a masterpiece on its own. The band was made up of Joe Yamanaka (vocals) - possibly an eastern version of Rob Tyner MC5 - Hideki Ishima (guitars), Jun Kobayashi (bass) and George Wada (drums). By the end of 1970, they had relocated to Toronto, Canada and lived there until March of 1972. In April 1973, the band split up, but they reunited in January 2008 with all original members joined by Nobuhiko\" \/>\n<meta name=\"robots\" content=\"index, follow, max-snippet:-1, max-image-preview:large, max-video-preview:-1\" \/>\n<link rel=\"canonical\" href=\"https:\/\/wpguerssen-test.odoo.rgbconsulting.com\/es\/producto\/satori\/\" \/>\n<meta property=\"og:locale\" content=\"es_ES\" \/>\n<meta property=\"og:type\" content=\"article\" \/>\n<meta property=\"og:title\" content=\"FLOWER TRAVELLIN&#039; BAND - Satori -  (LP) | Guerssen\" \/>\n<meta property=\"og:description\" content=\"Can you pick up a better iconic band than Japanese Flower Travellin&#039; Band? Have a look at Julian Cope Japrocksampler cover with the band bare naked wildly ridin&#039; on their wheels. Is any description more appropriate? A sense of freedom has always enhanced their music, a heavy rock manifesto clearly informed by british stalwarts. Their second album Satori has been released on Atlantic Japan in 1971 and still is a masterpiece on its own. The band was made up of Joe Yamanaka (vocals) - possibly an eastern version of Rob Tyner MC5 - Hideki Ishima (guitars), Jun Kobayashi (bass) and George Wada (drums). By the end of 1970, they had relocated to Toronto, Canada and lived there until March of 1972. In April 1973, the band split up, but they reunited in January 2008 with all original members joined by Nobuhiko\" \/>\n<meta property=\"og:url\" content=\"https:\/\/wpguerssen-test.odoo.rgbconsulting.com\/es\/producto\/satori\/\" \/>\n<meta property=\"og:site_name\" content=\"Guerssen records\" \/>\n<meta property=\"article:modified_time\" content=\"2025-04-24T15:08:30+00:00\" \/>\n<meta property=\"og:image\" content=\"https:\/\/wpguerssen-test.odoo.rgbconsulting.com\/wp-content\/uploads\/2023\/01\/38312.jpg\" \/>\n\t<meta property=\"og:image:width\" content=\"768\" \/>\n\t<meta property=\"og:image:height\" content=\"768\" \/>\n\t<meta property=\"og:image:type\" content=\"image\/jpeg\" \/>\n<meta name=\"twitter:card\" content=\"summary_large_image\" \/>\n<meta name=\"twitter:title\" content=\"FLOWER TRAVELLIN&#039; BAND - Satori -  (LP) | Guerssen\" \/>\n<script type=\"application\/ld+json\" class=\"yoast-schema-graph\">{\"@context\":\"https:\/\/schema.org\",\"@graph\":[{\"@type\":\"WebPage\",\"@id\":\"https:\/\/wpguerssen-test.odoo.rgbconsulting.com\/es\/producto\/satori\/\",\"url\":\"https:\/\/wpguerssen-test.odoo.rgbconsulting.com\/es\/producto\/satori\/\",\"name\":\"FLOWER TRAVELLIN' BAND - Satori - (LP) | Guerssen\",\"isPartOf\":{\"@id\":\"https:\/\/wpguerssen-test.odoo.rgbconsulting.com\/es\/#website\"},\"primaryImageOfPage\":{\"@id\":\"https:\/\/wpguerssen-test.odoo.rgbconsulting.com\/es\/producto\/satori\/#primaryimage\"},\"image\":{\"@id\":\"https:\/\/wpguerssen-test.odoo.rgbconsulting.com\/es\/producto\/satori\/#primaryimage\"},\"thumbnailUrl\":\"https:\/\/wpguerssen-test.odoo.rgbconsulting.com\/wp-content\/uploads\/2023\/01\/38312.jpg\",\"datePublished\":\"2021-05-04T22:00:00+00:00\",\"dateModified\":\"2025-04-24T15:08:30+00:00\",\"description\":\"Can you pick up a better iconic band than Japanese Flower Travellin' Band? Have a look at Julian Cope Japrocksampler cover with the band bare naked wildly ridin' on their wheels. Is any description more appropriate? A sense of freedom has always enhanced their music, a heavy rock manifesto clearly informed by british stalwarts. Their second album Satori has been released on Atlantic Japan in 1971 and still is a masterpiece on its own. The band was made up of Joe Yamanaka (vocals) - possibly an eastern version of Rob Tyner MC5 - Hideki Ishima (guitars), Jun Kobayashi (bass) and George Wada (drums). By the end of 1970, they had relocated to Toronto, Canada and lived there until March of 1972. In April 1973, the band split up, but they reunited in January 2008 with all original members joined by Nobuhiko\",\"breadcrumb\":{\"@id\":\"https:\/\/wpguerssen-test.odoo.rgbconsulting.com\/es\/producto\/satori\/#breadcrumb\"},\"inLanguage\":\"es\",\"potentialAction\":[{\"@type\":\"ReadAction\",\"target\":[\"https:\/\/wpguerssen-test.odoo.rgbconsulting.com\/es\/producto\/satori\/\"]}]},{\"@type\":\"ImageObject\",\"inLanguage\":\"es\",\"@id\":\"https:\/\/wpguerssen-test.odoo.rgbconsulting.com\/es\/producto\/satori\/#primaryimage\",\"url\":\"https:\/\/wpguerssen-test.odoo.rgbconsulting.com\/wp-content\/uploads\/2023\/01\/38312.jpg\",\"contentUrl\":\"https:\/\/wpguerssen-test.odoo.rgbconsulting.com\/wp-content\/uploads\/2023\/01\/38312.jpg\",\"width\":768,\"height\":768},{\"@type\":\"BreadcrumbList\",\"@id\":\"https:\/\/wpguerssen-test.odoo.rgbconsulting.com\/es\/producto\/satori\/#breadcrumb\",\"itemListElement\":[{\"@type\":\"ListItem\",\"position\":1,\"name\":\"Inicio\",\"item\":\"https:\/\/wpguerssen-test.odoo.rgbconsulting.com\/es\/\"},{\"@type\":\"ListItem\",\"position\":2,\"name\":\"Shop\",\"item\":\"https:\/\/wpguerssen-test.odoo.rgbconsulting.com\/shop\/\"},{\"@type\":\"ListItem\",\"position\":3,\"name\":\"Satori\"}]},{\"@type\":\"WebSite\",\"@id\":\"https:\/\/wpguerssen-test.odoo.rgbconsulting.com\/es\/#website\",\"url\":\"https:\/\/wpguerssen-test.odoo.rgbconsulting.com\/es\/\",\"name\":\"Guerssen records\",\"description\":\"psychedelia - progressive - folk - garage \",\"publisher\":{\"@id\":\"https:\/\/wpguerssen-test.odoo.rgbconsulting.com\/es\/#organization\"},\"potentialAction\":[{\"@type\":\"SearchAction\",\"target\":{\"@type\":\"EntryPoint\",\"urlTemplate\":\"https:\/\/wpguerssen-test.odoo.rgbconsulting.com\/es\/?s={search_term_string}\"},\"query-input\":{\"@type\":\"PropertyValueSpecification\",\"valueRequired\":true,\"valueName\":\"search_term_string\"}}],\"inLanguage\":\"es\"},{\"@type\":\"Organization\",\"@id\":\"https:\/\/wpguerssen-test.odoo.rgbconsulting.com\/es\/#organization\",\"name\":\"Guerssen records\",\"url\":\"https:\/\/wpguerssen-test.odoo.rgbconsulting.com\/es\/\",\"logo\":{\"@type\":\"ImageObject\",\"inLanguage\":\"es\",\"@id\":\"https:\/\/wpguerssen-test.odoo.rgbconsulting.com\/es\/#\/schema\/logo\/image\/\",\"url\":\"https:\/\/wpguerssen-test.odoo.rgbconsulting.com\/wp-content\/uploads\/2022\/04\/Logo_Guerssen_trans_100.png\",\"contentUrl\":\"https:\/\/wpguerssen-test.odoo.rgbconsulting.com\/wp-content\/uploads\/2022\/04\/Logo_Guerssen_trans_100.png\",\"width\":122,\"height\":100,\"caption\":\"Guerssen records\"},\"image\":{\"@id\":\"https:\/\/wpguerssen-test.odoo.rgbconsulting.com\/es\/#\/schema\/logo\/image\/\"}}]}<\/script>\n<!-- \/ Yoast SEO plugin. -->","yoast_head_json":{"title":"FLOWER TRAVELLIN' BAND - Satori -  (LP) | Guerssen","description":"Can you pick up a better iconic band than Japanese Flower Travellin' Band? Have a look at Julian Cope Japrocksampler cover with the band bare naked wildly ridin' on their wheels. Is any description more appropriate? A sense of freedom has always enhanced their music, a heavy rock manifesto clearly informed by british stalwarts. Their second album Satori has been released on Atlantic Japan in 1971 and still is a masterpiece on its own. The band was made up of Joe Yamanaka (vocals) - possibly an eastern version of Rob Tyner MC5 - Hideki Ishima (guitars), Jun Kobayashi (bass) and George Wada (drums). By the end of 1970, they had relocated to Toronto, Canada and lived there until March of 1972. In April 1973, the band split up, but they reunited in January 2008 with all original members joined by Nobuhiko","robots":{"index":"index","follow":"follow","max-snippet":"max-snippet:-1","max-image-preview":"max-image-preview:large","max-video-preview":"max-video-preview:-1"},"canonical":"https:\/\/wpguerssen-test.odoo.rgbconsulting.com\/es\/producto\/satori\/","og_locale":"es_ES","og_type":"article","og_title":"FLOWER TRAVELLIN' BAND - Satori -  (LP) | Guerssen","og_description":"Can you pick up a better iconic band than Japanese Flower Travellin' Band? Have a look at Julian Cope Japrocksampler cover with the band bare naked wildly ridin' on their wheels. Is any description more appropriate? A sense of freedom has always enhanced their music, a heavy rock manifesto clearly informed by british stalwarts. Their second album Satori has been released on Atlantic Japan in 1971 and still is a masterpiece on its own. The band was made up of Joe Yamanaka (vocals) - possibly an eastern version of Rob Tyner MC5 - Hideki Ishima (guitars), Jun Kobayashi (bass) and George Wada (drums). By the end of 1970, they had relocated to Toronto, Canada and lived there until March of 1972. In April 1973, the band split up, but they reunited in January 2008 with all original members joined by Nobuhiko","og_url":"https:\/\/wpguerssen-test.odoo.rgbconsulting.com\/es\/producto\/satori\/","og_site_name":"Guerssen records","article_modified_time":"2025-04-24T15:08:30+00:00","og_image":[{"width":768,"height":768,"url":"https:\/\/wpguerssen-test.odoo.rgbconsulting.com\/wp-content\/uploads\/2023\/01\/38312.jpg","type":"image\/jpeg"}],"twitter_card":"summary_large_image","twitter_title":"FLOWER TRAVELLIN' BAND - Satori -  (LP) | Guerssen","schema":{"@context":"https:\/\/schema.org","@graph":[{"@type":"WebPage","@id":"https:\/\/wpguerssen-test.odoo.rgbconsulting.com\/es\/producto\/satori\/","url":"https:\/\/wpguerssen-test.odoo.rgbconsulting.com\/es\/producto\/satori\/","name":"FLOWER TRAVELLIN' BAND - Satori - (LP) | Guerssen","isPartOf":{"@id":"https:\/\/wpguerssen-test.odoo.rgbconsulting.com\/es\/#website"},"primaryImageOfPage":{"@id":"https:\/\/wpguerssen-test.odoo.rgbconsulting.com\/es\/producto\/satori\/#primaryimage"},"image":{"@id":"https:\/\/wpguerssen-test.odoo.rgbconsulting.com\/es\/producto\/satori\/#primaryimage"},"thumbnailUrl":"https:\/\/wpguerssen-test.odoo.rgbconsulting.com\/wp-content\/uploads\/2023\/01\/38312.jpg","datePublished":"2021-05-04T22:00:00+00:00","dateModified":"2025-04-24T15:08:30+00:00","description":"Can you pick up a better iconic band than Japanese Flower Travellin' Band? Have a look at Julian Cope Japrocksampler cover with the band bare naked wildly ridin' on their wheels. Is any description more appropriate? A sense of freedom has always enhanced their music, a heavy rock manifesto clearly informed by british stalwarts. Their second album Satori has been released on Atlantic Japan in 1971 and still is a masterpiece on its own. The band was made up of Joe Yamanaka (vocals) - possibly an eastern version of Rob Tyner MC5 - Hideki Ishima (guitars), Jun Kobayashi (bass) and George Wada (drums). By the end of 1970, they had relocated to Toronto, Canada and lived there until March of 1972. In April 1973, the band split up, but they reunited in January 2008 with all original members joined by Nobuhiko","breadcrumb":{"@id":"https:\/\/wpguerssen-test.odoo.rgbconsulting.com\/es\/producto\/satori\/#breadcrumb"},"inLanguage":"es","potentialAction":[{"@type":"ReadAction","target":["https:\/\/wpguerssen-test.odoo.rgbconsulting.com\/es\/producto\/satori\/"]}]},{"@type":"ImageObject","inLanguage":"es","@id":"https:\/\/wpguerssen-test.odoo.rgbconsulting.com\/es\/producto\/satori\/#primaryimage","url":"https:\/\/wpguerssen-test.odoo.rgbconsulting.com\/wp-content\/uploads\/2023\/01\/38312.jpg","contentUrl":"https:\/\/wpguerssen-test.odoo.rgbconsulting.com\/wp-content\/uploads\/2023\/01\/38312.jpg","width":768,"height":768},{"@type":"BreadcrumbList","@id":"https:\/\/wpguerssen-test.odoo.rgbconsulting.com\/es\/producto\/satori\/#breadcrumb","itemListElement":[{"@type":"ListItem","position":1,"name":"Inicio","item":"https:\/\/wpguerssen-test.odoo.rgbconsulting.com\/es\/"},{"@type":"ListItem","position":2,"name":"Shop","item":"https:\/\/wpguerssen-test.odoo.rgbconsulting.com\/shop\/"},{"@type":"ListItem","position":3,"name":"Satori"}]},{"@type":"WebSite","@id":"https:\/\/wpguerssen-test.odoo.rgbconsulting.com\/es\/#website","url":"https:\/\/wpguerssen-test.odoo.rgbconsulting.com\/es\/","name":"Guerssen records","description":"psychedelia - progressive - folk - garage ","publisher":{"@id":"https:\/\/wpguerssen-test.odoo.rgbconsulting.com\/es\/#organization"},"potentialAction":[{"@type":"SearchAction","target":{"@type":"EntryPoint","urlTemplate":"https:\/\/wpguerssen-test.odoo.rgbconsulting.com\/es\/?s={search_term_string}"},"query-input":{"@type":"PropertyValueSpecification","valueRequired":true,"valueName":"search_term_string"}}],"inLanguage":"es"},{"@type":"Organization","@id":"https:\/\/wpguerssen-test.odoo.rgbconsulting.com\/es\/#organization","name":"Guerssen records","url":"https:\/\/wpguerssen-test.odoo.rgbconsulting.com\/es\/","logo":{"@type":"ImageObject","inLanguage":"es","@id":"https:\/\/wpguerssen-test.odoo.rgbconsulting.com\/es\/#\/schema\/logo\/image\/","url":"https:\/\/wpguerssen-test.odoo.rgbconsulting.com\/wp-content\/uploads\/2022\/04\/Logo_Guerssen_trans_100.png","contentUrl":"https:\/\/wpguerssen-test.odoo.rgbconsulting.com\/wp-content\/uploads\/2022\/04\/Logo_Guerssen_trans_100.png","width":122,"height":100,"caption":"Guerssen records"},"image":{"@id":"https:\/\/wpguerssen-test.odoo.rgbconsulting.com\/es\/#\/schema\/logo\/image\/"}}]}},"_links":{"self":[{"href":"https:\/\/wpguerssen-test.odoo.rgbconsulting.com\/es\/wp-json\/wp\/v2\/product\/224465","targetHints":{"allow":["GET"]}}],"collection":[{"href":"https:\/\/wpguerssen-test.odoo.rgbconsulting.com\/es\/wp-json\/wp\/v2\/product"}],"about":[{"href":"https:\/\/wpguerssen-test.odoo.rgbconsulting.com\/es\/wp-json\/wp\/v2\/types\/product"}],"wp:featuredmedia":[{"embeddable":true,"href":"https:\/\/wpguerssen-test.odoo.rgbconsulting.com\/es\/wp-json\/wp\/v2\/media\/224415"}],"wp:attachment":[{"href":"https:\/\/wpguerssen-test.odoo.rgbconsulting.com\/es\/wp-json\/wp\/v2\/media?parent=224465"}],"wp:term":[{"taxonomy":"product_brand","embeddable":true,"href":"https:\/\/wpguerssen-test.odoo.rgbconsulting.com\/es\/wp-json\/wp\/v2\/product_brand?post=224465"},{"taxonomy":"product_cat","embeddable":true,"href":"https:\/\/wpguerssen-test.odoo.rgbconsulting.com\/es\/wp-json\/wp\/v2\/product_cat?post=224465"},{"taxonomy":"product_tag","embeddable":true,"href":"https:\/\/wpguerssen-test.odoo.rgbconsulting.com\/es\/wp-json\/wp\/v2\/product_tag?post=224465"}],"curies":[{"name":"wp","href":"https:\/\/api.w.org\/{rel}","templated":true}]}}