{"id":224469,"date":"2023-01-23T00:00:00","date_gmt":"2023-01-22T23:00:00","guid":{"rendered":"https:\/\/wpguerssen-test.odoo.rgbconsulting.com\/product\/tu-sueno-es-mi-sueno-tu-grito-es-mi-canto\/"},"modified":"2024-02-21T15:30:45","modified_gmt":"2024-02-21T14:30:45","slug":"tu-sueno-es-mi-sueno-tu-grito-es-mi-canto","status":"publish","type":"product","link":"https:\/\/wpguerssen-test.odoo.rgbconsulting.com\/es\/producto\/tu-sueno-es-mi-sueno-tu-grito-es-mi-canto\/","title":{"rendered":"Tu Sue\u00f1o Es Mi Sue\u00f1o, Tu Grito Es Mi Canto"},"content":{"rendered":"<p>\u00abTu sue\u00f1o es mi sue\u00f1o, tu grito es mi canto\u00bb (1973), el segundo disco de Amerindios se publica ahora en vinilo, \u00a1de los masters originales de IRT!<\/p>\n","protected":false},"excerpt":{"rendered":"<p>\u00abTu sue\u00f1o es mi sue\u00f1o, tu grito es mi canto\u00bb (1973), el segundo disco de Amerindios se publica ahora en vinilo, \u00a1de los masters originales de IRT!<\/p>\n","protected":false},"featured_media":225031,"template":"","meta":{"_acf_changed":false},"product_brand":[],"product_cat":[21639],"product_tag":[],"class_list":{"0":"post-224469","1":"product","2":"type-product","3":"status-publish","4":"has-post-thumbnail","6":"product_cat-psychedelic60s-70s-es","7":"pa_artist-amerindios","8":"pa_format-lp-es","9":"pa_gender-psychedelic60s-70s","10":"pa_label-me","11":"pa_location-south-america-caribbean-es","12":"pa_other-filters-vinyl-only-es","14":"first","15":"instock","16":"taxable","17":"shipping-taxable","18":"purchasable","19":"product-type-simple"},"acf":[],"yoast_head":"<!-- This site is optimized with the Yoast SEO plugin v24.9 - https:\/\/yoast.com\/wordpress\/plugins\/seo\/ -->\n<title>AMERINDIOS - Tu Sue\u00f1o Es Mi Sue\u00f1o, Tu Grito Es Mi Canto -  (LP) | Guerssen<\/title>\n<meta name=\"description\" content=\"&quot;Tu sue\u00f1o es mi sue\u00f1o, tu grito es mi canto&quot; (1973), the second album by Amerindios is released now on vinyl, from the original IRT masters! The album was released on the alternative IRT Label Machitun, LPVE -6851. Includes the song &quot;A pie camino&quot; the last song broadcasted by radio Magallanes and Corporaci\u00f3n on the day of the Pinochet coup the state on September 11, 1973. Also included is the song &quot;Mi r\u00edo&quot; winner of the Vi\u00f1a del mar festival in February 1973.\" \/>\n<meta name=\"robots\" content=\"index, follow, max-snippet:-1, max-image-preview:large, max-video-preview:-1\" \/>\n<link rel=\"canonical\" href=\"https:\/\/wpguerssen-test.odoo.rgbconsulting.com\/es\/producto\/tu-sueno-es-mi-sueno-tu-grito-es-mi-canto\/\" \/>\n<meta property=\"og:locale\" content=\"es_ES\" \/>\n<meta property=\"og:type\" content=\"article\" \/>\n<meta property=\"og:title\" content=\"AMERINDIOS - Tu Sue\u00f1o Es Mi Sue\u00f1o, Tu Grito Es Mi Canto -  (LP) | Guerssen\" \/>\n<meta property=\"og:description\" content=\"&quot;Tu sue\u00f1o es mi sue\u00f1o, tu grito es mi canto&quot; (1973), the second album by Amerindios is released now on vinyl, from the original IRT masters! The album was released on the alternative IRT Label Machitun, LPVE -6851. Includes the song &quot;A pie camino&quot; the last song broadcasted by radio Magallanes and Corporaci\u00f3n on the day of the Pinochet coup the state on September 11, 1973. Also included is the song &quot;Mi r\u00edo&quot; winner of the Vi\u00f1a del mar festival in February 1973.\" \/>\n<meta property=\"og:url\" content=\"https:\/\/wpguerssen-test.odoo.rgbconsulting.com\/es\/producto\/tu-sueno-es-mi-sueno-tu-grito-es-mi-canto\/\" \/>\n<meta property=\"og:site_name\" content=\"Guerssen records\" \/>\n<meta property=\"article:modified_time\" content=\"2024-02-21T14:30:45+00:00\" \/>\n<meta property=\"og:image\" content=\"https:\/\/wpguerssen-test.odoo.rgbconsulting.com\/wp-content\/uploads\/2023\/01\/42543.jpg\" \/>\n\t<meta property=\"og:image:width\" content=\"600\" \/>\n\t<meta property=\"og:image:height\" content=\"600\" \/>\n\t<meta property=\"og:image:type\" content=\"image\/jpeg\" \/>\n<meta name=\"twitter:card\" content=\"summary_large_image\" \/>\n<meta name=\"twitter:title\" content=\"AMERINDIOS - Tu Sue\u00f1o Es Mi Sue\u00f1o, Tu Grito Es Mi Canto -  (LP) | Guerssen\" \/>\n<script type=\"application\/ld+json\" class=\"yoast-schema-graph\">{\"@context\":\"https:\/\/schema.org\",\"@graph\":[{\"@type\":\"WebPage\",\"@id\":\"https:\/\/wpguerssen-test.odoo.rgbconsulting.com\/es\/producto\/tu-sueno-es-mi-sueno-tu-grito-es-mi-canto\/\",\"url\":\"https:\/\/wpguerssen-test.odoo.rgbconsulting.com\/es\/producto\/tu-sueno-es-mi-sueno-tu-grito-es-mi-canto\/\",\"name\":\"AMERINDIOS - Tu Sue\u00f1o Es Mi Sue\u00f1o, Tu Grito Es Mi Canto - (LP) | Guerssen\",\"isPartOf\":{\"@id\":\"https:\/\/wpguerssen-test.odoo.rgbconsulting.com\/es\/#website\"},\"primaryImageOfPage\":{\"@id\":\"https:\/\/wpguerssen-test.odoo.rgbconsulting.com\/es\/producto\/tu-sueno-es-mi-sueno-tu-grito-es-mi-canto\/#primaryimage\"},\"image\":{\"@id\":\"https:\/\/wpguerssen-test.odoo.rgbconsulting.com\/es\/producto\/tu-sueno-es-mi-sueno-tu-grito-es-mi-canto\/#primaryimage\"},\"thumbnailUrl\":\"https:\/\/wpguerssen-test.odoo.rgbconsulting.com\/wp-content\/uploads\/2023\/01\/42543.jpg\",\"datePublished\":\"2023-01-22T23:00:00+00:00\",\"dateModified\":\"2024-02-21T14:30:45+00:00\",\"description\":\"\\\"Tu sue\u00f1o es mi sue\u00f1o, tu grito es mi canto\\\" (1973), the second album by Amerindios is released now on vinyl, from the original IRT masters! The album was released on the alternative IRT Label Machitun, LPVE -6851. Includes the song \\\"A pie camino\\\" the last song broadcasted by radio Magallanes and Corporaci\u00f3n on the day of the Pinochet coup the state on September 11, 1973. Also included is the song \\\"Mi r\u00edo\\\" winner of the Vi\u00f1a del mar festival in February 1973.\",\"breadcrumb\":{\"@id\":\"https:\/\/wpguerssen-test.odoo.rgbconsulting.com\/es\/producto\/tu-sueno-es-mi-sueno-tu-grito-es-mi-canto\/#breadcrumb\"},\"inLanguage\":\"es\",\"potentialAction\":[{\"@type\":\"ReadAction\",\"target\":[\"https:\/\/wpguerssen-test.odoo.rgbconsulting.com\/es\/producto\/tu-sueno-es-mi-sueno-tu-grito-es-mi-canto\/\"]}]},{\"@type\":\"ImageObject\",\"inLanguage\":\"es\",\"@id\":\"https:\/\/wpguerssen-test.odoo.rgbconsulting.com\/es\/producto\/tu-sueno-es-mi-sueno-tu-grito-es-mi-canto\/#primaryimage\",\"url\":\"https:\/\/wpguerssen-test.odoo.rgbconsulting.com\/wp-content\/uploads\/2023\/01\/42543.jpg\",\"contentUrl\":\"https:\/\/wpguerssen-test.odoo.rgbconsulting.com\/wp-content\/uploads\/2023\/01\/42543.jpg\",\"width\":600,\"height\":600,\"caption\":\"Tu Grito Es Mi Canto - M&E (LP) | Guerssen\"},{\"@type\":\"BreadcrumbList\",\"@id\":\"https:\/\/wpguerssen-test.odoo.rgbconsulting.com\/es\/producto\/tu-sueno-es-mi-sueno-tu-grito-es-mi-canto\/#breadcrumb\",\"itemListElement\":[{\"@type\":\"ListItem\",\"position\":1,\"name\":\"Inicio\",\"item\":\"https:\/\/wpguerssen-test.odoo.rgbconsulting.com\/es\/\"},{\"@type\":\"ListItem\",\"position\":2,\"name\":\"Shop\",\"item\":\"https:\/\/wpguerssen-test.odoo.rgbconsulting.com\/shop\/\"},{\"@type\":\"ListItem\",\"position\":3,\"name\":\"Tu Sue\u00f1o Es Mi Sue\u00f1o, Tu Grito Es Mi Canto\"}]},{\"@type\":\"WebSite\",\"@id\":\"https:\/\/wpguerssen-test.odoo.rgbconsulting.com\/es\/#website\",\"url\":\"https:\/\/wpguerssen-test.odoo.rgbconsulting.com\/es\/\",\"name\":\"Guerssen records\",\"description\":\"psychedelia - progressive - folk - garage \",\"publisher\":{\"@id\":\"https:\/\/wpguerssen-test.odoo.rgbconsulting.com\/es\/#organization\"},\"potentialAction\":[{\"@type\":\"SearchAction\",\"target\":{\"@type\":\"EntryPoint\",\"urlTemplate\":\"https:\/\/wpguerssen-test.odoo.rgbconsulting.com\/es\/?s={search_term_string}\"},\"query-input\":{\"@type\":\"PropertyValueSpecification\",\"valueRequired\":true,\"valueName\":\"search_term_string\"}}],\"inLanguage\":\"es\"},{\"@type\":\"Organization\",\"@id\":\"https:\/\/wpguerssen-test.odoo.rgbconsulting.com\/es\/#organization\",\"name\":\"Guerssen records\",\"url\":\"https:\/\/wpguerssen-test.odoo.rgbconsulting.com\/es\/\",\"logo\":{\"@type\":\"ImageObject\",\"inLanguage\":\"es\",\"@id\":\"https:\/\/wpguerssen-test.odoo.rgbconsulting.com\/es\/#\/schema\/logo\/image\/\",\"url\":\"https:\/\/wpguerssen-test.odoo.rgbconsulting.com\/wp-content\/uploads\/2022\/04\/Logo_Guerssen_trans_100.png\",\"contentUrl\":\"https:\/\/wpguerssen-test.odoo.rgbconsulting.com\/wp-content\/uploads\/2022\/04\/Logo_Guerssen_trans_100.png\",\"width\":122,\"height\":100,\"caption\":\"Guerssen records\"},\"image\":{\"@id\":\"https:\/\/wpguerssen-test.odoo.rgbconsulting.com\/es\/#\/schema\/logo\/image\/\"}}]}<\/script>\n<!-- \/ Yoast SEO plugin. -->","yoast_head_json":{"title":"AMERINDIOS - Tu Sue\u00f1o Es Mi Sue\u00f1o, Tu Grito Es Mi Canto -  (LP) | Guerssen","description":"\"Tu sue\u00f1o es mi sue\u00f1o, tu grito es mi canto\" (1973), the second album by Amerindios is released now on vinyl, from the original IRT masters! The album was released on the alternative IRT Label Machitun, LPVE -6851. Includes the song \"A pie camino\" the last song broadcasted by radio Magallanes and Corporaci\u00f3n on the day of the Pinochet coup the state on September 11, 1973. Also included is the song \"Mi r\u00edo\" winner of the Vi\u00f1a del mar festival in February 1973.","robots":{"index":"index","follow":"follow","max-snippet":"max-snippet:-1","max-image-preview":"max-image-preview:large","max-video-preview":"max-video-preview:-1"},"canonical":"https:\/\/wpguerssen-test.odoo.rgbconsulting.com\/es\/producto\/tu-sueno-es-mi-sueno-tu-grito-es-mi-canto\/","og_locale":"es_ES","og_type":"article","og_title":"AMERINDIOS - Tu Sue\u00f1o Es Mi Sue\u00f1o, Tu Grito Es Mi Canto -  (LP) | Guerssen","og_description":"\"Tu sue\u00f1o es mi sue\u00f1o, tu grito es mi canto\" (1973), the second album by Amerindios is released now on vinyl, from the original IRT masters! The album was released on the alternative IRT Label Machitun, LPVE -6851. Includes the song \"A pie camino\" the last song broadcasted by radio Magallanes and Corporaci\u00f3n on the day of the Pinochet coup the state on September 11, 1973. Also included is the song \"Mi r\u00edo\" winner of the Vi\u00f1a del mar festival in February 1973.","og_url":"https:\/\/wpguerssen-test.odoo.rgbconsulting.com\/es\/producto\/tu-sueno-es-mi-sueno-tu-grito-es-mi-canto\/","og_site_name":"Guerssen records","article_modified_time":"2024-02-21T14:30:45+00:00","og_image":[{"width":600,"height":600,"url":"https:\/\/wpguerssen-test.odoo.rgbconsulting.com\/wp-content\/uploads\/2023\/01\/42543.jpg","type":"image\/jpeg"}],"twitter_card":"summary_large_image","twitter_title":"AMERINDIOS - Tu Sue\u00f1o Es Mi Sue\u00f1o, Tu Grito Es Mi Canto -  (LP) | Guerssen","schema":{"@context":"https:\/\/schema.org","@graph":[{"@type":"WebPage","@id":"https:\/\/wpguerssen-test.odoo.rgbconsulting.com\/es\/producto\/tu-sueno-es-mi-sueno-tu-grito-es-mi-canto\/","url":"https:\/\/wpguerssen-test.odoo.rgbconsulting.com\/es\/producto\/tu-sueno-es-mi-sueno-tu-grito-es-mi-canto\/","name":"AMERINDIOS - Tu Sue\u00f1o Es Mi Sue\u00f1o, Tu Grito Es Mi Canto - (LP) | Guerssen","isPartOf":{"@id":"https:\/\/wpguerssen-test.odoo.rgbconsulting.com\/es\/#website"},"primaryImageOfPage":{"@id":"https:\/\/wpguerssen-test.odoo.rgbconsulting.com\/es\/producto\/tu-sueno-es-mi-sueno-tu-grito-es-mi-canto\/#primaryimage"},"image":{"@id":"https:\/\/wpguerssen-test.odoo.rgbconsulting.com\/es\/producto\/tu-sueno-es-mi-sueno-tu-grito-es-mi-canto\/#primaryimage"},"thumbnailUrl":"https:\/\/wpguerssen-test.odoo.rgbconsulting.com\/wp-content\/uploads\/2023\/01\/42543.jpg","datePublished":"2023-01-22T23:00:00+00:00","dateModified":"2024-02-21T14:30:45+00:00","description":"\"Tu sue\u00f1o es mi sue\u00f1o, tu grito es mi canto\" (1973), the second album by Amerindios is released now on vinyl, from the original IRT masters! The album was released on the alternative IRT Label Machitun, LPVE -6851. Includes the song \"A pie camino\" the last song broadcasted by radio Magallanes and Corporaci\u00f3n on the day of the Pinochet coup the state on September 11, 1973. Also included is the song \"Mi r\u00edo\" winner of the Vi\u00f1a del mar festival in February 1973.","breadcrumb":{"@id":"https:\/\/wpguerssen-test.odoo.rgbconsulting.com\/es\/producto\/tu-sueno-es-mi-sueno-tu-grito-es-mi-canto\/#breadcrumb"},"inLanguage":"es","potentialAction":[{"@type":"ReadAction","target":["https:\/\/wpguerssen-test.odoo.rgbconsulting.com\/es\/producto\/tu-sueno-es-mi-sueno-tu-grito-es-mi-canto\/"]}]},{"@type":"ImageObject","inLanguage":"es","@id":"https:\/\/wpguerssen-test.odoo.rgbconsulting.com\/es\/producto\/tu-sueno-es-mi-sueno-tu-grito-es-mi-canto\/#primaryimage","url":"https:\/\/wpguerssen-test.odoo.rgbconsulting.com\/wp-content\/uploads\/2023\/01\/42543.jpg","contentUrl":"https:\/\/wpguerssen-test.odoo.rgbconsulting.com\/wp-content\/uploads\/2023\/01\/42543.jpg","width":600,"height":600,"caption":"Tu Grito Es Mi Canto - M&E (LP) | Guerssen"},{"@type":"BreadcrumbList","@id":"https:\/\/wpguerssen-test.odoo.rgbconsulting.com\/es\/producto\/tu-sueno-es-mi-sueno-tu-grito-es-mi-canto\/#breadcrumb","itemListElement":[{"@type":"ListItem","position":1,"name":"Inicio","item":"https:\/\/wpguerssen-test.odoo.rgbconsulting.com\/es\/"},{"@type":"ListItem","position":2,"name":"Shop","item":"https:\/\/wpguerssen-test.odoo.rgbconsulting.com\/shop\/"},{"@type":"ListItem","position":3,"name":"Tu Sue\u00f1o Es Mi Sue\u00f1o, Tu Grito Es Mi Canto"}]},{"@type":"WebSite","@id":"https:\/\/wpguerssen-test.odoo.rgbconsulting.com\/es\/#website","url":"https:\/\/wpguerssen-test.odoo.rgbconsulting.com\/es\/","name":"Guerssen records","description":"psychedelia - progressive - folk - garage ","publisher":{"@id":"https:\/\/wpguerssen-test.odoo.rgbconsulting.com\/es\/#organization"},"potentialAction":[{"@type":"SearchAction","target":{"@type":"EntryPoint","urlTemplate":"https:\/\/wpguerssen-test.odoo.rgbconsulting.com\/es\/?s={search_term_string}"},"query-input":{"@type":"PropertyValueSpecification","valueRequired":true,"valueName":"search_term_string"}}],"inLanguage":"es"},{"@type":"Organization","@id":"https:\/\/wpguerssen-test.odoo.rgbconsulting.com\/es\/#organization","name":"Guerssen records","url":"https:\/\/wpguerssen-test.odoo.rgbconsulting.com\/es\/","logo":{"@type":"ImageObject","inLanguage":"es","@id":"https:\/\/wpguerssen-test.odoo.rgbconsulting.com\/es\/#\/schema\/logo\/image\/","url":"https:\/\/wpguerssen-test.odoo.rgbconsulting.com\/wp-content\/uploads\/2022\/04\/Logo_Guerssen_trans_100.png","contentUrl":"https:\/\/wpguerssen-test.odoo.rgbconsulting.com\/wp-content\/uploads\/2022\/04\/Logo_Guerssen_trans_100.png","width":122,"height":100,"caption":"Guerssen records"},"image":{"@id":"https:\/\/wpguerssen-test.odoo.rgbconsulting.com\/es\/#\/schema\/logo\/image\/"}}]}},"_links":{"self":[{"href":"https:\/\/wpguerssen-test.odoo.rgbconsulting.com\/es\/wp-json\/wp\/v2\/product\/224469","targetHints":{"allow":["GET"]}}],"collection":[{"href":"https:\/\/wpguerssen-test.odoo.rgbconsulting.com\/es\/wp-json\/wp\/v2\/product"}],"about":[{"href":"https:\/\/wpguerssen-test.odoo.rgbconsulting.com\/es\/wp-json\/wp\/v2\/types\/product"}],"wp:featuredmedia":[{"embeddable":true,"href":"https:\/\/wpguerssen-test.odoo.rgbconsulting.com\/es\/wp-json\/wp\/v2\/media\/225031"}],"wp:attachment":[{"href":"https:\/\/wpguerssen-test.odoo.rgbconsulting.com\/es\/wp-json\/wp\/v2\/media?parent=224469"}],"wp:term":[{"taxonomy":"product_brand","embeddable":true,"href":"https:\/\/wpguerssen-test.odoo.rgbconsulting.com\/es\/wp-json\/wp\/v2\/product_brand?post=224469"},{"taxonomy":"product_cat","embeddable":true,"href":"https:\/\/wpguerssen-test.odoo.rgbconsulting.com\/es\/wp-json\/wp\/v2\/product_cat?post=224469"},{"taxonomy":"product_tag","embeddable":true,"href":"https:\/\/wpguerssen-test.odoo.rgbconsulting.com\/es\/wp-json\/wp\/v2\/product_tag?post=224469"}],"curies":[{"name":"wp","href":"https:\/\/api.w.org\/{rel}","templated":true}]}}