{"id":224476,"date":"2025-03-19T00:00:00","date_gmt":"2025-03-18T23:00:00","guid":{"rendered":"https:\/\/wpguerssen-test.odoo.rgbconsulting.com\/product\/estructura\/"},"modified":"2025-03-20T16:35:35","modified_gmt":"2025-03-20T15:35:35","slug":"estructura","status":"publish","type":"product","link":"https:\/\/wpguerssen-test.odoo.rgbconsulting.com\/es\/producto\/estructura\/","title":{"rendered":"Estructura"},"content":{"rendered":"<p>Estructura es uno de los primeros conjuntos progresivos que se form\u00f3 en Venezuela con un pedigr\u00ed sinf\u00f3nico puro. Sus \u00e1lbumes cuentan con una maestr\u00eda musical estelar, una coexistencia explosiva de neocl\u00e1sico con hard-prog, puntuado por teclados celestiales e intercalados con voces et\u00e9reas, un espacio hiperreal donde los giros moog anclan los cambios de humor y brindan orientaci\u00f3n sint\u00e1ctica a una trayectoria apasionante en constante cambio. Al mismo tiempo contemplativo y din\u00e1mico, resbaladizo y firme, l\u00edrico y crudo. Una joya de coleccionista, dif\u00edcil de encontrar en perfectas condiciones, Completamente remasterizado en una edici\u00f3n limitada de 300 copias.<\/p>\n","protected":false},"excerpt":{"rendered":"<p>Estructura es uno de los primeros conjuntos progresivos que se form\u00f3 en Venezuela con un pedigr\u00ed sinf\u00f3nico puro. Sus \u00e1lbumes cuentan con una maestr\u00eda musical<a class=\"read\" href=\"https:\/\/wpguerssen-test.odoo.rgbconsulting.com\/es\/producto\/estructura\/\"> (...)<\/a>","protected":false},"featured_media":224432,"template":"","meta":{"_acf_changed":false},"product_brand":[],"product_cat":[21639,23215],"product_tag":[24185],"class_list":{"0":"post-224476","1":"product","2":"type-product","3":"status-publish","4":"has-post-thumbnail","6":"product_cat-psychedelic60s-70s-es","7":"product_cat-progressive60s-70s-es","8":"product_tag-de-nuevo-en-existencia","9":"pa_artist-estructura","10":"pa_format-lp-es","11":"pa_gender-psychedelic60s-70s-progressive60s-70s","12":"pa_label-disques-plusquereel","13":"pa_location-south-america-caribbean-es","14":"pa_other-filters-vinyl-only-es","16":"first","17":"instock","18":"taxable","19":"shipping-taxable","20":"purchasable","21":"product-type-simple"},"acf":[],"yoast_head":"<!-- This site is optimized with the Yoast SEO plugin v24.9 - https:\/\/yoast.com\/wordpress\/plugins\/seo\/ -->\n<title>ESTRUCTURA - Estructura -  (LP) | Guerssen<\/title>\n<meta name=\"description\" content=\"Estructura is one of the first prog outfits that formed in Venezuela, with a pure symphonic pedigree. Both of their albums feature stellar musicianship, an explosive co-existence of neo-classical with hard-prog, punctuated by celestial keyboards and interspersed with ethereal vocals, a hyperreal space where moog twists anchor mood swings and provide syntactic orientation to a passionate trajectory in constant flux. At the same time contemplative and dynamic, slippery and firm, lyrical and crude. A collectors&#039; gem, hard to find in pristine condition, fully remastered in a limited pressing of 300 copies.\" \/>\n<meta name=\"robots\" content=\"index, follow, max-snippet:-1, max-image-preview:large, max-video-preview:-1\" \/>\n<link rel=\"canonical\" href=\"https:\/\/wpguerssen-test.odoo.rgbconsulting.com\/es\/producto\/estructura\/\" \/>\n<meta property=\"og:locale\" content=\"es_ES\" \/>\n<meta property=\"og:type\" content=\"article\" \/>\n<meta property=\"og:title\" content=\"ESTRUCTURA - Estructura -  (LP) | Guerssen\" \/>\n<meta property=\"og:description\" content=\"Estructura is one of the first prog outfits that formed in Venezuela, with a pure symphonic pedigree. Both of their albums feature stellar musicianship, an explosive co-existence of neo-classical with hard-prog, punctuated by celestial keyboards and interspersed with ethereal vocals, a hyperreal space where moog twists anchor mood swings and provide syntactic orientation to a passionate trajectory in constant flux. At the same time contemplative and dynamic, slippery and firm, lyrical and crude. A collectors&#039; gem, hard to find in pristine condition, fully remastered in a limited pressing of 300 copies.\" \/>\n<meta property=\"og:url\" content=\"https:\/\/wpguerssen-test.odoo.rgbconsulting.com\/es\/producto\/estructura\/\" \/>\n<meta property=\"og:site_name\" content=\"Guerssen records\" \/>\n<meta property=\"article:modified_time\" content=\"2025-03-20T15:35:35+00:00\" \/>\n<meta property=\"og:image\" content=\"https:\/\/wpguerssen-test.odoo.rgbconsulting.com\/wp-content\/uploads\/2023\/01\/42550.jpg\" \/>\n\t<meta property=\"og:image:width\" content=\"700\" \/>\n\t<meta property=\"og:image:height\" content=\"700\" \/>\n\t<meta property=\"og:image:type\" content=\"image\/jpeg\" \/>\n<meta name=\"twitter:card\" content=\"summary_large_image\" \/>\n<meta name=\"twitter:title\" content=\"ESTRUCTURA - Estructura -  (LP) | Guerssen\" \/>\n<meta name=\"twitter:label1\" content=\"Tiempo de lectura\" \/>\n\t<meta name=\"twitter:data1\" content=\"1 minuto\" \/>\n<script type=\"application\/ld+json\" class=\"yoast-schema-graph\">{\"@context\":\"https:\/\/schema.org\",\"@graph\":[{\"@type\":\"WebPage\",\"@id\":\"https:\/\/wpguerssen-test.odoo.rgbconsulting.com\/es\/producto\/estructura\/\",\"url\":\"https:\/\/wpguerssen-test.odoo.rgbconsulting.com\/es\/producto\/estructura\/\",\"name\":\"ESTRUCTURA - Estructura - (LP) | Guerssen\",\"isPartOf\":{\"@id\":\"https:\/\/wpguerssen-test.odoo.rgbconsulting.com\/es\/#website\"},\"primaryImageOfPage\":{\"@id\":\"https:\/\/wpguerssen-test.odoo.rgbconsulting.com\/es\/producto\/estructura\/#primaryimage\"},\"image\":{\"@id\":\"https:\/\/wpguerssen-test.odoo.rgbconsulting.com\/es\/producto\/estructura\/#primaryimage\"},\"thumbnailUrl\":\"https:\/\/wpguerssen-test.odoo.rgbconsulting.com\/wp-content\/uploads\/2023\/01\/42550.jpg\",\"datePublished\":\"2025-03-18T23:00:00+00:00\",\"dateModified\":\"2025-03-20T15:35:35+00:00\",\"description\":\"Estructura is one of the first prog outfits that formed in Venezuela, with a pure symphonic pedigree. Both of their albums feature stellar musicianship, an explosive co-existence of neo-classical with hard-prog, punctuated by celestial keyboards and interspersed with ethereal vocals, a hyperreal space where moog twists anchor mood swings and provide syntactic orientation to a passionate trajectory in constant flux. At the same time contemplative and dynamic, slippery and firm, lyrical and crude. A collectors' gem, hard to find in pristine condition, fully remastered in a limited pressing of 300 copies.\",\"breadcrumb\":{\"@id\":\"https:\/\/wpguerssen-test.odoo.rgbconsulting.com\/es\/producto\/estructura\/#breadcrumb\"},\"inLanguage\":\"es\",\"potentialAction\":[{\"@type\":\"ReadAction\",\"target\":[\"https:\/\/wpguerssen-test.odoo.rgbconsulting.com\/es\/producto\/estructura\/\"]}]},{\"@type\":\"ImageObject\",\"inLanguage\":\"es\",\"@id\":\"https:\/\/wpguerssen-test.odoo.rgbconsulting.com\/es\/producto\/estructura\/#primaryimage\",\"url\":\"https:\/\/wpguerssen-test.odoo.rgbconsulting.com\/wp-content\/uploads\/2023\/01\/42550.jpg\",\"contentUrl\":\"https:\/\/wpguerssen-test.odoo.rgbconsulting.com\/wp-content\/uploads\/2023\/01\/42550.jpg\",\"width\":700,\"height\":700},{\"@type\":\"BreadcrumbList\",\"@id\":\"https:\/\/wpguerssen-test.odoo.rgbconsulting.com\/es\/producto\/estructura\/#breadcrumb\",\"itemListElement\":[{\"@type\":\"ListItem\",\"position\":1,\"name\":\"Inicio\",\"item\":\"https:\/\/wpguerssen-test.odoo.rgbconsulting.com\/es\/\"},{\"@type\":\"ListItem\",\"position\":2,\"name\":\"Shop\",\"item\":\"https:\/\/wpguerssen-test.odoo.rgbconsulting.com\/shop\/\"},{\"@type\":\"ListItem\",\"position\":3,\"name\":\"Estructura\"}]},{\"@type\":\"WebSite\",\"@id\":\"https:\/\/wpguerssen-test.odoo.rgbconsulting.com\/es\/#website\",\"url\":\"https:\/\/wpguerssen-test.odoo.rgbconsulting.com\/es\/\",\"name\":\"Guerssen records\",\"description\":\"psychedelia - progressive - folk - garage \",\"publisher\":{\"@id\":\"https:\/\/wpguerssen-test.odoo.rgbconsulting.com\/es\/#organization\"},\"potentialAction\":[{\"@type\":\"SearchAction\",\"target\":{\"@type\":\"EntryPoint\",\"urlTemplate\":\"https:\/\/wpguerssen-test.odoo.rgbconsulting.com\/es\/?s={search_term_string}\"},\"query-input\":{\"@type\":\"PropertyValueSpecification\",\"valueRequired\":true,\"valueName\":\"search_term_string\"}}],\"inLanguage\":\"es\"},{\"@type\":\"Organization\",\"@id\":\"https:\/\/wpguerssen-test.odoo.rgbconsulting.com\/es\/#organization\",\"name\":\"Guerssen records\",\"url\":\"https:\/\/wpguerssen-test.odoo.rgbconsulting.com\/es\/\",\"logo\":{\"@type\":\"ImageObject\",\"inLanguage\":\"es\",\"@id\":\"https:\/\/wpguerssen-test.odoo.rgbconsulting.com\/es\/#\/schema\/logo\/image\/\",\"url\":\"https:\/\/wpguerssen-test.odoo.rgbconsulting.com\/wp-content\/uploads\/2022\/04\/Logo_Guerssen_trans_100.png\",\"contentUrl\":\"https:\/\/wpguerssen-test.odoo.rgbconsulting.com\/wp-content\/uploads\/2022\/04\/Logo_Guerssen_trans_100.png\",\"width\":122,\"height\":100,\"caption\":\"Guerssen records\"},\"image\":{\"@id\":\"https:\/\/wpguerssen-test.odoo.rgbconsulting.com\/es\/#\/schema\/logo\/image\/\"}}]}<\/script>\n<!-- \/ Yoast SEO plugin. -->","yoast_head_json":{"title":"ESTRUCTURA - Estructura -  (LP) | Guerssen","description":"Estructura is one of the first prog outfits that formed in Venezuela, with a pure symphonic pedigree. Both of their albums feature stellar musicianship, an explosive co-existence of neo-classical with hard-prog, punctuated by celestial keyboards and interspersed with ethereal vocals, a hyperreal space where moog twists anchor mood swings and provide syntactic orientation to a passionate trajectory in constant flux. At the same time contemplative and dynamic, slippery and firm, lyrical and crude. A collectors' gem, hard to find in pristine condition, fully remastered in a limited pressing of 300 copies.","robots":{"index":"index","follow":"follow","max-snippet":"max-snippet:-1","max-image-preview":"max-image-preview:large","max-video-preview":"max-video-preview:-1"},"canonical":"https:\/\/wpguerssen-test.odoo.rgbconsulting.com\/es\/producto\/estructura\/","og_locale":"es_ES","og_type":"article","og_title":"ESTRUCTURA - Estructura -  (LP) | Guerssen","og_description":"Estructura is one of the first prog outfits that formed in Venezuela, with a pure symphonic pedigree. Both of their albums feature stellar musicianship, an explosive co-existence of neo-classical with hard-prog, punctuated by celestial keyboards and interspersed with ethereal vocals, a hyperreal space where moog twists anchor mood swings and provide syntactic orientation to a passionate trajectory in constant flux. At the same time contemplative and dynamic, slippery and firm, lyrical and crude. A collectors' gem, hard to find in pristine condition, fully remastered in a limited pressing of 300 copies.","og_url":"https:\/\/wpguerssen-test.odoo.rgbconsulting.com\/es\/producto\/estructura\/","og_site_name":"Guerssen records","article_modified_time":"2025-03-20T15:35:35+00:00","og_image":[{"width":700,"height":700,"url":"https:\/\/wpguerssen-test.odoo.rgbconsulting.com\/wp-content\/uploads\/2023\/01\/42550.jpg","type":"image\/jpeg"}],"twitter_card":"summary_large_image","twitter_title":"ESTRUCTURA - Estructura -  (LP) | Guerssen","twitter_misc":{"Tiempo de lectura":"1 minuto"},"schema":{"@context":"https:\/\/schema.org","@graph":[{"@type":"WebPage","@id":"https:\/\/wpguerssen-test.odoo.rgbconsulting.com\/es\/producto\/estructura\/","url":"https:\/\/wpguerssen-test.odoo.rgbconsulting.com\/es\/producto\/estructura\/","name":"ESTRUCTURA - Estructura - (LP) | Guerssen","isPartOf":{"@id":"https:\/\/wpguerssen-test.odoo.rgbconsulting.com\/es\/#website"},"primaryImageOfPage":{"@id":"https:\/\/wpguerssen-test.odoo.rgbconsulting.com\/es\/producto\/estructura\/#primaryimage"},"image":{"@id":"https:\/\/wpguerssen-test.odoo.rgbconsulting.com\/es\/producto\/estructura\/#primaryimage"},"thumbnailUrl":"https:\/\/wpguerssen-test.odoo.rgbconsulting.com\/wp-content\/uploads\/2023\/01\/42550.jpg","datePublished":"2025-03-18T23:00:00+00:00","dateModified":"2025-03-20T15:35:35+00:00","description":"Estructura is one of the first prog outfits that formed in Venezuela, with a pure symphonic pedigree. Both of their albums feature stellar musicianship, an explosive co-existence of neo-classical with hard-prog, punctuated by celestial keyboards and interspersed with ethereal vocals, a hyperreal space where moog twists anchor mood swings and provide syntactic orientation to a passionate trajectory in constant flux. At the same time contemplative and dynamic, slippery and firm, lyrical and crude. A collectors' gem, hard to find in pristine condition, fully remastered in a limited pressing of 300 copies.","breadcrumb":{"@id":"https:\/\/wpguerssen-test.odoo.rgbconsulting.com\/es\/producto\/estructura\/#breadcrumb"},"inLanguage":"es","potentialAction":[{"@type":"ReadAction","target":["https:\/\/wpguerssen-test.odoo.rgbconsulting.com\/es\/producto\/estructura\/"]}]},{"@type":"ImageObject","inLanguage":"es","@id":"https:\/\/wpguerssen-test.odoo.rgbconsulting.com\/es\/producto\/estructura\/#primaryimage","url":"https:\/\/wpguerssen-test.odoo.rgbconsulting.com\/wp-content\/uploads\/2023\/01\/42550.jpg","contentUrl":"https:\/\/wpguerssen-test.odoo.rgbconsulting.com\/wp-content\/uploads\/2023\/01\/42550.jpg","width":700,"height":700},{"@type":"BreadcrumbList","@id":"https:\/\/wpguerssen-test.odoo.rgbconsulting.com\/es\/producto\/estructura\/#breadcrumb","itemListElement":[{"@type":"ListItem","position":1,"name":"Inicio","item":"https:\/\/wpguerssen-test.odoo.rgbconsulting.com\/es\/"},{"@type":"ListItem","position":2,"name":"Shop","item":"https:\/\/wpguerssen-test.odoo.rgbconsulting.com\/shop\/"},{"@type":"ListItem","position":3,"name":"Estructura"}]},{"@type":"WebSite","@id":"https:\/\/wpguerssen-test.odoo.rgbconsulting.com\/es\/#website","url":"https:\/\/wpguerssen-test.odoo.rgbconsulting.com\/es\/","name":"Guerssen records","description":"psychedelia - progressive - folk - garage ","publisher":{"@id":"https:\/\/wpguerssen-test.odoo.rgbconsulting.com\/es\/#organization"},"potentialAction":[{"@type":"SearchAction","target":{"@type":"EntryPoint","urlTemplate":"https:\/\/wpguerssen-test.odoo.rgbconsulting.com\/es\/?s={search_term_string}"},"query-input":{"@type":"PropertyValueSpecification","valueRequired":true,"valueName":"search_term_string"}}],"inLanguage":"es"},{"@type":"Organization","@id":"https:\/\/wpguerssen-test.odoo.rgbconsulting.com\/es\/#organization","name":"Guerssen records","url":"https:\/\/wpguerssen-test.odoo.rgbconsulting.com\/es\/","logo":{"@type":"ImageObject","inLanguage":"es","@id":"https:\/\/wpguerssen-test.odoo.rgbconsulting.com\/es\/#\/schema\/logo\/image\/","url":"https:\/\/wpguerssen-test.odoo.rgbconsulting.com\/wp-content\/uploads\/2022\/04\/Logo_Guerssen_trans_100.png","contentUrl":"https:\/\/wpguerssen-test.odoo.rgbconsulting.com\/wp-content\/uploads\/2022\/04\/Logo_Guerssen_trans_100.png","width":122,"height":100,"caption":"Guerssen records"},"image":{"@id":"https:\/\/wpguerssen-test.odoo.rgbconsulting.com\/es\/#\/schema\/logo\/image\/"}}]}},"_links":{"self":[{"href":"https:\/\/wpguerssen-test.odoo.rgbconsulting.com\/es\/wp-json\/wp\/v2\/product\/224476","targetHints":{"allow":["GET"]}}],"collection":[{"href":"https:\/\/wpguerssen-test.odoo.rgbconsulting.com\/es\/wp-json\/wp\/v2\/product"}],"about":[{"href":"https:\/\/wpguerssen-test.odoo.rgbconsulting.com\/es\/wp-json\/wp\/v2\/types\/product"}],"wp:featuredmedia":[{"embeddable":true,"href":"https:\/\/wpguerssen-test.odoo.rgbconsulting.com\/es\/wp-json\/wp\/v2\/media\/224432"}],"wp:attachment":[{"href":"https:\/\/wpguerssen-test.odoo.rgbconsulting.com\/es\/wp-json\/wp\/v2\/media?parent=224476"}],"wp:term":[{"taxonomy":"product_brand","embeddable":true,"href":"https:\/\/wpguerssen-test.odoo.rgbconsulting.com\/es\/wp-json\/wp\/v2\/product_brand?post=224476"},{"taxonomy":"product_cat","embeddable":true,"href":"https:\/\/wpguerssen-test.odoo.rgbconsulting.com\/es\/wp-json\/wp\/v2\/product_cat?post=224476"},{"taxonomy":"product_tag","embeddable":true,"href":"https:\/\/wpguerssen-test.odoo.rgbconsulting.com\/es\/wp-json\/wp\/v2\/product_tag?post=224476"}],"curies":[{"name":"wp","href":"https:\/\/api.w.org\/{rel}","templated":true}]}}