{"id":224478,"date":"2023-02-27T00:00:00","date_gmt":"2023-02-26T23:00:00","guid":{"rendered":"https:\/\/wpguerssen-test.odoo.rgbconsulting.com\/product\/gira-gira-parabens-meu-bem\/"},"modified":"2024-02-21T15:31:28","modified_gmt":"2024-02-21T14:31:28","slug":"gira-gira-parabens-meu-bem","status":"publish","type":"product","link":"https:\/\/wpguerssen-test.odoo.rgbconsulting.com\/es\/producto\/gira-gira-parabens-meu-bem\/","title":{"rendered":"Gira Gira \/ Parab\u00e9ns Meu bem"},"content":{"rendered":"<p>El sello Polydor lanz\u00f3 unos cuantos singles a finales de los 60 que se volvieron muy oscuros y desconocidos, incluso para los rebuscadores. La mayor\u00eda de estos 7 pulgadas son s\u00faper psicod\u00e9licos y muy creativos, pero totalmente anticomerciales. Composiciones propias, grabaciones y buenas producciones, siempre con un top team. Estas obras no fueron promocionadas ni publicitadas por el sello y circularon muy pocas copias en ese momento. Vermelho es uno de ellos, un trabajo que es poco del que se habla o se sabe pero que siempre llama la atenci\u00f3n de quien tiene acceso a estos dos temas.<br \/>Marcos ya conoc\u00eda bien las formas de grabar y producir un disco, habiendo participado en agrupaciones hist\u00f3ricas del rock brasile\u00f1o en los a\u00f1os 60 como Top Sounds, C\u00f3digo 90 y Loupha, por citar algunas. En esta etapa ya hab\u00eda adquirido un buen conocimiento de grabaci\u00f3n y manejo de estudio. Extractos como \u00abY en el hueco de las esquinas, buscar, es lo que intento en vano\u00bb presenta al oyente el estado an\u00edmico de los tiempos oscuros de aquella \u00e9poca, y hoy parece una premonici\u00f3n sobre la dificultad de encontrar este single, incluso en colecciones privadas.<br \/>\u00abParab\u00e9ns Meu Bem\u00bb y \u00abGira-Gira\u00bb son temas con un ritmo avanzado para la \u00e9poca. Bater\u00eda muy bien marcada, con una toma original y muy cercana al funk norteamericano. El bajo es consistente y contundente y la guitarra llena de efectos con mucha reminiscencia del sonido y la energ\u00eda de Jimi Hendrix, Santana y Blood Sweat &#038; Tears.<\/p>\n","protected":false},"excerpt":{"rendered":"<p>El sello Polydor lanz\u00f3 unos cuantos singles a finales de los 60 que se volvieron muy oscuros y desconocidos, incluso para los rebuscadores. La mayor\u00eda de estos 7<a class=\"read\" href=\"https:\/\/wpguerssen-test.odoo.rgbconsulting.com\/es\/producto\/gira-gira-parabens-meu-bem\/\"> (...)<\/a>","protected":false},"featured_media":224438,"template":"","meta":{"_acf_changed":false},"product_brand":[],"product_cat":[21639],"product_tag":[],"class_list":{"0":"post-224478","1":"product","2":"type-product","3":"status-publish","4":"has-post-thumbnail","6":"product_cat-psychedelic60s-70s-es","7":"pa_artist-vermelho-marcos","8":"pa_format-7-es","9":"pa_gender-psychedelic60s-70s","10":"pa_label-groovie-records","11":"pa_location-south-america-caribbean-es","12":"pa_other-filters-vinyl-only-es","14":"first","15":"instock","16":"taxable","17":"shipping-taxable","18":"purchasable","19":"product-type-simple"},"acf":[],"yoast_head":"<!-- This site is optimized with the Yoast SEO plugin v24.9 - https:\/\/yoast.com\/wordpress\/plugins\/seo\/ -->\n<title>VERMELHO, Marcos - Gira Gira \/ Parab\u00e9ns Meu bem -  (7&quot;) | Guerssen<\/title>\n<meta name=\"description\" content=\"The Polydor label released a few singles in the late 1960s that became very obscure and unknown, even to researchers. Most of these 7 inches are super psychedelic and very creative, but totally anti commercial. Own compositions, recordings and good productions, always with a top team. These works were not promoted or publicized by the label and very few copies circulated at the time. The impression is that the intention was to freeze or disappear with the artist in question. Vermelho is one of them, a work that is little talked about or known but that always attracts the attention of those who have access to these two tracks. Arrangement by Rog\u00e9rio Duprat, who was proud to have participated in these recordings, with Rafael Moreno on bass, Alberto Niccoli Junior on drums, Bol\u00e3o on Sax and Marcos Ficarelli, the &quot;Vermelho&quot; on guitar and vocals.Marcos already knew well the ways of recording and producing an album, having participated in historical groups of Brazilian rock in the 60&#039;s such as Top Sounds, C\u00f3digo 90 and Loupha, to name a few. At this stage, he had already acquired good knowledge of recording and studio management. Excerpts such as &quot;And in the hole of the corners, to look for, is what I try in vain&quot; presents the listener with the mood of the dark times of that time, and today seems a premonition about the difficulty of finding this single, even in private collections.&quot;Parab\u00e9ns Meu Bem&quot; and &quot;Gira-Gira&quot; are tracks with an advanced rhythm for the time. Drums very well marked, with an original take and very close to North American funk. The bass is consistent and strong and the guitar full of effects and very reminiscent of the sound and energy of Jimi Hendrix, Santana and Blood Sweat &amp; Tears. There is yet another musical layer created by Duprat, who managed to insert a mini orchestra along with the sound mass created by &quot;Banda do Vermelho&quot;.\" \/>\n<meta name=\"robots\" content=\"index, follow, max-snippet:-1, max-image-preview:large, max-video-preview:-1\" \/>\n<link rel=\"canonical\" href=\"https:\/\/wpguerssen-test.odoo.rgbconsulting.com\/es\/producto\/gira-gira-parabens-meu-bem\/\" \/>\n<meta property=\"og:locale\" content=\"es_ES\" \/>\n<meta property=\"og:type\" content=\"article\" \/>\n<meta property=\"og:title\" content=\"VERMELHO, Marcos - Gira Gira \/ Parab\u00e9ns Meu bem -  (7&quot;) | Guerssen\" \/>\n<meta property=\"og:description\" content=\"The Polydor label released a few singles in the late 1960s that became very obscure and unknown, even to researchers. Most of these 7 inches are super psychedelic and very creative, but totally anti commercial. Own compositions, recordings and good productions, always with a top team. These works were not promoted or publicized by the label and very few copies circulated at the time. The impression is that the intention was to freeze or disappear with the artist in question. Vermelho is one of them, a work that is little talked about or known but that always attracts the attention of those who have access to these two tracks. Arrangement by Rog\u00e9rio Duprat, who was proud to have participated in these recordings, with Rafael Moreno on bass, Alberto Niccoli Junior on drums, Bol\u00e3o on Sax and Marcos Ficarelli, the &quot;Vermelho&quot; on guitar and vocals.Marcos already knew well the ways of recording and producing an album, having participated in historical groups of Brazilian rock in the 60&#039;s such as Top Sounds, C\u00f3digo 90 and Loupha, to name a few. At this stage, he had already acquired good knowledge of recording and studio management. Excerpts such as &quot;And in the hole of the corners, to look for, is what I try in vain&quot; presents the listener with the mood of the dark times of that time, and today seems a premonition about the difficulty of finding this single, even in private collections.&quot;Parab\u00e9ns Meu Bem&quot; and &quot;Gira-Gira&quot; are tracks with an advanced rhythm for the time. Drums very well marked, with an original take and very close to North American funk. The bass is consistent and strong and the guitar full of effects and very reminiscent of the sound and energy of Jimi Hendrix, Santana and Blood Sweat &amp; Tears. There is yet another musical layer created by Duprat, who managed to insert a mini orchestra along with the sound mass created by &quot;Banda do Vermelho&quot;.\" \/>\n<meta property=\"og:url\" content=\"https:\/\/wpguerssen-test.odoo.rgbconsulting.com\/es\/producto\/gira-gira-parabens-meu-bem\/\" \/>\n<meta property=\"og:site_name\" content=\"Guerssen records\" \/>\n<meta property=\"article:modified_time\" content=\"2024-02-21T14:31:28+00:00\" \/>\n<meta property=\"og:image\" content=\"https:\/\/wpguerssen-test.odoo.rgbconsulting.com\/wp-content\/uploads\/2023\/01\/42552.jpg\" \/>\n\t<meta property=\"og:image:width\" content=\"700\" \/>\n\t<meta property=\"og:image:height\" content=\"700\" \/>\n\t<meta property=\"og:image:type\" content=\"image\/jpeg\" \/>\n<meta name=\"twitter:card\" content=\"summary_large_image\" \/>\n<meta name=\"twitter:title\" content=\"VERMELHO, Marcos - Gira Gira \/ Parab\u00e9ns Meu bem -  (7&quot;) | Guerssen\" \/>\n<meta name=\"twitter:label1\" content=\"Tiempo de lectura\" \/>\n\t<meta name=\"twitter:data1\" content=\"1 minuto\" \/>\n<script type=\"application\/ld+json\" class=\"yoast-schema-graph\">{\"@context\":\"https:\/\/schema.org\",\"@graph\":[{\"@type\":\"WebPage\",\"@id\":\"https:\/\/wpguerssen-test.odoo.rgbconsulting.com\/es\/producto\/gira-gira-parabens-meu-bem\/\",\"url\":\"https:\/\/wpguerssen-test.odoo.rgbconsulting.com\/es\/producto\/gira-gira-parabens-meu-bem\/\",\"name\":\"VERMELHO, Marcos - Gira Gira \/ Parab\u00e9ns Meu bem - (7\\\") | Guerssen\",\"isPartOf\":{\"@id\":\"https:\/\/wpguerssen-test.odoo.rgbconsulting.com\/es\/#website\"},\"primaryImageOfPage\":{\"@id\":\"https:\/\/wpguerssen-test.odoo.rgbconsulting.com\/es\/producto\/gira-gira-parabens-meu-bem\/#primaryimage\"},\"image\":{\"@id\":\"https:\/\/wpguerssen-test.odoo.rgbconsulting.com\/es\/producto\/gira-gira-parabens-meu-bem\/#primaryimage\"},\"thumbnailUrl\":\"https:\/\/wpguerssen-test.odoo.rgbconsulting.com\/wp-content\/uploads\/2023\/01\/42552.jpg\",\"datePublished\":\"2023-02-26T23:00:00+00:00\",\"dateModified\":\"2024-02-21T14:31:28+00:00\",\"description\":\"The Polydor label released a few singles in the late 1960s that became very obscure and unknown, even to researchers. Most of these 7 inches are super psychedelic and very creative, but totally anti commercial. Own compositions, recordings and good productions, always with a top team. These works were not promoted or publicized by the label and very few copies circulated at the time. The impression is that the intention was to freeze or disappear with the artist in question. Vermelho is one of them, a work that is little talked about or known but that always attracts the attention of those who have access to these two tracks. Arrangement by Rog\u00e9rio Duprat, who was proud to have participated in these recordings, with Rafael Moreno on bass, Alberto Niccoli Junior on drums, Bol\u00e3o on Sax and Marcos Ficarelli, the \\\"Vermelho\\\" on guitar and vocals.Marcos already knew well the ways of recording and producing an album, having participated in historical groups of Brazilian rock in the 60's such as Top Sounds, C\u00f3digo 90 and Loupha, to name a few. At this stage, he had already acquired good knowledge of recording and studio management. Excerpts such as \\\"And in the hole of the corners, to look for, is what I try in vain\\\" presents the listener with the mood of the dark times of that time, and today seems a premonition about the difficulty of finding this single, even in private collections.\\\"Parab\u00e9ns Meu Bem\\\" and \\\"Gira-Gira\\\" are tracks with an advanced rhythm for the time. Drums very well marked, with an original take and very close to North American funk. The bass is consistent and strong and the guitar full of effects and very reminiscent of the sound and energy of Jimi Hendrix, Santana and Blood Sweat & Tears. There is yet another musical layer created by Duprat, who managed to insert a mini orchestra along with the sound mass created by \\\"Banda do Vermelho\\\".\",\"breadcrumb\":{\"@id\":\"https:\/\/wpguerssen-test.odoo.rgbconsulting.com\/es\/producto\/gira-gira-parabens-meu-bem\/#breadcrumb\"},\"inLanguage\":\"es\",\"potentialAction\":[{\"@type\":\"ReadAction\",\"target\":[\"https:\/\/wpguerssen-test.odoo.rgbconsulting.com\/es\/producto\/gira-gira-parabens-meu-bem\/\"]}]},{\"@type\":\"ImageObject\",\"inLanguage\":\"es\",\"@id\":\"https:\/\/wpguerssen-test.odoo.rgbconsulting.com\/es\/producto\/gira-gira-parabens-meu-bem\/#primaryimage\",\"url\":\"https:\/\/wpguerssen-test.odoo.rgbconsulting.com\/wp-content\/uploads\/2023\/01\/42552.jpg\",\"contentUrl\":\"https:\/\/wpguerssen-test.odoo.rgbconsulting.com\/wp-content\/uploads\/2023\/01\/42552.jpg\",\"width\":700,\"height\":700,\"caption\":\"Marcos - Gira Gira \/ Parab\u00e9ns Meu bem - GROOVIE RECORDS (7\\\") | Guerssen\"},{\"@type\":\"BreadcrumbList\",\"@id\":\"https:\/\/wpguerssen-test.odoo.rgbconsulting.com\/es\/producto\/gira-gira-parabens-meu-bem\/#breadcrumb\",\"itemListElement\":[{\"@type\":\"ListItem\",\"position\":1,\"name\":\"Inicio\",\"item\":\"https:\/\/wpguerssen-test.odoo.rgbconsulting.com\/es\/\"},{\"@type\":\"ListItem\",\"position\":2,\"name\":\"Shop\",\"item\":\"https:\/\/wpguerssen-test.odoo.rgbconsulting.com\/shop\/\"},{\"@type\":\"ListItem\",\"position\":3,\"name\":\"Gira Gira \/ Parab\u00e9ns Meu bem\"}]},{\"@type\":\"WebSite\",\"@id\":\"https:\/\/wpguerssen-test.odoo.rgbconsulting.com\/es\/#website\",\"url\":\"https:\/\/wpguerssen-test.odoo.rgbconsulting.com\/es\/\",\"name\":\"Guerssen records\",\"description\":\"psychedelia - progressive - folk - garage \",\"publisher\":{\"@id\":\"https:\/\/wpguerssen-test.odoo.rgbconsulting.com\/es\/#organization\"},\"potentialAction\":[{\"@type\":\"SearchAction\",\"target\":{\"@type\":\"EntryPoint\",\"urlTemplate\":\"https:\/\/wpguerssen-test.odoo.rgbconsulting.com\/es\/?s={search_term_string}\"},\"query-input\":{\"@type\":\"PropertyValueSpecification\",\"valueRequired\":true,\"valueName\":\"search_term_string\"}}],\"inLanguage\":\"es\"},{\"@type\":\"Organization\",\"@id\":\"https:\/\/wpguerssen-test.odoo.rgbconsulting.com\/es\/#organization\",\"name\":\"Guerssen records\",\"url\":\"https:\/\/wpguerssen-test.odoo.rgbconsulting.com\/es\/\",\"logo\":{\"@type\":\"ImageObject\",\"inLanguage\":\"es\",\"@id\":\"https:\/\/wpguerssen-test.odoo.rgbconsulting.com\/es\/#\/schema\/logo\/image\/\",\"url\":\"https:\/\/wpguerssen-test.odoo.rgbconsulting.com\/wp-content\/uploads\/2022\/04\/Logo_Guerssen_trans_100.png\",\"contentUrl\":\"https:\/\/wpguerssen-test.odoo.rgbconsulting.com\/wp-content\/uploads\/2022\/04\/Logo_Guerssen_trans_100.png\",\"width\":122,\"height\":100,\"caption\":\"Guerssen records\"},\"image\":{\"@id\":\"https:\/\/wpguerssen-test.odoo.rgbconsulting.com\/es\/#\/schema\/logo\/image\/\"}}]}<\/script>\n<!-- \/ Yoast SEO plugin. -->","yoast_head_json":{"title":"VERMELHO, Marcos - Gira Gira \/ Parab\u00e9ns Meu bem -  (7\") | Guerssen","description":"The Polydor label released a few singles in the late 1960s that became very obscure and unknown, even to researchers. Most of these 7 inches are super psychedelic and very creative, but totally anti commercial. Own compositions, recordings and good productions, always with a top team. These works were not promoted or publicized by the label and very few copies circulated at the time. The impression is that the intention was to freeze or disappear with the artist in question. Vermelho is one of them, a work that is little talked about or known but that always attracts the attention of those who have access to these two tracks. Arrangement by Rog\u00e9rio Duprat, who was proud to have participated in these recordings, with Rafael Moreno on bass, Alberto Niccoli Junior on drums, Bol\u00e3o on Sax and Marcos Ficarelli, the \"Vermelho\" on guitar and vocals.Marcos already knew well the ways of recording and producing an album, having participated in historical groups of Brazilian rock in the 60's such as Top Sounds, C\u00f3digo 90 and Loupha, to name a few. At this stage, he had already acquired good knowledge of recording and studio management. Excerpts such as \"And in the hole of the corners, to look for, is what I try in vain\" presents the listener with the mood of the dark times of that time, and today seems a premonition about the difficulty of finding this single, even in private collections.\"Parab\u00e9ns Meu Bem\" and \"Gira-Gira\" are tracks with an advanced rhythm for the time. Drums very well marked, with an original take and very close to North American funk. The bass is consistent and strong and the guitar full of effects and very reminiscent of the sound and energy of Jimi Hendrix, Santana and Blood Sweat & Tears. There is yet another musical layer created by Duprat, who managed to insert a mini orchestra along with the sound mass created by \"Banda do Vermelho\".","robots":{"index":"index","follow":"follow","max-snippet":"max-snippet:-1","max-image-preview":"max-image-preview:large","max-video-preview":"max-video-preview:-1"},"canonical":"https:\/\/wpguerssen-test.odoo.rgbconsulting.com\/es\/producto\/gira-gira-parabens-meu-bem\/","og_locale":"es_ES","og_type":"article","og_title":"VERMELHO, Marcos - Gira Gira \/ Parab\u00e9ns Meu bem -  (7\") | Guerssen","og_description":"The Polydor label released a few singles in the late 1960s that became very obscure and unknown, even to researchers. Most of these 7 inches are super psychedelic and very creative, but totally anti commercial. Own compositions, recordings and good productions, always with a top team. These works were not promoted or publicized by the label and very few copies circulated at the time. The impression is that the intention was to freeze or disappear with the artist in question. Vermelho is one of them, a work that is little talked about or known but that always attracts the attention of those who have access to these two tracks. Arrangement by Rog\u00e9rio Duprat, who was proud to have participated in these recordings, with Rafael Moreno on bass, Alberto Niccoli Junior on drums, Bol\u00e3o on Sax and Marcos Ficarelli, the \"Vermelho\" on guitar and vocals.Marcos already knew well the ways of recording and producing an album, having participated in historical groups of Brazilian rock in the 60's such as Top Sounds, C\u00f3digo 90 and Loupha, to name a few. At this stage, he had already acquired good knowledge of recording and studio management. Excerpts such as \"And in the hole of the corners, to look for, is what I try in vain\" presents the listener with the mood of the dark times of that time, and today seems a premonition about the difficulty of finding this single, even in private collections.\"Parab\u00e9ns Meu Bem\" and \"Gira-Gira\" are tracks with an advanced rhythm for the time. Drums very well marked, with an original take and very close to North American funk. The bass is consistent and strong and the guitar full of effects and very reminiscent of the sound and energy of Jimi Hendrix, Santana and Blood Sweat & Tears. There is yet another musical layer created by Duprat, who managed to insert a mini orchestra along with the sound mass created by \"Banda do Vermelho\".","og_url":"https:\/\/wpguerssen-test.odoo.rgbconsulting.com\/es\/producto\/gira-gira-parabens-meu-bem\/","og_site_name":"Guerssen records","article_modified_time":"2024-02-21T14:31:28+00:00","og_image":[{"width":700,"height":700,"url":"https:\/\/wpguerssen-test.odoo.rgbconsulting.com\/wp-content\/uploads\/2023\/01\/42552.jpg","type":"image\/jpeg"}],"twitter_card":"summary_large_image","twitter_title":"VERMELHO, Marcos - Gira Gira \/ Parab\u00e9ns Meu bem -  (7\") | Guerssen","twitter_misc":{"Tiempo de lectura":"1 minuto"},"schema":{"@context":"https:\/\/schema.org","@graph":[{"@type":"WebPage","@id":"https:\/\/wpguerssen-test.odoo.rgbconsulting.com\/es\/producto\/gira-gira-parabens-meu-bem\/","url":"https:\/\/wpguerssen-test.odoo.rgbconsulting.com\/es\/producto\/gira-gira-parabens-meu-bem\/","name":"VERMELHO, Marcos - Gira Gira \/ Parab\u00e9ns Meu bem - (7\") | Guerssen","isPartOf":{"@id":"https:\/\/wpguerssen-test.odoo.rgbconsulting.com\/es\/#website"},"primaryImageOfPage":{"@id":"https:\/\/wpguerssen-test.odoo.rgbconsulting.com\/es\/producto\/gira-gira-parabens-meu-bem\/#primaryimage"},"image":{"@id":"https:\/\/wpguerssen-test.odoo.rgbconsulting.com\/es\/producto\/gira-gira-parabens-meu-bem\/#primaryimage"},"thumbnailUrl":"https:\/\/wpguerssen-test.odoo.rgbconsulting.com\/wp-content\/uploads\/2023\/01\/42552.jpg","datePublished":"2023-02-26T23:00:00+00:00","dateModified":"2024-02-21T14:31:28+00:00","description":"The Polydor label released a few singles in the late 1960s that became very obscure and unknown, even to researchers. Most of these 7 inches are super psychedelic and very creative, but totally anti commercial. Own compositions, recordings and good productions, always with a top team. These works were not promoted or publicized by the label and very few copies circulated at the time. The impression is that the intention was to freeze or disappear with the artist in question. Vermelho is one of them, a work that is little talked about or known but that always attracts the attention of those who have access to these two tracks. Arrangement by Rog\u00e9rio Duprat, who was proud to have participated in these recordings, with Rafael Moreno on bass, Alberto Niccoli Junior on drums, Bol\u00e3o on Sax and Marcos Ficarelli, the \"Vermelho\" on guitar and vocals.Marcos already knew well the ways of recording and producing an album, having participated in historical groups of Brazilian rock in the 60's such as Top Sounds, C\u00f3digo 90 and Loupha, to name a few. At this stage, he had already acquired good knowledge of recording and studio management. Excerpts such as \"And in the hole of the corners, to look for, is what I try in vain\" presents the listener with the mood of the dark times of that time, and today seems a premonition about the difficulty of finding this single, even in private collections.\"Parab\u00e9ns Meu Bem\" and \"Gira-Gira\" are tracks with an advanced rhythm for the time. Drums very well marked, with an original take and very close to North American funk. The bass is consistent and strong and the guitar full of effects and very reminiscent of the sound and energy of Jimi Hendrix, Santana and Blood Sweat & Tears. There is yet another musical layer created by Duprat, who managed to insert a mini orchestra along with the sound mass created by \"Banda do Vermelho\".","breadcrumb":{"@id":"https:\/\/wpguerssen-test.odoo.rgbconsulting.com\/es\/producto\/gira-gira-parabens-meu-bem\/#breadcrumb"},"inLanguage":"es","potentialAction":[{"@type":"ReadAction","target":["https:\/\/wpguerssen-test.odoo.rgbconsulting.com\/es\/producto\/gira-gira-parabens-meu-bem\/"]}]},{"@type":"ImageObject","inLanguage":"es","@id":"https:\/\/wpguerssen-test.odoo.rgbconsulting.com\/es\/producto\/gira-gira-parabens-meu-bem\/#primaryimage","url":"https:\/\/wpguerssen-test.odoo.rgbconsulting.com\/wp-content\/uploads\/2023\/01\/42552.jpg","contentUrl":"https:\/\/wpguerssen-test.odoo.rgbconsulting.com\/wp-content\/uploads\/2023\/01\/42552.jpg","width":700,"height":700,"caption":"Marcos - Gira Gira \/ Parab\u00e9ns Meu bem - GROOVIE RECORDS (7\") | Guerssen"},{"@type":"BreadcrumbList","@id":"https:\/\/wpguerssen-test.odoo.rgbconsulting.com\/es\/producto\/gira-gira-parabens-meu-bem\/#breadcrumb","itemListElement":[{"@type":"ListItem","position":1,"name":"Inicio","item":"https:\/\/wpguerssen-test.odoo.rgbconsulting.com\/es\/"},{"@type":"ListItem","position":2,"name":"Shop","item":"https:\/\/wpguerssen-test.odoo.rgbconsulting.com\/shop\/"},{"@type":"ListItem","position":3,"name":"Gira Gira \/ Parab\u00e9ns Meu bem"}]},{"@type":"WebSite","@id":"https:\/\/wpguerssen-test.odoo.rgbconsulting.com\/es\/#website","url":"https:\/\/wpguerssen-test.odoo.rgbconsulting.com\/es\/","name":"Guerssen records","description":"psychedelia - progressive - folk - garage ","publisher":{"@id":"https:\/\/wpguerssen-test.odoo.rgbconsulting.com\/es\/#organization"},"potentialAction":[{"@type":"SearchAction","target":{"@type":"EntryPoint","urlTemplate":"https:\/\/wpguerssen-test.odoo.rgbconsulting.com\/es\/?s={search_term_string}"},"query-input":{"@type":"PropertyValueSpecification","valueRequired":true,"valueName":"search_term_string"}}],"inLanguage":"es"},{"@type":"Organization","@id":"https:\/\/wpguerssen-test.odoo.rgbconsulting.com\/es\/#organization","name":"Guerssen records","url":"https:\/\/wpguerssen-test.odoo.rgbconsulting.com\/es\/","logo":{"@type":"ImageObject","inLanguage":"es","@id":"https:\/\/wpguerssen-test.odoo.rgbconsulting.com\/es\/#\/schema\/logo\/image\/","url":"https:\/\/wpguerssen-test.odoo.rgbconsulting.com\/wp-content\/uploads\/2022\/04\/Logo_Guerssen_trans_100.png","contentUrl":"https:\/\/wpguerssen-test.odoo.rgbconsulting.com\/wp-content\/uploads\/2022\/04\/Logo_Guerssen_trans_100.png","width":122,"height":100,"caption":"Guerssen records"},"image":{"@id":"https:\/\/wpguerssen-test.odoo.rgbconsulting.com\/es\/#\/schema\/logo\/image\/"}}]}},"_links":{"self":[{"href":"https:\/\/wpguerssen-test.odoo.rgbconsulting.com\/es\/wp-json\/wp\/v2\/product\/224478","targetHints":{"allow":["GET"]}}],"collection":[{"href":"https:\/\/wpguerssen-test.odoo.rgbconsulting.com\/es\/wp-json\/wp\/v2\/product"}],"about":[{"href":"https:\/\/wpguerssen-test.odoo.rgbconsulting.com\/es\/wp-json\/wp\/v2\/types\/product"}],"wp:featuredmedia":[{"embeddable":true,"href":"https:\/\/wpguerssen-test.odoo.rgbconsulting.com\/es\/wp-json\/wp\/v2\/media\/224438"}],"wp:attachment":[{"href":"https:\/\/wpguerssen-test.odoo.rgbconsulting.com\/es\/wp-json\/wp\/v2\/media?parent=224478"}],"wp:term":[{"taxonomy":"product_brand","embeddable":true,"href":"https:\/\/wpguerssen-test.odoo.rgbconsulting.com\/es\/wp-json\/wp\/v2\/product_brand?post=224478"},{"taxonomy":"product_cat","embeddable":true,"href":"https:\/\/wpguerssen-test.odoo.rgbconsulting.com\/es\/wp-json\/wp\/v2\/product_cat?post=224478"},{"taxonomy":"product_tag","embeddable":true,"href":"https:\/\/wpguerssen-test.odoo.rgbconsulting.com\/es\/wp-json\/wp\/v2\/product_tag?post=224478"}],"curies":[{"name":"wp","href":"https:\/\/api.w.org\/{rel}","templated":true}]}}