{"id":224659,"date":"2023-02-15T00:00:00","date_gmt":"2023-02-14T23:00:00","guid":{"rendered":"https:\/\/wpguerssen-test.odoo.rgbconsulting.com\/product\/down-and-out-live-at-the-venue-edimburgh\/"},"modified":"2024-02-21T15:33:17","modified_gmt":"2024-02-21T14:33:17","slug":"down-and-out-live-at-the-venue-edimburgh","status":"publish","type":"product","link":"https:\/\/wpguerssen-test.odoo.rgbconsulting.com\/es\/producto\/down-and-out-live-at-the-venue-edimburgh\/","title":{"rendered":"Down And Out: Live At The Venue Edimburgh"},"content":{"rendered":"<p>Dee Dee Ramone I.C.L.C. (Inter-Celestial Light Commune) fue formada por Dee Dee y John Carco en la ciudad de Nueva York en 1994. Despu\u00e9s de varios shows en vivo y bateristas como una formaci\u00f3n de tres piezas, los dos miembros decidieron mudarse a Amsterdam para grabar para Rough Trade Records. El EP de cuatro canciones Chinese Bitch y el \u00e1lbum I Hate Freaks Like You fueron lanzados en 1994. La banda realiz\u00f3 una gira por 22 pa\u00edses en un per\u00edodo de 10 meses y nunca estuvieron de gira en los USA.<\/p>\n","protected":false},"excerpt":{"rendered":"<p>Dee Dee Ramone I.C.L.C. (Inter-Celestial Light Commune) fue formada por Dee Dee y John Carco en la ciudad de Nueva York en 1994. Despu\u00e9s de varios shows en vivo y<a class=\"read\" href=\"https:\/\/wpguerssen-test.odoo.rgbconsulting.com\/es\/producto\/down-and-out-live-at-the-venue-edimburgh\/\"> (...)<\/a>","protected":false},"featured_media":225041,"template":"","meta":{"_acf_changed":false},"product_brand":[],"product_cat":[21650],"product_tag":[],"class_list":{"0":"post-224659","1":"product","2":"type-product","3":"status-publish","4":"has-post-thumbnail","6":"product_cat-punk-es","7":"pa_artist-ramone-dee-dee-i-c-l-c","8":"pa_format-lp-es","9":"pa_gender-punk","10":"pa_label-dear-boss","11":"pa_location-north-america-es","12":"pa_other-filters-vinyl-only-es","14":"first","15":"instock","16":"taxable","17":"shipping-taxable","18":"purchasable","19":"product-type-simple"},"acf":[],"yoast_head":"<!-- This site is optimized with the Yoast SEO plugin v24.9 - https:\/\/yoast.com\/wordpress\/plugins\/seo\/ -->\n<title>RAMONE, Dee Dee &amp; I.C.L.C - Down And Out: Live At The Venue Edimburgh -  (LP) | Guerssen<\/title>\n<meta name=\"description\" content=\"Dee Dee Ramone I.C.L.C. (Inter-Celestial Light Commune) was formed by Dee Dee and John Carco in 1994 in New York City. After several live shows and drummers as a the three piece line up the two members decided to move to Amsterdam to record for Rough Trade Records. The four-song EP Chinese Bitch and the album I Hate Freaks Like You were both released in 1994. The band toured 22 countries in a 10-month period and they never toured in the U.S. This set in Scotland catch the big energy, some of The Ramones tracks are slower or even longer than the original versions and Dee Dee plays a wonderful version of Poison Heart all alone.\" \/>\n<meta name=\"robots\" content=\"index, follow, max-snippet:-1, max-image-preview:large, max-video-preview:-1\" \/>\n<link rel=\"canonical\" href=\"https:\/\/wpguerssen-test.odoo.rgbconsulting.com\/es\/producto\/down-and-out-live-at-the-venue-edimburgh\/\" \/>\n<meta property=\"og:locale\" content=\"es_ES\" \/>\n<meta property=\"og:type\" content=\"article\" \/>\n<meta property=\"og:title\" content=\"RAMONE, Dee Dee &amp; I.C.L.C - Down And Out: Live At The Venue Edimburgh -  (LP) | Guerssen\" \/>\n<meta property=\"og:description\" content=\"Dee Dee Ramone I.C.L.C. (Inter-Celestial Light Commune) was formed by Dee Dee and John Carco in 1994 in New York City. After several live shows and drummers as a the three piece line up the two members decided to move to Amsterdam to record for Rough Trade Records. The four-song EP Chinese Bitch and the album I Hate Freaks Like You were both released in 1994. The band toured 22 countries in a 10-month period and they never toured in the U.S. This set in Scotland catch the big energy, some of The Ramones tracks are slower or even longer than the original versions and Dee Dee plays a wonderful version of Poison Heart all alone.\" \/>\n<meta property=\"og:url\" content=\"https:\/\/wpguerssen-test.odoo.rgbconsulting.com\/es\/producto\/down-and-out-live-at-the-venue-edimburgh\/\" \/>\n<meta property=\"og:site_name\" content=\"Guerssen records\" \/>\n<meta property=\"article:modified_time\" content=\"2024-02-21T14:33:17+00:00\" \/>\n<meta property=\"og:image\" content=\"https:\/\/wpguerssen-test.odoo.rgbconsulting.com\/wp-content\/uploads\/2023\/01\/42599-scaled.jpg\" \/>\n\t<meta property=\"og:image:width\" content=\"2530\" \/>\n\t<meta property=\"og:image:height\" content=\"2560\" \/>\n\t<meta property=\"og:image:type\" content=\"image\/jpeg\" \/>\n<meta name=\"twitter:card\" content=\"summary_large_image\" \/>\n<meta name=\"twitter:title\" content=\"RAMONE, Dee Dee &amp; I.C.L.C - Down And Out: Live At The Venue Edimburgh -  (LP) | Guerssen\" \/>\n<script type=\"application\/ld+json\" class=\"yoast-schema-graph\">{\"@context\":\"https:\/\/schema.org\",\"@graph\":[{\"@type\":\"WebPage\",\"@id\":\"https:\/\/wpguerssen-test.odoo.rgbconsulting.com\/es\/producto\/down-and-out-live-at-the-venue-edimburgh\/\",\"url\":\"https:\/\/wpguerssen-test.odoo.rgbconsulting.com\/es\/producto\/down-and-out-live-at-the-venue-edimburgh\/\",\"name\":\"RAMONE, Dee Dee & I.C.L.C - Down And Out: Live At The Venue Edimburgh - (LP) | Guerssen\",\"isPartOf\":{\"@id\":\"https:\/\/wpguerssen-test.odoo.rgbconsulting.com\/es\/#website\"},\"primaryImageOfPage\":{\"@id\":\"https:\/\/wpguerssen-test.odoo.rgbconsulting.com\/es\/producto\/down-and-out-live-at-the-venue-edimburgh\/#primaryimage\"},\"image\":{\"@id\":\"https:\/\/wpguerssen-test.odoo.rgbconsulting.com\/es\/producto\/down-and-out-live-at-the-venue-edimburgh\/#primaryimage\"},\"thumbnailUrl\":\"https:\/\/wpguerssen-test.odoo.rgbconsulting.com\/wp-content\/uploads\/2023\/01\/42599-scaled.jpg\",\"datePublished\":\"2023-02-14T23:00:00+00:00\",\"dateModified\":\"2024-02-21T14:33:17+00:00\",\"description\":\"Dee Dee Ramone I.C.L.C. (Inter-Celestial Light Commune) was formed by Dee Dee and John Carco in 1994 in New York City. After several live shows and drummers as a the three piece line up the two members decided to move to Amsterdam to record for Rough Trade Records. The four-song EP Chinese Bitch and the album I Hate Freaks Like You were both released in 1994. The band toured 22 countries in a 10-month period and they never toured in the U.S. This set in Scotland catch the big energy, some of The Ramones tracks are slower or even longer than the original versions and Dee Dee plays a wonderful version of Poison Heart all alone.\",\"breadcrumb\":{\"@id\":\"https:\/\/wpguerssen-test.odoo.rgbconsulting.com\/es\/producto\/down-and-out-live-at-the-venue-edimburgh\/#breadcrumb\"},\"inLanguage\":\"es\",\"potentialAction\":[{\"@type\":\"ReadAction\",\"target\":[\"https:\/\/wpguerssen-test.odoo.rgbconsulting.com\/es\/producto\/down-and-out-live-at-the-venue-edimburgh\/\"]}]},{\"@type\":\"ImageObject\",\"inLanguage\":\"es\",\"@id\":\"https:\/\/wpguerssen-test.odoo.rgbconsulting.com\/es\/producto\/down-and-out-live-at-the-venue-edimburgh\/#primaryimage\",\"url\":\"https:\/\/wpguerssen-test.odoo.rgbconsulting.com\/wp-content\/uploads\/2023\/01\/42599-scaled.jpg\",\"contentUrl\":\"https:\/\/wpguerssen-test.odoo.rgbconsulting.com\/wp-content\/uploads\/2023\/01\/42599-scaled.jpg\",\"width\":2530,\"height\":2560,\"caption\":\"Dee Dee & I.C.L.C - Down And Out: Live At The Venue Edimburgh - DEAR BOSS (LP) | Guerssen\"},{\"@type\":\"BreadcrumbList\",\"@id\":\"https:\/\/wpguerssen-test.odoo.rgbconsulting.com\/es\/producto\/down-and-out-live-at-the-venue-edimburgh\/#breadcrumb\",\"itemListElement\":[{\"@type\":\"ListItem\",\"position\":1,\"name\":\"Inicio\",\"item\":\"https:\/\/wpguerssen-test.odoo.rgbconsulting.com\/es\/\"},{\"@type\":\"ListItem\",\"position\":2,\"name\":\"Shop\",\"item\":\"https:\/\/wpguerssen-test.odoo.rgbconsulting.com\/shop\/\"},{\"@type\":\"ListItem\",\"position\":3,\"name\":\"Down And Out: Live At The Venue Edimburgh\"}]},{\"@type\":\"WebSite\",\"@id\":\"https:\/\/wpguerssen-test.odoo.rgbconsulting.com\/es\/#website\",\"url\":\"https:\/\/wpguerssen-test.odoo.rgbconsulting.com\/es\/\",\"name\":\"Guerssen records\",\"description\":\"psychedelia - progressive - folk - garage \",\"publisher\":{\"@id\":\"https:\/\/wpguerssen-test.odoo.rgbconsulting.com\/es\/#organization\"},\"potentialAction\":[{\"@type\":\"SearchAction\",\"target\":{\"@type\":\"EntryPoint\",\"urlTemplate\":\"https:\/\/wpguerssen-test.odoo.rgbconsulting.com\/es\/?s={search_term_string}\"},\"query-input\":{\"@type\":\"PropertyValueSpecification\",\"valueRequired\":true,\"valueName\":\"search_term_string\"}}],\"inLanguage\":\"es\"},{\"@type\":\"Organization\",\"@id\":\"https:\/\/wpguerssen-test.odoo.rgbconsulting.com\/es\/#organization\",\"name\":\"Guerssen records\",\"url\":\"https:\/\/wpguerssen-test.odoo.rgbconsulting.com\/es\/\",\"logo\":{\"@type\":\"ImageObject\",\"inLanguage\":\"es\",\"@id\":\"https:\/\/wpguerssen-test.odoo.rgbconsulting.com\/es\/#\/schema\/logo\/image\/\",\"url\":\"https:\/\/wpguerssen-test.odoo.rgbconsulting.com\/wp-content\/uploads\/2022\/04\/Logo_Guerssen_trans_100.png\",\"contentUrl\":\"https:\/\/wpguerssen-test.odoo.rgbconsulting.com\/wp-content\/uploads\/2022\/04\/Logo_Guerssen_trans_100.png\",\"width\":122,\"height\":100,\"caption\":\"Guerssen records\"},\"image\":{\"@id\":\"https:\/\/wpguerssen-test.odoo.rgbconsulting.com\/es\/#\/schema\/logo\/image\/\"}}]}<\/script>\n<!-- \/ Yoast SEO plugin. -->","yoast_head_json":{"title":"RAMONE, Dee Dee & I.C.L.C - Down And Out: Live At The Venue Edimburgh -  (LP) | Guerssen","description":"Dee Dee Ramone I.C.L.C. (Inter-Celestial Light Commune) was formed by Dee Dee and John Carco in 1994 in New York City. After several live shows and drummers as a the three piece line up the two members decided to move to Amsterdam to record for Rough Trade Records. The four-song EP Chinese Bitch and the album I Hate Freaks Like You were both released in 1994. The band toured 22 countries in a 10-month period and they never toured in the U.S. This set in Scotland catch the big energy, some of The Ramones tracks are slower or even longer than the original versions and Dee Dee plays a wonderful version of Poison Heart all alone.","robots":{"index":"index","follow":"follow","max-snippet":"max-snippet:-1","max-image-preview":"max-image-preview:large","max-video-preview":"max-video-preview:-1"},"canonical":"https:\/\/wpguerssen-test.odoo.rgbconsulting.com\/es\/producto\/down-and-out-live-at-the-venue-edimburgh\/","og_locale":"es_ES","og_type":"article","og_title":"RAMONE, Dee Dee & I.C.L.C - Down And Out: Live At The Venue Edimburgh -  (LP) | Guerssen","og_description":"Dee Dee Ramone I.C.L.C. (Inter-Celestial Light Commune) was formed by Dee Dee and John Carco in 1994 in New York City. After several live shows and drummers as a the three piece line up the two members decided to move to Amsterdam to record for Rough Trade Records. The four-song EP Chinese Bitch and the album I Hate Freaks Like You were both released in 1994. The band toured 22 countries in a 10-month period and they never toured in the U.S. This set in Scotland catch the big energy, some of The Ramones tracks are slower or even longer than the original versions and Dee Dee plays a wonderful version of Poison Heart all alone.","og_url":"https:\/\/wpguerssen-test.odoo.rgbconsulting.com\/es\/producto\/down-and-out-live-at-the-venue-edimburgh\/","og_site_name":"Guerssen records","article_modified_time":"2024-02-21T14:33:17+00:00","og_image":[{"width":2530,"height":2560,"url":"https:\/\/wpguerssen-test.odoo.rgbconsulting.com\/wp-content\/uploads\/2023\/01\/42599-scaled.jpg","type":"image\/jpeg"}],"twitter_card":"summary_large_image","twitter_title":"RAMONE, Dee Dee & I.C.L.C - Down And Out: Live At The Venue Edimburgh -  (LP) | Guerssen","schema":{"@context":"https:\/\/schema.org","@graph":[{"@type":"WebPage","@id":"https:\/\/wpguerssen-test.odoo.rgbconsulting.com\/es\/producto\/down-and-out-live-at-the-venue-edimburgh\/","url":"https:\/\/wpguerssen-test.odoo.rgbconsulting.com\/es\/producto\/down-and-out-live-at-the-venue-edimburgh\/","name":"RAMONE, Dee Dee & I.C.L.C - Down And Out: Live At The Venue Edimburgh - (LP) | Guerssen","isPartOf":{"@id":"https:\/\/wpguerssen-test.odoo.rgbconsulting.com\/es\/#website"},"primaryImageOfPage":{"@id":"https:\/\/wpguerssen-test.odoo.rgbconsulting.com\/es\/producto\/down-and-out-live-at-the-venue-edimburgh\/#primaryimage"},"image":{"@id":"https:\/\/wpguerssen-test.odoo.rgbconsulting.com\/es\/producto\/down-and-out-live-at-the-venue-edimburgh\/#primaryimage"},"thumbnailUrl":"https:\/\/wpguerssen-test.odoo.rgbconsulting.com\/wp-content\/uploads\/2023\/01\/42599-scaled.jpg","datePublished":"2023-02-14T23:00:00+00:00","dateModified":"2024-02-21T14:33:17+00:00","description":"Dee Dee Ramone I.C.L.C. (Inter-Celestial Light Commune) was formed by Dee Dee and John Carco in 1994 in New York City. After several live shows and drummers as a the three piece line up the two members decided to move to Amsterdam to record for Rough Trade Records. The four-song EP Chinese Bitch and the album I Hate Freaks Like You were both released in 1994. The band toured 22 countries in a 10-month period and they never toured in the U.S. This set in Scotland catch the big energy, some of The Ramones tracks are slower or even longer than the original versions and Dee Dee plays a wonderful version of Poison Heart all alone.","breadcrumb":{"@id":"https:\/\/wpguerssen-test.odoo.rgbconsulting.com\/es\/producto\/down-and-out-live-at-the-venue-edimburgh\/#breadcrumb"},"inLanguage":"es","potentialAction":[{"@type":"ReadAction","target":["https:\/\/wpguerssen-test.odoo.rgbconsulting.com\/es\/producto\/down-and-out-live-at-the-venue-edimburgh\/"]}]},{"@type":"ImageObject","inLanguage":"es","@id":"https:\/\/wpguerssen-test.odoo.rgbconsulting.com\/es\/producto\/down-and-out-live-at-the-venue-edimburgh\/#primaryimage","url":"https:\/\/wpguerssen-test.odoo.rgbconsulting.com\/wp-content\/uploads\/2023\/01\/42599-scaled.jpg","contentUrl":"https:\/\/wpguerssen-test.odoo.rgbconsulting.com\/wp-content\/uploads\/2023\/01\/42599-scaled.jpg","width":2530,"height":2560,"caption":"Dee Dee & I.C.L.C - Down And Out: Live At The Venue Edimburgh - DEAR BOSS (LP) | Guerssen"},{"@type":"BreadcrumbList","@id":"https:\/\/wpguerssen-test.odoo.rgbconsulting.com\/es\/producto\/down-and-out-live-at-the-venue-edimburgh\/#breadcrumb","itemListElement":[{"@type":"ListItem","position":1,"name":"Inicio","item":"https:\/\/wpguerssen-test.odoo.rgbconsulting.com\/es\/"},{"@type":"ListItem","position":2,"name":"Shop","item":"https:\/\/wpguerssen-test.odoo.rgbconsulting.com\/shop\/"},{"@type":"ListItem","position":3,"name":"Down And Out: Live At The Venue Edimburgh"}]},{"@type":"WebSite","@id":"https:\/\/wpguerssen-test.odoo.rgbconsulting.com\/es\/#website","url":"https:\/\/wpguerssen-test.odoo.rgbconsulting.com\/es\/","name":"Guerssen records","description":"psychedelia - progressive - folk - garage ","publisher":{"@id":"https:\/\/wpguerssen-test.odoo.rgbconsulting.com\/es\/#organization"},"potentialAction":[{"@type":"SearchAction","target":{"@type":"EntryPoint","urlTemplate":"https:\/\/wpguerssen-test.odoo.rgbconsulting.com\/es\/?s={search_term_string}"},"query-input":{"@type":"PropertyValueSpecification","valueRequired":true,"valueName":"search_term_string"}}],"inLanguage":"es"},{"@type":"Organization","@id":"https:\/\/wpguerssen-test.odoo.rgbconsulting.com\/es\/#organization","name":"Guerssen records","url":"https:\/\/wpguerssen-test.odoo.rgbconsulting.com\/es\/","logo":{"@type":"ImageObject","inLanguage":"es","@id":"https:\/\/wpguerssen-test.odoo.rgbconsulting.com\/es\/#\/schema\/logo\/image\/","url":"https:\/\/wpguerssen-test.odoo.rgbconsulting.com\/wp-content\/uploads\/2022\/04\/Logo_Guerssen_trans_100.png","contentUrl":"https:\/\/wpguerssen-test.odoo.rgbconsulting.com\/wp-content\/uploads\/2022\/04\/Logo_Guerssen_trans_100.png","width":122,"height":100,"caption":"Guerssen records"},"image":{"@id":"https:\/\/wpguerssen-test.odoo.rgbconsulting.com\/es\/#\/schema\/logo\/image\/"}}]}},"_links":{"self":[{"href":"https:\/\/wpguerssen-test.odoo.rgbconsulting.com\/es\/wp-json\/wp\/v2\/product\/224659","targetHints":{"allow":["GET"]}}],"collection":[{"href":"https:\/\/wpguerssen-test.odoo.rgbconsulting.com\/es\/wp-json\/wp\/v2\/product"}],"about":[{"href":"https:\/\/wpguerssen-test.odoo.rgbconsulting.com\/es\/wp-json\/wp\/v2\/types\/product"}],"wp:featuredmedia":[{"embeddable":true,"href":"https:\/\/wpguerssen-test.odoo.rgbconsulting.com\/es\/wp-json\/wp\/v2\/media\/225041"}],"wp:attachment":[{"href":"https:\/\/wpguerssen-test.odoo.rgbconsulting.com\/es\/wp-json\/wp\/v2\/media?parent=224659"}],"wp:term":[{"taxonomy":"product_brand","embeddable":true,"href":"https:\/\/wpguerssen-test.odoo.rgbconsulting.com\/es\/wp-json\/wp\/v2\/product_brand?post=224659"},{"taxonomy":"product_cat","embeddable":true,"href":"https:\/\/wpguerssen-test.odoo.rgbconsulting.com\/es\/wp-json\/wp\/v2\/product_cat?post=224659"},{"taxonomy":"product_tag","embeddable":true,"href":"https:\/\/wpguerssen-test.odoo.rgbconsulting.com\/es\/wp-json\/wp\/v2\/product_tag?post=224659"}],"curies":[{"name":"wp","href":"https:\/\/api.w.org\/{rel}","templated":true}]}}