{"id":224664,"date":"2023-02-02T00:00:00","date_gmt":"2023-02-01T23:00:00","guid":{"rendered":"https:\/\/wpguerssen-test.odoo.rgbconsulting.com\/product\/keeping-up-2\/"},"modified":"2024-06-28T10:30:10","modified_gmt":"2024-06-28T08:30:10","slug":"keeping-up-2","status":"publish","type":"product","link":"https:\/\/wpguerssen-test.odoo.rgbconsulting.com\/es\/producto\/keeping-up-2\/","title":{"rendered":"Keeping Up"},"content":{"rendered":"<p>Formado en 1971 por el guitarrista John Evan-Jones y su hermano bajista Trevor, el oscuro grupo de rock progresivo brit\u00e1nico Jonesy ten\u00eda una formaci\u00f3n cambiante y elementos inusuales. Capturando al grupo en su momento m\u00e1s ecl\u00e9ctico, Keeping Up es imprescindible para los fans de Mellotron y todos los amantes del pop, jazz y prog con tintes de blues.<\/p>\n","protected":false},"excerpt":{"rendered":"<p>Formado en 1971 por el guitarrista John Evan-Jones y su hermano bajista Trevor, el oscuro grupo de rock progresivo brit\u00e1nico Jonesy ten\u00eda una formaci\u00f3n cambiante<a class=\"read\" href=\"https:\/\/wpguerssen-test.odoo.rgbconsulting.com\/es\/producto\/keeping-up-2\/\"> (...)<\/a>","protected":false},"featured_media":231307,"template":"","meta":{"_acf_changed":false},"product_brand":[],"product_cat":[23215],"product_tag":[],"class_list":{"0":"post-224664","1":"product","2":"type-product","3":"status-publish","4":"has-post-thumbnail","6":"product_cat-progressive60s-70s-es","7":"pa_artist-jonesy","8":"pa_format-lp-es","9":"pa_gender-progressive60s-70s","10":"pa_label-trading-places","11":"pa_location-uk-ireland-es","12":"pa_other-filters-vinyl-only-es","14":"first","15":"instock","16":"taxable","17":"shipping-taxable","18":"purchasable","19":"product-type-simple"},"acf":[],"yoast_head":"<!-- This site is optimized with the Yoast SEO plugin v24.9 - https:\/\/yoast.com\/wordpress\/plugins\/seo\/ -->\n<title>JONESY - Keeping Up -  (LP) | Guerssen<\/title>\n<meta name=\"description\" content=\"Formed in 1971 by guitarist John Evan-Jones and his bassist brother Trevor, obscure British prog-rock act Jonesy had a shifting line-up and unusual elements, Chicago-born Jimmy Kaleth&#039;s battery of keyboards including a Mellotron. Sophomore set Keeping Up saw Trevor return to the fold, along with drummer Plug Thomas, fresh from sessions with Supertramp; guitarist Ray Russell&#039;s lush string arrangements and Alan Bown&#039;s plaintive trumpet and flugelhorn add extra musical dimensions. Capturing the group at their most eclectic, Keeping Up is a must for Mellotron fans and all lovers of pop, jazz, and blues-tinged prog.\" \/>\n<meta name=\"robots\" content=\"index, follow, max-snippet:-1, max-image-preview:large, max-video-preview:-1\" \/>\n<link rel=\"canonical\" href=\"https:\/\/wpguerssen-test.odoo.rgbconsulting.com\/es\/producto\/keeping-up-2\/\" \/>\n<meta property=\"og:locale\" content=\"es_ES\" \/>\n<meta property=\"og:type\" content=\"article\" \/>\n<meta property=\"og:title\" content=\"JONESY - Keeping Up -  (LP) | Guerssen\" \/>\n<meta property=\"og:description\" content=\"Formed in 1971 by guitarist John Evan-Jones and his bassist brother Trevor, obscure British prog-rock act Jonesy had a shifting line-up and unusual elements, Chicago-born Jimmy Kaleth&#039;s battery of keyboards including a Mellotron. Sophomore set Keeping Up saw Trevor return to the fold, along with drummer Plug Thomas, fresh from sessions with Supertramp; guitarist Ray Russell&#039;s lush string arrangements and Alan Bown&#039;s plaintive trumpet and flugelhorn add extra musical dimensions. Capturing the group at their most eclectic, Keeping Up is a must for Mellotron fans and all lovers of pop, jazz, and blues-tinged prog.\" \/>\n<meta property=\"og:url\" content=\"https:\/\/wpguerssen-test.odoo.rgbconsulting.com\/es\/producto\/keeping-up-2\/\" \/>\n<meta property=\"og:site_name\" content=\"Guerssen records\" \/>\n<meta property=\"article:modified_time\" content=\"2024-06-28T08:30:10+00:00\" \/>\n<meta property=\"og:image\" content=\"https:\/\/wpguerssen-test.odoo.rgbconsulting.com\/wp-content\/uploads\/2023\/04\/42604.jpg\" \/>\n\t<meta property=\"og:image:width\" content=\"734\" \/>\n\t<meta property=\"og:image:height\" content=\"732\" \/>\n\t<meta property=\"og:image:type\" content=\"image\/jpeg\" \/>\n<meta name=\"twitter:card\" content=\"summary_large_image\" \/>\n<meta name=\"twitter:title\" content=\"JONESY - Keeping Up -  (LP) | Guerssen\" \/>\n<script type=\"application\/ld+json\" class=\"yoast-schema-graph\">{\"@context\":\"https:\/\/schema.org\",\"@graph\":[{\"@type\":\"WebPage\",\"@id\":\"https:\/\/wpguerssen-test.odoo.rgbconsulting.com\/es\/producto\/keeping-up-2\/\",\"url\":\"https:\/\/wpguerssen-test.odoo.rgbconsulting.com\/es\/producto\/keeping-up-2\/\",\"name\":\"JONESY - Keeping Up - (LP) | Guerssen\",\"isPartOf\":{\"@id\":\"https:\/\/wpguerssen-test.odoo.rgbconsulting.com\/es\/#website\"},\"primaryImageOfPage\":{\"@id\":\"https:\/\/wpguerssen-test.odoo.rgbconsulting.com\/es\/producto\/keeping-up-2\/#primaryimage\"},\"image\":{\"@id\":\"https:\/\/wpguerssen-test.odoo.rgbconsulting.com\/es\/producto\/keeping-up-2\/#primaryimage\"},\"thumbnailUrl\":\"https:\/\/wpguerssen-test.odoo.rgbconsulting.com\/wp-content\/uploads\/2023\/04\/42604.jpg\",\"datePublished\":\"2023-02-01T23:00:00+00:00\",\"dateModified\":\"2024-06-28T08:30:10+00:00\",\"description\":\"Formed in 1971 by guitarist John Evan-Jones and his bassist brother Trevor, obscure British prog-rock act Jonesy had a shifting line-up and unusual elements, Chicago-born Jimmy Kaleth's battery of keyboards including a Mellotron. Sophomore set Keeping Up saw Trevor return to the fold, along with drummer Plug Thomas, fresh from sessions with Supertramp; guitarist Ray Russell's lush string arrangements and Alan Bown's plaintive trumpet and flugelhorn add extra musical dimensions. Capturing the group at their most eclectic, Keeping Up is a must for Mellotron fans and all lovers of pop, jazz, and blues-tinged prog.\",\"breadcrumb\":{\"@id\":\"https:\/\/wpguerssen-test.odoo.rgbconsulting.com\/es\/producto\/keeping-up-2\/#breadcrumb\"},\"inLanguage\":\"es\",\"potentialAction\":[{\"@type\":\"ReadAction\",\"target\":[\"https:\/\/wpguerssen-test.odoo.rgbconsulting.com\/es\/producto\/keeping-up-2\/\"]}]},{\"@type\":\"ImageObject\",\"inLanguage\":\"es\",\"@id\":\"https:\/\/wpguerssen-test.odoo.rgbconsulting.com\/es\/producto\/keeping-up-2\/#primaryimage\",\"url\":\"https:\/\/wpguerssen-test.odoo.rgbconsulting.com\/wp-content\/uploads\/2023\/04\/42604.jpg\",\"contentUrl\":\"https:\/\/wpguerssen-test.odoo.rgbconsulting.com\/wp-content\/uploads\/2023\/04\/42604.jpg\",\"width\":734,\"height\":732},{\"@type\":\"BreadcrumbList\",\"@id\":\"https:\/\/wpguerssen-test.odoo.rgbconsulting.com\/es\/producto\/keeping-up-2\/#breadcrumb\",\"itemListElement\":[{\"@type\":\"ListItem\",\"position\":1,\"name\":\"Inicio\",\"item\":\"https:\/\/wpguerssen-test.odoo.rgbconsulting.com\/es\/\"},{\"@type\":\"ListItem\",\"position\":2,\"name\":\"Shop\",\"item\":\"https:\/\/wpguerssen-test.odoo.rgbconsulting.com\/shop\/\"},{\"@type\":\"ListItem\",\"position\":3,\"name\":\"Keeping Up\"}]},{\"@type\":\"WebSite\",\"@id\":\"https:\/\/wpguerssen-test.odoo.rgbconsulting.com\/es\/#website\",\"url\":\"https:\/\/wpguerssen-test.odoo.rgbconsulting.com\/es\/\",\"name\":\"Guerssen records\",\"description\":\"psychedelia - progressive - folk - garage \",\"publisher\":{\"@id\":\"https:\/\/wpguerssen-test.odoo.rgbconsulting.com\/es\/#organization\"},\"potentialAction\":[{\"@type\":\"SearchAction\",\"target\":{\"@type\":\"EntryPoint\",\"urlTemplate\":\"https:\/\/wpguerssen-test.odoo.rgbconsulting.com\/es\/?s={search_term_string}\"},\"query-input\":{\"@type\":\"PropertyValueSpecification\",\"valueRequired\":true,\"valueName\":\"search_term_string\"}}],\"inLanguage\":\"es\"},{\"@type\":\"Organization\",\"@id\":\"https:\/\/wpguerssen-test.odoo.rgbconsulting.com\/es\/#organization\",\"name\":\"Guerssen records\",\"url\":\"https:\/\/wpguerssen-test.odoo.rgbconsulting.com\/es\/\",\"logo\":{\"@type\":\"ImageObject\",\"inLanguage\":\"es\",\"@id\":\"https:\/\/wpguerssen-test.odoo.rgbconsulting.com\/es\/#\/schema\/logo\/image\/\",\"url\":\"https:\/\/wpguerssen-test.odoo.rgbconsulting.com\/wp-content\/uploads\/2022\/04\/Logo_Guerssen_trans_100.png\",\"contentUrl\":\"https:\/\/wpguerssen-test.odoo.rgbconsulting.com\/wp-content\/uploads\/2022\/04\/Logo_Guerssen_trans_100.png\",\"width\":122,\"height\":100,\"caption\":\"Guerssen records\"},\"image\":{\"@id\":\"https:\/\/wpguerssen-test.odoo.rgbconsulting.com\/es\/#\/schema\/logo\/image\/\"}}]}<\/script>\n<!-- \/ Yoast SEO plugin. -->","yoast_head_json":{"title":"JONESY - Keeping Up -  (LP) | Guerssen","description":"Formed in 1971 by guitarist John Evan-Jones and his bassist brother Trevor, obscure British prog-rock act Jonesy had a shifting line-up and unusual elements, Chicago-born Jimmy Kaleth's battery of keyboards including a Mellotron. Sophomore set Keeping Up saw Trevor return to the fold, along with drummer Plug Thomas, fresh from sessions with Supertramp; guitarist Ray Russell's lush string arrangements and Alan Bown's plaintive trumpet and flugelhorn add extra musical dimensions. Capturing the group at their most eclectic, Keeping Up is a must for Mellotron fans and all lovers of pop, jazz, and blues-tinged prog.","robots":{"index":"index","follow":"follow","max-snippet":"max-snippet:-1","max-image-preview":"max-image-preview:large","max-video-preview":"max-video-preview:-1"},"canonical":"https:\/\/wpguerssen-test.odoo.rgbconsulting.com\/es\/producto\/keeping-up-2\/","og_locale":"es_ES","og_type":"article","og_title":"JONESY - Keeping Up -  (LP) | Guerssen","og_description":"Formed in 1971 by guitarist John Evan-Jones and his bassist brother Trevor, obscure British prog-rock act Jonesy had a shifting line-up and unusual elements, Chicago-born Jimmy Kaleth's battery of keyboards including a Mellotron. Sophomore set Keeping Up saw Trevor return to the fold, along with drummer Plug Thomas, fresh from sessions with Supertramp; guitarist Ray Russell's lush string arrangements and Alan Bown's plaintive trumpet and flugelhorn add extra musical dimensions. Capturing the group at their most eclectic, Keeping Up is a must for Mellotron fans and all lovers of pop, jazz, and blues-tinged prog.","og_url":"https:\/\/wpguerssen-test.odoo.rgbconsulting.com\/es\/producto\/keeping-up-2\/","og_site_name":"Guerssen records","article_modified_time":"2024-06-28T08:30:10+00:00","og_image":[{"width":734,"height":732,"url":"https:\/\/wpguerssen-test.odoo.rgbconsulting.com\/wp-content\/uploads\/2023\/04\/42604.jpg","type":"image\/jpeg"}],"twitter_card":"summary_large_image","twitter_title":"JONESY - Keeping Up -  (LP) | Guerssen","schema":{"@context":"https:\/\/schema.org","@graph":[{"@type":"WebPage","@id":"https:\/\/wpguerssen-test.odoo.rgbconsulting.com\/es\/producto\/keeping-up-2\/","url":"https:\/\/wpguerssen-test.odoo.rgbconsulting.com\/es\/producto\/keeping-up-2\/","name":"JONESY - Keeping Up - (LP) | Guerssen","isPartOf":{"@id":"https:\/\/wpguerssen-test.odoo.rgbconsulting.com\/es\/#website"},"primaryImageOfPage":{"@id":"https:\/\/wpguerssen-test.odoo.rgbconsulting.com\/es\/producto\/keeping-up-2\/#primaryimage"},"image":{"@id":"https:\/\/wpguerssen-test.odoo.rgbconsulting.com\/es\/producto\/keeping-up-2\/#primaryimage"},"thumbnailUrl":"https:\/\/wpguerssen-test.odoo.rgbconsulting.com\/wp-content\/uploads\/2023\/04\/42604.jpg","datePublished":"2023-02-01T23:00:00+00:00","dateModified":"2024-06-28T08:30:10+00:00","description":"Formed in 1971 by guitarist John Evan-Jones and his bassist brother Trevor, obscure British prog-rock act Jonesy had a shifting line-up and unusual elements, Chicago-born Jimmy Kaleth's battery of keyboards including a Mellotron. Sophomore set Keeping Up saw Trevor return to the fold, along with drummer Plug Thomas, fresh from sessions with Supertramp; guitarist Ray Russell's lush string arrangements and Alan Bown's plaintive trumpet and flugelhorn add extra musical dimensions. Capturing the group at their most eclectic, Keeping Up is a must for Mellotron fans and all lovers of pop, jazz, and blues-tinged prog.","breadcrumb":{"@id":"https:\/\/wpguerssen-test.odoo.rgbconsulting.com\/es\/producto\/keeping-up-2\/#breadcrumb"},"inLanguage":"es","potentialAction":[{"@type":"ReadAction","target":["https:\/\/wpguerssen-test.odoo.rgbconsulting.com\/es\/producto\/keeping-up-2\/"]}]},{"@type":"ImageObject","inLanguage":"es","@id":"https:\/\/wpguerssen-test.odoo.rgbconsulting.com\/es\/producto\/keeping-up-2\/#primaryimage","url":"https:\/\/wpguerssen-test.odoo.rgbconsulting.com\/wp-content\/uploads\/2023\/04\/42604.jpg","contentUrl":"https:\/\/wpguerssen-test.odoo.rgbconsulting.com\/wp-content\/uploads\/2023\/04\/42604.jpg","width":734,"height":732},{"@type":"BreadcrumbList","@id":"https:\/\/wpguerssen-test.odoo.rgbconsulting.com\/es\/producto\/keeping-up-2\/#breadcrumb","itemListElement":[{"@type":"ListItem","position":1,"name":"Inicio","item":"https:\/\/wpguerssen-test.odoo.rgbconsulting.com\/es\/"},{"@type":"ListItem","position":2,"name":"Shop","item":"https:\/\/wpguerssen-test.odoo.rgbconsulting.com\/shop\/"},{"@type":"ListItem","position":3,"name":"Keeping Up"}]},{"@type":"WebSite","@id":"https:\/\/wpguerssen-test.odoo.rgbconsulting.com\/es\/#website","url":"https:\/\/wpguerssen-test.odoo.rgbconsulting.com\/es\/","name":"Guerssen records","description":"psychedelia - progressive - folk - garage ","publisher":{"@id":"https:\/\/wpguerssen-test.odoo.rgbconsulting.com\/es\/#organization"},"potentialAction":[{"@type":"SearchAction","target":{"@type":"EntryPoint","urlTemplate":"https:\/\/wpguerssen-test.odoo.rgbconsulting.com\/es\/?s={search_term_string}"},"query-input":{"@type":"PropertyValueSpecification","valueRequired":true,"valueName":"search_term_string"}}],"inLanguage":"es"},{"@type":"Organization","@id":"https:\/\/wpguerssen-test.odoo.rgbconsulting.com\/es\/#organization","name":"Guerssen records","url":"https:\/\/wpguerssen-test.odoo.rgbconsulting.com\/es\/","logo":{"@type":"ImageObject","inLanguage":"es","@id":"https:\/\/wpguerssen-test.odoo.rgbconsulting.com\/es\/#\/schema\/logo\/image\/","url":"https:\/\/wpguerssen-test.odoo.rgbconsulting.com\/wp-content\/uploads\/2022\/04\/Logo_Guerssen_trans_100.png","contentUrl":"https:\/\/wpguerssen-test.odoo.rgbconsulting.com\/wp-content\/uploads\/2022\/04\/Logo_Guerssen_trans_100.png","width":122,"height":100,"caption":"Guerssen records"},"image":{"@id":"https:\/\/wpguerssen-test.odoo.rgbconsulting.com\/es\/#\/schema\/logo\/image\/"}}]}},"_links":{"self":[{"href":"https:\/\/wpguerssen-test.odoo.rgbconsulting.com\/es\/wp-json\/wp\/v2\/product\/224664","targetHints":{"allow":["GET"]}}],"collection":[{"href":"https:\/\/wpguerssen-test.odoo.rgbconsulting.com\/es\/wp-json\/wp\/v2\/product"}],"about":[{"href":"https:\/\/wpguerssen-test.odoo.rgbconsulting.com\/es\/wp-json\/wp\/v2\/types\/product"}],"wp:featuredmedia":[{"embeddable":true,"href":"https:\/\/wpguerssen-test.odoo.rgbconsulting.com\/es\/wp-json\/wp\/v2\/media\/231307"}],"wp:attachment":[{"href":"https:\/\/wpguerssen-test.odoo.rgbconsulting.com\/es\/wp-json\/wp\/v2\/media?parent=224664"}],"wp:term":[{"taxonomy":"product_brand","embeddable":true,"href":"https:\/\/wpguerssen-test.odoo.rgbconsulting.com\/es\/wp-json\/wp\/v2\/product_brand?post=224664"},{"taxonomy":"product_cat","embeddable":true,"href":"https:\/\/wpguerssen-test.odoo.rgbconsulting.com\/es\/wp-json\/wp\/v2\/product_cat?post=224664"},{"taxonomy":"product_tag","embeddable":true,"href":"https:\/\/wpguerssen-test.odoo.rgbconsulting.com\/es\/wp-json\/wp\/v2\/product_tag?post=224664"}],"curies":[{"name":"wp","href":"https:\/\/api.w.org\/{rel}","templated":true}]}}