{"id":224773,"date":"2023-01-31T00:00:00","date_gmt":"2023-01-30T23:00:00","guid":{"rendered":"https:\/\/wpguerssen-test.odoo.rgbconsulting.com\/product\/de-unicornis-veritate\/"},"modified":"2024-02-21T15:34:41","modified_gmt":"2024-02-21T14:34:41","slug":"de-unicornis-veritate","status":"publish","type":"product","link":"https:\/\/wpguerssen-test.odoo.rgbconsulting.com\/es\/producto\/de-unicornis-veritate\/","title":{"rendered":"De Unicornis Veritate"},"content":{"rendered":"<p>ADN Ckrystall es el seud\u00f3nimo del experimentador de sintetizadores franc\u00e9s \u00c9rick Moncollin. Armado con un Crumar, un Multiman 52 con pedal de metales y pedal de sustain\/volumen, dos Kawai Synthi 100-F, Roland CR-65, Korg PS-3200, Roland Jupiter-4, un Boss flanger, MXR phasing y un TEAC de 8 pistas grabadora produjo su primer LP, Jazz&#8217;Mad, con la ayuda del ingeniero de sonido experto en sintetizadores Benoit Hutin. El LP se autoedit\u00f3 en 1982, fue aclamado por la cr\u00edtica y gener\u00f3 una base de admiradores que lo ha convertido en un cl\u00e1sico atemporal, ya que se ha reeditado cuatro veces desde entonces.<br \/>Pero lo que la mayor\u00eda de la gente no sabe es que Moncollin produjo una segunda \u00e1lbum con canciones escritas en 1982\/1983 que ha permanecido in\u00e9dito desde entonces. Recientemente encontr\u00f3 las cintas en la casa de sus padres y las transfiri\u00f3 para su primer lanzamiento en vinilo.<br \/>Primer lanzamiento con el arte de Moncollin en la portada y notas escritas por \u00e9l mismo. \u00a1Limitado a 500 copias solamente!<\/p>\n","protected":false},"excerpt":{"rendered":"<p>ADN Ckrystall es el seud\u00f3nimo del experimentador de sintetizadores franc\u00e9s \u00c9rick Moncollin. Armado con un Crumar, un Multiman 52 con pedal de metales y pedal de<a class=\"read\" href=\"https:\/\/wpguerssen-test.odoo.rgbconsulting.com\/es\/producto\/de-unicornis-veritate\/\"> (...)<\/a>","protected":false},"featured_media":224803,"template":"","meta":{"_acf_changed":false},"product_brand":[],"product_cat":[23266,23260],"product_tag":[],"class_list":{"0":"post-224773","1":"product","2":"type-product","3":"status-publish","4":"has-post-thumbnail","6":"product_cat-electronic-es","7":"product_cat-avant-garde-experime-es","8":"pa_artist-adn-ckrystall-es-2","9":"pa_format-lp-es","10":"pa_gender-avant-garde-experime-electronic","11":"pa_label-wah-wah-es-2","12":"pa_location-europe-es","13":"pa_other-filters-vinyl-only-es","15":"first","16":"instock","17":"taxable","18":"shipping-taxable","19":"purchasable","20":"product-type-simple"},"acf":[],"yoast_head":"<!-- This site is optimized with the Yoast SEO plugin v24.9 - https:\/\/yoast.com\/wordpress\/plugins\/seo\/ -->\n<title>ADN CKRYSTALL - De Unicornis Veritate -  (LP) | Guerssen<\/title>\n<meta name=\"description\" content=\"ADN Ckrystall is the pseudonym of French synth experimentalist \u00c9rick Moncollin. Armed with a Crumar, Multiman 52 with brass pedal and sustain\/volume pedal, two Kawai Synthi 100-F, Roland CR-65, Korg PS-3200, Roland Jupiter-4, a Boss flanger, MXR phasing and a TEAC 8-track recorder he produced his first LP, Jazz&#039;Mad, with the help of synth expert sound engineer benoit Hutin. The LP was self-released in 1982 to critic aclaim and generated a fan base that has turned it into a timeless classic, having been reissued four times since then.But what most people don&#039;t know is that Moncollin produced a second album with songs written 1982\/1983 that has remained unreleased ever since. Only recently he found the tapes in his parents&#039; house and transfered them for it&#039;s first ever vinyl release.First ever release with Moncollin&#039;s art on cover and liner notes by himself. Limited to 500 copies only!\" \/>\n<meta name=\"robots\" content=\"index, follow, max-snippet:-1, max-image-preview:large, max-video-preview:-1\" \/>\n<link rel=\"canonical\" href=\"https:\/\/wpguerssen-test.odoo.rgbconsulting.com\/es\/producto\/de-unicornis-veritate\/\" \/>\n<meta property=\"og:locale\" content=\"es_ES\" \/>\n<meta property=\"og:type\" content=\"article\" \/>\n<meta property=\"og:title\" content=\"ADN CKRYSTALL - De Unicornis Veritate -  (LP) | Guerssen\" \/>\n<meta property=\"og:description\" content=\"ADN Ckrystall is the pseudonym of French synth experimentalist \u00c9rick Moncollin. Armed with a Crumar, Multiman 52 with brass pedal and sustain\/volume pedal, two Kawai Synthi 100-F, Roland CR-65, Korg PS-3200, Roland Jupiter-4, a Boss flanger, MXR phasing and a TEAC 8-track recorder he produced his first LP, Jazz&#039;Mad, with the help of synth expert sound engineer benoit Hutin. The LP was self-released in 1982 to critic aclaim and generated a fan base that has turned it into a timeless classic, having been reissued four times since then.But what most people don&#039;t know is that Moncollin produced a second album with songs written 1982\/1983 that has remained unreleased ever since. Only recently he found the tapes in his parents&#039; house and transfered them for it&#039;s first ever vinyl release.First ever release with Moncollin&#039;s art on cover and liner notes by himself. Limited to 500 copies only!\" \/>\n<meta property=\"og:url\" content=\"https:\/\/wpguerssen-test.odoo.rgbconsulting.com\/es\/producto\/de-unicornis-veritate\/\" \/>\n<meta property=\"og:site_name\" content=\"Guerssen records\" \/>\n<meta property=\"article:modified_time\" content=\"2024-02-21T14:34:41+00:00\" \/>\n<meta property=\"og:image\" content=\"https:\/\/wpguerssen-test.odoo.rgbconsulting.com\/wp-content\/uploads\/2023\/01\/42614.jpg\" \/>\n\t<meta property=\"og:image:width\" content=\"600\" \/>\n\t<meta property=\"og:image:height\" content=\"600\" \/>\n\t<meta property=\"og:image:type\" content=\"image\/jpeg\" \/>\n<meta name=\"twitter:card\" content=\"summary_large_image\" \/>\n<meta name=\"twitter:title\" content=\"ADN CKRYSTALL - De Unicornis Veritate -  (LP) | Guerssen\" \/>\n<meta name=\"twitter:label1\" content=\"Tiempo de lectura\" \/>\n\t<meta name=\"twitter:data1\" content=\"1 minuto\" \/>\n<script type=\"application\/ld+json\" class=\"yoast-schema-graph\">{\"@context\":\"https:\/\/schema.org\",\"@graph\":[{\"@type\":\"WebPage\",\"@id\":\"https:\/\/wpguerssen-test.odoo.rgbconsulting.com\/es\/producto\/de-unicornis-veritate\/\",\"url\":\"https:\/\/wpguerssen-test.odoo.rgbconsulting.com\/es\/producto\/de-unicornis-veritate\/\",\"name\":\"ADN CKRYSTALL - De Unicornis Veritate - (LP) | Guerssen\",\"isPartOf\":{\"@id\":\"https:\/\/wpguerssen-test.odoo.rgbconsulting.com\/es\/#website\"},\"primaryImageOfPage\":{\"@id\":\"https:\/\/wpguerssen-test.odoo.rgbconsulting.com\/es\/producto\/de-unicornis-veritate\/#primaryimage\"},\"image\":{\"@id\":\"https:\/\/wpguerssen-test.odoo.rgbconsulting.com\/es\/producto\/de-unicornis-veritate\/#primaryimage\"},\"thumbnailUrl\":\"https:\/\/wpguerssen-test.odoo.rgbconsulting.com\/wp-content\/uploads\/2023\/01\/42614.jpg\",\"datePublished\":\"2023-01-30T23:00:00+00:00\",\"dateModified\":\"2024-02-21T14:34:41+00:00\",\"description\":\"ADN Ckrystall is the pseudonym of French synth experimentalist \u00c9rick Moncollin. Armed with a Crumar, Multiman 52 with brass pedal and sustain\/volume pedal, two Kawai Synthi 100-F, Roland CR-65, Korg PS-3200, Roland Jupiter-4, a Boss flanger, MXR phasing and a TEAC 8-track recorder he produced his first LP, Jazz'Mad, with the help of synth expert sound engineer benoit Hutin. The LP was self-released in 1982 to critic aclaim and generated a fan base that has turned it into a timeless classic, having been reissued four times since then.But what most people don't know is that Moncollin produced a second album with songs written 1982\/1983 that has remained unreleased ever since. Only recently he found the tapes in his parents' house and transfered them for it's first ever vinyl release.First ever release with Moncollin's art on cover and liner notes by himself. Limited to 500 copies only!\",\"breadcrumb\":{\"@id\":\"https:\/\/wpguerssen-test.odoo.rgbconsulting.com\/es\/producto\/de-unicornis-veritate\/#breadcrumb\"},\"inLanguage\":\"es\",\"potentialAction\":[{\"@type\":\"ReadAction\",\"target\":[\"https:\/\/wpguerssen-test.odoo.rgbconsulting.com\/es\/producto\/de-unicornis-veritate\/\"]}]},{\"@type\":\"ImageObject\",\"inLanguage\":\"es\",\"@id\":\"https:\/\/wpguerssen-test.odoo.rgbconsulting.com\/es\/producto\/de-unicornis-veritate\/#primaryimage\",\"url\":\"https:\/\/wpguerssen-test.odoo.rgbconsulting.com\/wp-content\/uploads\/2023\/01\/42614.jpg\",\"contentUrl\":\"https:\/\/wpguerssen-test.odoo.rgbconsulting.com\/wp-content\/uploads\/2023\/01\/42614.jpg\",\"width\":600,\"height\":600},{\"@type\":\"BreadcrumbList\",\"@id\":\"https:\/\/wpguerssen-test.odoo.rgbconsulting.com\/es\/producto\/de-unicornis-veritate\/#breadcrumb\",\"itemListElement\":[{\"@type\":\"ListItem\",\"position\":1,\"name\":\"Inicio\",\"item\":\"https:\/\/wpguerssen-test.odoo.rgbconsulting.com\/es\/\"},{\"@type\":\"ListItem\",\"position\":2,\"name\":\"Shop\",\"item\":\"https:\/\/wpguerssen-test.odoo.rgbconsulting.com\/shop\/\"},{\"@type\":\"ListItem\",\"position\":3,\"name\":\"De Unicornis Veritate\"}]},{\"@type\":\"WebSite\",\"@id\":\"https:\/\/wpguerssen-test.odoo.rgbconsulting.com\/es\/#website\",\"url\":\"https:\/\/wpguerssen-test.odoo.rgbconsulting.com\/es\/\",\"name\":\"Guerssen records\",\"description\":\"psychedelia - progressive - folk - garage \",\"publisher\":{\"@id\":\"https:\/\/wpguerssen-test.odoo.rgbconsulting.com\/es\/#organization\"},\"potentialAction\":[{\"@type\":\"SearchAction\",\"target\":{\"@type\":\"EntryPoint\",\"urlTemplate\":\"https:\/\/wpguerssen-test.odoo.rgbconsulting.com\/es\/?s={search_term_string}\"},\"query-input\":{\"@type\":\"PropertyValueSpecification\",\"valueRequired\":true,\"valueName\":\"search_term_string\"}}],\"inLanguage\":\"es\"},{\"@type\":\"Organization\",\"@id\":\"https:\/\/wpguerssen-test.odoo.rgbconsulting.com\/es\/#organization\",\"name\":\"Guerssen records\",\"url\":\"https:\/\/wpguerssen-test.odoo.rgbconsulting.com\/es\/\",\"logo\":{\"@type\":\"ImageObject\",\"inLanguage\":\"es\",\"@id\":\"https:\/\/wpguerssen-test.odoo.rgbconsulting.com\/es\/#\/schema\/logo\/image\/\",\"url\":\"https:\/\/wpguerssen-test.odoo.rgbconsulting.com\/wp-content\/uploads\/2022\/04\/Logo_Guerssen_trans_100.png\",\"contentUrl\":\"https:\/\/wpguerssen-test.odoo.rgbconsulting.com\/wp-content\/uploads\/2022\/04\/Logo_Guerssen_trans_100.png\",\"width\":122,\"height\":100,\"caption\":\"Guerssen records\"},\"image\":{\"@id\":\"https:\/\/wpguerssen-test.odoo.rgbconsulting.com\/es\/#\/schema\/logo\/image\/\"}}]}<\/script>\n<!-- \/ Yoast SEO plugin. -->","yoast_head_json":{"title":"ADN CKRYSTALL - De Unicornis Veritate -  (LP) | Guerssen","description":"ADN Ckrystall is the pseudonym of French synth experimentalist \u00c9rick Moncollin. Armed with a Crumar, Multiman 52 with brass pedal and sustain\/volume pedal, two Kawai Synthi 100-F, Roland CR-65, Korg PS-3200, Roland Jupiter-4, a Boss flanger, MXR phasing and a TEAC 8-track recorder he produced his first LP, Jazz'Mad, with the help of synth expert sound engineer benoit Hutin. The LP was self-released in 1982 to critic aclaim and generated a fan base that has turned it into a timeless classic, having been reissued four times since then.But what most people don't know is that Moncollin produced a second album with songs written 1982\/1983 that has remained unreleased ever since. Only recently he found the tapes in his parents' house and transfered them for it's first ever vinyl release.First ever release with Moncollin's art on cover and liner notes by himself. Limited to 500 copies only!","robots":{"index":"index","follow":"follow","max-snippet":"max-snippet:-1","max-image-preview":"max-image-preview:large","max-video-preview":"max-video-preview:-1"},"canonical":"https:\/\/wpguerssen-test.odoo.rgbconsulting.com\/es\/producto\/de-unicornis-veritate\/","og_locale":"es_ES","og_type":"article","og_title":"ADN CKRYSTALL - De Unicornis Veritate -  (LP) | Guerssen","og_description":"ADN Ckrystall is the pseudonym of French synth experimentalist \u00c9rick Moncollin. Armed with a Crumar, Multiman 52 with brass pedal and sustain\/volume pedal, two Kawai Synthi 100-F, Roland CR-65, Korg PS-3200, Roland Jupiter-4, a Boss flanger, MXR phasing and a TEAC 8-track recorder he produced his first LP, Jazz'Mad, with the help of synth expert sound engineer benoit Hutin. The LP was self-released in 1982 to critic aclaim and generated a fan base that has turned it into a timeless classic, having been reissued four times since then.But what most people don't know is that Moncollin produced a second album with songs written 1982\/1983 that has remained unreleased ever since. Only recently he found the tapes in his parents' house and transfered them for it's first ever vinyl release.First ever release with Moncollin's art on cover and liner notes by himself. Limited to 500 copies only!","og_url":"https:\/\/wpguerssen-test.odoo.rgbconsulting.com\/es\/producto\/de-unicornis-veritate\/","og_site_name":"Guerssen records","article_modified_time":"2024-02-21T14:34:41+00:00","og_image":[{"width":600,"height":600,"url":"https:\/\/wpguerssen-test.odoo.rgbconsulting.com\/wp-content\/uploads\/2023\/01\/42614.jpg","type":"image\/jpeg"}],"twitter_card":"summary_large_image","twitter_title":"ADN CKRYSTALL - De Unicornis Veritate -  (LP) | Guerssen","twitter_misc":{"Tiempo de lectura":"1 minuto"},"schema":{"@context":"https:\/\/schema.org","@graph":[{"@type":"WebPage","@id":"https:\/\/wpguerssen-test.odoo.rgbconsulting.com\/es\/producto\/de-unicornis-veritate\/","url":"https:\/\/wpguerssen-test.odoo.rgbconsulting.com\/es\/producto\/de-unicornis-veritate\/","name":"ADN CKRYSTALL - De Unicornis Veritate - (LP) | Guerssen","isPartOf":{"@id":"https:\/\/wpguerssen-test.odoo.rgbconsulting.com\/es\/#website"},"primaryImageOfPage":{"@id":"https:\/\/wpguerssen-test.odoo.rgbconsulting.com\/es\/producto\/de-unicornis-veritate\/#primaryimage"},"image":{"@id":"https:\/\/wpguerssen-test.odoo.rgbconsulting.com\/es\/producto\/de-unicornis-veritate\/#primaryimage"},"thumbnailUrl":"https:\/\/wpguerssen-test.odoo.rgbconsulting.com\/wp-content\/uploads\/2023\/01\/42614.jpg","datePublished":"2023-01-30T23:00:00+00:00","dateModified":"2024-02-21T14:34:41+00:00","description":"ADN Ckrystall is the pseudonym of French synth experimentalist \u00c9rick Moncollin. Armed with a Crumar, Multiman 52 with brass pedal and sustain\/volume pedal, two Kawai Synthi 100-F, Roland CR-65, Korg PS-3200, Roland Jupiter-4, a Boss flanger, MXR phasing and a TEAC 8-track recorder he produced his first LP, Jazz'Mad, with the help of synth expert sound engineer benoit Hutin. The LP was self-released in 1982 to critic aclaim and generated a fan base that has turned it into a timeless classic, having been reissued four times since then.But what most people don't know is that Moncollin produced a second album with songs written 1982\/1983 that has remained unreleased ever since. Only recently he found the tapes in his parents' house and transfered them for it's first ever vinyl release.First ever release with Moncollin's art on cover and liner notes by himself. Limited to 500 copies only!","breadcrumb":{"@id":"https:\/\/wpguerssen-test.odoo.rgbconsulting.com\/es\/producto\/de-unicornis-veritate\/#breadcrumb"},"inLanguage":"es","potentialAction":[{"@type":"ReadAction","target":["https:\/\/wpguerssen-test.odoo.rgbconsulting.com\/es\/producto\/de-unicornis-veritate\/"]}]},{"@type":"ImageObject","inLanguage":"es","@id":"https:\/\/wpguerssen-test.odoo.rgbconsulting.com\/es\/producto\/de-unicornis-veritate\/#primaryimage","url":"https:\/\/wpguerssen-test.odoo.rgbconsulting.com\/wp-content\/uploads\/2023\/01\/42614.jpg","contentUrl":"https:\/\/wpguerssen-test.odoo.rgbconsulting.com\/wp-content\/uploads\/2023\/01\/42614.jpg","width":600,"height":600},{"@type":"BreadcrumbList","@id":"https:\/\/wpguerssen-test.odoo.rgbconsulting.com\/es\/producto\/de-unicornis-veritate\/#breadcrumb","itemListElement":[{"@type":"ListItem","position":1,"name":"Inicio","item":"https:\/\/wpguerssen-test.odoo.rgbconsulting.com\/es\/"},{"@type":"ListItem","position":2,"name":"Shop","item":"https:\/\/wpguerssen-test.odoo.rgbconsulting.com\/shop\/"},{"@type":"ListItem","position":3,"name":"De Unicornis Veritate"}]},{"@type":"WebSite","@id":"https:\/\/wpguerssen-test.odoo.rgbconsulting.com\/es\/#website","url":"https:\/\/wpguerssen-test.odoo.rgbconsulting.com\/es\/","name":"Guerssen records","description":"psychedelia - progressive - folk - garage ","publisher":{"@id":"https:\/\/wpguerssen-test.odoo.rgbconsulting.com\/es\/#organization"},"potentialAction":[{"@type":"SearchAction","target":{"@type":"EntryPoint","urlTemplate":"https:\/\/wpguerssen-test.odoo.rgbconsulting.com\/es\/?s={search_term_string}"},"query-input":{"@type":"PropertyValueSpecification","valueRequired":true,"valueName":"search_term_string"}}],"inLanguage":"es"},{"@type":"Organization","@id":"https:\/\/wpguerssen-test.odoo.rgbconsulting.com\/es\/#organization","name":"Guerssen records","url":"https:\/\/wpguerssen-test.odoo.rgbconsulting.com\/es\/","logo":{"@type":"ImageObject","inLanguage":"es","@id":"https:\/\/wpguerssen-test.odoo.rgbconsulting.com\/es\/#\/schema\/logo\/image\/","url":"https:\/\/wpguerssen-test.odoo.rgbconsulting.com\/wp-content\/uploads\/2022\/04\/Logo_Guerssen_trans_100.png","contentUrl":"https:\/\/wpguerssen-test.odoo.rgbconsulting.com\/wp-content\/uploads\/2022\/04\/Logo_Guerssen_trans_100.png","width":122,"height":100,"caption":"Guerssen records"},"image":{"@id":"https:\/\/wpguerssen-test.odoo.rgbconsulting.com\/es\/#\/schema\/logo\/image\/"}}]}},"_links":{"self":[{"href":"https:\/\/wpguerssen-test.odoo.rgbconsulting.com\/es\/wp-json\/wp\/v2\/product\/224773","targetHints":{"allow":["GET"]}}],"collection":[{"href":"https:\/\/wpguerssen-test.odoo.rgbconsulting.com\/es\/wp-json\/wp\/v2\/product"}],"about":[{"href":"https:\/\/wpguerssen-test.odoo.rgbconsulting.com\/es\/wp-json\/wp\/v2\/types\/product"}],"wp:featuredmedia":[{"embeddable":true,"href":"https:\/\/wpguerssen-test.odoo.rgbconsulting.com\/es\/wp-json\/wp\/v2\/media\/224803"}],"wp:attachment":[{"href":"https:\/\/wpguerssen-test.odoo.rgbconsulting.com\/es\/wp-json\/wp\/v2\/media?parent=224773"}],"wp:term":[{"taxonomy":"product_brand","embeddable":true,"href":"https:\/\/wpguerssen-test.odoo.rgbconsulting.com\/es\/wp-json\/wp\/v2\/product_brand?post=224773"},{"taxonomy":"product_cat","embeddable":true,"href":"https:\/\/wpguerssen-test.odoo.rgbconsulting.com\/es\/wp-json\/wp\/v2\/product_cat?post=224773"},{"taxonomy":"product_tag","embeddable":true,"href":"https:\/\/wpguerssen-test.odoo.rgbconsulting.com\/es\/wp-json\/wp\/v2\/product_tag?post=224773"}],"curies":[{"name":"wp","href":"https:\/\/api.w.org\/{rel}","templated":true}]}}