{"id":224778,"date":"2023-01-30T00:00:00","date_gmt":"2023-01-29T23:00:00","guid":{"rendered":"https:\/\/wpguerssen-test.odoo.rgbconsulting.com\/product\/la-bataille-de-pali-kao\/"},"modified":"2024-09-03T16:13:15","modified_gmt":"2024-09-03T14:13:15","slug":"la-bataille-de-pali-kao","status":"publish","type":"product","link":"https:\/\/wpguerssen-test.odoo.rgbconsulting.com\/es\/producto\/la-bataille-de-pali-kao\/","title":{"rendered":"La Bataille De Pali-Kao"},"content":{"rendered":"<p>Por primera vez en versi\u00f3n vinilo blanco + dos carteles (formato A2 con fotos, dibujos y textos), aqu\u00ed est\u00e1 la adaptaci\u00f3n de la famosa V.I.S.A. cinta lanzada en 1983 \u00abMeilleurs extraits des deux concerts \u00e0 Paris\u00bb (Mejores extractos de dos conciertos en Par\u00eds) que ofrece una inmersi\u00f3n fr\u00eda y brutal en las primeras representaciones esc\u00e9nicas de B\u00e9rurier Noir.<\/p>\n","protected":false},"excerpt":{"rendered":"<p>Por primera vez en versi\u00f3n vinilo blanco + dos carteles (formato A2 con fotos, dibujos y textos), aqu\u00ed est\u00e1 la adaptaci\u00f3n de la famosa V.I.S.A. cinta lanzada en<a class=\"read\" href=\"https:\/\/wpguerssen-test.odoo.rgbconsulting.com\/es\/producto\/la-bataille-de-pali-kao\/\"> (...)<\/a>","protected":false},"featured_media":226075,"template":"","meta":{"_acf_changed":false},"product_brand":[],"product_cat":[21650],"product_tag":[],"class_list":{"0":"post-224778","1":"product","2":"type-product","3":"status-publish","4":"has-post-thumbnail","6":"product_cat-punk-es","7":"pa_artist-berurier-noir","8":"pa_format-lp-es","9":"pa_gender-punk","10":"pa_label-archives-de-la-zone-mondiale","11":"pa_location-europe-es","12":"pa_other-filters-vinyl-only-es","14":"first","15":"instock","16":"taxable","17":"shipping-taxable","18":"purchasable","19":"product-type-simple"},"acf":[],"yoast_head":"<!-- This site is optimized with the Yoast SEO plugin v24.9 - https:\/\/yoast.com\/wordpress\/plugins\/seo\/ -->\n<title>BERURIER NOIR - La Bataille De Pali-Kao -  (LP) | Guerssen<\/title>\n<meta name=\"description\" content=\"For the first time in a white vinyl version + two posters (A2 format with photos, drawings and texts), here is the adaptation of the famous V.I.S.A. tape released in 1983 &quot;Meilleurs extraits des deux concerts \u00e0 Paris&quot; (Best extracts from two concerts in Paris) which offers a cold and brutal dive into B\u00e9rurier Noir&#039;s first stage performances.The title of this album refers to the self-managed factory on rue de Pali-Kao, in the 20th arrondissement, where B\u00e9rurier Noir played their first concert. It&#039;s easy to imagine the omnipresent smoke that slightly obscures the view, the heady smell of warm beers and the repetitive sound of capsules falling to the ground, the floor trembling under the incessant hammering of rangers, docs and creepers from the audience... This famous ra\u00efa, destructive and colourful, which encouraged the duo to continue their adventures whereas Fran\u00e7ois and Loran had simply planned to bury the band after the concert!\" \/>\n<meta name=\"robots\" content=\"index, follow, max-snippet:-1, max-image-preview:large, max-video-preview:-1\" \/>\n<link rel=\"canonical\" href=\"https:\/\/wpguerssen-test.odoo.rgbconsulting.com\/es\/producto\/la-bataille-de-pali-kao\/\" \/>\n<meta property=\"og:locale\" content=\"es_ES\" \/>\n<meta property=\"og:type\" content=\"article\" \/>\n<meta property=\"og:title\" content=\"BERURIER NOIR - La Bataille De Pali-Kao -  (LP) | Guerssen\" \/>\n<meta property=\"og:description\" content=\"For the first time in a white vinyl version + two posters (A2 format with photos, drawings and texts), here is the adaptation of the famous V.I.S.A. tape released in 1983 &quot;Meilleurs extraits des deux concerts \u00e0 Paris&quot; (Best extracts from two concerts in Paris) which offers a cold and brutal dive into B\u00e9rurier Noir&#039;s first stage performances.The title of this album refers to the self-managed factory on rue de Pali-Kao, in the 20th arrondissement, where B\u00e9rurier Noir played their first concert. It&#039;s easy to imagine the omnipresent smoke that slightly obscures the view, the heady smell of warm beers and the repetitive sound of capsules falling to the ground, the floor trembling under the incessant hammering of rangers, docs and creepers from the audience... This famous ra\u00efa, destructive and colourful, which encouraged the duo to continue their adventures whereas Fran\u00e7ois and Loran had simply planned to bury the band after the concert!\" \/>\n<meta property=\"og:url\" content=\"https:\/\/wpguerssen-test.odoo.rgbconsulting.com\/es\/producto\/la-bataille-de-pali-kao\/\" \/>\n<meta property=\"og:site_name\" content=\"Guerssen records\" \/>\n<meta property=\"article:modified_time\" content=\"2024-09-03T14:13:15+00:00\" \/>\n<meta property=\"og:image\" content=\"https:\/\/wpguerssen-test.odoo.rgbconsulting.com\/wp-content\/uploads\/2023\/01\/42619.jpg\" \/>\n\t<meta property=\"og:image:width\" content=\"340\" \/>\n\t<meta property=\"og:image:height\" content=\"340\" \/>\n\t<meta property=\"og:image:type\" content=\"image\/jpeg\" \/>\n<meta name=\"twitter:card\" content=\"summary_large_image\" \/>\n<meta name=\"twitter:title\" content=\"BERURIER NOIR - La Bataille De Pali-Kao -  (LP) | Guerssen\" \/>\n<script type=\"application\/ld+json\" class=\"yoast-schema-graph\">{\"@context\":\"https:\/\/schema.org\",\"@graph\":[{\"@type\":\"WebPage\",\"@id\":\"https:\/\/wpguerssen-test.odoo.rgbconsulting.com\/es\/producto\/la-bataille-de-pali-kao\/\",\"url\":\"https:\/\/wpguerssen-test.odoo.rgbconsulting.com\/es\/producto\/la-bataille-de-pali-kao\/\",\"name\":\"BERURIER NOIR - La Bataille De Pali-Kao - (LP) | Guerssen\",\"isPartOf\":{\"@id\":\"https:\/\/wpguerssen-test.odoo.rgbconsulting.com\/es\/#website\"},\"primaryImageOfPage\":{\"@id\":\"https:\/\/wpguerssen-test.odoo.rgbconsulting.com\/es\/producto\/la-bataille-de-pali-kao\/#primaryimage\"},\"image\":{\"@id\":\"https:\/\/wpguerssen-test.odoo.rgbconsulting.com\/es\/producto\/la-bataille-de-pali-kao\/#primaryimage\"},\"thumbnailUrl\":\"https:\/\/wpguerssen-test.odoo.rgbconsulting.com\/wp-content\/uploads\/2023\/01\/42619.jpg\",\"datePublished\":\"2023-01-29T23:00:00+00:00\",\"dateModified\":\"2024-09-03T14:13:15+00:00\",\"description\":\"For the first time in a white vinyl version + two posters (A2 format with photos, drawings and texts), here is the adaptation of the famous V.I.S.A. tape released in 1983 \\\"Meilleurs extraits des deux concerts \u00e0 Paris\\\" (Best extracts from two concerts in Paris) which offers a cold and brutal dive into B\u00e9rurier Noir's first stage performances.The title of this album refers to the self-managed factory on rue de Pali-Kao, in the 20th arrondissement, where B\u00e9rurier Noir played their first concert. It's easy to imagine the omnipresent smoke that slightly obscures the view, the heady smell of warm beers and the repetitive sound of capsules falling to the ground, the floor trembling under the incessant hammering of rangers, docs and creepers from the audience... This famous ra\u00efa, destructive and colourful, which encouraged the duo to continue their adventures whereas Fran\u00e7ois and Loran had simply planned to bury the band after the concert!\",\"breadcrumb\":{\"@id\":\"https:\/\/wpguerssen-test.odoo.rgbconsulting.com\/es\/producto\/la-bataille-de-pali-kao\/#breadcrumb\"},\"inLanguage\":\"es\",\"potentialAction\":[{\"@type\":\"ReadAction\",\"target\":[\"https:\/\/wpguerssen-test.odoo.rgbconsulting.com\/es\/producto\/la-bataille-de-pali-kao\/\"]}]},{\"@type\":\"ImageObject\",\"inLanguage\":\"es\",\"@id\":\"https:\/\/wpguerssen-test.odoo.rgbconsulting.com\/es\/producto\/la-bataille-de-pali-kao\/#primaryimage\",\"url\":\"https:\/\/wpguerssen-test.odoo.rgbconsulting.com\/wp-content\/uploads\/2023\/01\/42619.jpg\",\"contentUrl\":\"https:\/\/wpguerssen-test.odoo.rgbconsulting.com\/wp-content\/uploads\/2023\/01\/42619.jpg\",\"width\":340,\"height\":340},{\"@type\":\"BreadcrumbList\",\"@id\":\"https:\/\/wpguerssen-test.odoo.rgbconsulting.com\/es\/producto\/la-bataille-de-pali-kao\/#breadcrumb\",\"itemListElement\":[{\"@type\":\"ListItem\",\"position\":1,\"name\":\"Inicio\",\"item\":\"https:\/\/wpguerssen-test.odoo.rgbconsulting.com\/es\/\"},{\"@type\":\"ListItem\",\"position\":2,\"name\":\"Shop\",\"item\":\"https:\/\/wpguerssen-test.odoo.rgbconsulting.com\/shop\/\"},{\"@type\":\"ListItem\",\"position\":3,\"name\":\"La Bataille De Pali-Kao\"}]},{\"@type\":\"WebSite\",\"@id\":\"https:\/\/wpguerssen-test.odoo.rgbconsulting.com\/es\/#website\",\"url\":\"https:\/\/wpguerssen-test.odoo.rgbconsulting.com\/es\/\",\"name\":\"Guerssen records\",\"description\":\"psychedelia - progressive - folk - garage \",\"publisher\":{\"@id\":\"https:\/\/wpguerssen-test.odoo.rgbconsulting.com\/es\/#organization\"},\"potentialAction\":[{\"@type\":\"SearchAction\",\"target\":{\"@type\":\"EntryPoint\",\"urlTemplate\":\"https:\/\/wpguerssen-test.odoo.rgbconsulting.com\/es\/?s={search_term_string}\"},\"query-input\":{\"@type\":\"PropertyValueSpecification\",\"valueRequired\":true,\"valueName\":\"search_term_string\"}}],\"inLanguage\":\"es\"},{\"@type\":\"Organization\",\"@id\":\"https:\/\/wpguerssen-test.odoo.rgbconsulting.com\/es\/#organization\",\"name\":\"Guerssen records\",\"url\":\"https:\/\/wpguerssen-test.odoo.rgbconsulting.com\/es\/\",\"logo\":{\"@type\":\"ImageObject\",\"inLanguage\":\"es\",\"@id\":\"https:\/\/wpguerssen-test.odoo.rgbconsulting.com\/es\/#\/schema\/logo\/image\/\",\"url\":\"https:\/\/wpguerssen-test.odoo.rgbconsulting.com\/wp-content\/uploads\/2022\/04\/Logo_Guerssen_trans_100.png\",\"contentUrl\":\"https:\/\/wpguerssen-test.odoo.rgbconsulting.com\/wp-content\/uploads\/2022\/04\/Logo_Guerssen_trans_100.png\",\"width\":122,\"height\":100,\"caption\":\"Guerssen records\"},\"image\":{\"@id\":\"https:\/\/wpguerssen-test.odoo.rgbconsulting.com\/es\/#\/schema\/logo\/image\/\"}}]}<\/script>\n<!-- \/ Yoast SEO plugin. -->","yoast_head_json":{"title":"BERURIER NOIR - La Bataille De Pali-Kao -  (LP) | Guerssen","description":"For the first time in a white vinyl version + two posters (A2 format with photos, drawings and texts), here is the adaptation of the famous V.I.S.A. tape released in 1983 \"Meilleurs extraits des deux concerts \u00e0 Paris\" (Best extracts from two concerts in Paris) which offers a cold and brutal dive into B\u00e9rurier Noir's first stage performances.The title of this album refers to the self-managed factory on rue de Pali-Kao, in the 20th arrondissement, where B\u00e9rurier Noir played their first concert. It's easy to imagine the omnipresent smoke that slightly obscures the view, the heady smell of warm beers and the repetitive sound of capsules falling to the ground, the floor trembling under the incessant hammering of rangers, docs and creepers from the audience... This famous ra\u00efa, destructive and colourful, which encouraged the duo to continue their adventures whereas Fran\u00e7ois and Loran had simply planned to bury the band after the concert!","robots":{"index":"index","follow":"follow","max-snippet":"max-snippet:-1","max-image-preview":"max-image-preview:large","max-video-preview":"max-video-preview:-1"},"canonical":"https:\/\/wpguerssen-test.odoo.rgbconsulting.com\/es\/producto\/la-bataille-de-pali-kao\/","og_locale":"es_ES","og_type":"article","og_title":"BERURIER NOIR - La Bataille De Pali-Kao -  (LP) | Guerssen","og_description":"For the first time in a white vinyl version + two posters (A2 format with photos, drawings and texts), here is the adaptation of the famous V.I.S.A. tape released in 1983 \"Meilleurs extraits des deux concerts \u00e0 Paris\" (Best extracts from two concerts in Paris) which offers a cold and brutal dive into B\u00e9rurier Noir's first stage performances.The title of this album refers to the self-managed factory on rue de Pali-Kao, in the 20th arrondissement, where B\u00e9rurier Noir played their first concert. It's easy to imagine the omnipresent smoke that slightly obscures the view, the heady smell of warm beers and the repetitive sound of capsules falling to the ground, the floor trembling under the incessant hammering of rangers, docs and creepers from the audience... This famous ra\u00efa, destructive and colourful, which encouraged the duo to continue their adventures whereas Fran\u00e7ois and Loran had simply planned to bury the band after the concert!","og_url":"https:\/\/wpguerssen-test.odoo.rgbconsulting.com\/es\/producto\/la-bataille-de-pali-kao\/","og_site_name":"Guerssen records","article_modified_time":"2024-09-03T14:13:15+00:00","og_image":[{"width":340,"height":340,"url":"https:\/\/wpguerssen-test.odoo.rgbconsulting.com\/wp-content\/uploads\/2023\/01\/42619.jpg","type":"image\/jpeg"}],"twitter_card":"summary_large_image","twitter_title":"BERURIER NOIR - La Bataille De Pali-Kao -  (LP) | Guerssen","schema":{"@context":"https:\/\/schema.org","@graph":[{"@type":"WebPage","@id":"https:\/\/wpguerssen-test.odoo.rgbconsulting.com\/es\/producto\/la-bataille-de-pali-kao\/","url":"https:\/\/wpguerssen-test.odoo.rgbconsulting.com\/es\/producto\/la-bataille-de-pali-kao\/","name":"BERURIER NOIR - La Bataille De Pali-Kao - (LP) | Guerssen","isPartOf":{"@id":"https:\/\/wpguerssen-test.odoo.rgbconsulting.com\/es\/#website"},"primaryImageOfPage":{"@id":"https:\/\/wpguerssen-test.odoo.rgbconsulting.com\/es\/producto\/la-bataille-de-pali-kao\/#primaryimage"},"image":{"@id":"https:\/\/wpguerssen-test.odoo.rgbconsulting.com\/es\/producto\/la-bataille-de-pali-kao\/#primaryimage"},"thumbnailUrl":"https:\/\/wpguerssen-test.odoo.rgbconsulting.com\/wp-content\/uploads\/2023\/01\/42619.jpg","datePublished":"2023-01-29T23:00:00+00:00","dateModified":"2024-09-03T14:13:15+00:00","description":"For the first time in a white vinyl version + two posters (A2 format with photos, drawings and texts), here is the adaptation of the famous V.I.S.A. tape released in 1983 \"Meilleurs extraits des deux concerts \u00e0 Paris\" (Best extracts from two concerts in Paris) which offers a cold and brutal dive into B\u00e9rurier Noir's first stage performances.The title of this album refers to the self-managed factory on rue de Pali-Kao, in the 20th arrondissement, where B\u00e9rurier Noir played their first concert. It's easy to imagine the omnipresent smoke that slightly obscures the view, the heady smell of warm beers and the repetitive sound of capsules falling to the ground, the floor trembling under the incessant hammering of rangers, docs and creepers from the audience... This famous ra\u00efa, destructive and colourful, which encouraged the duo to continue their adventures whereas Fran\u00e7ois and Loran had simply planned to bury the band after the concert!","breadcrumb":{"@id":"https:\/\/wpguerssen-test.odoo.rgbconsulting.com\/es\/producto\/la-bataille-de-pali-kao\/#breadcrumb"},"inLanguage":"es","potentialAction":[{"@type":"ReadAction","target":["https:\/\/wpguerssen-test.odoo.rgbconsulting.com\/es\/producto\/la-bataille-de-pali-kao\/"]}]},{"@type":"ImageObject","inLanguage":"es","@id":"https:\/\/wpguerssen-test.odoo.rgbconsulting.com\/es\/producto\/la-bataille-de-pali-kao\/#primaryimage","url":"https:\/\/wpguerssen-test.odoo.rgbconsulting.com\/wp-content\/uploads\/2023\/01\/42619.jpg","contentUrl":"https:\/\/wpguerssen-test.odoo.rgbconsulting.com\/wp-content\/uploads\/2023\/01\/42619.jpg","width":340,"height":340},{"@type":"BreadcrumbList","@id":"https:\/\/wpguerssen-test.odoo.rgbconsulting.com\/es\/producto\/la-bataille-de-pali-kao\/#breadcrumb","itemListElement":[{"@type":"ListItem","position":1,"name":"Inicio","item":"https:\/\/wpguerssen-test.odoo.rgbconsulting.com\/es\/"},{"@type":"ListItem","position":2,"name":"Shop","item":"https:\/\/wpguerssen-test.odoo.rgbconsulting.com\/shop\/"},{"@type":"ListItem","position":3,"name":"La Bataille De Pali-Kao"}]},{"@type":"WebSite","@id":"https:\/\/wpguerssen-test.odoo.rgbconsulting.com\/es\/#website","url":"https:\/\/wpguerssen-test.odoo.rgbconsulting.com\/es\/","name":"Guerssen records","description":"psychedelia - progressive - folk - garage ","publisher":{"@id":"https:\/\/wpguerssen-test.odoo.rgbconsulting.com\/es\/#organization"},"potentialAction":[{"@type":"SearchAction","target":{"@type":"EntryPoint","urlTemplate":"https:\/\/wpguerssen-test.odoo.rgbconsulting.com\/es\/?s={search_term_string}"},"query-input":{"@type":"PropertyValueSpecification","valueRequired":true,"valueName":"search_term_string"}}],"inLanguage":"es"},{"@type":"Organization","@id":"https:\/\/wpguerssen-test.odoo.rgbconsulting.com\/es\/#organization","name":"Guerssen records","url":"https:\/\/wpguerssen-test.odoo.rgbconsulting.com\/es\/","logo":{"@type":"ImageObject","inLanguage":"es","@id":"https:\/\/wpguerssen-test.odoo.rgbconsulting.com\/es\/#\/schema\/logo\/image\/","url":"https:\/\/wpguerssen-test.odoo.rgbconsulting.com\/wp-content\/uploads\/2022\/04\/Logo_Guerssen_trans_100.png","contentUrl":"https:\/\/wpguerssen-test.odoo.rgbconsulting.com\/wp-content\/uploads\/2022\/04\/Logo_Guerssen_trans_100.png","width":122,"height":100,"caption":"Guerssen records"},"image":{"@id":"https:\/\/wpguerssen-test.odoo.rgbconsulting.com\/es\/#\/schema\/logo\/image\/"}}]}},"_links":{"self":[{"href":"https:\/\/wpguerssen-test.odoo.rgbconsulting.com\/es\/wp-json\/wp\/v2\/product\/224778","targetHints":{"allow":["GET"]}}],"collection":[{"href":"https:\/\/wpguerssen-test.odoo.rgbconsulting.com\/es\/wp-json\/wp\/v2\/product"}],"about":[{"href":"https:\/\/wpguerssen-test.odoo.rgbconsulting.com\/es\/wp-json\/wp\/v2\/types\/product"}],"wp:featuredmedia":[{"embeddable":true,"href":"https:\/\/wpguerssen-test.odoo.rgbconsulting.com\/es\/wp-json\/wp\/v2\/media\/226075"}],"wp:attachment":[{"href":"https:\/\/wpguerssen-test.odoo.rgbconsulting.com\/es\/wp-json\/wp\/v2\/media?parent=224778"}],"wp:term":[{"taxonomy":"product_brand","embeddable":true,"href":"https:\/\/wpguerssen-test.odoo.rgbconsulting.com\/es\/wp-json\/wp\/v2\/product_brand?post=224778"},{"taxonomy":"product_cat","embeddable":true,"href":"https:\/\/wpguerssen-test.odoo.rgbconsulting.com\/es\/wp-json\/wp\/v2\/product_cat?post=224778"},{"taxonomy":"product_tag","embeddable":true,"href":"https:\/\/wpguerssen-test.odoo.rgbconsulting.com\/es\/wp-json\/wp\/v2\/product_tag?post=224778"}],"curies":[{"name":"wp","href":"https:\/\/api.w.org\/{rel}","templated":true}]}}