{"id":224806,"date":"2023-02-15T00:00:00","date_gmt":"2023-02-14T23:00:00","guid":{"rendered":"https:\/\/wpguerssen-test.odoo.rgbconsulting.com\/product\/um-grito-de-guerra\/"},"modified":"2025-04-10T16:37:16","modified_gmt":"2025-04-10T14:37:16","slug":"um-grito-de-guerra","status":"publish","type":"product","link":"https:\/\/wpguerssen-test.odoo.rgbconsulting.com\/es\/producto\/um-grito-de-guerra\/","title":{"rendered":"Um Grito de Guerra"},"content":{"rendered":"<p>Santo Grial brasile\u00f1o de 1979 disputado por coleccionistas de todo el mundo. <\/p>\n<p> Reedici\u00f3n oficial por primera vez en todo el mundo. Vinilo negro de 180 gramos. Cubierta de tapa dura. OBI<br \/>La portada del LP \u00abUm Grito de Guerra\u00bb nos invita a entrar en la nave de Pedrinho y embarcarnos en una serie de sonidos que revelan armon\u00edas de jazz amaz\u00f3nico, guitarras groovy, un swing funky y ataques de teclado progresivos. Sin embargo, el viaje musical no deja de ser ambiguo en su estilo, revelando un paseo sobre las copas de los \u00e1rboles m\u00e1s all\u00e1 de los \u00abmares del Sur\u00bb. Entonces, debemos perdernos en la inmensidad antes incluso de las palabras de mando que definen este sonido.<\/p>\n","protected":false},"excerpt":{"rendered":"<p>Santo Grial brasile\u00f1o de 1979 disputado por coleccionistas de todo el mundo. <\/p>\n<p>\u00a0<\/p>\n<p> Reedici\u00f3n oficial por primera vez en todo el mundo. Vinilo negro<a class=\"read\" href=\"https:\/\/wpguerssen-test.odoo.rgbconsulting.com\/es\/producto\/um-grito-de-guerra\/\"> (...)<\/a>","protected":false},"featured_media":224788,"template":"","meta":{"_acf_changed":false},"product_brand":[],"product_cat":[23219,23266],"product_tag":[],"class_list":{"0":"post-224806","1":"product","2":"type-product","3":"status-publish","4":"has-post-thumbnail","6":"product_cat-funk-es","7":"product_cat-electronic-es","8":"pa_artist-sampaio-pedrinho","9":"pa_format-lp-es","10":"pa_gender-funk-electronic","11":"pa_label-mad-about-records-es","12":"pa_location-south-america-caribbean-es","13":"pa_other-filters-vinyl-only-es","15":"first","16":"instock","17":"taxable","18":"shipping-taxable","19":"purchasable","20":"product-type-simple"},"acf":[],"yoast_head":"<!-- This site is optimized with the Yoast SEO plugin v24.9 - https:\/\/yoast.com\/wordpress\/plugins\/seo\/ -->\n<title>SAMPAIO, Pedrinho - Um Grito de Guerra -  (LP) | Guerssen<\/title>\n<meta name=\"description\" content=\"1979 Brazilian Holy Grail disputed by collectors worldwide. #nl# Official Reissue for the first time Worldwide. 180-gram black vinyl. Hardcover sleeve. OBIThe LP &quot;Um Grito de Guerra&quot; cover invites us to enter Pedrinho&#039;s ship and embark on a series of sounds that reveal Amazonian jazz harmonies, groovy guitars, a funky swing, and progressive keyboard attacks. However, the musical journey is not unambiguous in its style, unveiling a walk over the treetops beyond the &quot;Southern seas&quot;. So, we must get lost in the immensity before even commanding words defining this sound.From his cabin, Pedrinho controls his keyboards (an instrument that became so commonplace in the following decades), extracting all his creative power and masterfully conducting a band that swells the musical stew, bringing a new song that was part of the creative process of the eponymous show.An authentic Brazilian gem! Ranging from funk to soul to boogie, jazz and beyond, this little-known album by Amazonas state native Pedrinho Sampaio titled &quot;Um Grito De Guerra&quot; is the collection of musical works created for a theatrical show by the same name. The presentation focused on a few points, but the primary focus was rescuing the Amazonian identity and protecting the environment against Transamazonica. Pedrinho handles producing and arranging, along with keyboards and vocals. #nl# Tracklist: SIDE A: A1. Pensando Em Pensar... - A2. No Ar... Um Grito de Guerra! - A3. No\u00e7\u00f5es de Piano-Harp - A4. Rio Negro - A5. MiragemSIDE B: B1. Todas As Crian\u00e7as da Terra - B2. Manaus - B3. A Fonte - B4. Correnteza - B5. Transamaz\u00f4nica\" \/>\n<meta name=\"robots\" content=\"index, follow, max-snippet:-1, max-image-preview:large, max-video-preview:-1\" \/>\n<link rel=\"canonical\" href=\"https:\/\/wpguerssen-test.odoo.rgbconsulting.com\/es\/producto\/um-grito-de-guerra\/\" \/>\n<meta property=\"og:locale\" content=\"es_ES\" \/>\n<meta property=\"og:type\" content=\"article\" \/>\n<meta property=\"og:title\" content=\"SAMPAIO, Pedrinho - Um Grito de Guerra -  (LP) | Guerssen\" \/>\n<meta property=\"og:description\" content=\"1979 Brazilian Holy Grail disputed by collectors worldwide. #nl# Official Reissue for the first time Worldwide. 180-gram black vinyl. Hardcover sleeve. OBIThe LP &quot;Um Grito de Guerra&quot; cover invites us to enter Pedrinho&#039;s ship and embark on a series of sounds that reveal Amazonian jazz harmonies, groovy guitars, a funky swing, and progressive keyboard attacks. However, the musical journey is not unambiguous in its style, unveiling a walk over the treetops beyond the &quot;Southern seas&quot;. So, we must get lost in the immensity before even commanding words defining this sound.From his cabin, Pedrinho controls his keyboards (an instrument that became so commonplace in the following decades), extracting all his creative power and masterfully conducting a band that swells the musical stew, bringing a new song that was part of the creative process of the eponymous show.An authentic Brazilian gem! Ranging from funk to soul to boogie, jazz and beyond, this little-known album by Amazonas state native Pedrinho Sampaio titled &quot;Um Grito De Guerra&quot; is the collection of musical works created for a theatrical show by the same name. The presentation focused on a few points, but the primary focus was rescuing the Amazonian identity and protecting the environment against Transamazonica. Pedrinho handles producing and arranging, along with keyboards and vocals. #nl# Tracklist: SIDE A: A1. Pensando Em Pensar... - A2. No Ar... Um Grito de Guerra! - A3. No\u00e7\u00f5es de Piano-Harp - A4. Rio Negro - A5. MiragemSIDE B: B1. Todas As Crian\u00e7as da Terra - B2. Manaus - B3. A Fonte - B4. Correnteza - B5. Transamaz\u00f4nica\" \/>\n<meta property=\"og:url\" content=\"https:\/\/wpguerssen-test.odoo.rgbconsulting.com\/es\/producto\/um-grito-de-guerra\/\" \/>\n<meta property=\"og:site_name\" content=\"Guerssen records\" \/>\n<meta property=\"article:modified_time\" content=\"2025-04-10T14:37:16+00:00\" \/>\n<meta property=\"og:image\" content=\"https:\/\/wpguerssen-test.odoo.rgbconsulting.com\/wp-content\/uploads\/2023\/01\/42624-scaled.jpg\" \/>\n\t<meta property=\"og:image:width\" content=\"2560\" \/>\n\t<meta property=\"og:image:height\" content=\"2560\" \/>\n\t<meta property=\"og:image:type\" content=\"image\/jpeg\" \/>\n<meta name=\"twitter:card\" content=\"summary_large_image\" \/>\n<meta name=\"twitter:title\" content=\"SAMPAIO, Pedrinho - Um Grito de Guerra -  (LP) | Guerssen\" \/>\n<meta name=\"twitter:label1\" content=\"Tiempo de lectura\" \/>\n\t<meta name=\"twitter:data1\" content=\"1 minuto\" \/>\n<script type=\"application\/ld+json\" class=\"yoast-schema-graph\">{\"@context\":\"https:\/\/schema.org\",\"@graph\":[{\"@type\":\"WebPage\",\"@id\":\"https:\/\/wpguerssen-test.odoo.rgbconsulting.com\/es\/producto\/um-grito-de-guerra\/\",\"url\":\"https:\/\/wpguerssen-test.odoo.rgbconsulting.com\/es\/producto\/um-grito-de-guerra\/\",\"name\":\"SAMPAIO, Pedrinho - Um Grito de Guerra - (LP) | Guerssen\",\"isPartOf\":{\"@id\":\"https:\/\/wpguerssen-test.odoo.rgbconsulting.com\/es\/#website\"},\"primaryImageOfPage\":{\"@id\":\"https:\/\/wpguerssen-test.odoo.rgbconsulting.com\/es\/producto\/um-grito-de-guerra\/#primaryimage\"},\"image\":{\"@id\":\"https:\/\/wpguerssen-test.odoo.rgbconsulting.com\/es\/producto\/um-grito-de-guerra\/#primaryimage\"},\"thumbnailUrl\":\"https:\/\/wpguerssen-test.odoo.rgbconsulting.com\/wp-content\/uploads\/2023\/01\/42624-scaled.jpg\",\"datePublished\":\"2023-02-14T23:00:00+00:00\",\"dateModified\":\"2025-04-10T14:37:16+00:00\",\"description\":\"1979 Brazilian Holy Grail disputed by collectors worldwide. #nl# Official Reissue for the first time Worldwide. 180-gram black vinyl. Hardcover sleeve. OBIThe LP \\\"Um Grito de Guerra\\\" cover invites us to enter Pedrinho's ship and embark on a series of sounds that reveal Amazonian jazz harmonies, groovy guitars, a funky swing, and progressive keyboard attacks. However, the musical journey is not unambiguous in its style, unveiling a walk over the treetops beyond the \\\"Southern seas\\\". So, we must get lost in the immensity before even commanding words defining this sound.From his cabin, Pedrinho controls his keyboards (an instrument that became so commonplace in the following decades), extracting all his creative power and masterfully conducting a band that swells the musical stew, bringing a new song that was part of the creative process of the eponymous show.An authentic Brazilian gem! Ranging from funk to soul to boogie, jazz and beyond, this little-known album by Amazonas state native Pedrinho Sampaio titled \\\"Um Grito De Guerra\\\" is the collection of musical works created for a theatrical show by the same name. The presentation focused on a few points, but the primary focus was rescuing the Amazonian identity and protecting the environment against Transamazonica. Pedrinho handles producing and arranging, along with keyboards and vocals. #nl# Tracklist: SIDE A: A1. Pensando Em Pensar... - A2. No Ar... Um Grito de Guerra! - A3. No\u00e7\u00f5es de Piano-Harp - A4. Rio Negro - A5. MiragemSIDE B: B1. Todas As Crian\u00e7as da Terra - B2. Manaus - B3. A Fonte - B4. Correnteza - B5. Transamaz\u00f4nica\",\"breadcrumb\":{\"@id\":\"https:\/\/wpguerssen-test.odoo.rgbconsulting.com\/es\/producto\/um-grito-de-guerra\/#breadcrumb\"},\"inLanguage\":\"es\",\"potentialAction\":[{\"@type\":\"ReadAction\",\"target\":[\"https:\/\/wpguerssen-test.odoo.rgbconsulting.com\/es\/producto\/um-grito-de-guerra\/\"]}]},{\"@type\":\"ImageObject\",\"inLanguage\":\"es\",\"@id\":\"https:\/\/wpguerssen-test.odoo.rgbconsulting.com\/es\/producto\/um-grito-de-guerra\/#primaryimage\",\"url\":\"https:\/\/wpguerssen-test.odoo.rgbconsulting.com\/wp-content\/uploads\/2023\/01\/42624-scaled.jpg\",\"contentUrl\":\"https:\/\/wpguerssen-test.odoo.rgbconsulting.com\/wp-content\/uploads\/2023\/01\/42624-scaled.jpg\",\"width\":2560,\"height\":2560,\"caption\":\"Pedrinho - Um Grito de Guerra - MAD ABOUT RECORDS (LP) | Guerssen\"},{\"@type\":\"BreadcrumbList\",\"@id\":\"https:\/\/wpguerssen-test.odoo.rgbconsulting.com\/es\/producto\/um-grito-de-guerra\/#breadcrumb\",\"itemListElement\":[{\"@type\":\"ListItem\",\"position\":1,\"name\":\"Inicio\",\"item\":\"https:\/\/wpguerssen-test.odoo.rgbconsulting.com\/es\/\"},{\"@type\":\"ListItem\",\"position\":2,\"name\":\"Shop\",\"item\":\"https:\/\/wpguerssen-test.odoo.rgbconsulting.com\/shop\/\"},{\"@type\":\"ListItem\",\"position\":3,\"name\":\"Um Grito de Guerra\"}]},{\"@type\":\"WebSite\",\"@id\":\"https:\/\/wpguerssen-test.odoo.rgbconsulting.com\/es\/#website\",\"url\":\"https:\/\/wpguerssen-test.odoo.rgbconsulting.com\/es\/\",\"name\":\"Guerssen records\",\"description\":\"psychedelia - progressive - folk - garage \",\"publisher\":{\"@id\":\"https:\/\/wpguerssen-test.odoo.rgbconsulting.com\/es\/#organization\"},\"potentialAction\":[{\"@type\":\"SearchAction\",\"target\":{\"@type\":\"EntryPoint\",\"urlTemplate\":\"https:\/\/wpguerssen-test.odoo.rgbconsulting.com\/es\/?s={search_term_string}\"},\"query-input\":{\"@type\":\"PropertyValueSpecification\",\"valueRequired\":true,\"valueName\":\"search_term_string\"}}],\"inLanguage\":\"es\"},{\"@type\":\"Organization\",\"@id\":\"https:\/\/wpguerssen-test.odoo.rgbconsulting.com\/es\/#organization\",\"name\":\"Guerssen records\",\"url\":\"https:\/\/wpguerssen-test.odoo.rgbconsulting.com\/es\/\",\"logo\":{\"@type\":\"ImageObject\",\"inLanguage\":\"es\",\"@id\":\"https:\/\/wpguerssen-test.odoo.rgbconsulting.com\/es\/#\/schema\/logo\/image\/\",\"url\":\"https:\/\/wpguerssen-test.odoo.rgbconsulting.com\/wp-content\/uploads\/2022\/04\/Logo_Guerssen_trans_100.png\",\"contentUrl\":\"https:\/\/wpguerssen-test.odoo.rgbconsulting.com\/wp-content\/uploads\/2022\/04\/Logo_Guerssen_trans_100.png\",\"width\":122,\"height\":100,\"caption\":\"Guerssen records\"},\"image\":{\"@id\":\"https:\/\/wpguerssen-test.odoo.rgbconsulting.com\/es\/#\/schema\/logo\/image\/\"}}]}<\/script>\n<!-- \/ Yoast SEO plugin. -->","yoast_head_json":{"title":"SAMPAIO, Pedrinho - Um Grito de Guerra -  (LP) | Guerssen","description":"1979 Brazilian Holy Grail disputed by collectors worldwide. #nl# Official Reissue for the first time Worldwide. 180-gram black vinyl. Hardcover sleeve. OBIThe LP \"Um Grito de Guerra\" cover invites us to enter Pedrinho's ship and embark on a series of sounds that reveal Amazonian jazz harmonies, groovy guitars, a funky swing, and progressive keyboard attacks. However, the musical journey is not unambiguous in its style, unveiling a walk over the treetops beyond the \"Southern seas\". So, we must get lost in the immensity before even commanding words defining this sound.From his cabin, Pedrinho controls his keyboards (an instrument that became so commonplace in the following decades), extracting all his creative power and masterfully conducting a band that swells the musical stew, bringing a new song that was part of the creative process of the eponymous show.An authentic Brazilian gem! Ranging from funk to soul to boogie, jazz and beyond, this little-known album by Amazonas state native Pedrinho Sampaio titled \"Um Grito De Guerra\" is the collection of musical works created for a theatrical show by the same name. The presentation focused on a few points, but the primary focus was rescuing the Amazonian identity and protecting the environment against Transamazonica. Pedrinho handles producing and arranging, along with keyboards and vocals. #nl# Tracklist: SIDE A: A1. Pensando Em Pensar... - A2. No Ar... Um Grito de Guerra! - A3. No\u00e7\u00f5es de Piano-Harp - A4. Rio Negro - A5. MiragemSIDE B: B1. Todas As Crian\u00e7as da Terra - B2. Manaus - B3. A Fonte - B4. Correnteza - B5. Transamaz\u00f4nica","robots":{"index":"index","follow":"follow","max-snippet":"max-snippet:-1","max-image-preview":"max-image-preview:large","max-video-preview":"max-video-preview:-1"},"canonical":"https:\/\/wpguerssen-test.odoo.rgbconsulting.com\/es\/producto\/um-grito-de-guerra\/","og_locale":"es_ES","og_type":"article","og_title":"SAMPAIO, Pedrinho - Um Grito de Guerra -  (LP) | Guerssen","og_description":"1979 Brazilian Holy Grail disputed by collectors worldwide. #nl# Official Reissue for the first time Worldwide. 180-gram black vinyl. Hardcover sleeve. OBIThe LP \"Um Grito de Guerra\" cover invites us to enter Pedrinho's ship and embark on a series of sounds that reveal Amazonian jazz harmonies, groovy guitars, a funky swing, and progressive keyboard attacks. However, the musical journey is not unambiguous in its style, unveiling a walk over the treetops beyond the \"Southern seas\". So, we must get lost in the immensity before even commanding words defining this sound.From his cabin, Pedrinho controls his keyboards (an instrument that became so commonplace in the following decades), extracting all his creative power and masterfully conducting a band that swells the musical stew, bringing a new song that was part of the creative process of the eponymous show.An authentic Brazilian gem! Ranging from funk to soul to boogie, jazz and beyond, this little-known album by Amazonas state native Pedrinho Sampaio titled \"Um Grito De Guerra\" is the collection of musical works created for a theatrical show by the same name. The presentation focused on a few points, but the primary focus was rescuing the Amazonian identity and protecting the environment against Transamazonica. Pedrinho handles producing and arranging, along with keyboards and vocals. #nl# Tracklist: SIDE A: A1. Pensando Em Pensar... - A2. No Ar... Um Grito de Guerra! - A3. No\u00e7\u00f5es de Piano-Harp - A4. Rio Negro - A5. MiragemSIDE B: B1. Todas As Crian\u00e7as da Terra - B2. Manaus - B3. A Fonte - B4. Correnteza - B5. Transamaz\u00f4nica","og_url":"https:\/\/wpguerssen-test.odoo.rgbconsulting.com\/es\/producto\/um-grito-de-guerra\/","og_site_name":"Guerssen records","article_modified_time":"2025-04-10T14:37:16+00:00","og_image":[{"width":2560,"height":2560,"url":"https:\/\/wpguerssen-test.odoo.rgbconsulting.com\/wp-content\/uploads\/2023\/01\/42624-scaled.jpg","type":"image\/jpeg"}],"twitter_card":"summary_large_image","twitter_title":"SAMPAIO, Pedrinho - Um Grito de Guerra -  (LP) | Guerssen","twitter_misc":{"Tiempo de lectura":"1 minuto"},"schema":{"@context":"https:\/\/schema.org","@graph":[{"@type":"WebPage","@id":"https:\/\/wpguerssen-test.odoo.rgbconsulting.com\/es\/producto\/um-grito-de-guerra\/","url":"https:\/\/wpguerssen-test.odoo.rgbconsulting.com\/es\/producto\/um-grito-de-guerra\/","name":"SAMPAIO, Pedrinho - Um Grito de Guerra - (LP) | Guerssen","isPartOf":{"@id":"https:\/\/wpguerssen-test.odoo.rgbconsulting.com\/es\/#website"},"primaryImageOfPage":{"@id":"https:\/\/wpguerssen-test.odoo.rgbconsulting.com\/es\/producto\/um-grito-de-guerra\/#primaryimage"},"image":{"@id":"https:\/\/wpguerssen-test.odoo.rgbconsulting.com\/es\/producto\/um-grito-de-guerra\/#primaryimage"},"thumbnailUrl":"https:\/\/wpguerssen-test.odoo.rgbconsulting.com\/wp-content\/uploads\/2023\/01\/42624-scaled.jpg","datePublished":"2023-02-14T23:00:00+00:00","dateModified":"2025-04-10T14:37:16+00:00","description":"1979 Brazilian Holy Grail disputed by collectors worldwide. #nl# Official Reissue for the first time Worldwide. 180-gram black vinyl. Hardcover sleeve. OBIThe LP \"Um Grito de Guerra\" cover invites us to enter Pedrinho's ship and embark on a series of sounds that reveal Amazonian jazz harmonies, groovy guitars, a funky swing, and progressive keyboard attacks. However, the musical journey is not unambiguous in its style, unveiling a walk over the treetops beyond the \"Southern seas\". So, we must get lost in the immensity before even commanding words defining this sound.From his cabin, Pedrinho controls his keyboards (an instrument that became so commonplace in the following decades), extracting all his creative power and masterfully conducting a band that swells the musical stew, bringing a new song that was part of the creative process of the eponymous show.An authentic Brazilian gem! Ranging from funk to soul to boogie, jazz and beyond, this little-known album by Amazonas state native Pedrinho Sampaio titled \"Um Grito De Guerra\" is the collection of musical works created for a theatrical show by the same name. The presentation focused on a few points, but the primary focus was rescuing the Amazonian identity and protecting the environment against Transamazonica. Pedrinho handles producing and arranging, along with keyboards and vocals. #nl# Tracklist: SIDE A: A1. Pensando Em Pensar... - A2. No Ar... Um Grito de Guerra! - A3. No\u00e7\u00f5es de Piano-Harp - A4. Rio Negro - A5. MiragemSIDE B: B1. Todas As Crian\u00e7as da Terra - B2. Manaus - B3. A Fonte - B4. Correnteza - B5. Transamaz\u00f4nica","breadcrumb":{"@id":"https:\/\/wpguerssen-test.odoo.rgbconsulting.com\/es\/producto\/um-grito-de-guerra\/#breadcrumb"},"inLanguage":"es","potentialAction":[{"@type":"ReadAction","target":["https:\/\/wpguerssen-test.odoo.rgbconsulting.com\/es\/producto\/um-grito-de-guerra\/"]}]},{"@type":"ImageObject","inLanguage":"es","@id":"https:\/\/wpguerssen-test.odoo.rgbconsulting.com\/es\/producto\/um-grito-de-guerra\/#primaryimage","url":"https:\/\/wpguerssen-test.odoo.rgbconsulting.com\/wp-content\/uploads\/2023\/01\/42624-scaled.jpg","contentUrl":"https:\/\/wpguerssen-test.odoo.rgbconsulting.com\/wp-content\/uploads\/2023\/01\/42624-scaled.jpg","width":2560,"height":2560,"caption":"Pedrinho - Um Grito de Guerra - MAD ABOUT RECORDS (LP) | Guerssen"},{"@type":"BreadcrumbList","@id":"https:\/\/wpguerssen-test.odoo.rgbconsulting.com\/es\/producto\/um-grito-de-guerra\/#breadcrumb","itemListElement":[{"@type":"ListItem","position":1,"name":"Inicio","item":"https:\/\/wpguerssen-test.odoo.rgbconsulting.com\/es\/"},{"@type":"ListItem","position":2,"name":"Shop","item":"https:\/\/wpguerssen-test.odoo.rgbconsulting.com\/shop\/"},{"@type":"ListItem","position":3,"name":"Um Grito de Guerra"}]},{"@type":"WebSite","@id":"https:\/\/wpguerssen-test.odoo.rgbconsulting.com\/es\/#website","url":"https:\/\/wpguerssen-test.odoo.rgbconsulting.com\/es\/","name":"Guerssen records","description":"psychedelia - progressive - folk - garage ","publisher":{"@id":"https:\/\/wpguerssen-test.odoo.rgbconsulting.com\/es\/#organization"},"potentialAction":[{"@type":"SearchAction","target":{"@type":"EntryPoint","urlTemplate":"https:\/\/wpguerssen-test.odoo.rgbconsulting.com\/es\/?s={search_term_string}"},"query-input":{"@type":"PropertyValueSpecification","valueRequired":true,"valueName":"search_term_string"}}],"inLanguage":"es"},{"@type":"Organization","@id":"https:\/\/wpguerssen-test.odoo.rgbconsulting.com\/es\/#organization","name":"Guerssen records","url":"https:\/\/wpguerssen-test.odoo.rgbconsulting.com\/es\/","logo":{"@type":"ImageObject","inLanguage":"es","@id":"https:\/\/wpguerssen-test.odoo.rgbconsulting.com\/es\/#\/schema\/logo\/image\/","url":"https:\/\/wpguerssen-test.odoo.rgbconsulting.com\/wp-content\/uploads\/2022\/04\/Logo_Guerssen_trans_100.png","contentUrl":"https:\/\/wpguerssen-test.odoo.rgbconsulting.com\/wp-content\/uploads\/2022\/04\/Logo_Guerssen_trans_100.png","width":122,"height":100,"caption":"Guerssen records"},"image":{"@id":"https:\/\/wpguerssen-test.odoo.rgbconsulting.com\/es\/#\/schema\/logo\/image\/"}}]}},"_links":{"self":[{"href":"https:\/\/wpguerssen-test.odoo.rgbconsulting.com\/es\/wp-json\/wp\/v2\/product\/224806","targetHints":{"allow":["GET"]}}],"collection":[{"href":"https:\/\/wpguerssen-test.odoo.rgbconsulting.com\/es\/wp-json\/wp\/v2\/product"}],"about":[{"href":"https:\/\/wpguerssen-test.odoo.rgbconsulting.com\/es\/wp-json\/wp\/v2\/types\/product"}],"wp:featuredmedia":[{"embeddable":true,"href":"https:\/\/wpguerssen-test.odoo.rgbconsulting.com\/es\/wp-json\/wp\/v2\/media\/224788"}],"wp:attachment":[{"href":"https:\/\/wpguerssen-test.odoo.rgbconsulting.com\/es\/wp-json\/wp\/v2\/media?parent=224806"}],"wp:term":[{"taxonomy":"product_brand","embeddable":true,"href":"https:\/\/wpguerssen-test.odoo.rgbconsulting.com\/es\/wp-json\/wp\/v2\/product_brand?post=224806"},{"taxonomy":"product_cat","embeddable":true,"href":"https:\/\/wpguerssen-test.odoo.rgbconsulting.com\/es\/wp-json\/wp\/v2\/product_cat?post=224806"},{"taxonomy":"product_tag","embeddable":true,"href":"https:\/\/wpguerssen-test.odoo.rgbconsulting.com\/es\/wp-json\/wp\/v2\/product_tag?post=224806"}],"curies":[{"name":"wp","href":"https:\/\/api.w.org\/{rel}","templated":true}]}}