{"id":224867,"date":"2023-02-13T00:00:00","date_gmt":"2023-02-12T23:00:00","guid":{"rendered":"https:\/\/wpguerssen-test.odoo.rgbconsulting.com\/product\/musikforum-schloss-viktring-austria-july-20-72\/"},"modified":"2024-12-09T17:43:52","modified_gmt":"2024-12-09T16:43:52","slug":"musikforum-schloss-viktring-austria-july-20-72","status":"publish","type":"product","link":"https:\/\/wpguerssen-test.odoo.rgbconsulting.com\/es\/producto\/musikforum-schloss-viktring-austria-july-20-72\/","title":{"rendered":"Musikforum Schloss, Viktring, Austria July 20, 72"},"content":{"rendered":"<p>Grabado en vivo en Austria en 1972, este destacado documento marca un evento importante como el encuentro entre Don Cherry y Dollar Brand. Aqu\u00ed, el maestro de la trompeta de jazz moderno y el gran pianista sudafricano, junto con la percusionista Nana Vasconcelos y el bajista Johnny Dyani, se ven atrapados en medio de un ritual sonoro donde los elementos del jazz y los ecos de la m\u00fasica mundial aparecen completamente integrados en una especie de m\u00fasica org\u00e1nica y visionaria. Una profunda experiencia sensorial basada en valores humanos y art\u00edsticos y principios de libertad. Don Cherry (trompeta, voz); Dollar Brand (piano, flauta, voz); Johnny Dyani (contrabajo, percusi\u00f3n, voz); Nana Vasconcelos (berimbau, percusi\u00f3n, voz).<\/p>\n","protected":false},"excerpt":{"rendered":"<p>Grabado en vivo en Austria en 1972, este destacado documento marca un evento importante como el encuentro entre Don Cherry y Dollar Brand. Aqu\u00ed, el maestro de la<a class=\"read\" href=\"https:\/\/wpguerssen-test.odoo.rgbconsulting.com\/es\/producto\/musikforum-schloss-viktring-austria-july-20-72\/\"> (...)<\/a>","protected":false},"featured_media":224824,"template":"","meta":{"_acf_changed":false},"product_brand":[],"product_cat":[23227],"product_tag":[],"class_list":{"0":"post-224867","1":"product","2":"type-product","3":"status-publish","4":"has-post-thumbnail","6":"product_cat-jazz-es","7":"pa_artist-cherry-don-dollar-brand","8":"pa_format-2lp-es","9":"pa_gender-jazz","10":"pa_label-whp","11":"pa_location-europe-es","12":"pa_other-filters-vinyl-only-es","14":"first","15":"instock","16":"taxable","17":"shipping-taxable","18":"purchasable","19":"product-type-simple"},"acf":[],"yoast_head":"<!-- This site is optimized with the Yoast SEO plugin v24.9 - https:\/\/yoast.com\/wordpress\/plugins\/seo\/ -->\n<title>CHERRY, Don &amp; DOLLAR BRAND - Musikforum Schloss, Viktring, Austria July 20, 72 -  (2LP) | Guerssen<\/title>\n<meta name=\"description\" content=\"Recorded live in Austria in 1972 this outstanding document marks an important event such as the meeting between Don Cherry and Dollar Brand. Here the modern jazz trumpet master and the great South-African pianist along with percussionist Nana Vasconcelos and bassist Johnny Dyani are caught in the middle of a sound ritual where Jazz elements and world music echoes appear as fully integrated in some sort of visionary, organic music form. A deep sensorial experience based on human and artistic values and freedom principles. Don Cherry (trumpet, vocals); Dollar Brand] (piano, flute, vocals); Johnny Dyani (double bass, percussion, vocals); Nana Vasconcelos (berimbau, percussion, vocals).\" \/>\n<meta name=\"robots\" content=\"index, follow, max-snippet:-1, max-image-preview:large, max-video-preview:-1\" \/>\n<link rel=\"canonical\" href=\"https:\/\/wpguerssen-test.odoo.rgbconsulting.com\/es\/producto\/musikforum-schloss-viktring-austria-july-20-72\/\" \/>\n<meta property=\"og:locale\" content=\"es_ES\" \/>\n<meta property=\"og:type\" content=\"article\" \/>\n<meta property=\"og:title\" content=\"CHERRY, Don &amp; DOLLAR BRAND - Musikforum Schloss, Viktring, Austria July 20, 72 -  (2LP) | Guerssen\" \/>\n<meta property=\"og:description\" content=\"Recorded live in Austria in 1972 this outstanding document marks an important event such as the meeting between Don Cherry and Dollar Brand. Here the modern jazz trumpet master and the great South-African pianist along with percussionist Nana Vasconcelos and bassist Johnny Dyani are caught in the middle of a sound ritual where Jazz elements and world music echoes appear as fully integrated in some sort of visionary, organic music form. A deep sensorial experience based on human and artistic values and freedom principles. Don Cherry (trumpet, vocals); Dollar Brand] (piano, flute, vocals); Johnny Dyani (double bass, percussion, vocals); Nana Vasconcelos (berimbau, percussion, vocals).\" \/>\n<meta property=\"og:url\" content=\"https:\/\/wpguerssen-test.odoo.rgbconsulting.com\/es\/producto\/musikforum-schloss-viktring-austria-july-20-72\/\" \/>\n<meta property=\"og:site_name\" content=\"Guerssen records\" \/>\n<meta property=\"article:modified_time\" content=\"2024-12-09T16:43:52+00:00\" \/>\n<meta property=\"og:image\" content=\"https:\/\/wpguerssen-test.odoo.rgbconsulting.com\/wp-content\/uploads\/2023\/01\/42628-scaled.jpg\" \/>\n\t<meta property=\"og:image:width\" content=\"2560\" \/>\n\t<meta property=\"og:image:height\" content=\"2560\" \/>\n\t<meta property=\"og:image:type\" content=\"image\/jpeg\" \/>\n<meta name=\"twitter:card\" content=\"summary_large_image\" \/>\n<meta name=\"twitter:title\" content=\"CHERRY, Don &amp; DOLLAR BRAND - Musikforum Schloss, Viktring, Austria July 20, 72 -  (2LP) | Guerssen\" \/>\n<meta name=\"twitter:label1\" content=\"Tiempo de lectura\" \/>\n\t<meta name=\"twitter:data1\" content=\"1 minuto\" \/>\n<script type=\"application\/ld+json\" class=\"yoast-schema-graph\">{\"@context\":\"https:\/\/schema.org\",\"@graph\":[{\"@type\":\"WebPage\",\"@id\":\"https:\/\/wpguerssen-test.odoo.rgbconsulting.com\/es\/producto\/musikforum-schloss-viktring-austria-july-20-72\/\",\"url\":\"https:\/\/wpguerssen-test.odoo.rgbconsulting.com\/es\/producto\/musikforum-schloss-viktring-austria-july-20-72\/\",\"name\":\"CHERRY, Don & DOLLAR BRAND - Musikforum Schloss, Viktring, Austria July 20, 72 - (2LP) | Guerssen\",\"isPartOf\":{\"@id\":\"https:\/\/wpguerssen-test.odoo.rgbconsulting.com\/es\/#website\"},\"primaryImageOfPage\":{\"@id\":\"https:\/\/wpguerssen-test.odoo.rgbconsulting.com\/es\/producto\/musikforum-schloss-viktring-austria-july-20-72\/#primaryimage\"},\"image\":{\"@id\":\"https:\/\/wpguerssen-test.odoo.rgbconsulting.com\/es\/producto\/musikforum-schloss-viktring-austria-july-20-72\/#primaryimage\"},\"thumbnailUrl\":\"https:\/\/wpguerssen-test.odoo.rgbconsulting.com\/wp-content\/uploads\/2023\/01\/42628-scaled.jpg\",\"datePublished\":\"2023-02-12T23:00:00+00:00\",\"dateModified\":\"2024-12-09T16:43:52+00:00\",\"description\":\"Recorded live in Austria in 1972 this outstanding document marks an important event such as the meeting between Don Cherry and Dollar Brand. Here the modern jazz trumpet master and the great South-African pianist along with percussionist Nana Vasconcelos and bassist Johnny Dyani are caught in the middle of a sound ritual where Jazz elements and world music echoes appear as fully integrated in some sort of visionary, organic music form. A deep sensorial experience based on human and artistic values and freedom principles. Don Cherry (trumpet, vocals); Dollar Brand] (piano, flute, vocals); Johnny Dyani (double bass, percussion, vocals); Nana Vasconcelos (berimbau, percussion, vocals).\",\"breadcrumb\":{\"@id\":\"https:\/\/wpguerssen-test.odoo.rgbconsulting.com\/es\/producto\/musikforum-schloss-viktring-austria-july-20-72\/#breadcrumb\"},\"inLanguage\":\"es\",\"potentialAction\":[{\"@type\":\"ReadAction\",\"target\":[\"https:\/\/wpguerssen-test.odoo.rgbconsulting.com\/es\/producto\/musikforum-schloss-viktring-austria-july-20-72\/\"]}]},{\"@type\":\"ImageObject\",\"inLanguage\":\"es\",\"@id\":\"https:\/\/wpguerssen-test.odoo.rgbconsulting.com\/es\/producto\/musikforum-schloss-viktring-austria-july-20-72\/#primaryimage\",\"url\":\"https:\/\/wpguerssen-test.odoo.rgbconsulting.com\/wp-content\/uploads\/2023\/01\/42628-scaled.jpg\",\"contentUrl\":\"https:\/\/wpguerssen-test.odoo.rgbconsulting.com\/wp-content\/uploads\/2023\/01\/42628-scaled.jpg\",\"width\":2560,\"height\":2560,\"caption\":\"Don & DOLLAR BRAND - Musikforum Schloss\"},{\"@type\":\"BreadcrumbList\",\"@id\":\"https:\/\/wpguerssen-test.odoo.rgbconsulting.com\/es\/producto\/musikforum-schloss-viktring-austria-july-20-72\/#breadcrumb\",\"itemListElement\":[{\"@type\":\"ListItem\",\"position\":1,\"name\":\"Inicio\",\"item\":\"https:\/\/wpguerssen-test.odoo.rgbconsulting.com\/es\/\"},{\"@type\":\"ListItem\",\"position\":2,\"name\":\"Shop\",\"item\":\"https:\/\/wpguerssen-test.odoo.rgbconsulting.com\/shop\/\"},{\"@type\":\"ListItem\",\"position\":3,\"name\":\"Musikforum Schloss, Viktring, Austria July 20, 72\"}]},{\"@type\":\"WebSite\",\"@id\":\"https:\/\/wpguerssen-test.odoo.rgbconsulting.com\/es\/#website\",\"url\":\"https:\/\/wpguerssen-test.odoo.rgbconsulting.com\/es\/\",\"name\":\"Guerssen records\",\"description\":\"psychedelia - progressive - folk - garage \",\"publisher\":{\"@id\":\"https:\/\/wpguerssen-test.odoo.rgbconsulting.com\/es\/#organization\"},\"potentialAction\":[{\"@type\":\"SearchAction\",\"target\":{\"@type\":\"EntryPoint\",\"urlTemplate\":\"https:\/\/wpguerssen-test.odoo.rgbconsulting.com\/es\/?s={search_term_string}\"},\"query-input\":{\"@type\":\"PropertyValueSpecification\",\"valueRequired\":true,\"valueName\":\"search_term_string\"}}],\"inLanguage\":\"es\"},{\"@type\":\"Organization\",\"@id\":\"https:\/\/wpguerssen-test.odoo.rgbconsulting.com\/es\/#organization\",\"name\":\"Guerssen records\",\"url\":\"https:\/\/wpguerssen-test.odoo.rgbconsulting.com\/es\/\",\"logo\":{\"@type\":\"ImageObject\",\"inLanguage\":\"es\",\"@id\":\"https:\/\/wpguerssen-test.odoo.rgbconsulting.com\/es\/#\/schema\/logo\/image\/\",\"url\":\"https:\/\/wpguerssen-test.odoo.rgbconsulting.com\/wp-content\/uploads\/2022\/04\/Logo_Guerssen_trans_100.png\",\"contentUrl\":\"https:\/\/wpguerssen-test.odoo.rgbconsulting.com\/wp-content\/uploads\/2022\/04\/Logo_Guerssen_trans_100.png\",\"width\":122,\"height\":100,\"caption\":\"Guerssen records\"},\"image\":{\"@id\":\"https:\/\/wpguerssen-test.odoo.rgbconsulting.com\/es\/#\/schema\/logo\/image\/\"}}]}<\/script>\n<!-- \/ Yoast SEO plugin. -->","yoast_head_json":{"title":"CHERRY, Don & DOLLAR BRAND - Musikforum Schloss, Viktring, Austria July 20, 72 -  (2LP) | Guerssen","description":"Recorded live in Austria in 1972 this outstanding document marks an important event such as the meeting between Don Cherry and Dollar Brand. Here the modern jazz trumpet master and the great South-African pianist along with percussionist Nana Vasconcelos and bassist Johnny Dyani are caught in the middle of a sound ritual where Jazz elements and world music echoes appear as fully integrated in some sort of visionary, organic music form. A deep sensorial experience based on human and artistic values and freedom principles. Don Cherry (trumpet, vocals); Dollar Brand] (piano, flute, vocals); Johnny Dyani (double bass, percussion, vocals); Nana Vasconcelos (berimbau, percussion, vocals).","robots":{"index":"index","follow":"follow","max-snippet":"max-snippet:-1","max-image-preview":"max-image-preview:large","max-video-preview":"max-video-preview:-1"},"canonical":"https:\/\/wpguerssen-test.odoo.rgbconsulting.com\/es\/producto\/musikforum-schloss-viktring-austria-july-20-72\/","og_locale":"es_ES","og_type":"article","og_title":"CHERRY, Don & DOLLAR BRAND - Musikforum Schloss, Viktring, Austria July 20, 72 -  (2LP) | Guerssen","og_description":"Recorded live in Austria in 1972 this outstanding document marks an important event such as the meeting between Don Cherry and Dollar Brand. Here the modern jazz trumpet master and the great South-African pianist along with percussionist Nana Vasconcelos and bassist Johnny Dyani are caught in the middle of a sound ritual where Jazz elements and world music echoes appear as fully integrated in some sort of visionary, organic music form. A deep sensorial experience based on human and artistic values and freedom principles. Don Cherry (trumpet, vocals); Dollar Brand] (piano, flute, vocals); Johnny Dyani (double bass, percussion, vocals); Nana Vasconcelos (berimbau, percussion, vocals).","og_url":"https:\/\/wpguerssen-test.odoo.rgbconsulting.com\/es\/producto\/musikforum-schloss-viktring-austria-july-20-72\/","og_site_name":"Guerssen records","article_modified_time":"2024-12-09T16:43:52+00:00","og_image":[{"width":2560,"height":2560,"url":"https:\/\/wpguerssen-test.odoo.rgbconsulting.com\/wp-content\/uploads\/2023\/01\/42628-scaled.jpg","type":"image\/jpeg"}],"twitter_card":"summary_large_image","twitter_title":"CHERRY, Don & DOLLAR BRAND - Musikforum Schloss, Viktring, Austria July 20, 72 -  (2LP) | Guerssen","twitter_misc":{"Tiempo de lectura":"1 minuto"},"schema":{"@context":"https:\/\/schema.org","@graph":[{"@type":"WebPage","@id":"https:\/\/wpguerssen-test.odoo.rgbconsulting.com\/es\/producto\/musikforum-schloss-viktring-austria-july-20-72\/","url":"https:\/\/wpguerssen-test.odoo.rgbconsulting.com\/es\/producto\/musikforum-schloss-viktring-austria-july-20-72\/","name":"CHERRY, Don & DOLLAR BRAND - Musikforum Schloss, Viktring, Austria July 20, 72 - (2LP) | Guerssen","isPartOf":{"@id":"https:\/\/wpguerssen-test.odoo.rgbconsulting.com\/es\/#website"},"primaryImageOfPage":{"@id":"https:\/\/wpguerssen-test.odoo.rgbconsulting.com\/es\/producto\/musikforum-schloss-viktring-austria-july-20-72\/#primaryimage"},"image":{"@id":"https:\/\/wpguerssen-test.odoo.rgbconsulting.com\/es\/producto\/musikforum-schloss-viktring-austria-july-20-72\/#primaryimage"},"thumbnailUrl":"https:\/\/wpguerssen-test.odoo.rgbconsulting.com\/wp-content\/uploads\/2023\/01\/42628-scaled.jpg","datePublished":"2023-02-12T23:00:00+00:00","dateModified":"2024-12-09T16:43:52+00:00","description":"Recorded live in Austria in 1972 this outstanding document marks an important event such as the meeting between Don Cherry and Dollar Brand. Here the modern jazz trumpet master and the great South-African pianist along with percussionist Nana Vasconcelos and bassist Johnny Dyani are caught in the middle of a sound ritual where Jazz elements and world music echoes appear as fully integrated in some sort of visionary, organic music form. A deep sensorial experience based on human and artistic values and freedom principles. Don Cherry (trumpet, vocals); Dollar Brand] (piano, flute, vocals); Johnny Dyani (double bass, percussion, vocals); Nana Vasconcelos (berimbau, percussion, vocals).","breadcrumb":{"@id":"https:\/\/wpguerssen-test.odoo.rgbconsulting.com\/es\/producto\/musikforum-schloss-viktring-austria-july-20-72\/#breadcrumb"},"inLanguage":"es","potentialAction":[{"@type":"ReadAction","target":["https:\/\/wpguerssen-test.odoo.rgbconsulting.com\/es\/producto\/musikforum-schloss-viktring-austria-july-20-72\/"]}]},{"@type":"ImageObject","inLanguage":"es","@id":"https:\/\/wpguerssen-test.odoo.rgbconsulting.com\/es\/producto\/musikforum-schloss-viktring-austria-july-20-72\/#primaryimage","url":"https:\/\/wpguerssen-test.odoo.rgbconsulting.com\/wp-content\/uploads\/2023\/01\/42628-scaled.jpg","contentUrl":"https:\/\/wpguerssen-test.odoo.rgbconsulting.com\/wp-content\/uploads\/2023\/01\/42628-scaled.jpg","width":2560,"height":2560,"caption":"Don & DOLLAR BRAND - Musikforum Schloss"},{"@type":"BreadcrumbList","@id":"https:\/\/wpguerssen-test.odoo.rgbconsulting.com\/es\/producto\/musikforum-schloss-viktring-austria-july-20-72\/#breadcrumb","itemListElement":[{"@type":"ListItem","position":1,"name":"Inicio","item":"https:\/\/wpguerssen-test.odoo.rgbconsulting.com\/es\/"},{"@type":"ListItem","position":2,"name":"Shop","item":"https:\/\/wpguerssen-test.odoo.rgbconsulting.com\/shop\/"},{"@type":"ListItem","position":3,"name":"Musikforum Schloss, Viktring, Austria July 20, 72"}]},{"@type":"WebSite","@id":"https:\/\/wpguerssen-test.odoo.rgbconsulting.com\/es\/#website","url":"https:\/\/wpguerssen-test.odoo.rgbconsulting.com\/es\/","name":"Guerssen records","description":"psychedelia - progressive - folk - garage ","publisher":{"@id":"https:\/\/wpguerssen-test.odoo.rgbconsulting.com\/es\/#organization"},"potentialAction":[{"@type":"SearchAction","target":{"@type":"EntryPoint","urlTemplate":"https:\/\/wpguerssen-test.odoo.rgbconsulting.com\/es\/?s={search_term_string}"},"query-input":{"@type":"PropertyValueSpecification","valueRequired":true,"valueName":"search_term_string"}}],"inLanguage":"es"},{"@type":"Organization","@id":"https:\/\/wpguerssen-test.odoo.rgbconsulting.com\/es\/#organization","name":"Guerssen records","url":"https:\/\/wpguerssen-test.odoo.rgbconsulting.com\/es\/","logo":{"@type":"ImageObject","inLanguage":"es","@id":"https:\/\/wpguerssen-test.odoo.rgbconsulting.com\/es\/#\/schema\/logo\/image\/","url":"https:\/\/wpguerssen-test.odoo.rgbconsulting.com\/wp-content\/uploads\/2022\/04\/Logo_Guerssen_trans_100.png","contentUrl":"https:\/\/wpguerssen-test.odoo.rgbconsulting.com\/wp-content\/uploads\/2022\/04\/Logo_Guerssen_trans_100.png","width":122,"height":100,"caption":"Guerssen records"},"image":{"@id":"https:\/\/wpguerssen-test.odoo.rgbconsulting.com\/es\/#\/schema\/logo\/image\/"}}]}},"_links":{"self":[{"href":"https:\/\/wpguerssen-test.odoo.rgbconsulting.com\/es\/wp-json\/wp\/v2\/product\/224867","targetHints":{"allow":["GET"]}}],"collection":[{"href":"https:\/\/wpguerssen-test.odoo.rgbconsulting.com\/es\/wp-json\/wp\/v2\/product"}],"about":[{"href":"https:\/\/wpguerssen-test.odoo.rgbconsulting.com\/es\/wp-json\/wp\/v2\/types\/product"}],"wp:featuredmedia":[{"embeddable":true,"href":"https:\/\/wpguerssen-test.odoo.rgbconsulting.com\/es\/wp-json\/wp\/v2\/media\/224824"}],"wp:attachment":[{"href":"https:\/\/wpguerssen-test.odoo.rgbconsulting.com\/es\/wp-json\/wp\/v2\/media?parent=224867"}],"wp:term":[{"taxonomy":"product_brand","embeddable":true,"href":"https:\/\/wpguerssen-test.odoo.rgbconsulting.com\/es\/wp-json\/wp\/v2\/product_brand?post=224867"},{"taxonomy":"product_cat","embeddable":true,"href":"https:\/\/wpguerssen-test.odoo.rgbconsulting.com\/es\/wp-json\/wp\/v2\/product_cat?post=224867"},{"taxonomy":"product_tag","embeddable":true,"href":"https:\/\/wpguerssen-test.odoo.rgbconsulting.com\/es\/wp-json\/wp\/v2\/product_tag?post=224867"}],"curies":[{"name":"wp","href":"https:\/\/api.w.org\/{rel}","templated":true}]}}