{"id":224873,"date":"2023-02-13T00:00:00","date_gmt":"2023-02-12T23:00:00","guid":{"rendered":"https:\/\/wpguerssen-test.odoo.rgbconsulting.com\/product\/toverbal-sweet\/"},"modified":"2024-09-09T17:19:05","modified_gmt":"2024-09-09T15:19:05","slug":"toverbal-sweet","status":"publish","type":"product","link":"https:\/\/wpguerssen-test.odoo.rgbconsulting.com\/es\/producto\/toverbal-sweet\/","title":{"rendered":"Toverbal Sweet"},"content":{"rendered":"<p>Reedici\u00f3n oficial, limitada a 500 copias. Publicado por el sello de culto Mushroom con sede en Londres en 1972, este \u00e1lbum reuni\u00f3 al genio an\u00e1rquico del saxofonista Lol Coxhill, con la magia pura de una secci\u00f3n r\u00edtmica holandesa: Pierre Curbois en la bater\u00eda y el teclista Jasper Van&#8217;t Hof. De hecho, un choque de titanes, con las l\u00edneas m\u00e1s cl\u00e1sicas e improvisadas de Coxhill y las armon\u00edas rectas, casi jazz-rock, de los otros dos m\u00fasicos. Un disco fascinante comparable a los peque\u00f1os grupos de Keith Tippett y al auge de la escena de impro-jazz m\u00e1s peculiar.<\/p>\n","protected":false},"excerpt":{"rendered":"<p>Reedici\u00f3n oficial, limitada a 500 copias. Publicado por el sello de culto Mushroom con sede en Londres en 1972, este \u00e1lbum reuni\u00f3 al genio an\u00e1rquico del saxofonista<a class=\"read\" href=\"https:\/\/wpguerssen-test.odoo.rgbconsulting.com\/es\/producto\/toverbal-sweet\/\"> (...)<\/a>","protected":false},"featured_media":224842,"template":"","meta":{"_acf_changed":false},"product_brand":[],"product_cat":[23227],"product_tag":[],"class_list":{"0":"post-224873","1":"product","2":"type-product","3":"status-publish","4":"has-post-thumbnail","6":"product_cat-jazz-es","7":"pa_artist-coxhill-lol","8":"pa_format-lp-es","9":"pa_gender-jazz","10":"pa_label-lantern-heights","11":"pa_location-uk-ireland-es","12":"pa_other-filters-vinyl-only-es","14":"first","15":"instock","16":"taxable","17":"shipping-taxable","18":"purchasable","19":"product-type-simple"},"acf":[],"yoast_head":"<!-- This site is optimized with the Yoast SEO plugin v24.9 - https:\/\/yoast.com\/wordpress\/plugins\/seo\/ -->\n<title>COXHILL, Lol - Toverbal Sweet -  (LP) | Guerssen<\/title>\n<meta name=\"description\" content=\"Fully licensed, ltd to 500 copies. Released on cultish London based label Mushroom in 1972, this album brought together the anarchic genius of saxophone player Lol Coxhill, with the pure magic of a dutch rhythm section: Pierre Curbois on the drums and keyboard player Jasper Van&#039;t Hof. A clash of the titans as a matter of fact, with the more classical and impro sounding lines of Coxhill and the straight - almost jazz-rock - harmonies of the other two players. A fascinating record comparable to Keith Tippett small groups and the rise of the most peculiar impro-jazz scene.\" \/>\n<meta name=\"robots\" content=\"index, follow, max-snippet:-1, max-image-preview:large, max-video-preview:-1\" \/>\n<link rel=\"canonical\" href=\"https:\/\/wpguerssen-test.odoo.rgbconsulting.com\/es\/producto\/toverbal-sweet\/\" \/>\n<meta property=\"og:locale\" content=\"es_ES\" \/>\n<meta property=\"og:type\" content=\"article\" \/>\n<meta property=\"og:title\" content=\"COXHILL, Lol - Toverbal Sweet -  (LP) | Guerssen\" \/>\n<meta property=\"og:description\" content=\"Fully licensed, ltd to 500 copies. Released on cultish London based label Mushroom in 1972, this album brought together the anarchic genius of saxophone player Lol Coxhill, with the pure magic of a dutch rhythm section: Pierre Curbois on the drums and keyboard player Jasper Van&#039;t Hof. A clash of the titans as a matter of fact, with the more classical and impro sounding lines of Coxhill and the straight - almost jazz-rock - harmonies of the other two players. A fascinating record comparable to Keith Tippett small groups and the rise of the most peculiar impro-jazz scene.\" \/>\n<meta property=\"og:url\" content=\"https:\/\/wpguerssen-test.odoo.rgbconsulting.com\/es\/producto\/toverbal-sweet\/\" \/>\n<meta property=\"og:site_name\" content=\"Guerssen records\" \/>\n<meta property=\"article:modified_time\" content=\"2024-09-09T15:19:05+00:00\" \/>\n<meta property=\"og:image\" content=\"https:\/\/wpguerssen-test.odoo.rgbconsulting.com\/wp-content\/uploads\/2023\/01\/42634.jpg\" \/>\n\t<meta property=\"og:image:width\" content=\"1406\" \/>\n\t<meta property=\"og:image:height\" content=\"1400\" \/>\n\t<meta property=\"og:image:type\" content=\"image\/jpeg\" \/>\n<meta name=\"twitter:card\" content=\"summary_large_image\" \/>\n<meta name=\"twitter:title\" content=\"COXHILL, Lol - Toverbal Sweet -  (LP) | Guerssen\" \/>\n<meta name=\"twitter:label1\" content=\"Tiempo de lectura\" \/>\n\t<meta name=\"twitter:data1\" content=\"1 minuto\" \/>\n<script type=\"application\/ld+json\" class=\"yoast-schema-graph\">{\"@context\":\"https:\/\/schema.org\",\"@graph\":[{\"@type\":\"WebPage\",\"@id\":\"https:\/\/wpguerssen-test.odoo.rgbconsulting.com\/es\/producto\/toverbal-sweet\/\",\"url\":\"https:\/\/wpguerssen-test.odoo.rgbconsulting.com\/es\/producto\/toverbal-sweet\/\",\"name\":\"COXHILL, Lol - Toverbal Sweet - (LP) | Guerssen\",\"isPartOf\":{\"@id\":\"https:\/\/wpguerssen-test.odoo.rgbconsulting.com\/es\/#website\"},\"primaryImageOfPage\":{\"@id\":\"https:\/\/wpguerssen-test.odoo.rgbconsulting.com\/es\/producto\/toverbal-sweet\/#primaryimage\"},\"image\":{\"@id\":\"https:\/\/wpguerssen-test.odoo.rgbconsulting.com\/es\/producto\/toverbal-sweet\/#primaryimage\"},\"thumbnailUrl\":\"https:\/\/wpguerssen-test.odoo.rgbconsulting.com\/wp-content\/uploads\/2023\/01\/42634.jpg\",\"datePublished\":\"2023-02-12T23:00:00+00:00\",\"dateModified\":\"2024-09-09T15:19:05+00:00\",\"description\":\"Fully licensed, ltd to 500 copies. Released on cultish London based label Mushroom in 1972, this album brought together the anarchic genius of saxophone player Lol Coxhill, with the pure magic of a dutch rhythm section: Pierre Curbois on the drums and keyboard player Jasper Van't Hof. A clash of the titans as a matter of fact, with the more classical and impro sounding lines of Coxhill and the straight - almost jazz-rock - harmonies of the other two players. A fascinating record comparable to Keith Tippett small groups and the rise of the most peculiar impro-jazz scene.\",\"breadcrumb\":{\"@id\":\"https:\/\/wpguerssen-test.odoo.rgbconsulting.com\/es\/producto\/toverbal-sweet\/#breadcrumb\"},\"inLanguage\":\"es\",\"potentialAction\":[{\"@type\":\"ReadAction\",\"target\":[\"https:\/\/wpguerssen-test.odoo.rgbconsulting.com\/es\/producto\/toverbal-sweet\/\"]}]},{\"@type\":\"ImageObject\",\"inLanguage\":\"es\",\"@id\":\"https:\/\/wpguerssen-test.odoo.rgbconsulting.com\/es\/producto\/toverbal-sweet\/#primaryimage\",\"url\":\"https:\/\/wpguerssen-test.odoo.rgbconsulting.com\/wp-content\/uploads\/2023\/01\/42634.jpg\",\"contentUrl\":\"https:\/\/wpguerssen-test.odoo.rgbconsulting.com\/wp-content\/uploads\/2023\/01\/42634.jpg\",\"width\":1406,\"height\":1400,\"caption\":\"Lol - Toverbal Sweet - LANTERN HEIGHTS (LP) | Guerssen\"},{\"@type\":\"BreadcrumbList\",\"@id\":\"https:\/\/wpguerssen-test.odoo.rgbconsulting.com\/es\/producto\/toverbal-sweet\/#breadcrumb\",\"itemListElement\":[{\"@type\":\"ListItem\",\"position\":1,\"name\":\"Inicio\",\"item\":\"https:\/\/wpguerssen-test.odoo.rgbconsulting.com\/es\/\"},{\"@type\":\"ListItem\",\"position\":2,\"name\":\"Shop\",\"item\":\"https:\/\/wpguerssen-test.odoo.rgbconsulting.com\/shop\/\"},{\"@type\":\"ListItem\",\"position\":3,\"name\":\"Toverbal Sweet\"}]},{\"@type\":\"WebSite\",\"@id\":\"https:\/\/wpguerssen-test.odoo.rgbconsulting.com\/es\/#website\",\"url\":\"https:\/\/wpguerssen-test.odoo.rgbconsulting.com\/es\/\",\"name\":\"Guerssen records\",\"description\":\"psychedelia - progressive - folk - garage \",\"publisher\":{\"@id\":\"https:\/\/wpguerssen-test.odoo.rgbconsulting.com\/es\/#organization\"},\"potentialAction\":[{\"@type\":\"SearchAction\",\"target\":{\"@type\":\"EntryPoint\",\"urlTemplate\":\"https:\/\/wpguerssen-test.odoo.rgbconsulting.com\/es\/?s={search_term_string}\"},\"query-input\":{\"@type\":\"PropertyValueSpecification\",\"valueRequired\":true,\"valueName\":\"search_term_string\"}}],\"inLanguage\":\"es\"},{\"@type\":\"Organization\",\"@id\":\"https:\/\/wpguerssen-test.odoo.rgbconsulting.com\/es\/#organization\",\"name\":\"Guerssen records\",\"url\":\"https:\/\/wpguerssen-test.odoo.rgbconsulting.com\/es\/\",\"logo\":{\"@type\":\"ImageObject\",\"inLanguage\":\"es\",\"@id\":\"https:\/\/wpguerssen-test.odoo.rgbconsulting.com\/es\/#\/schema\/logo\/image\/\",\"url\":\"https:\/\/wpguerssen-test.odoo.rgbconsulting.com\/wp-content\/uploads\/2022\/04\/Logo_Guerssen_trans_100.png\",\"contentUrl\":\"https:\/\/wpguerssen-test.odoo.rgbconsulting.com\/wp-content\/uploads\/2022\/04\/Logo_Guerssen_trans_100.png\",\"width\":122,\"height\":100,\"caption\":\"Guerssen records\"},\"image\":{\"@id\":\"https:\/\/wpguerssen-test.odoo.rgbconsulting.com\/es\/#\/schema\/logo\/image\/\"}}]}<\/script>\n<!-- \/ Yoast SEO plugin. -->","yoast_head_json":{"title":"COXHILL, Lol - Toverbal Sweet -  (LP) | Guerssen","description":"Fully licensed, ltd to 500 copies. Released on cultish London based label Mushroom in 1972, this album brought together the anarchic genius of saxophone player Lol Coxhill, with the pure magic of a dutch rhythm section: Pierre Curbois on the drums and keyboard player Jasper Van't Hof. A clash of the titans as a matter of fact, with the more classical and impro sounding lines of Coxhill and the straight - almost jazz-rock - harmonies of the other two players. A fascinating record comparable to Keith Tippett small groups and the rise of the most peculiar impro-jazz scene.","robots":{"index":"index","follow":"follow","max-snippet":"max-snippet:-1","max-image-preview":"max-image-preview:large","max-video-preview":"max-video-preview:-1"},"canonical":"https:\/\/wpguerssen-test.odoo.rgbconsulting.com\/es\/producto\/toverbal-sweet\/","og_locale":"es_ES","og_type":"article","og_title":"COXHILL, Lol - Toverbal Sweet -  (LP) | Guerssen","og_description":"Fully licensed, ltd to 500 copies. Released on cultish London based label Mushroom in 1972, this album brought together the anarchic genius of saxophone player Lol Coxhill, with the pure magic of a dutch rhythm section: Pierre Curbois on the drums and keyboard player Jasper Van't Hof. A clash of the titans as a matter of fact, with the more classical and impro sounding lines of Coxhill and the straight - almost jazz-rock - harmonies of the other two players. A fascinating record comparable to Keith Tippett small groups and the rise of the most peculiar impro-jazz scene.","og_url":"https:\/\/wpguerssen-test.odoo.rgbconsulting.com\/es\/producto\/toverbal-sweet\/","og_site_name":"Guerssen records","article_modified_time":"2024-09-09T15:19:05+00:00","og_image":[{"width":1406,"height":1400,"url":"https:\/\/wpguerssen-test.odoo.rgbconsulting.com\/wp-content\/uploads\/2023\/01\/42634.jpg","type":"image\/jpeg"}],"twitter_card":"summary_large_image","twitter_title":"COXHILL, Lol - Toverbal Sweet -  (LP) | Guerssen","twitter_misc":{"Tiempo de lectura":"1 minuto"},"schema":{"@context":"https:\/\/schema.org","@graph":[{"@type":"WebPage","@id":"https:\/\/wpguerssen-test.odoo.rgbconsulting.com\/es\/producto\/toverbal-sweet\/","url":"https:\/\/wpguerssen-test.odoo.rgbconsulting.com\/es\/producto\/toverbal-sweet\/","name":"COXHILL, Lol - Toverbal Sweet - (LP) | Guerssen","isPartOf":{"@id":"https:\/\/wpguerssen-test.odoo.rgbconsulting.com\/es\/#website"},"primaryImageOfPage":{"@id":"https:\/\/wpguerssen-test.odoo.rgbconsulting.com\/es\/producto\/toverbal-sweet\/#primaryimage"},"image":{"@id":"https:\/\/wpguerssen-test.odoo.rgbconsulting.com\/es\/producto\/toverbal-sweet\/#primaryimage"},"thumbnailUrl":"https:\/\/wpguerssen-test.odoo.rgbconsulting.com\/wp-content\/uploads\/2023\/01\/42634.jpg","datePublished":"2023-02-12T23:00:00+00:00","dateModified":"2024-09-09T15:19:05+00:00","description":"Fully licensed, ltd to 500 copies. Released on cultish London based label Mushroom in 1972, this album brought together the anarchic genius of saxophone player Lol Coxhill, with the pure magic of a dutch rhythm section: Pierre Curbois on the drums and keyboard player Jasper Van't Hof. A clash of the titans as a matter of fact, with the more classical and impro sounding lines of Coxhill and the straight - almost jazz-rock - harmonies of the other two players. A fascinating record comparable to Keith Tippett small groups and the rise of the most peculiar impro-jazz scene.","breadcrumb":{"@id":"https:\/\/wpguerssen-test.odoo.rgbconsulting.com\/es\/producto\/toverbal-sweet\/#breadcrumb"},"inLanguage":"es","potentialAction":[{"@type":"ReadAction","target":["https:\/\/wpguerssen-test.odoo.rgbconsulting.com\/es\/producto\/toverbal-sweet\/"]}]},{"@type":"ImageObject","inLanguage":"es","@id":"https:\/\/wpguerssen-test.odoo.rgbconsulting.com\/es\/producto\/toverbal-sweet\/#primaryimage","url":"https:\/\/wpguerssen-test.odoo.rgbconsulting.com\/wp-content\/uploads\/2023\/01\/42634.jpg","contentUrl":"https:\/\/wpguerssen-test.odoo.rgbconsulting.com\/wp-content\/uploads\/2023\/01\/42634.jpg","width":1406,"height":1400,"caption":"Lol - Toverbal Sweet - LANTERN HEIGHTS (LP) | Guerssen"},{"@type":"BreadcrumbList","@id":"https:\/\/wpguerssen-test.odoo.rgbconsulting.com\/es\/producto\/toverbal-sweet\/#breadcrumb","itemListElement":[{"@type":"ListItem","position":1,"name":"Inicio","item":"https:\/\/wpguerssen-test.odoo.rgbconsulting.com\/es\/"},{"@type":"ListItem","position":2,"name":"Shop","item":"https:\/\/wpguerssen-test.odoo.rgbconsulting.com\/shop\/"},{"@type":"ListItem","position":3,"name":"Toverbal Sweet"}]},{"@type":"WebSite","@id":"https:\/\/wpguerssen-test.odoo.rgbconsulting.com\/es\/#website","url":"https:\/\/wpguerssen-test.odoo.rgbconsulting.com\/es\/","name":"Guerssen records","description":"psychedelia - progressive - folk - garage ","publisher":{"@id":"https:\/\/wpguerssen-test.odoo.rgbconsulting.com\/es\/#organization"},"potentialAction":[{"@type":"SearchAction","target":{"@type":"EntryPoint","urlTemplate":"https:\/\/wpguerssen-test.odoo.rgbconsulting.com\/es\/?s={search_term_string}"},"query-input":{"@type":"PropertyValueSpecification","valueRequired":true,"valueName":"search_term_string"}}],"inLanguage":"es"},{"@type":"Organization","@id":"https:\/\/wpguerssen-test.odoo.rgbconsulting.com\/es\/#organization","name":"Guerssen records","url":"https:\/\/wpguerssen-test.odoo.rgbconsulting.com\/es\/","logo":{"@type":"ImageObject","inLanguage":"es","@id":"https:\/\/wpguerssen-test.odoo.rgbconsulting.com\/es\/#\/schema\/logo\/image\/","url":"https:\/\/wpguerssen-test.odoo.rgbconsulting.com\/wp-content\/uploads\/2022\/04\/Logo_Guerssen_trans_100.png","contentUrl":"https:\/\/wpguerssen-test.odoo.rgbconsulting.com\/wp-content\/uploads\/2022\/04\/Logo_Guerssen_trans_100.png","width":122,"height":100,"caption":"Guerssen records"},"image":{"@id":"https:\/\/wpguerssen-test.odoo.rgbconsulting.com\/es\/#\/schema\/logo\/image\/"}}]}},"_links":{"self":[{"href":"https:\/\/wpguerssen-test.odoo.rgbconsulting.com\/es\/wp-json\/wp\/v2\/product\/224873","targetHints":{"allow":["GET"]}}],"collection":[{"href":"https:\/\/wpguerssen-test.odoo.rgbconsulting.com\/es\/wp-json\/wp\/v2\/product"}],"about":[{"href":"https:\/\/wpguerssen-test.odoo.rgbconsulting.com\/es\/wp-json\/wp\/v2\/types\/product"}],"wp:featuredmedia":[{"embeddable":true,"href":"https:\/\/wpguerssen-test.odoo.rgbconsulting.com\/es\/wp-json\/wp\/v2\/media\/224842"}],"wp:attachment":[{"href":"https:\/\/wpguerssen-test.odoo.rgbconsulting.com\/es\/wp-json\/wp\/v2\/media?parent=224873"}],"wp:term":[{"taxonomy":"product_brand","embeddable":true,"href":"https:\/\/wpguerssen-test.odoo.rgbconsulting.com\/es\/wp-json\/wp\/v2\/product_brand?post=224873"},{"taxonomy":"product_cat","embeddable":true,"href":"https:\/\/wpguerssen-test.odoo.rgbconsulting.com\/es\/wp-json\/wp\/v2\/product_cat?post=224873"},{"taxonomy":"product_tag","embeddable":true,"href":"https:\/\/wpguerssen-test.odoo.rgbconsulting.com\/es\/wp-json\/wp\/v2\/product_tag?post=224873"}],"curies":[{"name":"wp","href":"https:\/\/api.w.org\/{rel}","templated":true}]}}