{"id":225069,"date":"2023-01-30T00:00:00","date_gmt":"2023-01-29T23:00:00","guid":{"rendered":"https:\/\/wpguerssen-test.odoo.rgbconsulting.com\/product\/un-temoin-dans-la-ville\/"},"modified":"2024-02-21T15:37:41","modified_gmt":"2024-02-21T14:37:41","slug":"un-temoin-dans-la-ville","status":"publish","type":"product","link":"https:\/\/wpguerssen-test.odoo.rgbconsulting.com\/es\/producto\/un-temoin-dans-la-ville\/","title":{"rendered":"Un T\u00e9moin Dans la Ville"},"content":{"rendered":"<p>La carrera de Barney Wilen despeg\u00f3 en 1957. Ese a\u00f1o gan\u00f3 el premio Django Reinhardt y grab\u00f3 la banda sonora de la pel\u00edcula &#8216;Elevator to the Scaffold&#8217; con Miles Davis. En el 59 grab\u00f3 la m\u00fasica de la pel\u00edcula &#8216;Les Liaisons Dangereuses&#8217; con Thelonious Monk y Art Blakey, y luego compuso la m\u00fasica de la pel\u00edcula &#8216;Un t\u00e9moin dans la ville&#8217; dirigida por Edouard Molinaro. Para esta gira nocturna por Par\u00eds, Barney Wilen se rodea de los m\u00fasicos que le acompa\u00f1an desde hace varias semanas en el Club Saint-Germain: Kenny Dorham, Duke Jordan, Paul Rov\u00e8re y Kenny Clarke. El resultado es un matrimonio de lo m\u00e1s feliz, ya que la m\u00fasica parece haber sido creada para la imagen y la imagen para la m\u00fasica.<\/p>\n","protected":false},"excerpt":{"rendered":"<p>La carrera de Barney Wilen despeg\u00f3 en 1957. Ese a\u00f1o gan\u00f3 el premio Django Reinhardt y grab\u00f3 la banda sonora de la pel\u00edcula &#8216;Elevator to the Scaffold&#8217;<a class=\"read\" href=\"https:\/\/wpguerssen-test.odoo.rgbconsulting.com\/es\/producto\/un-temoin-dans-la-ville\/\"> (...)<\/a>","protected":false},"featured_media":224967,"template":"","meta":{"_acf_changed":false},"product_brand":[],"product_cat":[23227],"product_tag":[],"class_list":{"0":"post-225069","1":"product","2":"type-product","3":"status-publish","4":"has-post-thumbnail","6":"product_cat-jazz-es","7":"pa_artist-wilen-barney","8":"pa_format-10-es","9":"pa_gender-jazz","10":"pa_label-sam-records","11":"pa_location-europe-es","12":"pa_other-filters-vinyl-only-es","14":"first","15":"instock","16":"taxable","17":"shipping-taxable","18":"purchasable","19":"product-type-simple"},"acf":[],"yoast_head":"<!-- This site is optimized with the Yoast SEO plugin v24.9 - https:\/\/yoast.com\/wordpress\/plugins\/seo\/ -->\n<title>WILEN, Barney - Un T\u00e9moin Dans la Ville -  (10&quot;) | Guerssen<\/title>\n<meta name=\"description\" content=\"Barney Wilen&#039;s career took off in 1957. That year he won the Django Reinhardt Award and recorded the soundtrack to the film &#039;Elevator to the Scaffold&#039; with Miles Davis. In &#039;59 he recorded the music for the film &#039;Les Liaisons Dangereuses&#039; with Thelonious Monk and Art Blakey, and then composed the music for the film &#039;Un t\u00e9moin dans la ville&#039; directed by Edouard Molinaro. For this nocturnal tour through Paris, Barney Wilen is surrounded by the musicians who have been accompanying him for several weeks at the Club Saint-Germain: Kenny Dorham, Duke Jordan, Paul Rov\u00e8re and Kenny Clarke. The result is a most happy marriage, as the music seems to have been created for the image and the image for the music.\" \/>\n<meta name=\"robots\" content=\"index, follow, max-snippet:-1, max-image-preview:large, max-video-preview:-1\" \/>\n<link rel=\"canonical\" href=\"https:\/\/wpguerssen-test.odoo.rgbconsulting.com\/es\/producto\/un-temoin-dans-la-ville\/\" \/>\n<meta property=\"og:locale\" content=\"es_ES\" \/>\n<meta property=\"og:type\" content=\"article\" \/>\n<meta property=\"og:title\" content=\"WILEN, Barney - Un T\u00e9moin Dans la Ville -  (10&quot;) | Guerssen\" \/>\n<meta property=\"og:description\" content=\"Barney Wilen&#039;s career took off in 1957. That year he won the Django Reinhardt Award and recorded the soundtrack to the film &#039;Elevator to the Scaffold&#039; with Miles Davis. In &#039;59 he recorded the music for the film &#039;Les Liaisons Dangereuses&#039; with Thelonious Monk and Art Blakey, and then composed the music for the film &#039;Un t\u00e9moin dans la ville&#039; directed by Edouard Molinaro. For this nocturnal tour through Paris, Barney Wilen is surrounded by the musicians who have been accompanying him for several weeks at the Club Saint-Germain: Kenny Dorham, Duke Jordan, Paul Rov\u00e8re and Kenny Clarke. The result is a most happy marriage, as the music seems to have been created for the image and the image for the music.\" \/>\n<meta property=\"og:url\" content=\"https:\/\/wpguerssen-test.odoo.rgbconsulting.com\/es\/producto\/un-temoin-dans-la-ville\/\" \/>\n<meta property=\"og:site_name\" content=\"Guerssen records\" \/>\n<meta property=\"article:modified_time\" content=\"2024-02-21T14:37:41+00:00\" \/>\n<meta property=\"og:image\" content=\"https:\/\/wpguerssen-test.odoo.rgbconsulting.com\/wp-content\/uploads\/2023\/01\/42651.jpg\" \/>\n\t<meta property=\"og:image:width\" content=\"1556\" \/>\n\t<meta property=\"og:image:height\" content=\"1556\" \/>\n\t<meta property=\"og:image:type\" content=\"image\/jpeg\" \/>\n<meta name=\"twitter:card\" content=\"summary_large_image\" \/>\n<meta name=\"twitter:title\" content=\"WILEN, Barney - Un T\u00e9moin Dans la Ville -  (10&quot;) | Guerssen\" \/>\n<meta name=\"twitter:label1\" content=\"Tiempo de lectura\" \/>\n\t<meta name=\"twitter:data1\" content=\"1 minuto\" \/>\n<script type=\"application\/ld+json\" class=\"yoast-schema-graph\">{\"@context\":\"https:\/\/schema.org\",\"@graph\":[{\"@type\":\"WebPage\",\"@id\":\"https:\/\/wpguerssen-test.odoo.rgbconsulting.com\/es\/producto\/un-temoin-dans-la-ville\/\",\"url\":\"https:\/\/wpguerssen-test.odoo.rgbconsulting.com\/es\/producto\/un-temoin-dans-la-ville\/\",\"name\":\"WILEN, Barney - Un T\u00e9moin Dans la Ville - (10\\\") | Guerssen\",\"isPartOf\":{\"@id\":\"https:\/\/wpguerssen-test.odoo.rgbconsulting.com\/es\/#website\"},\"primaryImageOfPage\":{\"@id\":\"https:\/\/wpguerssen-test.odoo.rgbconsulting.com\/es\/producto\/un-temoin-dans-la-ville\/#primaryimage\"},\"image\":{\"@id\":\"https:\/\/wpguerssen-test.odoo.rgbconsulting.com\/es\/producto\/un-temoin-dans-la-ville\/#primaryimage\"},\"thumbnailUrl\":\"https:\/\/wpguerssen-test.odoo.rgbconsulting.com\/wp-content\/uploads\/2023\/01\/42651.jpg\",\"datePublished\":\"2023-01-29T23:00:00+00:00\",\"dateModified\":\"2024-02-21T14:37:41+00:00\",\"description\":\"Barney Wilen's career took off in 1957. That year he won the Django Reinhardt Award and recorded the soundtrack to the film 'Elevator to the Scaffold' with Miles Davis. In '59 he recorded the music for the film 'Les Liaisons Dangereuses' with Thelonious Monk and Art Blakey, and then composed the music for the film 'Un t\u00e9moin dans la ville' directed by Edouard Molinaro. For this nocturnal tour through Paris, Barney Wilen is surrounded by the musicians who have been accompanying him for several weeks at the Club Saint-Germain: Kenny Dorham, Duke Jordan, Paul Rov\u00e8re and Kenny Clarke. The result is a most happy marriage, as the music seems to have been created for the image and the image for the music.\",\"breadcrumb\":{\"@id\":\"https:\/\/wpguerssen-test.odoo.rgbconsulting.com\/es\/producto\/un-temoin-dans-la-ville\/#breadcrumb\"},\"inLanguage\":\"es\",\"potentialAction\":[{\"@type\":\"ReadAction\",\"target\":[\"https:\/\/wpguerssen-test.odoo.rgbconsulting.com\/es\/producto\/un-temoin-dans-la-ville\/\"]}]},{\"@type\":\"ImageObject\",\"inLanguage\":\"es\",\"@id\":\"https:\/\/wpguerssen-test.odoo.rgbconsulting.com\/es\/producto\/un-temoin-dans-la-ville\/#primaryimage\",\"url\":\"https:\/\/wpguerssen-test.odoo.rgbconsulting.com\/wp-content\/uploads\/2023\/01\/42651.jpg\",\"contentUrl\":\"https:\/\/wpguerssen-test.odoo.rgbconsulting.com\/wp-content\/uploads\/2023\/01\/42651.jpg\",\"width\":1556,\"height\":1556,\"caption\":\"Barney - Un T\u00e9moin Dans la Ville - SAM RECORDS (10\\\") | Guerssen\"},{\"@type\":\"BreadcrumbList\",\"@id\":\"https:\/\/wpguerssen-test.odoo.rgbconsulting.com\/es\/producto\/un-temoin-dans-la-ville\/#breadcrumb\",\"itemListElement\":[{\"@type\":\"ListItem\",\"position\":1,\"name\":\"Inicio\",\"item\":\"https:\/\/wpguerssen-test.odoo.rgbconsulting.com\/es\/\"},{\"@type\":\"ListItem\",\"position\":2,\"name\":\"Shop\",\"item\":\"https:\/\/wpguerssen-test.odoo.rgbconsulting.com\/shop\/\"},{\"@type\":\"ListItem\",\"position\":3,\"name\":\"Un T\u00e9moin Dans la Ville\"}]},{\"@type\":\"WebSite\",\"@id\":\"https:\/\/wpguerssen-test.odoo.rgbconsulting.com\/es\/#website\",\"url\":\"https:\/\/wpguerssen-test.odoo.rgbconsulting.com\/es\/\",\"name\":\"Guerssen records\",\"description\":\"psychedelia - progressive - folk - garage \",\"publisher\":{\"@id\":\"https:\/\/wpguerssen-test.odoo.rgbconsulting.com\/es\/#organization\"},\"potentialAction\":[{\"@type\":\"SearchAction\",\"target\":{\"@type\":\"EntryPoint\",\"urlTemplate\":\"https:\/\/wpguerssen-test.odoo.rgbconsulting.com\/es\/?s={search_term_string}\"},\"query-input\":{\"@type\":\"PropertyValueSpecification\",\"valueRequired\":true,\"valueName\":\"search_term_string\"}}],\"inLanguage\":\"es\"},{\"@type\":\"Organization\",\"@id\":\"https:\/\/wpguerssen-test.odoo.rgbconsulting.com\/es\/#organization\",\"name\":\"Guerssen records\",\"url\":\"https:\/\/wpguerssen-test.odoo.rgbconsulting.com\/es\/\",\"logo\":{\"@type\":\"ImageObject\",\"inLanguage\":\"es\",\"@id\":\"https:\/\/wpguerssen-test.odoo.rgbconsulting.com\/es\/#\/schema\/logo\/image\/\",\"url\":\"https:\/\/wpguerssen-test.odoo.rgbconsulting.com\/wp-content\/uploads\/2022\/04\/Logo_Guerssen_trans_100.png\",\"contentUrl\":\"https:\/\/wpguerssen-test.odoo.rgbconsulting.com\/wp-content\/uploads\/2022\/04\/Logo_Guerssen_trans_100.png\",\"width\":122,\"height\":100,\"caption\":\"Guerssen records\"},\"image\":{\"@id\":\"https:\/\/wpguerssen-test.odoo.rgbconsulting.com\/es\/#\/schema\/logo\/image\/\"}}]}<\/script>\n<!-- \/ Yoast SEO plugin. -->","yoast_head_json":{"title":"WILEN, Barney - Un T\u00e9moin Dans la Ville -  (10\") | Guerssen","description":"Barney Wilen's career took off in 1957. That year he won the Django Reinhardt Award and recorded the soundtrack to the film 'Elevator to the Scaffold' with Miles Davis. In '59 he recorded the music for the film 'Les Liaisons Dangereuses' with Thelonious Monk and Art Blakey, and then composed the music for the film 'Un t\u00e9moin dans la ville' directed by Edouard Molinaro. For this nocturnal tour through Paris, Barney Wilen is surrounded by the musicians who have been accompanying him for several weeks at the Club Saint-Germain: Kenny Dorham, Duke Jordan, Paul Rov\u00e8re and Kenny Clarke. The result is a most happy marriage, as the music seems to have been created for the image and the image for the music.","robots":{"index":"index","follow":"follow","max-snippet":"max-snippet:-1","max-image-preview":"max-image-preview:large","max-video-preview":"max-video-preview:-1"},"canonical":"https:\/\/wpguerssen-test.odoo.rgbconsulting.com\/es\/producto\/un-temoin-dans-la-ville\/","og_locale":"es_ES","og_type":"article","og_title":"WILEN, Barney - Un T\u00e9moin Dans la Ville -  (10\") | Guerssen","og_description":"Barney Wilen's career took off in 1957. That year he won the Django Reinhardt Award and recorded the soundtrack to the film 'Elevator to the Scaffold' with Miles Davis. In '59 he recorded the music for the film 'Les Liaisons Dangereuses' with Thelonious Monk and Art Blakey, and then composed the music for the film 'Un t\u00e9moin dans la ville' directed by Edouard Molinaro. For this nocturnal tour through Paris, Barney Wilen is surrounded by the musicians who have been accompanying him for several weeks at the Club Saint-Germain: Kenny Dorham, Duke Jordan, Paul Rov\u00e8re and Kenny Clarke. The result is a most happy marriage, as the music seems to have been created for the image and the image for the music.","og_url":"https:\/\/wpguerssen-test.odoo.rgbconsulting.com\/es\/producto\/un-temoin-dans-la-ville\/","og_site_name":"Guerssen records","article_modified_time":"2024-02-21T14:37:41+00:00","og_image":[{"width":1556,"height":1556,"url":"https:\/\/wpguerssen-test.odoo.rgbconsulting.com\/wp-content\/uploads\/2023\/01\/42651.jpg","type":"image\/jpeg"}],"twitter_card":"summary_large_image","twitter_title":"WILEN, Barney - Un T\u00e9moin Dans la Ville -  (10\") | Guerssen","twitter_misc":{"Tiempo de lectura":"1 minuto"},"schema":{"@context":"https:\/\/schema.org","@graph":[{"@type":"WebPage","@id":"https:\/\/wpguerssen-test.odoo.rgbconsulting.com\/es\/producto\/un-temoin-dans-la-ville\/","url":"https:\/\/wpguerssen-test.odoo.rgbconsulting.com\/es\/producto\/un-temoin-dans-la-ville\/","name":"WILEN, Barney - Un T\u00e9moin Dans la Ville - (10\") | Guerssen","isPartOf":{"@id":"https:\/\/wpguerssen-test.odoo.rgbconsulting.com\/es\/#website"},"primaryImageOfPage":{"@id":"https:\/\/wpguerssen-test.odoo.rgbconsulting.com\/es\/producto\/un-temoin-dans-la-ville\/#primaryimage"},"image":{"@id":"https:\/\/wpguerssen-test.odoo.rgbconsulting.com\/es\/producto\/un-temoin-dans-la-ville\/#primaryimage"},"thumbnailUrl":"https:\/\/wpguerssen-test.odoo.rgbconsulting.com\/wp-content\/uploads\/2023\/01\/42651.jpg","datePublished":"2023-01-29T23:00:00+00:00","dateModified":"2024-02-21T14:37:41+00:00","description":"Barney Wilen's career took off in 1957. That year he won the Django Reinhardt Award and recorded the soundtrack to the film 'Elevator to the Scaffold' with Miles Davis. In '59 he recorded the music for the film 'Les Liaisons Dangereuses' with Thelonious Monk and Art Blakey, and then composed the music for the film 'Un t\u00e9moin dans la ville' directed by Edouard Molinaro. For this nocturnal tour through Paris, Barney Wilen is surrounded by the musicians who have been accompanying him for several weeks at the Club Saint-Germain: Kenny Dorham, Duke Jordan, Paul Rov\u00e8re and Kenny Clarke. The result is a most happy marriage, as the music seems to have been created for the image and the image for the music.","breadcrumb":{"@id":"https:\/\/wpguerssen-test.odoo.rgbconsulting.com\/es\/producto\/un-temoin-dans-la-ville\/#breadcrumb"},"inLanguage":"es","potentialAction":[{"@type":"ReadAction","target":["https:\/\/wpguerssen-test.odoo.rgbconsulting.com\/es\/producto\/un-temoin-dans-la-ville\/"]}]},{"@type":"ImageObject","inLanguage":"es","@id":"https:\/\/wpguerssen-test.odoo.rgbconsulting.com\/es\/producto\/un-temoin-dans-la-ville\/#primaryimage","url":"https:\/\/wpguerssen-test.odoo.rgbconsulting.com\/wp-content\/uploads\/2023\/01\/42651.jpg","contentUrl":"https:\/\/wpguerssen-test.odoo.rgbconsulting.com\/wp-content\/uploads\/2023\/01\/42651.jpg","width":1556,"height":1556,"caption":"Barney - Un T\u00e9moin Dans la Ville - SAM RECORDS (10\") | Guerssen"},{"@type":"BreadcrumbList","@id":"https:\/\/wpguerssen-test.odoo.rgbconsulting.com\/es\/producto\/un-temoin-dans-la-ville\/#breadcrumb","itemListElement":[{"@type":"ListItem","position":1,"name":"Inicio","item":"https:\/\/wpguerssen-test.odoo.rgbconsulting.com\/es\/"},{"@type":"ListItem","position":2,"name":"Shop","item":"https:\/\/wpguerssen-test.odoo.rgbconsulting.com\/shop\/"},{"@type":"ListItem","position":3,"name":"Un T\u00e9moin Dans la Ville"}]},{"@type":"WebSite","@id":"https:\/\/wpguerssen-test.odoo.rgbconsulting.com\/es\/#website","url":"https:\/\/wpguerssen-test.odoo.rgbconsulting.com\/es\/","name":"Guerssen records","description":"psychedelia - progressive - folk - garage ","publisher":{"@id":"https:\/\/wpguerssen-test.odoo.rgbconsulting.com\/es\/#organization"},"potentialAction":[{"@type":"SearchAction","target":{"@type":"EntryPoint","urlTemplate":"https:\/\/wpguerssen-test.odoo.rgbconsulting.com\/es\/?s={search_term_string}"},"query-input":{"@type":"PropertyValueSpecification","valueRequired":true,"valueName":"search_term_string"}}],"inLanguage":"es"},{"@type":"Organization","@id":"https:\/\/wpguerssen-test.odoo.rgbconsulting.com\/es\/#organization","name":"Guerssen records","url":"https:\/\/wpguerssen-test.odoo.rgbconsulting.com\/es\/","logo":{"@type":"ImageObject","inLanguage":"es","@id":"https:\/\/wpguerssen-test.odoo.rgbconsulting.com\/es\/#\/schema\/logo\/image\/","url":"https:\/\/wpguerssen-test.odoo.rgbconsulting.com\/wp-content\/uploads\/2022\/04\/Logo_Guerssen_trans_100.png","contentUrl":"https:\/\/wpguerssen-test.odoo.rgbconsulting.com\/wp-content\/uploads\/2022\/04\/Logo_Guerssen_trans_100.png","width":122,"height":100,"caption":"Guerssen records"},"image":{"@id":"https:\/\/wpguerssen-test.odoo.rgbconsulting.com\/es\/#\/schema\/logo\/image\/"}}]}},"_links":{"self":[{"href":"https:\/\/wpguerssen-test.odoo.rgbconsulting.com\/es\/wp-json\/wp\/v2\/product\/225069","targetHints":{"allow":["GET"]}}],"collection":[{"href":"https:\/\/wpguerssen-test.odoo.rgbconsulting.com\/es\/wp-json\/wp\/v2\/product"}],"about":[{"href":"https:\/\/wpguerssen-test.odoo.rgbconsulting.com\/es\/wp-json\/wp\/v2\/types\/product"}],"wp:featuredmedia":[{"embeddable":true,"href":"https:\/\/wpguerssen-test.odoo.rgbconsulting.com\/es\/wp-json\/wp\/v2\/media\/224967"}],"wp:attachment":[{"href":"https:\/\/wpguerssen-test.odoo.rgbconsulting.com\/es\/wp-json\/wp\/v2\/media?parent=225069"}],"wp:term":[{"taxonomy":"product_brand","embeddable":true,"href":"https:\/\/wpguerssen-test.odoo.rgbconsulting.com\/es\/wp-json\/wp\/v2\/product_brand?post=225069"},{"taxonomy":"product_cat","embeddable":true,"href":"https:\/\/wpguerssen-test.odoo.rgbconsulting.com\/es\/wp-json\/wp\/v2\/product_cat?post=225069"},{"taxonomy":"product_tag","embeddable":true,"href":"https:\/\/wpguerssen-test.odoo.rgbconsulting.com\/es\/wp-json\/wp\/v2\/product_tag?post=225069"}],"curies":[{"name":"wp","href":"https:\/\/api.w.org\/{rel}","templated":true}]}}