{"id":225099,"date":"2023-02-02T00:00:00","date_gmt":"2023-02-01T23:00:00","guid":{"rendered":"https:\/\/wpguerssen-test.odoo.rgbconsulting.com\/product\/crazy-world-of-music-hall-vol-1\/"},"modified":"2025-01-30T16:52:42","modified_gmt":"2025-01-30T15:52:42","slug":"crazy-world-of-music-hall-vol-1","status":"publish","type":"product","link":"https:\/\/wpguerssen-test.odoo.rgbconsulting.com\/es\/producto\/crazy-world-of-music-hall-vol-1\/","title":{"rendered":"Crazy World Of Music Hall Vol. 1"},"content":{"rendered":"<p>Finalmente, y gracias al arduo trabajo de la excelente gente del INAMU (Instituto Nacional de la M\u00fasica de Argentina) y el incre\u00edble trabajo de selecci\u00f3n de Nekro (Fun People &#038; Boom Boom Kid), estamos orgullosos de presentar \u00abEl loco mundo de Music Hall vol 1\u00bb, el primero de un conjunto de 3 vol\u00famenes de lp&#8217;s alucinantes que recopilan lo mejor de los a\u00f1os 60 y 70 del sello argentino m\u00e1s legendario de todos los tiempos: Music Hall. \u00a1Y qu\u00e9 comienzo es este! Una incre\u00edble selecci\u00f3n de \u00e9xitos que pronto se redescubrir\u00e1n que van desde la locura pura de Garage hasta Exotica, Soul, Instrumentals, 60&#8217;s Beat o Hard Rock. 16 temas para empezar a descubrir un cat\u00e1logo de incre\u00edbles sonidos argentinos de los 60&#8217;s y 70&#8217;s!<br \/>Limitado a 500 copias. No exportar a Argentina. <\/p>\n<p> SIDE A 1- Billy Bond El Rebelde: No Pibe 2- S\u00e9ptima Brigada: Esta No Es Forma De Vivir 3- Biscuits: Tiki Tiki Macumba 4- Los L\u00f3pez: Teke Teke 5- Los Crazy Boys: El Vago 6- Las Mosquitas: Tembleque 7- Los Pick Ups: El Vuelo Del Moscard\u00f3n 8- The Bat Combo: El Murci\u00e9lago<br \/>SIDE B 1- Los Dukes: Carnaval Carnaval 2- Beto Fern\u00e1n Y Los At\u00f3micos: En Vano 3- Kim Caram: Tres Mil Tambores 4- Maria Cristina: El Baile Del Monito 5- The Strongs: Es Duro Ser Estatua 6- Tiro Loco: Me Alegra El Coraz\u00f3n 7- La Barra De Chocolate: Do\u00f1a Luc\u00eda 8- Banana: Club De Los Vampiros.<\/p>\n","protected":false},"excerpt":{"rendered":"<p>Finalmente, y gracias al arduo trabajo de la excelente gente del INAMU (Instituto Nacional de la M\u00fasica de Argentina) y el incre\u00edble trabajo de selecci\u00f3n de Nekro<a class=\"read\" href=\"https:\/\/wpguerssen-test.odoo.rgbconsulting.com\/es\/producto\/crazy-world-of-music-hall-vol-1\/\"> (...)<\/a>","protected":false},"featured_media":225196,"template":"","meta":{"_acf_changed":false},"product_brand":[],"product_cat":[23281,23267],"product_tag":[],"class_list":{"0":"post-225099","1":"product","2":"type-product","3":"status-publish","4":"has-post-thumbnail","6":"product_cat-garagebeatrnb60-70-es","7":"product_cat-exotica-es","8":"pa_artist-various-artists-es","9":"pa_format-lp-es","10":"pa_gender-garagebeatrnb60-70-exotica","11":"pa_label-beat-generation-es","12":"pa_location-south-america-caribbean-es","13":"pa_other-filters-vinyl-only-es","15":"first","16":"instock","17":"taxable","18":"shipping-taxable","19":"purchasable","20":"product-type-simple"},"acf":[],"yoast_head":"<!-- This site is optimized with the Yoast SEO plugin v24.9 - https:\/\/yoast.com\/wordpress\/plugins\/seo\/ -->\n<title>VARIOUS ARTISTS - Crazy World Of Music Hall Vol. 1 -  (LP) | Guerssen<\/title>\n<meta name=\"description\" content=\"Finally, and thanks to the hard work of the fine folks at INAMU (Instituto Nacional de la M\u00fasica de Argentina) and the amazing selection job of Nekro (Fun People &amp; Boom Boom Kid), we&#039;re proud to present &quot;The Crazy World of Music Hall vol 1&quot;, the first of a 3 volume set of mind blowing lp&#039;s compiling the finest of the 60&#039;s and 70&#039;s output from the most legendary Argentinian label of all time: Music Hall. And what a start this is! An amazing selection of soon to be rediscovered hits ranging from pure Garage madness, to Exotica, Soul, Instrumentals, 60&#039;s Beat or Hard Rock. 16 tracks to start discovering a catalog of incredible 60&#039;s and 70&#039;s Argentinian sounds!Limited to 500 copies. Don&#039;t export to Argentina. #nl# SIDE A 1- Billy Bond El Rebelde: No Pibe 2- S\u00e9ptima Brigada: Esta No Es Forma De Vivir 3- Biscuits: Tiki Tiki Macumba 4- Los L\u00f3pez: Teke Teke 5- Los Crazy Boys: El Vago 6- Las Mosquitas: Tembleque 7- Los Pick Ups: El Vuelo Del Moscard\u00f3n 8- The Bat Combo: El Murci\u00e9lagoSIDE B 1- Los Dukes: Carnaval Carnaval 2- Beto Fern\u00e1n Y Los At\u00f3micos: En Vano 3- Kim Caram: Tres Mil Tambores 4- Maria Cristina: El Baile Del Monito 5- The Strongs: Es Duro Ser Estatua 6- Tiro Loco: Me Alegra El Coraz\u00f3n 7- La Barra De Chocolate: Do\u00f1a Luc\u00eda 8- Banana: Club De Los Vampiros.\" \/>\n<meta name=\"robots\" content=\"index, follow, max-snippet:-1, max-image-preview:large, max-video-preview:-1\" \/>\n<link rel=\"canonical\" href=\"https:\/\/wpguerssen-test.odoo.rgbconsulting.com\/es\/producto\/crazy-world-of-music-hall-vol-1\/\" \/>\n<meta property=\"og:locale\" content=\"es_ES\" \/>\n<meta property=\"og:type\" content=\"article\" \/>\n<meta property=\"og:title\" content=\"VARIOUS ARTISTS - Crazy World Of Music Hall Vol. 1 -  (LP) | Guerssen\" \/>\n<meta property=\"og:description\" content=\"Finally, and thanks to the hard work of the fine folks at INAMU (Instituto Nacional de la M\u00fasica de Argentina) and the amazing selection job of Nekro (Fun People &amp; Boom Boom Kid), we&#039;re proud to present &quot;The Crazy World of Music Hall vol 1&quot;, the first of a 3 volume set of mind blowing lp&#039;s compiling the finest of the 60&#039;s and 70&#039;s output from the most legendary Argentinian label of all time: Music Hall. And what a start this is! An amazing selection of soon to be rediscovered hits ranging from pure Garage madness, to Exotica, Soul, Instrumentals, 60&#039;s Beat or Hard Rock. 16 tracks to start discovering a catalog of incredible 60&#039;s and 70&#039;s Argentinian sounds!Limited to 500 copies. Don&#039;t export to Argentina. #nl# SIDE A 1- Billy Bond El Rebelde: No Pibe 2- S\u00e9ptima Brigada: Esta No Es Forma De Vivir 3- Biscuits: Tiki Tiki Macumba 4- Los L\u00f3pez: Teke Teke 5- Los Crazy Boys: El Vago 6- Las Mosquitas: Tembleque 7- Los Pick Ups: El Vuelo Del Moscard\u00f3n 8- The Bat Combo: El Murci\u00e9lagoSIDE B 1- Los Dukes: Carnaval Carnaval 2- Beto Fern\u00e1n Y Los At\u00f3micos: En Vano 3- Kim Caram: Tres Mil Tambores 4- Maria Cristina: El Baile Del Monito 5- The Strongs: Es Duro Ser Estatua 6- Tiro Loco: Me Alegra El Coraz\u00f3n 7- La Barra De Chocolate: Do\u00f1a Luc\u00eda 8- Banana: Club De Los Vampiros.\" \/>\n<meta property=\"og:url\" content=\"https:\/\/wpguerssen-test.odoo.rgbconsulting.com\/es\/producto\/crazy-world-of-music-hall-vol-1\/\" \/>\n<meta property=\"og:site_name\" content=\"Guerssen records\" \/>\n<meta property=\"article:modified_time\" content=\"2025-01-30T15:52:42+00:00\" \/>\n<meta property=\"og:image\" content=\"https:\/\/wpguerssen-test.odoo.rgbconsulting.com\/wp-content\/uploads\/2023\/01\/42681.jpg\" \/>\n\t<meta property=\"og:image:width\" content=\"600\" \/>\n\t<meta property=\"og:image:height\" content=\"600\" \/>\n\t<meta property=\"og:image:type\" content=\"image\/jpeg\" \/>\n<meta name=\"twitter:card\" content=\"summary_large_image\" \/>\n<meta name=\"twitter:title\" content=\"VARIOUS ARTISTS - Crazy World Of Music Hall Vol. 1 -  (LP) | Guerssen\" \/>\n<meta name=\"twitter:label1\" content=\"Tiempo de lectura\" \/>\n\t<meta name=\"twitter:data1\" content=\"1 minuto\" \/>\n<script type=\"application\/ld+json\" class=\"yoast-schema-graph\">{\"@context\":\"https:\/\/schema.org\",\"@graph\":[{\"@type\":\"WebPage\",\"@id\":\"https:\/\/wpguerssen-test.odoo.rgbconsulting.com\/es\/producto\/crazy-world-of-music-hall-vol-1\/\",\"url\":\"https:\/\/wpguerssen-test.odoo.rgbconsulting.com\/es\/producto\/crazy-world-of-music-hall-vol-1\/\",\"name\":\"VARIOUS ARTISTS - Crazy World Of Music Hall Vol. 1 - (LP) | Guerssen\",\"isPartOf\":{\"@id\":\"https:\/\/wpguerssen-test.odoo.rgbconsulting.com\/es\/#website\"},\"primaryImageOfPage\":{\"@id\":\"https:\/\/wpguerssen-test.odoo.rgbconsulting.com\/es\/producto\/crazy-world-of-music-hall-vol-1\/#primaryimage\"},\"image\":{\"@id\":\"https:\/\/wpguerssen-test.odoo.rgbconsulting.com\/es\/producto\/crazy-world-of-music-hall-vol-1\/#primaryimage\"},\"thumbnailUrl\":\"https:\/\/wpguerssen-test.odoo.rgbconsulting.com\/wp-content\/uploads\/2023\/01\/42681.jpg\",\"datePublished\":\"2023-02-01T23:00:00+00:00\",\"dateModified\":\"2025-01-30T15:52:42+00:00\",\"description\":\"Finally, and thanks to the hard work of the fine folks at INAMU (Instituto Nacional de la M\u00fasica de Argentina) and the amazing selection job of Nekro (Fun People & Boom Boom Kid), we're proud to present \\\"The Crazy World of Music Hall vol 1\\\", the first of a 3 volume set of mind blowing lp's compiling the finest of the 60's and 70's output from the most legendary Argentinian label of all time: Music Hall. And what a start this is! An amazing selection of soon to be rediscovered hits ranging from pure Garage madness, to Exotica, Soul, Instrumentals, 60's Beat or Hard Rock. 16 tracks to start discovering a catalog of incredible 60's and 70's Argentinian sounds!Limited to 500 copies. Don't export to Argentina. #nl# SIDE A 1- Billy Bond El Rebelde: No Pibe 2- S\u00e9ptima Brigada: Esta No Es Forma De Vivir 3- Biscuits: Tiki Tiki Macumba 4- Los L\u00f3pez: Teke Teke 5- Los Crazy Boys: El Vago 6- Las Mosquitas: Tembleque 7- Los Pick Ups: El Vuelo Del Moscard\u00f3n 8- The Bat Combo: El Murci\u00e9lagoSIDE B 1- Los Dukes: Carnaval Carnaval 2- Beto Fern\u00e1n Y Los At\u00f3micos: En Vano 3- Kim Caram: Tres Mil Tambores 4- Maria Cristina: El Baile Del Monito 5- The Strongs: Es Duro Ser Estatua 6- Tiro Loco: Me Alegra El Coraz\u00f3n 7- La Barra De Chocolate: Do\u00f1a Luc\u00eda 8- Banana: Club De Los Vampiros.\",\"breadcrumb\":{\"@id\":\"https:\/\/wpguerssen-test.odoo.rgbconsulting.com\/es\/producto\/crazy-world-of-music-hall-vol-1\/#breadcrumb\"},\"inLanguage\":\"es\",\"potentialAction\":[{\"@type\":\"ReadAction\",\"target\":[\"https:\/\/wpguerssen-test.odoo.rgbconsulting.com\/es\/producto\/crazy-world-of-music-hall-vol-1\/\"]}]},{\"@type\":\"ImageObject\",\"inLanguage\":\"es\",\"@id\":\"https:\/\/wpguerssen-test.odoo.rgbconsulting.com\/es\/producto\/crazy-world-of-music-hall-vol-1\/#primaryimage\",\"url\":\"https:\/\/wpguerssen-test.odoo.rgbconsulting.com\/wp-content\/uploads\/2023\/01\/42681.jpg\",\"contentUrl\":\"https:\/\/wpguerssen-test.odoo.rgbconsulting.com\/wp-content\/uploads\/2023\/01\/42681.jpg\",\"width\":600,\"height\":600},{\"@type\":\"BreadcrumbList\",\"@id\":\"https:\/\/wpguerssen-test.odoo.rgbconsulting.com\/es\/producto\/crazy-world-of-music-hall-vol-1\/#breadcrumb\",\"itemListElement\":[{\"@type\":\"ListItem\",\"position\":1,\"name\":\"Inicio\",\"item\":\"https:\/\/wpguerssen-test.odoo.rgbconsulting.com\/es\/\"},{\"@type\":\"ListItem\",\"position\":2,\"name\":\"Shop\",\"item\":\"https:\/\/wpguerssen-test.odoo.rgbconsulting.com\/shop\/\"},{\"@type\":\"ListItem\",\"position\":3,\"name\":\"Crazy World Of Music Hall Vol. 1\"}]},{\"@type\":\"WebSite\",\"@id\":\"https:\/\/wpguerssen-test.odoo.rgbconsulting.com\/es\/#website\",\"url\":\"https:\/\/wpguerssen-test.odoo.rgbconsulting.com\/es\/\",\"name\":\"Guerssen records\",\"description\":\"psychedelia - progressive - folk - garage \",\"publisher\":{\"@id\":\"https:\/\/wpguerssen-test.odoo.rgbconsulting.com\/es\/#organization\"},\"potentialAction\":[{\"@type\":\"SearchAction\",\"target\":{\"@type\":\"EntryPoint\",\"urlTemplate\":\"https:\/\/wpguerssen-test.odoo.rgbconsulting.com\/es\/?s={search_term_string}\"},\"query-input\":{\"@type\":\"PropertyValueSpecification\",\"valueRequired\":true,\"valueName\":\"search_term_string\"}}],\"inLanguage\":\"es\"},{\"@type\":\"Organization\",\"@id\":\"https:\/\/wpguerssen-test.odoo.rgbconsulting.com\/es\/#organization\",\"name\":\"Guerssen records\",\"url\":\"https:\/\/wpguerssen-test.odoo.rgbconsulting.com\/es\/\",\"logo\":{\"@type\":\"ImageObject\",\"inLanguage\":\"es\",\"@id\":\"https:\/\/wpguerssen-test.odoo.rgbconsulting.com\/es\/#\/schema\/logo\/image\/\",\"url\":\"https:\/\/wpguerssen-test.odoo.rgbconsulting.com\/wp-content\/uploads\/2022\/04\/Logo_Guerssen_trans_100.png\",\"contentUrl\":\"https:\/\/wpguerssen-test.odoo.rgbconsulting.com\/wp-content\/uploads\/2022\/04\/Logo_Guerssen_trans_100.png\",\"width\":122,\"height\":100,\"caption\":\"Guerssen records\"},\"image\":{\"@id\":\"https:\/\/wpguerssen-test.odoo.rgbconsulting.com\/es\/#\/schema\/logo\/image\/\"}}]}<\/script>\n<!-- \/ Yoast SEO plugin. -->","yoast_head_json":{"title":"VARIOUS ARTISTS - Crazy World Of Music Hall Vol. 1 -  (LP) | Guerssen","description":"Finally, and thanks to the hard work of the fine folks at INAMU (Instituto Nacional de la M\u00fasica de Argentina) and the amazing selection job of Nekro (Fun People & Boom Boom Kid), we're proud to present \"The Crazy World of Music Hall vol 1\", the first of a 3 volume set of mind blowing lp's compiling the finest of the 60's and 70's output from the most legendary Argentinian label of all time: Music Hall. And what a start this is! An amazing selection of soon to be rediscovered hits ranging from pure Garage madness, to Exotica, Soul, Instrumentals, 60's Beat or Hard Rock. 16 tracks to start discovering a catalog of incredible 60's and 70's Argentinian sounds!Limited to 500 copies. Don't export to Argentina. #nl# SIDE A 1- Billy Bond El Rebelde: No Pibe 2- S\u00e9ptima Brigada: Esta No Es Forma De Vivir 3- Biscuits: Tiki Tiki Macumba 4- Los L\u00f3pez: Teke Teke 5- Los Crazy Boys: El Vago 6- Las Mosquitas: Tembleque 7- Los Pick Ups: El Vuelo Del Moscard\u00f3n 8- The Bat Combo: El Murci\u00e9lagoSIDE B 1- Los Dukes: Carnaval Carnaval 2- Beto Fern\u00e1n Y Los At\u00f3micos: En Vano 3- Kim Caram: Tres Mil Tambores 4- Maria Cristina: El Baile Del Monito 5- The Strongs: Es Duro Ser Estatua 6- Tiro Loco: Me Alegra El Coraz\u00f3n 7- La Barra De Chocolate: Do\u00f1a Luc\u00eda 8- Banana: Club De Los Vampiros.","robots":{"index":"index","follow":"follow","max-snippet":"max-snippet:-1","max-image-preview":"max-image-preview:large","max-video-preview":"max-video-preview:-1"},"canonical":"https:\/\/wpguerssen-test.odoo.rgbconsulting.com\/es\/producto\/crazy-world-of-music-hall-vol-1\/","og_locale":"es_ES","og_type":"article","og_title":"VARIOUS ARTISTS - Crazy World Of Music Hall Vol. 1 -  (LP) | Guerssen","og_description":"Finally, and thanks to the hard work of the fine folks at INAMU (Instituto Nacional de la M\u00fasica de Argentina) and the amazing selection job of Nekro (Fun People & Boom Boom Kid), we're proud to present \"The Crazy World of Music Hall vol 1\", the first of a 3 volume set of mind blowing lp's compiling the finest of the 60's and 70's output from the most legendary Argentinian label of all time: Music Hall. And what a start this is! An amazing selection of soon to be rediscovered hits ranging from pure Garage madness, to Exotica, Soul, Instrumentals, 60's Beat or Hard Rock. 16 tracks to start discovering a catalog of incredible 60's and 70's Argentinian sounds!Limited to 500 copies. Don't export to Argentina. #nl# SIDE A 1- Billy Bond El Rebelde: No Pibe 2- S\u00e9ptima Brigada: Esta No Es Forma De Vivir 3- Biscuits: Tiki Tiki Macumba 4- Los L\u00f3pez: Teke Teke 5- Los Crazy Boys: El Vago 6- Las Mosquitas: Tembleque 7- Los Pick Ups: El Vuelo Del Moscard\u00f3n 8- The Bat Combo: El Murci\u00e9lagoSIDE B 1- Los Dukes: Carnaval Carnaval 2- Beto Fern\u00e1n Y Los At\u00f3micos: En Vano 3- Kim Caram: Tres Mil Tambores 4- Maria Cristina: El Baile Del Monito 5- The Strongs: Es Duro Ser Estatua 6- Tiro Loco: Me Alegra El Coraz\u00f3n 7- La Barra De Chocolate: Do\u00f1a Luc\u00eda 8- Banana: Club De Los Vampiros.","og_url":"https:\/\/wpguerssen-test.odoo.rgbconsulting.com\/es\/producto\/crazy-world-of-music-hall-vol-1\/","og_site_name":"Guerssen records","article_modified_time":"2025-01-30T15:52:42+00:00","og_image":[{"width":600,"height":600,"url":"https:\/\/wpguerssen-test.odoo.rgbconsulting.com\/wp-content\/uploads\/2023\/01\/42681.jpg","type":"image\/jpeg"}],"twitter_card":"summary_large_image","twitter_title":"VARIOUS ARTISTS - Crazy World Of Music Hall Vol. 1 -  (LP) | Guerssen","twitter_misc":{"Tiempo de lectura":"1 minuto"},"schema":{"@context":"https:\/\/schema.org","@graph":[{"@type":"WebPage","@id":"https:\/\/wpguerssen-test.odoo.rgbconsulting.com\/es\/producto\/crazy-world-of-music-hall-vol-1\/","url":"https:\/\/wpguerssen-test.odoo.rgbconsulting.com\/es\/producto\/crazy-world-of-music-hall-vol-1\/","name":"VARIOUS ARTISTS - Crazy World Of Music Hall Vol. 1 - (LP) | Guerssen","isPartOf":{"@id":"https:\/\/wpguerssen-test.odoo.rgbconsulting.com\/es\/#website"},"primaryImageOfPage":{"@id":"https:\/\/wpguerssen-test.odoo.rgbconsulting.com\/es\/producto\/crazy-world-of-music-hall-vol-1\/#primaryimage"},"image":{"@id":"https:\/\/wpguerssen-test.odoo.rgbconsulting.com\/es\/producto\/crazy-world-of-music-hall-vol-1\/#primaryimage"},"thumbnailUrl":"https:\/\/wpguerssen-test.odoo.rgbconsulting.com\/wp-content\/uploads\/2023\/01\/42681.jpg","datePublished":"2023-02-01T23:00:00+00:00","dateModified":"2025-01-30T15:52:42+00:00","description":"Finally, and thanks to the hard work of the fine folks at INAMU (Instituto Nacional de la M\u00fasica de Argentina) and the amazing selection job of Nekro (Fun People & Boom Boom Kid), we're proud to present \"The Crazy World of Music Hall vol 1\", the first of a 3 volume set of mind blowing lp's compiling the finest of the 60's and 70's output from the most legendary Argentinian label of all time: Music Hall. And what a start this is! An amazing selection of soon to be rediscovered hits ranging from pure Garage madness, to Exotica, Soul, Instrumentals, 60's Beat or Hard Rock. 16 tracks to start discovering a catalog of incredible 60's and 70's Argentinian sounds!Limited to 500 copies. Don't export to Argentina. #nl# SIDE A 1- Billy Bond El Rebelde: No Pibe 2- S\u00e9ptima Brigada: Esta No Es Forma De Vivir 3- Biscuits: Tiki Tiki Macumba 4- Los L\u00f3pez: Teke Teke 5- Los Crazy Boys: El Vago 6- Las Mosquitas: Tembleque 7- Los Pick Ups: El Vuelo Del Moscard\u00f3n 8- The Bat Combo: El Murci\u00e9lagoSIDE B 1- Los Dukes: Carnaval Carnaval 2- Beto Fern\u00e1n Y Los At\u00f3micos: En Vano 3- Kim Caram: Tres Mil Tambores 4- Maria Cristina: El Baile Del Monito 5- The Strongs: Es Duro Ser Estatua 6- Tiro Loco: Me Alegra El Coraz\u00f3n 7- La Barra De Chocolate: Do\u00f1a Luc\u00eda 8- Banana: Club De Los Vampiros.","breadcrumb":{"@id":"https:\/\/wpguerssen-test.odoo.rgbconsulting.com\/es\/producto\/crazy-world-of-music-hall-vol-1\/#breadcrumb"},"inLanguage":"es","potentialAction":[{"@type":"ReadAction","target":["https:\/\/wpguerssen-test.odoo.rgbconsulting.com\/es\/producto\/crazy-world-of-music-hall-vol-1\/"]}]},{"@type":"ImageObject","inLanguage":"es","@id":"https:\/\/wpguerssen-test.odoo.rgbconsulting.com\/es\/producto\/crazy-world-of-music-hall-vol-1\/#primaryimage","url":"https:\/\/wpguerssen-test.odoo.rgbconsulting.com\/wp-content\/uploads\/2023\/01\/42681.jpg","contentUrl":"https:\/\/wpguerssen-test.odoo.rgbconsulting.com\/wp-content\/uploads\/2023\/01\/42681.jpg","width":600,"height":600},{"@type":"BreadcrumbList","@id":"https:\/\/wpguerssen-test.odoo.rgbconsulting.com\/es\/producto\/crazy-world-of-music-hall-vol-1\/#breadcrumb","itemListElement":[{"@type":"ListItem","position":1,"name":"Inicio","item":"https:\/\/wpguerssen-test.odoo.rgbconsulting.com\/es\/"},{"@type":"ListItem","position":2,"name":"Shop","item":"https:\/\/wpguerssen-test.odoo.rgbconsulting.com\/shop\/"},{"@type":"ListItem","position":3,"name":"Crazy World Of Music Hall Vol. 1"}]},{"@type":"WebSite","@id":"https:\/\/wpguerssen-test.odoo.rgbconsulting.com\/es\/#website","url":"https:\/\/wpguerssen-test.odoo.rgbconsulting.com\/es\/","name":"Guerssen records","description":"psychedelia - progressive - folk - garage ","publisher":{"@id":"https:\/\/wpguerssen-test.odoo.rgbconsulting.com\/es\/#organization"},"potentialAction":[{"@type":"SearchAction","target":{"@type":"EntryPoint","urlTemplate":"https:\/\/wpguerssen-test.odoo.rgbconsulting.com\/es\/?s={search_term_string}"},"query-input":{"@type":"PropertyValueSpecification","valueRequired":true,"valueName":"search_term_string"}}],"inLanguage":"es"},{"@type":"Organization","@id":"https:\/\/wpguerssen-test.odoo.rgbconsulting.com\/es\/#organization","name":"Guerssen records","url":"https:\/\/wpguerssen-test.odoo.rgbconsulting.com\/es\/","logo":{"@type":"ImageObject","inLanguage":"es","@id":"https:\/\/wpguerssen-test.odoo.rgbconsulting.com\/es\/#\/schema\/logo\/image\/","url":"https:\/\/wpguerssen-test.odoo.rgbconsulting.com\/wp-content\/uploads\/2022\/04\/Logo_Guerssen_trans_100.png","contentUrl":"https:\/\/wpguerssen-test.odoo.rgbconsulting.com\/wp-content\/uploads\/2022\/04\/Logo_Guerssen_trans_100.png","width":122,"height":100,"caption":"Guerssen records"},"image":{"@id":"https:\/\/wpguerssen-test.odoo.rgbconsulting.com\/es\/#\/schema\/logo\/image\/"}}]}},"_links":{"self":[{"href":"https:\/\/wpguerssen-test.odoo.rgbconsulting.com\/es\/wp-json\/wp\/v2\/product\/225099","targetHints":{"allow":["GET"]}}],"collection":[{"href":"https:\/\/wpguerssen-test.odoo.rgbconsulting.com\/es\/wp-json\/wp\/v2\/product"}],"about":[{"href":"https:\/\/wpguerssen-test.odoo.rgbconsulting.com\/es\/wp-json\/wp\/v2\/types\/product"}],"wp:featuredmedia":[{"embeddable":true,"href":"https:\/\/wpguerssen-test.odoo.rgbconsulting.com\/es\/wp-json\/wp\/v2\/media\/225196"}],"wp:attachment":[{"href":"https:\/\/wpguerssen-test.odoo.rgbconsulting.com\/es\/wp-json\/wp\/v2\/media?parent=225099"}],"wp:term":[{"taxonomy":"product_brand","embeddable":true,"href":"https:\/\/wpguerssen-test.odoo.rgbconsulting.com\/es\/wp-json\/wp\/v2\/product_brand?post=225099"},{"taxonomy":"product_cat","embeddable":true,"href":"https:\/\/wpguerssen-test.odoo.rgbconsulting.com\/es\/wp-json\/wp\/v2\/product_cat?post=225099"},{"taxonomy":"product_tag","embeddable":true,"href":"https:\/\/wpguerssen-test.odoo.rgbconsulting.com\/es\/wp-json\/wp\/v2\/product_tag?post=225099"}],"curies":[{"name":"wp","href":"https:\/\/api.w.org\/{rel}","templated":true}]}}