{"id":225100,"date":"2023-02-02T00:00:00","date_gmt":"2023-02-01T23:00:00","guid":{"rendered":"https:\/\/wpguerssen-test.odoo.rgbconsulting.com\/product\/crazy-world-of-music-hall-vol-2\/"},"modified":"2025-01-30T16:52:46","modified_gmt":"2025-01-30T15:52:46","slug":"crazy-world-of-music-hall-vol-2","status":"publish","type":"product","link":"https:\/\/wpguerssen-test.odoo.rgbconsulting.com\/es\/producto\/crazy-world-of-music-hall-vol-2\/","title":{"rendered":"Crazy World Of Music Hall Vol. 2"},"content":{"rendered":"<p>Finalmente, y gracias al arduo trabajo de la excelente gente del INAMU (Instituto Nacional de la M\u00fasica de Argentina) y el incre\u00edble trabajo de selecci\u00f3n de Nekro (Fun People &#038; Boom Boom Kid), estamos orgullosos de presentar \u00abEl loco mundo de Music Hall vol 2\u00bb, el segundo de un conjunto de 3 vol\u00famenes de lp&#8217;s alucinantes que recopilan lo mejor de la producci\u00f3n de los a\u00f1os 60 y 70 del legendario sello argentino Music Hall. Este segundo volumen cambia el enfoque m\u00e1s hacia los a\u00f1os 70 y presenta una incre\u00edble selecci\u00f3n que va desde sonidos psicod\u00e9licos hasta hard rock, instrumentos obscenos, soul, freak beat o moog. 15 joyas de la m\u00fasica argentina de los 70 para derretir tu cerebro. <\/p>\n<p> SIDE A 1-Banana: Tengo Sed 2- Experiencia: Segura Satisfacci\u00f3n 3- La Nueva Generaci\u00f3n: Shock 4- Lord Lemon: Un Mont\u00f3n De Amor 5- Caballo Vapor: Tu Vuelo En Este Rock 6- Sol: Lo Que Llaman Suerte 7- Trocha Angosta: Tema De Un Hombre Triste 8- Silvestre: Me Doy Cuenta<br \/>SIDE B 1- Jumbo: Buenos Aires Soul 2- Bobby Rivera Orchestra: Atascado En El 3- Egle Martin: Dombe Barilo 4- Reginal Palmeri: In Ovni 5- Africa: Solo Penetraci\u00f3n 6- Music Hall Pop Orchestra: Salsa Picante 7- Daphne And Cloe: Lover Cha-Cha.<\/p>\n","protected":false},"excerpt":{"rendered":"<p>Finalmente, y gracias al arduo trabajo de la excelente gente del INAMU (Instituto Nacional de la M\u00fasica de Argentina) y el incre\u00edble trabajo de selecci\u00f3n de Nekro<a class=\"read\" href=\"https:\/\/wpguerssen-test.odoo.rgbconsulting.com\/es\/producto\/crazy-world-of-music-hall-vol-2\/\"> (...)<\/a>","protected":false},"featured_media":225198,"template":"","meta":{"_acf_changed":false},"product_brand":[],"product_cat":[21639,23224],"product_tag":[],"class_list":{"0":"post-225100","1":"product","2":"type-product","3":"status-publish","4":"has-post-thumbnail","6":"product_cat-psychedelic60s-70s-es","7":"product_cat-hard-rock-60s-70s-es","8":"pa_artist-various-artists-es","9":"pa_format-lp-es","10":"pa_gender-psychedelic60s-70s-hard-rock-60s-70s","11":"pa_label-beat-generation-es","12":"pa_location-south-america-caribbean-es","13":"pa_other-filters-vinyl-only-es","15":"first","16":"instock","17":"taxable","18":"shipping-taxable","19":"purchasable","20":"product-type-simple"},"acf":[],"yoast_head":"<!-- This site is optimized with the Yoast SEO plugin v24.9 - https:\/\/yoast.com\/wordpress\/plugins\/seo\/ -->\n<title>VARIOUS ARTISTS - Crazy World Of Music Hall Vol. 2 -  (LP) | Guerssen<\/title>\n<meta name=\"description\" content=\"Finally, and thanks to the hard work of the fine folks at INAMU (Instituto Nacional de la M\u00fasica de Argentina) and the amazing selection job of Nekro (Fun People &amp; Boom Boom Kid), we&#039;re proud to present &quot;The Crazy World of Music Hall vol 2&quot;, the second of a 3 volume set of mind blowing lp&#039;s compiling the finest of the 60&#039;s and 70&#039;s output from the legendary Argentinian label Music Hall. This second volume shifts the focus more into the 70&#039;s and presents an amazing selection ranging from Psychedelic to Hard Rock, raunchy Instrumentals, Soul, Freak Beat or Moog sounds. 15 gems of 70&#039;s Argentinian music to melt your brain to. Limited to 500 copies. Don&#039;t export to Argentina. #nl# SIDE A 1-Banana: Tengo Sed 2- Experiencia: Segura Satisfacci\u00f3n 3- La Nueva Generaci\u00f3n: Shock 4- Lord Lemon: Un Mont\u00f3n De Amor 5- Caballo Vapor: Tu Vuelo En Este Rock 6- Sol: Lo Que Llaman Suerte 7- Trocha Angosta: Tema De Un Hombre Triste 8- Silvestre: Me Doy CuentaSIDE B 1- Jumbo: Buenos Aires Soul 2- Bobby Rivera Orchestra: Atascado En El 3- Egle Martin: Dombe Barilo 4- Reginal Palmeri: In Ovni 5- Africa: Solo Penetraci\u00f3n 6- Music Hall Pop Orchestra: Salsa Picante 7- Daphne And Cloe: Lover Cha-Cha.\" \/>\n<meta name=\"robots\" content=\"index, follow, max-snippet:-1, max-image-preview:large, max-video-preview:-1\" \/>\n<link rel=\"canonical\" href=\"https:\/\/wpguerssen-test.odoo.rgbconsulting.com\/es\/producto\/crazy-world-of-music-hall-vol-2\/\" \/>\n<meta property=\"og:locale\" content=\"es_ES\" \/>\n<meta property=\"og:type\" content=\"article\" \/>\n<meta property=\"og:title\" content=\"VARIOUS ARTISTS - Crazy World Of Music Hall Vol. 2 -  (LP) | Guerssen\" \/>\n<meta property=\"og:description\" content=\"Finally, and thanks to the hard work of the fine folks at INAMU (Instituto Nacional de la M\u00fasica de Argentina) and the amazing selection job of Nekro (Fun People &amp; Boom Boom Kid), we&#039;re proud to present &quot;The Crazy World of Music Hall vol 2&quot;, the second of a 3 volume set of mind blowing lp&#039;s compiling the finest of the 60&#039;s and 70&#039;s output from the legendary Argentinian label Music Hall. This second volume shifts the focus more into the 70&#039;s and presents an amazing selection ranging from Psychedelic to Hard Rock, raunchy Instrumentals, Soul, Freak Beat or Moog sounds. 15 gems of 70&#039;s Argentinian music to melt your brain to. Limited to 500 copies. Don&#039;t export to Argentina. #nl# SIDE A 1-Banana: Tengo Sed 2- Experiencia: Segura Satisfacci\u00f3n 3- La Nueva Generaci\u00f3n: Shock 4- Lord Lemon: Un Mont\u00f3n De Amor 5- Caballo Vapor: Tu Vuelo En Este Rock 6- Sol: Lo Que Llaman Suerte 7- Trocha Angosta: Tema De Un Hombre Triste 8- Silvestre: Me Doy CuentaSIDE B 1- Jumbo: Buenos Aires Soul 2- Bobby Rivera Orchestra: Atascado En El 3- Egle Martin: Dombe Barilo 4- Reginal Palmeri: In Ovni 5- Africa: Solo Penetraci\u00f3n 6- Music Hall Pop Orchestra: Salsa Picante 7- Daphne And Cloe: Lover Cha-Cha.\" \/>\n<meta property=\"og:url\" content=\"https:\/\/wpguerssen-test.odoo.rgbconsulting.com\/es\/producto\/crazy-world-of-music-hall-vol-2\/\" \/>\n<meta property=\"og:site_name\" content=\"Guerssen records\" \/>\n<meta property=\"article:modified_time\" content=\"2025-01-30T15:52:46+00:00\" \/>\n<meta property=\"og:image\" content=\"https:\/\/wpguerssen-test.odoo.rgbconsulting.com\/wp-content\/uploads\/2023\/01\/42682.jpg\" \/>\n\t<meta property=\"og:image:width\" content=\"600\" \/>\n\t<meta property=\"og:image:height\" content=\"600\" \/>\n\t<meta property=\"og:image:type\" content=\"image\/jpeg\" \/>\n<meta name=\"twitter:card\" content=\"summary_large_image\" \/>\n<meta name=\"twitter:title\" content=\"VARIOUS ARTISTS - Crazy World Of Music Hall Vol. 2 -  (LP) | Guerssen\" \/>\n<meta name=\"twitter:label1\" content=\"Tiempo de lectura\" \/>\n\t<meta name=\"twitter:data1\" content=\"1 minuto\" \/>\n<script type=\"application\/ld+json\" class=\"yoast-schema-graph\">{\"@context\":\"https:\/\/schema.org\",\"@graph\":[{\"@type\":\"WebPage\",\"@id\":\"https:\/\/wpguerssen-test.odoo.rgbconsulting.com\/es\/producto\/crazy-world-of-music-hall-vol-2\/\",\"url\":\"https:\/\/wpguerssen-test.odoo.rgbconsulting.com\/es\/producto\/crazy-world-of-music-hall-vol-2\/\",\"name\":\"VARIOUS ARTISTS - Crazy World Of Music Hall Vol. 2 - (LP) | Guerssen\",\"isPartOf\":{\"@id\":\"https:\/\/wpguerssen-test.odoo.rgbconsulting.com\/es\/#website\"},\"primaryImageOfPage\":{\"@id\":\"https:\/\/wpguerssen-test.odoo.rgbconsulting.com\/es\/producto\/crazy-world-of-music-hall-vol-2\/#primaryimage\"},\"image\":{\"@id\":\"https:\/\/wpguerssen-test.odoo.rgbconsulting.com\/es\/producto\/crazy-world-of-music-hall-vol-2\/#primaryimage\"},\"thumbnailUrl\":\"https:\/\/wpguerssen-test.odoo.rgbconsulting.com\/wp-content\/uploads\/2023\/01\/42682.jpg\",\"datePublished\":\"2023-02-01T23:00:00+00:00\",\"dateModified\":\"2025-01-30T15:52:46+00:00\",\"description\":\"Finally, and thanks to the hard work of the fine folks at INAMU (Instituto Nacional de la M\u00fasica de Argentina) and the amazing selection job of Nekro (Fun People & Boom Boom Kid), we're proud to present \\\"The Crazy World of Music Hall vol 2\\\", the second of a 3 volume set of mind blowing lp's compiling the finest of the 60's and 70's output from the legendary Argentinian label Music Hall. This second volume shifts the focus more into the 70's and presents an amazing selection ranging from Psychedelic to Hard Rock, raunchy Instrumentals, Soul, Freak Beat or Moog sounds. 15 gems of 70's Argentinian music to melt your brain to. Limited to 500 copies. Don't export to Argentina. #nl# SIDE A 1-Banana: Tengo Sed 2- Experiencia: Segura Satisfacci\u00f3n 3- La Nueva Generaci\u00f3n: Shock 4- Lord Lemon: Un Mont\u00f3n De Amor 5- Caballo Vapor: Tu Vuelo En Este Rock 6- Sol: Lo Que Llaman Suerte 7- Trocha Angosta: Tema De Un Hombre Triste 8- Silvestre: Me Doy CuentaSIDE B 1- Jumbo: Buenos Aires Soul 2- Bobby Rivera Orchestra: Atascado En El 3- Egle Martin: Dombe Barilo 4- Reginal Palmeri: In Ovni 5- Africa: Solo Penetraci\u00f3n 6- Music Hall Pop Orchestra: Salsa Picante 7- Daphne And Cloe: Lover Cha-Cha.\",\"breadcrumb\":{\"@id\":\"https:\/\/wpguerssen-test.odoo.rgbconsulting.com\/es\/producto\/crazy-world-of-music-hall-vol-2\/#breadcrumb\"},\"inLanguage\":\"es\",\"potentialAction\":[{\"@type\":\"ReadAction\",\"target\":[\"https:\/\/wpguerssen-test.odoo.rgbconsulting.com\/es\/producto\/crazy-world-of-music-hall-vol-2\/\"]}]},{\"@type\":\"ImageObject\",\"inLanguage\":\"es\",\"@id\":\"https:\/\/wpguerssen-test.odoo.rgbconsulting.com\/es\/producto\/crazy-world-of-music-hall-vol-2\/#primaryimage\",\"url\":\"https:\/\/wpguerssen-test.odoo.rgbconsulting.com\/wp-content\/uploads\/2023\/01\/42682.jpg\",\"contentUrl\":\"https:\/\/wpguerssen-test.odoo.rgbconsulting.com\/wp-content\/uploads\/2023\/01\/42682.jpg\",\"width\":600,\"height\":600},{\"@type\":\"BreadcrumbList\",\"@id\":\"https:\/\/wpguerssen-test.odoo.rgbconsulting.com\/es\/producto\/crazy-world-of-music-hall-vol-2\/#breadcrumb\",\"itemListElement\":[{\"@type\":\"ListItem\",\"position\":1,\"name\":\"Inicio\",\"item\":\"https:\/\/wpguerssen-test.odoo.rgbconsulting.com\/es\/\"},{\"@type\":\"ListItem\",\"position\":2,\"name\":\"Shop\",\"item\":\"https:\/\/wpguerssen-test.odoo.rgbconsulting.com\/shop\/\"},{\"@type\":\"ListItem\",\"position\":3,\"name\":\"Crazy World Of Music Hall Vol. 2\"}]},{\"@type\":\"WebSite\",\"@id\":\"https:\/\/wpguerssen-test.odoo.rgbconsulting.com\/es\/#website\",\"url\":\"https:\/\/wpguerssen-test.odoo.rgbconsulting.com\/es\/\",\"name\":\"Guerssen records\",\"description\":\"psychedelia - progressive - folk - garage \",\"publisher\":{\"@id\":\"https:\/\/wpguerssen-test.odoo.rgbconsulting.com\/es\/#organization\"},\"potentialAction\":[{\"@type\":\"SearchAction\",\"target\":{\"@type\":\"EntryPoint\",\"urlTemplate\":\"https:\/\/wpguerssen-test.odoo.rgbconsulting.com\/es\/?s={search_term_string}\"},\"query-input\":{\"@type\":\"PropertyValueSpecification\",\"valueRequired\":true,\"valueName\":\"search_term_string\"}}],\"inLanguage\":\"es\"},{\"@type\":\"Organization\",\"@id\":\"https:\/\/wpguerssen-test.odoo.rgbconsulting.com\/es\/#organization\",\"name\":\"Guerssen records\",\"url\":\"https:\/\/wpguerssen-test.odoo.rgbconsulting.com\/es\/\",\"logo\":{\"@type\":\"ImageObject\",\"inLanguage\":\"es\",\"@id\":\"https:\/\/wpguerssen-test.odoo.rgbconsulting.com\/es\/#\/schema\/logo\/image\/\",\"url\":\"https:\/\/wpguerssen-test.odoo.rgbconsulting.com\/wp-content\/uploads\/2022\/04\/Logo_Guerssen_trans_100.png\",\"contentUrl\":\"https:\/\/wpguerssen-test.odoo.rgbconsulting.com\/wp-content\/uploads\/2022\/04\/Logo_Guerssen_trans_100.png\",\"width\":122,\"height\":100,\"caption\":\"Guerssen records\"},\"image\":{\"@id\":\"https:\/\/wpguerssen-test.odoo.rgbconsulting.com\/es\/#\/schema\/logo\/image\/\"}}]}<\/script>\n<!-- \/ Yoast SEO plugin. -->","yoast_head_json":{"title":"VARIOUS ARTISTS - Crazy World Of Music Hall Vol. 2 -  (LP) | Guerssen","description":"Finally, and thanks to the hard work of the fine folks at INAMU (Instituto Nacional de la M\u00fasica de Argentina) and the amazing selection job of Nekro (Fun People & Boom Boom Kid), we're proud to present \"The Crazy World of Music Hall vol 2\", the second of a 3 volume set of mind blowing lp's compiling the finest of the 60's and 70's output from the legendary Argentinian label Music Hall. This second volume shifts the focus more into the 70's and presents an amazing selection ranging from Psychedelic to Hard Rock, raunchy Instrumentals, Soul, Freak Beat or Moog sounds. 15 gems of 70's Argentinian music to melt your brain to. Limited to 500 copies. Don't export to Argentina. #nl# SIDE A 1-Banana: Tengo Sed 2- Experiencia: Segura Satisfacci\u00f3n 3- La Nueva Generaci\u00f3n: Shock 4- Lord Lemon: Un Mont\u00f3n De Amor 5- Caballo Vapor: Tu Vuelo En Este Rock 6- Sol: Lo Que Llaman Suerte 7- Trocha Angosta: Tema De Un Hombre Triste 8- Silvestre: Me Doy CuentaSIDE B 1- Jumbo: Buenos Aires Soul 2- Bobby Rivera Orchestra: Atascado En El 3- Egle Martin: Dombe Barilo 4- Reginal Palmeri: In Ovni 5- Africa: Solo Penetraci\u00f3n 6- Music Hall Pop Orchestra: Salsa Picante 7- Daphne And Cloe: Lover Cha-Cha.","robots":{"index":"index","follow":"follow","max-snippet":"max-snippet:-1","max-image-preview":"max-image-preview:large","max-video-preview":"max-video-preview:-1"},"canonical":"https:\/\/wpguerssen-test.odoo.rgbconsulting.com\/es\/producto\/crazy-world-of-music-hall-vol-2\/","og_locale":"es_ES","og_type":"article","og_title":"VARIOUS ARTISTS - Crazy World Of Music Hall Vol. 2 -  (LP) | Guerssen","og_description":"Finally, and thanks to the hard work of the fine folks at INAMU (Instituto Nacional de la M\u00fasica de Argentina) and the amazing selection job of Nekro (Fun People & Boom Boom Kid), we're proud to present \"The Crazy World of Music Hall vol 2\", the second of a 3 volume set of mind blowing lp's compiling the finest of the 60's and 70's output from the legendary Argentinian label Music Hall. This second volume shifts the focus more into the 70's and presents an amazing selection ranging from Psychedelic to Hard Rock, raunchy Instrumentals, Soul, Freak Beat or Moog sounds. 15 gems of 70's Argentinian music to melt your brain to. Limited to 500 copies. Don't export to Argentina. #nl# SIDE A 1-Banana: Tengo Sed 2- Experiencia: Segura Satisfacci\u00f3n 3- La Nueva Generaci\u00f3n: Shock 4- Lord Lemon: Un Mont\u00f3n De Amor 5- Caballo Vapor: Tu Vuelo En Este Rock 6- Sol: Lo Que Llaman Suerte 7- Trocha Angosta: Tema De Un Hombre Triste 8- Silvestre: Me Doy CuentaSIDE B 1- Jumbo: Buenos Aires Soul 2- Bobby Rivera Orchestra: Atascado En El 3- Egle Martin: Dombe Barilo 4- Reginal Palmeri: In Ovni 5- Africa: Solo Penetraci\u00f3n 6- Music Hall Pop Orchestra: Salsa Picante 7- Daphne And Cloe: Lover Cha-Cha.","og_url":"https:\/\/wpguerssen-test.odoo.rgbconsulting.com\/es\/producto\/crazy-world-of-music-hall-vol-2\/","og_site_name":"Guerssen records","article_modified_time":"2025-01-30T15:52:46+00:00","og_image":[{"width":600,"height":600,"url":"https:\/\/wpguerssen-test.odoo.rgbconsulting.com\/wp-content\/uploads\/2023\/01\/42682.jpg","type":"image\/jpeg"}],"twitter_card":"summary_large_image","twitter_title":"VARIOUS ARTISTS - Crazy World Of Music Hall Vol. 2 -  (LP) | Guerssen","twitter_misc":{"Tiempo de lectura":"1 minuto"},"schema":{"@context":"https:\/\/schema.org","@graph":[{"@type":"WebPage","@id":"https:\/\/wpguerssen-test.odoo.rgbconsulting.com\/es\/producto\/crazy-world-of-music-hall-vol-2\/","url":"https:\/\/wpguerssen-test.odoo.rgbconsulting.com\/es\/producto\/crazy-world-of-music-hall-vol-2\/","name":"VARIOUS ARTISTS - Crazy World Of Music Hall Vol. 2 - (LP) | Guerssen","isPartOf":{"@id":"https:\/\/wpguerssen-test.odoo.rgbconsulting.com\/es\/#website"},"primaryImageOfPage":{"@id":"https:\/\/wpguerssen-test.odoo.rgbconsulting.com\/es\/producto\/crazy-world-of-music-hall-vol-2\/#primaryimage"},"image":{"@id":"https:\/\/wpguerssen-test.odoo.rgbconsulting.com\/es\/producto\/crazy-world-of-music-hall-vol-2\/#primaryimage"},"thumbnailUrl":"https:\/\/wpguerssen-test.odoo.rgbconsulting.com\/wp-content\/uploads\/2023\/01\/42682.jpg","datePublished":"2023-02-01T23:00:00+00:00","dateModified":"2025-01-30T15:52:46+00:00","description":"Finally, and thanks to the hard work of the fine folks at INAMU (Instituto Nacional de la M\u00fasica de Argentina) and the amazing selection job of Nekro (Fun People & Boom Boom Kid), we're proud to present \"The Crazy World of Music Hall vol 2\", the second of a 3 volume set of mind blowing lp's compiling the finest of the 60's and 70's output from the legendary Argentinian label Music Hall. This second volume shifts the focus more into the 70's and presents an amazing selection ranging from Psychedelic to Hard Rock, raunchy Instrumentals, Soul, Freak Beat or Moog sounds. 15 gems of 70's Argentinian music to melt your brain to. Limited to 500 copies. Don't export to Argentina. #nl# SIDE A 1-Banana: Tengo Sed 2- Experiencia: Segura Satisfacci\u00f3n 3- La Nueva Generaci\u00f3n: Shock 4- Lord Lemon: Un Mont\u00f3n De Amor 5- Caballo Vapor: Tu Vuelo En Este Rock 6- Sol: Lo Que Llaman Suerte 7- Trocha Angosta: Tema De Un Hombre Triste 8- Silvestre: Me Doy CuentaSIDE B 1- Jumbo: Buenos Aires Soul 2- Bobby Rivera Orchestra: Atascado En El 3- Egle Martin: Dombe Barilo 4- Reginal Palmeri: In Ovni 5- Africa: Solo Penetraci\u00f3n 6- Music Hall Pop Orchestra: Salsa Picante 7- Daphne And Cloe: Lover Cha-Cha.","breadcrumb":{"@id":"https:\/\/wpguerssen-test.odoo.rgbconsulting.com\/es\/producto\/crazy-world-of-music-hall-vol-2\/#breadcrumb"},"inLanguage":"es","potentialAction":[{"@type":"ReadAction","target":["https:\/\/wpguerssen-test.odoo.rgbconsulting.com\/es\/producto\/crazy-world-of-music-hall-vol-2\/"]}]},{"@type":"ImageObject","inLanguage":"es","@id":"https:\/\/wpguerssen-test.odoo.rgbconsulting.com\/es\/producto\/crazy-world-of-music-hall-vol-2\/#primaryimage","url":"https:\/\/wpguerssen-test.odoo.rgbconsulting.com\/wp-content\/uploads\/2023\/01\/42682.jpg","contentUrl":"https:\/\/wpguerssen-test.odoo.rgbconsulting.com\/wp-content\/uploads\/2023\/01\/42682.jpg","width":600,"height":600},{"@type":"BreadcrumbList","@id":"https:\/\/wpguerssen-test.odoo.rgbconsulting.com\/es\/producto\/crazy-world-of-music-hall-vol-2\/#breadcrumb","itemListElement":[{"@type":"ListItem","position":1,"name":"Inicio","item":"https:\/\/wpguerssen-test.odoo.rgbconsulting.com\/es\/"},{"@type":"ListItem","position":2,"name":"Shop","item":"https:\/\/wpguerssen-test.odoo.rgbconsulting.com\/shop\/"},{"@type":"ListItem","position":3,"name":"Crazy World Of Music Hall Vol. 2"}]},{"@type":"WebSite","@id":"https:\/\/wpguerssen-test.odoo.rgbconsulting.com\/es\/#website","url":"https:\/\/wpguerssen-test.odoo.rgbconsulting.com\/es\/","name":"Guerssen records","description":"psychedelia - progressive - folk - garage ","publisher":{"@id":"https:\/\/wpguerssen-test.odoo.rgbconsulting.com\/es\/#organization"},"potentialAction":[{"@type":"SearchAction","target":{"@type":"EntryPoint","urlTemplate":"https:\/\/wpguerssen-test.odoo.rgbconsulting.com\/es\/?s={search_term_string}"},"query-input":{"@type":"PropertyValueSpecification","valueRequired":true,"valueName":"search_term_string"}}],"inLanguage":"es"},{"@type":"Organization","@id":"https:\/\/wpguerssen-test.odoo.rgbconsulting.com\/es\/#organization","name":"Guerssen records","url":"https:\/\/wpguerssen-test.odoo.rgbconsulting.com\/es\/","logo":{"@type":"ImageObject","inLanguage":"es","@id":"https:\/\/wpguerssen-test.odoo.rgbconsulting.com\/es\/#\/schema\/logo\/image\/","url":"https:\/\/wpguerssen-test.odoo.rgbconsulting.com\/wp-content\/uploads\/2022\/04\/Logo_Guerssen_trans_100.png","contentUrl":"https:\/\/wpguerssen-test.odoo.rgbconsulting.com\/wp-content\/uploads\/2022\/04\/Logo_Guerssen_trans_100.png","width":122,"height":100,"caption":"Guerssen records"},"image":{"@id":"https:\/\/wpguerssen-test.odoo.rgbconsulting.com\/es\/#\/schema\/logo\/image\/"}}]}},"_links":{"self":[{"href":"https:\/\/wpguerssen-test.odoo.rgbconsulting.com\/es\/wp-json\/wp\/v2\/product\/225100","targetHints":{"allow":["GET"]}}],"collection":[{"href":"https:\/\/wpguerssen-test.odoo.rgbconsulting.com\/es\/wp-json\/wp\/v2\/product"}],"about":[{"href":"https:\/\/wpguerssen-test.odoo.rgbconsulting.com\/es\/wp-json\/wp\/v2\/types\/product"}],"wp:featuredmedia":[{"embeddable":true,"href":"https:\/\/wpguerssen-test.odoo.rgbconsulting.com\/es\/wp-json\/wp\/v2\/media\/225198"}],"wp:attachment":[{"href":"https:\/\/wpguerssen-test.odoo.rgbconsulting.com\/es\/wp-json\/wp\/v2\/media?parent=225100"}],"wp:term":[{"taxonomy":"product_brand","embeddable":true,"href":"https:\/\/wpguerssen-test.odoo.rgbconsulting.com\/es\/wp-json\/wp\/v2\/product_brand?post=225100"},{"taxonomy":"product_cat","embeddable":true,"href":"https:\/\/wpguerssen-test.odoo.rgbconsulting.com\/es\/wp-json\/wp\/v2\/product_cat?post=225100"},{"taxonomy":"product_tag","embeddable":true,"href":"https:\/\/wpguerssen-test.odoo.rgbconsulting.com\/es\/wp-json\/wp\/v2\/product_tag?post=225100"}],"curies":[{"name":"wp","href":"https:\/\/api.w.org\/{rel}","templated":true}]}}